{"id":4867,"date":"2024-07-01T12:12:14","date_gmt":"2024-07-01T12:12:14","guid":{"rendered":"https:\/\/dualgree.com.br\/loja\/produto\/protecao-dos-botoes-ar-condicionado-portatil-delonghi-an120\/"},"modified":"2025-02-11T16:26:29","modified_gmt":"2025-02-11T16:26:29","slug":"protecao-dos-botoes-ar-condicionado-portatil-delonghi-an120","status":"publish","type":"product","link":"https:\/\/dualgree.com.br\/loja\/produto\/protecao-dos-botoes-ar-condicionado-portatil-delonghi-an120\/","title":{"rendered":"Prote\u00e7\u00e3o Dos Bot\u00f5es Ar Condicionado Port\u00e1til Delonghi An..."},"content":{"rendered":"","protected":false},"excerpt":{"rendered":"<p><span style=\"font-family: arial, tahoma, verdana, helvetica;font-size: 14.72px\">IC2316 &#8211; Prote\u00e7\u00e3o Dos Bot\u00f5es Ar Condicionado Port\u00e1til Delonghi An120<\/span><br style=\"font-family: arial, tahoma, verdana, helvetica;font-size: 14.72px\" \/><span style=\"font-family: arial, tahoma, verdana, helvetica;font-size: 14.72px\"><\/span><\/p>\n<p>\u00a0<\/p>\n<p><span style=\"font-family: arial, tahoma, verdana, helvetica;font-size: 14.72px\">Usado<\/span><br style=\"font-family: arial, tahoma, verdana, helvetica;font-size: 14.72px\" \/><br style=\"font-family: arial, tahoma, verdana, helvetica;font-size: 14.72px\" \/><span style=\"font-family: arial, tahoma, verdana, helvetica;font-size: 14.72px\">Prote\u00e7\u00e3o plastica dos bot\u00f5es painel visor do ar condicionado port\u00e1til Delonghi Pinguino An120<\/span><br style=\"font-family: arial, tahoma, verdana, helvetica;font-size: 14.72px\" \/><br style=\"font-family: arial, tahoma, verdana, helvetica;font-size: 14.72px\" \/><span style=\"font-family: arial, tahoma, verdana, helvetica;font-size: 14.72px\">Aten\u00e7\u00e3o n\u00e3o vai a placa com botoes e visor, somente parte plastica.<\/span><\/p>\n","protected":false},"featured_media":4866,"comment_status":"open","ping_status":"closed","template":"","meta":{"_kadence_starter_templates_imported_post":false,"_kad_post_transparent":"","_kad_post_title":"","_kad_post_layout":"","_kad_post_sidebar_id":"","_kad_post_content_style":"","_kad_post_vertical_padding":"","_kad_post_feature":"","_kad_post_feature_position":"","_kad_post_header":false,"_kad_post_footer":false,"jetpack_publicize_message":"","jetpack_publicize_feature_enabled":true,"jetpack_social_post_already_shared":false,"jetpack_social_options":{"image_generator_settings":{"template":"highway","default_image_id":0,"font":"","enabled":false},"version":2}},"product_brand":[],"product_cat":[225,273],"product_tag":[],"class_list":{"0":"post-4867","1":"product","2":"type-product","3":"status-publish","4":"has-post-thumbnail","6":"product_cat-delonghi","7":"product_cat-placa-display-ar-portatil","9":"first","10":"outofstock","11":"shipping-taxable","12":"purchasable","13":"product-type-simple","14":"entry","15":"content-bg","16":"loop-entry"},"yoast_head":"<!-- This site is optimized with the Yoast SEO plugin v27.5 - https:\/\/yoast.com\/product\/yoast-seo-wordpress\/ -->\n<title>Prote\u00e7\u00e3o Dos Bot\u00f5es Ar Condicionado Port\u00e1til Delonghi An120 - Loja - Dual Gree Servi\u00e7os | Pe\u00e7as<\/title>\n<meta name=\"robots\" content=\"index, follow, max-snippet:-1, max-image-preview:large, max-video-preview:-1\" \/>\n<link rel=\"canonical\" href=\"https:\/\/dualgree.com.br\/loja\/produto\/protecao-dos-botoes-ar-condicionado-portatil-delonghi-an120\/\" \/>\n<meta property=\"og:locale\" content=\"pt_BR\" \/>\n<meta property=\"og:type\" content=\"article\" \/>\n<meta property=\"og:title\" content=\"Prote\u00e7\u00e3o Dos Bot\u00f5es Ar Condicionado Port\u00e1til Delonghi An120 - Loja - Dual Gree Servi\u00e7os | Pe\u00e7as\" \/>\n<meta property=\"og:description\" content=\"IC2316 - Prote\u00e7\u00e3o Dos Bot\u00f5es Ar Condicionado Port\u00e1til Delonghi An120 \u00a0 UsadoProte\u00e7\u00e3o plastica dos bot\u00f5es painel visor do ar condicionado port\u00e1til Delonghi Pinguino An120Aten\u00e7\u00e3o n\u00e3o vai a placa com botoes e visor, somente parte plastica.\" \/>\n<meta property=\"og:url\" content=\"https:\/\/dualgree.com.br\/loja\/produto\/protecao-dos-botoes-ar-condicionado-portatil-delonghi-an120\/\" \/>\n<meta property=\"og:site_name\" content=\"Loja - Dual Gree Servi\u00e7os | Pe\u00e7as\" \/>\n<meta property=\"article:modified_time\" content=\"2025-02-11T16:26:29+00:00\" \/>\n<meta name=\"twitter:card\" content=\"summary_large_image\" \/>\n<script type=\"application\/ld+json\" class=\"yoast-schema-graph\">{\"@context\":\"https:\\\/\\\/schema.org\",\"@graph\":[{\"@type\":\"WebPage\",\"@id\":\"https:\\\/\\\/dualgree.com.br\\\/loja\\\/produto\\\/protecao-dos-botoes-ar-condicionado-portatil-delonghi-an120\\\/\",\"url\":\"https:\\\/\\\/dualgree.com.br\\\/loja\\\/produto\\\/protecao-dos-botoes-ar-condicionado-portatil-delonghi-an120\\\/\",\"name\":\"Prote\u00e7\u00e3o Dos Bot\u00f5es Ar Condicionado Port\u00e1til Delonghi An120 - Loja - Dual Gree Servi\u00e7os | Pe\u00e7as\",\"isPartOf\":{\"@id\":\"https:\\\/\\\/dualgree.com.br\\\/loja\\\/#website\"},\"primaryImageOfPage\":{\"@id\":\"https:\\\/\\\/dualgree.com.br\\\/loja\\\/produto\\\/protecao-dos-botoes-ar-condicionado-portatil-delonghi-an120\\\/#primaryimage\"},\"image\":{\"@id\":\"https:\\\/\\\/dualgree.com.br\\\/loja\\\/produto\\\/protecao-dos-botoes-ar-condicionado-portatil-delonghi-an120\\\/#primaryimage\"},\"thumbnailUrl\":\"https:\\\/\\\/dualgree.com.br\\\/loja\\\/wp-content\\\/uploads\\\/2024\\\/07\\\/15281416408_2316-2316-Protecao20Dos20Botoes20Ar20Condicionado20Portatil20Delonghi20An120.png\",\"datePublished\":\"2024-07-01T12:12:14+00:00\",\"dateModified\":\"2025-02-11T16:26:29+00:00\",\"breadcrumb\":{\"@id\":\"https:\\\/\\\/dualgree.com.br\\\/loja\\\/produto\\\/protecao-dos-botoes-ar-condicionado-portatil-delonghi-an120\\\/#breadcrumb\"},\"inLanguage\":\"pt-BR\",\"potentialAction\":[{\"@type\":\"ReadAction\",\"target\":[\"https:\\\/\\\/dualgree.com.br\\\/loja\\\/produto\\\/protecao-dos-botoes-ar-condicionado-portatil-delonghi-an120\\\/\"]}]},{\"@type\":\"ImageObject\",\"inLanguage\":\"pt-BR\",\"@id\":\"https:\\\/\\\/dualgree.com.br\\\/loja\\\/produto\\\/protecao-dos-botoes-ar-condicionado-portatil-delonghi-an120\\\/#primaryimage\",\"url\":\"https:\\\/\\\/dualgree.com.br\\\/loja\\\/wp-content\\\/uploads\\\/2024\\\/07\\\/15281416408_2316-2316-Protecao20Dos20Botoes20Ar20Condicionado20Portatil20Delonghi20An120.png\",\"contentUrl\":\"https:\\\/\\\/dualgree.com.br\\\/loja\\\/wp-content\\\/uploads\\\/2024\\\/07\\\/15281416408_2316-2316-Protecao20Dos20Botoes20Ar20Condicionado20Portatil20Delonghi20An120.png\",\"width\":960,\"height\":1200},{\"@type\":\"BreadcrumbList\",\"@id\":\"https:\\\/\\\/dualgree.com.br\\\/loja\\\/produto\\\/protecao-dos-botoes-ar-condicionado-portatil-delonghi-an120\\\/#breadcrumb\",\"itemListElement\":[{\"@type\":\"ListItem\",\"position\":1,\"name\":\"In\u00edcio\",\"item\":\"https:\\\/\\\/dualgree.com.br\\\/loja\\\/\"},{\"@type\":\"ListItem\",\"position\":2,\"name\":\"Loja &#8211; Cat\u00e1logo de Pe\u00e7as\",\"item\":\"https:\\\/\\\/dualgree.com.br\\\/loja\\\/\"},{\"@type\":\"ListItem\",\"position\":3,\"name\":\"Prote\u00e7\u00e3o Dos Bot\u00f5es Ar Condicionado Port\u00e1til Delonghi An120\"}]},{\"@type\":\"WebSite\",\"@id\":\"https:\\\/\\\/dualgree.com.br\\\/loja\\\/#website\",\"url\":\"https:\\\/\\\/dualgree.com.br\\\/loja\\\/\",\"name\":\"Loja - Dual Gree Servi\u00e7os | Partes e Pe\u00e7as\",\"description\":\"Catalogo de Pe\u00e7as para ar condicionado\",\"publisher\":{\"@id\":\"https:\\\/\\\/dualgree.com.br\\\/loja\\\/#organization\"},\"potentialAction\":[{\"@type\":\"SearchAction\",\"target\":{\"@type\":\"EntryPoint\",\"urlTemplate\":\"https:\\\/\\\/dualgree.com.br\\\/loja\\\/?s={search_term_string}\"},\"query-input\":{\"@type\":\"PropertyValueSpecification\",\"valueRequired\":true,\"valueName\":\"search_term_string\"}}],\"inLanguage\":\"pt-BR\"},{\"@type\":\"Organization\",\"@id\":\"https:\\\/\\\/dualgree.com.br\\\/loja\\\/#organization\",\"name\":\"Loja Dual Gree Servi\u00e7o\",\"url\":\"https:\\\/\\\/dualgree.com.br\\\/loja\\\/\",\"logo\":{\"@type\":\"ImageObject\",\"inLanguage\":\"pt-BR\",\"@id\":\"https:\\\/\\\/dualgree.com.br\\\/loja\\\/#\\\/schema\\\/logo\\\/image\\\/\",\"url\":\"https:\\\/\\\/dualgree.com.br\\\/loja\\\/wp-content\\\/uploads\\\/2024\\\/09\\\/teste-logo-ecommerce-dual-1-e1725909304971.png\",\"contentUrl\":\"https:\\\/\\\/dualgree.com.br\\\/loja\\\/wp-content\\\/uploads\\\/2024\\\/09\\\/teste-logo-ecommerce-dual-1-e1725909304971.png\",\"width\":470,\"height\":157,\"caption\":\"Loja Dual Gree Servi\u00e7o\"},\"image\":{\"@id\":\"https:\\\/\\\/dualgree.com.br\\\/loja\\\/#\\\/schema\\\/logo\\\/image\\\/\"}}]}<\/script>\n<!-- \/ Yoast SEO plugin. -->","yoast_head_json":{"title":"Prote\u00e7\u00e3o Dos Bot\u00f5es Ar Condicionado Port\u00e1til Delonghi An120 - Loja - Dual Gree Servi\u00e7os | Pe\u00e7as","robots":{"index":"index","follow":"follow","max-snippet":"max-snippet:-1","max-image-preview":"max-image-preview:large","max-video-preview":"max-video-preview:-1"},"canonical":"https:\/\/dualgree.com.br\/loja\/produto\/protecao-dos-botoes-ar-condicionado-portatil-delonghi-an120\/","og_locale":"pt_BR","og_type":"article","og_title":"Prote\u00e7\u00e3o Dos Bot\u00f5es Ar Condicionado Port\u00e1til Delonghi An120 - Loja - Dual Gree Servi\u00e7os | Pe\u00e7as","og_description":"IC2316 - Prote\u00e7\u00e3o Dos Bot\u00f5es Ar Condicionado Port\u00e1til Delonghi An120 \u00a0 UsadoProte\u00e7\u00e3o plastica dos bot\u00f5es painel visor do ar condicionado port\u00e1til Delonghi Pinguino An120Aten\u00e7\u00e3o n\u00e3o vai a placa com botoes e visor, somente parte plastica.","og_url":"https:\/\/dualgree.com.br\/loja\/produto\/protecao-dos-botoes-ar-condicionado-portatil-delonghi-an120\/","og_site_name":"Loja - Dual Gree Servi\u00e7os | Pe\u00e7as","article_modified_time":"2025-02-11T16:26:29+00:00","twitter_card":"summary_large_image","schema":{"@context":"https:\/\/schema.org","@graph":[{"@type":"WebPage","@id":"https:\/\/dualgree.com.br\/loja\/produto\/protecao-dos-botoes-ar-condicionado-portatil-delonghi-an120\/","url":"https:\/\/dualgree.com.br\/loja\/produto\/protecao-dos-botoes-ar-condicionado-portatil-delonghi-an120\/","name":"Prote\u00e7\u00e3o Dos Bot\u00f5es Ar Condicionado Port\u00e1til Delonghi An120 - Loja - Dual Gree Servi\u00e7os | Pe\u00e7as","isPartOf":{"@id":"https:\/\/dualgree.com.br\/loja\/#website"},"primaryImageOfPage":{"@id":"https:\/\/dualgree.com.br\/loja\/produto\/protecao-dos-botoes-ar-condicionado-portatil-delonghi-an120\/#primaryimage"},"image":{"@id":"https:\/\/dualgree.com.br\/loja\/produto\/protecao-dos-botoes-ar-condicionado-portatil-delonghi-an120\/#primaryimage"},"thumbnailUrl":"https:\/\/dualgree.com.br\/loja\/wp-content\/uploads\/2024\/07\/15281416408_2316-2316-Protecao20Dos20Botoes20Ar20Condicionado20Portatil20Delonghi20An120.png","datePublished":"2024-07-01T12:12:14+00:00","dateModified":"2025-02-11T16:26:29+00:00","breadcrumb":{"@id":"https:\/\/dualgree.com.br\/loja\/produto\/protecao-dos-botoes-ar-condicionado-portatil-delonghi-an120\/#breadcrumb"},"inLanguage":"pt-BR","potentialAction":[{"@type":"ReadAction","target":["https:\/\/dualgree.com.br\/loja\/produto\/protecao-dos-botoes-ar-condicionado-portatil-delonghi-an120\/"]}]},{"@type":"ImageObject","inLanguage":"pt-BR","@id":"https:\/\/dualgree.com.br\/loja\/produto\/protecao-dos-botoes-ar-condicionado-portatil-delonghi-an120\/#primaryimage","url":"https:\/\/dualgree.com.br\/loja\/wp-content\/uploads\/2024\/07\/15281416408_2316-2316-Protecao20Dos20Botoes20Ar20Condicionado20Portatil20Delonghi20An120.png","contentUrl":"https:\/\/dualgree.com.br\/loja\/wp-content\/uploads\/2024\/07\/15281416408_2316-2316-Protecao20Dos20Botoes20Ar20Condicionado20Portatil20Delonghi20An120.png","width":960,"height":1200},{"@type":"BreadcrumbList","@id":"https:\/\/dualgree.com.br\/loja\/produto\/protecao-dos-botoes-ar-condicionado-portatil-delonghi-an120\/#breadcrumb","itemListElement":[{"@type":"ListItem","position":1,"name":"In\u00edcio","item":"https:\/\/dualgree.com.br\/loja\/"},{"@type":"ListItem","position":2,"name":"Loja &#8211; Cat\u00e1logo de Pe\u00e7as","item":"https:\/\/dualgree.com.br\/loja\/"},{"@type":"ListItem","position":3,"name":"Prote\u00e7\u00e3o Dos Bot\u00f5es Ar Condicionado Port\u00e1til Delonghi An120"}]},{"@type":"WebSite","@id":"https:\/\/dualgree.com.br\/loja\/#website","url":"https:\/\/dualgree.com.br\/loja\/","name":"Loja - Dual Gree Servi\u00e7os | Partes e Pe\u00e7as","description":"Catalogo de Pe\u00e7as para ar condicionado","publisher":{"@id":"https:\/\/dualgree.com.br\/loja\/#organization"},"potentialAction":[{"@type":"SearchAction","target":{"@type":"EntryPoint","urlTemplate":"https:\/\/dualgree.com.br\/loja\/?s={search_term_string}"},"query-input":{"@type":"PropertyValueSpecification","valueRequired":true,"valueName":"search_term_string"}}],"inLanguage":"pt-BR"},{"@type":"Organization","@id":"https:\/\/dualgree.com.br\/loja\/#organization","name":"Loja Dual Gree Servi\u00e7o","url":"https:\/\/dualgree.com.br\/loja\/","logo":{"@type":"ImageObject","inLanguage":"pt-BR","@id":"https:\/\/dualgree.com.br\/loja\/#\/schema\/logo\/image\/","url":"https:\/\/dualgree.com.br\/loja\/wp-content\/uploads\/2024\/09\/teste-logo-ecommerce-dual-1-e1725909304971.png","contentUrl":"https:\/\/dualgree.com.br\/loja\/wp-content\/uploads\/2024\/09\/teste-logo-ecommerce-dual-1-e1725909304971.png","width":470,"height":157,"caption":"Loja Dual Gree Servi\u00e7o"},"image":{"@id":"https:\/\/dualgree.com.br\/loja\/#\/schema\/logo\/image\/"}}]}},"jetpack_publicize_connections":[],"jetpack_sharing_enabled":true,"jetpack_likes_enabled":true,"_links":{"self":[{"href":"https:\/\/dualgree.com.br\/loja\/wp-json\/wp\/v2\/product\/4867","targetHints":{"allow":["GET"]}}],"collection":[{"href":"https:\/\/dualgree.com.br\/loja\/wp-json\/wp\/v2\/product"}],"about":[{"href":"https:\/\/dualgree.com.br\/loja\/wp-json\/wp\/v2\/types\/product"}],"replies":[{"embeddable":true,"href":"https:\/\/dualgree.com.br\/loja\/wp-json\/wp\/v2\/comments?post=4867"}],"wp:featuredmedia":[{"embeddable":true,"href":"https:\/\/dualgree.com.br\/loja\/wp-json\/wp\/v2\/media\/4866"}],"wp:attachment":[{"href":"https:\/\/dualgree.com.br\/loja\/wp-json\/wp\/v2\/media?parent=4867"}],"wp:term":[{"taxonomy":"product_brand","embeddable":true,"href":"https:\/\/dualgree.com.br\/loja\/wp-json\/wp\/v2\/product_brand?post=4867"},{"taxonomy":"product_cat","embeddable":true,"href":"https:\/\/dualgree.com.br\/loja\/wp-json\/wp\/v2\/product_cat?post=4867"},{"taxonomy":"product_tag","embeddable":true,"href":"https:\/\/dualgree.com.br\/loja\/wp-json\/wp\/v2\/product_tag?post=4867"}],"curies":[{"name":"wp","href":"https:\/\/api.w.org\/{rel}","templated":true}]}}