{"id":4890,"date":"2024-07-02T14:15:24","date_gmt":"2024-07-02T14:15:24","guid":{"rendered":"https:\/\/dualgree.com.br\/loja\/produto\/placa-da-evaporadora-ar-condicionado-piso-teto-elgin-phfi36-phfi60\/"},"modified":"2025-03-24T14:50:33","modified_gmt":"2025-03-24T14:50:33","slug":"placa-da-evaporadora-ar-condicionado-piso-teto-elgin-phfi36-phfi60","status":"publish","type":"product","link":"https:\/\/dualgree.com.br\/loja\/produto\/placa-da-evaporadora-ar-condicionado-piso-teto-elgin-phfi36-phfi60\/","title":{"rendered":"Placa Da Evaporadora Ar Condicionado piso teto Elgin Phfi36 ..."},"content":{"rendered":"","protected":false},"excerpt":{"rendered":"<p>ic1732-\u00a0Placa Da Evaporadora Ar Condicionado piso teto Elgin Phfi36 Phfi60<\/p>\n<h1 style=\"font-size: var(--font-size-big);margin: 0px 0px 0px 16px;font-family: var(--font-family-primary);color: #495769;padding: 0px;letter-spacing: var(--letter-spacing)\"><\/h1>\n<p>\u00a0<\/p>\n<p>Placa da evaporadora do ar condicionado Elgin PHFI<\/p>\n<p>\u00a0<\/p>\n<p>Placa de potencia para ar condicionado split piso teto Elgin de 18.000 a 80.000 btus 220v<\/p>\n<p>\u00a0<\/p>\n<p>Recondicionada : Placa testada no equipamento funcionando perfeitamente sem defeitos.<\/p>\n<p>\u00a0<\/p>\n<p>Modelo Compativel:<\/p>\n<p>PHFI18000<\/p>\n<p>PHFI24000<\/p>\n<p>PHFI30000<\/p>\n<p>PHFI36000<\/p>\n<p>PHFI60000<\/p>\n<p>PHFI80000<\/p>\n","protected":false},"featured_media":4889,"comment_status":"open","ping_status":"closed","template":"","meta":{"_kadence_starter_templates_imported_post":false,"_kad_post_transparent":"","_kad_post_title":"","_kad_post_layout":"","_kad_post_sidebar_id":"","_kad_post_content_style":"","_kad_post_vertical_padding":"","_kad_post_feature":"","_kad_post_feature_position":"","_kad_post_header":false,"_kad_post_footer":false,"jetpack_publicize_message":"","jetpack_publicize_feature_enabled":true,"jetpack_social_post_already_shared":false,"jetpack_social_options":{"image_generator_settings":{"template":"highway","default_image_id":0,"font":"","enabled":false},"version":2}},"product_brand":[],"product_cat":[185,196],"product_tag":[],"class_list":{"0":"post-4890","1":"product","2":"type-product","3":"status-publish","4":"has-post-thumbnail","6":"product_cat-elgin","7":"product_cat-placa-da-evaporadora-split","9":"first","10":"outofstock","11":"shipping-taxable","12":"purchasable","13":"product-type-simple","14":"entry","15":"content-bg","16":"loop-entry"},"yoast_head":"<!-- This site is optimized with the Yoast SEO plugin v27.5 - https:\/\/yoast.com\/product\/yoast-seo-wordpress\/ -->\n<title>Placa Da Evaporadora Ar Condicionado piso teto Elgin Phfi36 Phfi60 - Loja - Dual Gree Servi\u00e7os | Pe\u00e7as<\/title>\n<meta name=\"robots\" content=\"index, follow, max-snippet:-1, max-image-preview:large, max-video-preview:-1\" \/>\n<link rel=\"canonical\" href=\"https:\/\/dualgree.com.br\/loja\/produto\/placa-da-evaporadora-ar-condicionado-piso-teto-elgin-phfi36-phfi60\/\" \/>\n<meta property=\"og:locale\" content=\"pt_BR\" \/>\n<meta property=\"og:type\" content=\"article\" \/>\n<meta property=\"og:title\" content=\"Placa Da Evaporadora Ar Condicionado piso teto Elgin Phfi36 Phfi60 - Loja - Dual Gree Servi\u00e7os | Pe\u00e7as\" \/>\n<meta property=\"og:description\" content=\"ic1732-\u00a0Placa Da Evaporadora Ar Condicionado piso teto Elgin Phfi36 Phfi60  \u00a0 Placa da evaporadora do ar condicionado Elgin PHFI \u00a0 Placa de potencia para ar condicionado split piso teto Elgin de 18.000 a 80.000 btus 220v \u00a0 Recondicionada : Placa testada no equipamento funcionando perfeitamente sem defeitos. \u00a0 Modelo Compativel: PHFI18000 PHFI24000 PHFI30000 PHFI36000 PHFI60000 PHFI80000\" \/>\n<meta property=\"og:url\" content=\"https:\/\/dualgree.com.br\/loja\/produto\/placa-da-evaporadora-ar-condicionado-piso-teto-elgin-phfi36-phfi60\/\" \/>\n<meta property=\"og:site_name\" content=\"Loja - Dual Gree Servi\u00e7os | Pe\u00e7as\" \/>\n<meta property=\"article:modified_time\" content=\"2025-03-24T14:50:33+00:00\" \/>\n<meta name=\"twitter:card\" content=\"summary_large_image\" \/>\n<script type=\"application\/ld+json\" class=\"yoast-schema-graph\">{\"@context\":\"https:\\\/\\\/schema.org\",\"@graph\":[{\"@type\":\"WebPage\",\"@id\":\"https:\\\/\\\/dualgree.com.br\\\/loja\\\/produto\\\/placa-da-evaporadora-ar-condicionado-piso-teto-elgin-phfi36-phfi60\\\/\",\"url\":\"https:\\\/\\\/dualgree.com.br\\\/loja\\\/produto\\\/placa-da-evaporadora-ar-condicionado-piso-teto-elgin-phfi36-phfi60\\\/\",\"name\":\"Placa Da Evaporadora Ar Condicionado piso teto Elgin Phfi36 Phfi60 - Loja - Dual Gree Servi\u00e7os | Pe\u00e7as\",\"isPartOf\":{\"@id\":\"https:\\\/\\\/dualgree.com.br\\\/loja\\\/#website\"},\"primaryImageOfPage\":{\"@id\":\"https:\\\/\\\/dualgree.com.br\\\/loja\\\/produto\\\/placa-da-evaporadora-ar-condicionado-piso-teto-elgin-phfi36-phfi60\\\/#primaryimage\"},\"image\":{\"@id\":\"https:\\\/\\\/dualgree.com.br\\\/loja\\\/produto\\\/placa-da-evaporadora-ar-condicionado-piso-teto-elgin-phfi36-phfi60\\\/#primaryimage\"},\"thumbnailUrl\":\"https:\\\/\\\/dualgree.com.br\\\/loja\\\/wp-content\\\/uploads\\\/2024\\\/07\\\/15281665464_1732-Placa20Potencia20Ar20Condi20Spl.png\",\"datePublished\":\"2024-07-02T14:15:24+00:00\",\"dateModified\":\"2025-03-24T14:50:33+00:00\",\"breadcrumb\":{\"@id\":\"https:\\\/\\\/dualgree.com.br\\\/loja\\\/produto\\\/placa-da-evaporadora-ar-condicionado-piso-teto-elgin-phfi36-phfi60\\\/#breadcrumb\"},\"inLanguage\":\"pt-BR\",\"potentialAction\":[{\"@type\":\"ReadAction\",\"target\":[\"https:\\\/\\\/dualgree.com.br\\\/loja\\\/produto\\\/placa-da-evaporadora-ar-condicionado-piso-teto-elgin-phfi36-phfi60\\\/\"]}]},{\"@type\":\"ImageObject\",\"inLanguage\":\"pt-BR\",\"@id\":\"https:\\\/\\\/dualgree.com.br\\\/loja\\\/produto\\\/placa-da-evaporadora-ar-condicionado-piso-teto-elgin-phfi36-phfi60\\\/#primaryimage\",\"url\":\"https:\\\/\\\/dualgree.com.br\\\/loja\\\/wp-content\\\/uploads\\\/2024\\\/07\\\/15281665464_1732-Placa20Potencia20Ar20Condi20Spl.png\",\"contentUrl\":\"https:\\\/\\\/dualgree.com.br\\\/loja\\\/wp-content\\\/uploads\\\/2024\\\/07\\\/15281665464_1732-Placa20Potencia20Ar20Condi20Spl.png\",\"width\":1200,\"height\":1200},{\"@type\":\"BreadcrumbList\",\"@id\":\"https:\\\/\\\/dualgree.com.br\\\/loja\\\/produto\\\/placa-da-evaporadora-ar-condicionado-piso-teto-elgin-phfi36-phfi60\\\/#breadcrumb\",\"itemListElement\":[{\"@type\":\"ListItem\",\"position\":1,\"name\":\"In\u00edcio\",\"item\":\"https:\\\/\\\/dualgree.com.br\\\/loja\\\/\"},{\"@type\":\"ListItem\",\"position\":2,\"name\":\"Loja &#8211; Cat\u00e1logo de Pe\u00e7as\",\"item\":\"https:\\\/\\\/dualgree.com.br\\\/loja\\\/\"},{\"@type\":\"ListItem\",\"position\":3,\"name\":\"Placa Da Evaporadora Ar Condicionado piso teto Elgin Phfi36 Phfi60\"}]},{\"@type\":\"WebSite\",\"@id\":\"https:\\\/\\\/dualgree.com.br\\\/loja\\\/#website\",\"url\":\"https:\\\/\\\/dualgree.com.br\\\/loja\\\/\",\"name\":\"Loja - Dual Gree Servi\u00e7os | Partes e Pe\u00e7as\",\"description\":\"Catalogo de Pe\u00e7as para ar condicionado\",\"publisher\":{\"@id\":\"https:\\\/\\\/dualgree.com.br\\\/loja\\\/#organization\"},\"potentialAction\":[{\"@type\":\"SearchAction\",\"target\":{\"@type\":\"EntryPoint\",\"urlTemplate\":\"https:\\\/\\\/dualgree.com.br\\\/loja\\\/?s={search_term_string}\"},\"query-input\":{\"@type\":\"PropertyValueSpecification\",\"valueRequired\":true,\"valueName\":\"search_term_string\"}}],\"inLanguage\":\"pt-BR\"},{\"@type\":\"Organization\",\"@id\":\"https:\\\/\\\/dualgree.com.br\\\/loja\\\/#organization\",\"name\":\"Loja Dual Gree Servi\u00e7o\",\"url\":\"https:\\\/\\\/dualgree.com.br\\\/loja\\\/\",\"logo\":{\"@type\":\"ImageObject\",\"inLanguage\":\"pt-BR\",\"@id\":\"https:\\\/\\\/dualgree.com.br\\\/loja\\\/#\\\/schema\\\/logo\\\/image\\\/\",\"url\":\"https:\\\/\\\/dualgree.com.br\\\/loja\\\/wp-content\\\/uploads\\\/2024\\\/09\\\/teste-logo-ecommerce-dual-1-e1725909304971.png\",\"contentUrl\":\"https:\\\/\\\/dualgree.com.br\\\/loja\\\/wp-content\\\/uploads\\\/2024\\\/09\\\/teste-logo-ecommerce-dual-1-e1725909304971.png\",\"width\":470,\"height\":157,\"caption\":\"Loja Dual Gree Servi\u00e7o\"},\"image\":{\"@id\":\"https:\\\/\\\/dualgree.com.br\\\/loja\\\/#\\\/schema\\\/logo\\\/image\\\/\"}}]}<\/script>\n<!-- \/ Yoast SEO plugin. -->","yoast_head_json":{"title":"Placa Da Evaporadora Ar Condicionado piso teto Elgin Phfi36 Phfi60 - Loja - Dual Gree Servi\u00e7os | Pe\u00e7as","robots":{"index":"index","follow":"follow","max-snippet":"max-snippet:-1","max-image-preview":"max-image-preview:large","max-video-preview":"max-video-preview:-1"},"canonical":"https:\/\/dualgree.com.br\/loja\/produto\/placa-da-evaporadora-ar-condicionado-piso-teto-elgin-phfi36-phfi60\/","og_locale":"pt_BR","og_type":"article","og_title":"Placa Da Evaporadora Ar Condicionado piso teto Elgin Phfi36 Phfi60 - Loja - Dual Gree Servi\u00e7os | Pe\u00e7as","og_description":"ic1732-\u00a0Placa Da Evaporadora Ar Condicionado piso teto Elgin Phfi36 Phfi60  \u00a0 Placa da evaporadora do ar condicionado Elgin PHFI \u00a0 Placa de potencia para ar condicionado split piso teto Elgin de 18.000 a 80.000 btus 220v \u00a0 Recondicionada : Placa testada no equipamento funcionando perfeitamente sem defeitos. \u00a0 Modelo Compativel: PHFI18000 PHFI24000 PHFI30000 PHFI36000 PHFI60000 PHFI80000","og_url":"https:\/\/dualgree.com.br\/loja\/produto\/placa-da-evaporadora-ar-condicionado-piso-teto-elgin-phfi36-phfi60\/","og_site_name":"Loja - Dual Gree Servi\u00e7os | Pe\u00e7as","article_modified_time":"2025-03-24T14:50:33+00:00","twitter_card":"summary_large_image","schema":{"@context":"https:\/\/schema.org","@graph":[{"@type":"WebPage","@id":"https:\/\/dualgree.com.br\/loja\/produto\/placa-da-evaporadora-ar-condicionado-piso-teto-elgin-phfi36-phfi60\/","url":"https:\/\/dualgree.com.br\/loja\/produto\/placa-da-evaporadora-ar-condicionado-piso-teto-elgin-phfi36-phfi60\/","name":"Placa Da Evaporadora Ar Condicionado piso teto Elgin Phfi36 Phfi60 - Loja - Dual Gree Servi\u00e7os | Pe\u00e7as","isPartOf":{"@id":"https:\/\/dualgree.com.br\/loja\/#website"},"primaryImageOfPage":{"@id":"https:\/\/dualgree.com.br\/loja\/produto\/placa-da-evaporadora-ar-condicionado-piso-teto-elgin-phfi36-phfi60\/#primaryimage"},"image":{"@id":"https:\/\/dualgree.com.br\/loja\/produto\/placa-da-evaporadora-ar-condicionado-piso-teto-elgin-phfi36-phfi60\/#primaryimage"},"thumbnailUrl":"https:\/\/dualgree.com.br\/loja\/wp-content\/uploads\/2024\/07\/15281665464_1732-Placa20Potencia20Ar20Condi20Spl.png","datePublished":"2024-07-02T14:15:24+00:00","dateModified":"2025-03-24T14:50:33+00:00","breadcrumb":{"@id":"https:\/\/dualgree.com.br\/loja\/produto\/placa-da-evaporadora-ar-condicionado-piso-teto-elgin-phfi36-phfi60\/#breadcrumb"},"inLanguage":"pt-BR","potentialAction":[{"@type":"ReadAction","target":["https:\/\/dualgree.com.br\/loja\/produto\/placa-da-evaporadora-ar-condicionado-piso-teto-elgin-phfi36-phfi60\/"]}]},{"@type":"ImageObject","inLanguage":"pt-BR","@id":"https:\/\/dualgree.com.br\/loja\/produto\/placa-da-evaporadora-ar-condicionado-piso-teto-elgin-phfi36-phfi60\/#primaryimage","url":"https:\/\/dualgree.com.br\/loja\/wp-content\/uploads\/2024\/07\/15281665464_1732-Placa20Potencia20Ar20Condi20Spl.png","contentUrl":"https:\/\/dualgree.com.br\/loja\/wp-content\/uploads\/2024\/07\/15281665464_1732-Placa20Potencia20Ar20Condi20Spl.png","width":1200,"height":1200},{"@type":"BreadcrumbList","@id":"https:\/\/dualgree.com.br\/loja\/produto\/placa-da-evaporadora-ar-condicionado-piso-teto-elgin-phfi36-phfi60\/#breadcrumb","itemListElement":[{"@type":"ListItem","position":1,"name":"In\u00edcio","item":"https:\/\/dualgree.com.br\/loja\/"},{"@type":"ListItem","position":2,"name":"Loja &#8211; Cat\u00e1logo de Pe\u00e7as","item":"https:\/\/dualgree.com.br\/loja\/"},{"@type":"ListItem","position":3,"name":"Placa Da Evaporadora Ar Condicionado piso teto Elgin Phfi36 Phfi60"}]},{"@type":"WebSite","@id":"https:\/\/dualgree.com.br\/loja\/#website","url":"https:\/\/dualgree.com.br\/loja\/","name":"Loja - Dual Gree Servi\u00e7os | Partes e Pe\u00e7as","description":"Catalogo de Pe\u00e7as para ar condicionado","publisher":{"@id":"https:\/\/dualgree.com.br\/loja\/#organization"},"potentialAction":[{"@type":"SearchAction","target":{"@type":"EntryPoint","urlTemplate":"https:\/\/dualgree.com.br\/loja\/?s={search_term_string}"},"query-input":{"@type":"PropertyValueSpecification","valueRequired":true,"valueName":"search_term_string"}}],"inLanguage":"pt-BR"},{"@type":"Organization","@id":"https:\/\/dualgree.com.br\/loja\/#organization","name":"Loja Dual Gree Servi\u00e7o","url":"https:\/\/dualgree.com.br\/loja\/","logo":{"@type":"ImageObject","inLanguage":"pt-BR","@id":"https:\/\/dualgree.com.br\/loja\/#\/schema\/logo\/image\/","url":"https:\/\/dualgree.com.br\/loja\/wp-content\/uploads\/2024\/09\/teste-logo-ecommerce-dual-1-e1725909304971.png","contentUrl":"https:\/\/dualgree.com.br\/loja\/wp-content\/uploads\/2024\/09\/teste-logo-ecommerce-dual-1-e1725909304971.png","width":470,"height":157,"caption":"Loja Dual Gree Servi\u00e7o"},"image":{"@id":"https:\/\/dualgree.com.br\/loja\/#\/schema\/logo\/image\/"}}]}},"jetpack_publicize_connections":[],"jetpack_sharing_enabled":true,"jetpack_likes_enabled":true,"_links":{"self":[{"href":"https:\/\/dualgree.com.br\/loja\/wp-json\/wp\/v2\/product\/4890","targetHints":{"allow":["GET"]}}],"collection":[{"href":"https:\/\/dualgree.com.br\/loja\/wp-json\/wp\/v2\/product"}],"about":[{"href":"https:\/\/dualgree.com.br\/loja\/wp-json\/wp\/v2\/types\/product"}],"replies":[{"embeddable":true,"href":"https:\/\/dualgree.com.br\/loja\/wp-json\/wp\/v2\/comments?post=4890"}],"wp:featuredmedia":[{"embeddable":true,"href":"https:\/\/dualgree.com.br\/loja\/wp-json\/wp\/v2\/media\/4889"}],"wp:attachment":[{"href":"https:\/\/dualgree.com.br\/loja\/wp-json\/wp\/v2\/media?parent=4890"}],"wp:term":[{"taxonomy":"product_brand","embeddable":true,"href":"https:\/\/dualgree.com.br\/loja\/wp-json\/wp\/v2\/product_brand?post=4890"},{"taxonomy":"product_cat","embeddable":true,"href":"https:\/\/dualgree.com.br\/loja\/wp-json\/wp\/v2\/product_cat?post=4890"},{"taxonomy":"product_tag","embeddable":true,"href":"https:\/\/dualgree.com.br\/loja\/wp-json\/wp\/v2\/product_tag?post=4890"}],"curies":[{"name":"wp","href":"https:\/\/api.w.org\/{rel}","templated":true}]}}