{"id":4892,"date":"2024-07-02T14:26:04","date_gmt":"2024-07-02T14:26:04","guid":{"rendered":"https:\/\/dualgree.com.br\/loja\/produto\/placa-da-evaporadora-ar-condicionado-piso-teto-elgin-eco-45pefi24b2na\/"},"modified":"2025-07-23T13:16:47","modified_gmt":"2025-07-23T13:16:47","slug":"placa-da-evaporadora-ar-condicionado-piso-teto-elgin-eco-45pefi24b2na","status":"publish","type":"product","link":"https:\/\/dualgree.com.br\/loja\/produto\/placa-da-evaporadora-ar-condicionado-piso-teto-elgin-eco-45pefi24b2na\/","title":{"rendered":"Placa da evaporadora ar condicionado piso teto Elgin eco 45P..."},"content":{"rendered":"","protected":false},"excerpt":{"rendered":"<p>IC3489 &#8211; Placa da evaporadora ar condicionado piso teto Elgin eco 45PEFI24B2NA<\/p>\n<p>\u00a0<\/p>\n<p>Recondicionada: testada em bancada somos Tecnicos em conserto de placas, funcionando perfeitamente.<\/p>\n<p>\u00a0<\/p>\n<p>PLACA EVAPORADORA PISO TETO ECO ELGIN 24000 80000 BTUS<\/p>\n<p>\u00a0<\/p>\n<p>MODELOS COMPATIVEIS<\/p>\n<p>\u00a0<\/p>\n<p>45PEFI24B2NA<\/p>\n<p>45PEFI24B2NB<\/p>\n<p>45PEFI24B2NC<\/p>\n<p>45PEFI30B2NB<\/p>\n<p>45PEFI30B2NC<\/p>\n<p>45PEFI36B2NA<\/p>\n<p>45PEFI36B2NB<\/p>\n<p>45PEFI36B2NC<\/p>\n<p>45PEFI48B2NA<\/p>\n<p>45PEFI48B2NC<\/p>\n<p>45PEFI60B2NA<\/p>\n<p>45PEFI60B2NB<\/p>\n<p>45PEFI60B2NC<\/p>\n<p>45PEFI80B2NA<\/p>\n<p>45PEFI80B2NB<\/p>\n<p>45PEFI80B2NC<\/p>\n<p>45PEQI24B2NA<\/p>\n<p>45PEQI30B2NB<\/p>\n<p>45PEQI36B2NA<\/p>\n<p>45PEQI36B2NB<\/p>\n<p>45PEQI36B2NC<\/p>\n<p>45PEQI48B2NA<\/p>\n<p>45PEQI48B2NC<\/p>\n<p>45PEQI60B2NA<\/p>\n<p>45PEQI60B2NB<\/p>\n<p>45PEQI60B2NC<\/p>\n<p>\u00a0<\/p>\n<p>C\u00d3DIGO DA PLACA<\/p>\n<p>\u00a0<\/p>\n<p>230900259<\/p>\n<p>\u00a0<\/p>\n<p>SWZD15055V02 (25A3)<\/p>\n<p>\u00a0<\/p>\n<p>AO10082 (DP)_V03 (4594)<\/p>\n<p>\u00a0<\/p>\n<p>(0174 17031002)110419<\/p>\n","protected":false},"featured_media":4891,"comment_status":"open","ping_status":"closed","template":"","meta":{"_kadence_starter_templates_imported_post":false,"_kad_post_transparent":"","_kad_post_title":"","_kad_post_layout":"","_kad_post_sidebar_id":"","_kad_post_content_style":"","_kad_post_vertical_padding":"","_kad_post_feature":"","_kad_post_feature_position":"","_kad_post_header":false,"_kad_post_footer":false,"jetpack_publicize_message":"","jetpack_publicize_feature_enabled":true,"jetpack_social_post_already_shared":false,"jetpack_social_options":{"image_generator_settings":{"template":"highway","default_image_id":0,"font":"","enabled":false},"version":2}},"product_brand":[],"product_cat":[185,196],"product_tag":[],"class_list":{"0":"post-4892","1":"product","2":"type-product","3":"status-publish","4":"has-post-thumbnail","6":"product_cat-elgin","7":"product_cat-placa-da-evaporadora-split","9":"first","10":"instock","11":"shipping-taxable","12":"purchasable","13":"product-type-simple","14":"entry","15":"content-bg","16":"loop-entry"},"yoast_head":"<!-- This site is optimized with the Yoast SEO plugin v27.5 - https:\/\/yoast.com\/product\/yoast-seo-wordpress\/ -->\n<title>Placa da evaporadora ar condicionado piso teto Elgin eco 45PEFI24B2NA - Loja - Dual Gree Servi\u00e7os | Pe\u00e7as<\/title>\n<meta name=\"robots\" content=\"index, follow, max-snippet:-1, max-image-preview:large, max-video-preview:-1\" \/>\n<link rel=\"canonical\" href=\"https:\/\/dualgree.com.br\/loja\/produto\/placa-da-evaporadora-ar-condicionado-piso-teto-elgin-eco-45pefi24b2na\/\" \/>\n<meta property=\"og:locale\" content=\"pt_BR\" \/>\n<meta property=\"og:type\" content=\"article\" \/>\n<meta property=\"og:title\" content=\"Placa da evaporadora ar condicionado piso teto Elgin eco 45PEFI24B2NA - Loja - Dual Gree Servi\u00e7os | Pe\u00e7as\" \/>\n<meta property=\"og:description\" content=\"IC3489 - Placa da evaporadora ar condicionado piso teto Elgin eco 45PEFI24B2NA \u00a0 Recondicionada: testada em bancada somos Tecnicos em conserto de placas, funcionando perfeitamente. \u00a0 PLACA EVAPORADORA PISO TETO ECO ELGIN 24000 80000 BTUS \u00a0 MODELOS COMPATIVEIS \u00a0 45PEFI24B2NA 45PEFI24B2NB 45PEFI24B2NC 45PEFI30B2NB 45PEFI30B2NC 45PEFI36B2NA 45PEFI36B2NB 45PEFI36B2NC 45PEFI48B2NA 45PEFI48B2NC 45PEFI60B2NA 45PEFI60B2NB 45PEFI60B2NC 45PEFI80B2NA 45PEFI80B2NB 45PEFI80B2NC 45PEQI24B2NA 45PEQI30B2NB 45PEQI36B2NA 45PEQI36B2NB 45PEQI36B2NC 45PEQI48B2NA 45PEQI48B2NC 45PEQI60B2NA 45PEQI60B2NB 45PEQI60B2NC \u00a0 C\u00d3DIGO DA PLACA \u00a0 230900259 \u00a0 SWZD15055V02 (25A3) \u00a0 AO10082 (DP)_V03 (4594) \u00a0 (0174 17031002)110419\" \/>\n<meta property=\"og:url\" content=\"https:\/\/dualgree.com.br\/loja\/produto\/placa-da-evaporadora-ar-condicionado-piso-teto-elgin-eco-45pefi24b2na\/\" \/>\n<meta property=\"og:site_name\" content=\"Loja - Dual Gree Servi\u00e7os | Pe\u00e7as\" \/>\n<meta property=\"article:modified_time\" content=\"2025-07-23T13:16:47+00:00\" \/>\n<meta name=\"twitter:card\" content=\"summary_large_image\" \/>\n<script type=\"application\/ld+json\" class=\"yoast-schema-graph\">{\"@context\":\"https:\\\/\\\/schema.org\",\"@graph\":[{\"@type\":\"WebPage\",\"@id\":\"https:\\\/\\\/dualgree.com.br\\\/loja\\\/produto\\\/placa-da-evaporadora-ar-condicionado-piso-teto-elgin-eco-45pefi24b2na\\\/\",\"url\":\"https:\\\/\\\/dualgree.com.br\\\/loja\\\/produto\\\/placa-da-evaporadora-ar-condicionado-piso-teto-elgin-eco-45pefi24b2na\\\/\",\"name\":\"Placa da evaporadora ar condicionado piso teto Elgin eco 45PEFI24B2NA - Loja - Dual Gree Servi\u00e7os | Pe\u00e7as\",\"isPartOf\":{\"@id\":\"https:\\\/\\\/dualgree.com.br\\\/loja\\\/#website\"},\"primaryImageOfPage\":{\"@id\":\"https:\\\/\\\/dualgree.com.br\\\/loja\\\/produto\\\/placa-da-evaporadora-ar-condicionado-piso-teto-elgin-eco-45pefi24b2na\\\/#primaryimage\"},\"image\":{\"@id\":\"https:\\\/\\\/dualgree.com.br\\\/loja\\\/produto\\\/placa-da-evaporadora-ar-condicionado-piso-teto-elgin-eco-45pefi24b2na\\\/#primaryimage\"},\"thumbnailUrl\":\"https:\\\/\\\/dualgree.com.br\\\/loja\\\/wp-content\\\/uploads\\\/2024\\\/07\\\/15281732336_3489-placa20evaporadora20piso20teto.png\",\"datePublished\":\"2024-07-02T14:26:04+00:00\",\"dateModified\":\"2025-07-23T13:16:47+00:00\",\"breadcrumb\":{\"@id\":\"https:\\\/\\\/dualgree.com.br\\\/loja\\\/produto\\\/placa-da-evaporadora-ar-condicionado-piso-teto-elgin-eco-45pefi24b2na\\\/#breadcrumb\"},\"inLanguage\":\"pt-BR\",\"potentialAction\":[{\"@type\":\"ReadAction\",\"target\":[\"https:\\\/\\\/dualgree.com.br\\\/loja\\\/produto\\\/placa-da-evaporadora-ar-condicionado-piso-teto-elgin-eco-45pefi24b2na\\\/\"]}]},{\"@type\":\"ImageObject\",\"inLanguage\":\"pt-BR\",\"@id\":\"https:\\\/\\\/dualgree.com.br\\\/loja\\\/produto\\\/placa-da-evaporadora-ar-condicionado-piso-teto-elgin-eco-45pefi24b2na\\\/#primaryimage\",\"url\":\"https:\\\/\\\/dualgree.com.br\\\/loja\\\/wp-content\\\/uploads\\\/2024\\\/07\\\/15281732336_3489-placa20evaporadora20piso20teto.png\",\"contentUrl\":\"https:\\\/\\\/dualgree.com.br\\\/loja\\\/wp-content\\\/uploads\\\/2024\\\/07\\\/15281732336_3489-placa20evaporadora20piso20teto.png\",\"width\":675,\"height\":1200},{\"@type\":\"BreadcrumbList\",\"@id\":\"https:\\\/\\\/dualgree.com.br\\\/loja\\\/produto\\\/placa-da-evaporadora-ar-condicionado-piso-teto-elgin-eco-45pefi24b2na\\\/#breadcrumb\",\"itemListElement\":[{\"@type\":\"ListItem\",\"position\":1,\"name\":\"In\u00edcio\",\"item\":\"https:\\\/\\\/dualgree.com.br\\\/loja\\\/\"},{\"@type\":\"ListItem\",\"position\":2,\"name\":\"Loja &#8211; Cat\u00e1logo de Pe\u00e7as\",\"item\":\"https:\\\/\\\/dualgree.com.br\\\/loja\\\/\"},{\"@type\":\"ListItem\",\"position\":3,\"name\":\"Placa da evaporadora ar condicionado piso teto Elgin eco 45PEFI24B2NA\"}]},{\"@type\":\"WebSite\",\"@id\":\"https:\\\/\\\/dualgree.com.br\\\/loja\\\/#website\",\"url\":\"https:\\\/\\\/dualgree.com.br\\\/loja\\\/\",\"name\":\"Loja - Dual Gree Servi\u00e7os | Partes e Pe\u00e7as\",\"description\":\"Catalogo de Pe\u00e7as para ar condicionado\",\"publisher\":{\"@id\":\"https:\\\/\\\/dualgree.com.br\\\/loja\\\/#organization\"},\"potentialAction\":[{\"@type\":\"SearchAction\",\"target\":{\"@type\":\"EntryPoint\",\"urlTemplate\":\"https:\\\/\\\/dualgree.com.br\\\/loja\\\/?s={search_term_string}\"},\"query-input\":{\"@type\":\"PropertyValueSpecification\",\"valueRequired\":true,\"valueName\":\"search_term_string\"}}],\"inLanguage\":\"pt-BR\"},{\"@type\":\"Organization\",\"@id\":\"https:\\\/\\\/dualgree.com.br\\\/loja\\\/#organization\",\"name\":\"Loja Dual Gree Servi\u00e7o\",\"url\":\"https:\\\/\\\/dualgree.com.br\\\/loja\\\/\",\"logo\":{\"@type\":\"ImageObject\",\"inLanguage\":\"pt-BR\",\"@id\":\"https:\\\/\\\/dualgree.com.br\\\/loja\\\/#\\\/schema\\\/logo\\\/image\\\/\",\"url\":\"https:\\\/\\\/dualgree.com.br\\\/loja\\\/wp-content\\\/uploads\\\/2024\\\/09\\\/teste-logo-ecommerce-dual-1-e1725909304971.png\",\"contentUrl\":\"https:\\\/\\\/dualgree.com.br\\\/loja\\\/wp-content\\\/uploads\\\/2024\\\/09\\\/teste-logo-ecommerce-dual-1-e1725909304971.png\",\"width\":470,\"height\":157,\"caption\":\"Loja Dual Gree Servi\u00e7o\"},\"image\":{\"@id\":\"https:\\\/\\\/dualgree.com.br\\\/loja\\\/#\\\/schema\\\/logo\\\/image\\\/\"}}]}<\/script>\n<!-- \/ Yoast SEO plugin. -->","yoast_head_json":{"title":"Placa da evaporadora ar condicionado piso teto Elgin eco 45PEFI24B2NA - Loja - Dual Gree Servi\u00e7os | Pe\u00e7as","robots":{"index":"index","follow":"follow","max-snippet":"max-snippet:-1","max-image-preview":"max-image-preview:large","max-video-preview":"max-video-preview:-1"},"canonical":"https:\/\/dualgree.com.br\/loja\/produto\/placa-da-evaporadora-ar-condicionado-piso-teto-elgin-eco-45pefi24b2na\/","og_locale":"pt_BR","og_type":"article","og_title":"Placa da evaporadora ar condicionado piso teto Elgin eco 45PEFI24B2NA - Loja - Dual Gree Servi\u00e7os | Pe\u00e7as","og_description":"IC3489 - Placa da evaporadora ar condicionado piso teto Elgin eco 45PEFI24B2NA \u00a0 Recondicionada: testada em bancada somos Tecnicos em conserto de placas, funcionando perfeitamente. \u00a0 PLACA EVAPORADORA PISO TETO ECO ELGIN 24000 80000 BTUS \u00a0 MODELOS COMPATIVEIS \u00a0 45PEFI24B2NA 45PEFI24B2NB 45PEFI24B2NC 45PEFI30B2NB 45PEFI30B2NC 45PEFI36B2NA 45PEFI36B2NB 45PEFI36B2NC 45PEFI48B2NA 45PEFI48B2NC 45PEFI60B2NA 45PEFI60B2NB 45PEFI60B2NC 45PEFI80B2NA 45PEFI80B2NB 45PEFI80B2NC 45PEQI24B2NA 45PEQI30B2NB 45PEQI36B2NA 45PEQI36B2NB 45PEQI36B2NC 45PEQI48B2NA 45PEQI48B2NC 45PEQI60B2NA 45PEQI60B2NB 45PEQI60B2NC \u00a0 C\u00d3DIGO DA PLACA \u00a0 230900259 \u00a0 SWZD15055V02 (25A3) \u00a0 AO10082 (DP)_V03 (4594) \u00a0 (0174 17031002)110419","og_url":"https:\/\/dualgree.com.br\/loja\/produto\/placa-da-evaporadora-ar-condicionado-piso-teto-elgin-eco-45pefi24b2na\/","og_site_name":"Loja - Dual Gree Servi\u00e7os | Pe\u00e7as","article_modified_time":"2025-07-23T13:16:47+00:00","twitter_card":"summary_large_image","schema":{"@context":"https:\/\/schema.org","@graph":[{"@type":"WebPage","@id":"https:\/\/dualgree.com.br\/loja\/produto\/placa-da-evaporadora-ar-condicionado-piso-teto-elgin-eco-45pefi24b2na\/","url":"https:\/\/dualgree.com.br\/loja\/produto\/placa-da-evaporadora-ar-condicionado-piso-teto-elgin-eco-45pefi24b2na\/","name":"Placa da evaporadora ar condicionado piso teto Elgin eco 45PEFI24B2NA - Loja - Dual Gree Servi\u00e7os | Pe\u00e7as","isPartOf":{"@id":"https:\/\/dualgree.com.br\/loja\/#website"},"primaryImageOfPage":{"@id":"https:\/\/dualgree.com.br\/loja\/produto\/placa-da-evaporadora-ar-condicionado-piso-teto-elgin-eco-45pefi24b2na\/#primaryimage"},"image":{"@id":"https:\/\/dualgree.com.br\/loja\/produto\/placa-da-evaporadora-ar-condicionado-piso-teto-elgin-eco-45pefi24b2na\/#primaryimage"},"thumbnailUrl":"https:\/\/dualgree.com.br\/loja\/wp-content\/uploads\/2024\/07\/15281732336_3489-placa20evaporadora20piso20teto.png","datePublished":"2024-07-02T14:26:04+00:00","dateModified":"2025-07-23T13:16:47+00:00","breadcrumb":{"@id":"https:\/\/dualgree.com.br\/loja\/produto\/placa-da-evaporadora-ar-condicionado-piso-teto-elgin-eco-45pefi24b2na\/#breadcrumb"},"inLanguage":"pt-BR","potentialAction":[{"@type":"ReadAction","target":["https:\/\/dualgree.com.br\/loja\/produto\/placa-da-evaporadora-ar-condicionado-piso-teto-elgin-eco-45pefi24b2na\/"]}]},{"@type":"ImageObject","inLanguage":"pt-BR","@id":"https:\/\/dualgree.com.br\/loja\/produto\/placa-da-evaporadora-ar-condicionado-piso-teto-elgin-eco-45pefi24b2na\/#primaryimage","url":"https:\/\/dualgree.com.br\/loja\/wp-content\/uploads\/2024\/07\/15281732336_3489-placa20evaporadora20piso20teto.png","contentUrl":"https:\/\/dualgree.com.br\/loja\/wp-content\/uploads\/2024\/07\/15281732336_3489-placa20evaporadora20piso20teto.png","width":675,"height":1200},{"@type":"BreadcrumbList","@id":"https:\/\/dualgree.com.br\/loja\/produto\/placa-da-evaporadora-ar-condicionado-piso-teto-elgin-eco-45pefi24b2na\/#breadcrumb","itemListElement":[{"@type":"ListItem","position":1,"name":"In\u00edcio","item":"https:\/\/dualgree.com.br\/loja\/"},{"@type":"ListItem","position":2,"name":"Loja &#8211; Cat\u00e1logo de Pe\u00e7as","item":"https:\/\/dualgree.com.br\/loja\/"},{"@type":"ListItem","position":3,"name":"Placa da evaporadora ar condicionado piso teto Elgin eco 45PEFI24B2NA"}]},{"@type":"WebSite","@id":"https:\/\/dualgree.com.br\/loja\/#website","url":"https:\/\/dualgree.com.br\/loja\/","name":"Loja - Dual Gree Servi\u00e7os | Partes e Pe\u00e7as","description":"Catalogo de Pe\u00e7as para ar condicionado","publisher":{"@id":"https:\/\/dualgree.com.br\/loja\/#organization"},"potentialAction":[{"@type":"SearchAction","target":{"@type":"EntryPoint","urlTemplate":"https:\/\/dualgree.com.br\/loja\/?s={search_term_string}"},"query-input":{"@type":"PropertyValueSpecification","valueRequired":true,"valueName":"search_term_string"}}],"inLanguage":"pt-BR"},{"@type":"Organization","@id":"https:\/\/dualgree.com.br\/loja\/#organization","name":"Loja Dual Gree Servi\u00e7o","url":"https:\/\/dualgree.com.br\/loja\/","logo":{"@type":"ImageObject","inLanguage":"pt-BR","@id":"https:\/\/dualgree.com.br\/loja\/#\/schema\/logo\/image\/","url":"https:\/\/dualgree.com.br\/loja\/wp-content\/uploads\/2024\/09\/teste-logo-ecommerce-dual-1-e1725909304971.png","contentUrl":"https:\/\/dualgree.com.br\/loja\/wp-content\/uploads\/2024\/09\/teste-logo-ecommerce-dual-1-e1725909304971.png","width":470,"height":157,"caption":"Loja Dual Gree Servi\u00e7o"},"image":{"@id":"https:\/\/dualgree.com.br\/loja\/#\/schema\/logo\/image\/"}}]}},"jetpack_publicize_connections":[],"jetpack_sharing_enabled":true,"jetpack_likes_enabled":true,"_links":{"self":[{"href":"https:\/\/dualgree.com.br\/loja\/wp-json\/wp\/v2\/product\/4892","targetHints":{"allow":["GET"]}}],"collection":[{"href":"https:\/\/dualgree.com.br\/loja\/wp-json\/wp\/v2\/product"}],"about":[{"href":"https:\/\/dualgree.com.br\/loja\/wp-json\/wp\/v2\/types\/product"}],"replies":[{"embeddable":true,"href":"https:\/\/dualgree.com.br\/loja\/wp-json\/wp\/v2\/comments?post=4892"}],"wp:featuredmedia":[{"embeddable":true,"href":"https:\/\/dualgree.com.br\/loja\/wp-json\/wp\/v2\/media\/4891"}],"wp:attachment":[{"href":"https:\/\/dualgree.com.br\/loja\/wp-json\/wp\/v2\/media?parent=4892"}],"wp:term":[{"taxonomy":"product_brand","embeddable":true,"href":"https:\/\/dualgree.com.br\/loja\/wp-json\/wp\/v2\/product_brand?post=4892"},{"taxonomy":"product_cat","embeddable":true,"href":"https:\/\/dualgree.com.br\/loja\/wp-json\/wp\/v2\/product_cat?post=4892"},{"taxonomy":"product_tag","embeddable":true,"href":"https:\/\/dualgree.com.br\/loja\/wp-json\/wp\/v2\/product_tag?post=4892"}],"curies":[{"name":"wp","href":"https:\/\/api.w.org\/{rel}","templated":true}]}}