{"id":4897,"date":"2024-07-02T14:36:35","date_gmt":"2024-07-02T14:36:35","guid":{"rendered":"https:\/\/dualgree.com.br\/loja\/produto\/sensor-degelo-evaporadora-elgin-inverter-60-btus-kvfi60b2nc\/"},"modified":"2024-07-02T14:36:35","modified_gmt":"2024-07-02T14:36:35","slug":"sensor-degelo-evaporadora-elgin-inverter-60-btus-kvfi60b2nc","status":"publish","type":"product","link":"https:\/\/dualgree.com.br\/loja\/produto\/sensor-degelo-evaporadora-elgin-inverter-60-btus-kvfi60b2nc\/","title":{"rendered":"SENSOR DEGELO EVAPORADORA ELGIN INVERTER 60 BTUS KVFI60B2NC"},"content":{"rendered":"","protected":false},"excerpt":{"rendered":"<p>IC3829-\u00a0SENSOR DEGELO EVAPORADORA ELGIN INVERTER 36 K A 60 BTUS<\/p>\n<p>\u00a0<\/p>\n<p>Modelos compat\u00edveis:<\/p>\n<p>\u00a0<\/p>\n<p>HBFI09B2FA<\/p>\n<p>HBFI12B1FA<\/p>\n<p>HBFI12B2FA<\/p>\n<p>HBFI18B2FA<\/p>\n<p>HBFI24B2FA<\/p>\n<p>HBQI09B2FA<\/p>\n<p>HBQI12B2FA<\/p>\n<p>HBQI18B2FA<\/p>\n<p>HBQI24B2FA<\/p>\n<p>HEFI09B2FB<\/p>\n<p>HEFI12B2FB<\/p>\n<p>HEFI18B2FB<\/p>\n<p>HEFI24B2FB<\/p>\n<p>HEQI09B2FB<\/p>\n<p>HEQI12B2FB<\/p>\n<p>HEQI18B2FB<\/p>\n<p>HEQI24B2FB<\/p>\n<p>HXFI09B2FA<\/p>\n<p>HXFI12B2FA<\/p>\n<p>HXFI18B2FA<\/p>\n<p>HXFI24B2FA<\/p>\n<p>HXQI09B2FA<\/p>\n<p>HXQI12B2FA<\/p>\n<p>HXQI18B2FA<\/p>\n<p>HXQI24B2FA<\/p>\n<p>KAFI24B2NA<\/p>\n<p>KAFI36B2NA<\/p>\n<p>KAFI48B2NA<\/p>\n<p>KAFI60B2NA<\/p>\n<p>KVFI36B2NM<\/p>\n<p>KVFI48B2NC<\/p>\n<p>KVFI60B2NC<\/p>\n<p>VUFI09C2FA<\/p>\n<p>VUFI12C2FA<\/p>\n","protected":false},"featured_media":4896,"comment_status":"open","ping_status":"closed","template":"","meta":{"_kadence_starter_templates_imported_post":false,"_kad_post_transparent":"","_kad_post_title":"","_kad_post_layout":"","_kad_post_sidebar_id":"","_kad_post_content_style":"","_kad_post_vertical_padding":"","_kad_post_feature":"","_kad_post_feature_position":"","_kad_post_header":false,"_kad_post_footer":false,"jetpack_publicize_message":"","jetpack_publicize_feature_enabled":true,"jetpack_social_post_already_shared":false,"jetpack_social_options":{"image_generator_settings":{"template":"highway","default_image_id":0,"font":"","enabled":false},"version":2}},"product_brand":[],"product_cat":[185],"product_tag":[],"class_list":{"0":"post-4897","1":"product","2":"type-product","3":"status-publish","4":"has-post-thumbnail","6":"product_cat-elgin","8":"first","9":"instock","10":"shipping-taxable","11":"purchasable","12":"product-type-simple","13":"entry","14":"content-bg","15":"loop-entry"},"yoast_head":"<!-- This site is optimized with the Yoast SEO plugin v27.5 - https:\/\/yoast.com\/product\/yoast-seo-wordpress\/ -->\n<title>SENSOR DEGELO EVAPORADORA ELGIN INVERTER 60 BTUS KVFI60B2NC - Loja - Dual Gree Servi\u00e7os | Pe\u00e7as<\/title>\n<meta name=\"robots\" content=\"index, follow, max-snippet:-1, max-image-preview:large, max-video-preview:-1\" \/>\n<link rel=\"canonical\" href=\"https:\/\/dualgree.com.br\/loja\/produto\/sensor-degelo-evaporadora-elgin-inverter-60-btus-kvfi60b2nc\/\" \/>\n<meta property=\"og:locale\" content=\"pt_BR\" \/>\n<meta property=\"og:type\" content=\"article\" \/>\n<meta property=\"og:title\" content=\"SENSOR DEGELO EVAPORADORA ELGIN INVERTER 60 BTUS KVFI60B2NC - Loja - Dual Gree Servi\u00e7os | Pe\u00e7as\" \/>\n<meta property=\"og:description\" content=\"IC3829-\u00a0SENSOR DEGELO EVAPORADORA ELGIN INVERTER 36 K A 60 BTUS \u00a0 Modelos compat\u00edveis: \u00a0 HBFI09B2FA HBFI12B1FA HBFI12B2FA HBFI18B2FA HBFI24B2FA HBQI09B2FA HBQI12B2FA HBQI18B2FA HBQI24B2FA HEFI09B2FB HEFI12B2FB HEFI18B2FB HEFI24B2FB HEQI09B2FB HEQI12B2FB HEQI18B2FB HEQI24B2FB HXFI09B2FA HXFI12B2FA HXFI18B2FA HXFI24B2FA HXQI09B2FA HXQI12B2FA HXQI18B2FA HXQI24B2FA KAFI24B2NA KAFI36B2NA KAFI48B2NA KAFI60B2NA KVFI36B2NM KVFI48B2NC KVFI60B2NC VUFI09C2FA VUFI12C2FA\" \/>\n<meta property=\"og:url\" content=\"https:\/\/dualgree.com.br\/loja\/produto\/sensor-degelo-evaporadora-elgin-inverter-60-btus-kvfi60b2nc\/\" \/>\n<meta property=\"og:site_name\" content=\"Loja - Dual Gree Servi\u00e7os | Pe\u00e7as\" \/>\n<meta name=\"twitter:card\" content=\"summary_large_image\" \/>\n<script type=\"application\/ld+json\" class=\"yoast-schema-graph\">{\"@context\":\"https:\\\/\\\/schema.org\",\"@graph\":[{\"@type\":\"WebPage\",\"@id\":\"https:\\\/\\\/dualgree.com.br\\\/loja\\\/produto\\\/sensor-degelo-evaporadora-elgin-inverter-60-btus-kvfi60b2nc\\\/\",\"url\":\"https:\\\/\\\/dualgree.com.br\\\/loja\\\/produto\\\/sensor-degelo-evaporadora-elgin-inverter-60-btus-kvfi60b2nc\\\/\",\"name\":\"SENSOR DEGELO EVAPORADORA ELGIN INVERTER 60 BTUS KVFI60B2NC - Loja - Dual Gree Servi\u00e7os | Pe\u00e7as\",\"isPartOf\":{\"@id\":\"https:\\\/\\\/dualgree.com.br\\\/loja\\\/#website\"},\"primaryImageOfPage\":{\"@id\":\"https:\\\/\\\/dualgree.com.br\\\/loja\\\/produto\\\/sensor-degelo-evaporadora-elgin-inverter-60-btus-kvfi60b2nc\\\/#primaryimage\"},\"image\":{\"@id\":\"https:\\\/\\\/dualgree.com.br\\\/loja\\\/produto\\\/sensor-degelo-evaporadora-elgin-inverter-60-btus-kvfi60b2nc\\\/#primaryimage\"},\"thumbnailUrl\":\"https:\\\/\\\/dualgree.com.br\\\/loja\\\/wp-content\\\/uploads\\\/2024\\\/07\\\/15281749660_3829-SENSOR20DE20GELO20EVAPORADORA20.png\",\"datePublished\":\"2024-07-02T14:36:35+00:00\",\"breadcrumb\":{\"@id\":\"https:\\\/\\\/dualgree.com.br\\\/loja\\\/produto\\\/sensor-degelo-evaporadora-elgin-inverter-60-btus-kvfi60b2nc\\\/#breadcrumb\"},\"inLanguage\":\"pt-BR\",\"potentialAction\":[{\"@type\":\"ReadAction\",\"target\":[\"https:\\\/\\\/dualgree.com.br\\\/loja\\\/produto\\\/sensor-degelo-evaporadora-elgin-inverter-60-btus-kvfi60b2nc\\\/\"]}]},{\"@type\":\"ImageObject\",\"inLanguage\":\"pt-BR\",\"@id\":\"https:\\\/\\\/dualgree.com.br\\\/loja\\\/produto\\\/sensor-degelo-evaporadora-elgin-inverter-60-btus-kvfi60b2nc\\\/#primaryimage\",\"url\":\"https:\\\/\\\/dualgree.com.br\\\/loja\\\/wp-content\\\/uploads\\\/2024\\\/07\\\/15281749660_3829-SENSOR20DE20GELO20EVAPORADORA20.png\",\"contentUrl\":\"https:\\\/\\\/dualgree.com.br\\\/loja\\\/wp-content\\\/uploads\\\/2024\\\/07\\\/15281749660_3829-SENSOR20DE20GELO20EVAPORADORA20.png\",\"width\":675,\"height\":1200},{\"@type\":\"BreadcrumbList\",\"@id\":\"https:\\\/\\\/dualgree.com.br\\\/loja\\\/produto\\\/sensor-degelo-evaporadora-elgin-inverter-60-btus-kvfi60b2nc\\\/#breadcrumb\",\"itemListElement\":[{\"@type\":\"ListItem\",\"position\":1,\"name\":\"In\u00edcio\",\"item\":\"https:\\\/\\\/dualgree.com.br\\\/loja\\\/\"},{\"@type\":\"ListItem\",\"position\":2,\"name\":\"Loja &#8211; Cat\u00e1logo de Pe\u00e7as\",\"item\":\"https:\\\/\\\/dualgree.com.br\\\/loja\\\/\"},{\"@type\":\"ListItem\",\"position\":3,\"name\":\"SENSOR DEGELO EVAPORADORA ELGIN INVERTER 60 BTUS KVFI60B2NC\"}]},{\"@type\":\"WebSite\",\"@id\":\"https:\\\/\\\/dualgree.com.br\\\/loja\\\/#website\",\"url\":\"https:\\\/\\\/dualgree.com.br\\\/loja\\\/\",\"name\":\"Loja - Dual Gree Servi\u00e7os | Partes e Pe\u00e7as\",\"description\":\"Catalogo de Pe\u00e7as para ar condicionado\",\"publisher\":{\"@id\":\"https:\\\/\\\/dualgree.com.br\\\/loja\\\/#organization\"},\"potentialAction\":[{\"@type\":\"SearchAction\",\"target\":{\"@type\":\"EntryPoint\",\"urlTemplate\":\"https:\\\/\\\/dualgree.com.br\\\/loja\\\/?s={search_term_string}\"},\"query-input\":{\"@type\":\"PropertyValueSpecification\",\"valueRequired\":true,\"valueName\":\"search_term_string\"}}],\"inLanguage\":\"pt-BR\"},{\"@type\":\"Organization\",\"@id\":\"https:\\\/\\\/dualgree.com.br\\\/loja\\\/#organization\",\"name\":\"Loja Dual Gree Servi\u00e7o\",\"url\":\"https:\\\/\\\/dualgree.com.br\\\/loja\\\/\",\"logo\":{\"@type\":\"ImageObject\",\"inLanguage\":\"pt-BR\",\"@id\":\"https:\\\/\\\/dualgree.com.br\\\/loja\\\/#\\\/schema\\\/logo\\\/image\\\/\",\"url\":\"https:\\\/\\\/dualgree.com.br\\\/loja\\\/wp-content\\\/uploads\\\/2024\\\/09\\\/teste-logo-ecommerce-dual-1-e1725909304971.png\",\"contentUrl\":\"https:\\\/\\\/dualgree.com.br\\\/loja\\\/wp-content\\\/uploads\\\/2024\\\/09\\\/teste-logo-ecommerce-dual-1-e1725909304971.png\",\"width\":470,\"height\":157,\"caption\":\"Loja Dual Gree Servi\u00e7o\"},\"image\":{\"@id\":\"https:\\\/\\\/dualgree.com.br\\\/loja\\\/#\\\/schema\\\/logo\\\/image\\\/\"}}]}<\/script>\n<!-- \/ Yoast SEO plugin. -->","yoast_head_json":{"title":"SENSOR DEGELO EVAPORADORA ELGIN INVERTER 60 BTUS KVFI60B2NC - Loja - Dual Gree Servi\u00e7os | Pe\u00e7as","robots":{"index":"index","follow":"follow","max-snippet":"max-snippet:-1","max-image-preview":"max-image-preview:large","max-video-preview":"max-video-preview:-1"},"canonical":"https:\/\/dualgree.com.br\/loja\/produto\/sensor-degelo-evaporadora-elgin-inverter-60-btus-kvfi60b2nc\/","og_locale":"pt_BR","og_type":"article","og_title":"SENSOR DEGELO EVAPORADORA ELGIN INVERTER 60 BTUS KVFI60B2NC - Loja - Dual Gree Servi\u00e7os | Pe\u00e7as","og_description":"IC3829-\u00a0SENSOR DEGELO EVAPORADORA ELGIN INVERTER 36 K A 60 BTUS \u00a0 Modelos compat\u00edveis: \u00a0 HBFI09B2FA HBFI12B1FA HBFI12B2FA HBFI18B2FA HBFI24B2FA HBQI09B2FA HBQI12B2FA HBQI18B2FA HBQI24B2FA HEFI09B2FB HEFI12B2FB HEFI18B2FB HEFI24B2FB HEQI09B2FB HEQI12B2FB HEQI18B2FB HEQI24B2FB HXFI09B2FA HXFI12B2FA HXFI18B2FA HXFI24B2FA HXQI09B2FA HXQI12B2FA HXQI18B2FA HXQI24B2FA KAFI24B2NA KAFI36B2NA KAFI48B2NA KAFI60B2NA KVFI36B2NM KVFI48B2NC KVFI60B2NC VUFI09C2FA VUFI12C2FA","og_url":"https:\/\/dualgree.com.br\/loja\/produto\/sensor-degelo-evaporadora-elgin-inverter-60-btus-kvfi60b2nc\/","og_site_name":"Loja - Dual Gree Servi\u00e7os | Pe\u00e7as","twitter_card":"summary_large_image","schema":{"@context":"https:\/\/schema.org","@graph":[{"@type":"WebPage","@id":"https:\/\/dualgree.com.br\/loja\/produto\/sensor-degelo-evaporadora-elgin-inverter-60-btus-kvfi60b2nc\/","url":"https:\/\/dualgree.com.br\/loja\/produto\/sensor-degelo-evaporadora-elgin-inverter-60-btus-kvfi60b2nc\/","name":"SENSOR DEGELO EVAPORADORA ELGIN INVERTER 60 BTUS KVFI60B2NC - Loja - Dual Gree Servi\u00e7os | Pe\u00e7as","isPartOf":{"@id":"https:\/\/dualgree.com.br\/loja\/#website"},"primaryImageOfPage":{"@id":"https:\/\/dualgree.com.br\/loja\/produto\/sensor-degelo-evaporadora-elgin-inverter-60-btus-kvfi60b2nc\/#primaryimage"},"image":{"@id":"https:\/\/dualgree.com.br\/loja\/produto\/sensor-degelo-evaporadora-elgin-inverter-60-btus-kvfi60b2nc\/#primaryimage"},"thumbnailUrl":"https:\/\/dualgree.com.br\/loja\/wp-content\/uploads\/2024\/07\/15281749660_3829-SENSOR20DE20GELO20EVAPORADORA20.png","datePublished":"2024-07-02T14:36:35+00:00","breadcrumb":{"@id":"https:\/\/dualgree.com.br\/loja\/produto\/sensor-degelo-evaporadora-elgin-inverter-60-btus-kvfi60b2nc\/#breadcrumb"},"inLanguage":"pt-BR","potentialAction":[{"@type":"ReadAction","target":["https:\/\/dualgree.com.br\/loja\/produto\/sensor-degelo-evaporadora-elgin-inverter-60-btus-kvfi60b2nc\/"]}]},{"@type":"ImageObject","inLanguage":"pt-BR","@id":"https:\/\/dualgree.com.br\/loja\/produto\/sensor-degelo-evaporadora-elgin-inverter-60-btus-kvfi60b2nc\/#primaryimage","url":"https:\/\/dualgree.com.br\/loja\/wp-content\/uploads\/2024\/07\/15281749660_3829-SENSOR20DE20GELO20EVAPORADORA20.png","contentUrl":"https:\/\/dualgree.com.br\/loja\/wp-content\/uploads\/2024\/07\/15281749660_3829-SENSOR20DE20GELO20EVAPORADORA20.png","width":675,"height":1200},{"@type":"BreadcrumbList","@id":"https:\/\/dualgree.com.br\/loja\/produto\/sensor-degelo-evaporadora-elgin-inverter-60-btus-kvfi60b2nc\/#breadcrumb","itemListElement":[{"@type":"ListItem","position":1,"name":"In\u00edcio","item":"https:\/\/dualgree.com.br\/loja\/"},{"@type":"ListItem","position":2,"name":"Loja &#8211; Cat\u00e1logo de Pe\u00e7as","item":"https:\/\/dualgree.com.br\/loja\/"},{"@type":"ListItem","position":3,"name":"SENSOR DEGELO EVAPORADORA ELGIN INVERTER 60 BTUS KVFI60B2NC"}]},{"@type":"WebSite","@id":"https:\/\/dualgree.com.br\/loja\/#website","url":"https:\/\/dualgree.com.br\/loja\/","name":"Loja - Dual Gree Servi\u00e7os | Partes e Pe\u00e7as","description":"Catalogo de Pe\u00e7as para ar condicionado","publisher":{"@id":"https:\/\/dualgree.com.br\/loja\/#organization"},"potentialAction":[{"@type":"SearchAction","target":{"@type":"EntryPoint","urlTemplate":"https:\/\/dualgree.com.br\/loja\/?s={search_term_string}"},"query-input":{"@type":"PropertyValueSpecification","valueRequired":true,"valueName":"search_term_string"}}],"inLanguage":"pt-BR"},{"@type":"Organization","@id":"https:\/\/dualgree.com.br\/loja\/#organization","name":"Loja Dual Gree Servi\u00e7o","url":"https:\/\/dualgree.com.br\/loja\/","logo":{"@type":"ImageObject","inLanguage":"pt-BR","@id":"https:\/\/dualgree.com.br\/loja\/#\/schema\/logo\/image\/","url":"https:\/\/dualgree.com.br\/loja\/wp-content\/uploads\/2024\/09\/teste-logo-ecommerce-dual-1-e1725909304971.png","contentUrl":"https:\/\/dualgree.com.br\/loja\/wp-content\/uploads\/2024\/09\/teste-logo-ecommerce-dual-1-e1725909304971.png","width":470,"height":157,"caption":"Loja Dual Gree Servi\u00e7o"},"image":{"@id":"https:\/\/dualgree.com.br\/loja\/#\/schema\/logo\/image\/"}}]}},"jetpack_publicize_connections":[],"jetpack_sharing_enabled":true,"jetpack_likes_enabled":true,"_links":{"self":[{"href":"https:\/\/dualgree.com.br\/loja\/wp-json\/wp\/v2\/product\/4897","targetHints":{"allow":["GET"]}}],"collection":[{"href":"https:\/\/dualgree.com.br\/loja\/wp-json\/wp\/v2\/product"}],"about":[{"href":"https:\/\/dualgree.com.br\/loja\/wp-json\/wp\/v2\/types\/product"}],"replies":[{"embeddable":true,"href":"https:\/\/dualgree.com.br\/loja\/wp-json\/wp\/v2\/comments?post=4897"}],"wp:featuredmedia":[{"embeddable":true,"href":"https:\/\/dualgree.com.br\/loja\/wp-json\/wp\/v2\/media\/4896"}],"wp:attachment":[{"href":"https:\/\/dualgree.com.br\/loja\/wp-json\/wp\/v2\/media?parent=4897"}],"wp:term":[{"taxonomy":"product_brand","embeddable":true,"href":"https:\/\/dualgree.com.br\/loja\/wp-json\/wp\/v2\/product_brand?post=4897"},{"taxonomy":"product_cat","embeddable":true,"href":"https:\/\/dualgree.com.br\/loja\/wp-json\/wp\/v2\/product_cat?post=4897"},{"taxonomy":"product_tag","embeddable":true,"href":"https:\/\/dualgree.com.br\/loja\/wp-json\/wp\/v2\/product_tag?post=4897"}],"curies":[{"name":"wp","href":"https:\/\/api.w.org\/{rel}","templated":true}]}}