{"id":4924,"date":"2024-07-04T12:23:30","date_gmt":"2024-07-04T12:23:30","guid":{"rendered":"https:\/\/dualgree.com.br\/loja\/produto\/motor-duplo-da-aleta-ar-condicionado-carrier-42lmca024515lc\/"},"modified":"2025-05-22T21:46:32","modified_gmt":"2025-05-22T21:46:32","slug":"motor-duplo-da-aleta-ar-condicionado-carrier-42lmca024515lc","status":"publish","type":"product","link":"https:\/\/dualgree.com.br\/loja\/produto\/motor-duplo-da-aleta-ar-condicionado-carrier-42lmca024515lc\/","title":{"rendered":"Motor duplo da  Aleta Ar Condicionado Carrier 42LMCA024515LC"},"content":{"rendered":"<p>IC1996 &#8211; Motor Passo Vane Aleta Direcionador de Ar Condicionado 18000 &#8211; 30000 BTUs Springer Midea Carrier<\/p>\n<p>\u00a0<\/p>\n<p>USADO<\/p>\n<p>\u00a0<\/p>\n<p>PRODUTO: Evaporadora Ar Condicionado Split<\/p>\n<p>\u00a0<\/p>\n<p>MODELO: 42LMCA024515LC, 42LMCB024515LC, 42LUCA022515LC, 42LUCA030515LC, 42LUCB030515LC, 42LUCC22C5, 42LUCC30C5, 42LUCD22C5, 42LUCD30C5, 42LUCE22S5, 42LUQA022515LC, 42LUQA030515LC, 42LUQB030515LC, 42LUQC22C5, 42LUQC30C5, 42LUQE22S5, 42LVCA022515LC, 42LVCB022515LC, 42LVCC22C5, 42LVQA022515LC, 42LVQB022515LC, 42MCB022515LS, 42MCC022515LS, 42MKCA22M5, 42MKQA22M5, 42MLCA24M5, 42MLCB24M5, 42MLCB30M5, 42MLCC24M5, 42MLCC30M5, 42MLCD24M5, 42MLCD30M5, 42MLQA24M5, 42MLQB18M5, 42MLQB24M5, 42MLQB30M5, 42MLQC18M5, 42MLQC24M5, 42MLQC30M5, 42MMCB24F5, 42MMQB24F5, 42MQB022515LS, 42MQC022515LS, 42MTCA22M5, 42MTCA28M5, 42MTCB22M5, 42MTCB28M5, 42MTQA22M5, 42MTQA28M5, 42MTQB22M5, 42MTQB28M5, 42RNCA18S5, 42RNCA22S5, 42RNQA18S5, 42RNQA22S5, 42RWCA018515LS, 42RWCA022515LS, 42RWQA018515LS, 42RWQA022515LS, 42RYCA022515LA, 42RYCB022515LA, 42RYQA022515LA, 42RYQB022515LA<\/p>\n","protected":false},"excerpt":{"rendered":"<p>IC1996 &#8211; Motor Passo Vane Aleta Direcionador de Ar Condicionado 18000 &#8211; 30000 BTUs Springer Midea Carrier<\/p>\n<p>\u00a0<\/p>\n<p>USADO<\/p>\n<p>\u00a0<\/p>\n<p>PRODUTO: Evaporadora Ar Condicionado Split<\/p>\n<p>\u00a0<\/p>\n<p>MODELO: 42LMCA024515LC, 42LMCB024515LC, 42LUCA022515LC, 42LUCA030515LC, 42LUCB030515LC, 42LUCC22C5, 42LUCC30C5, 42LUCD22C5, 42LUCD30C5, 42LUCE22S5, 42LUQA022515LC, 42LUQA030515LC, 42LUQB030515LC, 42LUQC22C5, 42LUQC30C5, 42LUQE22S5, 42LVCA022515LC, 42LVCB022515LC, 42LVCC22C5, 42LVQA022515LC, 42LVQB022515LC, 42MCB022515LS, 42MCC022515LS, 42MKCA22M5, 42MKQA22M5, 42MLCA24M5, 42MLCB24M5, 42MLCB30M5, 42MLCC24M5, 42MLCC30M5, 42MLCD24M5, 42MLCD30M5, 42MLQA24M5, 42MLQB18M5, 42MLQB24M5, 42MLQB30M5, 42MLQC18M5, 42MLQC24M5, 42MLQC30M5, 42MMCB24F5, 42MMQB24F5, 42MQB022515LS, 42MQC022515LS, 42MTCA22M5, 42MTCA28M5, 42MTCB22M5, 42MTCB28M5, 42MTQA22M5, 42MTQA28M5, 42MTQB22M5, 42MTQB28M5, 42RNCA18S5, 42RNCA22S5, 42RNQA18S5, 42RNQA22S5, 42RWCA018515LS, 42RWCA022515LS, 42RWQA018515LS, 42RWQA022515LS, 42RYCA022515LA, 42RYCB022515LA, 42RYQA022515LA, 42RYQB022515LA<\/p>\n","protected":false},"featured_media":9597,"comment_status":"open","ping_status":"closed","template":"","meta":{"_kadence_starter_templates_imported_post":false,"_kad_post_transparent":"","_kad_post_title":"","_kad_post_layout":"","_kad_post_sidebar_id":"","_kad_post_content_style":"","_kad_post_vertical_padding":"","_kad_post_feature":"","_kad_post_feature_position":"","_kad_post_header":false,"_kad_post_footer":false,"jetpack_publicize_message":"","jetpack_publicize_feature_enabled":true,"jetpack_social_post_already_shared":false,"jetpack_social_options":{"image_generator_settings":{"template":"highway","default_image_id":0,"font":"","enabled":false},"version":2}},"product_brand":[],"product_cat":[177,176,173,179],"product_tag":[],"class_list":{"0":"post-4924","1":"product","2":"type-product","3":"status-publish","4":"has-post-thumbnail","6":"product_cat-carrier","7":"product_cat-midea","8":"product_cat-motor-da-aleta-split","9":"product_cat-springer","11":"first","12":"instock","13":"shipping-taxable","14":"purchasable","15":"product-type-simple","16":"entry","17":"content-bg","18":"loop-entry"},"yoast_head":"<!-- This site is optimized with the Yoast SEO plugin v27.4 - https:\/\/yoast.com\/product\/yoast-seo-wordpress\/ -->\n<title>Motor duplo da Aleta Ar Condicionado Carrier 42LMCA024515LC - Loja - Dual Gree Servi\u00e7os | Pe\u00e7as<\/title>\n<meta name=\"robots\" content=\"index, follow, max-snippet:-1, max-image-preview:large, max-video-preview:-1\" \/>\n<link rel=\"canonical\" href=\"https:\/\/dualgree.com.br\/loja\/produto\/motor-duplo-da-aleta-ar-condicionado-carrier-42lmca024515lc\/\" \/>\n<meta property=\"og:locale\" content=\"pt_BR\" \/>\n<meta property=\"og:type\" content=\"article\" \/>\n<meta property=\"og:title\" content=\"Motor duplo da Aleta Ar Condicionado Carrier 42LMCA024515LC - Loja - Dual Gree Servi\u00e7os | Pe\u00e7as\" \/>\n<meta property=\"og:description\" content=\"IC1996 - Motor Passo Vane Aleta Direcionador de Ar Condicionado 18000 - 30000 BTUs Springer Midea Carrier \u00a0 USADO \u00a0 PRODUTO: Evaporadora Ar Condicionado Split \u00a0 MODELO: 42LMCA024515LC, 42LMCB024515LC, 42LUCA022515LC, 42LUCA030515LC, 42LUCB030515LC, 42LUCC22C5, 42LUCC30C5, 42LUCD22C5, 42LUCD30C5, 42LUCE22S5, 42LUQA022515LC, 42LUQA030515LC, 42LUQB030515LC, 42LUQC22C5, 42LUQC30C5, 42LUQE22S5, 42LVCA022515LC, 42LVCB022515LC, 42LVCC22C5, 42LVQA022515LC, 42LVQB022515LC, 42MCB022515LS, 42MCC022515LS, 42MKCA22M5, 42MKQA22M5, 42MLCA24M5, 42MLCB24M5, 42MLCB30M5, 42MLCC24M5, 42MLCC30M5, 42MLCD24M5, 42MLCD30M5, 42MLQA24M5, 42MLQB18M5, 42MLQB24M5, 42MLQB30M5, 42MLQC18M5, 42MLQC24M5, 42MLQC30M5, 42MMCB24F5, 42MMQB24F5, 42MQB022515LS, 42MQC022515LS, 42MTCA22M5, 42MTCA28M5, 42MTCB22M5, 42MTCB28M5, 42MTQA22M5, 42MTQA28M5, 42MTQB22M5, 42MTQB28M5, 42RNCA18S5, 42RNCA22S5, 42RNQA18S5, 42RNQA22S5, 42RWCA018515LS, 42RWCA022515LS, 42RWQA018515LS, 42RWQA022515LS, 42RYCA022515LA, 42RYCB022515LA, 42RYQA022515LA, 42RYQB022515LA\" \/>\n<meta property=\"og:url\" content=\"https:\/\/dualgree.com.br\/loja\/produto\/motor-duplo-da-aleta-ar-condicionado-carrier-42lmca024515lc\/\" \/>\n<meta property=\"og:site_name\" content=\"Loja - Dual Gree Servi\u00e7os | Pe\u00e7as\" \/>\n<meta property=\"article:modified_time\" content=\"2025-05-22T21:46:32+00:00\" \/>\n<meta property=\"og:image\" content=\"https:\/\/dualgree.com.br\/loja\/wp-content\/uploads\/2024\/07\/15283707113_1996-1996-Motor20Passo20Vane20Aleta20Direcionador20de20Ar2020240020000420Ar20Condicionado20Carrier20Midea20.jpeg\" \/>\n\t<meta property=\"og:image:width\" content=\"1200\" \/>\n\t<meta property=\"og:image:height\" content=\"1200\" \/>\n\t<meta property=\"og:image:type\" content=\"image\/jpeg\" \/>\n<meta name=\"twitter:card\" content=\"summary_large_image\" \/>\n<meta name=\"twitter:label1\" content=\"Est. tempo de leitura\" \/>\n\t<meta name=\"twitter:data1\" content=\"1 minuto\" \/>\n<script type=\"application\/ld+json\" class=\"yoast-schema-graph\">{\"@context\":\"https:\\\/\\\/schema.org\",\"@graph\":[{\"@type\":\"WebPage\",\"@id\":\"https:\\\/\\\/dualgree.com.br\\\/loja\\\/produto\\\/motor-duplo-da-aleta-ar-condicionado-carrier-42lmca024515lc\\\/\",\"url\":\"https:\\\/\\\/dualgree.com.br\\\/loja\\\/produto\\\/motor-duplo-da-aleta-ar-condicionado-carrier-42lmca024515lc\\\/\",\"name\":\"Motor duplo da Aleta Ar Condicionado Carrier 42LMCA024515LC - Loja - Dual Gree Servi\u00e7os | Pe\u00e7as\",\"isPartOf\":{\"@id\":\"https:\\\/\\\/dualgree.com.br\\\/loja\\\/#website\"},\"primaryImageOfPage\":{\"@id\":\"https:\\\/\\\/dualgree.com.br\\\/loja\\\/produto\\\/motor-duplo-da-aleta-ar-condicionado-carrier-42lmca024515lc\\\/#primaryimage\"},\"image\":{\"@id\":\"https:\\\/\\\/dualgree.com.br\\\/loja\\\/produto\\\/motor-duplo-da-aleta-ar-condicionado-carrier-42lmca024515lc\\\/#primaryimage\"},\"thumbnailUrl\":\"https:\\\/\\\/dualgree.com.br\\\/loja\\\/wp-content\\\/uploads\\\/2025\\\/05\\\/15283707113-1996-1996-motor-passo-vane-aleta-direcionador-de-ar-202400200004-ar-condicionado-carrier-midea.webp\",\"datePublished\":\"2024-07-04T12:23:30+00:00\",\"dateModified\":\"2025-05-22T21:46:32+00:00\",\"breadcrumb\":{\"@id\":\"https:\\\/\\\/dualgree.com.br\\\/loja\\\/produto\\\/motor-duplo-da-aleta-ar-condicionado-carrier-42lmca024515lc\\\/#breadcrumb\"},\"inLanguage\":\"pt-BR\",\"potentialAction\":[{\"@type\":\"ReadAction\",\"target\":[\"https:\\\/\\\/dualgree.com.br\\\/loja\\\/produto\\\/motor-duplo-da-aleta-ar-condicionado-carrier-42lmca024515lc\\\/\"]}]},{\"@type\":\"ImageObject\",\"inLanguage\":\"pt-BR\",\"@id\":\"https:\\\/\\\/dualgree.com.br\\\/loja\\\/produto\\\/motor-duplo-da-aleta-ar-condicionado-carrier-42lmca024515lc\\\/#primaryimage\",\"url\":\"https:\\\/\\\/dualgree.com.br\\\/loja\\\/wp-content\\\/uploads\\\/2025\\\/05\\\/15283707113-1996-1996-motor-passo-vane-aleta-direcionador-de-ar-202400200004-ar-condicionado-carrier-midea.webp\",\"contentUrl\":\"https:\\\/\\\/dualgree.com.br\\\/loja\\\/wp-content\\\/uploads\\\/2025\\\/05\\\/15283707113-1996-1996-motor-passo-vane-aleta-direcionador-de-ar-202400200004-ar-condicionado-carrier-midea.webp\",\"width\":1280,\"height\":1280},{\"@type\":\"BreadcrumbList\",\"@id\":\"https:\\\/\\\/dualgree.com.br\\\/loja\\\/produto\\\/motor-duplo-da-aleta-ar-condicionado-carrier-42lmca024515lc\\\/#breadcrumb\",\"itemListElement\":[{\"@type\":\"ListItem\",\"position\":1,\"name\":\"In\u00edcio\",\"item\":\"https:\\\/\\\/dualgree.com.br\\\/loja\\\/\"},{\"@type\":\"ListItem\",\"position\":2,\"name\":\"Loja &#8211; Cat\u00e1logo de Pe\u00e7as\",\"item\":\"https:\\\/\\\/dualgree.com.br\\\/loja\\\/\"},{\"@type\":\"ListItem\",\"position\":3,\"name\":\"Motor duplo da Aleta Ar Condicionado Carrier 42LMCA024515LC\"}]},{\"@type\":\"WebSite\",\"@id\":\"https:\\\/\\\/dualgree.com.br\\\/loja\\\/#website\",\"url\":\"https:\\\/\\\/dualgree.com.br\\\/loja\\\/\",\"name\":\"Loja - Dual Gree Servi\u00e7os | Partes e Pe\u00e7as\",\"description\":\"Catalogo de Pe\u00e7as para ar condicionado\",\"publisher\":{\"@id\":\"https:\\\/\\\/dualgree.com.br\\\/loja\\\/#organization\"},\"potentialAction\":[{\"@type\":\"SearchAction\",\"target\":{\"@type\":\"EntryPoint\",\"urlTemplate\":\"https:\\\/\\\/dualgree.com.br\\\/loja\\\/?s={search_term_string}\"},\"query-input\":{\"@type\":\"PropertyValueSpecification\",\"valueRequired\":true,\"valueName\":\"search_term_string\"}}],\"inLanguage\":\"pt-BR\"},{\"@type\":\"Organization\",\"@id\":\"https:\\\/\\\/dualgree.com.br\\\/loja\\\/#organization\",\"name\":\"Loja Dual Gree Servi\u00e7o\",\"url\":\"https:\\\/\\\/dualgree.com.br\\\/loja\\\/\",\"logo\":{\"@type\":\"ImageObject\",\"inLanguage\":\"pt-BR\",\"@id\":\"https:\\\/\\\/dualgree.com.br\\\/loja\\\/#\\\/schema\\\/logo\\\/image\\\/\",\"url\":\"https:\\\/\\\/dualgree.com.br\\\/loja\\\/wp-content\\\/uploads\\\/2024\\\/09\\\/teste-logo-ecommerce-dual-1-e1725909304971.png\",\"contentUrl\":\"https:\\\/\\\/dualgree.com.br\\\/loja\\\/wp-content\\\/uploads\\\/2024\\\/09\\\/teste-logo-ecommerce-dual-1-e1725909304971.png\",\"width\":470,\"height\":157,\"caption\":\"Loja Dual Gree Servi\u00e7o\"},\"image\":{\"@id\":\"https:\\\/\\\/dualgree.com.br\\\/loja\\\/#\\\/schema\\\/logo\\\/image\\\/\"}}]}<\/script>\n<!-- \/ Yoast SEO plugin. -->","yoast_head_json":{"title":"Motor duplo da Aleta Ar Condicionado Carrier 42LMCA024515LC - Loja - Dual Gree Servi\u00e7os | Pe\u00e7as","robots":{"index":"index","follow":"follow","max-snippet":"max-snippet:-1","max-image-preview":"max-image-preview:large","max-video-preview":"max-video-preview:-1"},"canonical":"https:\/\/dualgree.com.br\/loja\/produto\/motor-duplo-da-aleta-ar-condicionado-carrier-42lmca024515lc\/","og_locale":"pt_BR","og_type":"article","og_title":"Motor duplo da Aleta Ar Condicionado Carrier 42LMCA024515LC - Loja - Dual Gree Servi\u00e7os | Pe\u00e7as","og_description":"IC1996 - Motor Passo Vane Aleta Direcionador de Ar Condicionado 18000 - 30000 BTUs Springer Midea Carrier \u00a0 USADO \u00a0 PRODUTO: Evaporadora Ar Condicionado Split \u00a0 MODELO: 42LMCA024515LC, 42LMCB024515LC, 42LUCA022515LC, 42LUCA030515LC, 42LUCB030515LC, 42LUCC22C5, 42LUCC30C5, 42LUCD22C5, 42LUCD30C5, 42LUCE22S5, 42LUQA022515LC, 42LUQA030515LC, 42LUQB030515LC, 42LUQC22C5, 42LUQC30C5, 42LUQE22S5, 42LVCA022515LC, 42LVCB022515LC, 42LVCC22C5, 42LVQA022515LC, 42LVQB022515LC, 42MCB022515LS, 42MCC022515LS, 42MKCA22M5, 42MKQA22M5, 42MLCA24M5, 42MLCB24M5, 42MLCB30M5, 42MLCC24M5, 42MLCC30M5, 42MLCD24M5, 42MLCD30M5, 42MLQA24M5, 42MLQB18M5, 42MLQB24M5, 42MLQB30M5, 42MLQC18M5, 42MLQC24M5, 42MLQC30M5, 42MMCB24F5, 42MMQB24F5, 42MQB022515LS, 42MQC022515LS, 42MTCA22M5, 42MTCA28M5, 42MTCB22M5, 42MTCB28M5, 42MTQA22M5, 42MTQA28M5, 42MTQB22M5, 42MTQB28M5, 42RNCA18S5, 42RNCA22S5, 42RNQA18S5, 42RNQA22S5, 42RWCA018515LS, 42RWCA022515LS, 42RWQA018515LS, 42RWQA022515LS, 42RYCA022515LA, 42RYCB022515LA, 42RYQA022515LA, 42RYQB022515LA","og_url":"https:\/\/dualgree.com.br\/loja\/produto\/motor-duplo-da-aleta-ar-condicionado-carrier-42lmca024515lc\/","og_site_name":"Loja - Dual Gree Servi\u00e7os | Pe\u00e7as","article_modified_time":"2025-05-22T21:46:32+00:00","og_image":[{"width":1200,"height":1200,"url":"https:\/\/dualgree.com.br\/loja\/wp-content\/uploads\/2024\/07\/15283707113_1996-1996-Motor20Passo20Vane20Aleta20Direcionador20de20Ar2020240020000420Ar20Condicionado20Carrier20Midea20.jpeg","type":"image\/jpeg"}],"twitter_card":"summary_large_image","twitter_misc":{"Est. tempo de leitura":"1 minuto"},"schema":{"@context":"https:\/\/schema.org","@graph":[{"@type":"WebPage","@id":"https:\/\/dualgree.com.br\/loja\/produto\/motor-duplo-da-aleta-ar-condicionado-carrier-42lmca024515lc\/","url":"https:\/\/dualgree.com.br\/loja\/produto\/motor-duplo-da-aleta-ar-condicionado-carrier-42lmca024515lc\/","name":"Motor duplo da Aleta Ar Condicionado Carrier 42LMCA024515LC - Loja - Dual Gree Servi\u00e7os | Pe\u00e7as","isPartOf":{"@id":"https:\/\/dualgree.com.br\/loja\/#website"},"primaryImageOfPage":{"@id":"https:\/\/dualgree.com.br\/loja\/produto\/motor-duplo-da-aleta-ar-condicionado-carrier-42lmca024515lc\/#primaryimage"},"image":{"@id":"https:\/\/dualgree.com.br\/loja\/produto\/motor-duplo-da-aleta-ar-condicionado-carrier-42lmca024515lc\/#primaryimage"},"thumbnailUrl":"https:\/\/dualgree.com.br\/loja\/wp-content\/uploads\/2025\/05\/15283707113-1996-1996-motor-passo-vane-aleta-direcionador-de-ar-202400200004-ar-condicionado-carrier-midea.webp","datePublished":"2024-07-04T12:23:30+00:00","dateModified":"2025-05-22T21:46:32+00:00","breadcrumb":{"@id":"https:\/\/dualgree.com.br\/loja\/produto\/motor-duplo-da-aleta-ar-condicionado-carrier-42lmca024515lc\/#breadcrumb"},"inLanguage":"pt-BR","potentialAction":[{"@type":"ReadAction","target":["https:\/\/dualgree.com.br\/loja\/produto\/motor-duplo-da-aleta-ar-condicionado-carrier-42lmca024515lc\/"]}]},{"@type":"ImageObject","inLanguage":"pt-BR","@id":"https:\/\/dualgree.com.br\/loja\/produto\/motor-duplo-da-aleta-ar-condicionado-carrier-42lmca024515lc\/#primaryimage","url":"https:\/\/dualgree.com.br\/loja\/wp-content\/uploads\/2025\/05\/15283707113-1996-1996-motor-passo-vane-aleta-direcionador-de-ar-202400200004-ar-condicionado-carrier-midea.webp","contentUrl":"https:\/\/dualgree.com.br\/loja\/wp-content\/uploads\/2025\/05\/15283707113-1996-1996-motor-passo-vane-aleta-direcionador-de-ar-202400200004-ar-condicionado-carrier-midea.webp","width":1280,"height":1280},{"@type":"BreadcrumbList","@id":"https:\/\/dualgree.com.br\/loja\/produto\/motor-duplo-da-aleta-ar-condicionado-carrier-42lmca024515lc\/#breadcrumb","itemListElement":[{"@type":"ListItem","position":1,"name":"In\u00edcio","item":"https:\/\/dualgree.com.br\/loja\/"},{"@type":"ListItem","position":2,"name":"Loja &#8211; Cat\u00e1logo de Pe\u00e7as","item":"https:\/\/dualgree.com.br\/loja\/"},{"@type":"ListItem","position":3,"name":"Motor duplo da Aleta Ar Condicionado Carrier 42LMCA024515LC"}]},{"@type":"WebSite","@id":"https:\/\/dualgree.com.br\/loja\/#website","url":"https:\/\/dualgree.com.br\/loja\/","name":"Loja - Dual Gree Servi\u00e7os | Partes e Pe\u00e7as","description":"Catalogo de Pe\u00e7as para ar condicionado","publisher":{"@id":"https:\/\/dualgree.com.br\/loja\/#organization"},"potentialAction":[{"@type":"SearchAction","target":{"@type":"EntryPoint","urlTemplate":"https:\/\/dualgree.com.br\/loja\/?s={search_term_string}"},"query-input":{"@type":"PropertyValueSpecification","valueRequired":true,"valueName":"search_term_string"}}],"inLanguage":"pt-BR"},{"@type":"Organization","@id":"https:\/\/dualgree.com.br\/loja\/#organization","name":"Loja Dual Gree Servi\u00e7o","url":"https:\/\/dualgree.com.br\/loja\/","logo":{"@type":"ImageObject","inLanguage":"pt-BR","@id":"https:\/\/dualgree.com.br\/loja\/#\/schema\/logo\/image\/","url":"https:\/\/dualgree.com.br\/loja\/wp-content\/uploads\/2024\/09\/teste-logo-ecommerce-dual-1-e1725909304971.png","contentUrl":"https:\/\/dualgree.com.br\/loja\/wp-content\/uploads\/2024\/09\/teste-logo-ecommerce-dual-1-e1725909304971.png","width":470,"height":157,"caption":"Loja Dual Gree Servi\u00e7o"},"image":{"@id":"https:\/\/dualgree.com.br\/loja\/#\/schema\/logo\/image\/"}}]}},"jetpack_publicize_connections":[],"jetpack_sharing_enabled":true,"jetpack_likes_enabled":true,"_links":{"self":[{"href":"https:\/\/dualgree.com.br\/loja\/wp-json\/wp\/v2\/product\/4924","targetHints":{"allow":["GET"]}}],"collection":[{"href":"https:\/\/dualgree.com.br\/loja\/wp-json\/wp\/v2\/product"}],"about":[{"href":"https:\/\/dualgree.com.br\/loja\/wp-json\/wp\/v2\/types\/product"}],"replies":[{"embeddable":true,"href":"https:\/\/dualgree.com.br\/loja\/wp-json\/wp\/v2\/comments?post=4924"}],"wp:featuredmedia":[{"embeddable":true,"href":"https:\/\/dualgree.com.br\/loja\/wp-json\/wp\/v2\/media\/9597"}],"wp:attachment":[{"href":"https:\/\/dualgree.com.br\/loja\/wp-json\/wp\/v2\/media?parent=4924"}],"wp:term":[{"taxonomy":"product_brand","embeddable":true,"href":"https:\/\/dualgree.com.br\/loja\/wp-json\/wp\/v2\/product_brand?post=4924"},{"taxonomy":"product_cat","embeddable":true,"href":"https:\/\/dualgree.com.br\/loja\/wp-json\/wp\/v2\/product_cat?post=4924"},{"taxonomy":"product_tag","embeddable":true,"href":"https:\/\/dualgree.com.br\/loja\/wp-json\/wp\/v2\/product_tag?post=4924"}],"curies":[{"name":"wp","href":"https:\/\/api.w.org\/{rel}","templated":true}]}}