{"id":5215,"date":"2024-07-23T12:11:17","date_gmt":"2024-07-23T12:11:17","guid":{"rendered":"https:\/\/dualgree.com.br\/loja\/produto\/controle-remoto-carrier-piso-teto-24000btu-h-42xqb024717lc\/"},"modified":"2025-05-19T14:49:13","modified_gmt":"2025-05-19T14:49:13","slug":"controle-remoto-carrier-piso-teto-24000btu-h-42xqb024717lc","status":"publish","type":"product","link":"https:\/\/dualgree.com.br\/loja\/produto\/controle-remoto-carrier-piso-teto-24000btu-h-42xqb024717lc\/","title":{"rendered":"Controle remoto Carrier Piso Teto 24000Btu\/h 42XQB024717LC"},"content":{"rendered":"","protected":false},"excerpt":{"rendered":"<p><span>IC1895 &#8211; Controle remoto Carrier Piso Teto 24000Btu\/h 42XQB024717LC<\/span><\/p>\n<p>\u00a0<\/p>\n<p>\u00a0<\/p>\n<p>CONTROLE NOVO<\/p>\n<p>\u00a0<\/p>\n<p>MODELO UTILIZADO<\/p>\n<p>AR CONDICIONADO SPRINGER<\/p>\n<p>\u00a0<\/p>\n<p>MODE:<\/p>\n<p>VENTILA\u00c7\u00c3O<\/p>\n<p>FRIO<\/p>\n<p>UMIDIFICA\u00c7\u00c3O<\/p>\n<p>QUENTE<\/p>\n<p>\u00a0<\/p>\n<p>\u00a0<\/p>\n<p>42XQB018717LC<\/p>\n<p>42XQB024717LC<\/p>\n<p>42XQB036717LC<\/p>\n<p>42XQB048717LC<\/p>\n<p>42XQB057717LC<\/p>\n<p>42XQB072717LC<\/p>\n<p>42XQD018515LC<\/p>\n<p>42XQD024515LC<\/p>\n<p>42XQD030515LC<\/p>\n<p>42XQD036515LC<\/p>\n<p>42XQD048515LC<\/p>\n<p>42XQD060515LC<\/p>\n<p>42XQDA60515LC<\/p>\n<p>42LSA14225AL<\/p>\n<p>42LSA14225ALB<\/p>\n<p>42LSA14226AL<\/p>\n<p>42LSA14226ALB<\/p>\n<p>42LSA14226ALBZ<\/p>\n<p>42LSA20225AL<\/p>\n<p>42LSA20225ALB<\/p>\n<p>\u00a0<\/p>\n<p>42LSA20226AL<\/p>\n<p>42LSA20226ALB<\/p>\n<p>42LSA20226ALBZ<\/p>\n<p>42LSA25225AL<\/p>\n<p>42LSA25225ALB<\/p>\n<p>42LSA25226AL<\/p>\n<p>42LSA25226ALB<\/p>\n<p>42LSA25226ALBZ<\/p>\n<p>42LSA30225AL<\/p>\n<p>42LSA30225ALB<\/p>\n<p>42LSA30226AL<\/p>\n<p>42LSA30226ALB<\/p>\n<p>42LSA30226ALBZ<\/p>\n<p>42LSA36225AL<\/p>\n<p>42LSA36225ALB<\/p>\n<p>42LSA36226AL<\/p>\n<p>42LSA36226ALB<\/p>\n<p>42LSA36226ALBZ<\/p>\n<p>42LSA44225AL<\/p>\n<p>42LSA44225ALB<\/p>\n<p>42LSA44226AL<\/p>\n<p>42LSA44226ALB<\/p>\n<p>42LSA48225AL<\/p>\n<p>42LSA48225ALB<\/p>\n<p>42LSA48226AL<\/p>\n<p>42LSA48226ALB<\/p>\n<p>42LSA48226ALBZ<\/p>\n<p>42LSA55225AL<\/p>\n<p>42LSA55225ALB<\/p>\n<p>42LSA55226AL<\/p>\n<p>42LSA55226ALB<\/p>\n","protected":false},"featured_media":5212,"comment_status":"open","ping_status":"closed","template":"","meta":{"_kadence_starter_templates_imported_post":false,"_kad_post_transparent":"","_kad_post_title":"","_kad_post_layout":"","_kad_post_sidebar_id":"","_kad_post_content_style":"","_kad_post_vertical_padding":"","_kad_post_feature":"","_kad_post_feature_position":"","_kad_post_header":false,"_kad_post_footer":false,"jetpack_publicize_message":"","jetpack_publicize_feature_enabled":true,"jetpack_social_post_already_shared":false,"jetpack_social_options":{"image_generator_settings":{"template":"highway","default_image_id":0,"font":"","enabled":false},"version":2}},"product_brand":[],"product_cat":[177,240],"product_tag":[],"class_list":{"0":"post-5215","1":"product","2":"type-product","3":"status-publish","4":"has-post-thumbnail","6":"product_cat-carrier","7":"product_cat-controle-remoto-split","9":"first","10":"outofstock","11":"shipping-taxable","12":"purchasable","13":"product-type-simple","14":"entry","15":"content-bg","16":"loop-entry"},"yoast_head":"<!-- This site is optimized with the Yoast SEO plugin v27.5 - https:\/\/yoast.com\/product\/yoast-seo-wordpress\/ -->\n<title>Controle remoto Carrier Piso Teto 24000Btu\/h 42XQB024717LC - Loja - Dual Gree Servi\u00e7os | Pe\u00e7as<\/title>\n<meta name=\"robots\" content=\"index, follow, max-snippet:-1, max-image-preview:large, max-video-preview:-1\" \/>\n<link rel=\"canonical\" href=\"https:\/\/dualgree.com.br\/loja\/produto\/controle-remoto-carrier-piso-teto-24000btu-h-42xqb024717lc\/\" \/>\n<meta property=\"og:locale\" content=\"pt_BR\" \/>\n<meta property=\"og:type\" content=\"article\" \/>\n<meta property=\"og:title\" content=\"Controle remoto Carrier Piso Teto 24000Btu\/h 42XQB024717LC - Loja - Dual Gree Servi\u00e7os | Pe\u00e7as\" \/>\n<meta property=\"og:description\" content=\"IC1895 - Controle remoto Carrier Piso Teto 24000Btu\/h 42XQB024717LC \u00a0 \u00a0 CONTROLE NOVO \u00a0 MODELO UTILIZADO AR CONDICIONADO SPRINGER \u00a0 MODE: VENTILA\u00c7\u00c3O FRIO UMIDIFICA\u00c7\u00c3O QUENTE \u00a0 \u00a0 42XQB018717LC 42XQB024717LC 42XQB036717LC 42XQB048717LC 42XQB057717LC 42XQB072717LC 42XQD018515LC 42XQD024515LC 42XQD030515LC 42XQD036515LC 42XQD048515LC 42XQD060515LC 42XQDA60515LC 42LSA14225AL 42LSA14225ALB 42LSA14226AL 42LSA14226ALB 42LSA14226ALBZ 42LSA20225AL 42LSA20225ALB \u00a0 42LSA20226AL 42LSA20226ALB 42LSA20226ALBZ 42LSA25225AL 42LSA25225ALB 42LSA25226AL 42LSA25226ALB 42LSA25226ALBZ 42LSA30225AL 42LSA30225ALB 42LSA30226AL 42LSA30226ALB 42LSA30226ALBZ 42LSA36225AL 42LSA36225ALB 42LSA36226AL 42LSA36226ALB 42LSA36226ALBZ 42LSA44225AL 42LSA44225ALB 42LSA44226AL 42LSA44226ALB 42LSA48225AL 42LSA48225ALB 42LSA48226AL 42LSA48226ALB 42LSA48226ALBZ 42LSA55225AL 42LSA55225ALB 42LSA55226AL 42LSA55226ALB\" \/>\n<meta property=\"og:url\" content=\"https:\/\/dualgree.com.br\/loja\/produto\/controle-remoto-carrier-piso-teto-24000btu-h-42xqb024717lc\/\" \/>\n<meta property=\"og:site_name\" content=\"Loja - Dual Gree Servi\u00e7os | Pe\u00e7as\" \/>\n<meta property=\"article:modified_time\" content=\"2025-05-19T14:49:13+00:00\" \/>\n<meta name=\"twitter:card\" content=\"summary_large_image\" \/>\n<script type=\"application\/ld+json\" class=\"yoast-schema-graph\">{\"@context\":\"https:\\\/\\\/schema.org\",\"@graph\":[{\"@type\":\"WebPage\",\"@id\":\"https:\\\/\\\/dualgree.com.br\\\/loja\\\/produto\\\/controle-remoto-carrier-piso-teto-24000btu-h-42xqb024717lc\\\/\",\"url\":\"https:\\\/\\\/dualgree.com.br\\\/loja\\\/produto\\\/controle-remoto-carrier-piso-teto-24000btu-h-42xqb024717lc\\\/\",\"name\":\"Controle remoto Carrier Piso Teto 24000Btu\\\/h 42XQB024717LC - Loja - Dual Gree Servi\u00e7os | Pe\u00e7as\",\"isPartOf\":{\"@id\":\"https:\\\/\\\/dualgree.com.br\\\/loja\\\/#website\"},\"primaryImageOfPage\":{\"@id\":\"https:\\\/\\\/dualgree.com.br\\\/loja\\\/produto\\\/controle-remoto-carrier-piso-teto-24000btu-h-42xqb024717lc\\\/#primaryimage\"},\"image\":{\"@id\":\"https:\\\/\\\/dualgree.com.br\\\/loja\\\/produto\\\/controle-remoto-carrier-piso-teto-24000btu-h-42xqb024717lc\\\/#primaryimage\"},\"thumbnailUrl\":\"https:\\\/\\\/dualgree.com.br\\\/loja\\\/wp-content\\\/uploads\\\/2024\\\/07\\\/15285792953_1895-CONTROLE20REMOTO20S20FIO20SPACE20LCD5.5201820A206000BTUS20.png\",\"datePublished\":\"2024-07-23T12:11:17+00:00\",\"dateModified\":\"2025-05-19T14:49:13+00:00\",\"breadcrumb\":{\"@id\":\"https:\\\/\\\/dualgree.com.br\\\/loja\\\/produto\\\/controle-remoto-carrier-piso-teto-24000btu-h-42xqb024717lc\\\/#breadcrumb\"},\"inLanguage\":\"pt-BR\",\"potentialAction\":[{\"@type\":\"ReadAction\",\"target\":[\"https:\\\/\\\/dualgree.com.br\\\/loja\\\/produto\\\/controle-remoto-carrier-piso-teto-24000btu-h-42xqb024717lc\\\/\"]}]},{\"@type\":\"ImageObject\",\"inLanguage\":\"pt-BR\",\"@id\":\"https:\\\/\\\/dualgree.com.br\\\/loja\\\/produto\\\/controle-remoto-carrier-piso-teto-24000btu-h-42xqb024717lc\\\/#primaryimage\",\"url\":\"https:\\\/\\\/dualgree.com.br\\\/loja\\\/wp-content\\\/uploads\\\/2024\\\/07\\\/15285792953_1895-CONTROLE20REMOTO20S20FIO20SPACE20LCD5.5201820A206000BTUS20.png\",\"contentUrl\":\"https:\\\/\\\/dualgree.com.br\\\/loja\\\/wp-content\\\/uploads\\\/2024\\\/07\\\/15285792953_1895-CONTROLE20REMOTO20S20FIO20SPACE20LCD5.5201820A206000BTUS20.png\",\"width\":1280,\"height\":1280},{\"@type\":\"BreadcrumbList\",\"@id\":\"https:\\\/\\\/dualgree.com.br\\\/loja\\\/produto\\\/controle-remoto-carrier-piso-teto-24000btu-h-42xqb024717lc\\\/#breadcrumb\",\"itemListElement\":[{\"@type\":\"ListItem\",\"position\":1,\"name\":\"In\u00edcio\",\"item\":\"https:\\\/\\\/dualgree.com.br\\\/loja\\\/\"},{\"@type\":\"ListItem\",\"position\":2,\"name\":\"Loja &#8211; Cat\u00e1logo de Pe\u00e7as\",\"item\":\"https:\\\/\\\/dualgree.com.br\\\/loja\\\/\"},{\"@type\":\"ListItem\",\"position\":3,\"name\":\"Controle remoto Carrier Piso Teto 24000Btu\\\/h 42XQB024717LC\"}]},{\"@type\":\"WebSite\",\"@id\":\"https:\\\/\\\/dualgree.com.br\\\/loja\\\/#website\",\"url\":\"https:\\\/\\\/dualgree.com.br\\\/loja\\\/\",\"name\":\"Loja - Dual Gree Servi\u00e7os | Partes e Pe\u00e7as\",\"description\":\"Catalogo de Pe\u00e7as para ar condicionado\",\"publisher\":{\"@id\":\"https:\\\/\\\/dualgree.com.br\\\/loja\\\/#organization\"},\"potentialAction\":[{\"@type\":\"SearchAction\",\"target\":{\"@type\":\"EntryPoint\",\"urlTemplate\":\"https:\\\/\\\/dualgree.com.br\\\/loja\\\/?s={search_term_string}\"},\"query-input\":{\"@type\":\"PropertyValueSpecification\",\"valueRequired\":true,\"valueName\":\"search_term_string\"}}],\"inLanguage\":\"pt-BR\"},{\"@type\":\"Organization\",\"@id\":\"https:\\\/\\\/dualgree.com.br\\\/loja\\\/#organization\",\"name\":\"Loja Dual Gree Servi\u00e7o\",\"url\":\"https:\\\/\\\/dualgree.com.br\\\/loja\\\/\",\"logo\":{\"@type\":\"ImageObject\",\"inLanguage\":\"pt-BR\",\"@id\":\"https:\\\/\\\/dualgree.com.br\\\/loja\\\/#\\\/schema\\\/logo\\\/image\\\/\",\"url\":\"https:\\\/\\\/dualgree.com.br\\\/loja\\\/wp-content\\\/uploads\\\/2024\\\/09\\\/teste-logo-ecommerce-dual-1-e1725909304971.png\",\"contentUrl\":\"https:\\\/\\\/dualgree.com.br\\\/loja\\\/wp-content\\\/uploads\\\/2024\\\/09\\\/teste-logo-ecommerce-dual-1-e1725909304971.png\",\"width\":470,\"height\":157,\"caption\":\"Loja Dual Gree Servi\u00e7o\"},\"image\":{\"@id\":\"https:\\\/\\\/dualgree.com.br\\\/loja\\\/#\\\/schema\\\/logo\\\/image\\\/\"}}]}<\/script>\n<!-- \/ Yoast SEO plugin. -->","yoast_head_json":{"title":"Controle remoto Carrier Piso Teto 24000Btu\/h 42XQB024717LC - Loja - Dual Gree Servi\u00e7os | Pe\u00e7as","robots":{"index":"index","follow":"follow","max-snippet":"max-snippet:-1","max-image-preview":"max-image-preview:large","max-video-preview":"max-video-preview:-1"},"canonical":"https:\/\/dualgree.com.br\/loja\/produto\/controle-remoto-carrier-piso-teto-24000btu-h-42xqb024717lc\/","og_locale":"pt_BR","og_type":"article","og_title":"Controle remoto Carrier Piso Teto 24000Btu\/h 42XQB024717LC - Loja - Dual Gree Servi\u00e7os | Pe\u00e7as","og_description":"IC1895 - Controle remoto Carrier Piso Teto 24000Btu\/h 42XQB024717LC \u00a0 \u00a0 CONTROLE NOVO \u00a0 MODELO UTILIZADO AR CONDICIONADO SPRINGER \u00a0 MODE: VENTILA\u00c7\u00c3O FRIO UMIDIFICA\u00c7\u00c3O QUENTE \u00a0 \u00a0 42XQB018717LC 42XQB024717LC 42XQB036717LC 42XQB048717LC 42XQB057717LC 42XQB072717LC 42XQD018515LC 42XQD024515LC 42XQD030515LC 42XQD036515LC 42XQD048515LC 42XQD060515LC 42XQDA60515LC 42LSA14225AL 42LSA14225ALB 42LSA14226AL 42LSA14226ALB 42LSA14226ALBZ 42LSA20225AL 42LSA20225ALB \u00a0 42LSA20226AL 42LSA20226ALB 42LSA20226ALBZ 42LSA25225AL 42LSA25225ALB 42LSA25226AL 42LSA25226ALB 42LSA25226ALBZ 42LSA30225AL 42LSA30225ALB 42LSA30226AL 42LSA30226ALB 42LSA30226ALBZ 42LSA36225AL 42LSA36225ALB 42LSA36226AL 42LSA36226ALB 42LSA36226ALBZ 42LSA44225AL 42LSA44225ALB 42LSA44226AL 42LSA44226ALB 42LSA48225AL 42LSA48225ALB 42LSA48226AL 42LSA48226ALB 42LSA48226ALBZ 42LSA55225AL 42LSA55225ALB 42LSA55226AL 42LSA55226ALB","og_url":"https:\/\/dualgree.com.br\/loja\/produto\/controle-remoto-carrier-piso-teto-24000btu-h-42xqb024717lc\/","og_site_name":"Loja - Dual Gree Servi\u00e7os | Pe\u00e7as","article_modified_time":"2025-05-19T14:49:13+00:00","twitter_card":"summary_large_image","schema":{"@context":"https:\/\/schema.org","@graph":[{"@type":"WebPage","@id":"https:\/\/dualgree.com.br\/loja\/produto\/controle-remoto-carrier-piso-teto-24000btu-h-42xqb024717lc\/","url":"https:\/\/dualgree.com.br\/loja\/produto\/controle-remoto-carrier-piso-teto-24000btu-h-42xqb024717lc\/","name":"Controle remoto Carrier Piso Teto 24000Btu\/h 42XQB024717LC - Loja - Dual Gree Servi\u00e7os | Pe\u00e7as","isPartOf":{"@id":"https:\/\/dualgree.com.br\/loja\/#website"},"primaryImageOfPage":{"@id":"https:\/\/dualgree.com.br\/loja\/produto\/controle-remoto-carrier-piso-teto-24000btu-h-42xqb024717lc\/#primaryimage"},"image":{"@id":"https:\/\/dualgree.com.br\/loja\/produto\/controle-remoto-carrier-piso-teto-24000btu-h-42xqb024717lc\/#primaryimage"},"thumbnailUrl":"https:\/\/dualgree.com.br\/loja\/wp-content\/uploads\/2024\/07\/15285792953_1895-CONTROLE20REMOTO20S20FIO20SPACE20LCD5.5201820A206000BTUS20.png","datePublished":"2024-07-23T12:11:17+00:00","dateModified":"2025-05-19T14:49:13+00:00","breadcrumb":{"@id":"https:\/\/dualgree.com.br\/loja\/produto\/controle-remoto-carrier-piso-teto-24000btu-h-42xqb024717lc\/#breadcrumb"},"inLanguage":"pt-BR","potentialAction":[{"@type":"ReadAction","target":["https:\/\/dualgree.com.br\/loja\/produto\/controle-remoto-carrier-piso-teto-24000btu-h-42xqb024717lc\/"]}]},{"@type":"ImageObject","inLanguage":"pt-BR","@id":"https:\/\/dualgree.com.br\/loja\/produto\/controle-remoto-carrier-piso-teto-24000btu-h-42xqb024717lc\/#primaryimage","url":"https:\/\/dualgree.com.br\/loja\/wp-content\/uploads\/2024\/07\/15285792953_1895-CONTROLE20REMOTO20S20FIO20SPACE20LCD5.5201820A206000BTUS20.png","contentUrl":"https:\/\/dualgree.com.br\/loja\/wp-content\/uploads\/2024\/07\/15285792953_1895-CONTROLE20REMOTO20S20FIO20SPACE20LCD5.5201820A206000BTUS20.png","width":1280,"height":1280},{"@type":"BreadcrumbList","@id":"https:\/\/dualgree.com.br\/loja\/produto\/controle-remoto-carrier-piso-teto-24000btu-h-42xqb024717lc\/#breadcrumb","itemListElement":[{"@type":"ListItem","position":1,"name":"In\u00edcio","item":"https:\/\/dualgree.com.br\/loja\/"},{"@type":"ListItem","position":2,"name":"Loja &#8211; Cat\u00e1logo de Pe\u00e7as","item":"https:\/\/dualgree.com.br\/loja\/"},{"@type":"ListItem","position":3,"name":"Controle remoto Carrier Piso Teto 24000Btu\/h 42XQB024717LC"}]},{"@type":"WebSite","@id":"https:\/\/dualgree.com.br\/loja\/#website","url":"https:\/\/dualgree.com.br\/loja\/","name":"Loja - Dual Gree Servi\u00e7os | Partes e Pe\u00e7as","description":"Catalogo de Pe\u00e7as para ar condicionado","publisher":{"@id":"https:\/\/dualgree.com.br\/loja\/#organization"},"potentialAction":[{"@type":"SearchAction","target":{"@type":"EntryPoint","urlTemplate":"https:\/\/dualgree.com.br\/loja\/?s={search_term_string}"},"query-input":{"@type":"PropertyValueSpecification","valueRequired":true,"valueName":"search_term_string"}}],"inLanguage":"pt-BR"},{"@type":"Organization","@id":"https:\/\/dualgree.com.br\/loja\/#organization","name":"Loja Dual Gree Servi\u00e7o","url":"https:\/\/dualgree.com.br\/loja\/","logo":{"@type":"ImageObject","inLanguage":"pt-BR","@id":"https:\/\/dualgree.com.br\/loja\/#\/schema\/logo\/image\/","url":"https:\/\/dualgree.com.br\/loja\/wp-content\/uploads\/2024\/09\/teste-logo-ecommerce-dual-1-e1725909304971.png","contentUrl":"https:\/\/dualgree.com.br\/loja\/wp-content\/uploads\/2024\/09\/teste-logo-ecommerce-dual-1-e1725909304971.png","width":470,"height":157,"caption":"Loja Dual Gree Servi\u00e7o"},"image":{"@id":"https:\/\/dualgree.com.br\/loja\/#\/schema\/logo\/image\/"}}]}},"jetpack_publicize_connections":[],"jetpack_sharing_enabled":true,"jetpack_likes_enabled":true,"_links":{"self":[{"href":"https:\/\/dualgree.com.br\/loja\/wp-json\/wp\/v2\/product\/5215","targetHints":{"allow":["GET"]}}],"collection":[{"href":"https:\/\/dualgree.com.br\/loja\/wp-json\/wp\/v2\/product"}],"about":[{"href":"https:\/\/dualgree.com.br\/loja\/wp-json\/wp\/v2\/types\/product"}],"replies":[{"embeddable":true,"href":"https:\/\/dualgree.com.br\/loja\/wp-json\/wp\/v2\/comments?post=5215"}],"wp:featuredmedia":[{"embeddable":true,"href":"https:\/\/dualgree.com.br\/loja\/wp-json\/wp\/v2\/media\/5212"}],"wp:attachment":[{"href":"https:\/\/dualgree.com.br\/loja\/wp-json\/wp\/v2\/media?parent=5215"}],"wp:term":[{"taxonomy":"product_brand","embeddable":true,"href":"https:\/\/dualgree.com.br\/loja\/wp-json\/wp\/v2\/product_brand?post=5215"},{"taxonomy":"product_cat","embeddable":true,"href":"https:\/\/dualgree.com.br\/loja\/wp-json\/wp\/v2\/product_cat?post=5215"},{"taxonomy":"product_tag","embeddable":true,"href":"https:\/\/dualgree.com.br\/loja\/wp-json\/wp\/v2\/product_tag?post=5215"}],"curies":[{"name":"wp","href":"https:\/\/api.w.org\/{rel}","templated":true}]}}