{"id":5499,"date":"2024-08-07T19:39:40","date_gmt":"2024-08-07T19:39:40","guid":{"rendered":"https:\/\/dualgree.com.br\/loja\/produto\/motor-evaporadora-fujitsu-inverter-asba09-12-asbg09-12\/"},"modified":"2024-10-02T22:20:05","modified_gmt":"2024-10-02T22:20:05","slug":"motor-evaporadora-fujitsu-inverter-asba09-12-asbg09-12","status":"publish","type":"product","link":"https:\/\/dualgree.com.br\/loja\/produto\/motor-evaporadora-fujitsu-inverter-asba09-12-asbg09-12\/","title":{"rendered":"Motor Evaporadora ar condicionado Fujitsu Inverter Asba09JGC..."},"content":{"rendered":"","protected":false},"excerpt":{"rendered":"<p>IC1835-Motor Evaporadora Fujitsu Inverter<\/p>\n<p>\u00a0<\/p>\n<p>RECONDICIONADO<\/p>\n<p>\u00a0<\/p>\n<p>8P DC280-340V 30W<\/p>\n<p>SIC-37CVL-D825-2<\/p>\n<p>MFD-12TYN<\/p>\n<p>\u00a0<\/p>\n<p>ASBA09JGC<\/p>\n<p>ASBA09LGC<\/p>\n<p>ASBA12JGC<\/p>\n<p>ASBA12LGC<\/p>\n<p>ASBA07LACM<\/p>\n<p>ASBA09LACM<\/p>\n<p>ASBA12LACM<\/p>\n<p>ASBG07LMCA<\/p>\n<p>ASBG09JMCA<\/p>\n<p>ASBG07LMCA<\/p>\n<p>ASBG09LMCA<\/p>\n<p>ASBG12JMCA<\/p>\n<p>ASBG12LMCA<\/p>\n","protected":false},"featured_media":7297,"comment_status":"open","ping_status":"closed","template":"","meta":{"_kadence_starter_templates_imported_post":false,"_kad_post_transparent":"","_kad_post_title":"","_kad_post_layout":"","_kad_post_sidebar_id":"","_kad_post_content_style":"","_kad_post_vertical_padding":"","_kad_post_feature":"","_kad_post_feature_position":"","_kad_post_header":false,"_kad_post_footer":false,"jetpack_publicize_message":"","jetpack_publicize_feature_enabled":true,"jetpack_social_post_already_shared":false,"jetpack_social_options":{"image_generator_settings":{"template":"highway","default_image_id":0,"font":"","enabled":false},"version":2}},"product_brand":[],"product_cat":[187],"product_tag":[],"class_list":{"0":"post-5499","1":"product","2":"type-product","3":"status-publish","4":"has-post-thumbnail","6":"product_cat-fujitsu","8":"first","9":"instock","10":"shipping-taxable","11":"purchasable","12":"product-type-simple","13":"entry","14":"content-bg","15":"loop-entry"},"yoast_head":"<!-- This site is optimized with the Yoast SEO plugin v27.3 - https:\/\/yoast.com\/product\/yoast-seo-wordpress\/ -->\n<title>Motor Evaporadora ar condicionado Fujitsu Inverter Asba09JGC MFD-12TYN - Loja - Dual Gree Servi\u00e7os | Pe\u00e7as<\/title>\n<meta name=\"robots\" content=\"index, follow, max-snippet:-1, max-image-preview:large, max-video-preview:-1\" \/>\n<link rel=\"canonical\" href=\"https:\/\/dualgree.com.br\/loja\/produto\/motor-evaporadora-fujitsu-inverter-asba09-12-asbg09-12\/\" \/>\n<meta property=\"og:locale\" content=\"pt_BR\" \/>\n<meta property=\"og:type\" content=\"article\" \/>\n<meta property=\"og:title\" content=\"Motor Evaporadora ar condicionado Fujitsu Inverter Asba09JGC MFD-12TYN - Loja - Dual Gree Servi\u00e7os | Pe\u00e7as\" \/>\n<meta property=\"og:description\" content=\"IC1835-Motor Evaporadora Fujitsu Inverter \u00a0 RECONDICIONADO \u00a0 8P DC280-340V 30W SIC-37CVL-D825-2 MFD-12TYN \u00a0 ASBA09JGC ASBA09LGC ASBA12JGC ASBA12LGC ASBA07LACM ASBA09LACM ASBA12LACM ASBG07LMCA ASBG09JMCA ASBG07LMCA ASBG09LMCA ASBG12JMCA ASBG12LMCA\" \/>\n<meta property=\"og:url\" content=\"https:\/\/dualgree.com.br\/loja\/produto\/motor-evaporadora-fujitsu-inverter-asba09-12-asbg09-12\/\" \/>\n<meta property=\"og:site_name\" content=\"Loja - Dual Gree Servi\u00e7os | Pe\u00e7as\" \/>\n<meta property=\"article:modified_time\" content=\"2024-10-02T22:20:05+00:00\" \/>\n<meta property=\"og:image\" content=\"https:\/\/dualgree.com.br\/loja\/wp-content\/uploads\/2024\/08\/15293132797_1835-Motor20Evaporadora20Fujitsu20Inverter20Asba09-12-asbg09-12202.jpeg\" \/>\n\t<meta property=\"og:image:width\" content=\"1280\" \/>\n\t<meta property=\"og:image:height\" content=\"1280\" \/>\n\t<meta property=\"og:image:type\" content=\"image\/jpeg\" \/>\n<meta name=\"twitter:card\" content=\"summary_large_image\" \/>\n<script type=\"application\/ld+json\" class=\"yoast-schema-graph\">{\"@context\":\"https:\\\/\\\/schema.org\",\"@graph\":[{\"@type\":\"WebPage\",\"@id\":\"https:\\\/\\\/dualgree.com.br\\\/loja\\\/produto\\\/motor-evaporadora-fujitsu-inverter-asba09-12-asbg09-12\\\/\",\"url\":\"https:\\\/\\\/dualgree.com.br\\\/loja\\\/produto\\\/motor-evaporadora-fujitsu-inverter-asba09-12-asbg09-12\\\/\",\"name\":\"Motor Evaporadora ar condicionado Fujitsu Inverter Asba09JGC MFD-12TYN - Loja - Dual Gree Servi\u00e7os | Pe\u00e7as\",\"isPartOf\":{\"@id\":\"https:\\\/\\\/dualgree.com.br\\\/loja\\\/#website\"},\"primaryImageOfPage\":{\"@id\":\"https:\\\/\\\/dualgree.com.br\\\/loja\\\/produto\\\/motor-evaporadora-fujitsu-inverter-asba09-12-asbg09-12\\\/#primaryimage\"},\"image\":{\"@id\":\"https:\\\/\\\/dualgree.com.br\\\/loja\\\/produto\\\/motor-evaporadora-fujitsu-inverter-asba09-12-asbg09-12\\\/#primaryimage\"},\"thumbnailUrl\":\"https:\\\/\\\/dualgree.com.br\\\/loja\\\/wp-content\\\/uploads\\\/2024\\\/10\\\/15293132797-1835-motor-evaporadora-fujitsu-inverter-asba09-12-asbg09-12-2.jpeg\",\"datePublished\":\"2024-08-07T19:39:40+00:00\",\"dateModified\":\"2024-10-02T22:20:05+00:00\",\"breadcrumb\":{\"@id\":\"https:\\\/\\\/dualgree.com.br\\\/loja\\\/produto\\\/motor-evaporadora-fujitsu-inverter-asba09-12-asbg09-12\\\/#breadcrumb\"},\"inLanguage\":\"pt-BR\",\"potentialAction\":[{\"@type\":\"ReadAction\",\"target\":[\"https:\\\/\\\/dualgree.com.br\\\/loja\\\/produto\\\/motor-evaporadora-fujitsu-inverter-asba09-12-asbg09-12\\\/\"]}]},{\"@type\":\"ImageObject\",\"inLanguage\":\"pt-BR\",\"@id\":\"https:\\\/\\\/dualgree.com.br\\\/loja\\\/produto\\\/motor-evaporadora-fujitsu-inverter-asba09-12-asbg09-12\\\/#primaryimage\",\"url\":\"https:\\\/\\\/dualgree.com.br\\\/loja\\\/wp-content\\\/uploads\\\/2024\\\/10\\\/15293132797-1835-motor-evaporadora-fujitsu-inverter-asba09-12-asbg09-12-2.jpeg\",\"contentUrl\":\"https:\\\/\\\/dualgree.com.br\\\/loja\\\/wp-content\\\/uploads\\\/2024\\\/10\\\/15293132797-1835-motor-evaporadora-fujitsu-inverter-asba09-12-asbg09-12-2.jpeg\",\"width\":1280,\"height\":1280},{\"@type\":\"BreadcrumbList\",\"@id\":\"https:\\\/\\\/dualgree.com.br\\\/loja\\\/produto\\\/motor-evaporadora-fujitsu-inverter-asba09-12-asbg09-12\\\/#breadcrumb\",\"itemListElement\":[{\"@type\":\"ListItem\",\"position\":1,\"name\":\"In\u00edcio\",\"item\":\"https:\\\/\\\/dualgree.com.br\\\/loja\\\/\"},{\"@type\":\"ListItem\",\"position\":2,\"name\":\"Loja &#8211; Cat\u00e1logo de Pe\u00e7as\",\"item\":\"https:\\\/\\\/dualgree.com.br\\\/loja\\\/\"},{\"@type\":\"ListItem\",\"position\":3,\"name\":\"Motor Evaporadora ar condicionado Fujitsu Inverter Asba09JGC...\"}]},{\"@type\":\"WebSite\",\"@id\":\"https:\\\/\\\/dualgree.com.br\\\/loja\\\/#website\",\"url\":\"https:\\\/\\\/dualgree.com.br\\\/loja\\\/\",\"name\":\"Loja - Dual Gree Servi\u00e7os | Partes e Pe\u00e7as\",\"description\":\"Catalogo de Pe\u00e7as para ar condicionado\",\"publisher\":{\"@id\":\"https:\\\/\\\/dualgree.com.br\\\/loja\\\/#organization\"},\"potentialAction\":[{\"@type\":\"SearchAction\",\"target\":{\"@type\":\"EntryPoint\",\"urlTemplate\":\"https:\\\/\\\/dualgree.com.br\\\/loja\\\/?s={search_term_string}\"},\"query-input\":{\"@type\":\"PropertyValueSpecification\",\"valueRequired\":true,\"valueName\":\"search_term_string\"}}],\"inLanguage\":\"pt-BR\"},{\"@type\":\"Organization\",\"@id\":\"https:\\\/\\\/dualgree.com.br\\\/loja\\\/#organization\",\"name\":\"Loja Dual Gree Servi\u00e7o\",\"url\":\"https:\\\/\\\/dualgree.com.br\\\/loja\\\/\",\"logo\":{\"@type\":\"ImageObject\",\"inLanguage\":\"pt-BR\",\"@id\":\"https:\\\/\\\/dualgree.com.br\\\/loja\\\/#\\\/schema\\\/logo\\\/image\\\/\",\"url\":\"https:\\\/\\\/dualgree.com.br\\\/loja\\\/wp-content\\\/uploads\\\/2024\\\/09\\\/teste-logo-ecommerce-dual-1-e1725909304971.png\",\"contentUrl\":\"https:\\\/\\\/dualgree.com.br\\\/loja\\\/wp-content\\\/uploads\\\/2024\\\/09\\\/teste-logo-ecommerce-dual-1-e1725909304971.png\",\"width\":470,\"height\":157,\"caption\":\"Loja Dual Gree Servi\u00e7o\"},\"image\":{\"@id\":\"https:\\\/\\\/dualgree.com.br\\\/loja\\\/#\\\/schema\\\/logo\\\/image\\\/\"}}]}<\/script>\n<!-- \/ Yoast SEO plugin. -->","yoast_head_json":{"title":"Motor Evaporadora ar condicionado Fujitsu Inverter Asba09JGC MFD-12TYN - Loja - Dual Gree Servi\u00e7os | Pe\u00e7as","robots":{"index":"index","follow":"follow","max-snippet":"max-snippet:-1","max-image-preview":"max-image-preview:large","max-video-preview":"max-video-preview:-1"},"canonical":"https:\/\/dualgree.com.br\/loja\/produto\/motor-evaporadora-fujitsu-inverter-asba09-12-asbg09-12\/","og_locale":"pt_BR","og_type":"article","og_title":"Motor Evaporadora ar condicionado Fujitsu Inverter Asba09JGC MFD-12TYN - Loja - Dual Gree Servi\u00e7os | Pe\u00e7as","og_description":"IC1835-Motor Evaporadora Fujitsu Inverter \u00a0 RECONDICIONADO \u00a0 8P DC280-340V 30W SIC-37CVL-D825-2 MFD-12TYN \u00a0 ASBA09JGC ASBA09LGC ASBA12JGC ASBA12LGC ASBA07LACM ASBA09LACM ASBA12LACM ASBG07LMCA ASBG09JMCA ASBG07LMCA ASBG09LMCA ASBG12JMCA ASBG12LMCA","og_url":"https:\/\/dualgree.com.br\/loja\/produto\/motor-evaporadora-fujitsu-inverter-asba09-12-asbg09-12\/","og_site_name":"Loja - Dual Gree Servi\u00e7os | Pe\u00e7as","article_modified_time":"2024-10-02T22:20:05+00:00","og_image":[{"width":1280,"height":1280,"url":"https:\/\/dualgree.com.br\/loja\/wp-content\/uploads\/2024\/08\/15293132797_1835-Motor20Evaporadora20Fujitsu20Inverter20Asba09-12-asbg09-12202.jpeg","type":"image\/jpeg"}],"twitter_card":"summary_large_image","schema":{"@context":"https:\/\/schema.org","@graph":[{"@type":"WebPage","@id":"https:\/\/dualgree.com.br\/loja\/produto\/motor-evaporadora-fujitsu-inverter-asba09-12-asbg09-12\/","url":"https:\/\/dualgree.com.br\/loja\/produto\/motor-evaporadora-fujitsu-inverter-asba09-12-asbg09-12\/","name":"Motor Evaporadora ar condicionado Fujitsu Inverter Asba09JGC MFD-12TYN - Loja - Dual Gree Servi\u00e7os | Pe\u00e7as","isPartOf":{"@id":"https:\/\/dualgree.com.br\/loja\/#website"},"primaryImageOfPage":{"@id":"https:\/\/dualgree.com.br\/loja\/produto\/motor-evaporadora-fujitsu-inverter-asba09-12-asbg09-12\/#primaryimage"},"image":{"@id":"https:\/\/dualgree.com.br\/loja\/produto\/motor-evaporadora-fujitsu-inverter-asba09-12-asbg09-12\/#primaryimage"},"thumbnailUrl":"https:\/\/dualgree.com.br\/loja\/wp-content\/uploads\/2024\/10\/15293132797-1835-motor-evaporadora-fujitsu-inverter-asba09-12-asbg09-12-2.jpeg","datePublished":"2024-08-07T19:39:40+00:00","dateModified":"2024-10-02T22:20:05+00:00","breadcrumb":{"@id":"https:\/\/dualgree.com.br\/loja\/produto\/motor-evaporadora-fujitsu-inverter-asba09-12-asbg09-12\/#breadcrumb"},"inLanguage":"pt-BR","potentialAction":[{"@type":"ReadAction","target":["https:\/\/dualgree.com.br\/loja\/produto\/motor-evaporadora-fujitsu-inverter-asba09-12-asbg09-12\/"]}]},{"@type":"ImageObject","inLanguage":"pt-BR","@id":"https:\/\/dualgree.com.br\/loja\/produto\/motor-evaporadora-fujitsu-inverter-asba09-12-asbg09-12\/#primaryimage","url":"https:\/\/dualgree.com.br\/loja\/wp-content\/uploads\/2024\/10\/15293132797-1835-motor-evaporadora-fujitsu-inverter-asba09-12-asbg09-12-2.jpeg","contentUrl":"https:\/\/dualgree.com.br\/loja\/wp-content\/uploads\/2024\/10\/15293132797-1835-motor-evaporadora-fujitsu-inverter-asba09-12-asbg09-12-2.jpeg","width":1280,"height":1280},{"@type":"BreadcrumbList","@id":"https:\/\/dualgree.com.br\/loja\/produto\/motor-evaporadora-fujitsu-inverter-asba09-12-asbg09-12\/#breadcrumb","itemListElement":[{"@type":"ListItem","position":1,"name":"In\u00edcio","item":"https:\/\/dualgree.com.br\/loja\/"},{"@type":"ListItem","position":2,"name":"Loja &#8211; Cat\u00e1logo de Pe\u00e7as","item":"https:\/\/dualgree.com.br\/loja\/"},{"@type":"ListItem","position":3,"name":"Motor Evaporadora ar condicionado Fujitsu Inverter Asba09JGC..."}]},{"@type":"WebSite","@id":"https:\/\/dualgree.com.br\/loja\/#website","url":"https:\/\/dualgree.com.br\/loja\/","name":"Loja - Dual Gree Servi\u00e7os | Partes e Pe\u00e7as","description":"Catalogo de Pe\u00e7as para ar condicionado","publisher":{"@id":"https:\/\/dualgree.com.br\/loja\/#organization"},"potentialAction":[{"@type":"SearchAction","target":{"@type":"EntryPoint","urlTemplate":"https:\/\/dualgree.com.br\/loja\/?s={search_term_string}"},"query-input":{"@type":"PropertyValueSpecification","valueRequired":true,"valueName":"search_term_string"}}],"inLanguage":"pt-BR"},{"@type":"Organization","@id":"https:\/\/dualgree.com.br\/loja\/#organization","name":"Loja Dual Gree Servi\u00e7o","url":"https:\/\/dualgree.com.br\/loja\/","logo":{"@type":"ImageObject","inLanguage":"pt-BR","@id":"https:\/\/dualgree.com.br\/loja\/#\/schema\/logo\/image\/","url":"https:\/\/dualgree.com.br\/loja\/wp-content\/uploads\/2024\/09\/teste-logo-ecommerce-dual-1-e1725909304971.png","contentUrl":"https:\/\/dualgree.com.br\/loja\/wp-content\/uploads\/2024\/09\/teste-logo-ecommerce-dual-1-e1725909304971.png","width":470,"height":157,"caption":"Loja Dual Gree Servi\u00e7o"},"image":{"@id":"https:\/\/dualgree.com.br\/loja\/#\/schema\/logo\/image\/"}}]}},"jetpack_publicize_connections":[],"jetpack_sharing_enabled":true,"jetpack_likes_enabled":true,"_links":{"self":[{"href":"https:\/\/dualgree.com.br\/loja\/wp-json\/wp\/v2\/product\/5499","targetHints":{"allow":["GET"]}}],"collection":[{"href":"https:\/\/dualgree.com.br\/loja\/wp-json\/wp\/v2\/product"}],"about":[{"href":"https:\/\/dualgree.com.br\/loja\/wp-json\/wp\/v2\/types\/product"}],"replies":[{"embeddable":true,"href":"https:\/\/dualgree.com.br\/loja\/wp-json\/wp\/v2\/comments?post=5499"}],"wp:featuredmedia":[{"embeddable":true,"href":"https:\/\/dualgree.com.br\/loja\/wp-json\/wp\/v2\/media\/7297"}],"wp:attachment":[{"href":"https:\/\/dualgree.com.br\/loja\/wp-json\/wp\/v2\/media?parent=5499"}],"wp:term":[{"taxonomy":"product_brand","embeddable":true,"href":"https:\/\/dualgree.com.br\/loja\/wp-json\/wp\/v2\/product_brand?post=5499"},{"taxonomy":"product_cat","embeddable":true,"href":"https:\/\/dualgree.com.br\/loja\/wp-json\/wp\/v2\/product_cat?post=5499"},{"taxonomy":"product_tag","embeddable":true,"href":"https:\/\/dualgree.com.br\/loja\/wp-json\/wp\/v2\/product_tag?post=5499"}],"curies":[{"name":"wp","href":"https:\/\/api.w.org\/{rel}","templated":true}]}}