{"id":5502,"date":"2024-08-07T20:18:42","date_gmt":"2024-08-07T20:18:42","guid":{"rendered":"https:\/\/dualgree.com.br\/loja\/produto\/motor-evaporador-ar-condicionado-samsung-aq12uwbunxaz\/"},"modified":"2026-04-30T18:04:29","modified_gmt":"2026-04-30T18:04:29","slug":"motor-evaporador-ar-condicionado-samsung-aq12uwbunxaz","status":"publish","type":"product","link":"https:\/\/dualgree.com.br\/loja\/produto\/motor-evaporador-ar-condicionado-samsung-aq12uwbunxaz\/","title":{"rendered":"Motor Ventilador Da Evaporadora Ar Condicionado Samsung Inve..."},"content":{"rendered":"<p>IC735-Motor Ventilador Da Evaporadora Ar Condicionado Compativel Com Samsung Inverter e Max Plus 9000 e 12000 BTUS\u00a0<\/p>\n<p>Antes de solicitar o or\u00e7amento verificar se o seu motor \u00e9 bldc 310dcv ou AC 220c !!!.<\/p>\n<p>\u00a0<\/p>\n<p>RPG15C-8(AL)<\/p>\n<p>\u00a0<\/p>\n<p>C\u00f3digo:<\/p>\n<p>DB31-00619B<\/p>\n<p>\u00a0<\/p>\n<p>Etiqueta:<\/p>\n<p>Y4S476B223L<\/p>\n<p>220V~ 60HZ<\/p>\n<p>4P 17W 1300r\/min<\/p>\n<p>0.22A E CL IP20<\/p>\n<p>1.2yF\/450V<\/p>\n<p>ZHONGSHAN BROAD-OCEAN MOTOR CO.,LTD.<\/p>\n<p>\u00a0<\/p>\n<p>Modelos compat\u00edveis:<\/p>\n<p>AJ007JBRDCH\/AZ<\/p>\n<p>AJ009JBRDCH\/AZ<\/p>\n<p>AJ012JBRDCH\/AZ<\/p>\n<p>AM007KNQDCH\/AZ<\/p>\n<p>AM009KNQDCH\/AZ<\/p>\n<p>AM012KNQDCH\/AZ<\/p>\n<p>AQ09ESBTNXAZ<\/p>\n<p>AQ09ESBTXAZ<\/p>\n<p>AQ09UBBNXAZ<\/p>\n<p>AQ09UBTXAZ<\/p>\n<p>AQ09UWBUXAZ<\/p>\n<p>AQ12ESBANXAZ<\/p>\n<p>AQ12ESBTXAZ<\/p>\n<p>AQ12UBANXAZ<\/p>\n<p>AQ12UBTXAZ<\/p>\n<p>AQ12UWBUNXAZ<\/p>\n<p>AQ12UWBUXAZ<\/p>\n<p>AQ12UWBVXAZ<\/p>\n<p>AQV09PSBTXAZ<\/p>\n<p>AQV12PSBTNXAZ<\/p>\n<p>AQV12PSBTXAZ<\/p>\n<p>AR09HCSUAWQ\/AZ<\/p>\n<p>AR09HCSUBWQ\/AZ<\/p>\n<p>AR09HPSUAWQ\/AZ<\/p>\n<p>AR09HSSPASN\/AZ<\/p>\n<p>AR09HSSPBSN\/AZ<\/p>\n<p>AR09HVSPASN\/AZ<\/p>\n<p>AR09HVSPASNYAZ<\/p>\n<p>AR09HVSPBSN\/AZ<\/p>\n<p>AR09KCFUBWQNAZ<\/p>\n<p>AR09KCSUBWQNAZ<\/p>\n<p>AR09KPFUAWQNAZ<\/p>\n<p>AR09KPSUAWQNAZ<\/p>\n<p>AR09KSSPASNNAZ<\/p>\n<p>AR09KSSPBGMNAZ<\/p>\n<p>AR09KVSPBSNNAZ<\/p>\n<p>AR09MSSPBGMNAZ<\/p>\n<p>AR09MVSPBGMNAZ<\/p>\n<p>AR12HCSUAWQ\/AZ<\/p>\n<p>AR12HCSUAWQNAZ<\/p>\n<p>AR12HCSUAWQYAZ<\/p>\n<p>AR12HPSUAWQ\/AZ<\/p>\n<p>AR12HSSPASN\/AZ<\/p>\n<p>AR12HVSPASN\/AZ<\/p>\n<p>AR12HVSPBSN\/AZ<\/p>\n<p>AR12JPSUAWQ\/AZ<\/p>\n<p>AR12JPSUAWQNAZ<\/p>\n<p>AR12KCFUAWQNAZ<\/p>\n<p>AR12KCSUAWQNAZ<\/p>\n<p>AR12KPFUAWQNAZ<\/p>\n<p>AR12KPSUAWQNAZ<\/p>\n<p>AS09ESBANXAZ<\/p>\n<p>AS09ESBTXAZ<\/p>\n<p>AS09UBANXAZ<\/p>\n<p>AS09UBBNXAZ<\/p>\n<p>AS09UBTXAZ<\/p>\n<p>AS09UWBUNXAZ<\/p>\n<p>AS09UWBUXAZ<\/p>\n<p>AS09UWBVXAZ<\/p>\n<p>AS12ESBANXAZ<\/p>\n<p>AS12ESBTXAZ<\/p>\n<p>AS12UBANXAZ<\/p>\n<p>AS12UBBNXAZ<\/p>\n<p>AS12UBTXAZ<\/p>\n<p>AS12UWBUXAZ<\/p>\n<p>ASV09PSBTXAZ<\/p>\n<p>ASV09PSBUN2XAZ<\/p>\n<p>ASV09PSBUXAZ<\/p>\n<p>ASV12PSBTNXAZ<\/p>\n<p>ASV12PSBTXAZ<\/p>\n<p>\u00a0<\/p>\n<p>\u00a0<\/p>\n<p>C\u00f3digos Compat\u00edveis:<\/p>\n<p>\u00a0<\/p>\n<p>DB31-00680A<\/p>\n<p>DB31-00619B<\/p>\n<p>DB31-00678A<\/p>\n<p>DB31-00531C<\/p>\n<p>Y4S476B223L<\/p>\n<p style=\"padding: 0px;position: static;border: 0px;color: #181818;font-family: Roboto\"><span style=\"font-family: Verdana, Geneva, sans-serif\">AR09HCSUAWQ\/AZ &#8211; AR09HCSUBWQ\/AZ &#8211; AR09KCFUBWQNAZ &#8211; AR09KCSUBWQNAZ &#8211; AR12HCSUAWQ\/AZ &#8211; AR12HCSUAWQYAZ &#8211; AR12KCFUAWQNAZ<\/span><br style=\"padding: 0px;margin: 0px;font-family: Verdana, Geneva, sans-serif\" \/><span style=\"font-family: Verdana, Geneva, sans-serif\">AR12KCSUAWQNAZ &#8211; AR13JCFUPWKNHC &#8211; ARN-HC62WHAQ &#8211; AS05ESPNXEA &#8211; AS05TSMNXEA &#8211; AS05TSRNXEA &#8211; AS05TULNXEA<\/span><br style=\"padding: 0px;margin: 0px;font-family: Verdana, Geneva, sans-serif\" \/><span style=\"font-family: Verdana, Geneva, sans-serif\">AS05UGPNXEA &#8211; AS05UUPNXEA &#8211; AS07ESPNXEA &#8211; AS07TSMNXEA &#8211; AS07TSRNXEA &#8211; AS07TULNXEA &#8211; AS07UUPNXEA<\/span><br style=\"padding: 0px;margin: 0px;font-family: Verdana, Geneva, sans-serif\" \/><span style=\"font-family: Verdana, Geneva, sans-serif\">AS09ESPNXEA &#8211; AS09ESQNAFR &#8211; AS09EUPNXEA &#8211; AS09EUQNXEA &#8211; AS09TSLNXTC &#8211; AS09TSMNXEA &#8211; AS09TSPNXEA<\/span><br style=\"padding: 0px;margin: 0px;font-family: Verdana, Geneva, sans-serif\" \/><span style=\"font-family: Verdana, Geneva, sans-serif\">AS09TSRNXEA &#8211; AS09TULNXEA &#8211; AS09TUPNXEA &#8211; AS09TUQNXEA &#8211; AS09UGPNXEA &#8211; AS09UGPNXSS &#8211; AS09UULNXTC<\/span><br style=\"padding: 0px;margin: 0px;font-family: Verdana, Geneva, sans-serif\" \/><span style=\"font-family: Verdana, Geneva, sans-serif\">AS09UUPNXEA &#8211; AS09UUPNXSG &#8211; AS09UUQNXEA &#8211; AS09UURNXFA &#8211; AS09UWBUXAZ &#8211; AS09UWBVXAZ &#8211; AS10EWPNXST<\/span><br style=\"padding: 0px;margin: 0px;font-family: Verdana, Geneva, sans-serif\" \/><span style=\"font-family: Verdana, Geneva, sans-serif\">AS10TULNXST &#8211; AS10UGPNXST &#8211; AS10UUPNXSB &#8211; AS10UWPNTSE &#8211; AS12ESPNXEA &#8211; AS12ESPNXSG &#8211; AS12ESQNAFR<\/span><br style=\"padding: 0px;margin: 0px;font-family: Verdana, Geneva, sans-serif\" \/><span style=\"font-family: Verdana, Geneva, sans-serif\">AS12ESQNEGL &#8211; AS12EUPNXEA &#8211; AS12EUQNXEA &#8211; AS12TSLNBYD &#8211; AS12TSLNXEA &#8211; AS12TSLNXTC &#8211; AS12TULNXEA<\/span><br style=\"padding: 0px;margin: 0px;font-family: Verdana, Geneva, sans-serif\" \/><span style=\"font-family: Verdana, Geneva, sans-serif\">AS12UGPNXSS &#8211; AS12UGQNXFA &#8211; AS12UUPNEGL &#8211; AS12UUPNXEA &#8211; AS12UUPNXSG &#8211; AS12UUPXSG &#8211; AS12UUQEGL<\/span><br style=\"padding: 0px;margin: 0px;font-family: Verdana, Geneva, sans-serif\" \/><span style=\"font-family: Verdana, Geneva, sans-serif\">AS12UUQNAFR &#8211; AS12UUQNEGL &#8211; AS12UURNXFA &#8211; AS12UWBUXAZ &#8211; AS13ESPNHAC &#8211; AS13EWPNXST &#8211; AS13TULNXST<\/span><br style=\"padding: 0px;margin: 0px;font-family: Verdana, Geneva, sans-serif\" \/><span style=\"font-family: Verdana, Geneva, sans-serif\">AS13UGPNSGE &#8211; AS13UGPNXST &#8211; AS13UGPSGE &#8211; AS13UUPNXSB &#8211; AS13UWPNTSE &#8211;<\/span><\/p>\n","protected":false},"excerpt":{"rendered":"<p>IC735-Motor Ventilador Da Evaporadora Ar Condicionado Compativel Com Samsung Inverter e Max Plus 9000 e 12000 BTUS\u00a0 Antes de solicitar o or\u00e7amento verificar se o seu motor \u00e9 bldc 310dcv ou AC 220c !!!. \u00a0 RPG15C-8(AL) \u00a0 C\u00f3digo: DB31-00619B \u00a0 Etiqueta: Y4S476B223L 220V~ 60HZ 4P 17W 1300r\/min 0.22A E CL IP20 1.2yF\/450V ZHONGSHAN BROAD-OCEAN MOTOR&#8230;<\/p>\n","protected":false},"featured_media":8738,"comment_status":"open","ping_status":"closed","template":"","meta":{"_kadence_starter_templates_imported_post":false,"_kad_post_transparent":"default","_kad_post_title":"","_kad_post_layout":"default","_kad_post_sidebar_id":"","_kad_post_content_style":"default","_kad_post_vertical_padding":"default","_kad_post_feature":"","_kad_post_feature_position":"","_kad_post_header":false,"_kad_post_footer":false,"jetpack_publicize_message":"","jetpack_publicize_feature_enabled":true,"jetpack_social_post_already_shared":false,"jetpack_social_options":{"image_generator_settings":{"template":"highway","default_image_id":0,"font":"","enabled":false},"version":2}},"product_brand":[],"product_cat":[213,186],"product_tag":[],"class_list":{"0":"post-5502","1":"product","2":"type-product","3":"status-publish","4":"has-post-thumbnail","6":"product_cat-motor-da-evaporadora-split","7":"product_cat-samsung","9":"first","10":"outofstock","11":"shipping-taxable","12":"purchasable","13":"product-type-simple","14":"entry","15":"content-bg","16":"loop-entry"},"yoast_head":"<!-- This site is optimized with the Yoast SEO plugin v27.5 - https:\/\/yoast.com\/product\/yoast-seo-wordpress\/ -->\n<title>Motor Ventilador Da Evaporadora Ar Condicionado Samsung Inverter e Max Plus 9000 e 12000 BTUS - Loja - Dual Gree Servi\u00e7os | Pe\u00e7as<\/title>\n<meta name=\"robots\" content=\"index, follow, max-snippet:-1, max-image-preview:large, max-video-preview:-1\" \/>\n<link rel=\"canonical\" href=\"https:\/\/dualgree.com.br\/loja\/produto\/motor-evaporador-ar-condicionado-samsung-aq12uwbunxaz\/\" \/>\n<meta property=\"og:locale\" content=\"pt_BR\" \/>\n<meta property=\"og:type\" content=\"article\" \/>\n<meta property=\"og:title\" content=\"Motor Ventilador Da Evaporadora Ar Condicionado Samsung Inverter e Max Plus 9000 e 12000 BTUS - Loja - Dual Gree Servi\u00e7os | Pe\u00e7as\" \/>\n<meta property=\"og:description\" content=\"IC735-Motor Ventilador Da Evaporadora Ar Condicionado Compativel Com Samsung Inverter e Max Plus 9000 e 12000 BTUS\u00a0 Antes de solicitar o or\u00e7amento verificar se o seu motor \u00e9 bldc 310dcv ou AC 220c !!!. \u00a0 RPG15C-8(AL) \u00a0 C\u00f3digo: DB31-00619B \u00a0 Etiqueta: Y4S476B223L 220V~ 60HZ 4P 17W 1300r\/min 0.22A E CL IP20 1.2yF\/450V ZHONGSHAN BROAD-OCEAN MOTOR...\" \/>\n<meta property=\"og:url\" content=\"https:\/\/dualgree.com.br\/loja\/produto\/motor-evaporador-ar-condicionado-samsung-aq12uwbunxaz\/\" \/>\n<meta property=\"og:site_name\" content=\"Loja - Dual Gree Servi\u00e7os | Pe\u00e7as\" \/>\n<meta property=\"article:modified_time\" content=\"2026-04-30T18:04:29+00:00\" \/>\n<meta property=\"og:image\" content=\"https:\/\/dualgree.com.br\/loja\/wp-content\/uploads\/2024\/12\/15313521698-735-motor-samsung-evaporador-db31-00619b-2.jpeg\" \/>\n\t<meta property=\"og:image:width\" content=\"1280\" \/>\n\t<meta property=\"og:image:height\" content=\"1280\" \/>\n\t<meta property=\"og:image:type\" content=\"image\/jpeg\" \/>\n<meta name=\"twitter:card\" content=\"summary_large_image\" \/>\n<meta name=\"twitter:label1\" content=\"Est. tempo de leitura\" \/>\n\t<meta name=\"twitter:data1\" content=\"1 minuto\" \/>\n<script type=\"application\/ld+json\" class=\"yoast-schema-graph\">{\"@context\":\"https:\\\/\\\/schema.org\",\"@graph\":[{\"@type\":\"WebPage\",\"@id\":\"https:\\\/\\\/dualgree.com.br\\\/loja\\\/produto\\\/motor-evaporador-ar-condicionado-samsung-aq12uwbunxaz\\\/\",\"url\":\"https:\\\/\\\/dualgree.com.br\\\/loja\\\/produto\\\/motor-evaporador-ar-condicionado-samsung-aq12uwbunxaz\\\/\",\"name\":\"Motor Ventilador Da Evaporadora Ar Condicionado Samsung Inverter e Max Plus 9000 e 12000 BTUS - Loja - Dual Gree Servi\u00e7os | Pe\u00e7as\",\"isPartOf\":{\"@id\":\"https:\\\/\\\/dualgree.com.br\\\/loja\\\/#website\"},\"primaryImageOfPage\":{\"@id\":\"https:\\\/\\\/dualgree.com.br\\\/loja\\\/produto\\\/motor-evaporador-ar-condicionado-samsung-aq12uwbunxaz\\\/#primaryimage\"},\"image\":{\"@id\":\"https:\\\/\\\/dualgree.com.br\\\/loja\\\/produto\\\/motor-evaporador-ar-condicionado-samsung-aq12uwbunxaz\\\/#primaryimage\"},\"thumbnailUrl\":\"https:\\\/\\\/dualgree.com.br\\\/loja\\\/wp-content\\\/uploads\\\/2024\\\/12\\\/15313521698-735-motor-samsung-evaporador-db31-00619b-2.jpeg\",\"datePublished\":\"2024-08-07T20:18:42+00:00\",\"dateModified\":\"2026-04-30T18:04:29+00:00\",\"breadcrumb\":{\"@id\":\"https:\\\/\\\/dualgree.com.br\\\/loja\\\/produto\\\/motor-evaporador-ar-condicionado-samsung-aq12uwbunxaz\\\/#breadcrumb\"},\"inLanguage\":\"pt-BR\",\"potentialAction\":[{\"@type\":\"ReadAction\",\"target\":[\"https:\\\/\\\/dualgree.com.br\\\/loja\\\/produto\\\/motor-evaporador-ar-condicionado-samsung-aq12uwbunxaz\\\/\"]}]},{\"@type\":\"ImageObject\",\"inLanguage\":\"pt-BR\",\"@id\":\"https:\\\/\\\/dualgree.com.br\\\/loja\\\/produto\\\/motor-evaporador-ar-condicionado-samsung-aq12uwbunxaz\\\/#primaryimage\",\"url\":\"https:\\\/\\\/dualgree.com.br\\\/loja\\\/wp-content\\\/uploads\\\/2024\\\/12\\\/15313521698-735-motor-samsung-evaporador-db31-00619b-2.jpeg\",\"contentUrl\":\"https:\\\/\\\/dualgree.com.br\\\/loja\\\/wp-content\\\/uploads\\\/2024\\\/12\\\/15313521698-735-motor-samsung-evaporador-db31-00619b-2.jpeg\",\"width\":1280,\"height\":1280},{\"@type\":\"BreadcrumbList\",\"@id\":\"https:\\\/\\\/dualgree.com.br\\\/loja\\\/produto\\\/motor-evaporador-ar-condicionado-samsung-aq12uwbunxaz\\\/#breadcrumb\",\"itemListElement\":[{\"@type\":\"ListItem\",\"position\":1,\"name\":\"In\u00edcio\",\"item\":\"https:\\\/\\\/dualgree.com.br\\\/loja\\\/\"},{\"@type\":\"ListItem\",\"position\":2,\"name\":\"Loja &#8211; Cat\u00e1logo de Pe\u00e7as\",\"item\":\"https:\\\/\\\/dualgree.com.br\\\/loja\\\/\"},{\"@type\":\"ListItem\",\"position\":3,\"name\":\"Motor Ventilador Da Evaporadora Ar Condicionado Samsung Inve...\"}]},{\"@type\":\"WebSite\",\"@id\":\"https:\\\/\\\/dualgree.com.br\\\/loja\\\/#website\",\"url\":\"https:\\\/\\\/dualgree.com.br\\\/loja\\\/\",\"name\":\"Loja - Dual Gree Servi\u00e7os | Partes e Pe\u00e7as\",\"description\":\"Catalogo de Pe\u00e7as para ar condicionado\",\"publisher\":{\"@id\":\"https:\\\/\\\/dualgree.com.br\\\/loja\\\/#organization\"},\"potentialAction\":[{\"@type\":\"SearchAction\",\"target\":{\"@type\":\"EntryPoint\",\"urlTemplate\":\"https:\\\/\\\/dualgree.com.br\\\/loja\\\/?s={search_term_string}\"},\"query-input\":{\"@type\":\"PropertyValueSpecification\",\"valueRequired\":true,\"valueName\":\"search_term_string\"}}],\"inLanguage\":\"pt-BR\"},{\"@type\":\"Organization\",\"@id\":\"https:\\\/\\\/dualgree.com.br\\\/loja\\\/#organization\",\"name\":\"Loja Dual Gree Servi\u00e7o\",\"url\":\"https:\\\/\\\/dualgree.com.br\\\/loja\\\/\",\"logo\":{\"@type\":\"ImageObject\",\"inLanguage\":\"pt-BR\",\"@id\":\"https:\\\/\\\/dualgree.com.br\\\/loja\\\/#\\\/schema\\\/logo\\\/image\\\/\",\"url\":\"https:\\\/\\\/dualgree.com.br\\\/loja\\\/wp-content\\\/uploads\\\/2024\\\/09\\\/teste-logo-ecommerce-dual-1-e1725909304971.png\",\"contentUrl\":\"https:\\\/\\\/dualgree.com.br\\\/loja\\\/wp-content\\\/uploads\\\/2024\\\/09\\\/teste-logo-ecommerce-dual-1-e1725909304971.png\",\"width\":470,\"height\":157,\"caption\":\"Loja Dual Gree Servi\u00e7o\"},\"image\":{\"@id\":\"https:\\\/\\\/dualgree.com.br\\\/loja\\\/#\\\/schema\\\/logo\\\/image\\\/\"}}]}<\/script>\n<!-- \/ Yoast SEO plugin. -->","yoast_head_json":{"title":"Motor Ventilador Da Evaporadora Ar Condicionado Samsung Inverter e Max Plus 9000 e 12000 BTUS - Loja - Dual Gree Servi\u00e7os | Pe\u00e7as","robots":{"index":"index","follow":"follow","max-snippet":"max-snippet:-1","max-image-preview":"max-image-preview:large","max-video-preview":"max-video-preview:-1"},"canonical":"https:\/\/dualgree.com.br\/loja\/produto\/motor-evaporador-ar-condicionado-samsung-aq12uwbunxaz\/","og_locale":"pt_BR","og_type":"article","og_title":"Motor Ventilador Da Evaporadora Ar Condicionado Samsung Inverter e Max Plus 9000 e 12000 BTUS - Loja - Dual Gree Servi\u00e7os | Pe\u00e7as","og_description":"IC735-Motor Ventilador Da Evaporadora Ar Condicionado Compativel Com Samsung Inverter e Max Plus 9000 e 12000 BTUS\u00a0 Antes de solicitar o or\u00e7amento verificar se o seu motor \u00e9 bldc 310dcv ou AC 220c !!!. \u00a0 RPG15C-8(AL) \u00a0 C\u00f3digo: DB31-00619B \u00a0 Etiqueta: Y4S476B223L 220V~ 60HZ 4P 17W 1300r\/min 0.22A E CL IP20 1.2yF\/450V ZHONGSHAN BROAD-OCEAN MOTOR...","og_url":"https:\/\/dualgree.com.br\/loja\/produto\/motor-evaporador-ar-condicionado-samsung-aq12uwbunxaz\/","og_site_name":"Loja - Dual Gree Servi\u00e7os | Pe\u00e7as","article_modified_time":"2026-04-30T18:04:29+00:00","og_image":[{"width":1280,"height":1280,"url":"https:\/\/dualgree.com.br\/loja\/wp-content\/uploads\/2024\/12\/15313521698-735-motor-samsung-evaporador-db31-00619b-2.jpeg","type":"image\/jpeg"}],"twitter_card":"summary_large_image","twitter_misc":{"Est. tempo de leitura":"1 minuto"},"schema":{"@context":"https:\/\/schema.org","@graph":[{"@type":"WebPage","@id":"https:\/\/dualgree.com.br\/loja\/produto\/motor-evaporador-ar-condicionado-samsung-aq12uwbunxaz\/","url":"https:\/\/dualgree.com.br\/loja\/produto\/motor-evaporador-ar-condicionado-samsung-aq12uwbunxaz\/","name":"Motor Ventilador Da Evaporadora Ar Condicionado Samsung Inverter e Max Plus 9000 e 12000 BTUS - Loja - Dual Gree Servi\u00e7os | Pe\u00e7as","isPartOf":{"@id":"https:\/\/dualgree.com.br\/loja\/#website"},"primaryImageOfPage":{"@id":"https:\/\/dualgree.com.br\/loja\/produto\/motor-evaporador-ar-condicionado-samsung-aq12uwbunxaz\/#primaryimage"},"image":{"@id":"https:\/\/dualgree.com.br\/loja\/produto\/motor-evaporador-ar-condicionado-samsung-aq12uwbunxaz\/#primaryimage"},"thumbnailUrl":"https:\/\/dualgree.com.br\/loja\/wp-content\/uploads\/2024\/12\/15313521698-735-motor-samsung-evaporador-db31-00619b-2.jpeg","datePublished":"2024-08-07T20:18:42+00:00","dateModified":"2026-04-30T18:04:29+00:00","breadcrumb":{"@id":"https:\/\/dualgree.com.br\/loja\/produto\/motor-evaporador-ar-condicionado-samsung-aq12uwbunxaz\/#breadcrumb"},"inLanguage":"pt-BR","potentialAction":[{"@type":"ReadAction","target":["https:\/\/dualgree.com.br\/loja\/produto\/motor-evaporador-ar-condicionado-samsung-aq12uwbunxaz\/"]}]},{"@type":"ImageObject","inLanguage":"pt-BR","@id":"https:\/\/dualgree.com.br\/loja\/produto\/motor-evaporador-ar-condicionado-samsung-aq12uwbunxaz\/#primaryimage","url":"https:\/\/dualgree.com.br\/loja\/wp-content\/uploads\/2024\/12\/15313521698-735-motor-samsung-evaporador-db31-00619b-2.jpeg","contentUrl":"https:\/\/dualgree.com.br\/loja\/wp-content\/uploads\/2024\/12\/15313521698-735-motor-samsung-evaporador-db31-00619b-2.jpeg","width":1280,"height":1280},{"@type":"BreadcrumbList","@id":"https:\/\/dualgree.com.br\/loja\/produto\/motor-evaporador-ar-condicionado-samsung-aq12uwbunxaz\/#breadcrumb","itemListElement":[{"@type":"ListItem","position":1,"name":"In\u00edcio","item":"https:\/\/dualgree.com.br\/loja\/"},{"@type":"ListItem","position":2,"name":"Loja &#8211; Cat\u00e1logo de Pe\u00e7as","item":"https:\/\/dualgree.com.br\/loja\/"},{"@type":"ListItem","position":3,"name":"Motor Ventilador Da Evaporadora Ar Condicionado Samsung Inve..."}]},{"@type":"WebSite","@id":"https:\/\/dualgree.com.br\/loja\/#website","url":"https:\/\/dualgree.com.br\/loja\/","name":"Loja - Dual Gree Servi\u00e7os | Partes e Pe\u00e7as","description":"Catalogo de Pe\u00e7as para ar condicionado","publisher":{"@id":"https:\/\/dualgree.com.br\/loja\/#organization"},"potentialAction":[{"@type":"SearchAction","target":{"@type":"EntryPoint","urlTemplate":"https:\/\/dualgree.com.br\/loja\/?s={search_term_string}"},"query-input":{"@type":"PropertyValueSpecification","valueRequired":true,"valueName":"search_term_string"}}],"inLanguage":"pt-BR"},{"@type":"Organization","@id":"https:\/\/dualgree.com.br\/loja\/#organization","name":"Loja Dual Gree Servi\u00e7o","url":"https:\/\/dualgree.com.br\/loja\/","logo":{"@type":"ImageObject","inLanguage":"pt-BR","@id":"https:\/\/dualgree.com.br\/loja\/#\/schema\/logo\/image\/","url":"https:\/\/dualgree.com.br\/loja\/wp-content\/uploads\/2024\/09\/teste-logo-ecommerce-dual-1-e1725909304971.png","contentUrl":"https:\/\/dualgree.com.br\/loja\/wp-content\/uploads\/2024\/09\/teste-logo-ecommerce-dual-1-e1725909304971.png","width":470,"height":157,"caption":"Loja Dual Gree Servi\u00e7o"},"image":{"@id":"https:\/\/dualgree.com.br\/loja\/#\/schema\/logo\/image\/"}}]}},"jetpack_publicize_connections":[],"jetpack_sharing_enabled":true,"jetpack_likes_enabled":true,"_links":{"self":[{"href":"https:\/\/dualgree.com.br\/loja\/wp-json\/wp\/v2\/product\/5502","targetHints":{"allow":["GET"]}}],"collection":[{"href":"https:\/\/dualgree.com.br\/loja\/wp-json\/wp\/v2\/product"}],"about":[{"href":"https:\/\/dualgree.com.br\/loja\/wp-json\/wp\/v2\/types\/product"}],"replies":[{"embeddable":true,"href":"https:\/\/dualgree.com.br\/loja\/wp-json\/wp\/v2\/comments?post=5502"}],"wp:featuredmedia":[{"embeddable":true,"href":"https:\/\/dualgree.com.br\/loja\/wp-json\/wp\/v2\/media\/8738"}],"wp:attachment":[{"href":"https:\/\/dualgree.com.br\/loja\/wp-json\/wp\/v2\/media?parent=5502"}],"wp:term":[{"taxonomy":"product_brand","embeddable":true,"href":"https:\/\/dualgree.com.br\/loja\/wp-json\/wp\/v2\/product_brand?post=5502"},{"taxonomy":"product_cat","embeddable":true,"href":"https:\/\/dualgree.com.br\/loja\/wp-json\/wp\/v2\/product_cat?post=5502"},{"taxonomy":"product_tag","embeddable":true,"href":"https:\/\/dualgree.com.br\/loja\/wp-json\/wp\/v2\/product_tag?post=5502"}],"curies":[{"name":"wp","href":"https:\/\/api.w.org\/{rel}","templated":true}]}}