{"id":5530,"date":"2024-08-08T16:29:07","date_gmt":"2024-08-08T16:29:07","guid":{"rendered":"https:\/\/dualgree.com.br\/loja\/produto\/motoventilador-ar-condicionado-samsung-as09uwbuxaz-db3100531c\/"},"modified":"2026-04-30T18:04:32","modified_gmt":"2026-04-30T18:04:32","slug":"motoventilador-ar-condicionado-samsung-as09uwbuxaz-db3100531c","status":"publish","type":"product","link":"https:\/\/dualgree.com.br\/loja\/produto\/motoventilador-ar-condicionado-samsung-as09uwbuxaz-db3100531c\/","title":{"rendered":"Motor Ventilador Da Evaporadora Ar Condicionado Compativel C..."},"content":{"rendered":"<p><span style=\"font-family: arial, tahoma, verdana, helvetica;font-size: 14.72px\">IC735-Motor Ventilador Da Evaporadora Ar Condicionado Compativel Com Samsung 9000 e 12000 BTUS<\/span><br style=\"font-family: arial, tahoma, verdana, helvetica;font-size: 14.72px\" \/><span style=\"font-family: arial, tahoma, verdana, helvetica;font-size: 14.72px\">Novo, Apenas marca do parafuso guia. testado e pouco tempo de uso alta qualidade.<\/span><br style=\"font-family: arial, tahoma, verdana, helvetica;font-size: 14.72px\" \/><br style=\"font-family: arial, tahoma, verdana, helvetica;font-size: 14.72px\" \/><span style=\"font-family: arial, tahoma, verdana, helvetica;font-size: 14.72px\">C\u00f3digo:<\/span><br style=\"font-family: arial, tahoma, verdana, helvetica;font-size: 14.72px\" \/><span style=\"font-family: arial, tahoma, verdana, helvetica;font-size: 14.72px\">DB3100531C<\/span><br style=\"font-family: arial, tahoma, verdana, helvetica;font-size: 14.72px\" \/><br style=\"font-family: arial, tahoma, verdana, helvetica;font-size: 14.72px\" \/><span style=\"font-family: arial, tahoma, verdana, helvetica;font-size: 14.72px\">Etiqueta:<\/span><br style=\"font-family: arial, tahoma, verdana, helvetica;font-size: 14.72px\" \/><span style=\"font-family: arial, tahoma, verdana, helvetica;font-size: 14.72px\">Y4S476A55 MOTOR<\/span><br style=\"font-family: arial, tahoma, verdana, helvetica;font-size: 14.72px\" \/><span style=\"font-family: arial, tahoma, verdana, helvetica;font-size: 14.72px\">220V~ 60HZ<\/span><br style=\"font-family: arial, tahoma, verdana, helvetica;font-size: 14.72px\" \/><span style=\"font-family: arial, tahoma, verdana, helvetica;font-size: 14.72px\">4P 17W<\/span><br style=\"font-family: arial, tahoma, verdana, helvetica;font-size: 14.72px\" \/><span style=\"font-family: arial, tahoma, verdana, helvetica;font-size: 14.72px\">0.20A E CL<\/span><br style=\"font-family: arial, tahoma, verdana, helvetica;font-size: 14.72px\" \/><span style=\"font-family: arial, tahoma, verdana, helvetica;font-size: 14.72px\">1.2uF\/450V<\/span><br style=\"font-family: arial, tahoma, verdana, helvetica;font-size: 14.72px\" \/><span style=\"font-family: arial, tahoma, verdana, helvetica;font-size: 14.72px\">ZHONGSHAN BROAD-OCEAN MOTOR CO.,LTD.<\/span><br style=\"font-family: arial, tahoma, verdana, helvetica;font-size: 14.72px\" \/><br style=\"font-family: arial, tahoma, verdana, helvetica;font-size: 14.72px\" \/><span style=\"font-family: arial, tahoma, verdana, helvetica;font-size: 14.72px\">Modelos compat\u00edveis:<\/span><\/p>\n<ul style=\"padding: 0px;margin: 0px 0px 1.25rem 1.775rem;border: 0px;line-height: 1.7;color: #393939;font-family: Montserrat, sans-serif;font-size: 16px\">\n<li style=\"padding: 0px;margin: 0px;border: 0px\">AJ007JBRDCH\/AZ<\/li>\n<li style=\"padding: 0px;margin: 0px;border: 0px\">AJ009JBRDCH\/AZ<\/li>\n<li style=\"padding: 0px;margin: 0px;border: 0px\">AJ012JBRDCH\/AZ<\/li>\n<li style=\"padding: 0px;margin: 0px;border: 0px\">AM007KNQDCH\/AZ<\/li>\n<li style=\"padding: 0px;margin: 0px;border: 0px\">AM009KNQDCH\/AZ<\/li>\n<li style=\"padding: 0px;margin: 0px;border: 0px\">AM012KNQDCH\/AZ<\/li>\n<li style=\"padding: 0px;margin: 0px;border: 0px\">AQ09ESBTNXAZ<\/li>\n<li style=\"padding: 0px;margin: 0px;border: 0px\">AQ09ESBTXAZ<\/li>\n<li style=\"padding: 0px;margin: 0px;border: 0px\">AQ09UBBNXAZ<\/li>\n<li style=\"padding: 0px;margin: 0px;border: 0px\">AQ09UBTXAZ<\/li>\n<li style=\"padding: 0px;margin: 0px;border: 0px\">AQ09UWBUXAZ<\/li>\n<li style=\"padding: 0px;margin: 0px;border: 0px\">AQ12ESBANXAZ<\/li>\n<li style=\"padding: 0px;margin: 0px;border: 0px\">AQ12ESBTXAZ<\/li>\n<li style=\"padding: 0px;margin: 0px;border: 0px\">AQ12UBANXAZ<\/li>\n<li style=\"padding: 0px;margin: 0px;border: 0px\">AQ12UBTXAZ<\/li>\n<li style=\"padding: 0px;margin: 0px;border: 0px\">AQ12UWBUNXAZ<\/li>\n<li style=\"padding: 0px;margin: 0px;border: 0px\">AQ12UWBUXAZ<\/li>\n<li style=\"padding: 0px;margin: 0px;border: 0px\">AQ12UWBVXAZ<\/li>\n<li style=\"padding: 0px;margin: 0px;border: 0px\">AQV09PSBTXAZ<\/li>\n<li style=\"padding: 0px;margin: 0px;border: 0px\">AQV12PSBTNXAZ<\/li>\n<li style=\"padding: 0px;margin: 0px;border: 0px\">AQV12PSBTXAZ<\/li>\n<li style=\"padding: 0px;margin: 0px;border: 0px\">AR09HCSUAWQ\/AZ<\/li>\n<li style=\"padding: 0px;margin: 0px;border: 0px\">AR09HCSUBWQ\/AZ<\/li>\n<li style=\"padding: 0px;margin: 0px;border: 0px\">AR09HPSUAWQ\/AZ<\/li>\n<li style=\"padding: 0px;margin: 0px;border: 0px\">AR09HSSPASN\/AZ<\/li>\n<li style=\"padding: 0px;margin: 0px;border: 0px\">AR09HSSPBSN\/AZ<\/li>\n<li style=\"padding: 0px;margin: 0px;border: 0px\">AR09HVSPASN\/AZ<\/li>\n<li style=\"padding: 0px;margin: 0px;border: 0px\">AR09HVSPASNYAZ<\/li>\n<li style=\"padding: 0px;margin: 0px;border: 0px\">AR09HVSPBSN\/AZ<\/li>\n<li style=\"padding: 0px;margin: 0px;border: 0px\">AR09KCFUBWQNAZ<\/li>\n<li style=\"padding: 0px;margin: 0px;border: 0px\">AR09KCSUBWQNAZ<\/li>\n<li style=\"padding: 0px;margin: 0px;border: 0px\">AR09KPFUAWQNAZ<\/li>\n<li style=\"padding: 0px;margin: 0px;border: 0px\">AR09KPSUAWQNAZ<\/li>\n<li style=\"padding: 0px;margin: 0px;border: 0px\">AR09KSSPASNNAZ<\/li>\n<li style=\"padding: 0px;margin: 0px;border: 0px\">AR09KSSPBGMNAZ<\/li>\n<li style=\"padding: 0px;margin: 0px;border: 0px\">AR09KVSPBSNNAZ<\/li>\n<li style=\"padding: 0px;margin: 0px;border: 0px\">AR09MSSPBGMNAZ<\/li>\n<li style=\"padding: 0px;margin: 0px;border: 0px\">AR09MVSPBGMNAZ<\/li>\n<li style=\"padding: 0px;margin: 0px;border: 0px\">AR12HCSUAWQ\/AZ<\/li>\n<li style=\"padding: 0px;margin: 0px;border: 0px\">AR12HCSUAWQNAZ<\/li>\n<li style=\"padding: 0px;margin: 0px;border: 0px\">AR12HCSUAWQYAZ<\/li>\n<li style=\"padding: 0px;margin: 0px;border: 0px\">AR12HPSUAWQ\/AZ<\/li>\n<li style=\"padding: 0px;margin: 0px;border: 0px\">AR12HSSPASN\/AZ\u00a0 este modelo \u00e9 confuso melhor o cliente ver qual vers\u00e3o de motor utiliza se \u00e9 BLDC 310dcv ou AC220VAC<\/li>\n<li style=\"padding: 0px;margin: 0px;border: 0px\">AR12HVSPASN\/AZ<\/li>\n<li style=\"padding: 0px;margin: 0px;border: 0px\">AR12HVSPBSN\/AZ<\/li>\n<li style=\"padding: 0px;margin: 0px;border: 0px\">AR12JPSUAWQ\/AZ<\/li>\n<li style=\"padding: 0px;margin: 0px;border: 0px\">AR12JPSUAWQNAZ<\/li>\n<li style=\"padding: 0px;margin: 0px;border: 0px\">AR12KCFUAWQNAZ<\/li>\n<li style=\"padding: 0px;margin: 0px;border: 0px\">AR12KCSUAWQNAZ<\/li>\n<li style=\"padding: 0px;margin: 0px;border: 0px\">AR12KPFUAWQNAZ<\/li>\n<li style=\"padding: 0px;margin: 0px;border: 0px\">AR12KPSUAWQNAZ<\/li>\n<li style=\"padding: 0px;margin: 0px;border: 0px\">AS09ESBANXAZ<\/li>\n<li style=\"padding: 0px;margin: 0px;border: 0px\">AS09ESBTXAZ<\/li>\n<li style=\"padding: 0px;margin: 0px;border: 0px\">AS09UBANXAZ<\/li>\n<li style=\"padding: 0px;margin: 0px;border: 0px\">AS09UBBNXAZ<\/li>\n<li style=\"padding: 0px;margin: 0px;border: 0px\">AS09UBTXAZ<\/li>\n<li style=\"padding: 0px;margin: 0px;border: 0px\">AS09UWBUNXAZ<\/li>\n<li style=\"padding: 0px;margin: 0px;border: 0px\">AS09UWBUXAZ<\/li>\n<li style=\"padding: 0px;margin: 0px;border: 0px\">AS09UWBVXAZ<\/li>\n<li style=\"padding: 0px;margin: 0px;border: 0px\">AS12ESBANXAZ<\/li>\n<li style=\"padding: 0px;margin: 0px;border: 0px\">AS12ESBTXAZ<\/li>\n<li style=\"padding: 0px;margin: 0px;border: 0px\">AS12UBANXAZ<\/li>\n<li style=\"padding: 0px;margin: 0px;border: 0px\">AS12UBBNXAZ<\/li>\n<li style=\"padding: 0px;margin: 0px;border: 0px\">AS12UBTXAZ<\/li>\n<li style=\"padding: 0px;margin: 0px;border: 0px\">AS12UWBUXAZ<\/li>\n<li style=\"padding: 0px;margin: 0px;border: 0px\">ASV09PSBTXAZ<\/li>\n<li style=\"padding: 0px;margin: 0px;border: 0px\">ASV09PSBUN2XAZ<\/li>\n<li style=\"padding: 0px;margin: 0px;border: 0px\">ASV09PSBUXAZ<\/li>\n<li style=\"padding: 0px;margin: 0px;border: 0px\">ASV12PSBTNXAZ<\/li>\n<li style=\"padding: 0px;margin: 0px;border: 0px\">ASV12PSBTXAZ<\/li>\n<\/ul>\n<p style=\"padding: 0px;margin: 0px 0px 14px;border: 0px;position: static;color: #393939;font-family: Montserrat, sans-serif;font-size: 16px\">\u00a0<\/p>\n<p style=\"padding: 0px;margin: 0px 0px 14px;border: 0px;position: static;color: #393939;font-family: Montserrat, sans-serif;font-size: 16px\">C\u00f3digos Compat\u00edveis:<\/p>\n<ul style=\"padding: 0px;margin: 0px 0px 1.25rem 1.775rem;border: 0px;line-height: 1.7;color: #393939;font-family: Montserrat, sans-serif;font-size: 16px\">\n<li style=\"padding: 0px;margin: 0px;border: 0px\">DB31-00680A<\/li>\n<li style=\"padding: 0px;margin: 0px;border: 0px\">DB31-00619B<\/li>\n<li style=\"padding: 0px;margin: 0px;border: 0px\">DB31-00678A<\/li>\n<li style=\"padding: 0px;margin: 0px;border: 0px\">DB31-00531C<\/li>\n<li style=\"padding: 0px;margin: 0px;border: 0px\">Y4S476B223L<\/li>\n<\/ul>\n","protected":false},"excerpt":{"rendered":"<p>ic2218-Motor ventilador evaporadora ar condicionado Samsung<\/p>\n<p>\u00a0<\/p>\n<p>Modelo: Y4S476B223L DB31-00619B<\/p>\n<p>\u00a0<\/p>\n<p>220V 60Hz<\/p>\n<p>4P 17W<\/p>\n<p>0.22A 1.2uF\/450V<\/p>\n<p>\u00a0<\/p>\n<p>Db3100531c<\/p>\n","protected":false},"featured_media":8740,"comment_status":"open","ping_status":"closed","template":"","meta":{"_kadence_starter_templates_imported_post":false,"_kad_post_transparent":"default","_kad_post_title":"","_kad_post_layout":"default","_kad_post_sidebar_id":"","_kad_post_content_style":"default","_kad_post_vertical_padding":"default","_kad_post_feature":"","_kad_post_feature_position":"","_kad_post_header":false,"_kad_post_footer":false,"jetpack_publicize_message":"","jetpack_publicize_feature_enabled":true,"jetpack_social_post_already_shared":false,"jetpack_social_options":{"image_generator_settings":{"template":"highway","default_image_id":0,"font":"","enabled":false},"version":2}},"product_brand":[],"product_cat":[213,186],"product_tag":[],"class_list":{"0":"post-5530","1":"product","2":"type-product","3":"status-publish","4":"has-post-thumbnail","6":"product_cat-motor-da-evaporadora-split","7":"product_cat-samsung","9":"first","10":"instock","11":"shipping-taxable","12":"purchasable","13":"product-type-simple","14":"entry","15":"content-bg","16":"loop-entry"},"yoast_head":"<!-- This site is optimized with the Yoast SEO plugin v27.5 - https:\/\/yoast.com\/product\/yoast-seo-wordpress\/ -->\n<title>Motor Ventilador Da Evaporadora Ar Condicionado Compativel Com Samsung 9000 e 12000 BTUS DB3100531C - Loja - Dual Gree Servi\u00e7os | Pe\u00e7as<\/title>\n<meta name=\"robots\" content=\"index, follow, max-snippet:-1, max-image-preview:large, max-video-preview:-1\" \/>\n<link rel=\"canonical\" href=\"https:\/\/dualgree.com.br\/loja\/produto\/motoventilador-ar-condicionado-samsung-as09uwbuxaz-db3100531c\/\" \/>\n<meta property=\"og:locale\" content=\"pt_BR\" \/>\n<meta property=\"og:type\" content=\"article\" \/>\n<meta property=\"og:title\" content=\"Motor Ventilador Da Evaporadora Ar Condicionado Compativel Com Samsung 9000 e 12000 BTUS DB3100531C - Loja - Dual Gree Servi\u00e7os | Pe\u00e7as\" \/>\n<meta property=\"og:description\" content=\"ic2218-Motor ventilador evaporadora ar condicionado Samsung \u00a0 Modelo: Y4S476B223L DB31-00619B \u00a0 220V 60Hz 4P 17W 0.22A 1.2uF\/450V \u00a0 Db3100531c\" \/>\n<meta property=\"og:url\" content=\"https:\/\/dualgree.com.br\/loja\/produto\/motoventilador-ar-condicionado-samsung-as09uwbuxaz-db3100531c\/\" \/>\n<meta property=\"og:site_name\" content=\"Loja - Dual Gree Servi\u00e7os | Pe\u00e7as\" \/>\n<meta property=\"article:modified_time\" content=\"2026-04-30T18:04:32+00:00\" \/>\n<meta property=\"og:image\" content=\"https:\/\/dualgree.com.br\/loja\/wp-content\/uploads\/2024\/12\/15313534414-2218-motor-ventilador-ar-condicionado-samsung-db3100531c-2.jpeg\" \/>\n\t<meta property=\"og:image:width\" content=\"1280\" \/>\n\t<meta property=\"og:image:height\" content=\"1280\" \/>\n\t<meta property=\"og:image:type\" content=\"image\/jpeg\" \/>\n<meta name=\"twitter:card\" content=\"summary_large_image\" \/>\n<meta name=\"twitter:label1\" content=\"Est. tempo de leitura\" \/>\n\t<meta name=\"twitter:data1\" content=\"1 minuto\" \/>\n<script type=\"application\/ld+json\" class=\"yoast-schema-graph\">{\"@context\":\"https:\\\/\\\/schema.org\",\"@graph\":[{\"@type\":\"WebPage\",\"@id\":\"https:\\\/\\\/dualgree.com.br\\\/loja\\\/produto\\\/motoventilador-ar-condicionado-samsung-as09uwbuxaz-db3100531c\\\/\",\"url\":\"https:\\\/\\\/dualgree.com.br\\\/loja\\\/produto\\\/motoventilador-ar-condicionado-samsung-as09uwbuxaz-db3100531c\\\/\",\"name\":\"Motor Ventilador Da Evaporadora Ar Condicionado Compativel Com Samsung 9000 e 12000 BTUS DB3100531C - Loja - Dual Gree Servi\u00e7os | Pe\u00e7as\",\"isPartOf\":{\"@id\":\"https:\\\/\\\/dualgree.com.br\\\/loja\\\/#website\"},\"primaryImageOfPage\":{\"@id\":\"https:\\\/\\\/dualgree.com.br\\\/loja\\\/produto\\\/motoventilador-ar-condicionado-samsung-as09uwbuxaz-db3100531c\\\/#primaryimage\"},\"image\":{\"@id\":\"https:\\\/\\\/dualgree.com.br\\\/loja\\\/produto\\\/motoventilador-ar-condicionado-samsung-as09uwbuxaz-db3100531c\\\/#primaryimage\"},\"thumbnailUrl\":\"https:\\\/\\\/dualgree.com.br\\\/loja\\\/wp-content\\\/uploads\\\/2024\\\/12\\\/15313534414-2218-motor-ventilador-ar-condicionado-samsung-db3100531c-2.jpeg\",\"datePublished\":\"2024-08-08T16:29:07+00:00\",\"dateModified\":\"2026-04-30T18:04:32+00:00\",\"breadcrumb\":{\"@id\":\"https:\\\/\\\/dualgree.com.br\\\/loja\\\/produto\\\/motoventilador-ar-condicionado-samsung-as09uwbuxaz-db3100531c\\\/#breadcrumb\"},\"inLanguage\":\"pt-BR\",\"potentialAction\":[{\"@type\":\"ReadAction\",\"target\":[\"https:\\\/\\\/dualgree.com.br\\\/loja\\\/produto\\\/motoventilador-ar-condicionado-samsung-as09uwbuxaz-db3100531c\\\/\"]}]},{\"@type\":\"ImageObject\",\"inLanguage\":\"pt-BR\",\"@id\":\"https:\\\/\\\/dualgree.com.br\\\/loja\\\/produto\\\/motoventilador-ar-condicionado-samsung-as09uwbuxaz-db3100531c\\\/#primaryimage\",\"url\":\"https:\\\/\\\/dualgree.com.br\\\/loja\\\/wp-content\\\/uploads\\\/2024\\\/12\\\/15313534414-2218-motor-ventilador-ar-condicionado-samsung-db3100531c-2.jpeg\",\"contentUrl\":\"https:\\\/\\\/dualgree.com.br\\\/loja\\\/wp-content\\\/uploads\\\/2024\\\/12\\\/15313534414-2218-motor-ventilador-ar-condicionado-samsung-db3100531c-2.jpeg\",\"width\":1280,\"height\":1280},{\"@type\":\"BreadcrumbList\",\"@id\":\"https:\\\/\\\/dualgree.com.br\\\/loja\\\/produto\\\/motoventilador-ar-condicionado-samsung-as09uwbuxaz-db3100531c\\\/#breadcrumb\",\"itemListElement\":[{\"@type\":\"ListItem\",\"position\":1,\"name\":\"In\u00edcio\",\"item\":\"https:\\\/\\\/dualgree.com.br\\\/loja\\\/\"},{\"@type\":\"ListItem\",\"position\":2,\"name\":\"Loja &#8211; Cat\u00e1logo de Pe\u00e7as\",\"item\":\"https:\\\/\\\/dualgree.com.br\\\/loja\\\/\"},{\"@type\":\"ListItem\",\"position\":3,\"name\":\"Motor Ventilador Da Evaporadora Ar Condicionado Compativel C...\"}]},{\"@type\":\"WebSite\",\"@id\":\"https:\\\/\\\/dualgree.com.br\\\/loja\\\/#website\",\"url\":\"https:\\\/\\\/dualgree.com.br\\\/loja\\\/\",\"name\":\"Loja - Dual Gree Servi\u00e7os | Partes e Pe\u00e7as\",\"description\":\"Catalogo de Pe\u00e7as para ar condicionado\",\"publisher\":{\"@id\":\"https:\\\/\\\/dualgree.com.br\\\/loja\\\/#organization\"},\"potentialAction\":[{\"@type\":\"SearchAction\",\"target\":{\"@type\":\"EntryPoint\",\"urlTemplate\":\"https:\\\/\\\/dualgree.com.br\\\/loja\\\/?s={search_term_string}\"},\"query-input\":{\"@type\":\"PropertyValueSpecification\",\"valueRequired\":true,\"valueName\":\"search_term_string\"}}],\"inLanguage\":\"pt-BR\"},{\"@type\":\"Organization\",\"@id\":\"https:\\\/\\\/dualgree.com.br\\\/loja\\\/#organization\",\"name\":\"Loja Dual Gree Servi\u00e7o\",\"url\":\"https:\\\/\\\/dualgree.com.br\\\/loja\\\/\",\"logo\":{\"@type\":\"ImageObject\",\"inLanguage\":\"pt-BR\",\"@id\":\"https:\\\/\\\/dualgree.com.br\\\/loja\\\/#\\\/schema\\\/logo\\\/image\\\/\",\"url\":\"https:\\\/\\\/dualgree.com.br\\\/loja\\\/wp-content\\\/uploads\\\/2024\\\/09\\\/teste-logo-ecommerce-dual-1-e1725909304971.png\",\"contentUrl\":\"https:\\\/\\\/dualgree.com.br\\\/loja\\\/wp-content\\\/uploads\\\/2024\\\/09\\\/teste-logo-ecommerce-dual-1-e1725909304971.png\",\"width\":470,\"height\":157,\"caption\":\"Loja Dual Gree Servi\u00e7o\"},\"image\":{\"@id\":\"https:\\\/\\\/dualgree.com.br\\\/loja\\\/#\\\/schema\\\/logo\\\/image\\\/\"}}]}<\/script>\n<!-- \/ Yoast SEO plugin. -->","yoast_head_json":{"title":"Motor Ventilador Da Evaporadora Ar Condicionado Compativel Com Samsung 9000 e 12000 BTUS DB3100531C - Loja - Dual Gree Servi\u00e7os | Pe\u00e7as","robots":{"index":"index","follow":"follow","max-snippet":"max-snippet:-1","max-image-preview":"max-image-preview:large","max-video-preview":"max-video-preview:-1"},"canonical":"https:\/\/dualgree.com.br\/loja\/produto\/motoventilador-ar-condicionado-samsung-as09uwbuxaz-db3100531c\/","og_locale":"pt_BR","og_type":"article","og_title":"Motor Ventilador Da Evaporadora Ar Condicionado Compativel Com Samsung 9000 e 12000 BTUS DB3100531C - Loja - Dual Gree Servi\u00e7os | Pe\u00e7as","og_description":"ic2218-Motor ventilador evaporadora ar condicionado Samsung \u00a0 Modelo: Y4S476B223L DB31-00619B \u00a0 220V 60Hz 4P 17W 0.22A 1.2uF\/450V \u00a0 Db3100531c","og_url":"https:\/\/dualgree.com.br\/loja\/produto\/motoventilador-ar-condicionado-samsung-as09uwbuxaz-db3100531c\/","og_site_name":"Loja - Dual Gree Servi\u00e7os | Pe\u00e7as","article_modified_time":"2026-04-30T18:04:32+00:00","og_image":[{"width":1280,"height":1280,"url":"https:\/\/dualgree.com.br\/loja\/wp-content\/uploads\/2024\/12\/15313534414-2218-motor-ventilador-ar-condicionado-samsung-db3100531c-2.jpeg","type":"image\/jpeg"}],"twitter_card":"summary_large_image","twitter_misc":{"Est. tempo de leitura":"1 minuto"},"schema":{"@context":"https:\/\/schema.org","@graph":[{"@type":"WebPage","@id":"https:\/\/dualgree.com.br\/loja\/produto\/motoventilador-ar-condicionado-samsung-as09uwbuxaz-db3100531c\/","url":"https:\/\/dualgree.com.br\/loja\/produto\/motoventilador-ar-condicionado-samsung-as09uwbuxaz-db3100531c\/","name":"Motor Ventilador Da Evaporadora Ar Condicionado Compativel Com Samsung 9000 e 12000 BTUS DB3100531C - Loja - Dual Gree Servi\u00e7os | Pe\u00e7as","isPartOf":{"@id":"https:\/\/dualgree.com.br\/loja\/#website"},"primaryImageOfPage":{"@id":"https:\/\/dualgree.com.br\/loja\/produto\/motoventilador-ar-condicionado-samsung-as09uwbuxaz-db3100531c\/#primaryimage"},"image":{"@id":"https:\/\/dualgree.com.br\/loja\/produto\/motoventilador-ar-condicionado-samsung-as09uwbuxaz-db3100531c\/#primaryimage"},"thumbnailUrl":"https:\/\/dualgree.com.br\/loja\/wp-content\/uploads\/2024\/12\/15313534414-2218-motor-ventilador-ar-condicionado-samsung-db3100531c-2.jpeg","datePublished":"2024-08-08T16:29:07+00:00","dateModified":"2026-04-30T18:04:32+00:00","breadcrumb":{"@id":"https:\/\/dualgree.com.br\/loja\/produto\/motoventilador-ar-condicionado-samsung-as09uwbuxaz-db3100531c\/#breadcrumb"},"inLanguage":"pt-BR","potentialAction":[{"@type":"ReadAction","target":["https:\/\/dualgree.com.br\/loja\/produto\/motoventilador-ar-condicionado-samsung-as09uwbuxaz-db3100531c\/"]}]},{"@type":"ImageObject","inLanguage":"pt-BR","@id":"https:\/\/dualgree.com.br\/loja\/produto\/motoventilador-ar-condicionado-samsung-as09uwbuxaz-db3100531c\/#primaryimage","url":"https:\/\/dualgree.com.br\/loja\/wp-content\/uploads\/2024\/12\/15313534414-2218-motor-ventilador-ar-condicionado-samsung-db3100531c-2.jpeg","contentUrl":"https:\/\/dualgree.com.br\/loja\/wp-content\/uploads\/2024\/12\/15313534414-2218-motor-ventilador-ar-condicionado-samsung-db3100531c-2.jpeg","width":1280,"height":1280},{"@type":"BreadcrumbList","@id":"https:\/\/dualgree.com.br\/loja\/produto\/motoventilador-ar-condicionado-samsung-as09uwbuxaz-db3100531c\/#breadcrumb","itemListElement":[{"@type":"ListItem","position":1,"name":"In\u00edcio","item":"https:\/\/dualgree.com.br\/loja\/"},{"@type":"ListItem","position":2,"name":"Loja &#8211; Cat\u00e1logo de Pe\u00e7as","item":"https:\/\/dualgree.com.br\/loja\/"},{"@type":"ListItem","position":3,"name":"Motor Ventilador Da Evaporadora Ar Condicionado Compativel C..."}]},{"@type":"WebSite","@id":"https:\/\/dualgree.com.br\/loja\/#website","url":"https:\/\/dualgree.com.br\/loja\/","name":"Loja - Dual Gree Servi\u00e7os | Partes e Pe\u00e7as","description":"Catalogo de Pe\u00e7as para ar condicionado","publisher":{"@id":"https:\/\/dualgree.com.br\/loja\/#organization"},"potentialAction":[{"@type":"SearchAction","target":{"@type":"EntryPoint","urlTemplate":"https:\/\/dualgree.com.br\/loja\/?s={search_term_string}"},"query-input":{"@type":"PropertyValueSpecification","valueRequired":true,"valueName":"search_term_string"}}],"inLanguage":"pt-BR"},{"@type":"Organization","@id":"https:\/\/dualgree.com.br\/loja\/#organization","name":"Loja Dual Gree Servi\u00e7o","url":"https:\/\/dualgree.com.br\/loja\/","logo":{"@type":"ImageObject","inLanguage":"pt-BR","@id":"https:\/\/dualgree.com.br\/loja\/#\/schema\/logo\/image\/","url":"https:\/\/dualgree.com.br\/loja\/wp-content\/uploads\/2024\/09\/teste-logo-ecommerce-dual-1-e1725909304971.png","contentUrl":"https:\/\/dualgree.com.br\/loja\/wp-content\/uploads\/2024\/09\/teste-logo-ecommerce-dual-1-e1725909304971.png","width":470,"height":157,"caption":"Loja Dual Gree Servi\u00e7o"},"image":{"@id":"https:\/\/dualgree.com.br\/loja\/#\/schema\/logo\/image\/"}}]}},"jetpack_publicize_connections":[],"jetpack_sharing_enabled":true,"jetpack_likes_enabled":true,"_links":{"self":[{"href":"https:\/\/dualgree.com.br\/loja\/wp-json\/wp\/v2\/product\/5530","targetHints":{"allow":["GET"]}}],"collection":[{"href":"https:\/\/dualgree.com.br\/loja\/wp-json\/wp\/v2\/product"}],"about":[{"href":"https:\/\/dualgree.com.br\/loja\/wp-json\/wp\/v2\/types\/product"}],"replies":[{"embeddable":true,"href":"https:\/\/dualgree.com.br\/loja\/wp-json\/wp\/v2\/comments?post=5530"}],"wp:featuredmedia":[{"embeddable":true,"href":"https:\/\/dualgree.com.br\/loja\/wp-json\/wp\/v2\/media\/8740"}],"wp:attachment":[{"href":"https:\/\/dualgree.com.br\/loja\/wp-json\/wp\/v2\/media?parent=5530"}],"wp:term":[{"taxonomy":"product_brand","embeddable":true,"href":"https:\/\/dualgree.com.br\/loja\/wp-json\/wp\/v2\/product_brand?post=5530"},{"taxonomy":"product_cat","embeddable":true,"href":"https:\/\/dualgree.com.br\/loja\/wp-json\/wp\/v2\/product_cat?post=5530"},{"taxonomy":"product_tag","embeddable":true,"href":"https:\/\/dualgree.com.br\/loja\/wp-json\/wp\/v2\/product_tag?post=5530"}],"curies":[{"name":"wp","href":"https:\/\/api.w.org\/{rel}","templated":true}]}}