{"id":5771,"date":"2024-08-12T20:51:27","date_gmt":"2024-08-12T20:51:27","guid":{"rendered":"https:\/\/dualgree.com.br\/loja\/produto\/sensor-de-degelo-evaporadora-lg-ebg61110705-ar-condicionado-lg-s4nq09wa5ac\/"},"modified":"2025-02-27T02:16:14","modified_gmt":"2025-02-27T02:16:14","slug":"sensor-de-degelo-evaporadora-lg-ebg61110705-ar-condicionado-lg-s4nq09wa5ac","status":"publish","type":"product","link":"https:\/\/dualgree.com.br\/loja\/produto\/sensor-de-degelo-evaporadora-lg-ebg61110705-ar-condicionado-lg-s4nq09wa5ac\/","title":{"rendered":"Sensor de Degelo Evaporadora LG EBG61110705 Ar Condicionado ..."},"content":{"rendered":"","protected":false},"excerpt":{"rendered":"<p><span>IC2015-Sensor de Degelo Evaporadora LG EBG61110705 Ar Condicionado LG S4NQ09WA5AC<\/span><\/p>\n<p>\u00a0<\/p>\n<p>COMPAT\u00cdVEL COM OS MODELOS DE AR CONDICIONADO LG:<\/p>\n<p>\u00a0<\/p>\n<p>AS-Q092B4A0<\/p>\n<p>ASNQ092B4A0<\/p>\n<p>ASUQ092B4A0<\/p>\n<p>AS-Q092BRG2<\/p>\n<p>ASNQ092BRG2<\/p>\n<p>ASUQ092BRG2<\/p>\n<p>AS-Q092BRW0<\/p>\n<p>ASUQ092BRW0<\/p>\n<p>AS-Q122B4A0<\/p>\n<p>ASUQ122B4A0<\/p>\n<p>AS-Q122BRZ0<\/p>\n<p>ASNQ122BRZ0<\/p>\n<p>ASUQ122BRZ0<\/p>\n<p>AS-Q182C4A0<\/p>\n<p>ASNQ182C4A0<\/p>\n<p>ASUQ182C4A0<\/p>\n<p>AS-Q182CRZ0<\/p>\n<p>ASNQ182CRZ0<\/p>\n<p>ASUQ182CRZ0<\/p>\n<p>AS-Q242C4A0<\/p>\n<p>ASNQ242C4A0<\/p>\n<p>ASUQ242C4A0<\/p>\n<p>AS-Q242CRW0<\/p>\n<p>ASNQ242CRW0<\/p>\n<p>ASUQ242CRW0<\/p>\n<p>AS-Q242CSA1<\/p>\n<p>ASNQ242CSA1<\/p>\n<p>ASUQ242CSA1<\/p>\n<p>AS-W092B1U0<\/p>\n<p>ASNW092B1U0<\/p>\n<p>ASUW092B1U0<\/p>\n<p>AS-W092B4A0<\/p>\n<p>ASNW092B4A0<\/p>\n<p>ASUW092B4A0<\/p>\n<p>AS-W092BRW0<\/p>\n<p>ASNW092BRW0<\/p>\n<p>ASUW092BRW0<\/p>\n<p>AS-W092BRZ0<\/p>\n<p>ASNW092BRZ0<\/p>\n<p>ASUW092BRZ0<\/p>\n<p>AS-W122B1U0<\/p>\n<p>ASNW122B1U0<\/p>\n<p>ASUW122B1U0<\/p>\n<p>AS-W122B4A0<\/p>\n<p>ASNW122B4A0<\/p>\n<p>ASUW122B4A0<\/p>\n<p>AS-W122BRW0<\/p>\n<p>ASNW122BRW0<\/p>\n<p>ASUW122BRW0<\/p>\n<p>AS-W122BRZ0<\/p>\n<p>ASNW122BRZ0<\/p>\n<p>ASUW122BRZ0<\/p>\n<p>AS-W182C2U0<\/p>\n<p>ASNW182C2U0<\/p>\n<p>ASUW182C2U0<\/p>\n<p>AS-W182C4A0<\/p>\n<p>ASNW182C4A0<\/p>\n<p>ASUW182C4A0<\/p>\n<p>AS-W182CRW0<\/p>\n<p>ASNW182CRW0<\/p>\n<p>ASUW182CRW0<\/p>\n<p>AS-W182CSA1<\/p>\n<p>ASNW182CSA1<\/p>\n<p>ASUW182CSA1<\/p>\n<p>AS-W242C2U0<\/p>\n<p>ASNW242C2U0<\/p>\n<p>ASUW242C2U0<\/p>\n<p>AS-W242CRW0<\/p>\n<p>ASNW242CRW0<\/p>\n<p>ASUW242CRW0<\/p>\n<p>AS-W242CSA1<\/p>\n<p>ASNW242CSA1<\/p>\n<p>ASUW242CSA1<\/p>\n<p>CS09AQ.NB0<\/p>\n<p>CS12AQ.NB0<\/p>\n<p>AS-Q122BRG2<\/p>\n<p>ASNQ122BRG2<\/p>\n<p>ASUQ122BRG2<\/p>\n<p>AS-W122BRG2<\/p>\n<p>ASNW122BRG2<\/p>\n<p>ASUW122BRG2<\/p>\n<p>AS-Q092WSA0<\/p>\n<p>ASNQ092WSA0<\/p>\n<p>ASUQ092WSA0<\/p>\n<p>AS-Q092WSA0<\/p>\n<p>ASNQ092WSA0<\/p>\n<p>ASUQ092WSA0<\/p>\n<p>AS-W092WSA0<\/p>\n<p>ASNW092WSA0<\/p>\n<p>ASUW092WSA0<\/p>\n<p>AMNW07GSJA0<\/p>\n<p>AMNW09GSJA0<\/p>\n<p>AMNW09GSJA0<\/p>\n<p>AMNW09GSJAA<\/p>\n<p>AMNW09GSJR0<\/p>\n<p>AMNW12GSJA0<\/p>\n<p>AMNW12GSJAA<\/p>\n<p>ASNQ182CRG2<\/p>\n<p>ASNQ182CRG2<\/p>\n<p>ASNQ242CRG2<\/p>\n<p>ASNQ242CRG2<\/p>\n<p>ASNQ242CRZ1<\/p>\n<p>ASNW092HDW0<\/p>\n<p>ASNW122HDW0<\/p>\n<p>ASNW182CRG2<\/p>\n<p>ASNW182CRG2<\/p>\n<p>ASNW242CRG2<\/p>\n<p>ASNW242CRG2<\/p>\n<p>ASNW242CRZ1<\/p>\n<p>S4NQ09WA51A<\/p>\n<p>S4NQ09WA51B<\/p>\n<p>S4NQ09WA5AA<\/p>\n<p>S4NQ09WA5AC<\/p>\n<p>S4NQ09WA5WB<\/p>\n<p>S4NQ12JA314<\/p>\n<p>S4NQ12JA31C<\/p>\n<p>S4NQ12JA31F<\/p>\n<p>S4NQ12JA3A5<\/p>\n<p>S4NQ12JA3AD<\/p>\n<p>S4NQ12JA3WC<\/p>\n<p>S4NQ12JA3WF<\/p>\n<p>S4NQ18KL31A<\/p>\n<p>S4NQ18KL3AA<\/p>\n<p>S4NQ18KL3WB<\/p>\n<p>S4NQ24K231D<\/p>\n<p>S4NQ24K23WD<\/p>\n<p>S4NW09WA51A<\/p>\n<p>S4NW09WA5WA<\/p>\n<p>S4NW12JA31A<\/p>\n<p>S4NW12JA3WA<\/p>\n<p>S4NW12JARPA<\/p>\n<p>S4NW18KL31A<\/p>\n<p>S4NW18KL3WA<\/p>\n<p>S4NW18KLRPA<\/p>\n<p>S4NW18KLRPB<\/p>\n<p>USNQ092WSA0<\/p>\n<p>USNQ092WSG3<\/p>\n<p>USNQ092WSZ2<\/p>\n<p>USNQ122BSZ2<\/p>\n<p>USNQ122HSA0<\/p>\n<p>USNQ122HSG3<\/p>\n<p>USNQ182CSG3<\/p>\n<p>USNQ182CSZ2<\/p>\n<p>USNQ242CSG3<\/p>\n<p>USNQ242CSZ2<\/p>\n<p>USNW092WSG3<\/p>\n<p>USNW092WSZ2<\/p>\n<p>USNW122BSZ2<\/p>\n<p>USNW122HSG3<\/p>\n<p>USNW182CSG3<\/p>\n<p>USNW182CSZ2<\/p>\n<p>USNW242CSG3<\/p>\n<p>USNW242CSZ2<\/p>\n<p>\u00a0<\/p>\n<p>C\u00d3DIGOS COMPAT\u00cdVEIS:<\/p>\n<p>EBG61110705<\/p>\n<p>EBG60787304<\/p>\n","protected":false},"featured_media":5800,"comment_status":"open","ping_status":"closed","template":"","meta":{"_kadence_starter_templates_imported_post":false,"_kad_post_transparent":"","_kad_post_title":"","_kad_post_layout":"","_kad_post_sidebar_id":"","_kad_post_content_style":"","_kad_post_vertical_padding":"","_kad_post_feature":"","_kad_post_feature_position":"","_kad_post_header":false,"_kad_post_footer":false,"jetpack_publicize_message":"","jetpack_publicize_feature_enabled":true,"jetpack_social_post_already_shared":false,"jetpack_social_options":{"image_generator_settings":{"template":"highway","default_image_id":0,"font":"","enabled":false},"version":2}},"product_brand":[],"product_cat":[182],"product_tag":[],"class_list":{"0":"post-5771","1":"product","2":"type-product","3":"status-publish","4":"has-post-thumbnail","6":"product_cat-lg","8":"first","9":"instock","10":"shipping-taxable","11":"purchasable","12":"product-type-simple","13":"entry","14":"content-bg","15":"loop-entry"},"yoast_head":"<!-- This site is optimized with the Yoast SEO plugin v27.5 - https:\/\/yoast.com\/product\/yoast-seo-wordpress\/ -->\n<title>Sensor de Degelo Evaporadora LG EBG61110705 Ar Condicionado LG S4NQ09WA5AC - Loja - Dual Gree Servi\u00e7os | Pe\u00e7as<\/title>\n<meta name=\"robots\" content=\"index, follow, max-snippet:-1, max-image-preview:large, max-video-preview:-1\" \/>\n<link rel=\"canonical\" href=\"https:\/\/dualgree.com.br\/loja\/produto\/sensor-de-degelo-evaporadora-lg-ebg61110705-ar-condicionado-lg-s4nq09wa5ac\/\" \/>\n<meta property=\"og:locale\" content=\"pt_BR\" \/>\n<meta property=\"og:type\" content=\"article\" \/>\n<meta property=\"og:title\" content=\"Sensor de Degelo Evaporadora LG EBG61110705 Ar Condicionado LG S4NQ09WA5AC - Loja - Dual Gree Servi\u00e7os | Pe\u00e7as\" \/>\n<meta property=\"og:description\" content=\"IC2015-Sensor de Degelo Evaporadora LG EBG61110705 Ar Condicionado LG S4NQ09WA5AC \u00a0 COMPAT\u00cdVEL COM OS MODELOS DE AR CONDICIONADO LG: \u00a0 AS-Q092B4A0 ASNQ092B4A0 ASUQ092B4A0 AS-Q092BRG2 ASNQ092BRG2 ASUQ092BRG2 AS-Q092BRW0 ASUQ092BRW0 AS-Q122B4A0 ASUQ122B4A0 AS-Q122BRZ0 ASNQ122BRZ0 ASUQ122BRZ0 AS-Q182C4A0 ASNQ182C4A0 ASUQ182C4A0 AS-Q182CRZ0 ASNQ182CRZ0 ASUQ182CRZ0 AS-Q242C4A0 ASNQ242C4A0 ASUQ242C4A0 AS-Q242CRW0 ASNQ242CRW0 ASUQ242CRW0 AS-Q242CSA1 ASNQ242CSA1 ASUQ242CSA1 AS-W092B1U0 ASNW092B1U0 ASUW092B1U0 AS-W092B4A0 ASNW092B4A0 ASUW092B4A0 AS-W092BRW0 ASNW092BRW0 ASUW092BRW0 AS-W092BRZ0 ASNW092BRZ0 ASUW092BRZ0 AS-W122B1U0 ASNW122B1U0 ASUW122B1U0 AS-W122B4A0 ASNW122B4A0 ASUW122B4A0 AS-W122BRW0 ASNW122BRW0 ASUW122BRW0 AS-W122BRZ0 ASNW122BRZ0 ASUW122BRZ0 AS-W182C2U0 ASNW182C2U0 ASUW182C2U0 AS-W182C4A0 ASNW182C4A0 ASUW182C4A0 AS-W182CRW0 ASNW182CRW0 ASUW182CRW0 AS-W182CSA1 ASNW182CSA1 ASUW182CSA1 AS-W242C2U0 ASNW242C2U0 ASUW242C2U0 AS-W242CRW0 ASNW242CRW0 ASUW242CRW0 AS-W242CSA1 ASNW242CSA1 ASUW242CSA1 CS09AQ.NB0 CS12AQ.NB0 AS-Q122BRG2 ASNQ122BRG2 ASUQ122BRG2 AS-W122BRG2 ASNW122BRG2 ASUW122BRG2 AS-Q092WSA0 ASNQ092WSA0 ASUQ092WSA0 AS-Q092WSA0 ASNQ092WSA0 ASUQ092WSA0 AS-W092WSA0 ASNW092WSA0 ASUW092WSA0 AMNW07GSJA0 AMNW09GSJA0 AMNW09GSJA0 AMNW09GSJAA AMNW09GSJR0 AMNW12GSJA0 AMNW12GSJAA ASNQ182CRG2 ASNQ182CRG2 ASNQ242CRG2 ASNQ242CRG2 ASNQ242CRZ1 ASNW092HDW0 ASNW122HDW0 ASNW182CRG2 ASNW182CRG2 ASNW242CRG2 ASNW242CRG2 ASNW242CRZ1 S4NQ09WA51A S4NQ09WA51B S4NQ09WA5AA S4NQ09WA5AC S4NQ09WA5WB S4NQ12JA314 S4NQ12JA31C S4NQ12JA31F S4NQ12JA3A5 S4NQ12JA3AD S4NQ12JA3WC S4NQ12JA3WF S4NQ18KL31A S4NQ18KL3AA S4NQ18KL3WB S4NQ24K231D S4NQ24K23WD S4NW09WA51A S4NW09WA5WA S4NW12JA31A S4NW12JA3WA S4NW12JARPA S4NW18KL31A S4NW18KL3WA S4NW18KLRPA S4NW18KLRPB USNQ092WSA0 USNQ092WSG3 USNQ092WSZ2 USNQ122BSZ2 USNQ122HSA0 USNQ122HSG3 USNQ182CSG3 USNQ182CSZ2 USNQ242CSG3 USNQ242CSZ2 USNW092WSG3 USNW092WSZ2 USNW122BSZ2 USNW122HSG3 USNW182CSG3 USNW182CSZ2 USNW242CSG3 USNW242CSZ2 \u00a0 C\u00d3DIGOS COMPAT\u00cdVEIS: EBG61110705 EBG60787304\" \/>\n<meta property=\"og:url\" content=\"https:\/\/dualgree.com.br\/loja\/produto\/sensor-de-degelo-evaporadora-lg-ebg61110705-ar-condicionado-lg-s4nq09wa5ac\/\" \/>\n<meta property=\"og:site_name\" content=\"Loja - Dual Gree Servi\u00e7os | Pe\u00e7as\" \/>\n<meta property=\"article:modified_time\" content=\"2025-02-27T02:16:14+00:00\" \/>\n<meta name=\"twitter:card\" content=\"summary_large_image\" \/>\n<script type=\"application\/ld+json\" class=\"yoast-schema-graph\">{\"@context\":\"https:\\\/\\\/schema.org\",\"@graph\":[{\"@type\":\"WebPage\",\"@id\":\"https:\\\/\\\/dualgree.com.br\\\/loja\\\/produto\\\/sensor-de-degelo-evaporadora-lg-ebg61110705-ar-condicionado-lg-s4nq09wa5ac\\\/\",\"url\":\"https:\\\/\\\/dualgree.com.br\\\/loja\\\/produto\\\/sensor-de-degelo-evaporadora-lg-ebg61110705-ar-condicionado-lg-s4nq09wa5ac\\\/\",\"name\":\"Sensor de Degelo Evaporadora LG EBG61110705 Ar Condicionado LG S4NQ09WA5AC - Loja - Dual Gree Servi\u00e7os | Pe\u00e7as\",\"isPartOf\":{\"@id\":\"https:\\\/\\\/dualgree.com.br\\\/loja\\\/#website\"},\"primaryImageOfPage\":{\"@id\":\"https:\\\/\\\/dualgree.com.br\\\/loja\\\/produto\\\/sensor-de-degelo-evaporadora-lg-ebg61110705-ar-condicionado-lg-s4nq09wa5ac\\\/#primaryimage\"},\"image\":{\"@id\":\"https:\\\/\\\/dualgree.com.br\\\/loja\\\/produto\\\/sensor-de-degelo-evaporadora-lg-ebg61110705-ar-condicionado-lg-s4nq09wa5ac\\\/#primaryimage\"},\"thumbnailUrl\":\"https:\\\/\\\/dualgree.com.br\\\/loja\\\/wp-content\\\/uploads\\\/2024\\\/08\\\/15294884577_2015-Sensor20de20Degelo20Evaporadora20LG20EBG6111070520Ar20Condicionado20LG20S4NQ09WA5AC.jpeg\",\"datePublished\":\"2024-08-12T20:51:27+00:00\",\"dateModified\":\"2025-02-27T02:16:14+00:00\",\"breadcrumb\":{\"@id\":\"https:\\\/\\\/dualgree.com.br\\\/loja\\\/produto\\\/sensor-de-degelo-evaporadora-lg-ebg61110705-ar-condicionado-lg-s4nq09wa5ac\\\/#breadcrumb\"},\"inLanguage\":\"pt-BR\",\"potentialAction\":[{\"@type\":\"ReadAction\",\"target\":[\"https:\\\/\\\/dualgree.com.br\\\/loja\\\/produto\\\/sensor-de-degelo-evaporadora-lg-ebg61110705-ar-condicionado-lg-s4nq09wa5ac\\\/\"]}]},{\"@type\":\"ImageObject\",\"inLanguage\":\"pt-BR\",\"@id\":\"https:\\\/\\\/dualgree.com.br\\\/loja\\\/produto\\\/sensor-de-degelo-evaporadora-lg-ebg61110705-ar-condicionado-lg-s4nq09wa5ac\\\/#primaryimage\",\"url\":\"https:\\\/\\\/dualgree.com.br\\\/loja\\\/wp-content\\\/uploads\\\/2024\\\/08\\\/15294884577_2015-Sensor20de20Degelo20Evaporadora20LG20EBG6111070520Ar20Condicionado20LG20S4NQ09WA5AC.jpeg\",\"contentUrl\":\"https:\\\/\\\/dualgree.com.br\\\/loja\\\/wp-content\\\/uploads\\\/2024\\\/08\\\/15294884577_2015-Sensor20de20Degelo20Evaporadora20LG20EBG6111070520Ar20Condicionado20LG20S4NQ09WA5AC.jpeg\",\"width\":1280,\"height\":1280},{\"@type\":\"BreadcrumbList\",\"@id\":\"https:\\\/\\\/dualgree.com.br\\\/loja\\\/produto\\\/sensor-de-degelo-evaporadora-lg-ebg61110705-ar-condicionado-lg-s4nq09wa5ac\\\/#breadcrumb\",\"itemListElement\":[{\"@type\":\"ListItem\",\"position\":1,\"name\":\"In\u00edcio\",\"item\":\"https:\\\/\\\/dualgree.com.br\\\/loja\\\/\"},{\"@type\":\"ListItem\",\"position\":2,\"name\":\"Loja &#8211; Cat\u00e1logo de Pe\u00e7as\",\"item\":\"https:\\\/\\\/dualgree.com.br\\\/loja\\\/\"},{\"@type\":\"ListItem\",\"position\":3,\"name\":\"Sensor de Degelo Evaporadora LG EBG61110705 Ar Condicionado ...\"}]},{\"@type\":\"WebSite\",\"@id\":\"https:\\\/\\\/dualgree.com.br\\\/loja\\\/#website\",\"url\":\"https:\\\/\\\/dualgree.com.br\\\/loja\\\/\",\"name\":\"Loja - Dual Gree Servi\u00e7os | Partes e Pe\u00e7as\",\"description\":\"Catalogo de Pe\u00e7as para ar condicionado\",\"publisher\":{\"@id\":\"https:\\\/\\\/dualgree.com.br\\\/loja\\\/#organization\"},\"potentialAction\":[{\"@type\":\"SearchAction\",\"target\":{\"@type\":\"EntryPoint\",\"urlTemplate\":\"https:\\\/\\\/dualgree.com.br\\\/loja\\\/?s={search_term_string}\"},\"query-input\":{\"@type\":\"PropertyValueSpecification\",\"valueRequired\":true,\"valueName\":\"search_term_string\"}}],\"inLanguage\":\"pt-BR\"},{\"@type\":\"Organization\",\"@id\":\"https:\\\/\\\/dualgree.com.br\\\/loja\\\/#organization\",\"name\":\"Loja Dual Gree Servi\u00e7o\",\"url\":\"https:\\\/\\\/dualgree.com.br\\\/loja\\\/\",\"logo\":{\"@type\":\"ImageObject\",\"inLanguage\":\"pt-BR\",\"@id\":\"https:\\\/\\\/dualgree.com.br\\\/loja\\\/#\\\/schema\\\/logo\\\/image\\\/\",\"url\":\"https:\\\/\\\/dualgree.com.br\\\/loja\\\/wp-content\\\/uploads\\\/2024\\\/09\\\/teste-logo-ecommerce-dual-1-e1725909304971.png\",\"contentUrl\":\"https:\\\/\\\/dualgree.com.br\\\/loja\\\/wp-content\\\/uploads\\\/2024\\\/09\\\/teste-logo-ecommerce-dual-1-e1725909304971.png\",\"width\":470,\"height\":157,\"caption\":\"Loja Dual Gree Servi\u00e7o\"},\"image\":{\"@id\":\"https:\\\/\\\/dualgree.com.br\\\/loja\\\/#\\\/schema\\\/logo\\\/image\\\/\"}}]}<\/script>\n<!-- \/ Yoast SEO plugin. -->","yoast_head_json":{"title":"Sensor de Degelo Evaporadora LG EBG61110705 Ar Condicionado LG S4NQ09WA5AC - Loja - Dual Gree Servi\u00e7os | Pe\u00e7as","robots":{"index":"index","follow":"follow","max-snippet":"max-snippet:-1","max-image-preview":"max-image-preview:large","max-video-preview":"max-video-preview:-1"},"canonical":"https:\/\/dualgree.com.br\/loja\/produto\/sensor-de-degelo-evaporadora-lg-ebg61110705-ar-condicionado-lg-s4nq09wa5ac\/","og_locale":"pt_BR","og_type":"article","og_title":"Sensor de Degelo Evaporadora LG EBG61110705 Ar Condicionado LG S4NQ09WA5AC - Loja - Dual Gree Servi\u00e7os | Pe\u00e7as","og_description":"IC2015-Sensor de Degelo Evaporadora LG EBG61110705 Ar Condicionado LG S4NQ09WA5AC \u00a0 COMPAT\u00cdVEL COM OS MODELOS DE AR CONDICIONADO LG: \u00a0 AS-Q092B4A0 ASNQ092B4A0 ASUQ092B4A0 AS-Q092BRG2 ASNQ092BRG2 ASUQ092BRG2 AS-Q092BRW0 ASUQ092BRW0 AS-Q122B4A0 ASUQ122B4A0 AS-Q122BRZ0 ASNQ122BRZ0 ASUQ122BRZ0 AS-Q182C4A0 ASNQ182C4A0 ASUQ182C4A0 AS-Q182CRZ0 ASNQ182CRZ0 ASUQ182CRZ0 AS-Q242C4A0 ASNQ242C4A0 ASUQ242C4A0 AS-Q242CRW0 ASNQ242CRW0 ASUQ242CRW0 AS-Q242CSA1 ASNQ242CSA1 ASUQ242CSA1 AS-W092B1U0 ASNW092B1U0 ASUW092B1U0 AS-W092B4A0 ASNW092B4A0 ASUW092B4A0 AS-W092BRW0 ASNW092BRW0 ASUW092BRW0 AS-W092BRZ0 ASNW092BRZ0 ASUW092BRZ0 AS-W122B1U0 ASNW122B1U0 ASUW122B1U0 AS-W122B4A0 ASNW122B4A0 ASUW122B4A0 AS-W122BRW0 ASNW122BRW0 ASUW122BRW0 AS-W122BRZ0 ASNW122BRZ0 ASUW122BRZ0 AS-W182C2U0 ASNW182C2U0 ASUW182C2U0 AS-W182C4A0 ASNW182C4A0 ASUW182C4A0 AS-W182CRW0 ASNW182CRW0 ASUW182CRW0 AS-W182CSA1 ASNW182CSA1 ASUW182CSA1 AS-W242C2U0 ASNW242C2U0 ASUW242C2U0 AS-W242CRW0 ASNW242CRW0 ASUW242CRW0 AS-W242CSA1 ASNW242CSA1 ASUW242CSA1 CS09AQ.NB0 CS12AQ.NB0 AS-Q122BRG2 ASNQ122BRG2 ASUQ122BRG2 AS-W122BRG2 ASNW122BRG2 ASUW122BRG2 AS-Q092WSA0 ASNQ092WSA0 ASUQ092WSA0 AS-Q092WSA0 ASNQ092WSA0 ASUQ092WSA0 AS-W092WSA0 ASNW092WSA0 ASUW092WSA0 AMNW07GSJA0 AMNW09GSJA0 AMNW09GSJA0 AMNW09GSJAA AMNW09GSJR0 AMNW12GSJA0 AMNW12GSJAA ASNQ182CRG2 ASNQ182CRG2 ASNQ242CRG2 ASNQ242CRG2 ASNQ242CRZ1 ASNW092HDW0 ASNW122HDW0 ASNW182CRG2 ASNW182CRG2 ASNW242CRG2 ASNW242CRG2 ASNW242CRZ1 S4NQ09WA51A S4NQ09WA51B S4NQ09WA5AA S4NQ09WA5AC S4NQ09WA5WB S4NQ12JA314 S4NQ12JA31C S4NQ12JA31F S4NQ12JA3A5 S4NQ12JA3AD S4NQ12JA3WC S4NQ12JA3WF S4NQ18KL31A S4NQ18KL3AA S4NQ18KL3WB S4NQ24K231D S4NQ24K23WD S4NW09WA51A S4NW09WA5WA S4NW12JA31A S4NW12JA3WA S4NW12JARPA S4NW18KL31A S4NW18KL3WA S4NW18KLRPA S4NW18KLRPB USNQ092WSA0 USNQ092WSG3 USNQ092WSZ2 USNQ122BSZ2 USNQ122HSA0 USNQ122HSG3 USNQ182CSG3 USNQ182CSZ2 USNQ242CSG3 USNQ242CSZ2 USNW092WSG3 USNW092WSZ2 USNW122BSZ2 USNW122HSG3 USNW182CSG3 USNW182CSZ2 USNW242CSG3 USNW242CSZ2 \u00a0 C\u00d3DIGOS COMPAT\u00cdVEIS: EBG61110705 EBG60787304","og_url":"https:\/\/dualgree.com.br\/loja\/produto\/sensor-de-degelo-evaporadora-lg-ebg61110705-ar-condicionado-lg-s4nq09wa5ac\/","og_site_name":"Loja - Dual Gree Servi\u00e7os | Pe\u00e7as","article_modified_time":"2025-02-27T02:16:14+00:00","twitter_card":"summary_large_image","schema":{"@context":"https:\/\/schema.org","@graph":[{"@type":"WebPage","@id":"https:\/\/dualgree.com.br\/loja\/produto\/sensor-de-degelo-evaporadora-lg-ebg61110705-ar-condicionado-lg-s4nq09wa5ac\/","url":"https:\/\/dualgree.com.br\/loja\/produto\/sensor-de-degelo-evaporadora-lg-ebg61110705-ar-condicionado-lg-s4nq09wa5ac\/","name":"Sensor de Degelo Evaporadora LG EBG61110705 Ar Condicionado LG S4NQ09WA5AC - Loja - Dual Gree Servi\u00e7os | Pe\u00e7as","isPartOf":{"@id":"https:\/\/dualgree.com.br\/loja\/#website"},"primaryImageOfPage":{"@id":"https:\/\/dualgree.com.br\/loja\/produto\/sensor-de-degelo-evaporadora-lg-ebg61110705-ar-condicionado-lg-s4nq09wa5ac\/#primaryimage"},"image":{"@id":"https:\/\/dualgree.com.br\/loja\/produto\/sensor-de-degelo-evaporadora-lg-ebg61110705-ar-condicionado-lg-s4nq09wa5ac\/#primaryimage"},"thumbnailUrl":"https:\/\/dualgree.com.br\/loja\/wp-content\/uploads\/2024\/08\/15294884577_2015-Sensor20de20Degelo20Evaporadora20LG20EBG6111070520Ar20Condicionado20LG20S4NQ09WA5AC.jpeg","datePublished":"2024-08-12T20:51:27+00:00","dateModified":"2025-02-27T02:16:14+00:00","breadcrumb":{"@id":"https:\/\/dualgree.com.br\/loja\/produto\/sensor-de-degelo-evaporadora-lg-ebg61110705-ar-condicionado-lg-s4nq09wa5ac\/#breadcrumb"},"inLanguage":"pt-BR","potentialAction":[{"@type":"ReadAction","target":["https:\/\/dualgree.com.br\/loja\/produto\/sensor-de-degelo-evaporadora-lg-ebg61110705-ar-condicionado-lg-s4nq09wa5ac\/"]}]},{"@type":"ImageObject","inLanguage":"pt-BR","@id":"https:\/\/dualgree.com.br\/loja\/produto\/sensor-de-degelo-evaporadora-lg-ebg61110705-ar-condicionado-lg-s4nq09wa5ac\/#primaryimage","url":"https:\/\/dualgree.com.br\/loja\/wp-content\/uploads\/2024\/08\/15294884577_2015-Sensor20de20Degelo20Evaporadora20LG20EBG6111070520Ar20Condicionado20LG20S4NQ09WA5AC.jpeg","contentUrl":"https:\/\/dualgree.com.br\/loja\/wp-content\/uploads\/2024\/08\/15294884577_2015-Sensor20de20Degelo20Evaporadora20LG20EBG6111070520Ar20Condicionado20LG20S4NQ09WA5AC.jpeg","width":1280,"height":1280},{"@type":"BreadcrumbList","@id":"https:\/\/dualgree.com.br\/loja\/produto\/sensor-de-degelo-evaporadora-lg-ebg61110705-ar-condicionado-lg-s4nq09wa5ac\/#breadcrumb","itemListElement":[{"@type":"ListItem","position":1,"name":"In\u00edcio","item":"https:\/\/dualgree.com.br\/loja\/"},{"@type":"ListItem","position":2,"name":"Loja &#8211; Cat\u00e1logo de Pe\u00e7as","item":"https:\/\/dualgree.com.br\/loja\/"},{"@type":"ListItem","position":3,"name":"Sensor de Degelo Evaporadora LG EBG61110705 Ar Condicionado ..."}]},{"@type":"WebSite","@id":"https:\/\/dualgree.com.br\/loja\/#website","url":"https:\/\/dualgree.com.br\/loja\/","name":"Loja - Dual Gree Servi\u00e7os | Partes e Pe\u00e7as","description":"Catalogo de Pe\u00e7as para ar condicionado","publisher":{"@id":"https:\/\/dualgree.com.br\/loja\/#organization"},"potentialAction":[{"@type":"SearchAction","target":{"@type":"EntryPoint","urlTemplate":"https:\/\/dualgree.com.br\/loja\/?s={search_term_string}"},"query-input":{"@type":"PropertyValueSpecification","valueRequired":true,"valueName":"search_term_string"}}],"inLanguage":"pt-BR"},{"@type":"Organization","@id":"https:\/\/dualgree.com.br\/loja\/#organization","name":"Loja Dual Gree Servi\u00e7o","url":"https:\/\/dualgree.com.br\/loja\/","logo":{"@type":"ImageObject","inLanguage":"pt-BR","@id":"https:\/\/dualgree.com.br\/loja\/#\/schema\/logo\/image\/","url":"https:\/\/dualgree.com.br\/loja\/wp-content\/uploads\/2024\/09\/teste-logo-ecommerce-dual-1-e1725909304971.png","contentUrl":"https:\/\/dualgree.com.br\/loja\/wp-content\/uploads\/2024\/09\/teste-logo-ecommerce-dual-1-e1725909304971.png","width":470,"height":157,"caption":"Loja Dual Gree Servi\u00e7o"},"image":{"@id":"https:\/\/dualgree.com.br\/loja\/#\/schema\/logo\/image\/"}}]}},"jetpack_publicize_connections":[],"jetpack_sharing_enabled":true,"jetpack_likes_enabled":true,"_links":{"self":[{"href":"https:\/\/dualgree.com.br\/loja\/wp-json\/wp\/v2\/product\/5771","targetHints":{"allow":["GET"]}}],"collection":[{"href":"https:\/\/dualgree.com.br\/loja\/wp-json\/wp\/v2\/product"}],"about":[{"href":"https:\/\/dualgree.com.br\/loja\/wp-json\/wp\/v2\/types\/product"}],"replies":[{"embeddable":true,"href":"https:\/\/dualgree.com.br\/loja\/wp-json\/wp\/v2\/comments?post=5771"}],"wp:featuredmedia":[{"embeddable":true,"href":"https:\/\/dualgree.com.br\/loja\/wp-json\/wp\/v2\/media\/5800"}],"wp:attachment":[{"href":"https:\/\/dualgree.com.br\/loja\/wp-json\/wp\/v2\/media?parent=5771"}],"wp:term":[{"taxonomy":"product_brand","embeddable":true,"href":"https:\/\/dualgree.com.br\/loja\/wp-json\/wp\/v2\/product_brand?post=5771"},{"taxonomy":"product_cat","embeddable":true,"href":"https:\/\/dualgree.com.br\/loja\/wp-json\/wp\/v2\/product_cat?post=5771"},{"taxonomy":"product_tag","embeddable":true,"href":"https:\/\/dualgree.com.br\/loja\/wp-json\/wp\/v2\/product_tag?post=5771"}],"curies":[{"name":"wp","href":"https:\/\/api.w.org\/{rel}","templated":true}]}}