{"id":5797,"date":"2024-08-12T22:37:08","date_gmt":"2024-08-12T22:37:08","guid":{"rendered":"https:\/\/dualgree.com.br\/loja\/produto\/kit-para-porta-balcao-com-tubo-preto-13cm-rodca-direita-ar-condicionado-portatil-pinguino\/"},"modified":"2026-05-15T16:54:49","modified_gmt":"2026-05-15T16:54:49","slug":"kit-para-porta-balcao-com-tubo-preto-13cm-rodca-direita-ar-condicionado-portatil-pinguino","status":"publish","type":"product","link":"https:\/\/dualgree.com.br\/loja\/produto\/kit-para-porta-balcao-com-tubo-preto-13cm-rodca-direita-ar-condicionado-portatil-pinguino\/","title":{"rendered":"Kit Para porta Balcao com Tubo preto 13cm Rodca Direita ar c..."},"content":{"rendered":"","protected":false},"excerpt":{"rendered":"<p><span><span> <\/span>DG4093 -Kit Reguas conector da regua e Tubo preto 13cm Direita porta balc\u00e3o ar condicionado Portatil\u00a0<\/span><\/p>\n<p>\u00a0<\/p>\n<p>Itens<\/p>\n<p>\u00a0<\/p>\n<p>1x Regua ajustavel at\u00e9 1,20M<\/p>\n<p>1x Extens\u00e3o Ajustavel At\u00e9 1,20M<\/p>\n<p>1x Conector da Regua universal para tubos 13cm rosca direita esquerda e 15cm somente rosca esquerda<\/p>\n<p>1x Tubo Duto Mangueira 13cm rosca para direita possui 2 metros aberto Na Cor Preto<\/p>\n<p>\u00a0<\/p>\n<p>Fale com o Vendedor sobre compatibilidade para seu ar condicionado portatil<\/p>\n<p>\u00a0<\/p>\n<p>Compativel com<\/p>\n<p>\u00a0<\/p>\n<p>Delonghi<\/p>\n<p>\u00a0<\/p>\n<p>pac An120<\/p>\n<p>\u00a0<\/p>\n<p>pac N120br<\/p>\n<p>\u00a0<\/p>\n<p>pac N130br<\/p>\n<p>\u00a0<\/p>\n<p>Pac N145RF<\/p>\n<p>\u00a0<\/p>\n<p>Pac CF220<\/p>\n<p>\u00a0<\/p>\n<p>AG1000<\/p>\n<p>\u00a0<\/p>\n<p>Honeywell<\/p>\n","protected":false},"featured_media":5795,"comment_status":"open","ping_status":"closed","template":"","meta":{"_kadence_starter_templates_imported_post":false,"_kad_post_transparent":"","_kad_post_title":"","_kad_post_layout":"","_kad_post_sidebar_id":"","_kad_post_content_style":"","_kad_post_vertical_padding":"","_kad_post_feature":"","_kad_post_feature_position":"","_kad_post_header":false,"_kad_post_footer":false,"jetpack_publicize_message":"","jetpack_publicize_feature_enabled":true,"jetpack_social_post_already_shared":false,"jetpack_social_options":{"image_generator_settings":{"template":"highway","default_image_id":0,"font":"","enabled":false},"version":2}},"product_brand":[],"product_cat":[225,245],"product_tag":[],"class_list":{"0":"post-5797","1":"product","2":"type-product","3":"status-publish","4":"has-post-thumbnail","6":"product_cat-delonghi","7":"product_cat-kit-duto-ar-portatil","9":"first","10":"instock","11":"sale","12":"shipping-taxable","13":"purchasable","14":"product-type-simple","15":"entry","16":"content-bg","17":"loop-entry"},"yoast_head":"<!-- This site is optimized with the Yoast SEO plugin v27.6 - https:\/\/yoast.com\/product\/yoast-seo-wordpress\/ -->\n<title>Kit Para porta Balcao com Tubo preto 13cm Rodca Direita ar condicionado Portatil Pinguino - Loja - Dual Gree Servi\u00e7os | Pe\u00e7as<\/title>\n<meta name=\"robots\" content=\"index, follow, max-snippet:-1, max-image-preview:large, max-video-preview:-1\" \/>\n<link rel=\"canonical\" href=\"https:\/\/dualgree.com.br\/loja\/produto\/kit-para-porta-balcao-com-tubo-preto-13cm-rodca-direita-ar-condicionado-portatil-pinguino\/\" \/>\n<meta property=\"og:locale\" content=\"pt_BR\" \/>\n<meta property=\"og:type\" content=\"article\" \/>\n<meta property=\"og:title\" content=\"Kit Para porta Balcao com Tubo preto 13cm Rodca Direita ar condicionado Portatil Pinguino - Loja - Dual Gree Servi\u00e7os | Pe\u00e7as\" \/>\n<meta property=\"og:description\" content=\"DG4093 -Kit Reguas conector da regua e Tubo preto 13cm Direita porta balc\u00e3o ar condicionado Portatil\u00a0 \u00a0 Itens \u00a0 1x Regua ajustavel at\u00e9 1,20M 1x Extens\u00e3o Ajustavel At\u00e9 1,20M 1x Conector da Regua universal para tubos 13cm rosca direita esquerda e 15cm somente rosca esquerda 1x Tubo Duto Mangueira 13cm rosca para direita possui 2 metros aberto Na Cor Preto \u00a0 Fale com o Vendedor sobre compatibilidade para seu ar condicionado portatil \u00a0 Compativel com \u00a0 Delonghi \u00a0 pac An120 \u00a0 pac N120br \u00a0 pac N130br \u00a0 Pac N145RF \u00a0 Pac CF220 \u00a0 AG1000 \u00a0 Honeywell\" \/>\n<meta property=\"og:url\" content=\"https:\/\/dualgree.com.br\/loja\/produto\/kit-para-porta-balcao-com-tubo-preto-13cm-rodca-direita-ar-condicionado-portatil-pinguino\/\" \/>\n<meta property=\"og:site_name\" content=\"Loja - Dual Gree Servi\u00e7os | Pe\u00e7as\" \/>\n<meta property=\"article:modified_time\" content=\"2026-05-15T16:54:49+00:00\" \/>\n<meta property=\"og:image\" content=\"https:\/\/dualgree.com.br\/loja\/wp-content\/uploads\/2024\/08\/15294746409_4093-Kit20reguas20com20tubo20preto2013cm20rosca20direita.jpeg\" \/>\n\t<meta property=\"og:image:width\" content=\"1280\" \/>\n\t<meta property=\"og:image:height\" content=\"1280\" \/>\n\t<meta property=\"og:image:type\" content=\"image\/jpeg\" \/>\n<meta name=\"twitter:card\" content=\"summary_large_image\" \/>\n<script type=\"application\/ld+json\" class=\"yoast-schema-graph\">{\"@context\":\"https:\\\/\\\/schema.org\",\"@graph\":[{\"@type\":\"WebPage\",\"@id\":\"https:\\\/\\\/dualgree.com.br\\\/loja\\\/produto\\\/kit-para-porta-balcao-com-tubo-preto-13cm-rodca-direita-ar-condicionado-portatil-pinguino\\\/\",\"url\":\"https:\\\/\\\/dualgree.com.br\\\/loja\\\/produto\\\/kit-para-porta-balcao-com-tubo-preto-13cm-rodca-direita-ar-condicionado-portatil-pinguino\\\/\",\"name\":\"Kit Para porta Balcao com Tubo preto 13cm Rodca Direita ar condicionado Portatil Pinguino - Loja - Dual Gree Servi\u00e7os | Pe\u00e7as\",\"isPartOf\":{\"@id\":\"https:\\\/\\\/dualgree.com.br\\\/loja\\\/#website\"},\"primaryImageOfPage\":{\"@id\":\"https:\\\/\\\/dualgree.com.br\\\/loja\\\/produto\\\/kit-para-porta-balcao-com-tubo-preto-13cm-rodca-direita-ar-condicionado-portatil-pinguino\\\/#primaryimage\"},\"image\":{\"@id\":\"https:\\\/\\\/dualgree.com.br\\\/loja\\\/produto\\\/kit-para-porta-balcao-com-tubo-preto-13cm-rodca-direita-ar-condicionado-portatil-pinguino\\\/#primaryimage\"},\"thumbnailUrl\":\"https:\\\/\\\/dualgree.com.br\\\/loja\\\/wp-content\\\/uploads\\\/2024\\\/08\\\/15294746409_4093-Kit20reguas20com20tubo20preto2013cm20rosca20direita.jpeg\",\"datePublished\":\"2024-08-12T22:37:08+00:00\",\"dateModified\":\"2026-05-15T16:54:49+00:00\",\"breadcrumb\":{\"@id\":\"https:\\\/\\\/dualgree.com.br\\\/loja\\\/produto\\\/kit-para-porta-balcao-com-tubo-preto-13cm-rodca-direita-ar-condicionado-portatil-pinguino\\\/#breadcrumb\"},\"inLanguage\":\"pt-BR\",\"potentialAction\":[{\"@type\":\"ReadAction\",\"target\":[\"https:\\\/\\\/dualgree.com.br\\\/loja\\\/produto\\\/kit-para-porta-balcao-com-tubo-preto-13cm-rodca-direita-ar-condicionado-portatil-pinguino\\\/\"]}]},{\"@type\":\"ImageObject\",\"inLanguage\":\"pt-BR\",\"@id\":\"https:\\\/\\\/dualgree.com.br\\\/loja\\\/produto\\\/kit-para-porta-balcao-com-tubo-preto-13cm-rodca-direita-ar-condicionado-portatil-pinguino\\\/#primaryimage\",\"url\":\"https:\\\/\\\/dualgree.com.br\\\/loja\\\/wp-content\\\/uploads\\\/2024\\\/08\\\/15294746409_4093-Kit20reguas20com20tubo20preto2013cm20rosca20direita.jpeg\",\"contentUrl\":\"https:\\\/\\\/dualgree.com.br\\\/loja\\\/wp-content\\\/uploads\\\/2024\\\/08\\\/15294746409_4093-Kit20reguas20com20tubo20preto2013cm20rosca20direita.jpeg\",\"width\":1280,\"height\":1280},{\"@type\":\"BreadcrumbList\",\"@id\":\"https:\\\/\\\/dualgree.com.br\\\/loja\\\/produto\\\/kit-para-porta-balcao-com-tubo-preto-13cm-rodca-direita-ar-condicionado-portatil-pinguino\\\/#breadcrumb\",\"itemListElement\":[{\"@type\":\"ListItem\",\"position\":1,\"name\":\"In\u00edcio\",\"item\":\"https:\\\/\\\/dualgree.com.br\\\/loja\\\/\"},{\"@type\":\"ListItem\",\"position\":2,\"name\":\"Loja &#8211; Cat\u00e1logo de Pe\u00e7as\",\"item\":\"https:\\\/\\\/dualgree.com.br\\\/loja\\\/\"},{\"@type\":\"ListItem\",\"position\":3,\"name\":\"Kit Para porta Balcao com Tubo preto 13cm Rodca Direita ar c...\"}]},{\"@type\":\"WebSite\",\"@id\":\"https:\\\/\\\/dualgree.com.br\\\/loja\\\/#website\",\"url\":\"https:\\\/\\\/dualgree.com.br\\\/loja\\\/\",\"name\":\"Loja - Dual Gree Servi\u00e7os | Partes e Pe\u00e7as\",\"description\":\"Catalogo de Pe\u00e7as para ar condicionado\",\"publisher\":{\"@id\":\"https:\\\/\\\/dualgree.com.br\\\/loja\\\/#organization\"},\"potentialAction\":[{\"@type\":\"SearchAction\",\"target\":{\"@type\":\"EntryPoint\",\"urlTemplate\":\"https:\\\/\\\/dualgree.com.br\\\/loja\\\/?s={search_term_string}\"},\"query-input\":{\"@type\":\"PropertyValueSpecification\",\"valueRequired\":true,\"valueName\":\"search_term_string\"}}],\"inLanguage\":\"pt-BR\"},{\"@type\":\"Organization\",\"@id\":\"https:\\\/\\\/dualgree.com.br\\\/loja\\\/#organization\",\"name\":\"Loja Dual Gree Servi\u00e7o\",\"url\":\"https:\\\/\\\/dualgree.com.br\\\/loja\\\/\",\"logo\":{\"@type\":\"ImageObject\",\"inLanguage\":\"pt-BR\",\"@id\":\"https:\\\/\\\/dualgree.com.br\\\/loja\\\/#\\\/schema\\\/logo\\\/image\\\/\",\"url\":\"https:\\\/\\\/dualgree.com.br\\\/loja\\\/wp-content\\\/uploads\\\/2024\\\/09\\\/teste-logo-ecommerce-dual-1-e1725909304971.png\",\"contentUrl\":\"https:\\\/\\\/dualgree.com.br\\\/loja\\\/wp-content\\\/uploads\\\/2024\\\/09\\\/teste-logo-ecommerce-dual-1-e1725909304971.png\",\"width\":470,\"height\":157,\"caption\":\"Loja Dual Gree Servi\u00e7o\"},\"image\":{\"@id\":\"https:\\\/\\\/dualgree.com.br\\\/loja\\\/#\\\/schema\\\/logo\\\/image\\\/\"}}]}<\/script>\n<!-- \/ Yoast SEO plugin. -->","yoast_head_json":{"title":"Kit Para porta Balcao com Tubo preto 13cm Rodca Direita ar condicionado Portatil Pinguino - Loja - Dual Gree Servi\u00e7os | Pe\u00e7as","robots":{"index":"index","follow":"follow","max-snippet":"max-snippet:-1","max-image-preview":"max-image-preview:large","max-video-preview":"max-video-preview:-1"},"canonical":"https:\/\/dualgree.com.br\/loja\/produto\/kit-para-porta-balcao-com-tubo-preto-13cm-rodca-direita-ar-condicionado-portatil-pinguino\/","og_locale":"pt_BR","og_type":"article","og_title":"Kit Para porta Balcao com Tubo preto 13cm Rodca Direita ar condicionado Portatil Pinguino - Loja - Dual Gree Servi\u00e7os | Pe\u00e7as","og_description":"DG4093 -Kit Reguas conector da regua e Tubo preto 13cm Direita porta balc\u00e3o ar condicionado Portatil\u00a0 \u00a0 Itens \u00a0 1x Regua ajustavel at\u00e9 1,20M 1x Extens\u00e3o Ajustavel At\u00e9 1,20M 1x Conector da Regua universal para tubos 13cm rosca direita esquerda e 15cm somente rosca esquerda 1x Tubo Duto Mangueira 13cm rosca para direita possui 2 metros aberto Na Cor Preto \u00a0 Fale com o Vendedor sobre compatibilidade para seu ar condicionado portatil \u00a0 Compativel com \u00a0 Delonghi \u00a0 pac An120 \u00a0 pac N120br \u00a0 pac N130br \u00a0 Pac N145RF \u00a0 Pac CF220 \u00a0 AG1000 \u00a0 Honeywell","og_url":"https:\/\/dualgree.com.br\/loja\/produto\/kit-para-porta-balcao-com-tubo-preto-13cm-rodca-direita-ar-condicionado-portatil-pinguino\/","og_site_name":"Loja - Dual Gree Servi\u00e7os | Pe\u00e7as","article_modified_time":"2026-05-15T16:54:49+00:00","og_image":[{"width":1280,"height":1280,"url":"https:\/\/dualgree.com.br\/loja\/wp-content\/uploads\/2024\/08\/15294746409_4093-Kit20reguas20com20tubo20preto2013cm20rosca20direita.jpeg","type":"image\/jpeg"}],"twitter_card":"summary_large_image","schema":{"@context":"https:\/\/schema.org","@graph":[{"@type":"WebPage","@id":"https:\/\/dualgree.com.br\/loja\/produto\/kit-para-porta-balcao-com-tubo-preto-13cm-rodca-direita-ar-condicionado-portatil-pinguino\/","url":"https:\/\/dualgree.com.br\/loja\/produto\/kit-para-porta-balcao-com-tubo-preto-13cm-rodca-direita-ar-condicionado-portatil-pinguino\/","name":"Kit Para porta Balcao com Tubo preto 13cm Rodca Direita ar condicionado Portatil Pinguino - Loja - Dual Gree Servi\u00e7os | Pe\u00e7as","isPartOf":{"@id":"https:\/\/dualgree.com.br\/loja\/#website"},"primaryImageOfPage":{"@id":"https:\/\/dualgree.com.br\/loja\/produto\/kit-para-porta-balcao-com-tubo-preto-13cm-rodca-direita-ar-condicionado-portatil-pinguino\/#primaryimage"},"image":{"@id":"https:\/\/dualgree.com.br\/loja\/produto\/kit-para-porta-balcao-com-tubo-preto-13cm-rodca-direita-ar-condicionado-portatil-pinguino\/#primaryimage"},"thumbnailUrl":"https:\/\/dualgree.com.br\/loja\/wp-content\/uploads\/2024\/08\/15294746409_4093-Kit20reguas20com20tubo20preto2013cm20rosca20direita.jpeg","datePublished":"2024-08-12T22:37:08+00:00","dateModified":"2026-05-15T16:54:49+00:00","breadcrumb":{"@id":"https:\/\/dualgree.com.br\/loja\/produto\/kit-para-porta-balcao-com-tubo-preto-13cm-rodca-direita-ar-condicionado-portatil-pinguino\/#breadcrumb"},"inLanguage":"pt-BR","potentialAction":[{"@type":"ReadAction","target":["https:\/\/dualgree.com.br\/loja\/produto\/kit-para-porta-balcao-com-tubo-preto-13cm-rodca-direita-ar-condicionado-portatil-pinguino\/"]}]},{"@type":"ImageObject","inLanguage":"pt-BR","@id":"https:\/\/dualgree.com.br\/loja\/produto\/kit-para-porta-balcao-com-tubo-preto-13cm-rodca-direita-ar-condicionado-portatil-pinguino\/#primaryimage","url":"https:\/\/dualgree.com.br\/loja\/wp-content\/uploads\/2024\/08\/15294746409_4093-Kit20reguas20com20tubo20preto2013cm20rosca20direita.jpeg","contentUrl":"https:\/\/dualgree.com.br\/loja\/wp-content\/uploads\/2024\/08\/15294746409_4093-Kit20reguas20com20tubo20preto2013cm20rosca20direita.jpeg","width":1280,"height":1280},{"@type":"BreadcrumbList","@id":"https:\/\/dualgree.com.br\/loja\/produto\/kit-para-porta-balcao-com-tubo-preto-13cm-rodca-direita-ar-condicionado-portatil-pinguino\/#breadcrumb","itemListElement":[{"@type":"ListItem","position":1,"name":"In\u00edcio","item":"https:\/\/dualgree.com.br\/loja\/"},{"@type":"ListItem","position":2,"name":"Loja &#8211; Cat\u00e1logo de Pe\u00e7as","item":"https:\/\/dualgree.com.br\/loja\/"},{"@type":"ListItem","position":3,"name":"Kit Para porta Balcao com Tubo preto 13cm Rodca Direita ar c..."}]},{"@type":"WebSite","@id":"https:\/\/dualgree.com.br\/loja\/#website","url":"https:\/\/dualgree.com.br\/loja\/","name":"Loja - Dual Gree Servi\u00e7os | Partes e Pe\u00e7as","description":"Catalogo de Pe\u00e7as para ar condicionado","publisher":{"@id":"https:\/\/dualgree.com.br\/loja\/#organization"},"potentialAction":[{"@type":"SearchAction","target":{"@type":"EntryPoint","urlTemplate":"https:\/\/dualgree.com.br\/loja\/?s={search_term_string}"},"query-input":{"@type":"PropertyValueSpecification","valueRequired":true,"valueName":"search_term_string"}}],"inLanguage":"pt-BR"},{"@type":"Organization","@id":"https:\/\/dualgree.com.br\/loja\/#organization","name":"Loja Dual Gree Servi\u00e7o","url":"https:\/\/dualgree.com.br\/loja\/","logo":{"@type":"ImageObject","inLanguage":"pt-BR","@id":"https:\/\/dualgree.com.br\/loja\/#\/schema\/logo\/image\/","url":"https:\/\/dualgree.com.br\/loja\/wp-content\/uploads\/2024\/09\/teste-logo-ecommerce-dual-1-e1725909304971.png","contentUrl":"https:\/\/dualgree.com.br\/loja\/wp-content\/uploads\/2024\/09\/teste-logo-ecommerce-dual-1-e1725909304971.png","width":470,"height":157,"caption":"Loja Dual Gree Servi\u00e7o"},"image":{"@id":"https:\/\/dualgree.com.br\/loja\/#\/schema\/logo\/image\/"}}]}},"jetpack_publicize_connections":[],"jetpack_sharing_enabled":true,"jetpack_likes_enabled":true,"_links":{"self":[{"href":"https:\/\/dualgree.com.br\/loja\/wp-json\/wp\/v2\/product\/5797","targetHints":{"allow":["GET"]}}],"collection":[{"href":"https:\/\/dualgree.com.br\/loja\/wp-json\/wp\/v2\/product"}],"about":[{"href":"https:\/\/dualgree.com.br\/loja\/wp-json\/wp\/v2\/types\/product"}],"replies":[{"embeddable":true,"href":"https:\/\/dualgree.com.br\/loja\/wp-json\/wp\/v2\/comments?post=5797"}],"wp:featuredmedia":[{"embeddable":true,"href":"https:\/\/dualgree.com.br\/loja\/wp-json\/wp\/v2\/media\/5795"}],"wp:attachment":[{"href":"https:\/\/dualgree.com.br\/loja\/wp-json\/wp\/v2\/media?parent=5797"}],"wp:term":[{"taxonomy":"product_brand","embeddable":true,"href":"https:\/\/dualgree.com.br\/loja\/wp-json\/wp\/v2\/product_brand?post=5797"},{"taxonomy":"product_cat","embeddable":true,"href":"https:\/\/dualgree.com.br\/loja\/wp-json\/wp\/v2\/product_cat?post=5797"},{"taxonomy":"product_tag","embeddable":true,"href":"https:\/\/dualgree.com.br\/loja\/wp-json\/wp\/v2\/product_tag?post=5797"}],"curies":[{"name":"wp","href":"https:\/\/api.w.org\/{rel}","templated":true}]}}