{"id":5809,"date":"2024-08-13T14:44:47","date_gmt":"2024-08-13T14:44:47","guid":{"rendered":"https:\/\/dualgree.com.br\/loja\/produto\/display-receptora-ar-philco-agratto-bc-chxr25gk\/"},"modified":"2025-12-07T11:51:09","modified_gmt":"2025-12-07T11:51:09","slug":"display-receptora-ar-philco-agratto-bc-chxr25gk","status":"publish","type":"product","link":"https:\/\/dualgree.com.br\/loja\/produto\/display-receptora-ar-philco-agratto-bc-chxr25gk\/","title":{"rendered":"Display Receptora Ar Philco Agratto Bc-chxr25gk"},"content":{"rendered":"","protected":false},"excerpt":{"rendered":"<p><span>Ic4048-PLACA DISPLAY RECEPTORA PARA AR CONDICIONADO PHILCO INVERTER<\/span><\/p>\n<p>\u00a0<\/p>\n<p>PLACA ORIGINAL E NOVO<\/p>\n<p>\u00a0<\/p>\n<p>MODELOS COMPAT\u00cdVEIS:<\/p>\n<p>096652803ATA &#8211; AR COND PAC9000ITFM9W INT 220V V.A<\/p>\n<p>096652803ATB &#8211; AR COND PAC9000ITFM9W INT 220V V.B<\/p>\n<p>096652803ATC &#8211; AR COND PAC9000ITFM9W INT 220V V.C<\/p>\n<p>096652806ATA &#8211; AR COND PAC9000ITQFM9W INT 220V V.A<\/p>\n<p>096652806ATB &#8211; AR COND PAC9000ITQFM9W INT 220V V.B<\/p>\n<p>096652806ATC &#8211; AR COND PAC9000ITQFM9W INT 220V V.C<\/p>\n<p>096652812ATA &#8211; AR COND PAC12000ITQFM9W INT 220V V.A<\/p>\n<p>096652812ATB &#8211; AR COND PAC12000ITQFM9W INT 220V V.B<\/p>\n<p>096652951ATA &#8211; AR COND PAC9000ITFM9W PROTECT INT 220V V.A<\/p>\n<p>096652954ATA &#8211; AR COND PAC9000ITQFM9W PROTECT INT 220V V.A<\/p>\n<p>096652960ATA &#8211; AR COND PAC12000ITQFMW PROTECT INT 220V V.A<\/p>\n<p>096652963ATA &#8211; AR COND PAC18000IFM9W INT 220V V.A<\/p>\n<p>096652966ATA &#8211; AR COND PAC18000IQFM9W INT 220V V.A<\/p>\n<p>096652969ATA &#8211; AR COND PAC24000IFM9W INT 220V V.A<\/p>\n<p>096652972ATA &#8211; AR COND PAC24000IQFM9W INT 220V V.A<\/p>\n<p>096652975ATA &#8211; AR COND PAC24000IFM9W PROTECT INT 220V V.A<\/p>\n<p>096652978ATA &#8211; AR COND PAC24000IQFM9W PROTECT INT 220V V.A<\/p>\n<p>096652987ATA &#8211; AR COND PAC18000IFM9W PROTECT INT 220V V.A<\/p>\n<p>096652990ATA &#8211; AR COND PAC18000IQFM9W PROTECT INT 220V V.A<\/p>\n<p>096652999ATA &#8211; AR COND BAC9000ITFM9W INT 220V V.A<\/p>\n<p>096652999ATB &#8211; AR COND BAC9000ITFM9W INT 220V V.B<\/p>\n<p>096662003ATA &#8211; AR COND BAC9000ITQFM9W INT 220V V.A<\/p>\n<p>096662009ATA &#8211; AR COND BAC12000ITQFM9W INT 220V V.A<\/p>\n<p>096662012ATA &#8211; AR COND BAC9000ITFM9W PROTECT INT 220V V.A<\/p>\n<p>096662015ATA &#8211; AR COND BAC9000ITQFM9W PROTECT INT 220V V.A<\/p>\n<p>096662024ATA &#8211; AR COND BAC18000IFM9W INT 220V V.A<\/p>\n<p>096662027ATA &#8211; AR COND BAC18000IQFM9W INT 220V V.A<\/p>\n<p>096662030ATA &#8211; AR COND BAC24000IFM9W INT 220V V.A<\/p>\n<p>096662033ATA &#8211; AR COND BAC24000IQFM9W INT 220V V.A<\/p>\n<p>096662045ATA &#8211; AR COND BAC24000IQFM9W PROTECT INT 220V V.A<\/p>\n","protected":false},"featured_media":5807,"comment_status":"open","ping_status":"closed","template":"","meta":{"_kadence_starter_templates_imported_post":false,"_kad_post_transparent":"","_kad_post_title":"","_kad_post_layout":"","_kad_post_sidebar_id":"","_kad_post_content_style":"","_kad_post_vertical_padding":"","_kad_post_feature":"","_kad_post_feature_position":"","_kad_post_header":false,"_kad_post_footer":false,"jetpack_publicize_message":"","jetpack_publicize_feature_enabled":true,"jetpack_social_post_already_shared":false,"jetpack_social_options":{"image_generator_settings":{"template":"highway","default_image_id":0,"font":"","enabled":false},"version":2}},"product_brand":[],"product_cat":[207,183,192],"product_tag":[],"class_list":{"0":"post-5809","1":"product","2":"type-product","3":"status-publish","4":"has-post-thumbnail","6":"product_cat-agratto","7":"product_cat-philco","8":"product_cat-placa-display-split","10":"first","11":"instock","12":"shipping-taxable","13":"purchasable","14":"product-type-simple","15":"entry","16":"content-bg","17":"loop-entry"},"yoast_head":"<!-- This site is optimized with the Yoast SEO plugin v27.5 - https:\/\/yoast.com\/product\/yoast-seo-wordpress\/ -->\n<title>Display Receptora Ar Philco Agratto Bc-chxr25gk - Loja - Dual Gree Servi\u00e7os | Pe\u00e7as<\/title>\n<meta name=\"robots\" content=\"index, follow, max-snippet:-1, max-image-preview:large, max-video-preview:-1\" \/>\n<link rel=\"canonical\" href=\"https:\/\/dualgree.com.br\/loja\/produto\/display-receptora-ar-philco-agratto-bc-chxr25gk\/\" \/>\n<meta property=\"og:locale\" content=\"pt_BR\" \/>\n<meta property=\"og:type\" content=\"article\" \/>\n<meta property=\"og:title\" content=\"Display Receptora Ar Philco Agratto Bc-chxr25gk - Loja - Dual Gree Servi\u00e7os | Pe\u00e7as\" \/>\n<meta property=\"og:description\" content=\"Ic4048-PLACA DISPLAY RECEPTORA PARA AR CONDICIONADO PHILCO INVERTER \u00a0 PLACA ORIGINAL E NOVO \u00a0 MODELOS COMPAT\u00cdVEIS: 096652803ATA - AR COND PAC9000ITFM9W INT 220V V.A 096652803ATB - AR COND PAC9000ITFM9W INT 220V V.B 096652803ATC - AR COND PAC9000ITFM9W INT 220V V.C 096652806ATA - AR COND PAC9000ITQFM9W INT 220V V.A 096652806ATB - AR COND PAC9000ITQFM9W INT 220V V.B 096652806ATC - AR COND PAC9000ITQFM9W INT 220V V.C 096652812ATA - AR COND PAC12000ITQFM9W INT 220V V.A 096652812ATB - AR COND PAC12000ITQFM9W INT 220V V.B 096652951ATA - AR COND PAC9000ITFM9W PROTECT INT 220V V.A 096652954ATA - AR COND PAC9000ITQFM9W PROTECT INT 220V V.A 096652960ATA - AR COND PAC12000ITQFMW PROTECT INT 220V V.A 096652963ATA - AR COND PAC18000IFM9W INT 220V V.A 096652966ATA - AR COND PAC18000IQFM9W INT 220V V.A 096652969ATA - AR COND PAC24000IFM9W INT 220V V.A 096652972ATA - AR COND PAC24000IQFM9W INT 220V V.A 096652975ATA - AR COND PAC24000IFM9W PROTECT INT 220V V.A 096652978ATA - AR COND PAC24000IQFM9W PROTECT INT 220V V.A 096652987ATA - AR COND PAC18000IFM9W PROTECT INT 220V V.A 096652990ATA - AR COND PAC18000IQFM9W PROTECT INT 220V V.A 096652999ATA - AR COND BAC9000ITFM9W INT 220V V.A 096652999ATB - AR COND BAC9000ITFM9W INT 220V V.B 096662003ATA - AR COND BAC9000ITQFM9W INT 220V V.A 096662009ATA - AR COND BAC12000ITQFM9W INT 220V V.A 096662012ATA - AR COND BAC9000ITFM9W PROTECT INT 220V V.A 096662015ATA - AR COND BAC9000ITQFM9W PROTECT INT 220V V.A 096662024ATA - AR COND BAC18000IFM9W INT 220V V.A 096662027ATA - AR COND BAC18000IQFM9W INT 220V V.A 096662030ATA - AR COND BAC24000IFM9W INT 220V V.A 096662033ATA - AR COND BAC24000IQFM9W INT 220V V.A 096662045ATA - AR COND BAC24000IQFM9W PROTECT INT 220V V.A\" \/>\n<meta property=\"og:url\" content=\"https:\/\/dualgree.com.br\/loja\/produto\/display-receptora-ar-philco-agratto-bc-chxr25gk\/\" \/>\n<meta property=\"og:site_name\" content=\"Loja - Dual Gree Servi\u00e7os | Pe\u00e7as\" \/>\n<meta property=\"article:modified_time\" content=\"2025-12-07T11:51:09+00:00\" \/>\n<meta name=\"twitter:card\" content=\"summary_large_image\" \/>\n<script type=\"application\/ld+json\" class=\"yoast-schema-graph\">{\"@context\":\"https:\\\/\\\/schema.org\",\"@graph\":[{\"@type\":\"WebPage\",\"@id\":\"https:\\\/\\\/dualgree.com.br\\\/loja\\\/produto\\\/display-receptora-ar-philco-agratto-bc-chxr25gk\\\/\",\"url\":\"https:\\\/\\\/dualgree.com.br\\\/loja\\\/produto\\\/display-receptora-ar-philco-agratto-bc-chxr25gk\\\/\",\"name\":\"Display Receptora Ar Philco Agratto Bc-chxr25gk - Loja - Dual Gree Servi\u00e7os | Pe\u00e7as\",\"isPartOf\":{\"@id\":\"https:\\\/\\\/dualgree.com.br\\\/loja\\\/#website\"},\"primaryImageOfPage\":{\"@id\":\"https:\\\/\\\/dualgree.com.br\\\/loja\\\/produto\\\/display-receptora-ar-philco-agratto-bc-chxr25gk\\\/#primaryimage\"},\"image\":{\"@id\":\"https:\\\/\\\/dualgree.com.br\\\/loja\\\/produto\\\/display-receptora-ar-philco-agratto-bc-chxr25gk\\\/#primaryimage\"},\"thumbnailUrl\":\"https:\\\/\\\/dualgree.com.br\\\/loja\\\/wp-content\\\/uploads\\\/2024\\\/08\\\/15294972805_4048-Display20Receptora20Ar20Philco20Agratto20Bc-chxr25gk202.jpeg\",\"datePublished\":\"2024-08-13T14:44:47+00:00\",\"dateModified\":\"2025-12-07T11:51:09+00:00\",\"breadcrumb\":{\"@id\":\"https:\\\/\\\/dualgree.com.br\\\/loja\\\/produto\\\/display-receptora-ar-philco-agratto-bc-chxr25gk\\\/#breadcrumb\"},\"inLanguage\":\"pt-BR\",\"potentialAction\":[{\"@type\":\"ReadAction\",\"target\":[\"https:\\\/\\\/dualgree.com.br\\\/loja\\\/produto\\\/display-receptora-ar-philco-agratto-bc-chxr25gk\\\/\"]}]},{\"@type\":\"ImageObject\",\"inLanguage\":\"pt-BR\",\"@id\":\"https:\\\/\\\/dualgree.com.br\\\/loja\\\/produto\\\/display-receptora-ar-philco-agratto-bc-chxr25gk\\\/#primaryimage\",\"url\":\"https:\\\/\\\/dualgree.com.br\\\/loja\\\/wp-content\\\/uploads\\\/2024\\\/08\\\/15294972805_4048-Display20Receptora20Ar20Philco20Agratto20Bc-chxr25gk202.jpeg\",\"contentUrl\":\"https:\\\/\\\/dualgree.com.br\\\/loja\\\/wp-content\\\/uploads\\\/2024\\\/08\\\/15294972805_4048-Display20Receptora20Ar20Philco20Agratto20Bc-chxr25gk202.jpeg\",\"width\":1280,\"height\":1280},{\"@type\":\"BreadcrumbList\",\"@id\":\"https:\\\/\\\/dualgree.com.br\\\/loja\\\/produto\\\/display-receptora-ar-philco-agratto-bc-chxr25gk\\\/#breadcrumb\",\"itemListElement\":[{\"@type\":\"ListItem\",\"position\":1,\"name\":\"In\u00edcio\",\"item\":\"https:\\\/\\\/dualgree.com.br\\\/loja\\\/\"},{\"@type\":\"ListItem\",\"position\":2,\"name\":\"Loja &#8211; Cat\u00e1logo de Pe\u00e7as\",\"item\":\"https:\\\/\\\/dualgree.com.br\\\/loja\\\/\"},{\"@type\":\"ListItem\",\"position\":3,\"name\":\"Display Receptora Ar Philco Agratto Bc-chxr25gk\"}]},{\"@type\":\"WebSite\",\"@id\":\"https:\\\/\\\/dualgree.com.br\\\/loja\\\/#website\",\"url\":\"https:\\\/\\\/dualgree.com.br\\\/loja\\\/\",\"name\":\"Loja - Dual Gree Servi\u00e7os | Partes e Pe\u00e7as\",\"description\":\"Catalogo de Pe\u00e7as para ar condicionado\",\"publisher\":{\"@id\":\"https:\\\/\\\/dualgree.com.br\\\/loja\\\/#organization\"},\"potentialAction\":[{\"@type\":\"SearchAction\",\"target\":{\"@type\":\"EntryPoint\",\"urlTemplate\":\"https:\\\/\\\/dualgree.com.br\\\/loja\\\/?s={search_term_string}\"},\"query-input\":{\"@type\":\"PropertyValueSpecification\",\"valueRequired\":true,\"valueName\":\"search_term_string\"}}],\"inLanguage\":\"pt-BR\"},{\"@type\":\"Organization\",\"@id\":\"https:\\\/\\\/dualgree.com.br\\\/loja\\\/#organization\",\"name\":\"Loja Dual Gree Servi\u00e7o\",\"url\":\"https:\\\/\\\/dualgree.com.br\\\/loja\\\/\",\"logo\":{\"@type\":\"ImageObject\",\"inLanguage\":\"pt-BR\",\"@id\":\"https:\\\/\\\/dualgree.com.br\\\/loja\\\/#\\\/schema\\\/logo\\\/image\\\/\",\"url\":\"https:\\\/\\\/dualgree.com.br\\\/loja\\\/wp-content\\\/uploads\\\/2024\\\/09\\\/teste-logo-ecommerce-dual-1-e1725909304971.png\",\"contentUrl\":\"https:\\\/\\\/dualgree.com.br\\\/loja\\\/wp-content\\\/uploads\\\/2024\\\/09\\\/teste-logo-ecommerce-dual-1-e1725909304971.png\",\"width\":470,\"height\":157,\"caption\":\"Loja Dual Gree Servi\u00e7o\"},\"image\":{\"@id\":\"https:\\\/\\\/dualgree.com.br\\\/loja\\\/#\\\/schema\\\/logo\\\/image\\\/\"}}]}<\/script>\n<!-- \/ Yoast SEO plugin. -->","yoast_head_json":{"title":"Display Receptora Ar Philco Agratto Bc-chxr25gk - Loja - Dual Gree Servi\u00e7os | Pe\u00e7as","robots":{"index":"index","follow":"follow","max-snippet":"max-snippet:-1","max-image-preview":"max-image-preview:large","max-video-preview":"max-video-preview:-1"},"canonical":"https:\/\/dualgree.com.br\/loja\/produto\/display-receptora-ar-philco-agratto-bc-chxr25gk\/","og_locale":"pt_BR","og_type":"article","og_title":"Display Receptora Ar Philco Agratto Bc-chxr25gk - Loja - Dual Gree Servi\u00e7os | Pe\u00e7as","og_description":"Ic4048-PLACA DISPLAY RECEPTORA PARA AR CONDICIONADO PHILCO INVERTER \u00a0 PLACA ORIGINAL E NOVO \u00a0 MODELOS COMPAT\u00cdVEIS: 096652803ATA - AR COND PAC9000ITFM9W INT 220V V.A 096652803ATB - AR COND PAC9000ITFM9W INT 220V V.B 096652803ATC - AR COND PAC9000ITFM9W INT 220V V.C 096652806ATA - AR COND PAC9000ITQFM9W INT 220V V.A 096652806ATB - AR COND PAC9000ITQFM9W INT 220V V.B 096652806ATC - AR COND PAC9000ITQFM9W INT 220V V.C 096652812ATA - AR COND PAC12000ITQFM9W INT 220V V.A 096652812ATB - AR COND PAC12000ITQFM9W INT 220V V.B 096652951ATA - AR COND PAC9000ITFM9W PROTECT INT 220V V.A 096652954ATA - AR COND PAC9000ITQFM9W PROTECT INT 220V V.A 096652960ATA - AR COND PAC12000ITQFMW PROTECT INT 220V V.A 096652963ATA - AR COND PAC18000IFM9W INT 220V V.A 096652966ATA - AR COND PAC18000IQFM9W INT 220V V.A 096652969ATA - AR COND PAC24000IFM9W INT 220V V.A 096652972ATA - AR COND PAC24000IQFM9W INT 220V V.A 096652975ATA - AR COND PAC24000IFM9W PROTECT INT 220V V.A 096652978ATA - AR COND PAC24000IQFM9W PROTECT INT 220V V.A 096652987ATA - AR COND PAC18000IFM9W PROTECT INT 220V V.A 096652990ATA - AR COND PAC18000IQFM9W PROTECT INT 220V V.A 096652999ATA - AR COND BAC9000ITFM9W INT 220V V.A 096652999ATB - AR COND BAC9000ITFM9W INT 220V V.B 096662003ATA - AR COND BAC9000ITQFM9W INT 220V V.A 096662009ATA - AR COND BAC12000ITQFM9W INT 220V V.A 096662012ATA - AR COND BAC9000ITFM9W PROTECT INT 220V V.A 096662015ATA - AR COND BAC9000ITQFM9W PROTECT INT 220V V.A 096662024ATA - AR COND BAC18000IFM9W INT 220V V.A 096662027ATA - AR COND BAC18000IQFM9W INT 220V V.A 096662030ATA - AR COND BAC24000IFM9W INT 220V V.A 096662033ATA - AR COND BAC24000IQFM9W INT 220V V.A 096662045ATA - AR COND BAC24000IQFM9W PROTECT INT 220V V.A","og_url":"https:\/\/dualgree.com.br\/loja\/produto\/display-receptora-ar-philco-agratto-bc-chxr25gk\/","og_site_name":"Loja - Dual Gree Servi\u00e7os | Pe\u00e7as","article_modified_time":"2025-12-07T11:51:09+00:00","twitter_card":"summary_large_image","schema":{"@context":"https:\/\/schema.org","@graph":[{"@type":"WebPage","@id":"https:\/\/dualgree.com.br\/loja\/produto\/display-receptora-ar-philco-agratto-bc-chxr25gk\/","url":"https:\/\/dualgree.com.br\/loja\/produto\/display-receptora-ar-philco-agratto-bc-chxr25gk\/","name":"Display Receptora Ar Philco Agratto Bc-chxr25gk - Loja - Dual Gree Servi\u00e7os | Pe\u00e7as","isPartOf":{"@id":"https:\/\/dualgree.com.br\/loja\/#website"},"primaryImageOfPage":{"@id":"https:\/\/dualgree.com.br\/loja\/produto\/display-receptora-ar-philco-agratto-bc-chxr25gk\/#primaryimage"},"image":{"@id":"https:\/\/dualgree.com.br\/loja\/produto\/display-receptora-ar-philco-agratto-bc-chxr25gk\/#primaryimage"},"thumbnailUrl":"https:\/\/dualgree.com.br\/loja\/wp-content\/uploads\/2024\/08\/15294972805_4048-Display20Receptora20Ar20Philco20Agratto20Bc-chxr25gk202.jpeg","datePublished":"2024-08-13T14:44:47+00:00","dateModified":"2025-12-07T11:51:09+00:00","breadcrumb":{"@id":"https:\/\/dualgree.com.br\/loja\/produto\/display-receptora-ar-philco-agratto-bc-chxr25gk\/#breadcrumb"},"inLanguage":"pt-BR","potentialAction":[{"@type":"ReadAction","target":["https:\/\/dualgree.com.br\/loja\/produto\/display-receptora-ar-philco-agratto-bc-chxr25gk\/"]}]},{"@type":"ImageObject","inLanguage":"pt-BR","@id":"https:\/\/dualgree.com.br\/loja\/produto\/display-receptora-ar-philco-agratto-bc-chxr25gk\/#primaryimage","url":"https:\/\/dualgree.com.br\/loja\/wp-content\/uploads\/2024\/08\/15294972805_4048-Display20Receptora20Ar20Philco20Agratto20Bc-chxr25gk202.jpeg","contentUrl":"https:\/\/dualgree.com.br\/loja\/wp-content\/uploads\/2024\/08\/15294972805_4048-Display20Receptora20Ar20Philco20Agratto20Bc-chxr25gk202.jpeg","width":1280,"height":1280},{"@type":"BreadcrumbList","@id":"https:\/\/dualgree.com.br\/loja\/produto\/display-receptora-ar-philco-agratto-bc-chxr25gk\/#breadcrumb","itemListElement":[{"@type":"ListItem","position":1,"name":"In\u00edcio","item":"https:\/\/dualgree.com.br\/loja\/"},{"@type":"ListItem","position":2,"name":"Loja &#8211; Cat\u00e1logo de Pe\u00e7as","item":"https:\/\/dualgree.com.br\/loja\/"},{"@type":"ListItem","position":3,"name":"Display Receptora Ar Philco Agratto Bc-chxr25gk"}]},{"@type":"WebSite","@id":"https:\/\/dualgree.com.br\/loja\/#website","url":"https:\/\/dualgree.com.br\/loja\/","name":"Loja - Dual Gree Servi\u00e7os | Partes e Pe\u00e7as","description":"Catalogo de Pe\u00e7as para ar condicionado","publisher":{"@id":"https:\/\/dualgree.com.br\/loja\/#organization"},"potentialAction":[{"@type":"SearchAction","target":{"@type":"EntryPoint","urlTemplate":"https:\/\/dualgree.com.br\/loja\/?s={search_term_string}"},"query-input":{"@type":"PropertyValueSpecification","valueRequired":true,"valueName":"search_term_string"}}],"inLanguage":"pt-BR"},{"@type":"Organization","@id":"https:\/\/dualgree.com.br\/loja\/#organization","name":"Loja Dual Gree Servi\u00e7o","url":"https:\/\/dualgree.com.br\/loja\/","logo":{"@type":"ImageObject","inLanguage":"pt-BR","@id":"https:\/\/dualgree.com.br\/loja\/#\/schema\/logo\/image\/","url":"https:\/\/dualgree.com.br\/loja\/wp-content\/uploads\/2024\/09\/teste-logo-ecommerce-dual-1-e1725909304971.png","contentUrl":"https:\/\/dualgree.com.br\/loja\/wp-content\/uploads\/2024\/09\/teste-logo-ecommerce-dual-1-e1725909304971.png","width":470,"height":157,"caption":"Loja Dual Gree Servi\u00e7o"},"image":{"@id":"https:\/\/dualgree.com.br\/loja\/#\/schema\/logo\/image\/"}}]}},"jetpack_publicize_connections":[],"jetpack_sharing_enabled":true,"jetpack_likes_enabled":true,"_links":{"self":[{"href":"https:\/\/dualgree.com.br\/loja\/wp-json\/wp\/v2\/product\/5809","targetHints":{"allow":["GET"]}}],"collection":[{"href":"https:\/\/dualgree.com.br\/loja\/wp-json\/wp\/v2\/product"}],"about":[{"href":"https:\/\/dualgree.com.br\/loja\/wp-json\/wp\/v2\/types\/product"}],"replies":[{"embeddable":true,"href":"https:\/\/dualgree.com.br\/loja\/wp-json\/wp\/v2\/comments?post=5809"}],"wp:featuredmedia":[{"embeddable":true,"href":"https:\/\/dualgree.com.br\/loja\/wp-json\/wp\/v2\/media\/5807"}],"wp:attachment":[{"href":"https:\/\/dualgree.com.br\/loja\/wp-json\/wp\/v2\/media?parent=5809"}],"wp:term":[{"taxonomy":"product_brand","embeddable":true,"href":"https:\/\/dualgree.com.br\/loja\/wp-json\/wp\/v2\/product_brand?post=5809"},{"taxonomy":"product_cat","embeddable":true,"href":"https:\/\/dualgree.com.br\/loja\/wp-json\/wp\/v2\/product_cat?post=5809"},{"taxonomy":"product_tag","embeddable":true,"href":"https:\/\/dualgree.com.br\/loja\/wp-json\/wp\/v2\/product_tag?post=5809"}],"curies":[{"name":"wp","href":"https:\/\/api.w.org\/{rel}","templated":true}]}}