{"id":6254,"date":"2024-08-30T12:19:32","date_gmt":"2024-08-30T12:19:32","guid":{"rendered":"https:\/\/dualgree.com.br\/loja\/produto\/controle-remoto-eco-ar-condicionado-elgin\/"},"modified":"2024-08-30T12:19:32","modified_gmt":"2024-08-30T12:19:32","slug":"controle-remoto-eco-ar-condicionado-elgin","status":"publish","type":"product","link":"https:\/\/dualgree.com.br\/loja\/produto\/controle-remoto-eco-ar-condicionado-elgin\/","title":{"rendered":"Controle remoto ECO ar condicionado ELGIN"},"content":{"rendered":"","protected":false},"excerpt":{"rendered":"<p><span><span> <\/span>Ic4139-Controle remoto ECO ar condicionado ELGIN<\/span><\/p>\n<p>NOVO<\/p>\n<p>\u00a0<\/p>\n<p>Codigo atras do controle:<\/p>\n<p>QAPASS190722<\/p>\n<p>\u00a0<\/p>\n<p>Rated voltage:3VDC<\/p>\n<p>\u00a0<\/p>\n<p>Modelos conpativeis:<\/p>\n<p>HAFI09B2FA<\/p>\n<p>HAFI12B2FA<\/p>\n<p>HAFI18B2FA<\/p>\n<p>HAFI24B2FA<\/p>\n<p>HAFI30B2FA<\/p>\n<p>HAFI30B2FB<\/p>\n<p>HAQI09B2FA<\/p>\n<p>HAQI12B2FA<\/p>\n<p>HAQI18B2FA<\/p>\n<p>HAQI24B2FA<\/p>\n<p>HAQI30B2FA<\/p>\n<p>HTFI09B2FA<\/p>\n<p>HTFI12B2FA<\/p>\n<p>HTFI18B2FA<\/p>\n<p>HTFI24B2FA<\/p>\n<p>HTQI09B2FA<\/p>\n<p>HTQI12B2FA<\/p>\n<p>HTQI18B2FA<\/p>\n<p>KEFI18B2NA<\/p>\n<p>KEFI18B2NB<\/p>\n<p>KEFI24B2NA<\/p>\n<p>KEFI24B2NB<\/p>\n<p>KEFI24B2NC<\/p>\n<p>KEFI30B2NA<\/p>\n<p>KEFI30B2NB<\/p>\n<p>KEFI36B2NA<\/p>\n<p>KEFI36B2NC<\/p>\n<p>KEFI48B2NA<\/p>\n<p>KEFI48B2NC<\/p>\n<p>KEFI60B2NA<\/p>\n<p>KEFI60B2NC<\/p>\n<p>KEQI18B2NB<\/p>\n<p>KEQI24B2NA<\/p>\n<p>KEQI24B2NB<\/p>\n<p>KEQI24B2NC<\/p>\n<p>KEQI30B2NA<\/p>\n<p>KEQI30B2NB<\/p>\n<p>KEQI36B2NA<\/p>\n<p>KEQI36B2NC<\/p>\n<p>KEQI48B2NA<\/p>\n<p>KEQI48B2NC<\/p>\n<p>KEQI60B2NA<\/p>\n<p>KEQI60B2NC<\/p>\n<p>PEFI24B2NA<\/p>\n<p>PEFI24B2NB<\/p>\n<p>PEFI24B2NC<\/p>\n<p>PEFI30B2NB<\/p>\n<p>PEFI30B2NC<\/p>\n<p>PEFI36B2NA<\/p>\n<p>PEFI36B2NB<\/p>\n<p>PEFI36B2NC<\/p>\n<p>PEFI36B2ND<\/p>\n<p>PEFI48B2NA<\/p>\n<p>PEFI48B2NC<\/p>\n<p>PEFI60B2NA<\/p>\n<p>PEFI60B2NB<\/p>\n<p>PEFI60B2NC<\/p>\n<p>PEFI80B2NA<\/p>\n<p>PEFI80B2NB<\/p>\n<p>PEFI80B2NC<\/p>\n<p>PEQI24B2NA<\/p>\n<p>PEQI24B2NC<\/p>\n<p>PEQI30B2NB<\/p>\n<p>PEQI30B2NC<\/p>\n<p>PEQI36B2NA<\/p>\n<p>PEQI36B2NB<\/p>\n<p>PEQI36B2NC<\/p>\n<p>PEQI48B2NA<\/p>\n<p>PEQI48B2NC<\/p>\n<p>PEQI60B2NA<\/p>\n<p>PEQI60B2NB<\/p>\n<p>PEQI60B2NC<\/p>\n<p>PIFI36B2NA<\/p>\n","protected":false},"featured_media":6252,"comment_status":"open","ping_status":"closed","template":"","meta":{"_kadence_starter_templates_imported_post":false,"_kad_post_transparent":"","_kad_post_title":"","_kad_post_layout":"","_kad_post_sidebar_id":"","_kad_post_content_style":"","_kad_post_vertical_padding":"","_kad_post_feature":"","_kad_post_feature_position":"","_kad_post_header":false,"_kad_post_footer":false,"jetpack_publicize_message":"","jetpack_publicize_feature_enabled":true,"jetpack_social_post_already_shared":false,"jetpack_social_options":{"image_generator_settings":{"template":"highway","default_image_id":0,"font":"","enabled":false},"version":2}},"product_brand":[],"product_cat":[240,185],"product_tag":[],"class_list":{"0":"post-6254","1":"product","2":"type-product","3":"status-publish","4":"has-post-thumbnail","6":"product_cat-controle-remoto-split","7":"product_cat-elgin","9":"first","10":"instock","11":"shipping-taxable","12":"purchasable","13":"product-type-simple","14":"entry","15":"content-bg","16":"loop-entry"},"yoast_head":"<!-- This site is optimized with the Yoast SEO plugin v27.5 - https:\/\/yoast.com\/product\/yoast-seo-wordpress\/ -->\n<title>Controle remoto ECO ar condicionado ELGIN - Loja - Dual Gree Servi\u00e7os | Pe\u00e7as<\/title>\n<meta name=\"robots\" content=\"index, follow, max-snippet:-1, max-image-preview:large, max-video-preview:-1\" \/>\n<link rel=\"canonical\" href=\"https:\/\/dualgree.com.br\/loja\/produto\/controle-remoto-eco-ar-condicionado-elgin\/\" \/>\n<meta property=\"og:locale\" content=\"pt_BR\" \/>\n<meta property=\"og:type\" content=\"article\" \/>\n<meta property=\"og:title\" content=\"Controle remoto ECO ar condicionado ELGIN - Loja - Dual Gree Servi\u00e7os | Pe\u00e7as\" \/>\n<meta property=\"og:description\" content=\"Ic4139-Controle remoto ECO ar condicionado ELGIN NOVO \u00a0 Codigo atras do controle: QAPASS190722 \u00a0 Rated voltage:3VDC \u00a0 Modelos conpativeis: HAFI09B2FA HAFI12B2FA HAFI18B2FA HAFI24B2FA HAFI30B2FA HAFI30B2FB HAQI09B2FA HAQI12B2FA HAQI18B2FA HAQI24B2FA HAQI30B2FA HTFI09B2FA HTFI12B2FA HTFI18B2FA HTFI24B2FA HTQI09B2FA HTQI12B2FA HTQI18B2FA KEFI18B2NA KEFI18B2NB KEFI24B2NA KEFI24B2NB KEFI24B2NC KEFI30B2NA KEFI30B2NB KEFI36B2NA KEFI36B2NC KEFI48B2NA KEFI48B2NC KEFI60B2NA KEFI60B2NC KEQI18B2NB KEQI24B2NA KEQI24B2NB KEQI24B2NC KEQI30B2NA KEQI30B2NB KEQI36B2NA KEQI36B2NC KEQI48B2NA KEQI48B2NC KEQI60B2NA KEQI60B2NC PEFI24B2NA PEFI24B2NB PEFI24B2NC PEFI30B2NB PEFI30B2NC PEFI36B2NA PEFI36B2NB PEFI36B2NC PEFI36B2ND PEFI48B2NA PEFI48B2NC PEFI60B2NA PEFI60B2NB PEFI60B2NC PEFI80B2NA PEFI80B2NB PEFI80B2NC PEQI24B2NA PEQI24B2NC PEQI30B2NB PEQI30B2NC PEQI36B2NA PEQI36B2NB PEQI36B2NC PEQI48B2NA PEQI48B2NC PEQI60B2NA PEQI60B2NB PEQI60B2NC PIFI36B2NA\" \/>\n<meta property=\"og:url\" content=\"https:\/\/dualgree.com.br\/loja\/produto\/controle-remoto-eco-ar-condicionado-elgin\/\" \/>\n<meta property=\"og:site_name\" content=\"Loja - Dual Gree Servi\u00e7os | Pe\u00e7as\" \/>\n<meta name=\"twitter:card\" content=\"summary_large_image\" \/>\n<script type=\"application\/ld+json\" class=\"yoast-schema-graph\">{\"@context\":\"https:\\\/\\\/schema.org\",\"@graph\":[{\"@type\":\"WebPage\",\"@id\":\"https:\\\/\\\/dualgree.com.br\\\/loja\\\/produto\\\/controle-remoto-eco-ar-condicionado-elgin\\\/\",\"url\":\"https:\\\/\\\/dualgree.com.br\\\/loja\\\/produto\\\/controle-remoto-eco-ar-condicionado-elgin\\\/\",\"name\":\"Controle remoto ECO ar condicionado ELGIN - Loja - Dual Gree Servi\u00e7os | Pe\u00e7as\",\"isPartOf\":{\"@id\":\"https:\\\/\\\/dualgree.com.br\\\/loja\\\/#website\"},\"primaryImageOfPage\":{\"@id\":\"https:\\\/\\\/dualgree.com.br\\\/loja\\\/produto\\\/controle-remoto-eco-ar-condicionado-elgin\\\/#primaryimage\"},\"image\":{\"@id\":\"https:\\\/\\\/dualgree.com.br\\\/loja\\\/produto\\\/controle-remoto-eco-ar-condicionado-elgin\\\/#primaryimage\"},\"thumbnailUrl\":\"https:\\\/\\\/dualgree.com.br\\\/loja\\\/wp-content\\\/uploads\\\/2024\\\/08\\\/15298087624-4139-controle-remoto-eco-ar-condicionado-elgin-1.jpeg\",\"datePublished\":\"2024-08-30T12:19:32+00:00\",\"breadcrumb\":{\"@id\":\"https:\\\/\\\/dualgree.com.br\\\/loja\\\/produto\\\/controle-remoto-eco-ar-condicionado-elgin\\\/#breadcrumb\"},\"inLanguage\":\"pt-BR\",\"potentialAction\":[{\"@type\":\"ReadAction\",\"target\":[\"https:\\\/\\\/dualgree.com.br\\\/loja\\\/produto\\\/controle-remoto-eco-ar-condicionado-elgin\\\/\"]}]},{\"@type\":\"ImageObject\",\"inLanguage\":\"pt-BR\",\"@id\":\"https:\\\/\\\/dualgree.com.br\\\/loja\\\/produto\\\/controle-remoto-eco-ar-condicionado-elgin\\\/#primaryimage\",\"url\":\"https:\\\/\\\/dualgree.com.br\\\/loja\\\/wp-content\\\/uploads\\\/2024\\\/08\\\/15298087624-4139-controle-remoto-eco-ar-condicionado-elgin-1.jpeg\",\"contentUrl\":\"https:\\\/\\\/dualgree.com.br\\\/loja\\\/wp-content\\\/uploads\\\/2024\\\/08\\\/15298087624-4139-controle-remoto-eco-ar-condicionado-elgin-1.jpeg\",\"width\":1280,\"height\":1280},{\"@type\":\"BreadcrumbList\",\"@id\":\"https:\\\/\\\/dualgree.com.br\\\/loja\\\/produto\\\/controle-remoto-eco-ar-condicionado-elgin\\\/#breadcrumb\",\"itemListElement\":[{\"@type\":\"ListItem\",\"position\":1,\"name\":\"In\u00edcio\",\"item\":\"https:\\\/\\\/dualgree.com.br\\\/loja\\\/\"},{\"@type\":\"ListItem\",\"position\":2,\"name\":\"Loja &#8211; Cat\u00e1logo de Pe\u00e7as\",\"item\":\"https:\\\/\\\/dualgree.com.br\\\/loja\\\/\"},{\"@type\":\"ListItem\",\"position\":3,\"name\":\"Controle remoto ECO ar condicionado ELGIN\"}]},{\"@type\":\"WebSite\",\"@id\":\"https:\\\/\\\/dualgree.com.br\\\/loja\\\/#website\",\"url\":\"https:\\\/\\\/dualgree.com.br\\\/loja\\\/\",\"name\":\"Loja - Dual Gree Servi\u00e7os | Partes e Pe\u00e7as\",\"description\":\"Catalogo de Pe\u00e7as para ar condicionado\",\"publisher\":{\"@id\":\"https:\\\/\\\/dualgree.com.br\\\/loja\\\/#organization\"},\"potentialAction\":[{\"@type\":\"SearchAction\",\"target\":{\"@type\":\"EntryPoint\",\"urlTemplate\":\"https:\\\/\\\/dualgree.com.br\\\/loja\\\/?s={search_term_string}\"},\"query-input\":{\"@type\":\"PropertyValueSpecification\",\"valueRequired\":true,\"valueName\":\"search_term_string\"}}],\"inLanguage\":\"pt-BR\"},{\"@type\":\"Organization\",\"@id\":\"https:\\\/\\\/dualgree.com.br\\\/loja\\\/#organization\",\"name\":\"Loja Dual Gree Servi\u00e7o\",\"url\":\"https:\\\/\\\/dualgree.com.br\\\/loja\\\/\",\"logo\":{\"@type\":\"ImageObject\",\"inLanguage\":\"pt-BR\",\"@id\":\"https:\\\/\\\/dualgree.com.br\\\/loja\\\/#\\\/schema\\\/logo\\\/image\\\/\",\"url\":\"https:\\\/\\\/dualgree.com.br\\\/loja\\\/wp-content\\\/uploads\\\/2024\\\/09\\\/teste-logo-ecommerce-dual-1-e1725909304971.png\",\"contentUrl\":\"https:\\\/\\\/dualgree.com.br\\\/loja\\\/wp-content\\\/uploads\\\/2024\\\/09\\\/teste-logo-ecommerce-dual-1-e1725909304971.png\",\"width\":470,\"height\":157,\"caption\":\"Loja Dual Gree Servi\u00e7o\"},\"image\":{\"@id\":\"https:\\\/\\\/dualgree.com.br\\\/loja\\\/#\\\/schema\\\/logo\\\/image\\\/\"}}]}<\/script>\n<!-- \/ Yoast SEO plugin. -->","yoast_head_json":{"title":"Controle remoto ECO ar condicionado ELGIN - Loja - Dual Gree Servi\u00e7os | Pe\u00e7as","robots":{"index":"index","follow":"follow","max-snippet":"max-snippet:-1","max-image-preview":"max-image-preview:large","max-video-preview":"max-video-preview:-1"},"canonical":"https:\/\/dualgree.com.br\/loja\/produto\/controle-remoto-eco-ar-condicionado-elgin\/","og_locale":"pt_BR","og_type":"article","og_title":"Controle remoto ECO ar condicionado ELGIN - Loja - Dual Gree Servi\u00e7os | Pe\u00e7as","og_description":"Ic4139-Controle remoto ECO ar condicionado ELGIN NOVO \u00a0 Codigo atras do controle: QAPASS190722 \u00a0 Rated voltage:3VDC \u00a0 Modelos conpativeis: HAFI09B2FA HAFI12B2FA HAFI18B2FA HAFI24B2FA HAFI30B2FA HAFI30B2FB HAQI09B2FA HAQI12B2FA HAQI18B2FA HAQI24B2FA HAQI30B2FA HTFI09B2FA HTFI12B2FA HTFI18B2FA HTFI24B2FA HTQI09B2FA HTQI12B2FA HTQI18B2FA KEFI18B2NA KEFI18B2NB KEFI24B2NA KEFI24B2NB KEFI24B2NC KEFI30B2NA KEFI30B2NB KEFI36B2NA KEFI36B2NC KEFI48B2NA KEFI48B2NC KEFI60B2NA KEFI60B2NC KEQI18B2NB KEQI24B2NA KEQI24B2NB KEQI24B2NC KEQI30B2NA KEQI30B2NB KEQI36B2NA KEQI36B2NC KEQI48B2NA KEQI48B2NC KEQI60B2NA KEQI60B2NC PEFI24B2NA PEFI24B2NB PEFI24B2NC PEFI30B2NB PEFI30B2NC PEFI36B2NA PEFI36B2NB PEFI36B2NC PEFI36B2ND PEFI48B2NA PEFI48B2NC PEFI60B2NA PEFI60B2NB PEFI60B2NC PEFI80B2NA PEFI80B2NB PEFI80B2NC PEQI24B2NA PEQI24B2NC PEQI30B2NB PEQI30B2NC PEQI36B2NA PEQI36B2NB PEQI36B2NC PEQI48B2NA PEQI48B2NC PEQI60B2NA PEQI60B2NB PEQI60B2NC PIFI36B2NA","og_url":"https:\/\/dualgree.com.br\/loja\/produto\/controle-remoto-eco-ar-condicionado-elgin\/","og_site_name":"Loja - Dual Gree Servi\u00e7os | Pe\u00e7as","twitter_card":"summary_large_image","schema":{"@context":"https:\/\/schema.org","@graph":[{"@type":"WebPage","@id":"https:\/\/dualgree.com.br\/loja\/produto\/controle-remoto-eco-ar-condicionado-elgin\/","url":"https:\/\/dualgree.com.br\/loja\/produto\/controle-remoto-eco-ar-condicionado-elgin\/","name":"Controle remoto ECO ar condicionado ELGIN - Loja - Dual Gree Servi\u00e7os | Pe\u00e7as","isPartOf":{"@id":"https:\/\/dualgree.com.br\/loja\/#website"},"primaryImageOfPage":{"@id":"https:\/\/dualgree.com.br\/loja\/produto\/controle-remoto-eco-ar-condicionado-elgin\/#primaryimage"},"image":{"@id":"https:\/\/dualgree.com.br\/loja\/produto\/controle-remoto-eco-ar-condicionado-elgin\/#primaryimage"},"thumbnailUrl":"https:\/\/dualgree.com.br\/loja\/wp-content\/uploads\/2024\/08\/15298087624-4139-controle-remoto-eco-ar-condicionado-elgin-1.jpeg","datePublished":"2024-08-30T12:19:32+00:00","breadcrumb":{"@id":"https:\/\/dualgree.com.br\/loja\/produto\/controle-remoto-eco-ar-condicionado-elgin\/#breadcrumb"},"inLanguage":"pt-BR","potentialAction":[{"@type":"ReadAction","target":["https:\/\/dualgree.com.br\/loja\/produto\/controle-remoto-eco-ar-condicionado-elgin\/"]}]},{"@type":"ImageObject","inLanguage":"pt-BR","@id":"https:\/\/dualgree.com.br\/loja\/produto\/controle-remoto-eco-ar-condicionado-elgin\/#primaryimage","url":"https:\/\/dualgree.com.br\/loja\/wp-content\/uploads\/2024\/08\/15298087624-4139-controle-remoto-eco-ar-condicionado-elgin-1.jpeg","contentUrl":"https:\/\/dualgree.com.br\/loja\/wp-content\/uploads\/2024\/08\/15298087624-4139-controle-remoto-eco-ar-condicionado-elgin-1.jpeg","width":1280,"height":1280},{"@type":"BreadcrumbList","@id":"https:\/\/dualgree.com.br\/loja\/produto\/controle-remoto-eco-ar-condicionado-elgin\/#breadcrumb","itemListElement":[{"@type":"ListItem","position":1,"name":"In\u00edcio","item":"https:\/\/dualgree.com.br\/loja\/"},{"@type":"ListItem","position":2,"name":"Loja &#8211; Cat\u00e1logo de Pe\u00e7as","item":"https:\/\/dualgree.com.br\/loja\/"},{"@type":"ListItem","position":3,"name":"Controle remoto ECO ar condicionado ELGIN"}]},{"@type":"WebSite","@id":"https:\/\/dualgree.com.br\/loja\/#website","url":"https:\/\/dualgree.com.br\/loja\/","name":"Loja - Dual Gree Servi\u00e7os | Partes e Pe\u00e7as","description":"Catalogo de Pe\u00e7as para ar condicionado","publisher":{"@id":"https:\/\/dualgree.com.br\/loja\/#organization"},"potentialAction":[{"@type":"SearchAction","target":{"@type":"EntryPoint","urlTemplate":"https:\/\/dualgree.com.br\/loja\/?s={search_term_string}"},"query-input":{"@type":"PropertyValueSpecification","valueRequired":true,"valueName":"search_term_string"}}],"inLanguage":"pt-BR"},{"@type":"Organization","@id":"https:\/\/dualgree.com.br\/loja\/#organization","name":"Loja Dual Gree Servi\u00e7o","url":"https:\/\/dualgree.com.br\/loja\/","logo":{"@type":"ImageObject","inLanguage":"pt-BR","@id":"https:\/\/dualgree.com.br\/loja\/#\/schema\/logo\/image\/","url":"https:\/\/dualgree.com.br\/loja\/wp-content\/uploads\/2024\/09\/teste-logo-ecommerce-dual-1-e1725909304971.png","contentUrl":"https:\/\/dualgree.com.br\/loja\/wp-content\/uploads\/2024\/09\/teste-logo-ecommerce-dual-1-e1725909304971.png","width":470,"height":157,"caption":"Loja Dual Gree Servi\u00e7o"},"image":{"@id":"https:\/\/dualgree.com.br\/loja\/#\/schema\/logo\/image\/"}}]}},"jetpack_publicize_connections":[],"jetpack_sharing_enabled":true,"jetpack_likes_enabled":true,"_links":{"self":[{"href":"https:\/\/dualgree.com.br\/loja\/wp-json\/wp\/v2\/product\/6254","targetHints":{"allow":["GET"]}}],"collection":[{"href":"https:\/\/dualgree.com.br\/loja\/wp-json\/wp\/v2\/product"}],"about":[{"href":"https:\/\/dualgree.com.br\/loja\/wp-json\/wp\/v2\/types\/product"}],"replies":[{"embeddable":true,"href":"https:\/\/dualgree.com.br\/loja\/wp-json\/wp\/v2\/comments?post=6254"}],"wp:featuredmedia":[{"embeddable":true,"href":"https:\/\/dualgree.com.br\/loja\/wp-json\/wp\/v2\/media\/6252"}],"wp:attachment":[{"href":"https:\/\/dualgree.com.br\/loja\/wp-json\/wp\/v2\/media?parent=6254"}],"wp:term":[{"taxonomy":"product_brand","embeddable":true,"href":"https:\/\/dualgree.com.br\/loja\/wp-json\/wp\/v2\/product_brand?post=6254"},{"taxonomy":"product_cat","embeddable":true,"href":"https:\/\/dualgree.com.br\/loja\/wp-json\/wp\/v2\/product_cat?post=6254"},{"taxonomy":"product_tag","embeddable":true,"href":"https:\/\/dualgree.com.br\/loja\/wp-json\/wp\/v2\/product_tag?post=6254"}],"curies":[{"name":"wp","href":"https:\/\/api.w.org\/{rel}","templated":true}]}}