{"id":6439,"date":"2024-09-03T19:41:17","date_gmt":"2024-09-03T19:41:17","guid":{"rendered":"https:\/\/dualgree.com.br\/loja\/produto\/base-da-serpentina-evaporadora-ar-condicionado-consul-cbw09abbna\/"},"modified":"2024-09-03T19:41:17","modified_gmt":"2024-09-03T19:41:17","slug":"base-da-serpentina-evaporadora-ar-condicionado-consul-cbw09abbna","status":"publish","type":"product","link":"https:\/\/dualgree.com.br\/loja\/produto\/base-da-serpentina-evaporadora-ar-condicionado-consul-cbw09abbna\/","title":{"rendered":"Base da serpentina evaporadora ar condicionado CONSUL CBW09A..."},"content":{"rendered":"","protected":false},"excerpt":{"rendered":"<p><span><span> <\/span>Ic3334-Base da serpentina evaporadora ar condicionado CONSUL CBW09ABBNA<\/span><\/p>\n<p>Produto novo. Por\u00e9m possui detalhes finos, espuma rasgada no estoque, sem quebras. Detalhes em fotos<\/p>\n<p>\u00a0<\/p>\n<p>N\u00e3o serve para cbn09cbbna, diferentes travas na frete e a do lado direito em cima.<\/p>\n<p>Lagura onde vai aleta vai pino 58cm<\/p>\n<p>Comprimento 73,5<\/p>\n<p>Largura 26,5<\/p>\n<p>\u00a0<\/p>\n<p>Modelos:<\/p>\n<p>CBW09ABBNA<\/p>\n<p>CBX09A<\/p>\n<p>CBW09A<\/p>\n","protected":false},"featured_media":6435,"comment_status":"open","ping_status":"closed","template":"","meta":{"_kadence_starter_templates_imported_post":false,"_kad_post_transparent":"","_kad_post_title":"","_kad_post_layout":"","_kad_post_sidebar_id":"","_kad_post_content_style":"","_kad_post_vertical_padding":"","_kad_post_feature":"","_kad_post_feature_position":"","_kad_post_header":false,"_kad_post_footer":false,"jetpack_publicize_message":"","jetpack_publicize_feature_enabled":true,"jetpack_social_post_already_shared":false,"jetpack_social_options":{"image_generator_settings":{"template":"highway","default_image_id":0,"font":"","enabled":false},"version":2}},"product_brand":[],"product_cat":[188,198,171],"product_tag":[],"class_list":{"0":"post-6439","1":"product","2":"type-product","3":"status-publish","4":"has-post-thumbnail","6":"product_cat-bandeja-de-dreno-split","7":"product_cat-base-da-serpentina-split","8":"product_cat-consul","10":"first","11":"instock","12":"shipping-taxable","13":"purchasable","14":"product-type-simple","15":"entry","16":"content-bg","17":"loop-entry"},"yoast_head":"<!-- This site is optimized with the Yoast SEO plugin v27.5 - https:\/\/yoast.com\/product\/yoast-seo-wordpress\/ -->\n<title>Base da serpentina evaporadora ar condicionado CONSUL CBW09ABBNA - Loja - Dual Gree Servi\u00e7os | Pe\u00e7as<\/title>\n<meta name=\"robots\" content=\"index, follow, max-snippet:-1, max-image-preview:large, max-video-preview:-1\" \/>\n<link rel=\"canonical\" href=\"https:\/\/dualgree.com.br\/loja\/produto\/base-da-serpentina-evaporadora-ar-condicionado-consul-cbw09abbna\/\" \/>\n<meta property=\"og:locale\" content=\"pt_BR\" \/>\n<meta property=\"og:type\" content=\"article\" \/>\n<meta property=\"og:title\" content=\"Base da serpentina evaporadora ar condicionado CONSUL CBW09ABBNA - Loja - Dual Gree Servi\u00e7os | Pe\u00e7as\" \/>\n<meta property=\"og:description\" content=\"Ic3334-Base da serpentina evaporadora ar condicionado CONSUL CBW09ABBNA Produto novo. Por\u00e9m possui detalhes finos, espuma rasgada no estoque, sem quebras. Detalhes em fotos \u00a0 N\u00e3o serve para cbn09cbbna, diferentes travas na frete e a do lado direito em cima. Lagura onde vai aleta vai pino 58cm Comprimento 73,5 Largura 26,5 \u00a0 Modelos: CBW09ABBNA CBX09A CBW09A\" \/>\n<meta property=\"og:url\" content=\"https:\/\/dualgree.com.br\/loja\/produto\/base-da-serpentina-evaporadora-ar-condicionado-consul-cbw09abbna\/\" \/>\n<meta property=\"og:site_name\" content=\"Loja - Dual Gree Servi\u00e7os | Pe\u00e7as\" \/>\n<meta name=\"twitter:card\" content=\"summary_large_image\" \/>\n<script type=\"application\/ld+json\" class=\"yoast-schema-graph\">{\"@context\":\"https:\\\/\\\/schema.org\",\"@graph\":[{\"@type\":\"WebPage\",\"@id\":\"https:\\\/\\\/dualgree.com.br\\\/loja\\\/produto\\\/base-da-serpentina-evaporadora-ar-condicionado-consul-cbw09abbna\\\/\",\"url\":\"https:\\\/\\\/dualgree.com.br\\\/loja\\\/produto\\\/base-da-serpentina-evaporadora-ar-condicionado-consul-cbw09abbna\\\/\",\"name\":\"Base da serpentina evaporadora ar condicionado CONSUL CBW09ABBNA - Loja - Dual Gree Servi\u00e7os | Pe\u00e7as\",\"isPartOf\":{\"@id\":\"https:\\\/\\\/dualgree.com.br\\\/loja\\\/#website\"},\"primaryImageOfPage\":{\"@id\":\"https:\\\/\\\/dualgree.com.br\\\/loja\\\/produto\\\/base-da-serpentina-evaporadora-ar-condicionado-consul-cbw09abbna\\\/#primaryimage\"},\"image\":{\"@id\":\"https:\\\/\\\/dualgree.com.br\\\/loja\\\/produto\\\/base-da-serpentina-evaporadora-ar-condicionado-consul-cbw09abbna\\\/#primaryimage\"},\"thumbnailUrl\":\"https:\\\/\\\/dualgree.com.br\\\/loja\\\/wp-content\\\/uploads\\\/2024\\\/09\\\/15298662674-3334-base-da-serpentina-evaporadora-ar-condicionado-consul-cbw09abbna-2.jpeg\",\"datePublished\":\"2024-09-03T19:41:17+00:00\",\"breadcrumb\":{\"@id\":\"https:\\\/\\\/dualgree.com.br\\\/loja\\\/produto\\\/base-da-serpentina-evaporadora-ar-condicionado-consul-cbw09abbna\\\/#breadcrumb\"},\"inLanguage\":\"pt-BR\",\"potentialAction\":[{\"@type\":\"ReadAction\",\"target\":[\"https:\\\/\\\/dualgree.com.br\\\/loja\\\/produto\\\/base-da-serpentina-evaporadora-ar-condicionado-consul-cbw09abbna\\\/\"]}]},{\"@type\":\"ImageObject\",\"inLanguage\":\"pt-BR\",\"@id\":\"https:\\\/\\\/dualgree.com.br\\\/loja\\\/produto\\\/base-da-serpentina-evaporadora-ar-condicionado-consul-cbw09abbna\\\/#primaryimage\",\"url\":\"https:\\\/\\\/dualgree.com.br\\\/loja\\\/wp-content\\\/uploads\\\/2024\\\/09\\\/15298662674-3334-base-da-serpentina-evaporadora-ar-condicionado-consul-cbw09abbna-2.jpeg\",\"contentUrl\":\"https:\\\/\\\/dualgree.com.br\\\/loja\\\/wp-content\\\/uploads\\\/2024\\\/09\\\/15298662674-3334-base-da-serpentina-evaporadora-ar-condicionado-consul-cbw09abbna-2.jpeg\",\"width\":1280,\"height\":1280},{\"@type\":\"BreadcrumbList\",\"@id\":\"https:\\\/\\\/dualgree.com.br\\\/loja\\\/produto\\\/base-da-serpentina-evaporadora-ar-condicionado-consul-cbw09abbna\\\/#breadcrumb\",\"itemListElement\":[{\"@type\":\"ListItem\",\"position\":1,\"name\":\"In\u00edcio\",\"item\":\"https:\\\/\\\/dualgree.com.br\\\/loja\\\/\"},{\"@type\":\"ListItem\",\"position\":2,\"name\":\"Loja &#8211; Cat\u00e1logo de Pe\u00e7as\",\"item\":\"https:\\\/\\\/dualgree.com.br\\\/loja\\\/\"},{\"@type\":\"ListItem\",\"position\":3,\"name\":\"Base da serpentina evaporadora ar condicionado CONSUL CBW09A...\"}]},{\"@type\":\"WebSite\",\"@id\":\"https:\\\/\\\/dualgree.com.br\\\/loja\\\/#website\",\"url\":\"https:\\\/\\\/dualgree.com.br\\\/loja\\\/\",\"name\":\"Loja - Dual Gree Servi\u00e7os | Partes e Pe\u00e7as\",\"description\":\"Catalogo de Pe\u00e7as para ar condicionado\",\"publisher\":{\"@id\":\"https:\\\/\\\/dualgree.com.br\\\/loja\\\/#organization\"},\"potentialAction\":[{\"@type\":\"SearchAction\",\"target\":{\"@type\":\"EntryPoint\",\"urlTemplate\":\"https:\\\/\\\/dualgree.com.br\\\/loja\\\/?s={search_term_string}\"},\"query-input\":{\"@type\":\"PropertyValueSpecification\",\"valueRequired\":true,\"valueName\":\"search_term_string\"}}],\"inLanguage\":\"pt-BR\"},{\"@type\":\"Organization\",\"@id\":\"https:\\\/\\\/dualgree.com.br\\\/loja\\\/#organization\",\"name\":\"Loja Dual Gree Servi\u00e7o\",\"url\":\"https:\\\/\\\/dualgree.com.br\\\/loja\\\/\",\"logo\":{\"@type\":\"ImageObject\",\"inLanguage\":\"pt-BR\",\"@id\":\"https:\\\/\\\/dualgree.com.br\\\/loja\\\/#\\\/schema\\\/logo\\\/image\\\/\",\"url\":\"https:\\\/\\\/dualgree.com.br\\\/loja\\\/wp-content\\\/uploads\\\/2024\\\/09\\\/teste-logo-ecommerce-dual-1-e1725909304971.png\",\"contentUrl\":\"https:\\\/\\\/dualgree.com.br\\\/loja\\\/wp-content\\\/uploads\\\/2024\\\/09\\\/teste-logo-ecommerce-dual-1-e1725909304971.png\",\"width\":470,\"height\":157,\"caption\":\"Loja Dual Gree Servi\u00e7o\"},\"image\":{\"@id\":\"https:\\\/\\\/dualgree.com.br\\\/loja\\\/#\\\/schema\\\/logo\\\/image\\\/\"}}]}<\/script>\n<!-- \/ Yoast SEO plugin. -->","yoast_head_json":{"title":"Base da serpentina evaporadora ar condicionado CONSUL CBW09ABBNA - Loja - Dual Gree Servi\u00e7os | Pe\u00e7as","robots":{"index":"index","follow":"follow","max-snippet":"max-snippet:-1","max-image-preview":"max-image-preview:large","max-video-preview":"max-video-preview:-1"},"canonical":"https:\/\/dualgree.com.br\/loja\/produto\/base-da-serpentina-evaporadora-ar-condicionado-consul-cbw09abbna\/","og_locale":"pt_BR","og_type":"article","og_title":"Base da serpentina evaporadora ar condicionado CONSUL CBW09ABBNA - Loja - Dual Gree Servi\u00e7os | Pe\u00e7as","og_description":"Ic3334-Base da serpentina evaporadora ar condicionado CONSUL CBW09ABBNA Produto novo. Por\u00e9m possui detalhes finos, espuma rasgada no estoque, sem quebras. Detalhes em fotos \u00a0 N\u00e3o serve para cbn09cbbna, diferentes travas na frete e a do lado direito em cima. Lagura onde vai aleta vai pino 58cm Comprimento 73,5 Largura 26,5 \u00a0 Modelos: CBW09ABBNA CBX09A CBW09A","og_url":"https:\/\/dualgree.com.br\/loja\/produto\/base-da-serpentina-evaporadora-ar-condicionado-consul-cbw09abbna\/","og_site_name":"Loja - Dual Gree Servi\u00e7os | Pe\u00e7as","twitter_card":"summary_large_image","schema":{"@context":"https:\/\/schema.org","@graph":[{"@type":"WebPage","@id":"https:\/\/dualgree.com.br\/loja\/produto\/base-da-serpentina-evaporadora-ar-condicionado-consul-cbw09abbna\/","url":"https:\/\/dualgree.com.br\/loja\/produto\/base-da-serpentina-evaporadora-ar-condicionado-consul-cbw09abbna\/","name":"Base da serpentina evaporadora ar condicionado CONSUL CBW09ABBNA - Loja - Dual Gree Servi\u00e7os | Pe\u00e7as","isPartOf":{"@id":"https:\/\/dualgree.com.br\/loja\/#website"},"primaryImageOfPage":{"@id":"https:\/\/dualgree.com.br\/loja\/produto\/base-da-serpentina-evaporadora-ar-condicionado-consul-cbw09abbna\/#primaryimage"},"image":{"@id":"https:\/\/dualgree.com.br\/loja\/produto\/base-da-serpentina-evaporadora-ar-condicionado-consul-cbw09abbna\/#primaryimage"},"thumbnailUrl":"https:\/\/dualgree.com.br\/loja\/wp-content\/uploads\/2024\/09\/15298662674-3334-base-da-serpentina-evaporadora-ar-condicionado-consul-cbw09abbna-2.jpeg","datePublished":"2024-09-03T19:41:17+00:00","breadcrumb":{"@id":"https:\/\/dualgree.com.br\/loja\/produto\/base-da-serpentina-evaporadora-ar-condicionado-consul-cbw09abbna\/#breadcrumb"},"inLanguage":"pt-BR","potentialAction":[{"@type":"ReadAction","target":["https:\/\/dualgree.com.br\/loja\/produto\/base-da-serpentina-evaporadora-ar-condicionado-consul-cbw09abbna\/"]}]},{"@type":"ImageObject","inLanguage":"pt-BR","@id":"https:\/\/dualgree.com.br\/loja\/produto\/base-da-serpentina-evaporadora-ar-condicionado-consul-cbw09abbna\/#primaryimage","url":"https:\/\/dualgree.com.br\/loja\/wp-content\/uploads\/2024\/09\/15298662674-3334-base-da-serpentina-evaporadora-ar-condicionado-consul-cbw09abbna-2.jpeg","contentUrl":"https:\/\/dualgree.com.br\/loja\/wp-content\/uploads\/2024\/09\/15298662674-3334-base-da-serpentina-evaporadora-ar-condicionado-consul-cbw09abbna-2.jpeg","width":1280,"height":1280},{"@type":"BreadcrumbList","@id":"https:\/\/dualgree.com.br\/loja\/produto\/base-da-serpentina-evaporadora-ar-condicionado-consul-cbw09abbna\/#breadcrumb","itemListElement":[{"@type":"ListItem","position":1,"name":"In\u00edcio","item":"https:\/\/dualgree.com.br\/loja\/"},{"@type":"ListItem","position":2,"name":"Loja &#8211; Cat\u00e1logo de Pe\u00e7as","item":"https:\/\/dualgree.com.br\/loja\/"},{"@type":"ListItem","position":3,"name":"Base da serpentina evaporadora ar condicionado CONSUL CBW09A..."}]},{"@type":"WebSite","@id":"https:\/\/dualgree.com.br\/loja\/#website","url":"https:\/\/dualgree.com.br\/loja\/","name":"Loja - Dual Gree Servi\u00e7os | Partes e Pe\u00e7as","description":"Catalogo de Pe\u00e7as para ar condicionado","publisher":{"@id":"https:\/\/dualgree.com.br\/loja\/#organization"},"potentialAction":[{"@type":"SearchAction","target":{"@type":"EntryPoint","urlTemplate":"https:\/\/dualgree.com.br\/loja\/?s={search_term_string}"},"query-input":{"@type":"PropertyValueSpecification","valueRequired":true,"valueName":"search_term_string"}}],"inLanguage":"pt-BR"},{"@type":"Organization","@id":"https:\/\/dualgree.com.br\/loja\/#organization","name":"Loja Dual Gree Servi\u00e7o","url":"https:\/\/dualgree.com.br\/loja\/","logo":{"@type":"ImageObject","inLanguage":"pt-BR","@id":"https:\/\/dualgree.com.br\/loja\/#\/schema\/logo\/image\/","url":"https:\/\/dualgree.com.br\/loja\/wp-content\/uploads\/2024\/09\/teste-logo-ecommerce-dual-1-e1725909304971.png","contentUrl":"https:\/\/dualgree.com.br\/loja\/wp-content\/uploads\/2024\/09\/teste-logo-ecommerce-dual-1-e1725909304971.png","width":470,"height":157,"caption":"Loja Dual Gree Servi\u00e7o"},"image":{"@id":"https:\/\/dualgree.com.br\/loja\/#\/schema\/logo\/image\/"}}]}},"jetpack_publicize_connections":[],"jetpack_sharing_enabled":true,"jetpack_likes_enabled":true,"_links":{"self":[{"href":"https:\/\/dualgree.com.br\/loja\/wp-json\/wp\/v2\/product\/6439","targetHints":{"allow":["GET"]}}],"collection":[{"href":"https:\/\/dualgree.com.br\/loja\/wp-json\/wp\/v2\/product"}],"about":[{"href":"https:\/\/dualgree.com.br\/loja\/wp-json\/wp\/v2\/types\/product"}],"replies":[{"embeddable":true,"href":"https:\/\/dualgree.com.br\/loja\/wp-json\/wp\/v2\/comments?post=6439"}],"wp:featuredmedia":[{"embeddable":true,"href":"https:\/\/dualgree.com.br\/loja\/wp-json\/wp\/v2\/media\/6435"}],"wp:attachment":[{"href":"https:\/\/dualgree.com.br\/loja\/wp-json\/wp\/v2\/media?parent=6439"}],"wp:term":[{"taxonomy":"product_brand","embeddable":true,"href":"https:\/\/dualgree.com.br\/loja\/wp-json\/wp\/v2\/product_brand?post=6439"},{"taxonomy":"product_cat","embeddable":true,"href":"https:\/\/dualgree.com.br\/loja\/wp-json\/wp\/v2\/product_cat?post=6439"},{"taxonomy":"product_tag","embeddable":true,"href":"https:\/\/dualgree.com.br\/loja\/wp-json\/wp\/v2\/product_tag?post=6439"}],"curies":[{"name":"wp","href":"https:\/\/api.w.org\/{rel}","templated":true}]}}