{"id":6655,"date":"2024-09-14T17:47:29","date_gmt":"2024-09-14T17:47:29","guid":{"rendered":"https:\/\/dualgree.com.br\/loja\/produto\/kit-duto-mangueira-conector-da-regua-regua-de-janela\/"},"modified":"2026-04-28T18:19:57","modified_gmt":"2026-04-28T18:19:57","slug":"kit-duto-mangueira-conector-da-regua-regua-de-janela","status":"publish","type":"product","link":"https:\/\/dualgree.com.br\/loja\/produto\/kit-duto-mangueira-conector-da-regua-regua-de-janela\/","title":{"rendered":"Kit Duto 13cm right branco mangueira conector da Regua + Reg..."},"content":{"rendered":"<p class=\"selectable-text copyable-text x15bjb6t x1n2onr6\"><span class=\"selectable-text copyable-text xkrh14z\">DG2335 &#8211; Duto flex\u00edvel r\u00e9gua conector da r\u00e9gua para ar condicionado port\u00e1til Delonghi pac we125<\/span><\/p>\n<p class=\"selectable-text copyable-text x15bjb6t x1n2onr6\">\u00a0<\/p>\n<p class=\"selectable-text copyable-text x15bjb6t x1n2onr6\"><span class=\"selectable-text copyable-text xkrh14z\">Para usar este kit voc\u00ea deve ter o conector que vai no equipamento.<\/span><\/p>\n<p class=\"selectable-text copyable-text x15bjb6t x1n2onr6\">\u00a0<\/p>\n<p class=\"selectable-text copyable-text x15bjb6t x1n2onr6\"><span class=\"selectable-text copyable-text xkrh14z\"> Caso precise do conector que vai no equipamento temos. entre em contato.<\/span><\/p>\n<p class=\"selectable-text copyable-text x15bjb6t x1n2onr6\">\u00a0<\/p>\n<p class=\"selectable-text copyable-text x15bjb6t x1n2onr6\"><span class=\"selectable-text copyable-text xkrh14z\">Itens do kit<\/span><\/p>\n<p class=\"selectable-text copyable-text x15bjb6t x1n2onr6\">\u00a0<\/p>\n<p class=\"selectable-text copyable-text x15bjb6t x1n2onr6\"><span class=\"selectable-text copyable-text xkrh14z\">DG649-Regua 1metro e 20cm,<\/span><\/p>\n<p class=\"selectable-text copyable-text x15bjb6t x1n2onr6\">\u00a0<\/p>\n<p class=\"selectable-text copyable-text x15bjb6t x1n2onr6\"><span class=\"selectable-text copyable-text xkrh14z\">DG4081- conector da r\u00e9gua,<\/span><\/p>\n<p class=\"selectable-text copyable-text x15bjb6t x1n2onr6\">\u00a0<\/p>\n<p class=\"selectable-text copyable-text x15bjb6t x1n2onr6\"><span class=\"selectable-text copyable-text xkrh14z\">DG100- duto flex\u00edvel 2 metros pvc dn125mm rosca direita,<\/span><\/p>\n<p class=\"selectable-text copyable-text x15bjb6t x1n2onr6\">\u00a0<\/p>\n<p class=\"selectable-text copyable-text x15bjb6t x1n2onr6\">\u00a0<\/p>\n<p class=\"selectable-text copyable-text x15bjb6t x1n2onr6\"><span class=\"selectable-text copyable-text xkrh14z\">Compat\u00edvel com os modelos e marcas<\/span><\/p>\n<p class=\"selectable-text copyable-text x15bjb6t x1n2onr6\">\u00a0<\/p>\n<p class=\"selectable-text copyable-text x15bjb6t x1n2onr6\"><span class=\"selectable-text copyable-text xkrh14z\">Philco PAC11000QF3, Philco PAC11000F3, Philco PH10000QF, Philco PH10000QF, Philco PH13000QF, Philco PH13000F<\/span><\/p>\n<p class=\"selectable-text copyable-text x15bjb6t x1n2onr6\">\u00a0<\/p>\n<p class=\"selectable-text copyable-text x15bjb6t x1n2onr6\">\u00a0<\/p>\n<p class=\"selectable-text copyable-text x15bjb6t x1n2onr6\"><span class=\"selectable-text copyable-text xkrh14z\">Electrolux Po10F, Electrolux Po12F, Electrolux Po10R<\/span><\/p>\n<p class=\"selectable-text copyable-text x15bjb6t x1n2onr6\">\u00a0<\/p>\n<p class=\"selectable-text copyable-text x15bjb6t x1n2onr6\"><span class=\"selectable-text copyable-text xkrh14z\">Electrolux Po12R<\/span><\/p>\n<p class=\"selectable-text copyable-text x15bjb6t x1n2onr6\">\u00a0<\/p>\n<p class=\"selectable-text copyable-text x15bjb6t x1n2onr6\">\u00a0<\/p>\n<p class=\"selectable-text copyable-text x15bjb6t x1n2onr6\"><span class=\"selectable-text copyable-text xkrh14z\">Delonghi PAC c100, Delonghi PAC c105, Delonghi PAC WE125<\/span><\/p>\n<p class=\"selectable-text copyable-text x15bjb6t x1n2onr6\">\u00a0<\/p>\n<p class=\"selectable-text copyable-text x15bjb6t x1n2onr6\"><span class=\"selectable-text copyable-text xkrh14z\">Delonghi PAC An120, Delonghi PAC N120br, Delonghi PAC AN130RF, <\/span><span>PAC AG1000.<\/span><\/p>\n<p class=\"selectable-text copyable-text x15bjb6t x1n2onr6\"><span class=\"selectable-text copyable-text xkrh14z\">PAC CF220, <\/span><span class=\"selectable-text copyable-text xkrh14z\">HoneyWell.<\/span><\/p>\n<p class=\"selectable-text copyable-text x15bjb6t x1n2onr6\">\u00a0<\/p>\n<p class=\"selectable-text copyable-text x15bjb6t x1n2onr6\">\u00a0<\/p>\n<p class=\"selectable-text copyable-text x15bjb6t x1n2onr6\"><span class=\"selectable-text copyable-text xkrh14z\">Delonghi PAC N130BR, Delonghi PAC AN145RF<\/span><\/p>\n<p class=\"selectable-text copyable-text x15bjb6t x1n2onr6\">\u00a0<\/p>\n<p class=\"selectable-text copyable-text x15bjb6t x1n2onr6\"><span class=\"selectable-text copyable-text xkrh14z\">TCL TAC-12CHPA<\/span><\/p>\n<p class=\"selectable-text copyable-text x15bjb6t x1n2onr6\">\u00a0<\/p>\n<p class=\"selectable-text copyable-text x15bjb6t x1n2onr6\"><span class=\"selectable-text copyable-text xkrh14z\">An120 componentes do kit <\/span><\/p>\n<p class=\"selectable-text copyable-text x15bjb6t x1n2onr6\">\u00a0<\/p>\n<p class=\"selectable-text copyable-text x15bjb6t x1n2onr6\"><span class=\"selectable-text copyable-text xkrh14z\">Compat\u00edvel com <\/span><\/p>\n<p class=\"selectable-text copyable-text x15bjb6t x1n2onr6\"><span class=\"selectable-text copyable-text xkrh14z\">PAC AN120.<\/span><\/p>\n<p class=\"selectable-text copyable-text x15bjb6t x1n2onr6\"><span class=\"selectable-text copyable-text xkrh14z\">PAC AN120BR.<\/span><\/p>\n<p class=\"selectable-text copyable-text x15bjb6t x1n2onr6\"><span class=\"selectable-text copyable-text xkrh14z\">PAC AN130.<\/span><\/p>\n<p class=\"selectable-text copyable-text x15bjb6t x1n2onr6\"><span class=\"selectable-text copyable-text xkrh14z\">PAC AN130BR.<\/span><\/p>\n<p class=\"selectable-text copyable-text x15bjb6t x1n2onr6\"><span class=\"selectable-text copyable-text xkrh14z\">PAC AN145.<\/span><\/p>\n<p class=\"selectable-text copyable-text x15bjb6t x1n2onr6\"><span class=\"selectable-text copyable-text xkrh14z\">PAC AN145RF<\/span><\/p>\n<p class=\"selectable-text copyable-text x15bjb6t x1n2onr6\">\u00a0<\/p>\n","protected":false},"excerpt":{"rendered":"<p>DG2335 &#8211; Duto flex\u00edvel r\u00e9gua conector da r\u00e9gua para ar condicionado port\u00e1til Ol\u00edmpia splendid\u00a0<\/p>\n<p>\u00a0<\/p>\n<p>Para usar este kit voce deve ter o conector que vai no equipamento.<\/p>\n<p>\u00a0<\/p>\n<p>Caso precise do conector que vai no equipamento temos. entre em contato.<\/p>\n<p>\u00a0<\/p>\n<p>Itens do kit<\/p>\n<p>649-Regua 1metro e 20cm<\/p>\n<p>4081- conector da regua<\/p>\n<p>413- duto flexivel 2 metros pvc dn125mm<\/p>\n<p>\u00a0<\/p>\n<p>Compativel com<\/p>\n<p>\u00a0<\/p>\n<p>Duto flex\u00edvel r\u00e9gua conector da r\u00e9gua para ar condicionado port\u00e1til Piu 12<\/p>\n<p>Duto flex\u00edvel r\u00e9gua conector da r\u00e9gua para ar condicionado port\u00e1til Issimo 13<\/p>\n<p>Duto flex\u00edvel r\u00e9gua conector da r\u00e9gua para ar condicionado port\u00e1til Piu 12 HP<\/p>\n<p>Duto flex\u00edvel r\u00e9gua conector da r\u00e9gua para ar condicionado port\u00e1til Silent nano<\/p>\n","protected":false},"featured_media":6654,"comment_status":"open","ping_status":"closed","template":"","meta":{"_kadence_starter_templates_imported_post":false,"_kad_post_transparent":"","_kad_post_title":"","_kad_post_layout":"","_kad_post_sidebar_id":"","_kad_post_content_style":"","_kad_post_vertical_padding":"","_kad_post_feature":"","_kad_post_feature_position":"","_kad_post_header":false,"_kad_post_footer":false,"jetpack_publicize_message":"","jetpack_publicize_feature_enabled":true,"jetpack_social_post_already_shared":false,"jetpack_social_options":{"image_generator_settings":{"template":"highway","default_image_id":0,"font":"","enabled":false},"version":2}},"product_brand":[],"product_cat":[225,244,181,275,180,245,202,297,183,246,258],"product_tag":[],"class_list":{"0":"post-6655","1":"product","2":"type-product","3":"status-publish","4":"has-post-thumbnail","6":"product_cat-delonghi","7":"product_cat-duto-para-ar-portatil","8":"product_cat-electrolux","9":"product_cat-extensao-de-regua-ar-portatil","10":"product_cat-gree","11":"product_cat-kit-duto-ar-portatil","12":"product_cat-komeco","13":"product_cat-phaser","14":"product_cat-philco","15":"product_cat-tcl","16":"product_cat-techome","18":"first","19":"instock","20":"shipping-taxable","21":"purchasable","22":"product-type-simple","23":"entry","24":"content-bg","25":"loop-entry"},"yoast_head":"<!-- This site is optimized with the Yoast SEO plugin v27.5 - https:\/\/yoast.com\/product\/yoast-seo-wordpress\/ -->\n<title>Kit Duto 13cm right branco mangueira conector da Regua + Regua de Janela DG100 - Loja - Dual Gree Servi\u00e7os | Pe\u00e7as<\/title>\n<meta name=\"robots\" content=\"index, follow, max-snippet:-1, max-image-preview:large, max-video-preview:-1\" \/>\n<link rel=\"canonical\" href=\"https:\/\/dualgree.com.br\/loja\/produto\/kit-duto-mangueira-conector-da-regua-regua-de-janela\/\" \/>\n<meta property=\"og:locale\" content=\"pt_BR\" \/>\n<meta property=\"og:type\" content=\"article\" \/>\n<meta property=\"og:title\" content=\"Kit Duto 13cm right branco mangueira conector da Regua + Regua de Janela DG100 - Loja - Dual Gree Servi\u00e7os | Pe\u00e7as\" \/>\n<meta property=\"og:description\" content=\"DG2335 - Duto flex\u00edvel r\u00e9gua conector da r\u00e9gua para ar condicionado port\u00e1til Ol\u00edmpia splendid\u00a0 \u00a0 Para usar este kit voce deve ter o conector que vai no equipamento. \u00a0 Caso precise do conector que vai no equipamento temos. entre em contato. \u00a0 Itens do kit 649-Regua 1metro e 20cm 4081- conector da regua 413- duto flexivel 2 metros pvc dn125mm \u00a0 Compativel com \u00a0 Duto flex\u00edvel r\u00e9gua conector da r\u00e9gua para ar condicionado port\u00e1til Piu 12 Duto flex\u00edvel r\u00e9gua conector da r\u00e9gua para ar condicionado port\u00e1til Issimo 13 Duto flex\u00edvel r\u00e9gua conector da r\u00e9gua para ar condicionado port\u00e1til Piu 12 HP Duto flex\u00edvel r\u00e9gua conector da r\u00e9gua para ar condicionado port\u00e1til Silent nano\" \/>\n<meta property=\"og:url\" content=\"https:\/\/dualgree.com.br\/loja\/produto\/kit-duto-mangueira-conector-da-regua-regua-de-janela\/\" \/>\n<meta property=\"og:site_name\" content=\"Loja - Dual Gree Servi\u00e7os | Pe\u00e7as\" \/>\n<meta property=\"article:modified_time\" content=\"2026-04-28T18:19:57+00:00\" \/>\n<meta property=\"og:image\" content=\"https:\/\/dualgree.com.br\/loja\/wp-content\/uploads\/2024\/09\/15300520482-2335-kit-regua-conector-regua-duto-13cm-left-portatil.jpg\" \/>\n\t<meta property=\"og:image:width\" content=\"1280\" \/>\n\t<meta property=\"og:image:height\" content=\"1280\" \/>\n\t<meta property=\"og:image:type\" content=\"image\/jpeg\" \/>\n<meta name=\"twitter:card\" content=\"summary_large_image\" \/>\n<meta name=\"twitter:label1\" content=\"Est. tempo de leitura\" \/>\n\t<meta name=\"twitter:data1\" content=\"1 minuto\" \/>\n<script type=\"application\/ld+json\" class=\"yoast-schema-graph\">{\"@context\":\"https:\\\/\\\/schema.org\",\"@graph\":[{\"@type\":\"WebPage\",\"@id\":\"https:\\\/\\\/dualgree.com.br\\\/loja\\\/produto\\\/kit-duto-mangueira-conector-da-regua-regua-de-janela\\\/\",\"url\":\"https:\\\/\\\/dualgree.com.br\\\/loja\\\/produto\\\/kit-duto-mangueira-conector-da-regua-regua-de-janela\\\/\",\"name\":\"Kit Duto 13cm right branco mangueira conector da Regua + Regua de Janela DG100 - Loja - Dual Gree Servi\u00e7os | Pe\u00e7as\",\"isPartOf\":{\"@id\":\"https:\\\/\\\/dualgree.com.br\\\/loja\\\/#website\"},\"primaryImageOfPage\":{\"@id\":\"https:\\\/\\\/dualgree.com.br\\\/loja\\\/produto\\\/kit-duto-mangueira-conector-da-regua-regua-de-janela\\\/#primaryimage\"},\"image\":{\"@id\":\"https:\\\/\\\/dualgree.com.br\\\/loja\\\/produto\\\/kit-duto-mangueira-conector-da-regua-regua-de-janela\\\/#primaryimage\"},\"thumbnailUrl\":\"https:\\\/\\\/dualgree.com.br\\\/loja\\\/wp-content\\\/uploads\\\/2024\\\/09\\\/15300520482-2335-kit-regua-conector-regua-duto-13cm-left-portatil.jpg\",\"datePublished\":\"2024-09-14T17:47:29+00:00\",\"dateModified\":\"2026-04-28T18:19:57+00:00\",\"breadcrumb\":{\"@id\":\"https:\\\/\\\/dualgree.com.br\\\/loja\\\/produto\\\/kit-duto-mangueira-conector-da-regua-regua-de-janela\\\/#breadcrumb\"},\"inLanguage\":\"pt-BR\",\"potentialAction\":[{\"@type\":\"ReadAction\",\"target\":[\"https:\\\/\\\/dualgree.com.br\\\/loja\\\/produto\\\/kit-duto-mangueira-conector-da-regua-regua-de-janela\\\/\"]}]},{\"@type\":\"ImageObject\",\"inLanguage\":\"pt-BR\",\"@id\":\"https:\\\/\\\/dualgree.com.br\\\/loja\\\/produto\\\/kit-duto-mangueira-conector-da-regua-regua-de-janela\\\/#primaryimage\",\"url\":\"https:\\\/\\\/dualgree.com.br\\\/loja\\\/wp-content\\\/uploads\\\/2024\\\/09\\\/15300520482-2335-kit-regua-conector-regua-duto-13cm-left-portatil.jpg\",\"contentUrl\":\"https:\\\/\\\/dualgree.com.br\\\/loja\\\/wp-content\\\/uploads\\\/2024\\\/09\\\/15300520482-2335-kit-regua-conector-regua-duto-13cm-left-portatil.jpg\",\"width\":1280,\"height\":1280},{\"@type\":\"BreadcrumbList\",\"@id\":\"https:\\\/\\\/dualgree.com.br\\\/loja\\\/produto\\\/kit-duto-mangueira-conector-da-regua-regua-de-janela\\\/#breadcrumb\",\"itemListElement\":[{\"@type\":\"ListItem\",\"position\":1,\"name\":\"In\u00edcio\",\"item\":\"https:\\\/\\\/dualgree.com.br\\\/loja\\\/\"},{\"@type\":\"ListItem\",\"position\":2,\"name\":\"Loja &#8211; Cat\u00e1logo de Pe\u00e7as\",\"item\":\"https:\\\/\\\/dualgree.com.br\\\/loja\\\/\"},{\"@type\":\"ListItem\",\"position\":3,\"name\":\"Kit Duto 13cm right branco mangueira conector da Regua + Reg...\"}]},{\"@type\":\"WebSite\",\"@id\":\"https:\\\/\\\/dualgree.com.br\\\/loja\\\/#website\",\"url\":\"https:\\\/\\\/dualgree.com.br\\\/loja\\\/\",\"name\":\"Loja - Dual Gree Servi\u00e7os | Partes e Pe\u00e7as\",\"description\":\"Catalogo de Pe\u00e7as para ar condicionado\",\"publisher\":{\"@id\":\"https:\\\/\\\/dualgree.com.br\\\/loja\\\/#organization\"},\"potentialAction\":[{\"@type\":\"SearchAction\",\"target\":{\"@type\":\"EntryPoint\",\"urlTemplate\":\"https:\\\/\\\/dualgree.com.br\\\/loja\\\/?s={search_term_string}\"},\"query-input\":{\"@type\":\"PropertyValueSpecification\",\"valueRequired\":true,\"valueName\":\"search_term_string\"}}],\"inLanguage\":\"pt-BR\"},{\"@type\":\"Organization\",\"@id\":\"https:\\\/\\\/dualgree.com.br\\\/loja\\\/#organization\",\"name\":\"Loja Dual Gree Servi\u00e7o\",\"url\":\"https:\\\/\\\/dualgree.com.br\\\/loja\\\/\",\"logo\":{\"@type\":\"ImageObject\",\"inLanguage\":\"pt-BR\",\"@id\":\"https:\\\/\\\/dualgree.com.br\\\/loja\\\/#\\\/schema\\\/logo\\\/image\\\/\",\"url\":\"https:\\\/\\\/dualgree.com.br\\\/loja\\\/wp-content\\\/uploads\\\/2024\\\/09\\\/teste-logo-ecommerce-dual-1-e1725909304971.png\",\"contentUrl\":\"https:\\\/\\\/dualgree.com.br\\\/loja\\\/wp-content\\\/uploads\\\/2024\\\/09\\\/teste-logo-ecommerce-dual-1-e1725909304971.png\",\"width\":470,\"height\":157,\"caption\":\"Loja Dual Gree Servi\u00e7o\"},\"image\":{\"@id\":\"https:\\\/\\\/dualgree.com.br\\\/loja\\\/#\\\/schema\\\/logo\\\/image\\\/\"}}]}<\/script>\n<!-- \/ Yoast SEO plugin. -->","yoast_head_json":{"title":"Kit Duto 13cm right branco mangueira conector da Regua + Regua de Janela DG100 - Loja - Dual Gree Servi\u00e7os | Pe\u00e7as","robots":{"index":"index","follow":"follow","max-snippet":"max-snippet:-1","max-image-preview":"max-image-preview:large","max-video-preview":"max-video-preview:-1"},"canonical":"https:\/\/dualgree.com.br\/loja\/produto\/kit-duto-mangueira-conector-da-regua-regua-de-janela\/","og_locale":"pt_BR","og_type":"article","og_title":"Kit Duto 13cm right branco mangueira conector da Regua + Regua de Janela DG100 - Loja - Dual Gree Servi\u00e7os | Pe\u00e7as","og_description":"DG2335 - Duto flex\u00edvel r\u00e9gua conector da r\u00e9gua para ar condicionado port\u00e1til Ol\u00edmpia splendid\u00a0 \u00a0 Para usar este kit voce deve ter o conector que vai no equipamento. \u00a0 Caso precise do conector que vai no equipamento temos. entre em contato. \u00a0 Itens do kit 649-Regua 1metro e 20cm 4081- conector da regua 413- duto flexivel 2 metros pvc dn125mm \u00a0 Compativel com \u00a0 Duto flex\u00edvel r\u00e9gua conector da r\u00e9gua para ar condicionado port\u00e1til Piu 12 Duto flex\u00edvel r\u00e9gua conector da r\u00e9gua para ar condicionado port\u00e1til Issimo 13 Duto flex\u00edvel r\u00e9gua conector da r\u00e9gua para ar condicionado port\u00e1til Piu 12 HP Duto flex\u00edvel r\u00e9gua conector da r\u00e9gua para ar condicionado port\u00e1til Silent nano","og_url":"https:\/\/dualgree.com.br\/loja\/produto\/kit-duto-mangueira-conector-da-regua-regua-de-janela\/","og_site_name":"Loja - Dual Gree Servi\u00e7os | Pe\u00e7as","article_modified_time":"2026-04-28T18:19:57+00:00","og_image":[{"width":1280,"height":1280,"url":"https:\/\/dualgree.com.br\/loja\/wp-content\/uploads\/2024\/09\/15300520482-2335-kit-regua-conector-regua-duto-13cm-left-portatil.jpg","type":"image\/jpeg"}],"twitter_card":"summary_large_image","twitter_misc":{"Est. tempo de leitura":"1 minuto"},"schema":{"@context":"https:\/\/schema.org","@graph":[{"@type":"WebPage","@id":"https:\/\/dualgree.com.br\/loja\/produto\/kit-duto-mangueira-conector-da-regua-regua-de-janela\/","url":"https:\/\/dualgree.com.br\/loja\/produto\/kit-duto-mangueira-conector-da-regua-regua-de-janela\/","name":"Kit Duto 13cm right branco mangueira conector da Regua + Regua de Janela DG100 - Loja - Dual Gree Servi\u00e7os | Pe\u00e7as","isPartOf":{"@id":"https:\/\/dualgree.com.br\/loja\/#website"},"primaryImageOfPage":{"@id":"https:\/\/dualgree.com.br\/loja\/produto\/kit-duto-mangueira-conector-da-regua-regua-de-janela\/#primaryimage"},"image":{"@id":"https:\/\/dualgree.com.br\/loja\/produto\/kit-duto-mangueira-conector-da-regua-regua-de-janela\/#primaryimage"},"thumbnailUrl":"https:\/\/dualgree.com.br\/loja\/wp-content\/uploads\/2024\/09\/15300520482-2335-kit-regua-conector-regua-duto-13cm-left-portatil.jpg","datePublished":"2024-09-14T17:47:29+00:00","dateModified":"2026-04-28T18:19:57+00:00","breadcrumb":{"@id":"https:\/\/dualgree.com.br\/loja\/produto\/kit-duto-mangueira-conector-da-regua-regua-de-janela\/#breadcrumb"},"inLanguage":"pt-BR","potentialAction":[{"@type":"ReadAction","target":["https:\/\/dualgree.com.br\/loja\/produto\/kit-duto-mangueira-conector-da-regua-regua-de-janela\/"]}]},{"@type":"ImageObject","inLanguage":"pt-BR","@id":"https:\/\/dualgree.com.br\/loja\/produto\/kit-duto-mangueira-conector-da-regua-regua-de-janela\/#primaryimage","url":"https:\/\/dualgree.com.br\/loja\/wp-content\/uploads\/2024\/09\/15300520482-2335-kit-regua-conector-regua-duto-13cm-left-portatil.jpg","contentUrl":"https:\/\/dualgree.com.br\/loja\/wp-content\/uploads\/2024\/09\/15300520482-2335-kit-regua-conector-regua-duto-13cm-left-portatil.jpg","width":1280,"height":1280},{"@type":"BreadcrumbList","@id":"https:\/\/dualgree.com.br\/loja\/produto\/kit-duto-mangueira-conector-da-regua-regua-de-janela\/#breadcrumb","itemListElement":[{"@type":"ListItem","position":1,"name":"In\u00edcio","item":"https:\/\/dualgree.com.br\/loja\/"},{"@type":"ListItem","position":2,"name":"Loja &#8211; Cat\u00e1logo de Pe\u00e7as","item":"https:\/\/dualgree.com.br\/loja\/"},{"@type":"ListItem","position":3,"name":"Kit Duto 13cm right branco mangueira conector da Regua + Reg..."}]},{"@type":"WebSite","@id":"https:\/\/dualgree.com.br\/loja\/#website","url":"https:\/\/dualgree.com.br\/loja\/","name":"Loja - Dual Gree Servi\u00e7os | Partes e Pe\u00e7as","description":"Catalogo de Pe\u00e7as para ar condicionado","publisher":{"@id":"https:\/\/dualgree.com.br\/loja\/#organization"},"potentialAction":[{"@type":"SearchAction","target":{"@type":"EntryPoint","urlTemplate":"https:\/\/dualgree.com.br\/loja\/?s={search_term_string}"},"query-input":{"@type":"PropertyValueSpecification","valueRequired":true,"valueName":"search_term_string"}}],"inLanguage":"pt-BR"},{"@type":"Organization","@id":"https:\/\/dualgree.com.br\/loja\/#organization","name":"Loja Dual Gree Servi\u00e7o","url":"https:\/\/dualgree.com.br\/loja\/","logo":{"@type":"ImageObject","inLanguage":"pt-BR","@id":"https:\/\/dualgree.com.br\/loja\/#\/schema\/logo\/image\/","url":"https:\/\/dualgree.com.br\/loja\/wp-content\/uploads\/2024\/09\/teste-logo-ecommerce-dual-1-e1725909304971.png","contentUrl":"https:\/\/dualgree.com.br\/loja\/wp-content\/uploads\/2024\/09\/teste-logo-ecommerce-dual-1-e1725909304971.png","width":470,"height":157,"caption":"Loja Dual Gree Servi\u00e7o"},"image":{"@id":"https:\/\/dualgree.com.br\/loja\/#\/schema\/logo\/image\/"}}]}},"jetpack_publicize_connections":[],"jetpack_sharing_enabled":true,"jetpack_likes_enabled":true,"_links":{"self":[{"href":"https:\/\/dualgree.com.br\/loja\/wp-json\/wp\/v2\/product\/6655","targetHints":{"allow":["GET"]}}],"collection":[{"href":"https:\/\/dualgree.com.br\/loja\/wp-json\/wp\/v2\/product"}],"about":[{"href":"https:\/\/dualgree.com.br\/loja\/wp-json\/wp\/v2\/types\/product"}],"replies":[{"embeddable":true,"href":"https:\/\/dualgree.com.br\/loja\/wp-json\/wp\/v2\/comments?post=6655"}],"wp:featuredmedia":[{"embeddable":true,"href":"https:\/\/dualgree.com.br\/loja\/wp-json\/wp\/v2\/media\/6654"}],"wp:attachment":[{"href":"https:\/\/dualgree.com.br\/loja\/wp-json\/wp\/v2\/media?parent=6655"}],"wp:term":[{"taxonomy":"product_brand","embeddable":true,"href":"https:\/\/dualgree.com.br\/loja\/wp-json\/wp\/v2\/product_brand?post=6655"},{"taxonomy":"product_cat","embeddable":true,"href":"https:\/\/dualgree.com.br\/loja\/wp-json\/wp\/v2\/product_cat?post=6655"},{"taxonomy":"product_tag","embeddable":true,"href":"https:\/\/dualgree.com.br\/loja\/wp-json\/wp\/v2\/product_tag?post=6655"}],"curies":[{"name":"wp","href":"https:\/\/api.w.org\/{rel}","templated":true}]}}