{"id":6678,"date":"2024-09-16T22:44:14","date_gmt":"2024-09-16T22:44:14","guid":{"rendered":"https:\/\/dualgree.com.br\/loja\/produto\/conector-acoplador-da-regua-ar-condicionado-portatil-delonghi-pac-c105\/"},"modified":"2026-05-15T16:54:50","modified_gmt":"2026-05-15T16:54:50","slug":"conector-acoplador-da-regua-ar-condicionado-portatil-delonghi-pac-c105","status":"publish","type":"product","link":"https:\/\/dualgree.com.br\/loja\/produto\/conector-acoplador-da-regua-ar-condicionado-portatil-delonghi-pac-c105\/","title":{"rendered":"Conector acoplador da regua ar condicionado portatil Delongh..."},"content":{"rendered":"<p>DG129 &#8211; Conector que vai na regua da janela do ar condicionado delonghi\u00a0<\/p>\n<p>\u00a0<\/p>\n<p>CONECTOR DA REGUA Furo da regua para acopla este conector 20cmX6,5CM &#8211;<\/p>\n<p>Diamentro do tubo para rosquear neste conector 13cm<\/p>\n<p>\u00a0<\/p>\n<p>Compativel com os modelos\u00a0<\/p>\n<p>DElonghi Pac C100<\/p>\n<p>Delonghi Pac C105<\/p>\n<p>DElonghi Pac We125<\/p>\n<p>Delonghi AG100<\/p>\n<p>\u00a0<\/p>\n<p>Philco PH10000f<\/p>\n<p>Philco PH13000f<\/p>\n<p>Philco PH10000qf<\/p>\n<p>Philco PH13000qf<\/p>\n<p>\u00a0<\/p>\n<p>Electrolux po10F<\/p>\n<p>\u00a0<\/p>\n<p>TCL<\/p>\n<p>\u00a0<\/p>\n<p>\u00a0<\/p>\n<p>\u00a0<\/p>\n<p>\u00a0<\/p>\n<p>\u00a0<\/p>\n","protected":false},"excerpt":{"rendered":"<p>DG129 &#8211; Conector que vai na regua da janela do ar condicionado delonghi\u00a0<\/p>\n<p>\u00a0<\/p>\n<p>CONECTOR DA REGUA Furo da regua para acopla este conector 20cmX6,5CM &#8211;<\/p>\n<p>Diamentro do tubo para rosquear neste conector 13cm<\/p>\n<p>\u00a0<\/p>\n<p>Compativel com os modelos\u00a0<\/p>\n<p>DElonghi Pac C100<\/p>\n<p>Delonghi Pac C105<\/p>\n<p>DElonghi Pac We125<\/p>\n<p>Delonghi AG100<\/p>\n<p>\u00a0<\/p>\n<p>Philco PH10000f<\/p>\n<p>Philco PH13000f<\/p>\n<p>Philco PH10000qf<\/p>\n<p>Philco PH13000qf<\/p>\n<p>\u00a0<\/p>\n<p>Electrolux po10F<\/p>\n<p>\u00a0<\/p>\n<p>TCL<\/p>\n<p>\u00a0<\/p>\n<p>\u00a0<\/p>\n<p>\u00a0<\/p>\n<p>\u00a0<\/p>\n<p>\u00a0<\/p>\n","protected":false},"featured_media":6675,"comment_status":"open","ping_status":"closed","template":"","meta":{"_kadence_starter_templates_imported_post":false,"_kad_post_transparent":"","_kad_post_title":"","_kad_post_layout":"","_kad_post_sidebar_id":"","_kad_post_content_style":"","_kad_post_vertical_padding":"","_kad_post_feature":"","_kad_post_feature_position":"","_kad_post_header":false,"_kad_post_footer":false,"jetpack_publicize_message":"","jetpack_publicize_feature_enabled":true,"jetpack_social_post_already_shared":false,"jetpack_social_options":{"image_generator_settings":{"template":"highway","default_image_id":0,"font":"","enabled":false},"version":2}},"product_brand":[],"product_cat":[270,225,181,183,246],"product_tag":[],"class_list":{"0":"post-6678","1":"product","2":"type-product","3":"status-publish","4":"has-post-thumbnail","6":"product_cat-conector-da-ragua-ar-portatil","7":"product_cat-delonghi","8":"product_cat-electrolux","9":"product_cat-philco","10":"product_cat-tcl","12":"first","13":"outofstock","14":"shipping-taxable","15":"purchasable","16":"product-type-simple","17":"entry","18":"content-bg","19":"loop-entry"},"yoast_head":"<!-- This site is optimized with the Yoast SEO plugin v27.6 - https:\/\/yoast.com\/product\/yoast-seo-wordpress\/ -->\n<title>Conector acoplador da regua ar condicionado portatil Delonghi Pac c105 - Loja - Dual Gree Servi\u00e7os | Pe\u00e7as<\/title>\n<meta name=\"robots\" content=\"index, follow, max-snippet:-1, max-image-preview:large, max-video-preview:-1\" \/>\n<link rel=\"canonical\" href=\"https:\/\/dualgree.com.br\/loja\/produto\/conector-acoplador-da-regua-ar-condicionado-portatil-delonghi-pac-c105\/\" \/>\n<meta property=\"og:locale\" content=\"pt_BR\" \/>\n<meta property=\"og:type\" content=\"article\" \/>\n<meta property=\"og:title\" content=\"Conector acoplador da regua ar condicionado portatil Delonghi Pac c105 - Loja - Dual Gree Servi\u00e7os | Pe\u00e7as\" \/>\n<meta property=\"og:description\" content=\"DG129 - Conector que vai na regua da janela do ar condicionado delonghi\u00a0 \u00a0 CONECTOR DA REGUA Furo da regua para acopla este conector 20cmX6,5CM - Diamentro do tubo para rosquear neste conector 13cm \u00a0 Compativel com os modelos\u00a0 DElonghi Pac C100 Delonghi Pac C105 DElonghi Pac We125 Delonghi AG100 \u00a0 Philco PH10000f Philco PH13000f Philco PH10000qf Philco PH13000qf \u00a0 Electrolux po10F \u00a0 TCL \u00a0 \u00a0 \u00a0 \u00a0 \u00a0\" \/>\n<meta property=\"og:url\" content=\"https:\/\/dualgree.com.br\/loja\/produto\/conector-acoplador-da-regua-ar-condicionado-portatil-delonghi-pac-c105\/\" \/>\n<meta property=\"og:site_name\" content=\"Loja - Dual Gree Servi\u00e7os | Pe\u00e7as\" \/>\n<meta property=\"article:modified_time\" content=\"2026-05-15T16:54:50+00:00\" \/>\n<meta property=\"og:image\" content=\"https:\/\/dualgree.com.br\/loja\/wp-content\/uploads\/2024\/09\/15296226180-dg129-conector-da-regua-f200x65mm-rdn130mm.jpeg\" \/>\n\t<meta property=\"og:image:width\" content=\"1280\" \/>\n\t<meta property=\"og:image:height\" content=\"1280\" \/>\n\t<meta property=\"og:image:type\" content=\"image\/jpeg\" \/>\n<meta name=\"twitter:card\" content=\"summary_large_image\" \/>\n<script type=\"application\/ld+json\" class=\"yoast-schema-graph\">{\"@context\":\"https:\\\/\\\/schema.org\",\"@graph\":[{\"@type\":\"WebPage\",\"@id\":\"https:\\\/\\\/dualgree.com.br\\\/loja\\\/produto\\\/conector-acoplador-da-regua-ar-condicionado-portatil-delonghi-pac-c105\\\/\",\"url\":\"https:\\\/\\\/dualgree.com.br\\\/loja\\\/produto\\\/conector-acoplador-da-regua-ar-condicionado-portatil-delonghi-pac-c105\\\/\",\"name\":\"Conector acoplador da regua ar condicionado portatil Delonghi Pac c105 - Loja - Dual Gree Servi\u00e7os | Pe\u00e7as\",\"isPartOf\":{\"@id\":\"https:\\\/\\\/dualgree.com.br\\\/loja\\\/#website\"},\"primaryImageOfPage\":{\"@id\":\"https:\\\/\\\/dualgree.com.br\\\/loja\\\/produto\\\/conector-acoplador-da-regua-ar-condicionado-portatil-delonghi-pac-c105\\\/#primaryimage\"},\"image\":{\"@id\":\"https:\\\/\\\/dualgree.com.br\\\/loja\\\/produto\\\/conector-acoplador-da-regua-ar-condicionado-portatil-delonghi-pac-c105\\\/#primaryimage\"},\"thumbnailUrl\":\"https:\\\/\\\/dualgree.com.br\\\/loja\\\/wp-content\\\/uploads\\\/2024\\\/09\\\/15296226180-dg129-conector-da-regua-f200x65mm-rdn130mm.jpeg\",\"datePublished\":\"2024-09-16T22:44:14+00:00\",\"dateModified\":\"2026-05-15T16:54:50+00:00\",\"breadcrumb\":{\"@id\":\"https:\\\/\\\/dualgree.com.br\\\/loja\\\/produto\\\/conector-acoplador-da-regua-ar-condicionado-portatil-delonghi-pac-c105\\\/#breadcrumb\"},\"inLanguage\":\"pt-BR\",\"potentialAction\":[{\"@type\":\"ReadAction\",\"target\":[\"https:\\\/\\\/dualgree.com.br\\\/loja\\\/produto\\\/conector-acoplador-da-regua-ar-condicionado-portatil-delonghi-pac-c105\\\/\"]}]},{\"@type\":\"ImageObject\",\"inLanguage\":\"pt-BR\",\"@id\":\"https:\\\/\\\/dualgree.com.br\\\/loja\\\/produto\\\/conector-acoplador-da-regua-ar-condicionado-portatil-delonghi-pac-c105\\\/#primaryimage\",\"url\":\"https:\\\/\\\/dualgree.com.br\\\/loja\\\/wp-content\\\/uploads\\\/2024\\\/09\\\/15296226180-dg129-conector-da-regua-f200x65mm-rdn130mm.jpeg\",\"contentUrl\":\"https:\\\/\\\/dualgree.com.br\\\/loja\\\/wp-content\\\/uploads\\\/2024\\\/09\\\/15296226180-dg129-conector-da-regua-f200x65mm-rdn130mm.jpeg\",\"width\":1280,\"height\":1280},{\"@type\":\"BreadcrumbList\",\"@id\":\"https:\\\/\\\/dualgree.com.br\\\/loja\\\/produto\\\/conector-acoplador-da-regua-ar-condicionado-portatil-delonghi-pac-c105\\\/#breadcrumb\",\"itemListElement\":[{\"@type\":\"ListItem\",\"position\":1,\"name\":\"In\u00edcio\",\"item\":\"https:\\\/\\\/dualgree.com.br\\\/loja\\\/\"},{\"@type\":\"ListItem\",\"position\":2,\"name\":\"Loja &#8211; Cat\u00e1logo de Pe\u00e7as\",\"item\":\"https:\\\/\\\/dualgree.com.br\\\/loja\\\/\"},{\"@type\":\"ListItem\",\"position\":3,\"name\":\"Conector acoplador da regua ar condicionado portatil Delongh...\"}]},{\"@type\":\"WebSite\",\"@id\":\"https:\\\/\\\/dualgree.com.br\\\/loja\\\/#website\",\"url\":\"https:\\\/\\\/dualgree.com.br\\\/loja\\\/\",\"name\":\"Loja - Dual Gree Servi\u00e7os | Partes e Pe\u00e7as\",\"description\":\"Catalogo de Pe\u00e7as para ar condicionado\",\"publisher\":{\"@id\":\"https:\\\/\\\/dualgree.com.br\\\/loja\\\/#organization\"},\"potentialAction\":[{\"@type\":\"SearchAction\",\"target\":{\"@type\":\"EntryPoint\",\"urlTemplate\":\"https:\\\/\\\/dualgree.com.br\\\/loja\\\/?s={search_term_string}\"},\"query-input\":{\"@type\":\"PropertyValueSpecification\",\"valueRequired\":true,\"valueName\":\"search_term_string\"}}],\"inLanguage\":\"pt-BR\"},{\"@type\":\"Organization\",\"@id\":\"https:\\\/\\\/dualgree.com.br\\\/loja\\\/#organization\",\"name\":\"Loja Dual Gree Servi\u00e7o\",\"url\":\"https:\\\/\\\/dualgree.com.br\\\/loja\\\/\",\"logo\":{\"@type\":\"ImageObject\",\"inLanguage\":\"pt-BR\",\"@id\":\"https:\\\/\\\/dualgree.com.br\\\/loja\\\/#\\\/schema\\\/logo\\\/image\\\/\",\"url\":\"https:\\\/\\\/dualgree.com.br\\\/loja\\\/wp-content\\\/uploads\\\/2024\\\/09\\\/teste-logo-ecommerce-dual-1-e1725909304971.png\",\"contentUrl\":\"https:\\\/\\\/dualgree.com.br\\\/loja\\\/wp-content\\\/uploads\\\/2024\\\/09\\\/teste-logo-ecommerce-dual-1-e1725909304971.png\",\"width\":470,\"height\":157,\"caption\":\"Loja Dual Gree Servi\u00e7o\"},\"image\":{\"@id\":\"https:\\\/\\\/dualgree.com.br\\\/loja\\\/#\\\/schema\\\/logo\\\/image\\\/\"}}]}<\/script>\n<!-- \/ Yoast SEO plugin. -->","yoast_head_json":{"title":"Conector acoplador da regua ar condicionado portatil Delonghi Pac c105 - Loja - Dual Gree Servi\u00e7os | Pe\u00e7as","robots":{"index":"index","follow":"follow","max-snippet":"max-snippet:-1","max-image-preview":"max-image-preview:large","max-video-preview":"max-video-preview:-1"},"canonical":"https:\/\/dualgree.com.br\/loja\/produto\/conector-acoplador-da-regua-ar-condicionado-portatil-delonghi-pac-c105\/","og_locale":"pt_BR","og_type":"article","og_title":"Conector acoplador da regua ar condicionado portatil Delonghi Pac c105 - Loja - Dual Gree Servi\u00e7os | Pe\u00e7as","og_description":"DG129 - Conector que vai na regua da janela do ar condicionado delonghi\u00a0 \u00a0 CONECTOR DA REGUA Furo da regua para acopla este conector 20cmX6,5CM - Diamentro do tubo para rosquear neste conector 13cm \u00a0 Compativel com os modelos\u00a0 DElonghi Pac C100 Delonghi Pac C105 DElonghi Pac We125 Delonghi AG100 \u00a0 Philco PH10000f Philco PH13000f Philco PH10000qf Philco PH13000qf \u00a0 Electrolux po10F \u00a0 TCL \u00a0 \u00a0 \u00a0 \u00a0 \u00a0","og_url":"https:\/\/dualgree.com.br\/loja\/produto\/conector-acoplador-da-regua-ar-condicionado-portatil-delonghi-pac-c105\/","og_site_name":"Loja - Dual Gree Servi\u00e7os | Pe\u00e7as","article_modified_time":"2026-05-15T16:54:50+00:00","og_image":[{"width":1280,"height":1280,"url":"https:\/\/dualgree.com.br\/loja\/wp-content\/uploads\/2024\/09\/15296226180-dg129-conector-da-regua-f200x65mm-rdn130mm.jpeg","type":"image\/jpeg"}],"twitter_card":"summary_large_image","schema":{"@context":"https:\/\/schema.org","@graph":[{"@type":"WebPage","@id":"https:\/\/dualgree.com.br\/loja\/produto\/conector-acoplador-da-regua-ar-condicionado-portatil-delonghi-pac-c105\/","url":"https:\/\/dualgree.com.br\/loja\/produto\/conector-acoplador-da-regua-ar-condicionado-portatil-delonghi-pac-c105\/","name":"Conector acoplador da regua ar condicionado portatil Delonghi Pac c105 - Loja - Dual Gree Servi\u00e7os | Pe\u00e7as","isPartOf":{"@id":"https:\/\/dualgree.com.br\/loja\/#website"},"primaryImageOfPage":{"@id":"https:\/\/dualgree.com.br\/loja\/produto\/conector-acoplador-da-regua-ar-condicionado-portatil-delonghi-pac-c105\/#primaryimage"},"image":{"@id":"https:\/\/dualgree.com.br\/loja\/produto\/conector-acoplador-da-regua-ar-condicionado-portatil-delonghi-pac-c105\/#primaryimage"},"thumbnailUrl":"https:\/\/dualgree.com.br\/loja\/wp-content\/uploads\/2024\/09\/15296226180-dg129-conector-da-regua-f200x65mm-rdn130mm.jpeg","datePublished":"2024-09-16T22:44:14+00:00","dateModified":"2026-05-15T16:54:50+00:00","breadcrumb":{"@id":"https:\/\/dualgree.com.br\/loja\/produto\/conector-acoplador-da-regua-ar-condicionado-portatil-delonghi-pac-c105\/#breadcrumb"},"inLanguage":"pt-BR","potentialAction":[{"@type":"ReadAction","target":["https:\/\/dualgree.com.br\/loja\/produto\/conector-acoplador-da-regua-ar-condicionado-portatil-delonghi-pac-c105\/"]}]},{"@type":"ImageObject","inLanguage":"pt-BR","@id":"https:\/\/dualgree.com.br\/loja\/produto\/conector-acoplador-da-regua-ar-condicionado-portatil-delonghi-pac-c105\/#primaryimage","url":"https:\/\/dualgree.com.br\/loja\/wp-content\/uploads\/2024\/09\/15296226180-dg129-conector-da-regua-f200x65mm-rdn130mm.jpeg","contentUrl":"https:\/\/dualgree.com.br\/loja\/wp-content\/uploads\/2024\/09\/15296226180-dg129-conector-da-regua-f200x65mm-rdn130mm.jpeg","width":1280,"height":1280},{"@type":"BreadcrumbList","@id":"https:\/\/dualgree.com.br\/loja\/produto\/conector-acoplador-da-regua-ar-condicionado-portatil-delonghi-pac-c105\/#breadcrumb","itemListElement":[{"@type":"ListItem","position":1,"name":"In\u00edcio","item":"https:\/\/dualgree.com.br\/loja\/"},{"@type":"ListItem","position":2,"name":"Loja &#8211; Cat\u00e1logo de Pe\u00e7as","item":"https:\/\/dualgree.com.br\/loja\/"},{"@type":"ListItem","position":3,"name":"Conector acoplador da regua ar condicionado portatil Delongh..."}]},{"@type":"WebSite","@id":"https:\/\/dualgree.com.br\/loja\/#website","url":"https:\/\/dualgree.com.br\/loja\/","name":"Loja - Dual Gree Servi\u00e7os | Partes e Pe\u00e7as","description":"Catalogo de Pe\u00e7as para ar condicionado","publisher":{"@id":"https:\/\/dualgree.com.br\/loja\/#organization"},"potentialAction":[{"@type":"SearchAction","target":{"@type":"EntryPoint","urlTemplate":"https:\/\/dualgree.com.br\/loja\/?s={search_term_string}"},"query-input":{"@type":"PropertyValueSpecification","valueRequired":true,"valueName":"search_term_string"}}],"inLanguage":"pt-BR"},{"@type":"Organization","@id":"https:\/\/dualgree.com.br\/loja\/#organization","name":"Loja Dual Gree Servi\u00e7o","url":"https:\/\/dualgree.com.br\/loja\/","logo":{"@type":"ImageObject","inLanguage":"pt-BR","@id":"https:\/\/dualgree.com.br\/loja\/#\/schema\/logo\/image\/","url":"https:\/\/dualgree.com.br\/loja\/wp-content\/uploads\/2024\/09\/teste-logo-ecommerce-dual-1-e1725909304971.png","contentUrl":"https:\/\/dualgree.com.br\/loja\/wp-content\/uploads\/2024\/09\/teste-logo-ecommerce-dual-1-e1725909304971.png","width":470,"height":157,"caption":"Loja Dual Gree Servi\u00e7o"},"image":{"@id":"https:\/\/dualgree.com.br\/loja\/#\/schema\/logo\/image\/"}}]}},"jetpack_publicize_connections":[],"jetpack_sharing_enabled":true,"jetpack_likes_enabled":true,"_links":{"self":[{"href":"https:\/\/dualgree.com.br\/loja\/wp-json\/wp\/v2\/product\/6678","targetHints":{"allow":["GET"]}}],"collection":[{"href":"https:\/\/dualgree.com.br\/loja\/wp-json\/wp\/v2\/product"}],"about":[{"href":"https:\/\/dualgree.com.br\/loja\/wp-json\/wp\/v2\/types\/product"}],"replies":[{"embeddable":true,"href":"https:\/\/dualgree.com.br\/loja\/wp-json\/wp\/v2\/comments?post=6678"}],"wp:featuredmedia":[{"embeddable":true,"href":"https:\/\/dualgree.com.br\/loja\/wp-json\/wp\/v2\/media\/6675"}],"wp:attachment":[{"href":"https:\/\/dualgree.com.br\/loja\/wp-json\/wp\/v2\/media?parent=6678"}],"wp:term":[{"taxonomy":"product_brand","embeddable":true,"href":"https:\/\/dualgree.com.br\/loja\/wp-json\/wp\/v2\/product_brand?post=6678"},{"taxonomy":"product_cat","embeddable":true,"href":"https:\/\/dualgree.com.br\/loja\/wp-json\/wp\/v2\/product_cat?post=6678"},{"taxonomy":"product_tag","embeddable":true,"href":"https:\/\/dualgree.com.br\/loja\/wp-json\/wp\/v2\/product_tag?post=6678"}],"curies":[{"name":"wp","href":"https:\/\/api.w.org\/{rel}","templated":true}]}}