{"id":6758,"date":"2024-09-20T13:11:23","date_gmt":"2024-09-20T13:11:23","guid":{"rendered":"https:\/\/dualgree.com.br\/loja\/produto\/motor-da-evaporadora-motor-ydk50-4b-ydk50-4e-9\/"},"modified":"2025-11-26T16:55:25","modified_gmt":"2025-11-26T16:55:25","slug":"motor-da-evaporadora-motor-ydk50-4b-ydk50-4e-9","status":"publish","type":"product","link":"https:\/\/dualgree.com.br\/loja\/produto\/motor-da-evaporadora-motor-ydk50-4b-ydk50-4e-9\/","title":{"rendered":"Motor da Evaporadora motor Ydk50-4b &#8211; Ydk50-4e-9"},"content":{"rendered":"","protected":false},"excerpt":{"rendered":"<p><span><span> <\/span>ic4219 &#8211; Motor da Evaporadora motor Ydk50-4b\/Ydk50-4e-9<\/span><\/p>\n<p>\u00a0<\/p>\n<p><span>Recondicionado: testado e funcionando perfeitamente<\/span><\/p>\n<p>\u00a0<\/p>\n<p>Compativel com<\/p>\n<p>Motor YDK50-4B ( YDK50-4E-9) Evaporadora 30.000 Btu&#8217;s AC 82W 220-230V 60Hz Mod. 42LVQC30C5 \/ 42LUCA030515LC \/ 42LUQA030515LC \/<\/p>\n<p>Modelo:2024004A0258 Motor Ventilador Evaporadora Midea Carrier<\/p>\n<p>Modelo Ar Condicionado: 42LUCC30C5<\/p>\n<p>Modelo Ar Condicionado: 42LUCD30C5<\/p>\n<p>Modelo Ar Condicionado: 42LUQC30C5<\/p>\n<p>Modelo Ar Condicionado: 42MLCB30M5<\/p>\n<p>Modelo Ar Condicionado: 42MLCC30M5<\/p>\n<p>Modelo Ar Condicionado: 42MLCD30M5<\/p>\n<p>Modelo Ar Condicionado: 42MLQB30M5<\/p>\n<p>Modelo Ar Condicionado: 42MLQC30M5<\/p>\n<p>\u00a0<\/p>\n<p>Motor Evaporadora Ydk50-4b\/Ydk50-4e-9 Electrolux 00410650<\/p>\n<p>MODELOS COMPATIVEIS: SI24R SI30F SI30R PI30F PI30R<\/p>\n<p>\u00a0<\/p>\n<p>REF: 41082029 00410650 A08944601<\/p>\n<p>REF: YDK50-4B\/YDK50-4E-9<\/p>\n","protected":false},"featured_media":6755,"comment_status":"open","ping_status":"closed","template":"","meta":{"_kadence_starter_templates_imported_post":false,"_kad_post_transparent":"","_kad_post_title":"","_kad_post_layout":"","_kad_post_sidebar_id":"","_kad_post_content_style":"","_kad_post_vertical_padding":"","_kad_post_feature":"","_kad_post_feature_position":"","_kad_post_header":false,"_kad_post_footer":false,"jetpack_publicize_message":"","jetpack_publicize_feature_enabled":true,"jetpack_social_post_already_shared":false,"jetpack_social_options":{"image_generator_settings":{"template":"highway","default_image_id":0,"font":"","enabled":false},"version":2}},"product_brand":[],"product_cat":[177,181,176,179,184],"product_tag":[],"class_list":{"0":"post-6758","1":"product","2":"type-product","3":"status-publish","4":"has-post-thumbnail","6":"product_cat-carrier","7":"product_cat-electrolux","8":"product_cat-midea","9":"product_cat-springer","10":"product_cat-york","12":"first","13":"outofstock","14":"shipping-taxable","15":"purchasable","16":"product-type-simple","17":"entry","18":"content-bg","19":"loop-entry"},"yoast_head":"<!-- This site is optimized with the Yoast SEO plugin v27.3 - https:\/\/yoast.com\/product\/yoast-seo-wordpress\/ -->\n<title>Motor da Evaporadora motor Ydk50-4b - Ydk50-4e-9 - Loja - Dual Gree Servi\u00e7os | Pe\u00e7as<\/title>\n<meta name=\"robots\" content=\"index, follow, max-snippet:-1, max-image-preview:large, max-video-preview:-1\" \/>\n<link rel=\"canonical\" href=\"https:\/\/dualgree.com.br\/loja\/produto\/motor-da-evaporadora-motor-ydk50-4b-ydk50-4e-9\/\" \/>\n<meta property=\"og:locale\" content=\"pt_BR\" \/>\n<meta property=\"og:type\" content=\"article\" \/>\n<meta property=\"og:title\" content=\"Motor da Evaporadora motor Ydk50-4b - Ydk50-4e-9 - Loja - Dual Gree Servi\u00e7os | Pe\u00e7as\" \/>\n<meta property=\"og:description\" content=\"ic4219 - Motor da Evaporadora motor Ydk50-4b\/Ydk50-4e-9 \u00a0 Recondicionado: testado e funcionando perfeitamente \u00a0 Compativel com Motor YDK50-4B ( YDK50-4E-9) Evaporadora 30.000 Btu&#039;s AC 82W 220-230V 60Hz Mod. 42LVQC30C5 \/ 42LUCA030515LC \/ 42LUQA030515LC \/ Modelo:2024004A0258 Motor Ventilador Evaporadora Midea Carrier Modelo Ar Condicionado: 42LUCC30C5 Modelo Ar Condicionado: 42LUCD30C5 Modelo Ar Condicionado: 42LUQC30C5 Modelo Ar Condicionado: 42MLCB30M5 Modelo Ar Condicionado: 42MLCC30M5 Modelo Ar Condicionado: 42MLCD30M5 Modelo Ar Condicionado: 42MLQB30M5 Modelo Ar Condicionado: 42MLQC30M5 \u00a0 Motor Evaporadora Ydk50-4b\/Ydk50-4e-9 Electrolux 00410650 MODELOS COMPATIVEIS: SI24R SI30F SI30R PI30F PI30R \u00a0 REF: 41082029 00410650 A08944601 REF: YDK50-4B\/YDK50-4E-9\" \/>\n<meta property=\"og:url\" content=\"https:\/\/dualgree.com.br\/loja\/produto\/motor-da-evaporadora-motor-ydk50-4b-ydk50-4e-9\/\" \/>\n<meta property=\"og:site_name\" content=\"Loja - Dual Gree Servi\u00e7os | Pe\u00e7as\" \/>\n<meta property=\"article:modified_time\" content=\"2025-11-26T16:55:25+00:00\" \/>\n<meta name=\"twitter:card\" content=\"summary_large_image\" \/>\n<script type=\"application\/ld+json\" class=\"yoast-schema-graph\">{\"@context\":\"https:\\\/\\\/schema.org\",\"@graph\":[{\"@type\":\"WebPage\",\"@id\":\"https:\\\/\\\/dualgree.com.br\\\/loja\\\/produto\\\/motor-da-evaporadora-motor-ydk50-4b-ydk50-4e-9\\\/\",\"url\":\"https:\\\/\\\/dualgree.com.br\\\/loja\\\/produto\\\/motor-da-evaporadora-motor-ydk50-4b-ydk50-4e-9\\\/\",\"name\":\"Motor da Evaporadora motor Ydk50-4b - Ydk50-4e-9 - Loja - Dual Gree Servi\u00e7os | Pe\u00e7as\",\"isPartOf\":{\"@id\":\"https:\\\/\\\/dualgree.com.br\\\/loja\\\/#website\"},\"primaryImageOfPage\":{\"@id\":\"https:\\\/\\\/dualgree.com.br\\\/loja\\\/produto\\\/motor-da-evaporadora-motor-ydk50-4b-ydk50-4e-9\\\/#primaryimage\"},\"image\":{\"@id\":\"https:\\\/\\\/dualgree.com.br\\\/loja\\\/produto\\\/motor-da-evaporadora-motor-ydk50-4b-ydk50-4e-9\\\/#primaryimage\"},\"thumbnailUrl\":\"https:\\\/\\\/dualgree.com.br\\\/loja\\\/wp-content\\\/uploads\\\/2024\\\/09\\\/15301502644-4219-motor-da-evaporadora-motor-ydk50-4bydk50-4e-9-3.jpeg\",\"datePublished\":\"2024-09-20T13:11:23+00:00\",\"dateModified\":\"2025-11-26T16:55:25+00:00\",\"breadcrumb\":{\"@id\":\"https:\\\/\\\/dualgree.com.br\\\/loja\\\/produto\\\/motor-da-evaporadora-motor-ydk50-4b-ydk50-4e-9\\\/#breadcrumb\"},\"inLanguage\":\"pt-BR\",\"potentialAction\":[{\"@type\":\"ReadAction\",\"target\":[\"https:\\\/\\\/dualgree.com.br\\\/loja\\\/produto\\\/motor-da-evaporadora-motor-ydk50-4b-ydk50-4e-9\\\/\"]}]},{\"@type\":\"ImageObject\",\"inLanguage\":\"pt-BR\",\"@id\":\"https:\\\/\\\/dualgree.com.br\\\/loja\\\/produto\\\/motor-da-evaporadora-motor-ydk50-4b-ydk50-4e-9\\\/#primaryimage\",\"url\":\"https:\\\/\\\/dualgree.com.br\\\/loja\\\/wp-content\\\/uploads\\\/2024\\\/09\\\/15301502644-4219-motor-da-evaporadora-motor-ydk50-4bydk50-4e-9-3.jpeg\",\"contentUrl\":\"https:\\\/\\\/dualgree.com.br\\\/loja\\\/wp-content\\\/uploads\\\/2024\\\/09\\\/15301502644-4219-motor-da-evaporadora-motor-ydk50-4bydk50-4e-9-3.jpeg\",\"width\":1280,\"height\":1280},{\"@type\":\"BreadcrumbList\",\"@id\":\"https:\\\/\\\/dualgree.com.br\\\/loja\\\/produto\\\/motor-da-evaporadora-motor-ydk50-4b-ydk50-4e-9\\\/#breadcrumb\",\"itemListElement\":[{\"@type\":\"ListItem\",\"position\":1,\"name\":\"In\u00edcio\",\"item\":\"https:\\\/\\\/dualgree.com.br\\\/loja\\\/\"},{\"@type\":\"ListItem\",\"position\":2,\"name\":\"Loja &#8211; Cat\u00e1logo de Pe\u00e7as\",\"item\":\"https:\\\/\\\/dualgree.com.br\\\/loja\\\/\"},{\"@type\":\"ListItem\",\"position\":3,\"name\":\"Motor da Evaporadora motor Ydk50-4b &#8211; Ydk50-4e-9\"}]},{\"@type\":\"WebSite\",\"@id\":\"https:\\\/\\\/dualgree.com.br\\\/loja\\\/#website\",\"url\":\"https:\\\/\\\/dualgree.com.br\\\/loja\\\/\",\"name\":\"Loja - Dual Gree Servi\u00e7os | Partes e Pe\u00e7as\",\"description\":\"Catalogo de Pe\u00e7as para ar condicionado\",\"publisher\":{\"@id\":\"https:\\\/\\\/dualgree.com.br\\\/loja\\\/#organization\"},\"potentialAction\":[{\"@type\":\"SearchAction\",\"target\":{\"@type\":\"EntryPoint\",\"urlTemplate\":\"https:\\\/\\\/dualgree.com.br\\\/loja\\\/?s={search_term_string}\"},\"query-input\":{\"@type\":\"PropertyValueSpecification\",\"valueRequired\":true,\"valueName\":\"search_term_string\"}}],\"inLanguage\":\"pt-BR\"},{\"@type\":\"Organization\",\"@id\":\"https:\\\/\\\/dualgree.com.br\\\/loja\\\/#organization\",\"name\":\"Loja Dual Gree Servi\u00e7o\",\"url\":\"https:\\\/\\\/dualgree.com.br\\\/loja\\\/\",\"logo\":{\"@type\":\"ImageObject\",\"inLanguage\":\"pt-BR\",\"@id\":\"https:\\\/\\\/dualgree.com.br\\\/loja\\\/#\\\/schema\\\/logo\\\/image\\\/\",\"url\":\"https:\\\/\\\/dualgree.com.br\\\/loja\\\/wp-content\\\/uploads\\\/2024\\\/09\\\/teste-logo-ecommerce-dual-1-e1725909304971.png\",\"contentUrl\":\"https:\\\/\\\/dualgree.com.br\\\/loja\\\/wp-content\\\/uploads\\\/2024\\\/09\\\/teste-logo-ecommerce-dual-1-e1725909304971.png\",\"width\":470,\"height\":157,\"caption\":\"Loja Dual Gree Servi\u00e7o\"},\"image\":{\"@id\":\"https:\\\/\\\/dualgree.com.br\\\/loja\\\/#\\\/schema\\\/logo\\\/image\\\/\"}}]}<\/script>\n<!-- \/ Yoast SEO plugin. -->","yoast_head_json":{"title":"Motor da Evaporadora motor Ydk50-4b - Ydk50-4e-9 - Loja - Dual Gree Servi\u00e7os | Pe\u00e7as","robots":{"index":"index","follow":"follow","max-snippet":"max-snippet:-1","max-image-preview":"max-image-preview:large","max-video-preview":"max-video-preview:-1"},"canonical":"https:\/\/dualgree.com.br\/loja\/produto\/motor-da-evaporadora-motor-ydk50-4b-ydk50-4e-9\/","og_locale":"pt_BR","og_type":"article","og_title":"Motor da Evaporadora motor Ydk50-4b - Ydk50-4e-9 - Loja - Dual Gree Servi\u00e7os | Pe\u00e7as","og_description":"ic4219 - Motor da Evaporadora motor Ydk50-4b\/Ydk50-4e-9 \u00a0 Recondicionado: testado e funcionando perfeitamente \u00a0 Compativel com Motor YDK50-4B ( YDK50-4E-9) Evaporadora 30.000 Btu's AC 82W 220-230V 60Hz Mod. 42LVQC30C5 \/ 42LUCA030515LC \/ 42LUQA030515LC \/ Modelo:2024004A0258 Motor Ventilador Evaporadora Midea Carrier Modelo Ar Condicionado: 42LUCC30C5 Modelo Ar Condicionado: 42LUCD30C5 Modelo Ar Condicionado: 42LUQC30C5 Modelo Ar Condicionado: 42MLCB30M5 Modelo Ar Condicionado: 42MLCC30M5 Modelo Ar Condicionado: 42MLCD30M5 Modelo Ar Condicionado: 42MLQB30M5 Modelo Ar Condicionado: 42MLQC30M5 \u00a0 Motor Evaporadora Ydk50-4b\/Ydk50-4e-9 Electrolux 00410650 MODELOS COMPATIVEIS: SI24R SI30F SI30R PI30F PI30R \u00a0 REF: 41082029 00410650 A08944601 REF: YDK50-4B\/YDK50-4E-9","og_url":"https:\/\/dualgree.com.br\/loja\/produto\/motor-da-evaporadora-motor-ydk50-4b-ydk50-4e-9\/","og_site_name":"Loja - Dual Gree Servi\u00e7os | Pe\u00e7as","article_modified_time":"2025-11-26T16:55:25+00:00","twitter_card":"summary_large_image","schema":{"@context":"https:\/\/schema.org","@graph":[{"@type":"WebPage","@id":"https:\/\/dualgree.com.br\/loja\/produto\/motor-da-evaporadora-motor-ydk50-4b-ydk50-4e-9\/","url":"https:\/\/dualgree.com.br\/loja\/produto\/motor-da-evaporadora-motor-ydk50-4b-ydk50-4e-9\/","name":"Motor da Evaporadora motor Ydk50-4b - Ydk50-4e-9 - Loja - Dual Gree Servi\u00e7os | Pe\u00e7as","isPartOf":{"@id":"https:\/\/dualgree.com.br\/loja\/#website"},"primaryImageOfPage":{"@id":"https:\/\/dualgree.com.br\/loja\/produto\/motor-da-evaporadora-motor-ydk50-4b-ydk50-4e-9\/#primaryimage"},"image":{"@id":"https:\/\/dualgree.com.br\/loja\/produto\/motor-da-evaporadora-motor-ydk50-4b-ydk50-4e-9\/#primaryimage"},"thumbnailUrl":"https:\/\/dualgree.com.br\/loja\/wp-content\/uploads\/2024\/09\/15301502644-4219-motor-da-evaporadora-motor-ydk50-4bydk50-4e-9-3.jpeg","datePublished":"2024-09-20T13:11:23+00:00","dateModified":"2025-11-26T16:55:25+00:00","breadcrumb":{"@id":"https:\/\/dualgree.com.br\/loja\/produto\/motor-da-evaporadora-motor-ydk50-4b-ydk50-4e-9\/#breadcrumb"},"inLanguage":"pt-BR","potentialAction":[{"@type":"ReadAction","target":["https:\/\/dualgree.com.br\/loja\/produto\/motor-da-evaporadora-motor-ydk50-4b-ydk50-4e-9\/"]}]},{"@type":"ImageObject","inLanguage":"pt-BR","@id":"https:\/\/dualgree.com.br\/loja\/produto\/motor-da-evaporadora-motor-ydk50-4b-ydk50-4e-9\/#primaryimage","url":"https:\/\/dualgree.com.br\/loja\/wp-content\/uploads\/2024\/09\/15301502644-4219-motor-da-evaporadora-motor-ydk50-4bydk50-4e-9-3.jpeg","contentUrl":"https:\/\/dualgree.com.br\/loja\/wp-content\/uploads\/2024\/09\/15301502644-4219-motor-da-evaporadora-motor-ydk50-4bydk50-4e-9-3.jpeg","width":1280,"height":1280},{"@type":"BreadcrumbList","@id":"https:\/\/dualgree.com.br\/loja\/produto\/motor-da-evaporadora-motor-ydk50-4b-ydk50-4e-9\/#breadcrumb","itemListElement":[{"@type":"ListItem","position":1,"name":"In\u00edcio","item":"https:\/\/dualgree.com.br\/loja\/"},{"@type":"ListItem","position":2,"name":"Loja &#8211; Cat\u00e1logo de Pe\u00e7as","item":"https:\/\/dualgree.com.br\/loja\/"},{"@type":"ListItem","position":3,"name":"Motor da Evaporadora motor Ydk50-4b &#8211; Ydk50-4e-9"}]},{"@type":"WebSite","@id":"https:\/\/dualgree.com.br\/loja\/#website","url":"https:\/\/dualgree.com.br\/loja\/","name":"Loja - Dual Gree Servi\u00e7os | Partes e Pe\u00e7as","description":"Catalogo de Pe\u00e7as para ar condicionado","publisher":{"@id":"https:\/\/dualgree.com.br\/loja\/#organization"},"potentialAction":[{"@type":"SearchAction","target":{"@type":"EntryPoint","urlTemplate":"https:\/\/dualgree.com.br\/loja\/?s={search_term_string}"},"query-input":{"@type":"PropertyValueSpecification","valueRequired":true,"valueName":"search_term_string"}}],"inLanguage":"pt-BR"},{"@type":"Organization","@id":"https:\/\/dualgree.com.br\/loja\/#organization","name":"Loja Dual Gree Servi\u00e7o","url":"https:\/\/dualgree.com.br\/loja\/","logo":{"@type":"ImageObject","inLanguage":"pt-BR","@id":"https:\/\/dualgree.com.br\/loja\/#\/schema\/logo\/image\/","url":"https:\/\/dualgree.com.br\/loja\/wp-content\/uploads\/2024\/09\/teste-logo-ecommerce-dual-1-e1725909304971.png","contentUrl":"https:\/\/dualgree.com.br\/loja\/wp-content\/uploads\/2024\/09\/teste-logo-ecommerce-dual-1-e1725909304971.png","width":470,"height":157,"caption":"Loja Dual Gree Servi\u00e7o"},"image":{"@id":"https:\/\/dualgree.com.br\/loja\/#\/schema\/logo\/image\/"}}]}},"jetpack_publicize_connections":[],"jetpack_sharing_enabled":true,"jetpack_likes_enabled":true,"_links":{"self":[{"href":"https:\/\/dualgree.com.br\/loja\/wp-json\/wp\/v2\/product\/6758","targetHints":{"allow":["GET"]}}],"collection":[{"href":"https:\/\/dualgree.com.br\/loja\/wp-json\/wp\/v2\/product"}],"about":[{"href":"https:\/\/dualgree.com.br\/loja\/wp-json\/wp\/v2\/types\/product"}],"replies":[{"embeddable":true,"href":"https:\/\/dualgree.com.br\/loja\/wp-json\/wp\/v2\/comments?post=6758"}],"wp:featuredmedia":[{"embeddable":true,"href":"https:\/\/dualgree.com.br\/loja\/wp-json\/wp\/v2\/media\/6755"}],"wp:attachment":[{"href":"https:\/\/dualgree.com.br\/loja\/wp-json\/wp\/v2\/media?parent=6758"}],"wp:term":[{"taxonomy":"product_brand","embeddable":true,"href":"https:\/\/dualgree.com.br\/loja\/wp-json\/wp\/v2\/product_brand?post=6758"},{"taxonomy":"product_cat","embeddable":true,"href":"https:\/\/dualgree.com.br\/loja\/wp-json\/wp\/v2\/product_cat?post=6758"},{"taxonomy":"product_tag","embeddable":true,"href":"https:\/\/dualgree.com.br\/loja\/wp-json\/wp\/v2\/product_tag?post=6758"}],"curies":[{"name":"wp","href":"https:\/\/api.w.org\/{rel}","templated":true}]}}