{"id":6860,"date":"2024-09-24T11:57:30","date_gmt":"2024-09-24T11:57:30","guid":{"rendered":"https:\/\/dualgree.com.br\/loja\/produto\/mancal-bucha-turbina-do-evaporador-fujitsu-inverter-asba07lbcm\/"},"modified":"2025-06-17T13:41:05","modified_gmt":"2025-06-17T13:41:05","slug":"mancal-bucha-turbina-do-evaporador-fujitsu-inverter-asba07lbcm","status":"publish","type":"product","link":"https:\/\/dualgree.com.br\/loja\/produto\/mancal-bucha-turbina-do-evaporador-fujitsu-inverter-asba07lbcm\/","title":{"rendered":"Borracha Mancal Da Turbina Evaporadora Ar Condicionado Compa..."},"content":{"rendered":"<p>IC032-Borracha Mancal Da Turbina Evaporadora Ar Condicionado Compativel Com Fujitsu Inverter<\/p>\n<p>Novo<\/p>\n<p>\u00a0<\/p>\n<p>\u00a0<\/p>\n<p>Modelos compativel<\/p>\n<p>ASBA07LBCM<\/p>\n<p>ASBA09LACM<\/p>\n<p>ASBA09JGC<\/p>\n<p>ASBA09LBCM<\/p>\n<p>ASBA09LGC<\/p>\n<p>ASBA12JGC<\/p>\n<p>ASBA12LBCM<\/p>\n<p>ASBG09JMCA<\/p>\n<p>ASBG09LMCA<\/p>\n<p>ASBG12JMCA<\/p>\n<p>ASBG12LMCA<\/p>\n<p>ASBA18JCC<\/p>\n<p>ASBA18LEC<\/p>\n<p>ASBA24JCC<\/p>\n<p>ASBA24JFC<\/p>\n<p>ASBA24JMCA<\/p>\n<p>ASBA24LFC<\/p>\n<p>ASBA30JCC<\/p>\n<p>ASBA30JFC<\/p>\n<p>ASBA30LCC<\/p>\n<p>ASBA30LFC<\/p>\n<p>ASBG18LFCA<\/p>\n<p>ASBG24JFBC<\/p>\n<p>ASBG24LFCA<\/p>\n<p>ASBG30JFBB<\/p>\n<p>ASBG30LFBB<\/p>\n","protected":false},"excerpt":{"rendered":"<p>IC032<\/p>\n<p>\u00a0<\/p>\n<p>Mancal de borracha da turbina do ar condicionado Fujitsu inverter<\/p>\n<p>Serve em todos os splits<\/p>\n<p>\u00a0<\/p>\n<p>MODELOS<\/p>\n<p>\u00a0<\/p>\n<p>ASBA07LBCM<\/p>\n<p>\u00a0<\/p>\n<p>ASBA09JGC<\/p>\n<p>\u00a0<\/p>\n<p>ASBA09LBCM<\/p>\n<p>\u00a0<\/p>\n<p>ASBA09LGC<\/p>\n<p>\u00a0<\/p>\n<p>ASBA12JGC<\/p>\n<p>\u00a0<\/p>\n<p>ASBA12LBCM<\/p>\n<p>\u00a0<\/p>\n<p>ASBG09JMCA<\/p>\n<p>\u00a0<\/p>\n<p>ASBG09LMCA<\/p>\n<p>\u00a0<\/p>\n<p>ASBG12JMCA<\/p>\n<p>\u00a0<\/p>\n<p>ASBG12LMCA<\/p>\n<p>\u00a0<\/p>\n<p>ASBA18JCC<\/p>\n<p>\u00a0<\/p>\n<p>ASBA18LEC<\/p>\n<p>\u00a0<\/p>\n<p>ASBA24JCC<\/p>\n<p>\u00a0<\/p>\n<p>ASBA24JFC<\/p>\n<p>\u00a0<\/p>\n<p>ASBA24JMCA<\/p>\n<p>\u00a0<\/p>\n<p>ASBA24LFC<\/p>\n<p>\u00a0<\/p>\n<p>ASBA30JCC<\/p>\n<p>\u00a0<\/p>\n<p>ASBA30JFC<\/p>\n<p>\u00a0<\/p>\n<p>ASBA30LCC<\/p>\n<p>\u00a0<\/p>\n<p>ASBA30LFC<\/p>\n<p>\u00a0<\/p>\n<p>ASBG18LFCA<\/p>\n<p>\u00a0<\/p>\n<p>ASBG24JFBC<\/p>\n<p>\u00a0<\/p>\n<p>ASBG24LFCA<\/p>\n<p>\u00a0<\/p>\n<p>ASBG30JFBB<\/p>\n<p>\u00a0<\/p>\n<p>ASBG30LFBB<\/p>\n","protected":false},"featured_media":8781,"comment_status":"open","ping_status":"closed","template":"","meta":{"_kadence_starter_templates_imported_post":false,"_kad_post_transparent":"","_kad_post_title":"","_kad_post_layout":"","_kad_post_sidebar_id":"","_kad_post_content_style":"","_kad_post_vertical_padding":"","_kad_post_feature":"","_kad_post_feature_position":"","_kad_post_header":false,"_kad_post_footer":false,"jetpack_publicize_message":"","jetpack_publicize_feature_enabled":true,"jetpack_social_post_already_shared":false,"jetpack_social_options":{"image_generator_settings":{"template":"highway","default_image_id":0,"font":"","enabled":false},"version":2}},"product_brand":[],"product_cat":[221,187],"product_tag":[],"class_list":{"0":"post-6860","1":"product","2":"type-product","3":"status-publish","4":"has-post-thumbnail","6":"product_cat-borracha-mancal-turbina","7":"product_cat-fujitsu","9":"first","10":"instock","11":"shipping-taxable","12":"purchasable","13":"product-type-simple","14":"entry","15":"content-bg","16":"loop-entry"},"yoast_head":"<!-- This site is optimized with the Yoast SEO plugin v27.5 - https:\/\/yoast.com\/product\/yoast-seo-wordpress\/ -->\n<title>Borracha Mancal Da Turbina Evaporadora Ar Condicionado Compativel Com Fujitsu Inverter ASBA07LBCM - Loja - Dual Gree Servi\u00e7os | Pe\u00e7as<\/title>\n<meta name=\"robots\" content=\"index, follow, max-snippet:-1, max-image-preview:large, max-video-preview:-1\" \/>\n<link rel=\"canonical\" href=\"https:\/\/dualgree.com.br\/loja\/produto\/mancal-bucha-turbina-do-evaporador-fujitsu-inverter-asba07lbcm\/\" \/>\n<meta property=\"og:locale\" content=\"pt_BR\" \/>\n<meta property=\"og:type\" content=\"article\" \/>\n<meta property=\"og:title\" content=\"Borracha Mancal Da Turbina Evaporadora Ar Condicionado Compativel Com Fujitsu Inverter ASBA07LBCM - Loja - Dual Gree Servi\u00e7os | Pe\u00e7as\" \/>\n<meta property=\"og:description\" content=\"IC032 \u00a0 Mancal de borracha da turbina do ar condicionado Fujitsu inverter Serve em todos os splits \u00a0 MODELOS \u00a0 ASBA07LBCM \u00a0 ASBA09JGC \u00a0 ASBA09LBCM \u00a0 ASBA09LGC \u00a0 ASBA12JGC \u00a0 ASBA12LBCM \u00a0 ASBG09JMCA \u00a0 ASBG09LMCA \u00a0 ASBG12JMCA \u00a0 ASBG12LMCA \u00a0 ASBA18JCC \u00a0 ASBA18LEC \u00a0 ASBA24JCC \u00a0 ASBA24JFC \u00a0 ASBA24JMCA \u00a0 ASBA24LFC \u00a0 ASBA30JCC \u00a0 ASBA30JFC \u00a0 ASBA30LCC \u00a0 ASBA30LFC \u00a0 ASBG18LFCA \u00a0 ASBG24JFBC \u00a0 ASBG24LFCA \u00a0 ASBG30JFBB \u00a0 ASBG30LFBB\" \/>\n<meta property=\"og:url\" content=\"https:\/\/dualgree.com.br\/loja\/produto\/mancal-bucha-turbina-do-evaporador-fujitsu-inverter-asba07lbcm\/\" \/>\n<meta property=\"og:site_name\" content=\"Loja - Dual Gree Servi\u00e7os | Pe\u00e7as\" \/>\n<meta property=\"article:modified_time\" content=\"2025-06-17T13:41:05+00:00\" \/>\n<meta property=\"og:image\" content=\"https:\/\/dualgree.com.br\/loja\/wp-content\/uploads\/2024\/09\/15287288539-032-1-mancal-bucha-do-evaporador-fujitsu-inverter.jpg\" \/>\n\t<meta property=\"og:image:width\" content=\"1280\" \/>\n\t<meta property=\"og:image:height\" content=\"1280\" \/>\n\t<meta property=\"og:image:type\" content=\"image\/jpeg\" \/>\n<meta name=\"twitter:card\" content=\"summary_large_image\" \/>\n<script type=\"application\/ld+json\" class=\"yoast-schema-graph\">{\"@context\":\"https:\\\/\\\/schema.org\",\"@graph\":[{\"@type\":\"WebPage\",\"@id\":\"https:\\\/\\\/dualgree.com.br\\\/loja\\\/produto\\\/mancal-bucha-turbina-do-evaporador-fujitsu-inverter-asba07lbcm\\\/\",\"url\":\"https:\\\/\\\/dualgree.com.br\\\/loja\\\/produto\\\/mancal-bucha-turbina-do-evaporador-fujitsu-inverter-asba07lbcm\\\/\",\"name\":\"Borracha Mancal Da Turbina Evaporadora Ar Condicionado Compativel Com Fujitsu Inverter ASBA07LBCM - Loja - Dual Gree Servi\u00e7os | Pe\u00e7as\",\"isPartOf\":{\"@id\":\"https:\\\/\\\/dualgree.com.br\\\/loja\\\/#website\"},\"primaryImageOfPage\":{\"@id\":\"https:\\\/\\\/dualgree.com.br\\\/loja\\\/produto\\\/mancal-bucha-turbina-do-evaporador-fujitsu-inverter-asba07lbcm\\\/#primaryimage\"},\"image\":{\"@id\":\"https:\\\/\\\/dualgree.com.br\\\/loja\\\/produto\\\/mancal-bucha-turbina-do-evaporador-fujitsu-inverter-asba07lbcm\\\/#primaryimage\"},\"thumbnailUrl\":\"https:\\\/\\\/dualgree.com.br\\\/loja\\\/wp-content\\\/uploads\\\/2024\\\/12\\\/15287288539-032-1-mancal-bucha-do-evaporador-fujitsu-inverter.jpg\",\"datePublished\":\"2024-09-24T11:57:30+00:00\",\"dateModified\":\"2025-06-17T13:41:05+00:00\",\"breadcrumb\":{\"@id\":\"https:\\\/\\\/dualgree.com.br\\\/loja\\\/produto\\\/mancal-bucha-turbina-do-evaporador-fujitsu-inverter-asba07lbcm\\\/#breadcrumb\"},\"inLanguage\":\"pt-BR\",\"potentialAction\":[{\"@type\":\"ReadAction\",\"target\":[\"https:\\\/\\\/dualgree.com.br\\\/loja\\\/produto\\\/mancal-bucha-turbina-do-evaporador-fujitsu-inverter-asba07lbcm\\\/\"]}]},{\"@type\":\"ImageObject\",\"inLanguage\":\"pt-BR\",\"@id\":\"https:\\\/\\\/dualgree.com.br\\\/loja\\\/produto\\\/mancal-bucha-turbina-do-evaporador-fujitsu-inverter-asba07lbcm\\\/#primaryimage\",\"url\":\"https:\\\/\\\/dualgree.com.br\\\/loja\\\/wp-content\\\/uploads\\\/2024\\\/12\\\/15287288539-032-1-mancal-bucha-do-evaporador-fujitsu-inverter.jpg\",\"contentUrl\":\"https:\\\/\\\/dualgree.com.br\\\/loja\\\/wp-content\\\/uploads\\\/2024\\\/12\\\/15287288539-032-1-mancal-bucha-do-evaporador-fujitsu-inverter.jpg\",\"width\":1280,\"height\":1280},{\"@type\":\"BreadcrumbList\",\"@id\":\"https:\\\/\\\/dualgree.com.br\\\/loja\\\/produto\\\/mancal-bucha-turbina-do-evaporador-fujitsu-inverter-asba07lbcm\\\/#breadcrumb\",\"itemListElement\":[{\"@type\":\"ListItem\",\"position\":1,\"name\":\"In\u00edcio\",\"item\":\"https:\\\/\\\/dualgree.com.br\\\/loja\\\/\"},{\"@type\":\"ListItem\",\"position\":2,\"name\":\"Loja &#8211; Cat\u00e1logo de Pe\u00e7as\",\"item\":\"https:\\\/\\\/dualgree.com.br\\\/loja\\\/\"},{\"@type\":\"ListItem\",\"position\":3,\"name\":\"Borracha Mancal Da Turbina Evaporadora Ar Condicionado Compa...\"}]},{\"@type\":\"WebSite\",\"@id\":\"https:\\\/\\\/dualgree.com.br\\\/loja\\\/#website\",\"url\":\"https:\\\/\\\/dualgree.com.br\\\/loja\\\/\",\"name\":\"Loja - Dual Gree Servi\u00e7os | Partes e Pe\u00e7as\",\"description\":\"Catalogo de Pe\u00e7as para ar condicionado\",\"publisher\":{\"@id\":\"https:\\\/\\\/dualgree.com.br\\\/loja\\\/#organization\"},\"potentialAction\":[{\"@type\":\"SearchAction\",\"target\":{\"@type\":\"EntryPoint\",\"urlTemplate\":\"https:\\\/\\\/dualgree.com.br\\\/loja\\\/?s={search_term_string}\"},\"query-input\":{\"@type\":\"PropertyValueSpecification\",\"valueRequired\":true,\"valueName\":\"search_term_string\"}}],\"inLanguage\":\"pt-BR\"},{\"@type\":\"Organization\",\"@id\":\"https:\\\/\\\/dualgree.com.br\\\/loja\\\/#organization\",\"name\":\"Loja Dual Gree Servi\u00e7o\",\"url\":\"https:\\\/\\\/dualgree.com.br\\\/loja\\\/\",\"logo\":{\"@type\":\"ImageObject\",\"inLanguage\":\"pt-BR\",\"@id\":\"https:\\\/\\\/dualgree.com.br\\\/loja\\\/#\\\/schema\\\/logo\\\/image\\\/\",\"url\":\"https:\\\/\\\/dualgree.com.br\\\/loja\\\/wp-content\\\/uploads\\\/2024\\\/09\\\/teste-logo-ecommerce-dual-1-e1725909304971.png\",\"contentUrl\":\"https:\\\/\\\/dualgree.com.br\\\/loja\\\/wp-content\\\/uploads\\\/2024\\\/09\\\/teste-logo-ecommerce-dual-1-e1725909304971.png\",\"width\":470,\"height\":157,\"caption\":\"Loja Dual Gree Servi\u00e7o\"},\"image\":{\"@id\":\"https:\\\/\\\/dualgree.com.br\\\/loja\\\/#\\\/schema\\\/logo\\\/image\\\/\"}}]}<\/script>\n<!-- \/ Yoast SEO plugin. -->","yoast_head_json":{"title":"Borracha Mancal Da Turbina Evaporadora Ar Condicionado Compativel Com Fujitsu Inverter ASBA07LBCM - Loja - Dual Gree Servi\u00e7os | Pe\u00e7as","robots":{"index":"index","follow":"follow","max-snippet":"max-snippet:-1","max-image-preview":"max-image-preview:large","max-video-preview":"max-video-preview:-1"},"canonical":"https:\/\/dualgree.com.br\/loja\/produto\/mancal-bucha-turbina-do-evaporador-fujitsu-inverter-asba07lbcm\/","og_locale":"pt_BR","og_type":"article","og_title":"Borracha Mancal Da Turbina Evaporadora Ar Condicionado Compativel Com Fujitsu Inverter ASBA07LBCM - Loja - Dual Gree Servi\u00e7os | Pe\u00e7as","og_description":"IC032 \u00a0 Mancal de borracha da turbina do ar condicionado Fujitsu inverter Serve em todos os splits \u00a0 MODELOS \u00a0 ASBA07LBCM \u00a0 ASBA09JGC \u00a0 ASBA09LBCM \u00a0 ASBA09LGC \u00a0 ASBA12JGC \u00a0 ASBA12LBCM \u00a0 ASBG09JMCA \u00a0 ASBG09LMCA \u00a0 ASBG12JMCA \u00a0 ASBG12LMCA \u00a0 ASBA18JCC \u00a0 ASBA18LEC \u00a0 ASBA24JCC \u00a0 ASBA24JFC \u00a0 ASBA24JMCA \u00a0 ASBA24LFC \u00a0 ASBA30JCC \u00a0 ASBA30JFC \u00a0 ASBA30LCC \u00a0 ASBA30LFC \u00a0 ASBG18LFCA \u00a0 ASBG24JFBC \u00a0 ASBG24LFCA \u00a0 ASBG30JFBB \u00a0 ASBG30LFBB","og_url":"https:\/\/dualgree.com.br\/loja\/produto\/mancal-bucha-turbina-do-evaporador-fujitsu-inverter-asba07lbcm\/","og_site_name":"Loja - Dual Gree Servi\u00e7os | Pe\u00e7as","article_modified_time":"2025-06-17T13:41:05+00:00","og_image":[{"width":1280,"height":1280,"url":"https:\/\/dualgree.com.br\/loja\/wp-content\/uploads\/2024\/09\/15287288539-032-1-mancal-bucha-do-evaporador-fujitsu-inverter.jpg","type":"image\/jpeg"}],"twitter_card":"summary_large_image","schema":{"@context":"https:\/\/schema.org","@graph":[{"@type":"WebPage","@id":"https:\/\/dualgree.com.br\/loja\/produto\/mancal-bucha-turbina-do-evaporador-fujitsu-inverter-asba07lbcm\/","url":"https:\/\/dualgree.com.br\/loja\/produto\/mancal-bucha-turbina-do-evaporador-fujitsu-inverter-asba07lbcm\/","name":"Borracha Mancal Da Turbina Evaporadora Ar Condicionado Compativel Com Fujitsu Inverter ASBA07LBCM - Loja - Dual Gree Servi\u00e7os | Pe\u00e7as","isPartOf":{"@id":"https:\/\/dualgree.com.br\/loja\/#website"},"primaryImageOfPage":{"@id":"https:\/\/dualgree.com.br\/loja\/produto\/mancal-bucha-turbina-do-evaporador-fujitsu-inverter-asba07lbcm\/#primaryimage"},"image":{"@id":"https:\/\/dualgree.com.br\/loja\/produto\/mancal-bucha-turbina-do-evaporador-fujitsu-inverter-asba07lbcm\/#primaryimage"},"thumbnailUrl":"https:\/\/dualgree.com.br\/loja\/wp-content\/uploads\/2024\/12\/15287288539-032-1-mancal-bucha-do-evaporador-fujitsu-inverter.jpg","datePublished":"2024-09-24T11:57:30+00:00","dateModified":"2025-06-17T13:41:05+00:00","breadcrumb":{"@id":"https:\/\/dualgree.com.br\/loja\/produto\/mancal-bucha-turbina-do-evaporador-fujitsu-inverter-asba07lbcm\/#breadcrumb"},"inLanguage":"pt-BR","potentialAction":[{"@type":"ReadAction","target":["https:\/\/dualgree.com.br\/loja\/produto\/mancal-bucha-turbina-do-evaporador-fujitsu-inverter-asba07lbcm\/"]}]},{"@type":"ImageObject","inLanguage":"pt-BR","@id":"https:\/\/dualgree.com.br\/loja\/produto\/mancal-bucha-turbina-do-evaporador-fujitsu-inverter-asba07lbcm\/#primaryimage","url":"https:\/\/dualgree.com.br\/loja\/wp-content\/uploads\/2024\/12\/15287288539-032-1-mancal-bucha-do-evaporador-fujitsu-inverter.jpg","contentUrl":"https:\/\/dualgree.com.br\/loja\/wp-content\/uploads\/2024\/12\/15287288539-032-1-mancal-bucha-do-evaporador-fujitsu-inverter.jpg","width":1280,"height":1280},{"@type":"BreadcrumbList","@id":"https:\/\/dualgree.com.br\/loja\/produto\/mancal-bucha-turbina-do-evaporador-fujitsu-inverter-asba07lbcm\/#breadcrumb","itemListElement":[{"@type":"ListItem","position":1,"name":"In\u00edcio","item":"https:\/\/dualgree.com.br\/loja\/"},{"@type":"ListItem","position":2,"name":"Loja &#8211; Cat\u00e1logo de Pe\u00e7as","item":"https:\/\/dualgree.com.br\/loja\/"},{"@type":"ListItem","position":3,"name":"Borracha Mancal Da Turbina Evaporadora Ar Condicionado Compa..."}]},{"@type":"WebSite","@id":"https:\/\/dualgree.com.br\/loja\/#website","url":"https:\/\/dualgree.com.br\/loja\/","name":"Loja - Dual Gree Servi\u00e7os | Partes e Pe\u00e7as","description":"Catalogo de Pe\u00e7as para ar condicionado","publisher":{"@id":"https:\/\/dualgree.com.br\/loja\/#organization"},"potentialAction":[{"@type":"SearchAction","target":{"@type":"EntryPoint","urlTemplate":"https:\/\/dualgree.com.br\/loja\/?s={search_term_string}"},"query-input":{"@type":"PropertyValueSpecification","valueRequired":true,"valueName":"search_term_string"}}],"inLanguage":"pt-BR"},{"@type":"Organization","@id":"https:\/\/dualgree.com.br\/loja\/#organization","name":"Loja Dual Gree Servi\u00e7o","url":"https:\/\/dualgree.com.br\/loja\/","logo":{"@type":"ImageObject","inLanguage":"pt-BR","@id":"https:\/\/dualgree.com.br\/loja\/#\/schema\/logo\/image\/","url":"https:\/\/dualgree.com.br\/loja\/wp-content\/uploads\/2024\/09\/teste-logo-ecommerce-dual-1-e1725909304971.png","contentUrl":"https:\/\/dualgree.com.br\/loja\/wp-content\/uploads\/2024\/09\/teste-logo-ecommerce-dual-1-e1725909304971.png","width":470,"height":157,"caption":"Loja Dual Gree Servi\u00e7o"},"image":{"@id":"https:\/\/dualgree.com.br\/loja\/#\/schema\/logo\/image\/"}}]}},"jetpack_publicize_connections":[],"jetpack_sharing_enabled":true,"jetpack_likes_enabled":true,"_links":{"self":[{"href":"https:\/\/dualgree.com.br\/loja\/wp-json\/wp\/v2\/product\/6860","targetHints":{"allow":["GET"]}}],"collection":[{"href":"https:\/\/dualgree.com.br\/loja\/wp-json\/wp\/v2\/product"}],"about":[{"href":"https:\/\/dualgree.com.br\/loja\/wp-json\/wp\/v2\/types\/product"}],"replies":[{"embeddable":true,"href":"https:\/\/dualgree.com.br\/loja\/wp-json\/wp\/v2\/comments?post=6860"}],"wp:featuredmedia":[{"embeddable":true,"href":"https:\/\/dualgree.com.br\/loja\/wp-json\/wp\/v2\/media\/8781"}],"wp:attachment":[{"href":"https:\/\/dualgree.com.br\/loja\/wp-json\/wp\/v2\/media?parent=6860"}],"wp:term":[{"taxonomy":"product_brand","embeddable":true,"href":"https:\/\/dualgree.com.br\/loja\/wp-json\/wp\/v2\/product_brand?post=6860"},{"taxonomy":"product_cat","embeddable":true,"href":"https:\/\/dualgree.com.br\/loja\/wp-json\/wp\/v2\/product_cat?post=6860"},{"taxonomy":"product_tag","embeddable":true,"href":"https:\/\/dualgree.com.br\/loja\/wp-json\/wp\/v2\/product_tag?post=6860"}],"curies":[{"name":"wp","href":"https:\/\/api.w.org\/{rel}","templated":true}]}}