{"id":6914,"date":"2024-09-24T14:23:42","date_gmt":"2024-09-24T14:23:42","guid":{"rendered":"https:\/\/dualgree.com.br\/loja\/produto\/apoio-suporte-do-sensor-evaporadora-ar-condicionado-fujitsu\/"},"modified":"2024-09-24T14:23:42","modified_gmt":"2024-09-24T14:23:42","slug":"apoio-suporte-do-sensor-evaporadora-ar-condicionado-fujitsu","status":"publish","type":"product","link":"https:\/\/dualgree.com.br\/loja\/produto\/apoio-suporte-do-sensor-evaporadora-ar-condicionado-fujitsu\/","title":{"rendered":"Apoio Suporte Do Sensor Evaporadora Ar Condicionado Fujitsu"},"content":{"rendered":"","protected":false},"excerpt":{"rendered":"<p>IC1889- suporte do sensor da evaporadora fujitsu 18-30k btu<\/p>\n<p>\u00a0<\/p>\n<p>Especifico para Ar Condicionado Fujitsu Aplic\u00e1vel aos modelos abaixo:<\/p>\n<p>\u00a0<\/p>\n<p>ASBA18JCC<\/p>\n<p>\u00a0<\/p>\n<p>ASBA18LEC<\/p>\n<p>\u00a0<\/p>\n<p>ASBA24JCC<\/p>\n<p>\u00a0<\/p>\n<p>ASBA24JFC<\/p>\n<p>\u00a0<\/p>\n<p>ASBA24JMCA<\/p>\n<p>\u00a0<\/p>\n<p>ASBA24LCC<\/p>\n<p>\u00a0<\/p>\n<p>ASBA24LFC<\/p>\n<p>\u00a0<\/p>\n<p>ASBA30JCC<\/p>\n<p>\u00a0<\/p>\n<p>ASBA30JFC<\/p>\n<p>\u00a0<\/p>\n<p>ASBA30LCC<\/p>\n<p>\u00a0<\/p>\n<p>ASBA30LFC<\/p>\n<p>\u00a0<\/p>\n<p>ASBG18JFBB<\/p>\n<p>\u00a0<\/p>\n<p>ASBG18LFCA<\/p>\n<p>\u00a0<\/p>\n<p>ASBG24JFBC<\/p>\n<p>\u00a0<\/p>\n<p>ASBG24LFCA<\/p>\n<p>\u00a0<\/p>\n<p>ASBG30JFBB<\/p>\n<p>\u00a0<\/p>\n<p>ASBG30LFBB<\/p>\n","protected":false},"featured_media":6912,"comment_status":"open","ping_status":"closed","template":"","meta":{"_kadence_starter_templates_imported_post":false,"_kad_post_transparent":"","_kad_post_title":"","_kad_post_layout":"","_kad_post_sidebar_id":"","_kad_post_content_style":"","_kad_post_vertical_padding":"","_kad_post_feature":"","_kad_post_feature_position":"","_kad_post_header":false,"_kad_post_footer":false,"jetpack_publicize_message":"","jetpack_publicize_feature_enabled":true,"jetpack_social_post_already_shared":false,"jetpack_social_options":{"image_generator_settings":{"template":"highway","default_image_id":0,"font":"","enabled":false},"version":2}},"product_brand":[],"product_cat":[187,15],"product_tag":[],"class_list":{"0":"post-6914","1":"product","2":"type-product","3":"status-publish","4":"has-post-thumbnail","6":"product_cat-fujitsu","7":"product_cat-sem-categoria","9":"first","10":"instock","11":"shipping-taxable","12":"purchasable","13":"product-type-simple","14":"entry","15":"content-bg","16":"loop-entry"},"yoast_head":"<!-- This site is optimized with the Yoast SEO plugin v27.5 - https:\/\/yoast.com\/product\/yoast-seo-wordpress\/ -->\n<title>Apoio Suporte Do Sensor Evaporadora Ar Condicionado Fujitsu - Loja - Dual Gree Servi\u00e7os | Pe\u00e7as<\/title>\n<meta name=\"robots\" content=\"index, follow, max-snippet:-1, max-image-preview:large, max-video-preview:-1\" \/>\n<link rel=\"canonical\" href=\"https:\/\/dualgree.com.br\/loja\/produto\/apoio-suporte-do-sensor-evaporadora-ar-condicionado-fujitsu\/\" \/>\n<meta property=\"og:locale\" content=\"pt_BR\" \/>\n<meta property=\"og:type\" content=\"article\" \/>\n<meta property=\"og:title\" content=\"Apoio Suporte Do Sensor Evaporadora Ar Condicionado Fujitsu - Loja - Dual Gree Servi\u00e7os | Pe\u00e7as\" \/>\n<meta property=\"og:description\" content=\"IC1889- suporte do sensor da evaporadora fujitsu 18-30k btu \u00a0 Especifico para Ar Condicionado Fujitsu Aplic\u00e1vel aos modelos abaixo: \u00a0 ASBA18JCC \u00a0 ASBA18LEC \u00a0 ASBA24JCC \u00a0 ASBA24JFC \u00a0 ASBA24JMCA \u00a0 ASBA24LCC \u00a0 ASBA24LFC \u00a0 ASBA30JCC \u00a0 ASBA30JFC \u00a0 ASBA30LCC \u00a0 ASBA30LFC \u00a0 ASBG18JFBB \u00a0 ASBG18LFCA \u00a0 ASBG24JFBC \u00a0 ASBG24LFCA \u00a0 ASBG30JFBB \u00a0 ASBG30LFBB\" \/>\n<meta property=\"og:url\" content=\"https:\/\/dualgree.com.br\/loja\/produto\/apoio-suporte-do-sensor-evaporadora-ar-condicionado-fujitsu\/\" \/>\n<meta property=\"og:site_name\" content=\"Loja - Dual Gree Servi\u00e7os | Pe\u00e7as\" \/>\n<meta name=\"twitter:card\" content=\"summary_large_image\" \/>\n<script type=\"application\/ld+json\" class=\"yoast-schema-graph\">{\"@context\":\"https:\\\/\\\/schema.org\",\"@graph\":[{\"@type\":\"WebPage\",\"@id\":\"https:\\\/\\\/dualgree.com.br\\\/loja\\\/produto\\\/apoio-suporte-do-sensor-evaporadora-ar-condicionado-fujitsu\\\/\",\"url\":\"https:\\\/\\\/dualgree.com.br\\\/loja\\\/produto\\\/apoio-suporte-do-sensor-evaporadora-ar-condicionado-fujitsu\\\/\",\"name\":\"Apoio Suporte Do Sensor Evaporadora Ar Condicionado Fujitsu - Loja - Dual Gree Servi\u00e7os | Pe\u00e7as\",\"isPartOf\":{\"@id\":\"https:\\\/\\\/dualgree.com.br\\\/loja\\\/#website\"},\"primaryImageOfPage\":{\"@id\":\"https:\\\/\\\/dualgree.com.br\\\/loja\\\/produto\\\/apoio-suporte-do-sensor-evaporadora-ar-condicionado-fujitsu\\\/#primaryimage\"},\"image\":{\"@id\":\"https:\\\/\\\/dualgree.com.br\\\/loja\\\/produto\\\/apoio-suporte-do-sensor-evaporadora-ar-condicionado-fujitsu\\\/#primaryimage\"},\"thumbnailUrl\":\"https:\\\/\\\/dualgree.com.br\\\/loja\\\/wp-content\\\/uploads\\\/2024\\\/09\\\/15290442886-1889-1-suporte-do-sensor-da-evaporadora-fujitsu-18-30k-btus.jpeg\",\"datePublished\":\"2024-09-24T14:23:42+00:00\",\"breadcrumb\":{\"@id\":\"https:\\\/\\\/dualgree.com.br\\\/loja\\\/produto\\\/apoio-suporte-do-sensor-evaporadora-ar-condicionado-fujitsu\\\/#breadcrumb\"},\"inLanguage\":\"pt-BR\",\"potentialAction\":[{\"@type\":\"ReadAction\",\"target\":[\"https:\\\/\\\/dualgree.com.br\\\/loja\\\/produto\\\/apoio-suporte-do-sensor-evaporadora-ar-condicionado-fujitsu\\\/\"]}]},{\"@type\":\"ImageObject\",\"inLanguage\":\"pt-BR\",\"@id\":\"https:\\\/\\\/dualgree.com.br\\\/loja\\\/produto\\\/apoio-suporte-do-sensor-evaporadora-ar-condicionado-fujitsu\\\/#primaryimage\",\"url\":\"https:\\\/\\\/dualgree.com.br\\\/loja\\\/wp-content\\\/uploads\\\/2024\\\/09\\\/15290442886-1889-1-suporte-do-sensor-da-evaporadora-fujitsu-18-30k-btus.jpeg\",\"contentUrl\":\"https:\\\/\\\/dualgree.com.br\\\/loja\\\/wp-content\\\/uploads\\\/2024\\\/09\\\/15290442886-1889-1-suporte-do-sensor-da-evaporadora-fujitsu-18-30k-btus.jpeg\",\"width\":1280,\"height\":1280},{\"@type\":\"BreadcrumbList\",\"@id\":\"https:\\\/\\\/dualgree.com.br\\\/loja\\\/produto\\\/apoio-suporte-do-sensor-evaporadora-ar-condicionado-fujitsu\\\/#breadcrumb\",\"itemListElement\":[{\"@type\":\"ListItem\",\"position\":1,\"name\":\"In\u00edcio\",\"item\":\"https:\\\/\\\/dualgree.com.br\\\/loja\\\/\"},{\"@type\":\"ListItem\",\"position\":2,\"name\":\"Loja &#8211; Cat\u00e1logo de Pe\u00e7as\",\"item\":\"https:\\\/\\\/dualgree.com.br\\\/loja\\\/\"},{\"@type\":\"ListItem\",\"position\":3,\"name\":\"Apoio Suporte Do Sensor Evaporadora Ar Condicionado Fujitsu\"}]},{\"@type\":\"WebSite\",\"@id\":\"https:\\\/\\\/dualgree.com.br\\\/loja\\\/#website\",\"url\":\"https:\\\/\\\/dualgree.com.br\\\/loja\\\/\",\"name\":\"Loja - Dual Gree Servi\u00e7os | Partes e Pe\u00e7as\",\"description\":\"Catalogo de Pe\u00e7as para ar condicionado\",\"publisher\":{\"@id\":\"https:\\\/\\\/dualgree.com.br\\\/loja\\\/#organization\"},\"potentialAction\":[{\"@type\":\"SearchAction\",\"target\":{\"@type\":\"EntryPoint\",\"urlTemplate\":\"https:\\\/\\\/dualgree.com.br\\\/loja\\\/?s={search_term_string}\"},\"query-input\":{\"@type\":\"PropertyValueSpecification\",\"valueRequired\":true,\"valueName\":\"search_term_string\"}}],\"inLanguage\":\"pt-BR\"},{\"@type\":\"Organization\",\"@id\":\"https:\\\/\\\/dualgree.com.br\\\/loja\\\/#organization\",\"name\":\"Loja Dual Gree Servi\u00e7o\",\"url\":\"https:\\\/\\\/dualgree.com.br\\\/loja\\\/\",\"logo\":{\"@type\":\"ImageObject\",\"inLanguage\":\"pt-BR\",\"@id\":\"https:\\\/\\\/dualgree.com.br\\\/loja\\\/#\\\/schema\\\/logo\\\/image\\\/\",\"url\":\"https:\\\/\\\/dualgree.com.br\\\/loja\\\/wp-content\\\/uploads\\\/2024\\\/09\\\/teste-logo-ecommerce-dual-1-e1725909304971.png\",\"contentUrl\":\"https:\\\/\\\/dualgree.com.br\\\/loja\\\/wp-content\\\/uploads\\\/2024\\\/09\\\/teste-logo-ecommerce-dual-1-e1725909304971.png\",\"width\":470,\"height\":157,\"caption\":\"Loja Dual Gree Servi\u00e7o\"},\"image\":{\"@id\":\"https:\\\/\\\/dualgree.com.br\\\/loja\\\/#\\\/schema\\\/logo\\\/image\\\/\"}}]}<\/script>\n<!-- \/ Yoast SEO plugin. -->","yoast_head_json":{"title":"Apoio Suporte Do Sensor Evaporadora Ar Condicionado Fujitsu - Loja - Dual Gree Servi\u00e7os | Pe\u00e7as","robots":{"index":"index","follow":"follow","max-snippet":"max-snippet:-1","max-image-preview":"max-image-preview:large","max-video-preview":"max-video-preview:-1"},"canonical":"https:\/\/dualgree.com.br\/loja\/produto\/apoio-suporte-do-sensor-evaporadora-ar-condicionado-fujitsu\/","og_locale":"pt_BR","og_type":"article","og_title":"Apoio Suporte Do Sensor Evaporadora Ar Condicionado Fujitsu - Loja - Dual Gree Servi\u00e7os | Pe\u00e7as","og_description":"IC1889- suporte do sensor da evaporadora fujitsu 18-30k btu \u00a0 Especifico para Ar Condicionado Fujitsu Aplic\u00e1vel aos modelos abaixo: \u00a0 ASBA18JCC \u00a0 ASBA18LEC \u00a0 ASBA24JCC \u00a0 ASBA24JFC \u00a0 ASBA24JMCA \u00a0 ASBA24LCC \u00a0 ASBA24LFC \u00a0 ASBA30JCC \u00a0 ASBA30JFC \u00a0 ASBA30LCC \u00a0 ASBA30LFC \u00a0 ASBG18JFBB \u00a0 ASBG18LFCA \u00a0 ASBG24JFBC \u00a0 ASBG24LFCA \u00a0 ASBG30JFBB \u00a0 ASBG30LFBB","og_url":"https:\/\/dualgree.com.br\/loja\/produto\/apoio-suporte-do-sensor-evaporadora-ar-condicionado-fujitsu\/","og_site_name":"Loja - Dual Gree Servi\u00e7os | Pe\u00e7as","twitter_card":"summary_large_image","schema":{"@context":"https:\/\/schema.org","@graph":[{"@type":"WebPage","@id":"https:\/\/dualgree.com.br\/loja\/produto\/apoio-suporte-do-sensor-evaporadora-ar-condicionado-fujitsu\/","url":"https:\/\/dualgree.com.br\/loja\/produto\/apoio-suporte-do-sensor-evaporadora-ar-condicionado-fujitsu\/","name":"Apoio Suporte Do Sensor Evaporadora Ar Condicionado Fujitsu - Loja - Dual Gree Servi\u00e7os | Pe\u00e7as","isPartOf":{"@id":"https:\/\/dualgree.com.br\/loja\/#website"},"primaryImageOfPage":{"@id":"https:\/\/dualgree.com.br\/loja\/produto\/apoio-suporte-do-sensor-evaporadora-ar-condicionado-fujitsu\/#primaryimage"},"image":{"@id":"https:\/\/dualgree.com.br\/loja\/produto\/apoio-suporte-do-sensor-evaporadora-ar-condicionado-fujitsu\/#primaryimage"},"thumbnailUrl":"https:\/\/dualgree.com.br\/loja\/wp-content\/uploads\/2024\/09\/15290442886-1889-1-suporte-do-sensor-da-evaporadora-fujitsu-18-30k-btus.jpeg","datePublished":"2024-09-24T14:23:42+00:00","breadcrumb":{"@id":"https:\/\/dualgree.com.br\/loja\/produto\/apoio-suporte-do-sensor-evaporadora-ar-condicionado-fujitsu\/#breadcrumb"},"inLanguage":"pt-BR","potentialAction":[{"@type":"ReadAction","target":["https:\/\/dualgree.com.br\/loja\/produto\/apoio-suporte-do-sensor-evaporadora-ar-condicionado-fujitsu\/"]}]},{"@type":"ImageObject","inLanguage":"pt-BR","@id":"https:\/\/dualgree.com.br\/loja\/produto\/apoio-suporte-do-sensor-evaporadora-ar-condicionado-fujitsu\/#primaryimage","url":"https:\/\/dualgree.com.br\/loja\/wp-content\/uploads\/2024\/09\/15290442886-1889-1-suporte-do-sensor-da-evaporadora-fujitsu-18-30k-btus.jpeg","contentUrl":"https:\/\/dualgree.com.br\/loja\/wp-content\/uploads\/2024\/09\/15290442886-1889-1-suporte-do-sensor-da-evaporadora-fujitsu-18-30k-btus.jpeg","width":1280,"height":1280},{"@type":"BreadcrumbList","@id":"https:\/\/dualgree.com.br\/loja\/produto\/apoio-suporte-do-sensor-evaporadora-ar-condicionado-fujitsu\/#breadcrumb","itemListElement":[{"@type":"ListItem","position":1,"name":"In\u00edcio","item":"https:\/\/dualgree.com.br\/loja\/"},{"@type":"ListItem","position":2,"name":"Loja &#8211; Cat\u00e1logo de Pe\u00e7as","item":"https:\/\/dualgree.com.br\/loja\/"},{"@type":"ListItem","position":3,"name":"Apoio Suporte Do Sensor Evaporadora Ar Condicionado Fujitsu"}]},{"@type":"WebSite","@id":"https:\/\/dualgree.com.br\/loja\/#website","url":"https:\/\/dualgree.com.br\/loja\/","name":"Loja - Dual Gree Servi\u00e7os | Partes e Pe\u00e7as","description":"Catalogo de Pe\u00e7as para ar condicionado","publisher":{"@id":"https:\/\/dualgree.com.br\/loja\/#organization"},"potentialAction":[{"@type":"SearchAction","target":{"@type":"EntryPoint","urlTemplate":"https:\/\/dualgree.com.br\/loja\/?s={search_term_string}"},"query-input":{"@type":"PropertyValueSpecification","valueRequired":true,"valueName":"search_term_string"}}],"inLanguage":"pt-BR"},{"@type":"Organization","@id":"https:\/\/dualgree.com.br\/loja\/#organization","name":"Loja Dual Gree Servi\u00e7o","url":"https:\/\/dualgree.com.br\/loja\/","logo":{"@type":"ImageObject","inLanguage":"pt-BR","@id":"https:\/\/dualgree.com.br\/loja\/#\/schema\/logo\/image\/","url":"https:\/\/dualgree.com.br\/loja\/wp-content\/uploads\/2024\/09\/teste-logo-ecommerce-dual-1-e1725909304971.png","contentUrl":"https:\/\/dualgree.com.br\/loja\/wp-content\/uploads\/2024\/09\/teste-logo-ecommerce-dual-1-e1725909304971.png","width":470,"height":157,"caption":"Loja Dual Gree Servi\u00e7o"},"image":{"@id":"https:\/\/dualgree.com.br\/loja\/#\/schema\/logo\/image\/"}}]}},"jetpack_publicize_connections":[],"jetpack_sharing_enabled":true,"jetpack_likes_enabled":true,"_links":{"self":[{"href":"https:\/\/dualgree.com.br\/loja\/wp-json\/wp\/v2\/product\/6914","targetHints":{"allow":["GET"]}}],"collection":[{"href":"https:\/\/dualgree.com.br\/loja\/wp-json\/wp\/v2\/product"}],"about":[{"href":"https:\/\/dualgree.com.br\/loja\/wp-json\/wp\/v2\/types\/product"}],"replies":[{"embeddable":true,"href":"https:\/\/dualgree.com.br\/loja\/wp-json\/wp\/v2\/comments?post=6914"}],"wp:featuredmedia":[{"embeddable":true,"href":"https:\/\/dualgree.com.br\/loja\/wp-json\/wp\/v2\/media\/6912"}],"wp:attachment":[{"href":"https:\/\/dualgree.com.br\/loja\/wp-json\/wp\/v2\/media?parent=6914"}],"wp:term":[{"taxonomy":"product_brand","embeddable":true,"href":"https:\/\/dualgree.com.br\/loja\/wp-json\/wp\/v2\/product_brand?post=6914"},{"taxonomy":"product_cat","embeddable":true,"href":"https:\/\/dualgree.com.br\/loja\/wp-json\/wp\/v2\/product_cat?post=6914"},{"taxonomy":"product_tag","embeddable":true,"href":"https:\/\/dualgree.com.br\/loja\/wp-json\/wp\/v2\/product_tag?post=6914"}],"curies":[{"name":"wp","href":"https:\/\/api.w.org\/{rel}","templated":true}]}}