{"id":6986,"date":"2024-09-26T13:41:33","date_gmt":"2024-09-26T13:41:33","guid":{"rendered":"https:\/\/dualgree.com.br\/loja\/produto\/suporte-para-evaporadora-ar-condicionado-samsung-12000-btus\/"},"modified":"2026-01-18T15:27:05","modified_gmt":"2026-01-18T15:27:05","slug":"suporte-para-evaporadora-ar-condicionado-samsung-12000-btus","status":"publish","type":"product","link":"https:\/\/dualgree.com.br\/loja\/produto\/suporte-para-evaporadora-ar-condicionado-samsung-12000-btus\/","title":{"rendered":"Suporte Para Evaporadora Ar Condicionado Samsung 12000 Btus"},"content":{"rendered":"","protected":false},"excerpt":{"rendered":"<p><span style=\"font-family: arial, tahoma, verdana, helvetica\"><span style=\"font-size: 14.4px\">Ic2196-Suporte Metalico Evaporadora Ar Condicionado Compativel Com Samsung Original 9 &#8211; 12 &#8211; 18<\/span><\/span><\/p>\n<p><span style=\"font-family: arial, tahoma, verdana, helvetica\"><span style=\"font-size: 14.4px\">NOVO<\/span><\/span><\/p>\n<p><span style=\"font-family: arial, tahoma, verdana, helvetica\"><span style=\"font-size: 14.4px\">\u00a0<\/span><\/span><\/p>\n<p><span style=\"font-family: arial, tahoma, verdana, helvetica\"><span style=\"font-size: 14.4px\">Codigo:<\/span><\/span><\/p>\n<p><span style=\"font-family: arial, tahoma, verdana, helvetica\"><span style=\"font-size: 14.4px\">DB9615565B<\/span><\/span><\/p>\n<p><span style=\"font-family: arial, tahoma, verdana, helvetica\"><span style=\"font-size: 14.4px\">\u00a0<\/span><\/span><\/p>\n<p><span style=\"font-family: arial, tahoma, verdana, helvetica\"><span style=\"font-size: 14.4px\">Comprimento: 47,9cm<\/span><\/span><\/p>\n<p><span style=\"font-family: arial, tahoma, verdana, helvetica\"><span style=\"font-size: 14.4px\">Largura: 27,1cm<\/span><\/span><\/p>\n<p><span style=\"font-family: arial, tahoma, verdana, helvetica\"><span style=\"font-size: 14.4px\">\u00a0<\/span><\/span><\/p>\n<p><span style=\"font-family: arial, tahoma, verdana, helvetica\"><span style=\"font-size: 14.4px\">Serve em todos modelos:<\/span><\/span><\/p>\n<p><span style=\"font-family: arial, tahoma, verdana, helvetica\"><span style=\"font-size: 14.4px\">AS09UWBUXAZ,<\/span><\/span><\/p>\n<p><span style=\"font-family: arial, tahoma, verdana, helvetica\"><span style=\"font-size: 14.4px\">AS09UWBVXAZ,<\/span><\/span><\/p>\n<p><span style=\"font-family: arial, tahoma, verdana, helvetica\"><span style=\"font-size: 14.4px\">AQ09UWBUXAZ,<\/span><\/span><\/p>\n<p><span style=\"font-family: arial, tahoma, verdana, helvetica\"><span style=\"font-size: 14.4px\">AJ009JBRDCH\/AZ,<\/span><\/span><\/p>\n<p><span style=\"font-family: arial, tahoma, verdana, helvetica\"><span style=\"font-size: 14.4px\">AJ009NBRDCH\/AZ,<\/span><\/span><\/p>\n<p><span style=\"font-family: arial, tahoma, verdana, helvetica\"><span style=\"font-size: 14.4px\">AQV09PSBTXAZ,<\/span><\/span><\/p>\n<p><span style=\"font-family: arial, tahoma, verdana, helvetica\"><span style=\"font-size: 14.4px\">AR09HSSPASN\/AZ,<\/span><\/span><\/p>\n<p><span style=\"font-family: arial, tahoma, verdana, helvetica\"><span style=\"font-size: 14.4px\">AR09HSSPBSN\/AZ,<\/span><\/span><\/p>\n<p><span style=\"font-family: arial, tahoma, verdana, helvetica\"><span style=\"font-size: 14.4px\">AR09HVSPASN\/AZ,<\/span><\/span><\/p>\n<p><span style=\"font-family: arial, tahoma, verdana, helvetica\"><span style=\"font-size: 14.4px\">AR09HVSPBSN\/AZ,<\/span><\/span><\/p>\n<p><span style=\"font-family: arial, tahoma, verdana, helvetica\"><span style=\"font-size: 14.4px\">AR09KSSPASNNAZ,<\/span><\/span><\/p>\n<p><span style=\"font-family: arial, tahoma, verdana, helvetica\"><span style=\"font-size: 14.4px\">AR09KSSPBGMNAZ,<\/span><\/span><\/p>\n<p><span style=\"font-family: arial, tahoma, verdana, helvetica\"><span style=\"font-size: 14.4px\">AR09KVSPBSNNAZ,<\/span><\/span><\/p>\n<p><span style=\"font-family: arial, tahoma, verdana, helvetica\"><span style=\"font-size: 14.4px\">AR09MSSPBGMNAZ,<\/span><\/span><\/p>\n<p><span style=\"font-family: arial, tahoma, verdana, helvetica\"><span style=\"font-size: 14.4px\">AR09MVSPBGMNAZ,<\/span><\/span><\/p>\n<p><span style=\"font-family: arial, tahoma, verdana, helvetica\"><span style=\"font-size: 14.4px\">ASV09PSBTXAZ,<\/span><\/span><\/p>\n<p><span style=\"font-family: arial, tahoma, verdana, helvetica\"><span style=\"font-size: 14.4px\">ASV09PSBUXAZ,<\/span><\/span><\/p>\n<p><span style=\"font-family: arial, tahoma, verdana, helvetica\"><span style=\"font-size: 14.4px\">AR09HCSUAWQ\/AZ,<\/span><\/span><\/p>\n<p><span style=\"font-family: arial, tahoma, verdana, helvetica\"><span style=\"font-size: 14.4px\">AR09HCSUBWQ\/AZ,<\/span><\/span><\/p>\n<p><span style=\"font-family: arial, tahoma, verdana, helvetica\"><span style=\"font-size: 14.4px\">AR09HPSUAWQ\/AZ,<\/span><\/span><\/p>\n<p><span style=\"font-family: arial, tahoma, verdana, helvetica\"><span style=\"font-size: 14.4px\">AR09KCFUBWQNAZ,<\/span><\/span><\/p>\n<p><span style=\"font-family: arial, tahoma, verdana, helvetica\"><span style=\"font-size: 14.4px\">AR09KCSUBWQNAZ,<\/span><\/span><\/p>\n<p><span style=\"font-family: arial, tahoma, verdana, helvetica\"><span style=\"font-size: 14.4px\">AR09KPFUAWQNAZ,<\/span><\/span><\/p>\n<p><span style=\"font-family: arial, tahoma, verdana, helvetica\"><span style=\"font-size: 14.4px\">AR09KPSUAWQNAZ,<\/span><\/span><\/p>\n<p><span style=\"font-family: arial, tahoma, verdana, helvetica\"><span style=\"font-size: 14.4px\">AS12UWBUXAZ,<\/span><\/span><\/p>\n<p><span style=\"font-family: arial, tahoma, verdana, helvetica\"><span style=\"font-size: 14.4px\">AQ12UWBUNXAZ,<\/span><\/span><\/p>\n<p><span style=\"font-family: arial, tahoma, verdana, helvetica\"><span style=\"font-size: 14.4px\">AQ12UWBUXAZ,<\/span><\/span><\/p>\n<p><span style=\"font-family: arial, tahoma, verdana, helvetica\"><span style=\"font-size: 14.4px\">AQ12UWBVXAZ,<\/span><\/span><\/p>\n<p><span style=\"font-family: arial, tahoma, verdana, helvetica\"><span style=\"font-size: 14.4px\">AR12HCSUAWQAZ<\/span><\/span><\/p>\n<p><span style=\"font-family: arial, tahoma, verdana, helvetica\"><span style=\"font-size: 14.4px\">AR12HPSUAWQAZ,<\/span><\/span><\/p>\n<p><span style=\"font-family: arial, tahoma, verdana, helvetica\"><span style=\"font-size: 14.4px\">AR12JPSUAWQAZ,<\/span><\/span><\/p>\n<p><span style=\"font-family: arial, tahoma, verdana, helvetica\"><span style=\"font-size: 14.4px\">AR12KCFUAWQNAZ,<\/span><\/span><\/p>\n<p><span style=\"font-family: arial, tahoma, verdana, helvetica\"><span style=\"font-size: 14.4px\">AR12KCSUAWQNAZ,<\/span><\/span><\/p>\n<p><span style=\"font-family: arial, tahoma, verdana, helvetica\"><span style=\"font-size: 14.4px\">AR12KPFUAWQNAZ,<\/span><\/span><\/p>\n<p><span style=\"font-family: arial, tahoma, verdana, helvetica\"><span style=\"font-size: 14.4px\">AR12KPSUAWQNAZ,<\/span><\/span><\/p>\n<p><span style=\"font-family: arial, tahoma, verdana, helvetica\"><span style=\"font-size: 14.4px\">AQ18ESBANXAZ,<\/span><\/span><\/p>\n<p><span style=\"font-family: arial, tahoma, verdana, helvetica\"><span style=\"font-size: 14.4px\">AQ18ESBTXAZ,<\/span><\/span><\/p>\n<p><span style=\"font-family: arial, tahoma, verdana, helvetica\"><span style=\"font-size: 14.4px\">AQ18UBANXAZ,<\/span><\/span><\/p>\n<p><span style=\"font-family: arial, tahoma, verdana, helvetica\"><span style=\"font-size: 14.4px\">AQ18UBTXAZ,<\/span><\/span><\/p>\n<p><span style=\"font-family: arial, tahoma, verdana, helvetica\"><span style=\"font-size: 14.4px\">AQ18UWBUXAZ,<\/span><\/span><\/p>\n<p><span style=\"font-family: arial, tahoma, verdana, helvetica\"><span style=\"font-size: 14.4px\">AS18ESBANXAZ,<\/span><\/span><\/p>\n<p><span style=\"font-family: arial, tahoma, verdana, helvetica\"><span style=\"font-size: 14.4px\">AS18ESBTXAZ,<\/span><\/span><\/p>\n<p><span style=\"font-family: arial, tahoma, verdana, helvetica\"><span style=\"font-size: 14.4px\">AS18UBANXAZ,<\/span><\/span><\/p>\n<p><span style=\"font-family: arial, tahoma, verdana, helvetica\"><span style=\"font-size: 14.4px\">AS18UBTXAZ,<\/span><\/span><\/p>\n<p><span style=\"font-family: arial, tahoma, verdana, helvetica\"><span style=\"font-size: 14.4px\">AS18UBTNXAZ,<\/span><\/span><\/p>\n<p><span style=\"font-family: arial, tahoma, verdana, helvetica\"><span style=\"font-size: 14.4px\">AS18UWBUXAZ.<\/span><\/span><\/p>\n","protected":false},"featured_media":6985,"comment_status":"open","ping_status":"closed","template":"","meta":{"_kadence_starter_templates_imported_post":false,"_kad_post_transparent":"","_kad_post_title":"","_kad_post_layout":"","_kad_post_sidebar_id":"","_kad_post_content_style":"","_kad_post_vertical_padding":"","_kad_post_feature":"","_kad_post_feature_position":"","_kad_post_header":false,"_kad_post_footer":false,"jetpack_publicize_message":"","jetpack_publicize_feature_enabled":true,"jetpack_social_post_already_shared":false,"jetpack_social_options":{"image_generator_settings":{"template":"highway","default_image_id":0,"font":"","enabled":false},"version":2}},"product_brand":[],"product_cat":[186,248],"product_tag":[],"class_list":{"0":"post-6986","1":"product","2":"type-product","3":"status-publish","4":"has-post-thumbnail","6":"product_cat-samsung","7":"product_cat-suporte-metalico-evaporadora-split","9":"first","10":"outofstock","11":"shipping-taxable","12":"purchasable","13":"product-type-simple","14":"entry","15":"content-bg","16":"loop-entry"},"yoast_head":"<!-- This site is optimized with the Yoast SEO plugin v27.5 - https:\/\/yoast.com\/product\/yoast-seo-wordpress\/ -->\n<title>Suporte Para Evaporadora Ar Condicionado Samsung 12000 Btus - Loja - Dual Gree Servi\u00e7os | Pe\u00e7as<\/title>\n<meta name=\"robots\" content=\"index, follow, max-snippet:-1, max-image-preview:large, max-video-preview:-1\" \/>\n<link rel=\"canonical\" href=\"https:\/\/dualgree.com.br\/loja\/produto\/suporte-para-evaporadora-ar-condicionado-samsung-12000-btus\/\" \/>\n<meta property=\"og:locale\" content=\"pt_BR\" \/>\n<meta property=\"og:type\" content=\"article\" \/>\n<meta property=\"og:title\" content=\"Suporte Para Evaporadora Ar Condicionado Samsung 12000 Btus - Loja - Dual Gree Servi\u00e7os | Pe\u00e7as\" \/>\n<meta property=\"og:description\" content=\"Ic2196-Suporte Metalico Evaporadora Ar Condicionado Compativel Com Samsung Original 9 - 12 - 18 NOVO \u00a0 Codigo: DB9615565B \u00a0 Comprimento: 47,9cm Largura: 27,1cm \u00a0 Serve em todos modelos: AS09UWBUXAZ, AS09UWBVXAZ, AQ09UWBUXAZ, AJ009JBRDCH\/AZ, AJ009NBRDCH\/AZ, AQV09PSBTXAZ, AR09HSSPASN\/AZ, AR09HSSPBSN\/AZ, AR09HVSPASN\/AZ, AR09HVSPBSN\/AZ, AR09KSSPASNNAZ, AR09KSSPBGMNAZ, AR09KVSPBSNNAZ, AR09MSSPBGMNAZ, AR09MVSPBGMNAZ, ASV09PSBTXAZ, ASV09PSBUXAZ, AR09HCSUAWQ\/AZ, AR09HCSUBWQ\/AZ, AR09HPSUAWQ\/AZ, AR09KCFUBWQNAZ, AR09KCSUBWQNAZ, AR09KPFUAWQNAZ, AR09KPSUAWQNAZ, AS12UWBUXAZ, AQ12UWBUNXAZ, AQ12UWBUXAZ, AQ12UWBVXAZ, AR12HCSUAWQAZ AR12HPSUAWQAZ, AR12JPSUAWQAZ, AR12KCFUAWQNAZ, AR12KCSUAWQNAZ, AR12KPFUAWQNAZ, AR12KPSUAWQNAZ, AQ18ESBANXAZ, AQ18ESBTXAZ, AQ18UBANXAZ, AQ18UBTXAZ, AQ18UWBUXAZ, AS18ESBANXAZ, AS18ESBTXAZ, AS18UBANXAZ, AS18UBTXAZ, AS18UBTNXAZ, AS18UWBUXAZ.\" \/>\n<meta property=\"og:url\" content=\"https:\/\/dualgree.com.br\/loja\/produto\/suporte-para-evaporadora-ar-condicionado-samsung-12000-btus\/\" \/>\n<meta property=\"og:site_name\" content=\"Loja - Dual Gree Servi\u00e7os | Pe\u00e7as\" \/>\n<meta property=\"article:modified_time\" content=\"2026-01-18T15:27:05+00:00\" \/>\n<meta name=\"twitter:card\" content=\"summary_large_image\" \/>\n<script type=\"application\/ld+json\" class=\"yoast-schema-graph\">{\"@context\":\"https:\\\/\\\/schema.org\",\"@graph\":[{\"@type\":\"WebPage\",\"@id\":\"https:\\\/\\\/dualgree.com.br\\\/loja\\\/produto\\\/suporte-para-evaporadora-ar-condicionado-samsung-12000-btus\\\/\",\"url\":\"https:\\\/\\\/dualgree.com.br\\\/loja\\\/produto\\\/suporte-para-evaporadora-ar-condicionado-samsung-12000-btus\\\/\",\"name\":\"Suporte Para Evaporadora Ar Condicionado Samsung 12000 Btus - Loja - Dual Gree Servi\u00e7os | Pe\u00e7as\",\"isPartOf\":{\"@id\":\"https:\\\/\\\/dualgree.com.br\\\/loja\\\/#website\"},\"primaryImageOfPage\":{\"@id\":\"https:\\\/\\\/dualgree.com.br\\\/loja\\\/produto\\\/suporte-para-evaporadora-ar-condicionado-samsung-12000-btus\\\/#primaryimage\"},\"image\":{\"@id\":\"https:\\\/\\\/dualgree.com.br\\\/loja\\\/produto\\\/suporte-para-evaporadora-ar-condicionado-samsung-12000-btus\\\/#primaryimage\"},\"thumbnailUrl\":\"https:\\\/\\\/dualgree.com.br\\\/loja\\\/wp-content\\\/uploads\\\/2024\\\/09\\\/15302454244-2196-suporte-metalico-evaporadora-ar-condicionado-compativel-com-samsung-original-9-12-18.jpeg\",\"datePublished\":\"2024-09-26T13:41:33+00:00\",\"dateModified\":\"2026-01-18T15:27:05+00:00\",\"breadcrumb\":{\"@id\":\"https:\\\/\\\/dualgree.com.br\\\/loja\\\/produto\\\/suporte-para-evaporadora-ar-condicionado-samsung-12000-btus\\\/#breadcrumb\"},\"inLanguage\":\"pt-BR\",\"potentialAction\":[{\"@type\":\"ReadAction\",\"target\":[\"https:\\\/\\\/dualgree.com.br\\\/loja\\\/produto\\\/suporte-para-evaporadora-ar-condicionado-samsung-12000-btus\\\/\"]}]},{\"@type\":\"ImageObject\",\"inLanguage\":\"pt-BR\",\"@id\":\"https:\\\/\\\/dualgree.com.br\\\/loja\\\/produto\\\/suporte-para-evaporadora-ar-condicionado-samsung-12000-btus\\\/#primaryimage\",\"url\":\"https:\\\/\\\/dualgree.com.br\\\/loja\\\/wp-content\\\/uploads\\\/2024\\\/09\\\/15302454244-2196-suporte-metalico-evaporadora-ar-condicionado-compativel-com-samsung-original-9-12-18.jpeg\",\"contentUrl\":\"https:\\\/\\\/dualgree.com.br\\\/loja\\\/wp-content\\\/uploads\\\/2024\\\/09\\\/15302454244-2196-suporte-metalico-evaporadora-ar-condicionado-compativel-com-samsung-original-9-12-18.jpeg\",\"width\":1280,\"height\":1280},{\"@type\":\"BreadcrumbList\",\"@id\":\"https:\\\/\\\/dualgree.com.br\\\/loja\\\/produto\\\/suporte-para-evaporadora-ar-condicionado-samsung-12000-btus\\\/#breadcrumb\",\"itemListElement\":[{\"@type\":\"ListItem\",\"position\":1,\"name\":\"In\u00edcio\",\"item\":\"https:\\\/\\\/dualgree.com.br\\\/loja\\\/\"},{\"@type\":\"ListItem\",\"position\":2,\"name\":\"Loja &#8211; Cat\u00e1logo de Pe\u00e7as\",\"item\":\"https:\\\/\\\/dualgree.com.br\\\/loja\\\/\"},{\"@type\":\"ListItem\",\"position\":3,\"name\":\"Suporte Para Evaporadora Ar Condicionado Samsung 12000 Btus\"}]},{\"@type\":\"WebSite\",\"@id\":\"https:\\\/\\\/dualgree.com.br\\\/loja\\\/#website\",\"url\":\"https:\\\/\\\/dualgree.com.br\\\/loja\\\/\",\"name\":\"Loja - Dual Gree Servi\u00e7os | Partes e Pe\u00e7as\",\"description\":\"Catalogo de Pe\u00e7as para ar condicionado\",\"publisher\":{\"@id\":\"https:\\\/\\\/dualgree.com.br\\\/loja\\\/#organization\"},\"potentialAction\":[{\"@type\":\"SearchAction\",\"target\":{\"@type\":\"EntryPoint\",\"urlTemplate\":\"https:\\\/\\\/dualgree.com.br\\\/loja\\\/?s={search_term_string}\"},\"query-input\":{\"@type\":\"PropertyValueSpecification\",\"valueRequired\":true,\"valueName\":\"search_term_string\"}}],\"inLanguage\":\"pt-BR\"},{\"@type\":\"Organization\",\"@id\":\"https:\\\/\\\/dualgree.com.br\\\/loja\\\/#organization\",\"name\":\"Loja Dual Gree Servi\u00e7o\",\"url\":\"https:\\\/\\\/dualgree.com.br\\\/loja\\\/\",\"logo\":{\"@type\":\"ImageObject\",\"inLanguage\":\"pt-BR\",\"@id\":\"https:\\\/\\\/dualgree.com.br\\\/loja\\\/#\\\/schema\\\/logo\\\/image\\\/\",\"url\":\"https:\\\/\\\/dualgree.com.br\\\/loja\\\/wp-content\\\/uploads\\\/2024\\\/09\\\/teste-logo-ecommerce-dual-1-e1725909304971.png\",\"contentUrl\":\"https:\\\/\\\/dualgree.com.br\\\/loja\\\/wp-content\\\/uploads\\\/2024\\\/09\\\/teste-logo-ecommerce-dual-1-e1725909304971.png\",\"width\":470,\"height\":157,\"caption\":\"Loja Dual Gree Servi\u00e7o\"},\"image\":{\"@id\":\"https:\\\/\\\/dualgree.com.br\\\/loja\\\/#\\\/schema\\\/logo\\\/image\\\/\"}}]}<\/script>\n<!-- \/ Yoast SEO plugin. -->","yoast_head_json":{"title":"Suporte Para Evaporadora Ar Condicionado Samsung 12000 Btus - Loja - Dual Gree Servi\u00e7os | Pe\u00e7as","robots":{"index":"index","follow":"follow","max-snippet":"max-snippet:-1","max-image-preview":"max-image-preview:large","max-video-preview":"max-video-preview:-1"},"canonical":"https:\/\/dualgree.com.br\/loja\/produto\/suporte-para-evaporadora-ar-condicionado-samsung-12000-btus\/","og_locale":"pt_BR","og_type":"article","og_title":"Suporte Para Evaporadora Ar Condicionado Samsung 12000 Btus - Loja - Dual Gree Servi\u00e7os | Pe\u00e7as","og_description":"Ic2196-Suporte Metalico Evaporadora Ar Condicionado Compativel Com Samsung Original 9 - 12 - 18 NOVO \u00a0 Codigo: DB9615565B \u00a0 Comprimento: 47,9cm Largura: 27,1cm \u00a0 Serve em todos modelos: AS09UWBUXAZ, AS09UWBVXAZ, AQ09UWBUXAZ, AJ009JBRDCH\/AZ, AJ009NBRDCH\/AZ, AQV09PSBTXAZ, AR09HSSPASN\/AZ, AR09HSSPBSN\/AZ, AR09HVSPASN\/AZ, AR09HVSPBSN\/AZ, AR09KSSPASNNAZ, AR09KSSPBGMNAZ, AR09KVSPBSNNAZ, AR09MSSPBGMNAZ, AR09MVSPBGMNAZ, ASV09PSBTXAZ, ASV09PSBUXAZ, AR09HCSUAWQ\/AZ, AR09HCSUBWQ\/AZ, AR09HPSUAWQ\/AZ, AR09KCFUBWQNAZ, AR09KCSUBWQNAZ, AR09KPFUAWQNAZ, AR09KPSUAWQNAZ, AS12UWBUXAZ, AQ12UWBUNXAZ, AQ12UWBUXAZ, AQ12UWBVXAZ, AR12HCSUAWQAZ AR12HPSUAWQAZ, AR12JPSUAWQAZ, AR12KCFUAWQNAZ, AR12KCSUAWQNAZ, AR12KPFUAWQNAZ, AR12KPSUAWQNAZ, AQ18ESBANXAZ, AQ18ESBTXAZ, AQ18UBANXAZ, AQ18UBTXAZ, AQ18UWBUXAZ, AS18ESBANXAZ, AS18ESBTXAZ, AS18UBANXAZ, AS18UBTXAZ, AS18UBTNXAZ, AS18UWBUXAZ.","og_url":"https:\/\/dualgree.com.br\/loja\/produto\/suporte-para-evaporadora-ar-condicionado-samsung-12000-btus\/","og_site_name":"Loja - Dual Gree Servi\u00e7os | Pe\u00e7as","article_modified_time":"2026-01-18T15:27:05+00:00","twitter_card":"summary_large_image","schema":{"@context":"https:\/\/schema.org","@graph":[{"@type":"WebPage","@id":"https:\/\/dualgree.com.br\/loja\/produto\/suporte-para-evaporadora-ar-condicionado-samsung-12000-btus\/","url":"https:\/\/dualgree.com.br\/loja\/produto\/suporte-para-evaporadora-ar-condicionado-samsung-12000-btus\/","name":"Suporte Para Evaporadora Ar Condicionado Samsung 12000 Btus - Loja - Dual Gree Servi\u00e7os | Pe\u00e7as","isPartOf":{"@id":"https:\/\/dualgree.com.br\/loja\/#website"},"primaryImageOfPage":{"@id":"https:\/\/dualgree.com.br\/loja\/produto\/suporte-para-evaporadora-ar-condicionado-samsung-12000-btus\/#primaryimage"},"image":{"@id":"https:\/\/dualgree.com.br\/loja\/produto\/suporte-para-evaporadora-ar-condicionado-samsung-12000-btus\/#primaryimage"},"thumbnailUrl":"https:\/\/dualgree.com.br\/loja\/wp-content\/uploads\/2024\/09\/15302454244-2196-suporte-metalico-evaporadora-ar-condicionado-compativel-com-samsung-original-9-12-18.jpeg","datePublished":"2024-09-26T13:41:33+00:00","dateModified":"2026-01-18T15:27:05+00:00","breadcrumb":{"@id":"https:\/\/dualgree.com.br\/loja\/produto\/suporte-para-evaporadora-ar-condicionado-samsung-12000-btus\/#breadcrumb"},"inLanguage":"pt-BR","potentialAction":[{"@type":"ReadAction","target":["https:\/\/dualgree.com.br\/loja\/produto\/suporte-para-evaporadora-ar-condicionado-samsung-12000-btus\/"]}]},{"@type":"ImageObject","inLanguage":"pt-BR","@id":"https:\/\/dualgree.com.br\/loja\/produto\/suporte-para-evaporadora-ar-condicionado-samsung-12000-btus\/#primaryimage","url":"https:\/\/dualgree.com.br\/loja\/wp-content\/uploads\/2024\/09\/15302454244-2196-suporte-metalico-evaporadora-ar-condicionado-compativel-com-samsung-original-9-12-18.jpeg","contentUrl":"https:\/\/dualgree.com.br\/loja\/wp-content\/uploads\/2024\/09\/15302454244-2196-suporte-metalico-evaporadora-ar-condicionado-compativel-com-samsung-original-9-12-18.jpeg","width":1280,"height":1280},{"@type":"BreadcrumbList","@id":"https:\/\/dualgree.com.br\/loja\/produto\/suporte-para-evaporadora-ar-condicionado-samsung-12000-btus\/#breadcrumb","itemListElement":[{"@type":"ListItem","position":1,"name":"In\u00edcio","item":"https:\/\/dualgree.com.br\/loja\/"},{"@type":"ListItem","position":2,"name":"Loja &#8211; Cat\u00e1logo de Pe\u00e7as","item":"https:\/\/dualgree.com.br\/loja\/"},{"@type":"ListItem","position":3,"name":"Suporte Para Evaporadora Ar Condicionado Samsung 12000 Btus"}]},{"@type":"WebSite","@id":"https:\/\/dualgree.com.br\/loja\/#website","url":"https:\/\/dualgree.com.br\/loja\/","name":"Loja - Dual Gree Servi\u00e7os | Partes e Pe\u00e7as","description":"Catalogo de Pe\u00e7as para ar condicionado","publisher":{"@id":"https:\/\/dualgree.com.br\/loja\/#organization"},"potentialAction":[{"@type":"SearchAction","target":{"@type":"EntryPoint","urlTemplate":"https:\/\/dualgree.com.br\/loja\/?s={search_term_string}"},"query-input":{"@type":"PropertyValueSpecification","valueRequired":true,"valueName":"search_term_string"}}],"inLanguage":"pt-BR"},{"@type":"Organization","@id":"https:\/\/dualgree.com.br\/loja\/#organization","name":"Loja Dual Gree Servi\u00e7o","url":"https:\/\/dualgree.com.br\/loja\/","logo":{"@type":"ImageObject","inLanguage":"pt-BR","@id":"https:\/\/dualgree.com.br\/loja\/#\/schema\/logo\/image\/","url":"https:\/\/dualgree.com.br\/loja\/wp-content\/uploads\/2024\/09\/teste-logo-ecommerce-dual-1-e1725909304971.png","contentUrl":"https:\/\/dualgree.com.br\/loja\/wp-content\/uploads\/2024\/09\/teste-logo-ecommerce-dual-1-e1725909304971.png","width":470,"height":157,"caption":"Loja Dual Gree Servi\u00e7o"},"image":{"@id":"https:\/\/dualgree.com.br\/loja\/#\/schema\/logo\/image\/"}}]}},"jetpack_publicize_connections":[],"jetpack_sharing_enabled":true,"jetpack_likes_enabled":true,"_links":{"self":[{"href":"https:\/\/dualgree.com.br\/loja\/wp-json\/wp\/v2\/product\/6986","targetHints":{"allow":["GET"]}}],"collection":[{"href":"https:\/\/dualgree.com.br\/loja\/wp-json\/wp\/v2\/product"}],"about":[{"href":"https:\/\/dualgree.com.br\/loja\/wp-json\/wp\/v2\/types\/product"}],"replies":[{"embeddable":true,"href":"https:\/\/dualgree.com.br\/loja\/wp-json\/wp\/v2\/comments?post=6986"}],"wp:featuredmedia":[{"embeddable":true,"href":"https:\/\/dualgree.com.br\/loja\/wp-json\/wp\/v2\/media\/6985"}],"wp:attachment":[{"href":"https:\/\/dualgree.com.br\/loja\/wp-json\/wp\/v2\/media?parent=6986"}],"wp:term":[{"taxonomy":"product_brand","embeddable":true,"href":"https:\/\/dualgree.com.br\/loja\/wp-json\/wp\/v2\/product_brand?post=6986"},{"taxonomy":"product_cat","embeddable":true,"href":"https:\/\/dualgree.com.br\/loja\/wp-json\/wp\/v2\/product_cat?post=6986"},{"taxonomy":"product_tag","embeddable":true,"href":"https:\/\/dualgree.com.br\/loja\/wp-json\/wp\/v2\/product_tag?post=6986"}],"curies":[{"name":"wp","href":"https:\/\/api.w.org\/{rel}","templated":true}]}}