{"id":7098,"date":"2024-09-27T22:16:01","date_gmt":"2024-09-27T22:16:01","guid":{"rendered":"https:\/\/dualgree.com.br\/loja\/produto\/cabo-do-modulo-wifi-compativel-com-lg-inverter-voice-s4nw18klrpb\/"},"modified":"2025-05-12T12:28:36","modified_gmt":"2025-05-12T12:28:36","slug":"cabo-do-modulo-wifi-compativel-com-lg-inverter-voice-s4nw18klrpb","status":"publish","type":"product","link":"https:\/\/dualgree.com.br\/loja\/produto\/cabo-do-modulo-wifi-compativel-com-lg-inverter-voice-s4nw18klrpb\/","title":{"rendered":"Cabo do modulo wifi compativel com LG inverter voice S4NW18K..."},"content":{"rendered":"","protected":false},"excerpt":{"rendered":"<p>\u00a0<\/p>\n<p>IC4265 &#8211; Cabo do modulo wifi compativel com LG inverter voice<\/p>\n<p>\u00a0<\/p>\n<p>ESTE CABO \u00c9 RESPONSAVEL POR INTELIGAR A PLACA WIFI NA PLACA MODULO E PLACA PRINCIPAL<\/p>\n<p>\u00a0<\/p>\n<p>Compativel com os modelos abaixo<\/p>\n<p>\u00a0<\/p>\n<p>\u00a0<\/p>\n<p>S4NW12JA31A<\/p>\n<p>S4NW18KL31A<\/p>\n<p>S4NW18KL31B<\/p>\n<p>S4NW24KE311<\/p>\n<p>S3NW09AA31C<\/p>\n<p>S3NW12JA31A<\/p>\n<p>S3NW18KL31A<\/p>\n<p>S3NW24K231A<\/p>\n<p>S4NW09AA31A<\/p>\n<p>S4NW09AA31B<\/p>\n<p>S4NW12JA31A<\/p>\n<p>S4NW12JA31B<\/p>\n<p>S4NW18KL31A<\/p>\n<p>S4NW18KL31B<\/p>\n<p>S4NW18KL31C<\/p>\n<p>S4NW18KLRPB<\/p>\n<p>S4NW24K231D<\/p>\n<p>S4NW24K231E<\/p>\n<p>S4NW24KE311<\/p>\n<p>S4NQ09WA51A<\/p>\n<p>S4NQ09WA51A<\/p>\n","protected":false},"featured_media":7096,"comment_status":"open","ping_status":"closed","template":"","meta":{"_kadence_starter_templates_imported_post":false,"_kad_post_transparent":"","_kad_post_title":"","_kad_post_layout":"","_kad_post_sidebar_id":"","_kad_post_content_style":"","_kad_post_vertical_padding":"","_kad_post_feature":"","_kad_post_feature_position":"","_kad_post_header":false,"_kad_post_footer":false,"jetpack_publicize_message":"","jetpack_publicize_feature_enabled":true,"jetpack_social_post_already_shared":false,"jetpack_social_options":{"image_generator_settings":{"template":"highway","default_image_id":0,"font":"","enabled":false},"version":2}},"product_brand":[],"product_cat":[363,182],"product_tag":[],"class_list":{"0":"post-7098","1":"product","2":"type-product","3":"status-publish","4":"has-post-thumbnail","6":"product_cat-cabo-do-modulo-wifi","7":"product_cat-lg","9":"first","10":"outofstock","11":"shipping-taxable","12":"purchasable","13":"product-type-simple","14":"entry","15":"content-bg","16":"loop-entry"},"yoast_head":"<!-- This site is optimized with the Yoast SEO plugin v27.5 - https:\/\/yoast.com\/product\/yoast-seo-wordpress\/ -->\n<title>Cabo do modulo wifi compativel com LG inverter voice S4NW18KLRPB - Loja - Dual Gree Servi\u00e7os | Pe\u00e7as<\/title>\n<meta name=\"robots\" content=\"index, follow, max-snippet:-1, max-image-preview:large, max-video-preview:-1\" \/>\n<link rel=\"canonical\" href=\"https:\/\/dualgree.com.br\/loja\/produto\/cabo-do-modulo-wifi-compativel-com-lg-inverter-voice-s4nw18klrpb\/\" \/>\n<meta property=\"og:locale\" content=\"pt_BR\" \/>\n<meta property=\"og:type\" content=\"article\" \/>\n<meta property=\"og:title\" content=\"Cabo do modulo wifi compativel com LG inverter voice S4NW18KLRPB - Loja - Dual Gree Servi\u00e7os | Pe\u00e7as\" \/>\n<meta property=\"og:description\" content=\"\u00a0 IC4265 - Cabo do modulo wifi compativel com LG inverter voice \u00a0 ESTE CABO \u00c9 RESPONSAVEL POR INTELIGAR A PLACA WIFI NA PLACA MODULO E PLACA PRINCIPAL \u00a0 Compativel com os modelos abaixo \u00a0 \u00a0 S4NW12JA31A S4NW18KL31A S4NW18KL31B S4NW24KE311 S3NW09AA31C S3NW12JA31A S3NW18KL31A S3NW24K231A S4NW09AA31A S4NW09AA31B S4NW12JA31A S4NW12JA31B S4NW18KL31A S4NW18KL31B S4NW18KL31C S4NW18KLRPB S4NW24K231D S4NW24K231E S4NW24KE311 S4NQ09WA51A S4NQ09WA51A\" \/>\n<meta property=\"og:url\" content=\"https:\/\/dualgree.com.br\/loja\/produto\/cabo-do-modulo-wifi-compativel-com-lg-inverter-voice-s4nw18klrpb\/\" \/>\n<meta property=\"og:site_name\" content=\"Loja - Dual Gree Servi\u00e7os | Pe\u00e7as\" \/>\n<meta property=\"article:modified_time\" content=\"2025-05-12T12:28:36+00:00\" \/>\n<meta name=\"twitter:card\" content=\"summary_large_image\" \/>\n<script type=\"application\/ld+json\" class=\"yoast-schema-graph\">{\"@context\":\"https:\\\/\\\/schema.org\",\"@graph\":[{\"@type\":\"WebPage\",\"@id\":\"https:\\\/\\\/dualgree.com.br\\\/loja\\\/produto\\\/cabo-do-modulo-wifi-compativel-com-lg-inverter-voice-s4nw18klrpb\\\/\",\"url\":\"https:\\\/\\\/dualgree.com.br\\\/loja\\\/produto\\\/cabo-do-modulo-wifi-compativel-com-lg-inverter-voice-s4nw18klrpb\\\/\",\"name\":\"Cabo do modulo wifi compativel com LG inverter voice S4NW18KLRPB - Loja - Dual Gree Servi\u00e7os | Pe\u00e7as\",\"isPartOf\":{\"@id\":\"https:\\\/\\\/dualgree.com.br\\\/loja\\\/#website\"},\"primaryImageOfPage\":{\"@id\":\"https:\\\/\\\/dualgree.com.br\\\/loja\\\/produto\\\/cabo-do-modulo-wifi-compativel-com-lg-inverter-voice-s4nw18klrpb\\\/#primaryimage\"},\"image\":{\"@id\":\"https:\\\/\\\/dualgree.com.br\\\/loja\\\/produto\\\/cabo-do-modulo-wifi-compativel-com-lg-inverter-voice-s4nw18klrpb\\\/#primaryimage\"},\"thumbnailUrl\":\"https:\\\/\\\/dualgree.com.br\\\/loja\\\/wp-content\\\/uploads\\\/2024\\\/09\\\/15302805286-4265-cabo-do-modulo-wifi-lg-inverter.jpg\",\"datePublished\":\"2024-09-27T22:16:01+00:00\",\"dateModified\":\"2025-05-12T12:28:36+00:00\",\"breadcrumb\":{\"@id\":\"https:\\\/\\\/dualgree.com.br\\\/loja\\\/produto\\\/cabo-do-modulo-wifi-compativel-com-lg-inverter-voice-s4nw18klrpb\\\/#breadcrumb\"},\"inLanguage\":\"pt-BR\",\"potentialAction\":[{\"@type\":\"ReadAction\",\"target\":[\"https:\\\/\\\/dualgree.com.br\\\/loja\\\/produto\\\/cabo-do-modulo-wifi-compativel-com-lg-inverter-voice-s4nw18klrpb\\\/\"]}]},{\"@type\":\"ImageObject\",\"inLanguage\":\"pt-BR\",\"@id\":\"https:\\\/\\\/dualgree.com.br\\\/loja\\\/produto\\\/cabo-do-modulo-wifi-compativel-com-lg-inverter-voice-s4nw18klrpb\\\/#primaryimage\",\"url\":\"https:\\\/\\\/dualgree.com.br\\\/loja\\\/wp-content\\\/uploads\\\/2024\\\/09\\\/15302805286-4265-cabo-do-modulo-wifi-lg-inverter.jpg\",\"contentUrl\":\"https:\\\/\\\/dualgree.com.br\\\/loja\\\/wp-content\\\/uploads\\\/2024\\\/09\\\/15302805286-4265-cabo-do-modulo-wifi-lg-inverter.jpg\",\"width\":1280,\"height\":1280},{\"@type\":\"BreadcrumbList\",\"@id\":\"https:\\\/\\\/dualgree.com.br\\\/loja\\\/produto\\\/cabo-do-modulo-wifi-compativel-com-lg-inverter-voice-s4nw18klrpb\\\/#breadcrumb\",\"itemListElement\":[{\"@type\":\"ListItem\",\"position\":1,\"name\":\"In\u00edcio\",\"item\":\"https:\\\/\\\/dualgree.com.br\\\/loja\\\/\"},{\"@type\":\"ListItem\",\"position\":2,\"name\":\"Loja &#8211; Cat\u00e1logo de Pe\u00e7as\",\"item\":\"https:\\\/\\\/dualgree.com.br\\\/loja\\\/\"},{\"@type\":\"ListItem\",\"position\":3,\"name\":\"Cabo do modulo wifi compativel com LG inverter voice S4NW18K...\"}]},{\"@type\":\"WebSite\",\"@id\":\"https:\\\/\\\/dualgree.com.br\\\/loja\\\/#website\",\"url\":\"https:\\\/\\\/dualgree.com.br\\\/loja\\\/\",\"name\":\"Loja - Dual Gree Servi\u00e7os | Partes e Pe\u00e7as\",\"description\":\"Catalogo de Pe\u00e7as para ar condicionado\",\"publisher\":{\"@id\":\"https:\\\/\\\/dualgree.com.br\\\/loja\\\/#organization\"},\"potentialAction\":[{\"@type\":\"SearchAction\",\"target\":{\"@type\":\"EntryPoint\",\"urlTemplate\":\"https:\\\/\\\/dualgree.com.br\\\/loja\\\/?s={search_term_string}\"},\"query-input\":{\"@type\":\"PropertyValueSpecification\",\"valueRequired\":true,\"valueName\":\"search_term_string\"}}],\"inLanguage\":\"pt-BR\"},{\"@type\":\"Organization\",\"@id\":\"https:\\\/\\\/dualgree.com.br\\\/loja\\\/#organization\",\"name\":\"Loja Dual Gree Servi\u00e7o\",\"url\":\"https:\\\/\\\/dualgree.com.br\\\/loja\\\/\",\"logo\":{\"@type\":\"ImageObject\",\"inLanguage\":\"pt-BR\",\"@id\":\"https:\\\/\\\/dualgree.com.br\\\/loja\\\/#\\\/schema\\\/logo\\\/image\\\/\",\"url\":\"https:\\\/\\\/dualgree.com.br\\\/loja\\\/wp-content\\\/uploads\\\/2024\\\/09\\\/teste-logo-ecommerce-dual-1-e1725909304971.png\",\"contentUrl\":\"https:\\\/\\\/dualgree.com.br\\\/loja\\\/wp-content\\\/uploads\\\/2024\\\/09\\\/teste-logo-ecommerce-dual-1-e1725909304971.png\",\"width\":470,\"height\":157,\"caption\":\"Loja Dual Gree Servi\u00e7o\"},\"image\":{\"@id\":\"https:\\\/\\\/dualgree.com.br\\\/loja\\\/#\\\/schema\\\/logo\\\/image\\\/\"}}]}<\/script>\n<!-- \/ Yoast SEO plugin. -->","yoast_head_json":{"title":"Cabo do modulo wifi compativel com LG inverter voice S4NW18KLRPB - Loja - Dual Gree Servi\u00e7os | Pe\u00e7as","robots":{"index":"index","follow":"follow","max-snippet":"max-snippet:-1","max-image-preview":"max-image-preview:large","max-video-preview":"max-video-preview:-1"},"canonical":"https:\/\/dualgree.com.br\/loja\/produto\/cabo-do-modulo-wifi-compativel-com-lg-inverter-voice-s4nw18klrpb\/","og_locale":"pt_BR","og_type":"article","og_title":"Cabo do modulo wifi compativel com LG inverter voice S4NW18KLRPB - Loja - Dual Gree Servi\u00e7os | Pe\u00e7as","og_description":"\u00a0 IC4265 - Cabo do modulo wifi compativel com LG inverter voice \u00a0 ESTE CABO \u00c9 RESPONSAVEL POR INTELIGAR A PLACA WIFI NA PLACA MODULO E PLACA PRINCIPAL \u00a0 Compativel com os modelos abaixo \u00a0 \u00a0 S4NW12JA31A S4NW18KL31A S4NW18KL31B S4NW24KE311 S3NW09AA31C S3NW12JA31A S3NW18KL31A S3NW24K231A S4NW09AA31A S4NW09AA31B S4NW12JA31A S4NW12JA31B S4NW18KL31A S4NW18KL31B S4NW18KL31C S4NW18KLRPB S4NW24K231D S4NW24K231E S4NW24KE311 S4NQ09WA51A S4NQ09WA51A","og_url":"https:\/\/dualgree.com.br\/loja\/produto\/cabo-do-modulo-wifi-compativel-com-lg-inverter-voice-s4nw18klrpb\/","og_site_name":"Loja - Dual Gree Servi\u00e7os | Pe\u00e7as","article_modified_time":"2025-05-12T12:28:36+00:00","twitter_card":"summary_large_image","schema":{"@context":"https:\/\/schema.org","@graph":[{"@type":"WebPage","@id":"https:\/\/dualgree.com.br\/loja\/produto\/cabo-do-modulo-wifi-compativel-com-lg-inverter-voice-s4nw18klrpb\/","url":"https:\/\/dualgree.com.br\/loja\/produto\/cabo-do-modulo-wifi-compativel-com-lg-inverter-voice-s4nw18klrpb\/","name":"Cabo do modulo wifi compativel com LG inverter voice S4NW18KLRPB - Loja - Dual Gree Servi\u00e7os | Pe\u00e7as","isPartOf":{"@id":"https:\/\/dualgree.com.br\/loja\/#website"},"primaryImageOfPage":{"@id":"https:\/\/dualgree.com.br\/loja\/produto\/cabo-do-modulo-wifi-compativel-com-lg-inverter-voice-s4nw18klrpb\/#primaryimage"},"image":{"@id":"https:\/\/dualgree.com.br\/loja\/produto\/cabo-do-modulo-wifi-compativel-com-lg-inverter-voice-s4nw18klrpb\/#primaryimage"},"thumbnailUrl":"https:\/\/dualgree.com.br\/loja\/wp-content\/uploads\/2024\/09\/15302805286-4265-cabo-do-modulo-wifi-lg-inverter.jpg","datePublished":"2024-09-27T22:16:01+00:00","dateModified":"2025-05-12T12:28:36+00:00","breadcrumb":{"@id":"https:\/\/dualgree.com.br\/loja\/produto\/cabo-do-modulo-wifi-compativel-com-lg-inverter-voice-s4nw18klrpb\/#breadcrumb"},"inLanguage":"pt-BR","potentialAction":[{"@type":"ReadAction","target":["https:\/\/dualgree.com.br\/loja\/produto\/cabo-do-modulo-wifi-compativel-com-lg-inverter-voice-s4nw18klrpb\/"]}]},{"@type":"ImageObject","inLanguage":"pt-BR","@id":"https:\/\/dualgree.com.br\/loja\/produto\/cabo-do-modulo-wifi-compativel-com-lg-inverter-voice-s4nw18klrpb\/#primaryimage","url":"https:\/\/dualgree.com.br\/loja\/wp-content\/uploads\/2024\/09\/15302805286-4265-cabo-do-modulo-wifi-lg-inverter.jpg","contentUrl":"https:\/\/dualgree.com.br\/loja\/wp-content\/uploads\/2024\/09\/15302805286-4265-cabo-do-modulo-wifi-lg-inverter.jpg","width":1280,"height":1280},{"@type":"BreadcrumbList","@id":"https:\/\/dualgree.com.br\/loja\/produto\/cabo-do-modulo-wifi-compativel-com-lg-inverter-voice-s4nw18klrpb\/#breadcrumb","itemListElement":[{"@type":"ListItem","position":1,"name":"In\u00edcio","item":"https:\/\/dualgree.com.br\/loja\/"},{"@type":"ListItem","position":2,"name":"Loja &#8211; Cat\u00e1logo de Pe\u00e7as","item":"https:\/\/dualgree.com.br\/loja\/"},{"@type":"ListItem","position":3,"name":"Cabo do modulo wifi compativel com LG inverter voice S4NW18K..."}]},{"@type":"WebSite","@id":"https:\/\/dualgree.com.br\/loja\/#website","url":"https:\/\/dualgree.com.br\/loja\/","name":"Loja - Dual Gree Servi\u00e7os | Partes e Pe\u00e7as","description":"Catalogo de Pe\u00e7as para ar condicionado","publisher":{"@id":"https:\/\/dualgree.com.br\/loja\/#organization"},"potentialAction":[{"@type":"SearchAction","target":{"@type":"EntryPoint","urlTemplate":"https:\/\/dualgree.com.br\/loja\/?s={search_term_string}"},"query-input":{"@type":"PropertyValueSpecification","valueRequired":true,"valueName":"search_term_string"}}],"inLanguage":"pt-BR"},{"@type":"Organization","@id":"https:\/\/dualgree.com.br\/loja\/#organization","name":"Loja Dual Gree Servi\u00e7o","url":"https:\/\/dualgree.com.br\/loja\/","logo":{"@type":"ImageObject","inLanguage":"pt-BR","@id":"https:\/\/dualgree.com.br\/loja\/#\/schema\/logo\/image\/","url":"https:\/\/dualgree.com.br\/loja\/wp-content\/uploads\/2024\/09\/teste-logo-ecommerce-dual-1-e1725909304971.png","contentUrl":"https:\/\/dualgree.com.br\/loja\/wp-content\/uploads\/2024\/09\/teste-logo-ecommerce-dual-1-e1725909304971.png","width":470,"height":157,"caption":"Loja Dual Gree Servi\u00e7o"},"image":{"@id":"https:\/\/dualgree.com.br\/loja\/#\/schema\/logo\/image\/"}}]}},"jetpack_publicize_connections":[],"jetpack_sharing_enabled":true,"jetpack_likes_enabled":true,"_links":{"self":[{"href":"https:\/\/dualgree.com.br\/loja\/wp-json\/wp\/v2\/product\/7098","targetHints":{"allow":["GET"]}}],"collection":[{"href":"https:\/\/dualgree.com.br\/loja\/wp-json\/wp\/v2\/product"}],"about":[{"href":"https:\/\/dualgree.com.br\/loja\/wp-json\/wp\/v2\/types\/product"}],"replies":[{"embeddable":true,"href":"https:\/\/dualgree.com.br\/loja\/wp-json\/wp\/v2\/comments?post=7098"}],"wp:featuredmedia":[{"embeddable":true,"href":"https:\/\/dualgree.com.br\/loja\/wp-json\/wp\/v2\/media\/7096"}],"wp:attachment":[{"href":"https:\/\/dualgree.com.br\/loja\/wp-json\/wp\/v2\/media?parent=7098"}],"wp:term":[{"taxonomy":"product_brand","embeddable":true,"href":"https:\/\/dualgree.com.br\/loja\/wp-json\/wp\/v2\/product_brand?post=7098"},{"taxonomy":"product_cat","embeddable":true,"href":"https:\/\/dualgree.com.br\/loja\/wp-json\/wp\/v2\/product_cat?post=7098"},{"taxonomy":"product_tag","embeddable":true,"href":"https:\/\/dualgree.com.br\/loja\/wp-json\/wp\/v2\/product_tag?post=7098"}],"curies":[{"name":"wp","href":"https:\/\/api.w.org\/{rel}","templated":true}]}}