{"id":7107,"date":"2024-09-30T12:57:47","date_gmt":"2024-09-30T12:57:47","guid":{"rendered":"https:\/\/dualgree.com.br\/loja\/produto\/suporte-do-motor-da-aleta-ar-condicionado-fujitsu-inverter-asba30jft\/"},"modified":"2024-09-30T12:57:47","modified_gmt":"2024-09-30T12:57:47","slug":"suporte-do-motor-da-aleta-ar-condicionado-fujitsu-inverter-asba30jft","status":"publish","type":"product","link":"https:\/\/dualgree.com.br\/loja\/produto\/suporte-do-motor-da-aleta-ar-condicionado-fujitsu-inverter-asba30jft\/","title":{"rendered":"Suporte Do Motor Da Aleta Ar Condicionado Fujitsu Inverter A..."},"content":{"rendered":"","protected":false},"excerpt":{"rendered":"<p><span>IC1887-suporte motor vane fujitsu 20byj46-166<\/span><\/p>\n<p>\u00a0<\/p>\n<p>Produto com pequenas marcas de uso<\/p>\n<p>\u00a0<\/p>\n<p>suporte do motor step aleta defletora do ar condicionado split Fujitsu inverter<\/p>\n<p>\u00a0<\/p>\n<p>ASBA18JCC<\/p>\n<p>ASBA18LEC<\/p>\n<p>ASBA24JCC<\/p>\n<p>ASBA24JFC<\/p>\n<p>ASBA24JMCA<\/p>\n<p>ASBA24LCC<\/p>\n<p>ASBA24LFC<\/p>\n<p>ASBA30JCC<\/p>\n<p>ASBA30JFC<\/p>\n<p>ASBA30LCC<\/p>\n<p>ASBA30LFC<\/p>\n<p>ASBG18JFBB<\/p>\n<p>ASBG18LFCA<\/p>\n<p>ASBG24JFBC<\/p>\n<p>ASBG24LFCA<\/p>\n<p>ASBG30JFBB<\/p>\n<p>ASBG30LFBB<\/p>\n","protected":false},"featured_media":7106,"comment_status":"open","ping_status":"closed","template":"","meta":{"_kadence_starter_templates_imported_post":false,"_kad_post_transparent":"","_kad_post_title":"","_kad_post_layout":"","_kad_post_sidebar_id":"","_kad_post_content_style":"","_kad_post_vertical_padding":"","_kad_post_feature":"","_kad_post_feature_position":"","_kad_post_header":false,"_kad_post_footer":false,"jetpack_publicize_message":"","jetpack_publicize_feature_enabled":true,"jetpack_social_post_already_shared":false,"jetpack_social_options":{"image_generator_settings":{"template":"highway","default_image_id":0,"font":"","enabled":false},"version":2}},"product_brand":[],"product_cat":[187,15],"product_tag":[],"class_list":{"0":"post-7107","1":"product","2":"type-product","3":"status-publish","4":"has-post-thumbnail","6":"product_cat-fujitsu","7":"product_cat-sem-categoria","9":"first","10":"instock","11":"shipping-taxable","12":"purchasable","13":"product-type-simple","14":"entry","15":"content-bg","16":"loop-entry"},"yoast_head":"<!-- This site is optimized with the Yoast SEO plugin v27.5 - https:\/\/yoast.com\/product\/yoast-seo-wordpress\/ -->\n<title>Suporte Do Motor Da Aleta Ar Condicionado Fujitsu Inverter Asba30jft - Loja - Dual Gree Servi\u00e7os | Pe\u00e7as<\/title>\n<meta name=\"robots\" content=\"index, follow, max-snippet:-1, max-image-preview:large, max-video-preview:-1\" \/>\n<link rel=\"canonical\" href=\"https:\/\/dualgree.com.br\/loja\/produto\/suporte-do-motor-da-aleta-ar-condicionado-fujitsu-inverter-asba30jft\/\" \/>\n<meta property=\"og:locale\" content=\"pt_BR\" \/>\n<meta property=\"og:type\" content=\"article\" \/>\n<meta property=\"og:title\" content=\"Suporte Do Motor Da Aleta Ar Condicionado Fujitsu Inverter Asba30jft - Loja - Dual Gree Servi\u00e7os | Pe\u00e7as\" \/>\n<meta property=\"og:description\" content=\"IC1887-suporte motor vane fujitsu 20byj46-166 \u00a0 Produto com pequenas marcas de uso \u00a0 suporte do motor step aleta defletora do ar condicionado split Fujitsu inverter \u00a0 ASBA18JCC ASBA18LEC ASBA24JCC ASBA24JFC ASBA24JMCA ASBA24LCC ASBA24LFC ASBA30JCC ASBA30JFC ASBA30LCC ASBA30LFC ASBG18JFBB ASBG18LFCA ASBG24JFBC ASBG24LFCA ASBG30JFBB ASBG30LFBB\" \/>\n<meta property=\"og:url\" content=\"https:\/\/dualgree.com.br\/loja\/produto\/suporte-do-motor-da-aleta-ar-condicionado-fujitsu-inverter-asba30jft\/\" \/>\n<meta property=\"og:site_name\" content=\"Loja - Dual Gree Servi\u00e7os | Pe\u00e7as\" \/>\n<meta name=\"twitter:card\" content=\"summary_large_image\" \/>\n<script type=\"application\/ld+json\" class=\"yoast-schema-graph\">{\"@context\":\"https:\\\/\\\/schema.org\",\"@graph\":[{\"@type\":\"WebPage\",\"@id\":\"https:\\\/\\\/dualgree.com.br\\\/loja\\\/produto\\\/suporte-do-motor-da-aleta-ar-condicionado-fujitsu-inverter-asba30jft\\\/\",\"url\":\"https:\\\/\\\/dualgree.com.br\\\/loja\\\/produto\\\/suporte-do-motor-da-aleta-ar-condicionado-fujitsu-inverter-asba30jft\\\/\",\"name\":\"Suporte Do Motor Da Aleta Ar Condicionado Fujitsu Inverter Asba30jft - Loja - Dual Gree Servi\u00e7os | Pe\u00e7as\",\"isPartOf\":{\"@id\":\"https:\\\/\\\/dualgree.com.br\\\/loja\\\/#website\"},\"primaryImageOfPage\":{\"@id\":\"https:\\\/\\\/dualgree.com.br\\\/loja\\\/produto\\\/suporte-do-motor-da-aleta-ar-condicionado-fujitsu-inverter-asba30jft\\\/#primaryimage\"},\"image\":{\"@id\":\"https:\\\/\\\/dualgree.com.br\\\/loja\\\/produto\\\/suporte-do-motor-da-aleta-ar-condicionado-fujitsu-inverter-asba30jft\\\/#primaryimage\"},\"thumbnailUrl\":\"https:\\\/\\\/dualgree.com.br\\\/loja\\\/wp-content\\\/uploads\\\/2024\\\/09\\\/15292962270-1887-suporte-motor-vane-fujitsu-20byj46-166.jpeg\",\"datePublished\":\"2024-09-30T12:57:47+00:00\",\"breadcrumb\":{\"@id\":\"https:\\\/\\\/dualgree.com.br\\\/loja\\\/produto\\\/suporte-do-motor-da-aleta-ar-condicionado-fujitsu-inverter-asba30jft\\\/#breadcrumb\"},\"inLanguage\":\"pt-BR\",\"potentialAction\":[{\"@type\":\"ReadAction\",\"target\":[\"https:\\\/\\\/dualgree.com.br\\\/loja\\\/produto\\\/suporte-do-motor-da-aleta-ar-condicionado-fujitsu-inverter-asba30jft\\\/\"]}]},{\"@type\":\"ImageObject\",\"inLanguage\":\"pt-BR\",\"@id\":\"https:\\\/\\\/dualgree.com.br\\\/loja\\\/produto\\\/suporte-do-motor-da-aleta-ar-condicionado-fujitsu-inverter-asba30jft\\\/#primaryimage\",\"url\":\"https:\\\/\\\/dualgree.com.br\\\/loja\\\/wp-content\\\/uploads\\\/2024\\\/09\\\/15292962270-1887-suporte-motor-vane-fujitsu-20byj46-166.jpeg\",\"contentUrl\":\"https:\\\/\\\/dualgree.com.br\\\/loja\\\/wp-content\\\/uploads\\\/2024\\\/09\\\/15292962270-1887-suporte-motor-vane-fujitsu-20byj46-166.jpeg\",\"width\":1280,\"height\":1280},{\"@type\":\"BreadcrumbList\",\"@id\":\"https:\\\/\\\/dualgree.com.br\\\/loja\\\/produto\\\/suporte-do-motor-da-aleta-ar-condicionado-fujitsu-inverter-asba30jft\\\/#breadcrumb\",\"itemListElement\":[{\"@type\":\"ListItem\",\"position\":1,\"name\":\"In\u00edcio\",\"item\":\"https:\\\/\\\/dualgree.com.br\\\/loja\\\/\"},{\"@type\":\"ListItem\",\"position\":2,\"name\":\"Loja &#8211; Cat\u00e1logo de Pe\u00e7as\",\"item\":\"https:\\\/\\\/dualgree.com.br\\\/loja\\\/\"},{\"@type\":\"ListItem\",\"position\":3,\"name\":\"Suporte Do Motor Da Aleta Ar Condicionado Fujitsu Inverter A...\"}]},{\"@type\":\"WebSite\",\"@id\":\"https:\\\/\\\/dualgree.com.br\\\/loja\\\/#website\",\"url\":\"https:\\\/\\\/dualgree.com.br\\\/loja\\\/\",\"name\":\"Loja - Dual Gree Servi\u00e7os | Partes e Pe\u00e7as\",\"description\":\"Catalogo de Pe\u00e7as para ar condicionado\",\"publisher\":{\"@id\":\"https:\\\/\\\/dualgree.com.br\\\/loja\\\/#organization\"},\"potentialAction\":[{\"@type\":\"SearchAction\",\"target\":{\"@type\":\"EntryPoint\",\"urlTemplate\":\"https:\\\/\\\/dualgree.com.br\\\/loja\\\/?s={search_term_string}\"},\"query-input\":{\"@type\":\"PropertyValueSpecification\",\"valueRequired\":true,\"valueName\":\"search_term_string\"}}],\"inLanguage\":\"pt-BR\"},{\"@type\":\"Organization\",\"@id\":\"https:\\\/\\\/dualgree.com.br\\\/loja\\\/#organization\",\"name\":\"Loja Dual Gree Servi\u00e7o\",\"url\":\"https:\\\/\\\/dualgree.com.br\\\/loja\\\/\",\"logo\":{\"@type\":\"ImageObject\",\"inLanguage\":\"pt-BR\",\"@id\":\"https:\\\/\\\/dualgree.com.br\\\/loja\\\/#\\\/schema\\\/logo\\\/image\\\/\",\"url\":\"https:\\\/\\\/dualgree.com.br\\\/loja\\\/wp-content\\\/uploads\\\/2024\\\/09\\\/teste-logo-ecommerce-dual-1-e1725909304971.png\",\"contentUrl\":\"https:\\\/\\\/dualgree.com.br\\\/loja\\\/wp-content\\\/uploads\\\/2024\\\/09\\\/teste-logo-ecommerce-dual-1-e1725909304971.png\",\"width\":470,\"height\":157,\"caption\":\"Loja Dual Gree Servi\u00e7o\"},\"image\":{\"@id\":\"https:\\\/\\\/dualgree.com.br\\\/loja\\\/#\\\/schema\\\/logo\\\/image\\\/\"}}]}<\/script>\n<!-- \/ Yoast SEO plugin. -->","yoast_head_json":{"title":"Suporte Do Motor Da Aleta Ar Condicionado Fujitsu Inverter Asba30jft - Loja - Dual Gree Servi\u00e7os | Pe\u00e7as","robots":{"index":"index","follow":"follow","max-snippet":"max-snippet:-1","max-image-preview":"max-image-preview:large","max-video-preview":"max-video-preview:-1"},"canonical":"https:\/\/dualgree.com.br\/loja\/produto\/suporte-do-motor-da-aleta-ar-condicionado-fujitsu-inverter-asba30jft\/","og_locale":"pt_BR","og_type":"article","og_title":"Suporte Do Motor Da Aleta Ar Condicionado Fujitsu Inverter Asba30jft - Loja - Dual Gree Servi\u00e7os | Pe\u00e7as","og_description":"IC1887-suporte motor vane fujitsu 20byj46-166 \u00a0 Produto com pequenas marcas de uso \u00a0 suporte do motor step aleta defletora do ar condicionado split Fujitsu inverter \u00a0 ASBA18JCC ASBA18LEC ASBA24JCC ASBA24JFC ASBA24JMCA ASBA24LCC ASBA24LFC ASBA30JCC ASBA30JFC ASBA30LCC ASBA30LFC ASBG18JFBB ASBG18LFCA ASBG24JFBC ASBG24LFCA ASBG30JFBB ASBG30LFBB","og_url":"https:\/\/dualgree.com.br\/loja\/produto\/suporte-do-motor-da-aleta-ar-condicionado-fujitsu-inverter-asba30jft\/","og_site_name":"Loja - Dual Gree Servi\u00e7os | Pe\u00e7as","twitter_card":"summary_large_image","schema":{"@context":"https:\/\/schema.org","@graph":[{"@type":"WebPage","@id":"https:\/\/dualgree.com.br\/loja\/produto\/suporte-do-motor-da-aleta-ar-condicionado-fujitsu-inverter-asba30jft\/","url":"https:\/\/dualgree.com.br\/loja\/produto\/suporte-do-motor-da-aleta-ar-condicionado-fujitsu-inverter-asba30jft\/","name":"Suporte Do Motor Da Aleta Ar Condicionado Fujitsu Inverter Asba30jft - Loja - Dual Gree Servi\u00e7os | Pe\u00e7as","isPartOf":{"@id":"https:\/\/dualgree.com.br\/loja\/#website"},"primaryImageOfPage":{"@id":"https:\/\/dualgree.com.br\/loja\/produto\/suporte-do-motor-da-aleta-ar-condicionado-fujitsu-inverter-asba30jft\/#primaryimage"},"image":{"@id":"https:\/\/dualgree.com.br\/loja\/produto\/suporte-do-motor-da-aleta-ar-condicionado-fujitsu-inverter-asba30jft\/#primaryimage"},"thumbnailUrl":"https:\/\/dualgree.com.br\/loja\/wp-content\/uploads\/2024\/09\/15292962270-1887-suporte-motor-vane-fujitsu-20byj46-166.jpeg","datePublished":"2024-09-30T12:57:47+00:00","breadcrumb":{"@id":"https:\/\/dualgree.com.br\/loja\/produto\/suporte-do-motor-da-aleta-ar-condicionado-fujitsu-inverter-asba30jft\/#breadcrumb"},"inLanguage":"pt-BR","potentialAction":[{"@type":"ReadAction","target":["https:\/\/dualgree.com.br\/loja\/produto\/suporte-do-motor-da-aleta-ar-condicionado-fujitsu-inverter-asba30jft\/"]}]},{"@type":"ImageObject","inLanguage":"pt-BR","@id":"https:\/\/dualgree.com.br\/loja\/produto\/suporte-do-motor-da-aleta-ar-condicionado-fujitsu-inverter-asba30jft\/#primaryimage","url":"https:\/\/dualgree.com.br\/loja\/wp-content\/uploads\/2024\/09\/15292962270-1887-suporte-motor-vane-fujitsu-20byj46-166.jpeg","contentUrl":"https:\/\/dualgree.com.br\/loja\/wp-content\/uploads\/2024\/09\/15292962270-1887-suporte-motor-vane-fujitsu-20byj46-166.jpeg","width":1280,"height":1280},{"@type":"BreadcrumbList","@id":"https:\/\/dualgree.com.br\/loja\/produto\/suporte-do-motor-da-aleta-ar-condicionado-fujitsu-inverter-asba30jft\/#breadcrumb","itemListElement":[{"@type":"ListItem","position":1,"name":"In\u00edcio","item":"https:\/\/dualgree.com.br\/loja\/"},{"@type":"ListItem","position":2,"name":"Loja &#8211; Cat\u00e1logo de Pe\u00e7as","item":"https:\/\/dualgree.com.br\/loja\/"},{"@type":"ListItem","position":3,"name":"Suporte Do Motor Da Aleta Ar Condicionado Fujitsu Inverter A..."}]},{"@type":"WebSite","@id":"https:\/\/dualgree.com.br\/loja\/#website","url":"https:\/\/dualgree.com.br\/loja\/","name":"Loja - Dual Gree Servi\u00e7os | Partes e Pe\u00e7as","description":"Catalogo de Pe\u00e7as para ar condicionado","publisher":{"@id":"https:\/\/dualgree.com.br\/loja\/#organization"},"potentialAction":[{"@type":"SearchAction","target":{"@type":"EntryPoint","urlTemplate":"https:\/\/dualgree.com.br\/loja\/?s={search_term_string}"},"query-input":{"@type":"PropertyValueSpecification","valueRequired":true,"valueName":"search_term_string"}}],"inLanguage":"pt-BR"},{"@type":"Organization","@id":"https:\/\/dualgree.com.br\/loja\/#organization","name":"Loja Dual Gree Servi\u00e7o","url":"https:\/\/dualgree.com.br\/loja\/","logo":{"@type":"ImageObject","inLanguage":"pt-BR","@id":"https:\/\/dualgree.com.br\/loja\/#\/schema\/logo\/image\/","url":"https:\/\/dualgree.com.br\/loja\/wp-content\/uploads\/2024\/09\/teste-logo-ecommerce-dual-1-e1725909304971.png","contentUrl":"https:\/\/dualgree.com.br\/loja\/wp-content\/uploads\/2024\/09\/teste-logo-ecommerce-dual-1-e1725909304971.png","width":470,"height":157,"caption":"Loja Dual Gree Servi\u00e7o"},"image":{"@id":"https:\/\/dualgree.com.br\/loja\/#\/schema\/logo\/image\/"}}]}},"jetpack_publicize_connections":[],"jetpack_sharing_enabled":true,"jetpack_likes_enabled":true,"_links":{"self":[{"href":"https:\/\/dualgree.com.br\/loja\/wp-json\/wp\/v2\/product\/7107","targetHints":{"allow":["GET"]}}],"collection":[{"href":"https:\/\/dualgree.com.br\/loja\/wp-json\/wp\/v2\/product"}],"about":[{"href":"https:\/\/dualgree.com.br\/loja\/wp-json\/wp\/v2\/types\/product"}],"replies":[{"embeddable":true,"href":"https:\/\/dualgree.com.br\/loja\/wp-json\/wp\/v2\/comments?post=7107"}],"wp:featuredmedia":[{"embeddable":true,"href":"https:\/\/dualgree.com.br\/loja\/wp-json\/wp\/v2\/media\/7106"}],"wp:attachment":[{"href":"https:\/\/dualgree.com.br\/loja\/wp-json\/wp\/v2\/media?parent=7107"}],"wp:term":[{"taxonomy":"product_brand","embeddable":true,"href":"https:\/\/dualgree.com.br\/loja\/wp-json\/wp\/v2\/product_brand?post=7107"},{"taxonomy":"product_cat","embeddable":true,"href":"https:\/\/dualgree.com.br\/loja\/wp-json\/wp\/v2\/product_cat?post=7107"},{"taxonomy":"product_tag","embeddable":true,"href":"https:\/\/dualgree.com.br\/loja\/wp-json\/wp\/v2\/product_tag?post=7107"}],"curies":[{"name":"wp","href":"https:\/\/api.w.org\/{rel}","templated":true}]}}