{"id":7203,"date":"2024-10-01T13:04:09","date_gmt":"2024-10-01T13:04:09","guid":{"rendered":"https:\/\/dualgree.com.br\/loja\/produto\/suporte-da-placa-receptora-ar-condicionado-nverter-9-24btu\/"},"modified":"2025-11-24T12:07:55","modified_gmt":"2025-11-24T12:07:55","slug":"suporte-da-placa-receptora-ar-condicionado-nverter-9-24btu","status":"publish","type":"product","link":"https:\/\/dualgree.com.br\/loja\/produto\/suporte-da-placa-receptora-ar-condicionado-nverter-9-24btu\/","title":{"rendered":"SUPORTE DA PLACA RECEPTORA  AR CONDICIONADO NVERTER 9-24BTU"},"content":{"rendered":"","protected":false},"excerpt":{"rendered":"<p>IC1568 Case prote\u00e7\u00e3o da placa display visor evaporadora ar condicionado split LG usado<\/p>\n<p>Somente parte pl\u00e1stica.<\/p>\n<p>\u00a0<\/p>\n<p>Produto com pequenas marcas de uso\u00a0<\/p>\n<p>\u00a0<\/p>\n<p>Compat\u00edvel com os modelos<\/p>\n<p>\u00a0<\/p>\n<p>TSNC072W4W0.ANWGLAZ<\/p>\n<p>TSNC092W4W0.ANWFLAZ<\/p>\n<p>TSNC122H4W0.ANWFLAZ<\/p>\n<p>TSNC182M4W0.ANWFLAZ<\/p>\n<p>TSNH072W4W0.ANWGLAZ<\/p>\n<p>TSNH092H4W0.ANWGLAZ<\/p>\n<p>TSNH122H4W0.ANWGLAZ<\/p>\n<p>TSNH182M4W0.ANWGLAZ<\/p>\n<p>USNC072W4W0.ANWFLSP<\/p>\n<p>USNQ092WSA0.ANWBLAZ<\/p>\n<p>USNQ092WSZ2.ANWBLAZ<\/p>\n<p>USNQ122HSA0.ANWBLAZ<\/p>\n<p>USNQ182CSG3.ANWGLAZ<\/p>\n<p>USNQ182CSZ2.ANWBLAZ<\/p>\n<p>USNQ242CSG3.ANWGLAZ<\/p>\n<p>USNQ242CSZ2.ANWBLAZ<\/p>\n<p>USNW092WSZ2.ANWBLAZ<\/p>\n<p>USNW122BSZ2.ANWBLAZ<\/p>\n<p>USNW122HSG3.ANWGLAZ<\/p>\n<p>USNW182CSG3.ANWGLAZ<\/p>\n<p>USNW182CSZ2.ANWBLAZ<\/p>\n<p>USNW242CSZ2.ANWBLAZ<\/p>\n<p>USNQ122BSZ2.ANWBLAZ<\/p>\n<p>S4NQ09WA5WB.EB2GAMZ<\/p>\n","protected":false},"featured_media":7202,"comment_status":"open","ping_status":"closed","template":"","meta":{"_kadence_starter_templates_imported_post":false,"_kad_post_transparent":"","_kad_post_title":"","_kad_post_layout":"","_kad_post_sidebar_id":"","_kad_post_content_style":"","_kad_post_vertical_padding":"","_kad_post_feature":"","_kad_post_feature_position":"","_kad_post_header":false,"_kad_post_footer":false,"jetpack_publicize_message":"","jetpack_publicize_feature_enabled":true,"jetpack_social_post_already_shared":false,"jetpack_social_options":{"image_generator_settings":{"template":"highway","default_image_id":0,"font":"","enabled":false},"version":2}},"product_brand":[],"product_cat":[15],"product_tag":[],"class_list":{"0":"post-7203","1":"product","2":"type-product","3":"status-publish","4":"has-post-thumbnail","6":"product_cat-sem-categoria","8":"first","9":"outofstock","10":"shipping-taxable","11":"purchasable","12":"product-type-simple","13":"entry","14":"content-bg","15":"loop-entry"},"yoast_head":"<!-- This site is optimized with the Yoast SEO plugin v27.5 - https:\/\/yoast.com\/product\/yoast-seo-wordpress\/ -->\n<title>SUPORTE DA PLACA RECEPTORA AR CONDICIONADO NVERTER 9-24BTU - Loja - Dual Gree Servi\u00e7os | Pe\u00e7as<\/title>\n<meta name=\"robots\" content=\"index, follow, max-snippet:-1, max-image-preview:large, max-video-preview:-1\" \/>\n<link rel=\"canonical\" href=\"https:\/\/dualgree.com.br\/loja\/produto\/suporte-da-placa-receptora-ar-condicionado-nverter-9-24btu\/\" \/>\n<meta property=\"og:locale\" content=\"pt_BR\" \/>\n<meta property=\"og:type\" content=\"article\" \/>\n<meta property=\"og:title\" content=\"SUPORTE DA PLACA RECEPTORA AR CONDICIONADO NVERTER 9-24BTU - Loja - Dual Gree Servi\u00e7os | Pe\u00e7as\" \/>\n<meta property=\"og:description\" content=\"IC1568 Case prote\u00e7\u00e3o da placa display visor evaporadora ar condicionado split LG usado Somente parte pl\u00e1stica. \u00a0 Produto com pequenas marcas de uso\u00a0 \u00a0 Compat\u00edvel com os modelos \u00a0 TSNC072W4W0.ANWGLAZ TSNC092W4W0.ANWFLAZ TSNC122H4W0.ANWFLAZ TSNC182M4W0.ANWFLAZ TSNH072W4W0.ANWGLAZ TSNH092H4W0.ANWGLAZ TSNH122H4W0.ANWGLAZ TSNH182M4W0.ANWGLAZ USNC072W4W0.ANWFLSP USNQ092WSA0.ANWBLAZ USNQ092WSZ2.ANWBLAZ USNQ122HSA0.ANWBLAZ USNQ182CSG3.ANWGLAZ USNQ182CSZ2.ANWBLAZ USNQ242CSG3.ANWGLAZ USNQ242CSZ2.ANWBLAZ USNW092WSZ2.ANWBLAZ USNW122BSZ2.ANWBLAZ USNW122HSG3.ANWGLAZ USNW182CSG3.ANWGLAZ USNW182CSZ2.ANWBLAZ USNW242CSZ2.ANWBLAZ USNQ122BSZ2.ANWBLAZ S4NQ09WA5WB.EB2GAMZ\" \/>\n<meta property=\"og:url\" content=\"https:\/\/dualgree.com.br\/loja\/produto\/suporte-da-placa-receptora-ar-condicionado-nverter-9-24btu\/\" \/>\n<meta property=\"og:site_name\" content=\"Loja - Dual Gree Servi\u00e7os | Pe\u00e7as\" \/>\n<meta property=\"article:modified_time\" content=\"2025-11-24T12:07:55+00:00\" \/>\n<meta name=\"twitter:card\" content=\"summary_large_image\" \/>\n<script type=\"application\/ld+json\" class=\"yoast-schema-graph\">{\"@context\":\"https:\\\/\\\/schema.org\",\"@graph\":[{\"@type\":\"WebPage\",\"@id\":\"https:\\\/\\\/dualgree.com.br\\\/loja\\\/produto\\\/suporte-da-placa-receptora-ar-condicionado-nverter-9-24btu\\\/\",\"url\":\"https:\\\/\\\/dualgree.com.br\\\/loja\\\/produto\\\/suporte-da-placa-receptora-ar-condicionado-nverter-9-24btu\\\/\",\"name\":\"SUPORTE DA PLACA RECEPTORA AR CONDICIONADO NVERTER 9-24BTU - Loja - Dual Gree Servi\u00e7os | Pe\u00e7as\",\"isPartOf\":{\"@id\":\"https:\\\/\\\/dualgree.com.br\\\/loja\\\/#website\"},\"primaryImageOfPage\":{\"@id\":\"https:\\\/\\\/dualgree.com.br\\\/loja\\\/produto\\\/suporte-da-placa-receptora-ar-condicionado-nverter-9-24btu\\\/#primaryimage\"},\"image\":{\"@id\":\"https:\\\/\\\/dualgree.com.br\\\/loja\\\/produto\\\/suporte-da-placa-receptora-ar-condicionado-nverter-9-24btu\\\/#primaryimage\"},\"thumbnailUrl\":\"https:\\\/\\\/dualgree.com.br\\\/loja\\\/wp-content\\\/uploads\\\/2024\\\/10\\\/15293756924-1568-suporte-da-placa-receptora-inverter-9-24-btus.jpeg\",\"datePublished\":\"2024-10-01T13:04:09+00:00\",\"dateModified\":\"2025-11-24T12:07:55+00:00\",\"breadcrumb\":{\"@id\":\"https:\\\/\\\/dualgree.com.br\\\/loja\\\/produto\\\/suporte-da-placa-receptora-ar-condicionado-nverter-9-24btu\\\/#breadcrumb\"},\"inLanguage\":\"pt-BR\",\"potentialAction\":[{\"@type\":\"ReadAction\",\"target\":[\"https:\\\/\\\/dualgree.com.br\\\/loja\\\/produto\\\/suporte-da-placa-receptora-ar-condicionado-nverter-9-24btu\\\/\"]}]},{\"@type\":\"ImageObject\",\"inLanguage\":\"pt-BR\",\"@id\":\"https:\\\/\\\/dualgree.com.br\\\/loja\\\/produto\\\/suporte-da-placa-receptora-ar-condicionado-nverter-9-24btu\\\/#primaryimage\",\"url\":\"https:\\\/\\\/dualgree.com.br\\\/loja\\\/wp-content\\\/uploads\\\/2024\\\/10\\\/15293756924-1568-suporte-da-placa-receptora-inverter-9-24-btus.jpeg\",\"contentUrl\":\"https:\\\/\\\/dualgree.com.br\\\/loja\\\/wp-content\\\/uploads\\\/2024\\\/10\\\/15293756924-1568-suporte-da-placa-receptora-inverter-9-24-btus.jpeg\",\"width\":1280,\"height\":1280},{\"@type\":\"BreadcrumbList\",\"@id\":\"https:\\\/\\\/dualgree.com.br\\\/loja\\\/produto\\\/suporte-da-placa-receptora-ar-condicionado-nverter-9-24btu\\\/#breadcrumb\",\"itemListElement\":[{\"@type\":\"ListItem\",\"position\":1,\"name\":\"In\u00edcio\",\"item\":\"https:\\\/\\\/dualgree.com.br\\\/loja\\\/\"},{\"@type\":\"ListItem\",\"position\":2,\"name\":\"Loja &#8211; Cat\u00e1logo de Pe\u00e7as\",\"item\":\"https:\\\/\\\/dualgree.com.br\\\/loja\\\/\"},{\"@type\":\"ListItem\",\"position\":3,\"name\":\"SUPORTE DA PLACA RECEPTORA AR CONDICIONADO NVERTER 9-24BTU\"}]},{\"@type\":\"WebSite\",\"@id\":\"https:\\\/\\\/dualgree.com.br\\\/loja\\\/#website\",\"url\":\"https:\\\/\\\/dualgree.com.br\\\/loja\\\/\",\"name\":\"Loja - Dual Gree Servi\u00e7os | Partes e Pe\u00e7as\",\"description\":\"Catalogo de Pe\u00e7as para ar condicionado\",\"publisher\":{\"@id\":\"https:\\\/\\\/dualgree.com.br\\\/loja\\\/#organization\"},\"potentialAction\":[{\"@type\":\"SearchAction\",\"target\":{\"@type\":\"EntryPoint\",\"urlTemplate\":\"https:\\\/\\\/dualgree.com.br\\\/loja\\\/?s={search_term_string}\"},\"query-input\":{\"@type\":\"PropertyValueSpecification\",\"valueRequired\":true,\"valueName\":\"search_term_string\"}}],\"inLanguage\":\"pt-BR\"},{\"@type\":\"Organization\",\"@id\":\"https:\\\/\\\/dualgree.com.br\\\/loja\\\/#organization\",\"name\":\"Loja Dual Gree Servi\u00e7o\",\"url\":\"https:\\\/\\\/dualgree.com.br\\\/loja\\\/\",\"logo\":{\"@type\":\"ImageObject\",\"inLanguage\":\"pt-BR\",\"@id\":\"https:\\\/\\\/dualgree.com.br\\\/loja\\\/#\\\/schema\\\/logo\\\/image\\\/\",\"url\":\"https:\\\/\\\/dualgree.com.br\\\/loja\\\/wp-content\\\/uploads\\\/2024\\\/09\\\/teste-logo-ecommerce-dual-1-e1725909304971.png\",\"contentUrl\":\"https:\\\/\\\/dualgree.com.br\\\/loja\\\/wp-content\\\/uploads\\\/2024\\\/09\\\/teste-logo-ecommerce-dual-1-e1725909304971.png\",\"width\":470,\"height\":157,\"caption\":\"Loja Dual Gree Servi\u00e7o\"},\"image\":{\"@id\":\"https:\\\/\\\/dualgree.com.br\\\/loja\\\/#\\\/schema\\\/logo\\\/image\\\/\"}}]}<\/script>\n<!-- \/ Yoast SEO plugin. -->","yoast_head_json":{"title":"SUPORTE DA PLACA RECEPTORA AR CONDICIONADO NVERTER 9-24BTU - Loja - Dual Gree Servi\u00e7os | Pe\u00e7as","robots":{"index":"index","follow":"follow","max-snippet":"max-snippet:-1","max-image-preview":"max-image-preview:large","max-video-preview":"max-video-preview:-1"},"canonical":"https:\/\/dualgree.com.br\/loja\/produto\/suporte-da-placa-receptora-ar-condicionado-nverter-9-24btu\/","og_locale":"pt_BR","og_type":"article","og_title":"SUPORTE DA PLACA RECEPTORA AR CONDICIONADO NVERTER 9-24BTU - Loja - Dual Gree Servi\u00e7os | Pe\u00e7as","og_description":"IC1568 Case prote\u00e7\u00e3o da placa display visor evaporadora ar condicionado split LG usado Somente parte pl\u00e1stica. \u00a0 Produto com pequenas marcas de uso\u00a0 \u00a0 Compat\u00edvel com os modelos \u00a0 TSNC072W4W0.ANWGLAZ TSNC092W4W0.ANWFLAZ TSNC122H4W0.ANWFLAZ TSNC182M4W0.ANWFLAZ TSNH072W4W0.ANWGLAZ TSNH092H4W0.ANWGLAZ TSNH122H4W0.ANWGLAZ TSNH182M4W0.ANWGLAZ USNC072W4W0.ANWFLSP USNQ092WSA0.ANWBLAZ USNQ092WSZ2.ANWBLAZ USNQ122HSA0.ANWBLAZ USNQ182CSG3.ANWGLAZ USNQ182CSZ2.ANWBLAZ USNQ242CSG3.ANWGLAZ USNQ242CSZ2.ANWBLAZ USNW092WSZ2.ANWBLAZ USNW122BSZ2.ANWBLAZ USNW122HSG3.ANWGLAZ USNW182CSG3.ANWGLAZ USNW182CSZ2.ANWBLAZ USNW242CSZ2.ANWBLAZ USNQ122BSZ2.ANWBLAZ S4NQ09WA5WB.EB2GAMZ","og_url":"https:\/\/dualgree.com.br\/loja\/produto\/suporte-da-placa-receptora-ar-condicionado-nverter-9-24btu\/","og_site_name":"Loja - Dual Gree Servi\u00e7os | Pe\u00e7as","article_modified_time":"2025-11-24T12:07:55+00:00","twitter_card":"summary_large_image","schema":{"@context":"https:\/\/schema.org","@graph":[{"@type":"WebPage","@id":"https:\/\/dualgree.com.br\/loja\/produto\/suporte-da-placa-receptora-ar-condicionado-nverter-9-24btu\/","url":"https:\/\/dualgree.com.br\/loja\/produto\/suporte-da-placa-receptora-ar-condicionado-nverter-9-24btu\/","name":"SUPORTE DA PLACA RECEPTORA AR CONDICIONADO NVERTER 9-24BTU - Loja - Dual Gree Servi\u00e7os | Pe\u00e7as","isPartOf":{"@id":"https:\/\/dualgree.com.br\/loja\/#website"},"primaryImageOfPage":{"@id":"https:\/\/dualgree.com.br\/loja\/produto\/suporte-da-placa-receptora-ar-condicionado-nverter-9-24btu\/#primaryimage"},"image":{"@id":"https:\/\/dualgree.com.br\/loja\/produto\/suporte-da-placa-receptora-ar-condicionado-nverter-9-24btu\/#primaryimage"},"thumbnailUrl":"https:\/\/dualgree.com.br\/loja\/wp-content\/uploads\/2024\/10\/15293756924-1568-suporte-da-placa-receptora-inverter-9-24-btus.jpeg","datePublished":"2024-10-01T13:04:09+00:00","dateModified":"2025-11-24T12:07:55+00:00","breadcrumb":{"@id":"https:\/\/dualgree.com.br\/loja\/produto\/suporte-da-placa-receptora-ar-condicionado-nverter-9-24btu\/#breadcrumb"},"inLanguage":"pt-BR","potentialAction":[{"@type":"ReadAction","target":["https:\/\/dualgree.com.br\/loja\/produto\/suporte-da-placa-receptora-ar-condicionado-nverter-9-24btu\/"]}]},{"@type":"ImageObject","inLanguage":"pt-BR","@id":"https:\/\/dualgree.com.br\/loja\/produto\/suporte-da-placa-receptora-ar-condicionado-nverter-9-24btu\/#primaryimage","url":"https:\/\/dualgree.com.br\/loja\/wp-content\/uploads\/2024\/10\/15293756924-1568-suporte-da-placa-receptora-inverter-9-24-btus.jpeg","contentUrl":"https:\/\/dualgree.com.br\/loja\/wp-content\/uploads\/2024\/10\/15293756924-1568-suporte-da-placa-receptora-inverter-9-24-btus.jpeg","width":1280,"height":1280},{"@type":"BreadcrumbList","@id":"https:\/\/dualgree.com.br\/loja\/produto\/suporte-da-placa-receptora-ar-condicionado-nverter-9-24btu\/#breadcrumb","itemListElement":[{"@type":"ListItem","position":1,"name":"In\u00edcio","item":"https:\/\/dualgree.com.br\/loja\/"},{"@type":"ListItem","position":2,"name":"Loja &#8211; Cat\u00e1logo de Pe\u00e7as","item":"https:\/\/dualgree.com.br\/loja\/"},{"@type":"ListItem","position":3,"name":"SUPORTE DA PLACA RECEPTORA AR CONDICIONADO NVERTER 9-24BTU"}]},{"@type":"WebSite","@id":"https:\/\/dualgree.com.br\/loja\/#website","url":"https:\/\/dualgree.com.br\/loja\/","name":"Loja - Dual Gree Servi\u00e7os | Partes e Pe\u00e7as","description":"Catalogo de Pe\u00e7as para ar condicionado","publisher":{"@id":"https:\/\/dualgree.com.br\/loja\/#organization"},"potentialAction":[{"@type":"SearchAction","target":{"@type":"EntryPoint","urlTemplate":"https:\/\/dualgree.com.br\/loja\/?s={search_term_string}"},"query-input":{"@type":"PropertyValueSpecification","valueRequired":true,"valueName":"search_term_string"}}],"inLanguage":"pt-BR"},{"@type":"Organization","@id":"https:\/\/dualgree.com.br\/loja\/#organization","name":"Loja Dual Gree Servi\u00e7o","url":"https:\/\/dualgree.com.br\/loja\/","logo":{"@type":"ImageObject","inLanguage":"pt-BR","@id":"https:\/\/dualgree.com.br\/loja\/#\/schema\/logo\/image\/","url":"https:\/\/dualgree.com.br\/loja\/wp-content\/uploads\/2024\/09\/teste-logo-ecommerce-dual-1-e1725909304971.png","contentUrl":"https:\/\/dualgree.com.br\/loja\/wp-content\/uploads\/2024\/09\/teste-logo-ecommerce-dual-1-e1725909304971.png","width":470,"height":157,"caption":"Loja Dual Gree Servi\u00e7o"},"image":{"@id":"https:\/\/dualgree.com.br\/loja\/#\/schema\/logo\/image\/"}}]}},"jetpack_publicize_connections":[],"jetpack_sharing_enabled":true,"jetpack_likes_enabled":true,"_links":{"self":[{"href":"https:\/\/dualgree.com.br\/loja\/wp-json\/wp\/v2\/product\/7203","targetHints":{"allow":["GET"]}}],"collection":[{"href":"https:\/\/dualgree.com.br\/loja\/wp-json\/wp\/v2\/product"}],"about":[{"href":"https:\/\/dualgree.com.br\/loja\/wp-json\/wp\/v2\/types\/product"}],"replies":[{"embeddable":true,"href":"https:\/\/dualgree.com.br\/loja\/wp-json\/wp\/v2\/comments?post=7203"}],"wp:featuredmedia":[{"embeddable":true,"href":"https:\/\/dualgree.com.br\/loja\/wp-json\/wp\/v2\/media\/7202"}],"wp:attachment":[{"href":"https:\/\/dualgree.com.br\/loja\/wp-json\/wp\/v2\/media?parent=7203"}],"wp:term":[{"taxonomy":"product_brand","embeddable":true,"href":"https:\/\/dualgree.com.br\/loja\/wp-json\/wp\/v2\/product_brand?post=7203"},{"taxonomy":"product_cat","embeddable":true,"href":"https:\/\/dualgree.com.br\/loja\/wp-json\/wp\/v2\/product_cat?post=7203"},{"taxonomy":"product_tag","embeddable":true,"href":"https:\/\/dualgree.com.br\/loja\/wp-json\/wp\/v2\/product_tag?post=7203"}],"curies":[{"name":"wp","href":"https:\/\/api.w.org\/{rel}","templated":true}]}}