{"id":7262,"date":"2024-10-02T14:04:27","date_gmt":"2024-10-02T14:04:27","guid":{"rendered":"https:\/\/dualgree.com.br\/loja\/produto\/filtro-tela-para-ar-condicionado-fujitsu-inverter-asba09jgc\/"},"modified":"2024-11-21T17:27:01","modified_gmt":"2024-11-21T17:27:01","slug":"filtro-tela-para-ar-condicionado-fujitsu-inverter-asba09jgc","status":"publish","type":"product","link":"https:\/\/dualgree.com.br\/loja\/produto\/filtro-tela-para-ar-condicionado-fujitsu-inverter-asba09jgc\/","title":{"rendered":"Filtro Tela Da Evaporadora Ar Condicionado Compativel Com Fu..."},"content":{"rendered":"<p>Ic1107-Filtro Tela Da Evaporadora Ar Condicionado Compativel Com Fujitsu Inverter ASBA09JGC<\/p>\n<p>Novo<\/p>\n<p>\u00a0<\/p>\n<p>No filtro:<\/p>\n<p>FRO 9316562XXXC3<\/p>\n<p>\u00a0<\/p>\n<p>Comprimento: 31,1cm<\/p>\n<p>Largura: 28,0cm<\/p>\n<p>\u00a0<\/p>\n<p>Modelos compativel:<\/p>\n<p>ASBA09JGC<\/p>\n<p>ASBA09LGC<\/p>\n<p>ASBA12JGC<\/p>\n<p>ASBA12LGC<\/p>\n","protected":false},"excerpt":{"rendered":"<p>ic1107 &#8211; Filtro para ar condicionado split Fujitsu inverter ASBA09JGC<\/p>\n<p>\u00a0<\/p>\n<p>itens do anuncio:<\/p>\n<p>\u00a0<\/p>\n<p>1x unidade de filtro fro 9316562xxx c3.<\/p>\n<p>\u00a0<\/p>\n<p>Para comprar mais unidades adicione no carrinho.<\/p>\n<p>\u00a0<\/p>\n<p>Filtro tela para ar condicionado split Fujitsu ASBA09JGC<\/p>\n<p>Filtro tela para ar condicionado split Fujitsu ASBA09LGC<\/p>\n<p>Filtro tela para ar condicionado split Fujitsu ASBA12JGC<\/p>\n<p>Filtro tela para ar condicionado split Fujitsu ASBA12LGC<\/p>\n","protected":false},"featured_media":8072,"comment_status":"open","ping_status":"closed","template":"","meta":{"_kadence_starter_templates_imported_post":false,"_kad_post_transparent":"","_kad_post_title":"","_kad_post_layout":"","_kad_post_sidebar_id":"","_kad_post_content_style":"","_kad_post_vertical_padding":"","_kad_post_feature":"","_kad_post_feature_position":"","_kad_post_header":false,"_kad_post_footer":false,"jetpack_publicize_message":"","jetpack_publicize_feature_enabled":true,"jetpack_social_post_already_shared":false,"jetpack_social_options":{"image_generator_settings":{"template":"highway","default_image_id":0,"font":"","enabled":false},"version":2}},"product_brand":[],"product_cat":[194,187],"product_tag":[],"class_list":{"0":"post-7262","1":"product","2":"type-product","3":"status-publish","4":"has-post-thumbnail","6":"product_cat-filtro-tela-split","7":"product_cat-fujitsu","9":"first","10":"instock","11":"shipping-taxable","12":"purchasable","13":"product-type-simple","14":"entry","15":"content-bg","16":"loop-entry"},"yoast_head":"<!-- This site is optimized with the Yoast SEO plugin v27.5 - https:\/\/yoast.com\/product\/yoast-seo-wordpress\/ -->\n<title>Filtro Tela Da Evaporadora Ar Condicionado Compativel Com Fujitsu Inverter ASBA09JGC - Loja - Dual Gree Servi\u00e7os | Pe\u00e7as<\/title>\n<meta name=\"robots\" content=\"index, follow, max-snippet:-1, max-image-preview:large, max-video-preview:-1\" \/>\n<link rel=\"canonical\" href=\"https:\/\/dualgree.com.br\/loja\/produto\/filtro-tela-para-ar-condicionado-fujitsu-inverter-asba09jgc\/\" \/>\n<meta property=\"og:locale\" content=\"pt_BR\" \/>\n<meta property=\"og:type\" content=\"article\" \/>\n<meta property=\"og:title\" content=\"Filtro Tela Da Evaporadora Ar Condicionado Compativel Com Fujitsu Inverter ASBA09JGC - Loja - Dual Gree Servi\u00e7os | Pe\u00e7as\" \/>\n<meta property=\"og:description\" content=\"ic1107 - Filtro para ar condicionado split Fujitsu inverter ASBA09JGC \u00a0 itens do anuncio: \u00a0 1x unidade de filtro fro 9316562xxx c3. \u00a0 Para comprar mais unidades adicione no carrinho. \u00a0 Filtro tela para ar condicionado split Fujitsu ASBA09JGC Filtro tela para ar condicionado split Fujitsu ASBA09LGC Filtro tela para ar condicionado split Fujitsu ASBA12JGC Filtro tela para ar condicionado split Fujitsu ASBA12LGC\" \/>\n<meta property=\"og:url\" content=\"https:\/\/dualgree.com.br\/loja\/produto\/filtro-tela-para-ar-condicionado-fujitsu-inverter-asba09jgc\/\" \/>\n<meta property=\"og:site_name\" content=\"Loja - Dual Gree Servi\u00e7os | Pe\u00e7as\" \/>\n<meta property=\"article:modified_time\" content=\"2024-11-21T17:27:01+00:00\" \/>\n<meta property=\"og:image\" content=\"https:\/\/dualgree.com.br\/loja\/wp-content\/uploads\/2024\/10\/15303408755-1107-filtro-de-ar-condicionado-fujitsu-asba12jgc-asba09jgc-rotated.jpeg\" \/>\n\t<meta property=\"og:image:width\" content=\"1280\" \/>\n\t<meta property=\"og:image:height\" content=\"1280\" \/>\n\t<meta property=\"og:image:type\" content=\"image\/jpeg\" \/>\n<meta name=\"twitter:card\" content=\"summary_large_image\" \/>\n<script type=\"application\/ld+json\" class=\"yoast-schema-graph\">{\"@context\":\"https:\\\/\\\/schema.org\",\"@graph\":[{\"@type\":\"WebPage\",\"@id\":\"https:\\\/\\\/dualgree.com.br\\\/loja\\\/produto\\\/filtro-tela-para-ar-condicionado-fujitsu-inverter-asba09jgc\\\/\",\"url\":\"https:\\\/\\\/dualgree.com.br\\\/loja\\\/produto\\\/filtro-tela-para-ar-condicionado-fujitsu-inverter-asba09jgc\\\/\",\"name\":\"Filtro Tela Da Evaporadora Ar Condicionado Compativel Com Fujitsu Inverter ASBA09JGC - Loja - Dual Gree Servi\u00e7os | Pe\u00e7as\",\"isPartOf\":{\"@id\":\"https:\\\/\\\/dualgree.com.br\\\/loja\\\/#website\"},\"primaryImageOfPage\":{\"@id\":\"https:\\\/\\\/dualgree.com.br\\\/loja\\\/produto\\\/filtro-tela-para-ar-condicionado-fujitsu-inverter-asba09jgc\\\/#primaryimage\"},\"image\":{\"@id\":\"https:\\\/\\\/dualgree.com.br\\\/loja\\\/produto\\\/filtro-tela-para-ar-condicionado-fujitsu-inverter-asba09jgc\\\/#primaryimage\"},\"thumbnailUrl\":\"https:\\\/\\\/dualgree.com.br\\\/loja\\\/wp-content\\\/uploads\\\/2024\\\/10\\\/15307403091-1107-filtro-fujitsu-evaporadora-inverter-asba09jgc.jpeg\",\"datePublished\":\"2024-10-02T14:04:27+00:00\",\"dateModified\":\"2024-11-21T17:27:01+00:00\",\"breadcrumb\":{\"@id\":\"https:\\\/\\\/dualgree.com.br\\\/loja\\\/produto\\\/filtro-tela-para-ar-condicionado-fujitsu-inverter-asba09jgc\\\/#breadcrumb\"},\"inLanguage\":\"pt-BR\",\"potentialAction\":[{\"@type\":\"ReadAction\",\"target\":[\"https:\\\/\\\/dualgree.com.br\\\/loja\\\/produto\\\/filtro-tela-para-ar-condicionado-fujitsu-inverter-asba09jgc\\\/\"]}]},{\"@type\":\"ImageObject\",\"inLanguage\":\"pt-BR\",\"@id\":\"https:\\\/\\\/dualgree.com.br\\\/loja\\\/produto\\\/filtro-tela-para-ar-condicionado-fujitsu-inverter-asba09jgc\\\/#primaryimage\",\"url\":\"https:\\\/\\\/dualgree.com.br\\\/loja\\\/wp-content\\\/uploads\\\/2024\\\/10\\\/15307403091-1107-filtro-fujitsu-evaporadora-inverter-asba09jgc.jpeg\",\"contentUrl\":\"https:\\\/\\\/dualgree.com.br\\\/loja\\\/wp-content\\\/uploads\\\/2024\\\/10\\\/15307403091-1107-filtro-fujitsu-evaporadora-inverter-asba09jgc.jpeg\",\"width\":1280,\"height\":1280},{\"@type\":\"BreadcrumbList\",\"@id\":\"https:\\\/\\\/dualgree.com.br\\\/loja\\\/produto\\\/filtro-tela-para-ar-condicionado-fujitsu-inverter-asba09jgc\\\/#breadcrumb\",\"itemListElement\":[{\"@type\":\"ListItem\",\"position\":1,\"name\":\"In\u00edcio\",\"item\":\"https:\\\/\\\/dualgree.com.br\\\/loja\\\/\"},{\"@type\":\"ListItem\",\"position\":2,\"name\":\"Loja &#8211; Cat\u00e1logo de Pe\u00e7as\",\"item\":\"https:\\\/\\\/dualgree.com.br\\\/loja\\\/\"},{\"@type\":\"ListItem\",\"position\":3,\"name\":\"Filtro Tela Da Evaporadora Ar Condicionado Compativel Com Fu...\"}]},{\"@type\":\"WebSite\",\"@id\":\"https:\\\/\\\/dualgree.com.br\\\/loja\\\/#website\",\"url\":\"https:\\\/\\\/dualgree.com.br\\\/loja\\\/\",\"name\":\"Loja - Dual Gree Servi\u00e7os | Partes e Pe\u00e7as\",\"description\":\"Catalogo de Pe\u00e7as para ar condicionado\",\"publisher\":{\"@id\":\"https:\\\/\\\/dualgree.com.br\\\/loja\\\/#organization\"},\"potentialAction\":[{\"@type\":\"SearchAction\",\"target\":{\"@type\":\"EntryPoint\",\"urlTemplate\":\"https:\\\/\\\/dualgree.com.br\\\/loja\\\/?s={search_term_string}\"},\"query-input\":{\"@type\":\"PropertyValueSpecification\",\"valueRequired\":true,\"valueName\":\"search_term_string\"}}],\"inLanguage\":\"pt-BR\"},{\"@type\":\"Organization\",\"@id\":\"https:\\\/\\\/dualgree.com.br\\\/loja\\\/#organization\",\"name\":\"Loja Dual Gree Servi\u00e7o\",\"url\":\"https:\\\/\\\/dualgree.com.br\\\/loja\\\/\",\"logo\":{\"@type\":\"ImageObject\",\"inLanguage\":\"pt-BR\",\"@id\":\"https:\\\/\\\/dualgree.com.br\\\/loja\\\/#\\\/schema\\\/logo\\\/image\\\/\",\"url\":\"https:\\\/\\\/dualgree.com.br\\\/loja\\\/wp-content\\\/uploads\\\/2024\\\/09\\\/teste-logo-ecommerce-dual-1-e1725909304971.png\",\"contentUrl\":\"https:\\\/\\\/dualgree.com.br\\\/loja\\\/wp-content\\\/uploads\\\/2024\\\/09\\\/teste-logo-ecommerce-dual-1-e1725909304971.png\",\"width\":470,\"height\":157,\"caption\":\"Loja Dual Gree Servi\u00e7o\"},\"image\":{\"@id\":\"https:\\\/\\\/dualgree.com.br\\\/loja\\\/#\\\/schema\\\/logo\\\/image\\\/\"}}]}<\/script>\n<!-- \/ Yoast SEO plugin. -->","yoast_head_json":{"title":"Filtro Tela Da Evaporadora Ar Condicionado Compativel Com Fujitsu Inverter ASBA09JGC - Loja - Dual Gree Servi\u00e7os | Pe\u00e7as","robots":{"index":"index","follow":"follow","max-snippet":"max-snippet:-1","max-image-preview":"max-image-preview:large","max-video-preview":"max-video-preview:-1"},"canonical":"https:\/\/dualgree.com.br\/loja\/produto\/filtro-tela-para-ar-condicionado-fujitsu-inverter-asba09jgc\/","og_locale":"pt_BR","og_type":"article","og_title":"Filtro Tela Da Evaporadora Ar Condicionado Compativel Com Fujitsu Inverter ASBA09JGC - Loja - Dual Gree Servi\u00e7os | Pe\u00e7as","og_description":"ic1107 - Filtro para ar condicionado split Fujitsu inverter ASBA09JGC \u00a0 itens do anuncio: \u00a0 1x unidade de filtro fro 9316562xxx c3. \u00a0 Para comprar mais unidades adicione no carrinho. \u00a0 Filtro tela para ar condicionado split Fujitsu ASBA09JGC Filtro tela para ar condicionado split Fujitsu ASBA09LGC Filtro tela para ar condicionado split Fujitsu ASBA12JGC Filtro tela para ar condicionado split Fujitsu ASBA12LGC","og_url":"https:\/\/dualgree.com.br\/loja\/produto\/filtro-tela-para-ar-condicionado-fujitsu-inverter-asba09jgc\/","og_site_name":"Loja - Dual Gree Servi\u00e7os | Pe\u00e7as","article_modified_time":"2024-11-21T17:27:01+00:00","og_image":[{"width":1280,"height":1280,"url":"https:\/\/dualgree.com.br\/loja\/wp-content\/uploads\/2024\/10\/15303408755-1107-filtro-de-ar-condicionado-fujitsu-asba12jgc-asba09jgc-rotated.jpeg","type":"image\/jpeg"}],"twitter_card":"summary_large_image","schema":{"@context":"https:\/\/schema.org","@graph":[{"@type":"WebPage","@id":"https:\/\/dualgree.com.br\/loja\/produto\/filtro-tela-para-ar-condicionado-fujitsu-inverter-asba09jgc\/","url":"https:\/\/dualgree.com.br\/loja\/produto\/filtro-tela-para-ar-condicionado-fujitsu-inverter-asba09jgc\/","name":"Filtro Tela Da Evaporadora Ar Condicionado Compativel Com Fujitsu Inverter ASBA09JGC - Loja - Dual Gree Servi\u00e7os | Pe\u00e7as","isPartOf":{"@id":"https:\/\/dualgree.com.br\/loja\/#website"},"primaryImageOfPage":{"@id":"https:\/\/dualgree.com.br\/loja\/produto\/filtro-tela-para-ar-condicionado-fujitsu-inverter-asba09jgc\/#primaryimage"},"image":{"@id":"https:\/\/dualgree.com.br\/loja\/produto\/filtro-tela-para-ar-condicionado-fujitsu-inverter-asba09jgc\/#primaryimage"},"thumbnailUrl":"https:\/\/dualgree.com.br\/loja\/wp-content\/uploads\/2024\/10\/15307403091-1107-filtro-fujitsu-evaporadora-inverter-asba09jgc.jpeg","datePublished":"2024-10-02T14:04:27+00:00","dateModified":"2024-11-21T17:27:01+00:00","breadcrumb":{"@id":"https:\/\/dualgree.com.br\/loja\/produto\/filtro-tela-para-ar-condicionado-fujitsu-inverter-asba09jgc\/#breadcrumb"},"inLanguage":"pt-BR","potentialAction":[{"@type":"ReadAction","target":["https:\/\/dualgree.com.br\/loja\/produto\/filtro-tela-para-ar-condicionado-fujitsu-inverter-asba09jgc\/"]}]},{"@type":"ImageObject","inLanguage":"pt-BR","@id":"https:\/\/dualgree.com.br\/loja\/produto\/filtro-tela-para-ar-condicionado-fujitsu-inverter-asba09jgc\/#primaryimage","url":"https:\/\/dualgree.com.br\/loja\/wp-content\/uploads\/2024\/10\/15307403091-1107-filtro-fujitsu-evaporadora-inverter-asba09jgc.jpeg","contentUrl":"https:\/\/dualgree.com.br\/loja\/wp-content\/uploads\/2024\/10\/15307403091-1107-filtro-fujitsu-evaporadora-inverter-asba09jgc.jpeg","width":1280,"height":1280},{"@type":"BreadcrumbList","@id":"https:\/\/dualgree.com.br\/loja\/produto\/filtro-tela-para-ar-condicionado-fujitsu-inverter-asba09jgc\/#breadcrumb","itemListElement":[{"@type":"ListItem","position":1,"name":"In\u00edcio","item":"https:\/\/dualgree.com.br\/loja\/"},{"@type":"ListItem","position":2,"name":"Loja &#8211; Cat\u00e1logo de Pe\u00e7as","item":"https:\/\/dualgree.com.br\/loja\/"},{"@type":"ListItem","position":3,"name":"Filtro Tela Da Evaporadora Ar Condicionado Compativel Com Fu..."}]},{"@type":"WebSite","@id":"https:\/\/dualgree.com.br\/loja\/#website","url":"https:\/\/dualgree.com.br\/loja\/","name":"Loja - Dual Gree Servi\u00e7os | Partes e Pe\u00e7as","description":"Catalogo de Pe\u00e7as para ar condicionado","publisher":{"@id":"https:\/\/dualgree.com.br\/loja\/#organization"},"potentialAction":[{"@type":"SearchAction","target":{"@type":"EntryPoint","urlTemplate":"https:\/\/dualgree.com.br\/loja\/?s={search_term_string}"},"query-input":{"@type":"PropertyValueSpecification","valueRequired":true,"valueName":"search_term_string"}}],"inLanguage":"pt-BR"},{"@type":"Organization","@id":"https:\/\/dualgree.com.br\/loja\/#organization","name":"Loja Dual Gree Servi\u00e7o","url":"https:\/\/dualgree.com.br\/loja\/","logo":{"@type":"ImageObject","inLanguage":"pt-BR","@id":"https:\/\/dualgree.com.br\/loja\/#\/schema\/logo\/image\/","url":"https:\/\/dualgree.com.br\/loja\/wp-content\/uploads\/2024\/09\/teste-logo-ecommerce-dual-1-e1725909304971.png","contentUrl":"https:\/\/dualgree.com.br\/loja\/wp-content\/uploads\/2024\/09\/teste-logo-ecommerce-dual-1-e1725909304971.png","width":470,"height":157,"caption":"Loja Dual Gree Servi\u00e7o"},"image":{"@id":"https:\/\/dualgree.com.br\/loja\/#\/schema\/logo\/image\/"}}]}},"jetpack_publicize_connections":[],"jetpack_sharing_enabled":true,"jetpack_likes_enabled":true,"_links":{"self":[{"href":"https:\/\/dualgree.com.br\/loja\/wp-json\/wp\/v2\/product\/7262","targetHints":{"allow":["GET"]}}],"collection":[{"href":"https:\/\/dualgree.com.br\/loja\/wp-json\/wp\/v2\/product"}],"about":[{"href":"https:\/\/dualgree.com.br\/loja\/wp-json\/wp\/v2\/types\/product"}],"replies":[{"embeddable":true,"href":"https:\/\/dualgree.com.br\/loja\/wp-json\/wp\/v2\/comments?post=7262"}],"wp:featuredmedia":[{"embeddable":true,"href":"https:\/\/dualgree.com.br\/loja\/wp-json\/wp\/v2\/media\/8072"}],"wp:attachment":[{"href":"https:\/\/dualgree.com.br\/loja\/wp-json\/wp\/v2\/media?parent=7262"}],"wp:term":[{"taxonomy":"product_brand","embeddable":true,"href":"https:\/\/dualgree.com.br\/loja\/wp-json\/wp\/v2\/product_brand?post=7262"},{"taxonomy":"product_cat","embeddable":true,"href":"https:\/\/dualgree.com.br\/loja\/wp-json\/wp\/v2\/product_cat?post=7262"},{"taxonomy":"product_tag","embeddable":true,"href":"https:\/\/dualgree.com.br\/loja\/wp-json\/wp\/v2\/product_tag?post=7262"}],"curies":[{"name":"wp","href":"https:\/\/api.w.org\/{rel}","templated":true}]}}