{"id":7625,"date":"2024-10-12T21:52:59","date_gmt":"2024-10-12T21:52:59","guid":{"rendered":"https:\/\/dualgree.com.br\/loja\/produto\/turbina-inferiror-do-ar-condicionado-delonghi-pinguino-an120\/"},"modified":"2026-03-10T13:58:28","modified_gmt":"2026-03-10T13:58:28","slug":"turbina-inferiror-do-ar-condicionado-delonghi-pinguino-an120","status":"publish","type":"product","link":"https:\/\/dualgree.com.br\/loja\/produto\/turbina-inferiror-do-ar-condicionado-delonghi-pinguino-an120\/","title":{"rendered":"Turbina inferiror do ar condicionado portatil Delonghi pingu..."},"content":{"rendered":"<p>Dg4224 &#8211; turbina inferior do ar condiciondo Portatil delonghi pinguino An120<\/p>\n<p>\u00a0<\/p>\n<p>Informe seu modelo tire foto da etiqueta caso n\u00e3o saiba. Para agilize o envio.<\/p>\n<p>\u00a0<\/p>\n<p>Aten\u00e7\u00e3o n\u00e3o compre errrado. Fale com vendedor<\/p>\n<p>\u00a0<\/p>\n<p>Compat\u00edvel com os modelos da Delonghi pinguino<\/p>\n<p>\u00a0<\/p>\n<p><span style=\"color: #ba0055;font-family: 'Proxima Nova', -apple-system, Roboto, Arial, sans-serif\"><span style=\"font-size: 20px\">PAC AN120<\/span><\/span><\/p>\n<p><span style=\"color: #ba0055;font-family: 'Proxima Nova', -apple-system, Roboto, Arial, sans-serif\"><span style=\"font-size: 20px\">PAC AN130<\/span><\/span><\/p>\n<p><span style=\"color: #ba0055;font-family: 'Proxima Nova', -apple-system, Roboto, Arial, sans-serif\"><span style=\"font-size: 20px\">PAC AN145<\/span><\/span><\/p>\n<p><span style=\"color: #ba0055;font-family: 'Proxima Nova', -apple-system, Roboto, Arial, sans-serif\"><span style=\"font-size: 20px\">PAC N120BR<\/span><\/span><\/p>\n<p><span style=\"color: #ba0055;font-family: 'Proxima Nova', -apple-system, Roboto, Arial, sans-serif\"><span style=\"font-size: 20px\">PAC AN130RF<\/span><\/span><\/p>\n<p><span style=\"color: #ba0055;font-family: 'Proxima Nova', -apple-system, Roboto, Arial, sans-serif\"><span style=\"font-size: 20px\">PAC AN145RF<\/span><\/span><\/p>\n<p><span style=\"color: #ba0055;font-family: 'Proxima Nova', -apple-system, Roboto, Arial, sans-serif\"><span style=\"font-size: 20px\">AG 1000<\/span><\/span><\/p>\n<p>\u00a0\u00a0<\/p>\n<p><span style=\"color: #ba0055;font-family: 'Proxima Nova', -apple-system, Roboto, Arial, sans-serif\"><span style=\"font-size: 20px\">Turbina renovada e refor\u00e7ada, por\u00e9m deve efetuar a limpeza da serpentina do condensador. Evite a quebra novamente.<\/span><\/span><\/p>\n<p>\u00a0<\/p>\n<p><span style=\"color: #ba0055;font-family: 'Proxima Nova', -apple-system, Roboto, Arial, sans-serif\"><span style=\"font-size: 20px\">100% dos casos de quebra desta helice \u00e9 (sujeira interna ), causando superaquecimento e dilata\u00e7\u00e3o da turbina e queima do motor.<\/span><\/span><\/p>\n<p>\u00a0<\/p>\n<p>Dimens\u00f5es do produto<\/p>\n<p>\u00a0<\/p>\n<p><span style=\"font-family: 'Proxima Nova', -apple-system, Roboto, Arial, sans-serif;font-size: 16px\">22,5cm de di\u00e2metro X 11cm de altura<\/span><\/p>\n<p>\u00a0<\/p>\n","protected":false},"excerpt":{"rendered":"<p>Dg4224 &#8211; turbina inferior do ar condicionado DElonghi pinguino Portatil An120<\/p>\n<p>\u00a0<\/p>\n<p>Turbina renovada e refor\u00e7ada, porem deve efetuar a limpeza da serpentina do condensador.\u00a0<\/p>\n<p>\u00a0<\/p>\n<p>Compat\u00edvel com<\/p>\n<p>\u00a0<\/p>\n<p>An120<\/p>\n<p>N120br<\/p>\n<p>An145rf<\/p>\n<p>N145br<\/p>\n<p>N130br<\/p>\n<p>An130rf<\/p>\n","protected":false},"featured_media":12576,"comment_status":"open","ping_status":"closed","template":"","meta":{"_kadence_starter_templates_imported_post":false,"_kad_post_transparent":"default","_kad_post_title":"","_kad_post_layout":"default","_kad_post_sidebar_id":"","_kad_post_content_style":"default","_kad_post_vertical_padding":"default","_kad_post_feature":"","_kad_post_feature_position":"","_kad_post_header":false,"_kad_post_footer":false,"jetpack_publicize_message":"","jetpack_publicize_feature_enabled":true,"jetpack_social_post_already_shared":false,"jetpack_social_options":{"image_generator_settings":{"template":"highway","default_image_id":0,"font":"","enabled":false},"version":2}},"product_brand":[],"product_cat":[225,278],"product_tag":[],"class_list":{"0":"post-7625","1":"product","2":"type-product","3":"status-publish","4":"has-post-thumbnail","6":"product_cat-delonghi","7":"product_cat-turbina-inferior-ar-portatil","9":"first","10":"instock","11":"shipping-taxable","12":"purchasable","13":"product-type-simple","14":"entry","15":"content-bg","16":"loop-entry"},"yoast_head":"<!-- This site is optimized with the Yoast SEO plugin v27.5 - https:\/\/yoast.com\/product\/yoast-seo-wordpress\/ -->\n<title>Turbina inferiror do ar condicionado portatil Delonghi pinguino An120 - Loja - Dual Gree Servi\u00e7os | Pe\u00e7as<\/title>\n<meta name=\"robots\" content=\"index, follow, max-snippet:-1, max-image-preview:large, max-video-preview:-1\" \/>\n<link rel=\"canonical\" href=\"https:\/\/dualgree.com.br\/loja\/produto\/turbina-inferiror-do-ar-condicionado-delonghi-pinguino-an120\/\" \/>\n<meta property=\"og:locale\" content=\"pt_BR\" \/>\n<meta property=\"og:type\" content=\"article\" \/>\n<meta property=\"og:title\" content=\"Turbina inferiror do ar condicionado portatil Delonghi pinguino An120 - Loja - Dual Gree Servi\u00e7os | Pe\u00e7as\" \/>\n<meta property=\"og:description\" content=\"Dg4224 - turbina inferior do ar condicionado DElonghi pinguino Portatil An120 \u00a0 Turbina renovada e refor\u00e7ada, porem deve efetuar a limpeza da serpentina do condensador.\u00a0 \u00a0 Compat\u00edvel com \u00a0 An120 N120br An145rf N145br N130br An130rf\" \/>\n<meta property=\"og:url\" content=\"https:\/\/dualgree.com.br\/loja\/produto\/turbina-inferiror-do-ar-condicionado-delonghi-pinguino-an120\/\" \/>\n<meta property=\"og:site_name\" content=\"Loja - Dual Gree Servi\u00e7os | Pe\u00e7as\" \/>\n<meta property=\"article:modified_time\" content=\"2026-03-10T13:58:28+00:00\" \/>\n<meta property=\"og:image\" content=\"https:\/\/dualgree.com.br\/loja\/wp-content\/uploads\/2025\/09\/15301690142-4224-turbina-inferior-do-portatil-an120-3-3.webp\" \/>\n\t<meta property=\"og:image:width\" content=\"1280\" \/>\n\t<meta property=\"og:image:height\" content=\"1280\" \/>\n\t<meta property=\"og:image:type\" content=\"image\/jpeg\" \/>\n<meta name=\"twitter:card\" content=\"summary_large_image\" \/>\n<meta name=\"twitter:label1\" content=\"Est. tempo de leitura\" \/>\n\t<meta name=\"twitter:data1\" content=\"1 minuto\" \/>\n<script type=\"application\/ld+json\" class=\"yoast-schema-graph\">{\"@context\":\"https:\\\/\\\/schema.org\",\"@graph\":[{\"@type\":\"WebPage\",\"@id\":\"https:\\\/\\\/dualgree.com.br\\\/loja\\\/produto\\\/turbina-inferiror-do-ar-condicionado-delonghi-pinguino-an120\\\/\",\"url\":\"https:\\\/\\\/dualgree.com.br\\\/loja\\\/produto\\\/turbina-inferiror-do-ar-condicionado-delonghi-pinguino-an120\\\/\",\"name\":\"Turbina inferiror do ar condicionado portatil Delonghi pinguino An120 - Loja - Dual Gree Servi\u00e7os | Pe\u00e7as\",\"isPartOf\":{\"@id\":\"https:\\\/\\\/dualgree.com.br\\\/loja\\\/#website\"},\"primaryImageOfPage\":{\"@id\":\"https:\\\/\\\/dualgree.com.br\\\/loja\\\/produto\\\/turbina-inferiror-do-ar-condicionado-delonghi-pinguino-an120\\\/#primaryimage\"},\"image\":{\"@id\":\"https:\\\/\\\/dualgree.com.br\\\/loja\\\/produto\\\/turbina-inferiror-do-ar-condicionado-delonghi-pinguino-an120\\\/#primaryimage\"},\"thumbnailUrl\":\"https:\\\/\\\/dualgree.com.br\\\/loja\\\/wp-content\\\/uploads\\\/2025\\\/11\\\/15111919333-pacan120-1.webp\",\"datePublished\":\"2024-10-12T21:52:59+00:00\",\"dateModified\":\"2026-03-10T13:58:28+00:00\",\"breadcrumb\":{\"@id\":\"https:\\\/\\\/dualgree.com.br\\\/loja\\\/produto\\\/turbina-inferiror-do-ar-condicionado-delonghi-pinguino-an120\\\/#breadcrumb\"},\"inLanguage\":\"pt-BR\",\"potentialAction\":[{\"@type\":\"ReadAction\",\"target\":[\"https:\\\/\\\/dualgree.com.br\\\/loja\\\/produto\\\/turbina-inferiror-do-ar-condicionado-delonghi-pinguino-an120\\\/\"]}]},{\"@type\":\"ImageObject\",\"inLanguage\":\"pt-BR\",\"@id\":\"https:\\\/\\\/dualgree.com.br\\\/loja\\\/produto\\\/turbina-inferiror-do-ar-condicionado-delonghi-pinguino-an120\\\/#primaryimage\",\"url\":\"https:\\\/\\\/dualgree.com.br\\\/loja\\\/wp-content\\\/uploads\\\/2025\\\/11\\\/15111919333-pacan120-1.webp\",\"contentUrl\":\"https:\\\/\\\/dualgree.com.br\\\/loja\\\/wp-content\\\/uploads\\\/2025\\\/11\\\/15111919333-pacan120-1.webp\",\"width\":1440,\"height\":1080},{\"@type\":\"BreadcrumbList\",\"@id\":\"https:\\\/\\\/dualgree.com.br\\\/loja\\\/produto\\\/turbina-inferiror-do-ar-condicionado-delonghi-pinguino-an120\\\/#breadcrumb\",\"itemListElement\":[{\"@type\":\"ListItem\",\"position\":1,\"name\":\"In\u00edcio\",\"item\":\"https:\\\/\\\/dualgree.com.br\\\/loja\\\/\"},{\"@type\":\"ListItem\",\"position\":2,\"name\":\"Loja &#8211; Cat\u00e1logo de Pe\u00e7as\",\"item\":\"https:\\\/\\\/dualgree.com.br\\\/loja\\\/\"},{\"@type\":\"ListItem\",\"position\":3,\"name\":\"Turbina inferiror do ar condicionado portatil Delonghi pingu...\"}]},{\"@type\":\"WebSite\",\"@id\":\"https:\\\/\\\/dualgree.com.br\\\/loja\\\/#website\",\"url\":\"https:\\\/\\\/dualgree.com.br\\\/loja\\\/\",\"name\":\"Loja - Dual Gree Servi\u00e7os | Partes e Pe\u00e7as\",\"description\":\"Catalogo de Pe\u00e7as para ar condicionado\",\"publisher\":{\"@id\":\"https:\\\/\\\/dualgree.com.br\\\/loja\\\/#organization\"},\"potentialAction\":[{\"@type\":\"SearchAction\",\"target\":{\"@type\":\"EntryPoint\",\"urlTemplate\":\"https:\\\/\\\/dualgree.com.br\\\/loja\\\/?s={search_term_string}\"},\"query-input\":{\"@type\":\"PropertyValueSpecification\",\"valueRequired\":true,\"valueName\":\"search_term_string\"}}],\"inLanguage\":\"pt-BR\"},{\"@type\":\"Organization\",\"@id\":\"https:\\\/\\\/dualgree.com.br\\\/loja\\\/#organization\",\"name\":\"Loja Dual Gree Servi\u00e7o\",\"url\":\"https:\\\/\\\/dualgree.com.br\\\/loja\\\/\",\"logo\":{\"@type\":\"ImageObject\",\"inLanguage\":\"pt-BR\",\"@id\":\"https:\\\/\\\/dualgree.com.br\\\/loja\\\/#\\\/schema\\\/logo\\\/image\\\/\",\"url\":\"https:\\\/\\\/dualgree.com.br\\\/loja\\\/wp-content\\\/uploads\\\/2024\\\/09\\\/teste-logo-ecommerce-dual-1-e1725909304971.png\",\"contentUrl\":\"https:\\\/\\\/dualgree.com.br\\\/loja\\\/wp-content\\\/uploads\\\/2024\\\/09\\\/teste-logo-ecommerce-dual-1-e1725909304971.png\",\"width\":470,\"height\":157,\"caption\":\"Loja Dual Gree Servi\u00e7o\"},\"image\":{\"@id\":\"https:\\\/\\\/dualgree.com.br\\\/loja\\\/#\\\/schema\\\/logo\\\/image\\\/\"}}]}<\/script>\n<!-- \/ Yoast SEO plugin. -->","yoast_head_json":{"title":"Turbina inferiror do ar condicionado portatil Delonghi pinguino An120 - Loja - Dual Gree Servi\u00e7os | Pe\u00e7as","robots":{"index":"index","follow":"follow","max-snippet":"max-snippet:-1","max-image-preview":"max-image-preview:large","max-video-preview":"max-video-preview:-1"},"canonical":"https:\/\/dualgree.com.br\/loja\/produto\/turbina-inferiror-do-ar-condicionado-delonghi-pinguino-an120\/","og_locale":"pt_BR","og_type":"article","og_title":"Turbina inferiror do ar condicionado portatil Delonghi pinguino An120 - Loja - Dual Gree Servi\u00e7os | Pe\u00e7as","og_description":"Dg4224 - turbina inferior do ar condicionado DElonghi pinguino Portatil An120 \u00a0 Turbina renovada e refor\u00e7ada, porem deve efetuar a limpeza da serpentina do condensador.\u00a0 \u00a0 Compat\u00edvel com \u00a0 An120 N120br An145rf N145br N130br An130rf","og_url":"https:\/\/dualgree.com.br\/loja\/produto\/turbina-inferiror-do-ar-condicionado-delonghi-pinguino-an120\/","og_site_name":"Loja - Dual Gree Servi\u00e7os | Pe\u00e7as","article_modified_time":"2026-03-10T13:58:28+00:00","og_image":[{"width":1280,"height":1280,"url":"https:\/\/dualgree.com.br\/loja\/wp-content\/uploads\/2025\/09\/15301690142-4224-turbina-inferior-do-portatil-an120-3-3.webp","type":"image\/jpeg"}],"twitter_card":"summary_large_image","twitter_misc":{"Est. tempo de leitura":"1 minuto"},"schema":{"@context":"https:\/\/schema.org","@graph":[{"@type":"WebPage","@id":"https:\/\/dualgree.com.br\/loja\/produto\/turbina-inferiror-do-ar-condicionado-delonghi-pinguino-an120\/","url":"https:\/\/dualgree.com.br\/loja\/produto\/turbina-inferiror-do-ar-condicionado-delonghi-pinguino-an120\/","name":"Turbina inferiror do ar condicionado portatil Delonghi pinguino An120 - Loja - Dual Gree Servi\u00e7os | Pe\u00e7as","isPartOf":{"@id":"https:\/\/dualgree.com.br\/loja\/#website"},"primaryImageOfPage":{"@id":"https:\/\/dualgree.com.br\/loja\/produto\/turbina-inferiror-do-ar-condicionado-delonghi-pinguino-an120\/#primaryimage"},"image":{"@id":"https:\/\/dualgree.com.br\/loja\/produto\/turbina-inferiror-do-ar-condicionado-delonghi-pinguino-an120\/#primaryimage"},"thumbnailUrl":"https:\/\/dualgree.com.br\/loja\/wp-content\/uploads\/2025\/11\/15111919333-pacan120-1.webp","datePublished":"2024-10-12T21:52:59+00:00","dateModified":"2026-03-10T13:58:28+00:00","breadcrumb":{"@id":"https:\/\/dualgree.com.br\/loja\/produto\/turbina-inferiror-do-ar-condicionado-delonghi-pinguino-an120\/#breadcrumb"},"inLanguage":"pt-BR","potentialAction":[{"@type":"ReadAction","target":["https:\/\/dualgree.com.br\/loja\/produto\/turbina-inferiror-do-ar-condicionado-delonghi-pinguino-an120\/"]}]},{"@type":"ImageObject","inLanguage":"pt-BR","@id":"https:\/\/dualgree.com.br\/loja\/produto\/turbina-inferiror-do-ar-condicionado-delonghi-pinguino-an120\/#primaryimage","url":"https:\/\/dualgree.com.br\/loja\/wp-content\/uploads\/2025\/11\/15111919333-pacan120-1.webp","contentUrl":"https:\/\/dualgree.com.br\/loja\/wp-content\/uploads\/2025\/11\/15111919333-pacan120-1.webp","width":1440,"height":1080},{"@type":"BreadcrumbList","@id":"https:\/\/dualgree.com.br\/loja\/produto\/turbina-inferiror-do-ar-condicionado-delonghi-pinguino-an120\/#breadcrumb","itemListElement":[{"@type":"ListItem","position":1,"name":"In\u00edcio","item":"https:\/\/dualgree.com.br\/loja\/"},{"@type":"ListItem","position":2,"name":"Loja &#8211; Cat\u00e1logo de Pe\u00e7as","item":"https:\/\/dualgree.com.br\/loja\/"},{"@type":"ListItem","position":3,"name":"Turbina inferiror do ar condicionado portatil Delonghi pingu..."}]},{"@type":"WebSite","@id":"https:\/\/dualgree.com.br\/loja\/#website","url":"https:\/\/dualgree.com.br\/loja\/","name":"Loja - Dual Gree Servi\u00e7os | Partes e Pe\u00e7as","description":"Catalogo de Pe\u00e7as para ar condicionado","publisher":{"@id":"https:\/\/dualgree.com.br\/loja\/#organization"},"potentialAction":[{"@type":"SearchAction","target":{"@type":"EntryPoint","urlTemplate":"https:\/\/dualgree.com.br\/loja\/?s={search_term_string}"},"query-input":{"@type":"PropertyValueSpecification","valueRequired":true,"valueName":"search_term_string"}}],"inLanguage":"pt-BR"},{"@type":"Organization","@id":"https:\/\/dualgree.com.br\/loja\/#organization","name":"Loja Dual Gree Servi\u00e7o","url":"https:\/\/dualgree.com.br\/loja\/","logo":{"@type":"ImageObject","inLanguage":"pt-BR","@id":"https:\/\/dualgree.com.br\/loja\/#\/schema\/logo\/image\/","url":"https:\/\/dualgree.com.br\/loja\/wp-content\/uploads\/2024\/09\/teste-logo-ecommerce-dual-1-e1725909304971.png","contentUrl":"https:\/\/dualgree.com.br\/loja\/wp-content\/uploads\/2024\/09\/teste-logo-ecommerce-dual-1-e1725909304971.png","width":470,"height":157,"caption":"Loja Dual Gree Servi\u00e7o"},"image":{"@id":"https:\/\/dualgree.com.br\/loja\/#\/schema\/logo\/image\/"}}]}},"jetpack_publicize_connections":[],"jetpack_sharing_enabled":true,"jetpack_likes_enabled":true,"_links":{"self":[{"href":"https:\/\/dualgree.com.br\/loja\/wp-json\/wp\/v2\/product\/7625","targetHints":{"allow":["GET"]}}],"collection":[{"href":"https:\/\/dualgree.com.br\/loja\/wp-json\/wp\/v2\/product"}],"about":[{"href":"https:\/\/dualgree.com.br\/loja\/wp-json\/wp\/v2\/types\/product"}],"replies":[{"embeddable":true,"href":"https:\/\/dualgree.com.br\/loja\/wp-json\/wp\/v2\/comments?post=7625"}],"wp:featuredmedia":[{"embeddable":true,"href":"https:\/\/dualgree.com.br\/loja\/wp-json\/wp\/v2\/media\/12576"}],"wp:attachment":[{"href":"https:\/\/dualgree.com.br\/loja\/wp-json\/wp\/v2\/media?parent=7625"}],"wp:term":[{"taxonomy":"product_brand","embeddable":true,"href":"https:\/\/dualgree.com.br\/loja\/wp-json\/wp\/v2\/product_brand?post=7625"},{"taxonomy":"product_cat","embeddable":true,"href":"https:\/\/dualgree.com.br\/loja\/wp-json\/wp\/v2\/product_cat?post=7625"},{"taxonomy":"product_tag","embeddable":true,"href":"https:\/\/dualgree.com.br\/loja\/wp-json\/wp\/v2\/product_tag?post=7625"}],"curies":[{"name":"wp","href":"https:\/\/api.w.org\/{rel}","templated":true}]}}