{"id":7703,"date":"2024-10-14T22:40:02","date_gmt":"2024-10-14T22:40:02","guid":{"rendered":"https:\/\/dualgree.com.br\/loja\/produto\/serpentina-cobre-evaporadora-ar-condicionado-consul-cbv12cbbna\/"},"modified":"2026-04-01T13:31:05","modified_gmt":"2026-04-01T13:31:05","slug":"serpentina-cobre-evaporadora-ar-condicionado-consul-cbv12cbbna","status":"publish","type":"product","link":"https:\/\/dualgree.com.br\/loja\/produto\/serpentina-cobre-evaporadora-ar-condicionado-consul-cbv12cbbna\/","title":{"rendered":"Serpentina Cobre evaporadora Ar Condicionado Consul Cbv12Cbb..."},"content":{"rendered":"","protected":false},"excerpt":{"rendered":"<p>\u00a0<\/p>\n<table class=\"border tableforfield centpercent\" style=\"width: 412.8px;padding: 1px 2px 1px 3px;font-family: arial, tahoma, verdana, helvetica;font-size: 14.72px;border-collapse: collapse !important\">\n<tbody>\n<tr style=\"height: 28px\">\n<td style=\"padding: 2px;border-collapse: collapse;height: 28px;border-bottom: 1px solid #e0e0e0\">IC2417 -Serpentina de cobre para evaporadora interna ar condicionado consul bem estar.<\/p>\n<p>Nova, porem existe pequenos amassados derivados do estoque e manuseio. Foto real do produto<\/p>\n<p>Cbu12Dbbna,<br \/>Cbv12Dbbna,<br \/>Cbu12Cbbna,<br \/>Cbv12Cbbna,<br \/>Cbu12Bbbna,<br \/>Cbv12Bbbna,<br \/>BBF12BBNA,<br \/>CBC12ABBNA,<br \/>CB312BBBNA,<\/p>\n<p>Aten\u00e7\u00e3o vai Pressurizada&#8230;!!!<\/p>\n<p>!!!! N\u00e3o Compre errado fale com o vendedor!!!! Veja todas as fotos.<\/p>\n<p>Para localizar seu modelo, procure a etiqueta na lateral direita ou elevando a tampa<\/td>\n<\/tr>\n<\/tbody>\n<\/table>\n","protected":false},"featured_media":7704,"comment_status":"open","ping_status":"closed","template":"","meta":{"_kadence_starter_templates_imported_post":false,"_kad_post_transparent":"","_kad_post_title":"","_kad_post_layout":"","_kad_post_sidebar_id":"","_kad_post_content_style":"","_kad_post_vertical_padding":"","_kad_post_feature":"","_kad_post_feature_position":"","_kad_post_header":false,"_kad_post_footer":false,"jetpack_publicize_message":"","jetpack_publicize_feature_enabled":true,"jetpack_social_post_already_shared":false,"jetpack_social_options":{"image_generator_settings":{"template":"highway","default_image_id":0,"font":"","enabled":false},"version":2}},"product_brand":[],"product_cat":[171,197],"product_tag":[],"class_list":{"0":"post-7703","1":"product","2":"type-product","3":"status-publish","4":"has-post-thumbnail","6":"product_cat-consul","7":"product_cat-serpentina-evaporadora-split","9":"first","10":"instock","11":"sale","12":"shipping-taxable","13":"purchasable","14":"product-type-simple","15":"entry","16":"content-bg","17":"loop-entry"},"yoast_head":"<!-- This site is optimized with the Yoast SEO plugin v27.5 - https:\/\/yoast.com\/product\/yoast-seo-wordpress\/ -->\n<title>Serpentina Cobre evaporadora Ar Condicionado Consul Cbv12Cbbna, - Loja - Dual Gree Servi\u00e7os | Pe\u00e7as<\/title>\n<meta name=\"robots\" content=\"index, follow, max-snippet:-1, max-image-preview:large, max-video-preview:-1\" \/>\n<link rel=\"canonical\" href=\"https:\/\/dualgree.com.br\/loja\/produto\/serpentina-cobre-evaporadora-ar-condicionado-consul-cbv12cbbna\/\" \/>\n<meta property=\"og:locale\" content=\"pt_BR\" \/>\n<meta property=\"og:type\" content=\"article\" \/>\n<meta property=\"og:title\" content=\"Serpentina Cobre evaporadora Ar Condicionado Consul Cbv12Cbbna, - Loja - Dual Gree Servi\u00e7os | Pe\u00e7as\" \/>\n<meta property=\"og:description\" content=\"\u00a0    IC2417 -Serpentina de cobre para evaporadora interna ar condicionado consul bem estar.Nova, porem existe pequenos amassados derivados do estoque e manuseio. Foto real do produtoCbu12Dbbna,Cbv12Dbbna,Cbu12Cbbna,Cbv12Cbbna,Cbu12Bbbna,Cbv12Bbbna,BBF12BBNA,CBC12ABBNA,CB312BBBNA,Aten\u00e7\u00e3o vai Pressurizada...!!!!!!! N\u00e3o Compre errado fale com o vendedor!!!! Veja todas as fotos.Para localizar seu modelo, procure a etiqueta na lateral direita ou elevando a tampa\" \/>\n<meta property=\"og:url\" content=\"https:\/\/dualgree.com.br\/loja\/produto\/serpentina-cobre-evaporadora-ar-condicionado-consul-cbv12cbbna\/\" \/>\n<meta property=\"og:site_name\" content=\"Loja - Dual Gree Servi\u00e7os | Pe\u00e7as\" \/>\n<meta property=\"article:modified_time\" content=\"2026-04-01T13:31:05+00:00\" \/>\n<meta property=\"og:image\" content=\"https:\/\/dualgree.com.br\/loja\/wp-content\/uploads\/2024\/10\/15239923416-2417-serpentina-cobre-consul-cbu12dbbna-1.jpg\" \/>\n\t<meta property=\"og:image:width\" content=\"1200\" \/>\n\t<meta property=\"og:image:height\" content=\"1200\" \/>\n\t<meta property=\"og:image:type\" content=\"image\/jpeg\" \/>\n<meta name=\"twitter:card\" content=\"summary_large_image\" \/>\n<script type=\"application\/ld+json\" class=\"yoast-schema-graph\">{\"@context\":\"https:\\\/\\\/schema.org\",\"@graph\":[{\"@type\":\"WebPage\",\"@id\":\"https:\\\/\\\/dualgree.com.br\\\/loja\\\/produto\\\/serpentina-cobre-evaporadora-ar-condicionado-consul-cbv12cbbna\\\/\",\"url\":\"https:\\\/\\\/dualgree.com.br\\\/loja\\\/produto\\\/serpentina-cobre-evaporadora-ar-condicionado-consul-cbv12cbbna\\\/\",\"name\":\"Serpentina Cobre evaporadora Ar Condicionado Consul Cbv12Cbbna, - Loja - Dual Gree Servi\u00e7os | Pe\u00e7as\",\"isPartOf\":{\"@id\":\"https:\\\/\\\/dualgree.com.br\\\/loja\\\/#website\"},\"primaryImageOfPage\":{\"@id\":\"https:\\\/\\\/dualgree.com.br\\\/loja\\\/produto\\\/serpentina-cobre-evaporadora-ar-condicionado-consul-cbv12cbbna\\\/#primaryimage\"},\"image\":{\"@id\":\"https:\\\/\\\/dualgree.com.br\\\/loja\\\/produto\\\/serpentina-cobre-evaporadora-ar-condicionado-consul-cbv12cbbna\\\/#primaryimage\"},\"thumbnailUrl\":\"https:\\\/\\\/dualgree.com.br\\\/loja\\\/wp-content\\\/uploads\\\/2024\\\/10\\\/15239923416-2417-serpentina-cobre-consul-cbu12dbbna-2.jpg\",\"datePublished\":\"2024-10-14T22:40:02+00:00\",\"dateModified\":\"2026-04-01T13:31:05+00:00\",\"breadcrumb\":{\"@id\":\"https:\\\/\\\/dualgree.com.br\\\/loja\\\/produto\\\/serpentina-cobre-evaporadora-ar-condicionado-consul-cbv12cbbna\\\/#breadcrumb\"},\"inLanguage\":\"pt-BR\",\"potentialAction\":[{\"@type\":\"ReadAction\",\"target\":[\"https:\\\/\\\/dualgree.com.br\\\/loja\\\/produto\\\/serpentina-cobre-evaporadora-ar-condicionado-consul-cbv12cbbna\\\/\"]}]},{\"@type\":\"ImageObject\",\"inLanguage\":\"pt-BR\",\"@id\":\"https:\\\/\\\/dualgree.com.br\\\/loja\\\/produto\\\/serpentina-cobre-evaporadora-ar-condicionado-consul-cbv12cbbna\\\/#primaryimage\",\"url\":\"https:\\\/\\\/dualgree.com.br\\\/loja\\\/wp-content\\\/uploads\\\/2024\\\/10\\\/15239923416-2417-serpentina-cobre-consul-cbu12dbbna-2.jpg\",\"contentUrl\":\"https:\\\/\\\/dualgree.com.br\\\/loja\\\/wp-content\\\/uploads\\\/2024\\\/10\\\/15239923416-2417-serpentina-cobre-consul-cbu12dbbna-2.jpg\",\"width\":1200,\"height\":1200},{\"@type\":\"BreadcrumbList\",\"@id\":\"https:\\\/\\\/dualgree.com.br\\\/loja\\\/produto\\\/serpentina-cobre-evaporadora-ar-condicionado-consul-cbv12cbbna\\\/#breadcrumb\",\"itemListElement\":[{\"@type\":\"ListItem\",\"position\":1,\"name\":\"In\u00edcio\",\"item\":\"https:\\\/\\\/dualgree.com.br\\\/loja\\\/\"},{\"@type\":\"ListItem\",\"position\":2,\"name\":\"Loja &#8211; Cat\u00e1logo de Pe\u00e7as\",\"item\":\"https:\\\/\\\/dualgree.com.br\\\/loja\\\/\"},{\"@type\":\"ListItem\",\"position\":3,\"name\":\"Serpentina Cobre evaporadora Ar Condicionado Consul Cbv12Cbb...\"}]},{\"@type\":\"WebSite\",\"@id\":\"https:\\\/\\\/dualgree.com.br\\\/loja\\\/#website\",\"url\":\"https:\\\/\\\/dualgree.com.br\\\/loja\\\/\",\"name\":\"Loja - Dual Gree Servi\u00e7os | Partes e Pe\u00e7as\",\"description\":\"Catalogo de Pe\u00e7as para ar condicionado\",\"publisher\":{\"@id\":\"https:\\\/\\\/dualgree.com.br\\\/loja\\\/#organization\"},\"potentialAction\":[{\"@type\":\"SearchAction\",\"target\":{\"@type\":\"EntryPoint\",\"urlTemplate\":\"https:\\\/\\\/dualgree.com.br\\\/loja\\\/?s={search_term_string}\"},\"query-input\":{\"@type\":\"PropertyValueSpecification\",\"valueRequired\":true,\"valueName\":\"search_term_string\"}}],\"inLanguage\":\"pt-BR\"},{\"@type\":\"Organization\",\"@id\":\"https:\\\/\\\/dualgree.com.br\\\/loja\\\/#organization\",\"name\":\"Loja Dual Gree Servi\u00e7o\",\"url\":\"https:\\\/\\\/dualgree.com.br\\\/loja\\\/\",\"logo\":{\"@type\":\"ImageObject\",\"inLanguage\":\"pt-BR\",\"@id\":\"https:\\\/\\\/dualgree.com.br\\\/loja\\\/#\\\/schema\\\/logo\\\/image\\\/\",\"url\":\"https:\\\/\\\/dualgree.com.br\\\/loja\\\/wp-content\\\/uploads\\\/2024\\\/09\\\/teste-logo-ecommerce-dual-1-e1725909304971.png\",\"contentUrl\":\"https:\\\/\\\/dualgree.com.br\\\/loja\\\/wp-content\\\/uploads\\\/2024\\\/09\\\/teste-logo-ecommerce-dual-1-e1725909304971.png\",\"width\":470,\"height\":157,\"caption\":\"Loja Dual Gree Servi\u00e7o\"},\"image\":{\"@id\":\"https:\\\/\\\/dualgree.com.br\\\/loja\\\/#\\\/schema\\\/logo\\\/image\\\/\"}}]}<\/script>\n<!-- \/ Yoast SEO plugin. -->","yoast_head_json":{"title":"Serpentina Cobre evaporadora Ar Condicionado Consul Cbv12Cbbna, - Loja - Dual Gree Servi\u00e7os | Pe\u00e7as","robots":{"index":"index","follow":"follow","max-snippet":"max-snippet:-1","max-image-preview":"max-image-preview:large","max-video-preview":"max-video-preview:-1"},"canonical":"https:\/\/dualgree.com.br\/loja\/produto\/serpentina-cobre-evaporadora-ar-condicionado-consul-cbv12cbbna\/","og_locale":"pt_BR","og_type":"article","og_title":"Serpentina Cobre evaporadora Ar Condicionado Consul Cbv12Cbbna, - Loja - Dual Gree Servi\u00e7os | Pe\u00e7as","og_description":"\u00a0    IC2417 -Serpentina de cobre para evaporadora interna ar condicionado consul bem estar.Nova, porem existe pequenos amassados derivados do estoque e manuseio. Foto real do produtoCbu12Dbbna,Cbv12Dbbna,Cbu12Cbbna,Cbv12Cbbna,Cbu12Bbbna,Cbv12Bbbna,BBF12BBNA,CBC12ABBNA,CB312BBBNA,Aten\u00e7\u00e3o vai Pressurizada...!!!!!!! N\u00e3o Compre errado fale com o vendedor!!!! Veja todas as fotos.Para localizar seu modelo, procure a etiqueta na lateral direita ou elevando a tampa","og_url":"https:\/\/dualgree.com.br\/loja\/produto\/serpentina-cobre-evaporadora-ar-condicionado-consul-cbv12cbbna\/","og_site_name":"Loja - Dual Gree Servi\u00e7os | Pe\u00e7as","article_modified_time":"2026-04-01T13:31:05+00:00","og_image":[{"width":1200,"height":1200,"url":"https:\/\/dualgree.com.br\/loja\/wp-content\/uploads\/2024\/10\/15239923416-2417-serpentina-cobre-consul-cbu12dbbna-1.jpg","type":"image\/jpeg"}],"twitter_card":"summary_large_image","schema":{"@context":"https:\/\/schema.org","@graph":[{"@type":"WebPage","@id":"https:\/\/dualgree.com.br\/loja\/produto\/serpentina-cobre-evaporadora-ar-condicionado-consul-cbv12cbbna\/","url":"https:\/\/dualgree.com.br\/loja\/produto\/serpentina-cobre-evaporadora-ar-condicionado-consul-cbv12cbbna\/","name":"Serpentina Cobre evaporadora Ar Condicionado Consul Cbv12Cbbna, - Loja - Dual Gree Servi\u00e7os | Pe\u00e7as","isPartOf":{"@id":"https:\/\/dualgree.com.br\/loja\/#website"},"primaryImageOfPage":{"@id":"https:\/\/dualgree.com.br\/loja\/produto\/serpentina-cobre-evaporadora-ar-condicionado-consul-cbv12cbbna\/#primaryimage"},"image":{"@id":"https:\/\/dualgree.com.br\/loja\/produto\/serpentina-cobre-evaporadora-ar-condicionado-consul-cbv12cbbna\/#primaryimage"},"thumbnailUrl":"https:\/\/dualgree.com.br\/loja\/wp-content\/uploads\/2024\/10\/15239923416-2417-serpentina-cobre-consul-cbu12dbbna-2.jpg","datePublished":"2024-10-14T22:40:02+00:00","dateModified":"2026-04-01T13:31:05+00:00","breadcrumb":{"@id":"https:\/\/dualgree.com.br\/loja\/produto\/serpentina-cobre-evaporadora-ar-condicionado-consul-cbv12cbbna\/#breadcrumb"},"inLanguage":"pt-BR","potentialAction":[{"@type":"ReadAction","target":["https:\/\/dualgree.com.br\/loja\/produto\/serpentina-cobre-evaporadora-ar-condicionado-consul-cbv12cbbna\/"]}]},{"@type":"ImageObject","inLanguage":"pt-BR","@id":"https:\/\/dualgree.com.br\/loja\/produto\/serpentina-cobre-evaporadora-ar-condicionado-consul-cbv12cbbna\/#primaryimage","url":"https:\/\/dualgree.com.br\/loja\/wp-content\/uploads\/2024\/10\/15239923416-2417-serpentina-cobre-consul-cbu12dbbna-2.jpg","contentUrl":"https:\/\/dualgree.com.br\/loja\/wp-content\/uploads\/2024\/10\/15239923416-2417-serpentina-cobre-consul-cbu12dbbna-2.jpg","width":1200,"height":1200},{"@type":"BreadcrumbList","@id":"https:\/\/dualgree.com.br\/loja\/produto\/serpentina-cobre-evaporadora-ar-condicionado-consul-cbv12cbbna\/#breadcrumb","itemListElement":[{"@type":"ListItem","position":1,"name":"In\u00edcio","item":"https:\/\/dualgree.com.br\/loja\/"},{"@type":"ListItem","position":2,"name":"Loja &#8211; Cat\u00e1logo de Pe\u00e7as","item":"https:\/\/dualgree.com.br\/loja\/"},{"@type":"ListItem","position":3,"name":"Serpentina Cobre evaporadora Ar Condicionado Consul Cbv12Cbb..."}]},{"@type":"WebSite","@id":"https:\/\/dualgree.com.br\/loja\/#website","url":"https:\/\/dualgree.com.br\/loja\/","name":"Loja - Dual Gree Servi\u00e7os | Partes e Pe\u00e7as","description":"Catalogo de Pe\u00e7as para ar condicionado","publisher":{"@id":"https:\/\/dualgree.com.br\/loja\/#organization"},"potentialAction":[{"@type":"SearchAction","target":{"@type":"EntryPoint","urlTemplate":"https:\/\/dualgree.com.br\/loja\/?s={search_term_string}"},"query-input":{"@type":"PropertyValueSpecification","valueRequired":true,"valueName":"search_term_string"}}],"inLanguage":"pt-BR"},{"@type":"Organization","@id":"https:\/\/dualgree.com.br\/loja\/#organization","name":"Loja Dual Gree Servi\u00e7o","url":"https:\/\/dualgree.com.br\/loja\/","logo":{"@type":"ImageObject","inLanguage":"pt-BR","@id":"https:\/\/dualgree.com.br\/loja\/#\/schema\/logo\/image\/","url":"https:\/\/dualgree.com.br\/loja\/wp-content\/uploads\/2024\/09\/teste-logo-ecommerce-dual-1-e1725909304971.png","contentUrl":"https:\/\/dualgree.com.br\/loja\/wp-content\/uploads\/2024\/09\/teste-logo-ecommerce-dual-1-e1725909304971.png","width":470,"height":157,"caption":"Loja Dual Gree Servi\u00e7o"},"image":{"@id":"https:\/\/dualgree.com.br\/loja\/#\/schema\/logo\/image\/"}}]}},"jetpack_publicize_connections":[],"jetpack_sharing_enabled":true,"jetpack_likes_enabled":true,"_links":{"self":[{"href":"https:\/\/dualgree.com.br\/loja\/wp-json\/wp\/v2\/product\/7703","targetHints":{"allow":["GET"]}}],"collection":[{"href":"https:\/\/dualgree.com.br\/loja\/wp-json\/wp\/v2\/product"}],"about":[{"href":"https:\/\/dualgree.com.br\/loja\/wp-json\/wp\/v2\/types\/product"}],"replies":[{"embeddable":true,"href":"https:\/\/dualgree.com.br\/loja\/wp-json\/wp\/v2\/comments?post=7703"}],"wp:featuredmedia":[{"embeddable":true,"href":"https:\/\/dualgree.com.br\/loja\/wp-json\/wp\/v2\/media\/7704"}],"wp:attachment":[{"href":"https:\/\/dualgree.com.br\/loja\/wp-json\/wp\/v2\/media?parent=7703"}],"wp:term":[{"taxonomy":"product_brand","embeddable":true,"href":"https:\/\/dualgree.com.br\/loja\/wp-json\/wp\/v2\/product_brand?post=7703"},{"taxonomy":"product_cat","embeddable":true,"href":"https:\/\/dualgree.com.br\/loja\/wp-json\/wp\/v2\/product_cat?post=7703"},{"taxonomy":"product_tag","embeddable":true,"href":"https:\/\/dualgree.com.br\/loja\/wp-json\/wp\/v2\/product_tag?post=7703"}],"curies":[{"name":"wp","href":"https:\/\/api.w.org\/{rel}","templated":true}]}}