{"id":7758,"date":"2024-10-15T14:35:18","date_gmt":"2024-10-15T14:35:18","guid":{"rendered":"https:\/\/dualgree.com.br\/loja\/produto\/placa-receptora-de-sinal-daikin-ftxs35kvm-3p145629-1\/"},"modified":"2024-10-15T14:35:18","modified_gmt":"2024-10-15T14:35:18","slug":"placa-receptora-de-sinal-daikin-ftxs35kvm-3p145629-1","status":"publish","type":"product","link":"https:\/\/dualgree.com.br\/loja\/produto\/placa-receptora-de-sinal-daikin-ftxs35kvm-3p145629-1\/","title":{"rendered":"PLACA RECEPTORA DE SINAL DAIKIN FTXS35KVM 3P145629-1"},"content":{"rendered":"","protected":false},"excerpt":{"rendered":"<p><span><span> <\/span>IC3904- Placa Receptora De Sinal Daikin FTXS35KVM 3P145629-1<\/span><\/p>\n<p>\u00a0<\/p>\n<p>Pe\u00e7a recondicionada, testada e funcionando perfeitamente.<\/p>\n<p>\u00a0<\/p>\n<p>Modelos Aplicados<\/p>\n<p>\u00a0<\/p>\n<p>ATKS20E2V1B<\/p>\n<p>ATKS25E2V1B<\/p>\n<p>ATKS35E2V1B<\/p>\n<p>ATXS20E2V1B<\/p>\n<p>ATXS25E2V1B<\/p>\n<p>ATXS25EV1B7<\/p>\n<p>ATXS35E2V1B<\/p>\n<p>ATXS35EV1B7<\/p>\n<p>ATXS50E2V1B<\/p>\n<p>ATXS50EV1B7<\/p>\n<p>CTXS25EV2C<\/p>\n<p>CTXS25HVLD<\/p>\n<p>CTXS35EV2C<\/p>\n<p>CTXS35HVLD<\/p>\n<p>FTK40JVLT<\/p>\n<p>FTKS20D3VML<\/p>\n<p>FTKS20D3VMW<\/p>\n<p>FTKS20DAVML<\/p>\n<p>FTKS20DAVMW<\/p>\n<p>FTKS20GVLT<\/p>\n<p>FTKS20GVLT8<\/p>\n<p>FTKS25D3VML<\/p>\n<p>FTKS25D3VMW<\/p>\n<p>FTKS25DAVML<\/p>\n<p>FTKS25DAVMW<\/p>\n<p>FTKS25EVMA<\/p>\n<p>FTKS25GVLT<\/p>\n<p>FTKS25GVLT8<\/p>\n<p>FTKS25GVMA<\/p>\n<p>FTKS25KVM<\/p>\n<p>FTKS30GVLT8<\/p>\n<p>FTKS35D3VML<\/p>\n<p>FTKS35D3VMW<\/p>\n<p>FTKS35DAVML<\/p>\n<p>FTKS35DAVMW<\/p>\n<p>FTKS35EVMA<\/p>\n<p>FTKS35GVLT<\/p>\n<p>FTKS35GVMA<\/p>\n<p>FTKS35KVM<\/p>\n<p>FTKS42GVLT<\/p>\n<p>FTKS50D2V1L<\/p>\n<p>FTKS50D2V1W<\/p>\n<p>FTX40JVLT<\/p>\n<p>FTXD25FV2C<\/p>\n<p>FTXD25FV2CA<\/p>\n<p>FTXD25FV2CG<\/p>\n<p>FTXD25FV2CN<\/p>\n<p>FTXD25FV2CP<\/p>\n<p>FTXD25FV2CW<\/p>\n<p>FTXD35FV2C<\/p>\n<p>FTXD35FV2CA<\/p>\n<p>FTXD35FV2CG<\/p>\n<p>FTXD35FV2CN<\/p>\n<p>FTXD35FV2CP<\/p>\n<p>FTXD35FV2CW<\/p>\n<p>FTXS20D3VML<\/p>\n<p>FTXS20D3VMW<\/p>\n<p>FTXS20DAVML<\/p>\n<p>FTXS20DAVMW<\/p>\n<p>FTXS20GVLT<\/p>\n<p>FTXS20GVLT8<\/p>\n<p>FTXS25D3VML<\/p>\n<p>FTXS25D3VMW<\/p>\n<p>FTXS25DAVML<\/p>\n<p>FTXS25DAVMW<\/p>\n<p>FTXS25EVMA<\/p>\n<p>FTXS25EVMA8<\/p>\n<p>FTXS25FV2CA<\/p>\n<p>FTXS25FV2CG<\/p>\n<p>FTXS25FV2CN<\/p>\n<p>FTXS25FV2CP<\/p>\n<p>FTXS25FV2CW<\/p>\n<p>FTXS25GVLT<\/p>\n<p>FTXS25GVLT8<\/p>\n<p>FTXS25GVMA<\/p>\n<p>FTXS25HV2C<\/p>\n<p>FTXS25HV2CA<\/p>\n<p>FTXS25HV2CG<\/p>\n<p>FTXS25HV2CN<\/p>\n<p>FTXS25HV2CP<\/p>\n<p>FTXS25HV2CW<\/p>\n<p>FTXS25KVM<\/p>\n<p>FTXS30GVLT8<\/p>\n<p>FTXS35D3VML<\/p>\n<p>FTXS35D3VMW<\/p>\n<p>FTXS35DAVML<\/p>\n<p>FTXS35DAVMW<\/p>\n<p>FTXS35EVMA<\/p>\n<p>FTXS35EVMA8<\/p>\n<p>FTXS35FV2CA<\/p>\n<p>FTXS35FV2CG<\/p>\n<p>FTXS35FV2CN<\/p>\n<p>FTXS35FV2CP<\/p>\n<p>FTXS35FV2CW<\/p>\n<p>FTXS35GVLT<\/p>\n<p>FTXS35GVMA<\/p>\n<p>FTXS35HV2C<\/p>\n<p>FTXS35HV2CA<\/p>\n<p>FTXS35HV2CG<\/p>\n<p>FTXS35HV2CN<\/p>\n<p>FTXS35HV2CP<\/p>\n<p>FTXS35HV2CW<\/p>\n<p>FTXS35KVM<\/p>\n<p>FTXS42GVLT<\/p>\n<p>FTXS46GV2C<\/p>\n<p>FTXS46GV2CW<\/p>\n<p>FTXS50D2V1L<\/p>\n<p>FTXS50D2V1W<\/p>\n<p>FTYN25GV1A<\/p>\n<p>FTYN35GV1A<\/p>\n","protected":false},"featured_media":7757,"comment_status":"open","ping_status":"closed","template":"","meta":{"_kadence_starter_templates_imported_post":false,"_kad_post_transparent":"","_kad_post_title":"","_kad_post_layout":"","_kad_post_sidebar_id":"","_kad_post_content_style":"","_kad_post_vertical_padding":"","_kad_post_feature":"","_kad_post_feature_position":"","_kad_post_header":false,"_kad_post_footer":false,"jetpack_publicize_message":"","jetpack_publicize_feature_enabled":true,"jetpack_social_post_already_shared":false,"jetpack_social_options":{"image_generator_settings":{"template":"highway","default_image_id":0,"font":"","enabled":false},"version":2}},"product_brand":[],"product_cat":[261],"product_tag":[],"class_list":{"0":"post-7758","1":"product","2":"type-product","3":"status-publish","4":"has-post-thumbnail","6":"product_cat-daikin","8":"first","9":"instock","10":"shipping-taxable","11":"purchasable","12":"product-type-simple","13":"entry","14":"content-bg","15":"loop-entry"},"yoast_head":"<!-- This site is optimized with the Yoast SEO plugin v27.3 - https:\/\/yoast.com\/product\/yoast-seo-wordpress\/ -->\n<title>PLACA RECEPTORA DE SINAL DAIKIN FTXS35KVM 3P145629-1 - Loja - Dual Gree Servi\u00e7os | Pe\u00e7as<\/title>\n<meta name=\"robots\" content=\"index, follow, max-snippet:-1, max-image-preview:large, max-video-preview:-1\" \/>\n<link rel=\"canonical\" href=\"https:\/\/dualgree.com.br\/loja\/produto\/placa-receptora-de-sinal-daikin-ftxs35kvm-3p145629-1\/\" \/>\n<meta property=\"og:locale\" content=\"pt_BR\" \/>\n<meta property=\"og:type\" content=\"article\" \/>\n<meta property=\"og:title\" content=\"PLACA RECEPTORA DE SINAL DAIKIN FTXS35KVM 3P145629-1 - Loja - Dual Gree Servi\u00e7os | Pe\u00e7as\" \/>\n<meta property=\"og:description\" content=\"IC3904- Placa Receptora De Sinal Daikin FTXS35KVM 3P145629-1 \u00a0 Pe\u00e7a recondicionada, testada e funcionando perfeitamente. \u00a0 Modelos Aplicados \u00a0 ATKS20E2V1B ATKS25E2V1B ATKS35E2V1B ATXS20E2V1B ATXS25E2V1B ATXS25EV1B7 ATXS35E2V1B ATXS35EV1B7 ATXS50E2V1B ATXS50EV1B7 CTXS25EV2C CTXS25HVLD CTXS35EV2C CTXS35HVLD FTK40JVLT FTKS20D3VML FTKS20D3VMW FTKS20DAVML FTKS20DAVMW FTKS20GVLT FTKS20GVLT8 FTKS25D3VML FTKS25D3VMW FTKS25DAVML FTKS25DAVMW FTKS25EVMA FTKS25GVLT FTKS25GVLT8 FTKS25GVMA FTKS25KVM FTKS30GVLT8 FTKS35D3VML FTKS35D3VMW FTKS35DAVML FTKS35DAVMW FTKS35EVMA FTKS35GVLT FTKS35GVMA FTKS35KVM FTKS42GVLT FTKS50D2V1L FTKS50D2V1W FTX40JVLT FTXD25FV2C FTXD25FV2CA FTXD25FV2CG FTXD25FV2CN FTXD25FV2CP FTXD25FV2CW FTXD35FV2C FTXD35FV2CA FTXD35FV2CG FTXD35FV2CN FTXD35FV2CP FTXD35FV2CW FTXS20D3VML FTXS20D3VMW FTXS20DAVML FTXS20DAVMW FTXS20GVLT FTXS20GVLT8 FTXS25D3VML FTXS25D3VMW FTXS25DAVML FTXS25DAVMW FTXS25EVMA FTXS25EVMA8 FTXS25FV2CA FTXS25FV2CG FTXS25FV2CN FTXS25FV2CP FTXS25FV2CW FTXS25GVLT FTXS25GVLT8 FTXS25GVMA FTXS25HV2C FTXS25HV2CA FTXS25HV2CG FTXS25HV2CN FTXS25HV2CP FTXS25HV2CW FTXS25KVM FTXS30GVLT8 FTXS35D3VML FTXS35D3VMW FTXS35DAVML FTXS35DAVMW FTXS35EVMA FTXS35EVMA8 FTXS35FV2CA FTXS35FV2CG FTXS35FV2CN FTXS35FV2CP FTXS35FV2CW FTXS35GVLT FTXS35GVMA FTXS35HV2C FTXS35HV2CA FTXS35HV2CG FTXS35HV2CN FTXS35HV2CP FTXS35HV2CW FTXS35KVM FTXS42GVLT FTXS46GV2C FTXS46GV2CW FTXS50D2V1L FTXS50D2V1W FTYN25GV1A FTYN35GV1A\" \/>\n<meta property=\"og:url\" content=\"https:\/\/dualgree.com.br\/loja\/produto\/placa-receptora-de-sinal-daikin-ftxs35kvm-3p145629-1\/\" \/>\n<meta property=\"og:site_name\" content=\"Loja - Dual Gree Servi\u00e7os | Pe\u00e7as\" \/>\n<meta name=\"twitter:card\" content=\"summary_large_image\" \/>\n<script type=\"application\/ld+json\" class=\"yoast-schema-graph\">{\"@context\":\"https:\\\/\\\/schema.org\",\"@graph\":[{\"@type\":\"WebPage\",\"@id\":\"https:\\\/\\\/dualgree.com.br\\\/loja\\\/produto\\\/placa-receptora-de-sinal-daikin-ftxs35kvm-3p145629-1\\\/\",\"url\":\"https:\\\/\\\/dualgree.com.br\\\/loja\\\/produto\\\/placa-receptora-de-sinal-daikin-ftxs35kvm-3p145629-1\\\/\",\"name\":\"PLACA RECEPTORA DE SINAL DAIKIN FTXS35KVM 3P145629-1 - Loja - Dual Gree Servi\u00e7os | Pe\u00e7as\",\"isPartOf\":{\"@id\":\"https:\\\/\\\/dualgree.com.br\\\/loja\\\/#website\"},\"primaryImageOfPage\":{\"@id\":\"https:\\\/\\\/dualgree.com.br\\\/loja\\\/produto\\\/placa-receptora-de-sinal-daikin-ftxs35kvm-3p145629-1\\\/#primaryimage\"},\"image\":{\"@id\":\"https:\\\/\\\/dualgree.com.br\\\/loja\\\/produto\\\/placa-receptora-de-sinal-daikin-ftxs35kvm-3p145629-1\\\/#primaryimage\"},\"thumbnailUrl\":\"https:\\\/\\\/dualgree.com.br\\\/loja\\\/wp-content\\\/uploads\\\/2024\\\/10\\\/15296895190-3904-placa-receptora-de-sinal-daikin-ftxs35kvm-3p145629-1.jpeg\",\"datePublished\":\"2024-10-15T14:35:18+00:00\",\"breadcrumb\":{\"@id\":\"https:\\\/\\\/dualgree.com.br\\\/loja\\\/produto\\\/placa-receptora-de-sinal-daikin-ftxs35kvm-3p145629-1\\\/#breadcrumb\"},\"inLanguage\":\"pt-BR\",\"potentialAction\":[{\"@type\":\"ReadAction\",\"target\":[\"https:\\\/\\\/dualgree.com.br\\\/loja\\\/produto\\\/placa-receptora-de-sinal-daikin-ftxs35kvm-3p145629-1\\\/\"]}]},{\"@type\":\"ImageObject\",\"inLanguage\":\"pt-BR\",\"@id\":\"https:\\\/\\\/dualgree.com.br\\\/loja\\\/produto\\\/placa-receptora-de-sinal-daikin-ftxs35kvm-3p145629-1\\\/#primaryimage\",\"url\":\"https:\\\/\\\/dualgree.com.br\\\/loja\\\/wp-content\\\/uploads\\\/2024\\\/10\\\/15296895190-3904-placa-receptora-de-sinal-daikin-ftxs35kvm-3p145629-1.jpeg\",\"contentUrl\":\"https:\\\/\\\/dualgree.com.br\\\/loja\\\/wp-content\\\/uploads\\\/2024\\\/10\\\/15296895190-3904-placa-receptora-de-sinal-daikin-ftxs35kvm-3p145629-1.jpeg\",\"width\":1280,\"height\":1280},{\"@type\":\"BreadcrumbList\",\"@id\":\"https:\\\/\\\/dualgree.com.br\\\/loja\\\/produto\\\/placa-receptora-de-sinal-daikin-ftxs35kvm-3p145629-1\\\/#breadcrumb\",\"itemListElement\":[{\"@type\":\"ListItem\",\"position\":1,\"name\":\"In\u00edcio\",\"item\":\"https:\\\/\\\/dualgree.com.br\\\/loja\\\/\"},{\"@type\":\"ListItem\",\"position\":2,\"name\":\"Loja &#8211; Cat\u00e1logo de Pe\u00e7as\",\"item\":\"https:\\\/\\\/dualgree.com.br\\\/loja\\\/\"},{\"@type\":\"ListItem\",\"position\":3,\"name\":\"PLACA RECEPTORA DE SINAL DAIKIN FTXS35KVM 3P145629-1\"}]},{\"@type\":\"WebSite\",\"@id\":\"https:\\\/\\\/dualgree.com.br\\\/loja\\\/#website\",\"url\":\"https:\\\/\\\/dualgree.com.br\\\/loja\\\/\",\"name\":\"Loja - Dual Gree Servi\u00e7os | Partes e Pe\u00e7as\",\"description\":\"Catalogo de Pe\u00e7as para ar condicionado\",\"publisher\":{\"@id\":\"https:\\\/\\\/dualgree.com.br\\\/loja\\\/#organization\"},\"potentialAction\":[{\"@type\":\"SearchAction\",\"target\":{\"@type\":\"EntryPoint\",\"urlTemplate\":\"https:\\\/\\\/dualgree.com.br\\\/loja\\\/?s={search_term_string}\"},\"query-input\":{\"@type\":\"PropertyValueSpecification\",\"valueRequired\":true,\"valueName\":\"search_term_string\"}}],\"inLanguage\":\"pt-BR\"},{\"@type\":\"Organization\",\"@id\":\"https:\\\/\\\/dualgree.com.br\\\/loja\\\/#organization\",\"name\":\"Loja Dual Gree Servi\u00e7o\",\"url\":\"https:\\\/\\\/dualgree.com.br\\\/loja\\\/\",\"logo\":{\"@type\":\"ImageObject\",\"inLanguage\":\"pt-BR\",\"@id\":\"https:\\\/\\\/dualgree.com.br\\\/loja\\\/#\\\/schema\\\/logo\\\/image\\\/\",\"url\":\"https:\\\/\\\/dualgree.com.br\\\/loja\\\/wp-content\\\/uploads\\\/2024\\\/09\\\/teste-logo-ecommerce-dual-1-e1725909304971.png\",\"contentUrl\":\"https:\\\/\\\/dualgree.com.br\\\/loja\\\/wp-content\\\/uploads\\\/2024\\\/09\\\/teste-logo-ecommerce-dual-1-e1725909304971.png\",\"width\":470,\"height\":157,\"caption\":\"Loja Dual Gree Servi\u00e7o\"},\"image\":{\"@id\":\"https:\\\/\\\/dualgree.com.br\\\/loja\\\/#\\\/schema\\\/logo\\\/image\\\/\"}}]}<\/script>\n<!-- \/ Yoast SEO plugin. -->","yoast_head_json":{"title":"PLACA RECEPTORA DE SINAL DAIKIN FTXS35KVM 3P145629-1 - Loja - Dual Gree Servi\u00e7os | Pe\u00e7as","robots":{"index":"index","follow":"follow","max-snippet":"max-snippet:-1","max-image-preview":"max-image-preview:large","max-video-preview":"max-video-preview:-1"},"canonical":"https:\/\/dualgree.com.br\/loja\/produto\/placa-receptora-de-sinal-daikin-ftxs35kvm-3p145629-1\/","og_locale":"pt_BR","og_type":"article","og_title":"PLACA RECEPTORA DE SINAL DAIKIN FTXS35KVM 3P145629-1 - Loja - Dual Gree Servi\u00e7os | Pe\u00e7as","og_description":"IC3904- Placa Receptora De Sinal Daikin FTXS35KVM 3P145629-1 \u00a0 Pe\u00e7a recondicionada, testada e funcionando perfeitamente. \u00a0 Modelos Aplicados \u00a0 ATKS20E2V1B ATKS25E2V1B ATKS35E2V1B ATXS20E2V1B ATXS25E2V1B ATXS25EV1B7 ATXS35E2V1B ATXS35EV1B7 ATXS50E2V1B ATXS50EV1B7 CTXS25EV2C CTXS25HVLD CTXS35EV2C CTXS35HVLD FTK40JVLT FTKS20D3VML FTKS20D3VMW FTKS20DAVML FTKS20DAVMW FTKS20GVLT FTKS20GVLT8 FTKS25D3VML FTKS25D3VMW FTKS25DAVML FTKS25DAVMW FTKS25EVMA FTKS25GVLT FTKS25GVLT8 FTKS25GVMA FTKS25KVM FTKS30GVLT8 FTKS35D3VML FTKS35D3VMW FTKS35DAVML FTKS35DAVMW FTKS35EVMA FTKS35GVLT FTKS35GVMA FTKS35KVM FTKS42GVLT FTKS50D2V1L FTKS50D2V1W FTX40JVLT FTXD25FV2C FTXD25FV2CA FTXD25FV2CG FTXD25FV2CN FTXD25FV2CP FTXD25FV2CW FTXD35FV2C FTXD35FV2CA FTXD35FV2CG FTXD35FV2CN FTXD35FV2CP FTXD35FV2CW FTXS20D3VML FTXS20D3VMW FTXS20DAVML FTXS20DAVMW FTXS20GVLT FTXS20GVLT8 FTXS25D3VML FTXS25D3VMW FTXS25DAVML FTXS25DAVMW FTXS25EVMA FTXS25EVMA8 FTXS25FV2CA FTXS25FV2CG FTXS25FV2CN FTXS25FV2CP FTXS25FV2CW FTXS25GVLT FTXS25GVLT8 FTXS25GVMA FTXS25HV2C FTXS25HV2CA FTXS25HV2CG FTXS25HV2CN FTXS25HV2CP FTXS25HV2CW FTXS25KVM FTXS30GVLT8 FTXS35D3VML FTXS35D3VMW FTXS35DAVML FTXS35DAVMW FTXS35EVMA FTXS35EVMA8 FTXS35FV2CA FTXS35FV2CG FTXS35FV2CN FTXS35FV2CP FTXS35FV2CW FTXS35GVLT FTXS35GVMA FTXS35HV2C FTXS35HV2CA FTXS35HV2CG FTXS35HV2CN FTXS35HV2CP FTXS35HV2CW FTXS35KVM FTXS42GVLT FTXS46GV2C FTXS46GV2CW FTXS50D2V1L FTXS50D2V1W FTYN25GV1A FTYN35GV1A","og_url":"https:\/\/dualgree.com.br\/loja\/produto\/placa-receptora-de-sinal-daikin-ftxs35kvm-3p145629-1\/","og_site_name":"Loja - Dual Gree Servi\u00e7os | Pe\u00e7as","twitter_card":"summary_large_image","schema":{"@context":"https:\/\/schema.org","@graph":[{"@type":"WebPage","@id":"https:\/\/dualgree.com.br\/loja\/produto\/placa-receptora-de-sinal-daikin-ftxs35kvm-3p145629-1\/","url":"https:\/\/dualgree.com.br\/loja\/produto\/placa-receptora-de-sinal-daikin-ftxs35kvm-3p145629-1\/","name":"PLACA RECEPTORA DE SINAL DAIKIN FTXS35KVM 3P145629-1 - Loja - Dual Gree Servi\u00e7os | Pe\u00e7as","isPartOf":{"@id":"https:\/\/dualgree.com.br\/loja\/#website"},"primaryImageOfPage":{"@id":"https:\/\/dualgree.com.br\/loja\/produto\/placa-receptora-de-sinal-daikin-ftxs35kvm-3p145629-1\/#primaryimage"},"image":{"@id":"https:\/\/dualgree.com.br\/loja\/produto\/placa-receptora-de-sinal-daikin-ftxs35kvm-3p145629-1\/#primaryimage"},"thumbnailUrl":"https:\/\/dualgree.com.br\/loja\/wp-content\/uploads\/2024\/10\/15296895190-3904-placa-receptora-de-sinal-daikin-ftxs35kvm-3p145629-1.jpeg","datePublished":"2024-10-15T14:35:18+00:00","breadcrumb":{"@id":"https:\/\/dualgree.com.br\/loja\/produto\/placa-receptora-de-sinal-daikin-ftxs35kvm-3p145629-1\/#breadcrumb"},"inLanguage":"pt-BR","potentialAction":[{"@type":"ReadAction","target":["https:\/\/dualgree.com.br\/loja\/produto\/placa-receptora-de-sinal-daikin-ftxs35kvm-3p145629-1\/"]}]},{"@type":"ImageObject","inLanguage":"pt-BR","@id":"https:\/\/dualgree.com.br\/loja\/produto\/placa-receptora-de-sinal-daikin-ftxs35kvm-3p145629-1\/#primaryimage","url":"https:\/\/dualgree.com.br\/loja\/wp-content\/uploads\/2024\/10\/15296895190-3904-placa-receptora-de-sinal-daikin-ftxs35kvm-3p145629-1.jpeg","contentUrl":"https:\/\/dualgree.com.br\/loja\/wp-content\/uploads\/2024\/10\/15296895190-3904-placa-receptora-de-sinal-daikin-ftxs35kvm-3p145629-1.jpeg","width":1280,"height":1280},{"@type":"BreadcrumbList","@id":"https:\/\/dualgree.com.br\/loja\/produto\/placa-receptora-de-sinal-daikin-ftxs35kvm-3p145629-1\/#breadcrumb","itemListElement":[{"@type":"ListItem","position":1,"name":"In\u00edcio","item":"https:\/\/dualgree.com.br\/loja\/"},{"@type":"ListItem","position":2,"name":"Loja &#8211; Cat\u00e1logo de Pe\u00e7as","item":"https:\/\/dualgree.com.br\/loja\/"},{"@type":"ListItem","position":3,"name":"PLACA RECEPTORA DE SINAL DAIKIN FTXS35KVM 3P145629-1"}]},{"@type":"WebSite","@id":"https:\/\/dualgree.com.br\/loja\/#website","url":"https:\/\/dualgree.com.br\/loja\/","name":"Loja - Dual Gree Servi\u00e7os | Partes e Pe\u00e7as","description":"Catalogo de Pe\u00e7as para ar condicionado","publisher":{"@id":"https:\/\/dualgree.com.br\/loja\/#organization"},"potentialAction":[{"@type":"SearchAction","target":{"@type":"EntryPoint","urlTemplate":"https:\/\/dualgree.com.br\/loja\/?s={search_term_string}"},"query-input":{"@type":"PropertyValueSpecification","valueRequired":true,"valueName":"search_term_string"}}],"inLanguage":"pt-BR"},{"@type":"Organization","@id":"https:\/\/dualgree.com.br\/loja\/#organization","name":"Loja Dual Gree Servi\u00e7o","url":"https:\/\/dualgree.com.br\/loja\/","logo":{"@type":"ImageObject","inLanguage":"pt-BR","@id":"https:\/\/dualgree.com.br\/loja\/#\/schema\/logo\/image\/","url":"https:\/\/dualgree.com.br\/loja\/wp-content\/uploads\/2024\/09\/teste-logo-ecommerce-dual-1-e1725909304971.png","contentUrl":"https:\/\/dualgree.com.br\/loja\/wp-content\/uploads\/2024\/09\/teste-logo-ecommerce-dual-1-e1725909304971.png","width":470,"height":157,"caption":"Loja Dual Gree Servi\u00e7o"},"image":{"@id":"https:\/\/dualgree.com.br\/loja\/#\/schema\/logo\/image\/"}}]}},"jetpack_publicize_connections":[],"jetpack_sharing_enabled":true,"jetpack_likes_enabled":true,"_links":{"self":[{"href":"https:\/\/dualgree.com.br\/loja\/wp-json\/wp\/v2\/product\/7758","targetHints":{"allow":["GET"]}}],"collection":[{"href":"https:\/\/dualgree.com.br\/loja\/wp-json\/wp\/v2\/product"}],"about":[{"href":"https:\/\/dualgree.com.br\/loja\/wp-json\/wp\/v2\/types\/product"}],"replies":[{"embeddable":true,"href":"https:\/\/dualgree.com.br\/loja\/wp-json\/wp\/v2\/comments?post=7758"}],"wp:featuredmedia":[{"embeddable":true,"href":"https:\/\/dualgree.com.br\/loja\/wp-json\/wp\/v2\/media\/7757"}],"wp:attachment":[{"href":"https:\/\/dualgree.com.br\/loja\/wp-json\/wp\/v2\/media?parent=7758"}],"wp:term":[{"taxonomy":"product_brand","embeddable":true,"href":"https:\/\/dualgree.com.br\/loja\/wp-json\/wp\/v2\/product_brand?post=7758"},{"taxonomy":"product_cat","embeddable":true,"href":"https:\/\/dualgree.com.br\/loja\/wp-json\/wp\/v2\/product_cat?post=7758"},{"taxonomy":"product_tag","embeddable":true,"href":"https:\/\/dualgree.com.br\/loja\/wp-json\/wp\/v2\/product_tag?post=7758"}],"curies":[{"name":"wp","href":"https:\/\/api.w.org\/{rel}","templated":true}]}}