{"id":7881,"date":"2024-10-18T22:35:34","date_gmt":"2024-10-18T22:35:34","guid":{"rendered":"https:\/\/dualgree.com.br\/loja\/produto\/serpentina-cobre-evaporadora-lg-dual-inverter-12000-s4nw12-s4nq12\/"},"modified":"2024-10-28T14:38:53","modified_gmt":"2024-10-28T14:38:53","slug":"serpentina-cobre-evaporadora-lg-dual-inverter-12000-s4nw12-s4nq12","status":"publish","type":"product","link":"https:\/\/dualgree.com.br\/loja\/produto\/serpentina-cobre-evaporadora-lg-dual-inverter-12000-s4nw12-s4nq12\/","title":{"rendered":"Serpentina Evaporadora ar condiciondo LG Dual Inverter 12000..."},"content":{"rendered":"","protected":false},"excerpt":{"rendered":"<p>ic937 &#8211; Serpentina da unidade interna evaporadora ar condicionado para LG dual inverter 12000 btus<\/p>\n<p>\u00a0<\/p>\n<p>Compativel para os modelos serpentina lg 12000 btus<\/p>\n<p>S4nw12ja3wc<\/p>\n<p>S4nq12ja3wc<\/p>\n<p>S4NW12JARPA<\/p>\n<p>S4NQ12JARPA<\/p>\n<p>S4NQ12JA31F<\/p>\n<p>S4NQ12JA31C<\/p>\n<p>S4NQ12JA3WC<\/p>\n<p>S4NQ12JA3WF<\/p>\n","protected":false},"featured_media":7878,"comment_status":"open","ping_status":"closed","template":"","meta":{"_kadence_starter_templates_imported_post":false,"_kad_post_transparent":"","_kad_post_title":"","_kad_post_layout":"","_kad_post_sidebar_id":"","_kad_post_content_style":"","_kad_post_vertical_padding":"","_kad_post_feature":"","_kad_post_feature_position":"","_kad_post_header":false,"_kad_post_footer":false,"jetpack_publicize_message":"","jetpack_publicize_feature_enabled":true,"jetpack_social_post_already_shared":false,"jetpack_social_options":{"image_generator_settings":{"template":"highway","default_image_id":0,"font":"","enabled":false},"version":2}},"product_brand":[],"product_cat":[182,197],"product_tag":[],"class_list":{"0":"post-7881","1":"product","2":"type-product","3":"status-publish","4":"has-post-thumbnail","6":"product_cat-lg","7":"product_cat-serpentina-evaporadora-split","9":"first","10":"outofstock","11":"sale","12":"shipping-taxable","13":"purchasable","14":"product-type-simple","15":"entry","16":"content-bg","17":"loop-entry"},"yoast_head":"<!-- This site is optimized with the Yoast SEO plugin v27.5 - https:\/\/yoast.com\/product\/yoast-seo-wordpress\/ -->\n<title>Serpentina Evaporadora ar condiciondo LG Dual Inverter 12000 S4nw12 S4nq12 - Loja - Dual Gree Servi\u00e7os | Pe\u00e7as<\/title>\n<meta name=\"robots\" content=\"index, follow, max-snippet:-1, max-image-preview:large, max-video-preview:-1\" \/>\n<link rel=\"canonical\" href=\"https:\/\/dualgree.com.br\/loja\/produto\/serpentina-cobre-evaporadora-lg-dual-inverter-12000-s4nw12-s4nq12\/\" \/>\n<meta property=\"og:locale\" content=\"pt_BR\" \/>\n<meta property=\"og:type\" content=\"article\" \/>\n<meta property=\"og:title\" content=\"Serpentina Evaporadora ar condiciondo LG Dual Inverter 12000 S4nw12 S4nq12 - Loja - Dual Gree Servi\u00e7os | Pe\u00e7as\" \/>\n<meta property=\"og:description\" content=\"ic937 - Serpentina da unidade interna evaporadora ar condicionado para LG dual inverter 12000 btus \u00a0 Compativel para os modelos serpentina lg 12000 btus S4nw12ja3wc S4nq12ja3wc S4NW12JARPA S4NQ12JARPA S4NQ12JA31F S4NQ12JA31C S4NQ12JA3WC S4NQ12JA3WF\" \/>\n<meta property=\"og:url\" content=\"https:\/\/dualgree.com.br\/loja\/produto\/serpentina-cobre-evaporadora-lg-dual-inverter-12000-s4nw12-s4nq12\/\" \/>\n<meta property=\"og:site_name\" content=\"Loja - Dual Gree Servi\u00e7os | Pe\u00e7as\" \/>\n<meta property=\"article:modified_time\" content=\"2024-10-28T14:38:53+00:00\" \/>\n<meta property=\"og:image\" content=\"https:\/\/dualgree.com.br\/loja\/wp-content\/uploads\/2024\/10\/15306398750-937-serpentina-cobre-evaporadora-lg-dual-inverter-12000-btus.jpeg\" \/>\n\t<meta property=\"og:image:width\" content=\"1280\" \/>\n\t<meta property=\"og:image:height\" content=\"1280\" \/>\n\t<meta property=\"og:image:type\" content=\"image\/jpeg\" \/>\n<meta name=\"twitter:card\" content=\"summary_large_image\" \/>\n<script type=\"application\/ld+json\" class=\"yoast-schema-graph\">{\"@context\":\"https:\\\/\\\/schema.org\",\"@graph\":[{\"@type\":\"WebPage\",\"@id\":\"https:\\\/\\\/dualgree.com.br\\\/loja\\\/produto\\\/serpentina-cobre-evaporadora-lg-dual-inverter-12000-s4nw12-s4nq12\\\/\",\"url\":\"https:\\\/\\\/dualgree.com.br\\\/loja\\\/produto\\\/serpentina-cobre-evaporadora-lg-dual-inverter-12000-s4nw12-s4nq12\\\/\",\"name\":\"Serpentina Evaporadora ar condiciondo LG Dual Inverter 12000 S4nw12 S4nq12 - Loja - Dual Gree Servi\u00e7os | Pe\u00e7as\",\"isPartOf\":{\"@id\":\"https:\\\/\\\/dualgree.com.br\\\/loja\\\/#website\"},\"primaryImageOfPage\":{\"@id\":\"https:\\\/\\\/dualgree.com.br\\\/loja\\\/produto\\\/serpentina-cobre-evaporadora-lg-dual-inverter-12000-s4nw12-s4nq12\\\/#primaryimage\"},\"image\":{\"@id\":\"https:\\\/\\\/dualgree.com.br\\\/loja\\\/produto\\\/serpentina-cobre-evaporadora-lg-dual-inverter-12000-s4nw12-s4nq12\\\/#primaryimage\"},\"thumbnailUrl\":\"https:\\\/\\\/dualgree.com.br\\\/loja\\\/wp-content\\\/uploads\\\/2024\\\/10\\\/15306398750-937-serpentina-cobre-evaporadora-lg-dual-inverter-12000-btus.jpeg\",\"datePublished\":\"2024-10-18T22:35:34+00:00\",\"dateModified\":\"2024-10-28T14:38:53+00:00\",\"breadcrumb\":{\"@id\":\"https:\\\/\\\/dualgree.com.br\\\/loja\\\/produto\\\/serpentina-cobre-evaporadora-lg-dual-inverter-12000-s4nw12-s4nq12\\\/#breadcrumb\"},\"inLanguage\":\"pt-BR\",\"potentialAction\":[{\"@type\":\"ReadAction\",\"target\":[\"https:\\\/\\\/dualgree.com.br\\\/loja\\\/produto\\\/serpentina-cobre-evaporadora-lg-dual-inverter-12000-s4nw12-s4nq12\\\/\"]}]},{\"@type\":\"ImageObject\",\"inLanguage\":\"pt-BR\",\"@id\":\"https:\\\/\\\/dualgree.com.br\\\/loja\\\/produto\\\/serpentina-cobre-evaporadora-lg-dual-inverter-12000-s4nw12-s4nq12\\\/#primaryimage\",\"url\":\"https:\\\/\\\/dualgree.com.br\\\/loja\\\/wp-content\\\/uploads\\\/2024\\\/10\\\/15306398750-937-serpentina-cobre-evaporadora-lg-dual-inverter-12000-btus.jpeg\",\"contentUrl\":\"https:\\\/\\\/dualgree.com.br\\\/loja\\\/wp-content\\\/uploads\\\/2024\\\/10\\\/15306398750-937-serpentina-cobre-evaporadora-lg-dual-inverter-12000-btus.jpeg\",\"width\":1280,\"height\":1280},{\"@type\":\"BreadcrumbList\",\"@id\":\"https:\\\/\\\/dualgree.com.br\\\/loja\\\/produto\\\/serpentina-cobre-evaporadora-lg-dual-inverter-12000-s4nw12-s4nq12\\\/#breadcrumb\",\"itemListElement\":[{\"@type\":\"ListItem\",\"position\":1,\"name\":\"In\u00edcio\",\"item\":\"https:\\\/\\\/dualgree.com.br\\\/loja\\\/\"},{\"@type\":\"ListItem\",\"position\":2,\"name\":\"Loja &#8211; Cat\u00e1logo de Pe\u00e7as\",\"item\":\"https:\\\/\\\/dualgree.com.br\\\/loja\\\/\"},{\"@type\":\"ListItem\",\"position\":3,\"name\":\"Serpentina Evaporadora ar condiciondo LG Dual Inverter 12000...\"}]},{\"@type\":\"WebSite\",\"@id\":\"https:\\\/\\\/dualgree.com.br\\\/loja\\\/#website\",\"url\":\"https:\\\/\\\/dualgree.com.br\\\/loja\\\/\",\"name\":\"Loja - Dual Gree Servi\u00e7os | Partes e Pe\u00e7as\",\"description\":\"Catalogo de Pe\u00e7as para ar condicionado\",\"publisher\":{\"@id\":\"https:\\\/\\\/dualgree.com.br\\\/loja\\\/#organization\"},\"potentialAction\":[{\"@type\":\"SearchAction\",\"target\":{\"@type\":\"EntryPoint\",\"urlTemplate\":\"https:\\\/\\\/dualgree.com.br\\\/loja\\\/?s={search_term_string}\"},\"query-input\":{\"@type\":\"PropertyValueSpecification\",\"valueRequired\":true,\"valueName\":\"search_term_string\"}}],\"inLanguage\":\"pt-BR\"},{\"@type\":\"Organization\",\"@id\":\"https:\\\/\\\/dualgree.com.br\\\/loja\\\/#organization\",\"name\":\"Loja Dual Gree Servi\u00e7o\",\"url\":\"https:\\\/\\\/dualgree.com.br\\\/loja\\\/\",\"logo\":{\"@type\":\"ImageObject\",\"inLanguage\":\"pt-BR\",\"@id\":\"https:\\\/\\\/dualgree.com.br\\\/loja\\\/#\\\/schema\\\/logo\\\/image\\\/\",\"url\":\"https:\\\/\\\/dualgree.com.br\\\/loja\\\/wp-content\\\/uploads\\\/2024\\\/09\\\/teste-logo-ecommerce-dual-1-e1725909304971.png\",\"contentUrl\":\"https:\\\/\\\/dualgree.com.br\\\/loja\\\/wp-content\\\/uploads\\\/2024\\\/09\\\/teste-logo-ecommerce-dual-1-e1725909304971.png\",\"width\":470,\"height\":157,\"caption\":\"Loja Dual Gree Servi\u00e7o\"},\"image\":{\"@id\":\"https:\\\/\\\/dualgree.com.br\\\/loja\\\/#\\\/schema\\\/logo\\\/image\\\/\"}}]}<\/script>\n<!-- \/ Yoast SEO plugin. -->","yoast_head_json":{"title":"Serpentina Evaporadora ar condiciondo LG Dual Inverter 12000 S4nw12 S4nq12 - Loja - Dual Gree Servi\u00e7os | Pe\u00e7as","robots":{"index":"index","follow":"follow","max-snippet":"max-snippet:-1","max-image-preview":"max-image-preview:large","max-video-preview":"max-video-preview:-1"},"canonical":"https:\/\/dualgree.com.br\/loja\/produto\/serpentina-cobre-evaporadora-lg-dual-inverter-12000-s4nw12-s4nq12\/","og_locale":"pt_BR","og_type":"article","og_title":"Serpentina Evaporadora ar condiciondo LG Dual Inverter 12000 S4nw12 S4nq12 - Loja - Dual Gree Servi\u00e7os | Pe\u00e7as","og_description":"ic937 - Serpentina da unidade interna evaporadora ar condicionado para LG dual inverter 12000 btus \u00a0 Compativel para os modelos serpentina lg 12000 btus S4nw12ja3wc S4nq12ja3wc S4NW12JARPA S4NQ12JARPA S4NQ12JA31F S4NQ12JA31C S4NQ12JA3WC S4NQ12JA3WF","og_url":"https:\/\/dualgree.com.br\/loja\/produto\/serpentina-cobre-evaporadora-lg-dual-inverter-12000-s4nw12-s4nq12\/","og_site_name":"Loja - Dual Gree Servi\u00e7os | Pe\u00e7as","article_modified_time":"2024-10-28T14:38:53+00:00","og_image":[{"width":1280,"height":1280,"url":"https:\/\/dualgree.com.br\/loja\/wp-content\/uploads\/2024\/10\/15306398750-937-serpentina-cobre-evaporadora-lg-dual-inverter-12000-btus.jpeg","type":"image\/jpeg"}],"twitter_card":"summary_large_image","schema":{"@context":"https:\/\/schema.org","@graph":[{"@type":"WebPage","@id":"https:\/\/dualgree.com.br\/loja\/produto\/serpentina-cobre-evaporadora-lg-dual-inverter-12000-s4nw12-s4nq12\/","url":"https:\/\/dualgree.com.br\/loja\/produto\/serpentina-cobre-evaporadora-lg-dual-inverter-12000-s4nw12-s4nq12\/","name":"Serpentina Evaporadora ar condiciondo LG Dual Inverter 12000 S4nw12 S4nq12 - Loja - Dual Gree Servi\u00e7os | Pe\u00e7as","isPartOf":{"@id":"https:\/\/dualgree.com.br\/loja\/#website"},"primaryImageOfPage":{"@id":"https:\/\/dualgree.com.br\/loja\/produto\/serpentina-cobre-evaporadora-lg-dual-inverter-12000-s4nw12-s4nq12\/#primaryimage"},"image":{"@id":"https:\/\/dualgree.com.br\/loja\/produto\/serpentina-cobre-evaporadora-lg-dual-inverter-12000-s4nw12-s4nq12\/#primaryimage"},"thumbnailUrl":"https:\/\/dualgree.com.br\/loja\/wp-content\/uploads\/2024\/10\/15306398750-937-serpentina-cobre-evaporadora-lg-dual-inverter-12000-btus.jpeg","datePublished":"2024-10-18T22:35:34+00:00","dateModified":"2024-10-28T14:38:53+00:00","breadcrumb":{"@id":"https:\/\/dualgree.com.br\/loja\/produto\/serpentina-cobre-evaporadora-lg-dual-inverter-12000-s4nw12-s4nq12\/#breadcrumb"},"inLanguage":"pt-BR","potentialAction":[{"@type":"ReadAction","target":["https:\/\/dualgree.com.br\/loja\/produto\/serpentina-cobre-evaporadora-lg-dual-inverter-12000-s4nw12-s4nq12\/"]}]},{"@type":"ImageObject","inLanguage":"pt-BR","@id":"https:\/\/dualgree.com.br\/loja\/produto\/serpentina-cobre-evaporadora-lg-dual-inverter-12000-s4nw12-s4nq12\/#primaryimage","url":"https:\/\/dualgree.com.br\/loja\/wp-content\/uploads\/2024\/10\/15306398750-937-serpentina-cobre-evaporadora-lg-dual-inverter-12000-btus.jpeg","contentUrl":"https:\/\/dualgree.com.br\/loja\/wp-content\/uploads\/2024\/10\/15306398750-937-serpentina-cobre-evaporadora-lg-dual-inverter-12000-btus.jpeg","width":1280,"height":1280},{"@type":"BreadcrumbList","@id":"https:\/\/dualgree.com.br\/loja\/produto\/serpentina-cobre-evaporadora-lg-dual-inverter-12000-s4nw12-s4nq12\/#breadcrumb","itemListElement":[{"@type":"ListItem","position":1,"name":"In\u00edcio","item":"https:\/\/dualgree.com.br\/loja\/"},{"@type":"ListItem","position":2,"name":"Loja &#8211; Cat\u00e1logo de Pe\u00e7as","item":"https:\/\/dualgree.com.br\/loja\/"},{"@type":"ListItem","position":3,"name":"Serpentina Evaporadora ar condiciondo LG Dual Inverter 12000..."}]},{"@type":"WebSite","@id":"https:\/\/dualgree.com.br\/loja\/#website","url":"https:\/\/dualgree.com.br\/loja\/","name":"Loja - Dual Gree Servi\u00e7os | Partes e Pe\u00e7as","description":"Catalogo de Pe\u00e7as para ar condicionado","publisher":{"@id":"https:\/\/dualgree.com.br\/loja\/#organization"},"potentialAction":[{"@type":"SearchAction","target":{"@type":"EntryPoint","urlTemplate":"https:\/\/dualgree.com.br\/loja\/?s={search_term_string}"},"query-input":{"@type":"PropertyValueSpecification","valueRequired":true,"valueName":"search_term_string"}}],"inLanguage":"pt-BR"},{"@type":"Organization","@id":"https:\/\/dualgree.com.br\/loja\/#organization","name":"Loja Dual Gree Servi\u00e7o","url":"https:\/\/dualgree.com.br\/loja\/","logo":{"@type":"ImageObject","inLanguage":"pt-BR","@id":"https:\/\/dualgree.com.br\/loja\/#\/schema\/logo\/image\/","url":"https:\/\/dualgree.com.br\/loja\/wp-content\/uploads\/2024\/09\/teste-logo-ecommerce-dual-1-e1725909304971.png","contentUrl":"https:\/\/dualgree.com.br\/loja\/wp-content\/uploads\/2024\/09\/teste-logo-ecommerce-dual-1-e1725909304971.png","width":470,"height":157,"caption":"Loja Dual Gree Servi\u00e7o"},"image":{"@id":"https:\/\/dualgree.com.br\/loja\/#\/schema\/logo\/image\/"}}]}},"jetpack_publicize_connections":[],"jetpack_sharing_enabled":true,"jetpack_likes_enabled":true,"_links":{"self":[{"href":"https:\/\/dualgree.com.br\/loja\/wp-json\/wp\/v2\/product\/7881","targetHints":{"allow":["GET"]}}],"collection":[{"href":"https:\/\/dualgree.com.br\/loja\/wp-json\/wp\/v2\/product"}],"about":[{"href":"https:\/\/dualgree.com.br\/loja\/wp-json\/wp\/v2\/types\/product"}],"replies":[{"embeddable":true,"href":"https:\/\/dualgree.com.br\/loja\/wp-json\/wp\/v2\/comments?post=7881"}],"wp:featuredmedia":[{"embeddable":true,"href":"https:\/\/dualgree.com.br\/loja\/wp-json\/wp\/v2\/media\/7878"}],"wp:attachment":[{"href":"https:\/\/dualgree.com.br\/loja\/wp-json\/wp\/v2\/media?parent=7881"}],"wp:term":[{"taxonomy":"product_brand","embeddable":true,"href":"https:\/\/dualgree.com.br\/loja\/wp-json\/wp\/v2\/product_brand?post=7881"},{"taxonomy":"product_cat","embeddable":true,"href":"https:\/\/dualgree.com.br\/loja\/wp-json\/wp\/v2\/product_cat?post=7881"},{"taxonomy":"product_tag","embeddable":true,"href":"https:\/\/dualgree.com.br\/loja\/wp-json\/wp\/v2\/product_tag?post=7881"}],"curies":[{"name":"wp","href":"https:\/\/api.w.org\/{rel}","templated":true}]}}