{"id":8103,"date":"2024-10-25T16:08:30","date_gmt":"2024-10-25T16:08:30","guid":{"rendered":"https:\/\/dualgree.com.br\/loja\/produto\/filtro-tela-da-evaporadora-ar-condicionado-compativel-com-fujitsu-hi-wall-inverter-asba09lacm\/"},"modified":"2024-12-12T13:55:59","modified_gmt":"2024-12-12T13:55:59","slug":"filtro-tela-da-evaporadora-ar-condicionado-compativel-com-fujitsu-hi-wall-inverter-asba09lacm","status":"publish","type":"product","link":"https:\/\/dualgree.com.br\/loja\/produto\/filtro-tela-da-evaporadora-ar-condicionado-compativel-com-fujitsu-hi-wall-inverter-asba09lacm\/","title":{"rendered":"Filtro Tela Da Evaporadora Ar Condicionado Compativel Com Fu..."},"content":{"rendered":"<p>\u00a0<\/p>\n<p>Ic2115-Filtro Tela Da Evaporadora Ar Condicionado Compativel Com Fujitsu Hi Wall Inverter 7.000 a 18.000 Btus<\/p>\n<p>Novo<\/p>\n<p>\u00a0<\/p>\n<p>No filtro:<\/p>\n<p>9309997XXX<\/p>\n<p>\u00a0<\/p>\n<p>Comprimento: 32,1cm<\/p>\n<p>Largura: 30,6cm<\/p>\n<p>\u00a0<\/p>\n<p>Modelos compativel:<\/p>\n<p>ASBA07LACM<\/p>\n<p>ASBA09LACM<\/p>\n<p>ASBA09LCC<\/p>\n<p>ASBA12LACM<\/p>\n<p>ASBA12LCC<\/p>\n<p>ASBA18LACM<\/p>\n<p>ASBA18LCC<\/p>\n","protected":false},"excerpt":{"rendered":"<p>\u00a0 Ic2115-Filtro Tela Da Evaporadora Ar Condicionado Compativel Com Fujitsu Hi Wall Inverter 7.000 a 18.000 Btus Novo \u00a0 No filtro: 9309997XXX \u00a0 Comprimento: 32,1cm Largura: 30,6cm \u00a0 Modelos compativel: ASBA07LACM ASBA09LACM ASBA09LCC ASBA12LACM ASBA12LCC ASBA18LACM ASBA18LCC<\/p>\n","protected":false},"featured_media":8102,"comment_status":"open","ping_status":"closed","template":"","meta":{"_kadence_starter_templates_imported_post":false,"_kad_post_transparent":"","_kad_post_title":"","_kad_post_layout":"","_kad_post_sidebar_id":"","_kad_post_content_style":"","_kad_post_vertical_padding":"","_kad_post_feature":"","_kad_post_feature_position":"","_kad_post_header":false,"_kad_post_footer":false,"jetpack_publicize_message":"","jetpack_publicize_feature_enabled":true,"jetpack_social_post_already_shared":false,"jetpack_social_options":{"image_generator_settings":{"template":"highway","default_image_id":0,"font":"","enabled":false},"version":2}},"product_brand":[],"product_cat":[194,187],"product_tag":[],"class_list":{"0":"post-8103","1":"product","2":"type-product","3":"status-publish","4":"has-post-thumbnail","6":"product_cat-filtro-tela-split","7":"product_cat-fujitsu","9":"first","10":"instock","11":"shipping-taxable","12":"purchasable","13":"product-type-simple","14":"entry","15":"content-bg","16":"loop-entry"},"yoast_head":"<!-- This site is optimized with the Yoast SEO plugin v27.5 - https:\/\/yoast.com\/product\/yoast-seo-wordpress\/ -->\n<title>Filtro Tela Da Evaporadora Ar Condicionado Compativel Com Fujitsu Hi Wall Inverter ASBA09LACM - Loja - Dual Gree Servi\u00e7os | Pe\u00e7as<\/title>\n<meta name=\"robots\" content=\"index, follow, max-snippet:-1, max-image-preview:large, max-video-preview:-1\" \/>\n<link rel=\"canonical\" href=\"https:\/\/dualgree.com.br\/loja\/produto\/filtro-tela-da-evaporadora-ar-condicionado-compativel-com-fujitsu-hi-wall-inverter-asba09lacm\/\" \/>\n<meta property=\"og:locale\" content=\"pt_BR\" \/>\n<meta property=\"og:type\" content=\"article\" \/>\n<meta property=\"og:title\" content=\"Filtro Tela Da Evaporadora Ar Condicionado Compativel Com Fujitsu Hi Wall Inverter ASBA09LACM - Loja - Dual Gree Servi\u00e7os | Pe\u00e7as\" \/>\n<meta property=\"og:description\" content=\"\u00a0 Ic2115-Filtro Tela Da Evaporadora Ar Condicionado Compativel Com Fujitsu Hi Wall Inverter 7.000 a 18.000 Btus Novo \u00a0 No filtro: 9309997XXX \u00a0 Comprimento: 32,1cm Largura: 30,6cm \u00a0 Modelos compativel: ASBA07LACM ASBA09LACM ASBA09LCC ASBA12LACM ASBA12LCC ASBA18LACM ASBA18LCC\" \/>\n<meta property=\"og:url\" content=\"https:\/\/dualgree.com.br\/loja\/produto\/filtro-tela-da-evaporadora-ar-condicionado-compativel-com-fujitsu-hi-wall-inverter-asba09lacm\/\" \/>\n<meta property=\"og:site_name\" content=\"Loja - Dual Gree Servi\u00e7os | Pe\u00e7as\" \/>\n<meta property=\"article:modified_time\" content=\"2024-12-12T13:55:59+00:00\" \/>\n<meta name=\"twitter:card\" content=\"summary_large_image\" \/>\n<script type=\"application\/ld+json\" class=\"yoast-schema-graph\">{\"@context\":\"https:\\\/\\\/schema.org\",\"@graph\":[{\"@type\":\"WebPage\",\"@id\":\"https:\\\/\\\/dualgree.com.br\\\/loja\\\/produto\\\/filtro-tela-da-evaporadora-ar-condicionado-compativel-com-fujitsu-hi-wall-inverter-asba09lacm\\\/\",\"url\":\"https:\\\/\\\/dualgree.com.br\\\/loja\\\/produto\\\/filtro-tela-da-evaporadora-ar-condicionado-compativel-com-fujitsu-hi-wall-inverter-asba09lacm\\\/\",\"name\":\"Filtro Tela Da Evaporadora Ar Condicionado Compativel Com Fujitsu Hi Wall Inverter ASBA09LACM - Loja - Dual Gree Servi\u00e7os | Pe\u00e7as\",\"isPartOf\":{\"@id\":\"https:\\\/\\\/dualgree.com.br\\\/loja\\\/#website\"},\"primaryImageOfPage\":{\"@id\":\"https:\\\/\\\/dualgree.com.br\\\/loja\\\/produto\\\/filtro-tela-da-evaporadora-ar-condicionado-compativel-com-fujitsu-hi-wall-inverter-asba09lacm\\\/#primaryimage\"},\"image\":{\"@id\":\"https:\\\/\\\/dualgree.com.br\\\/loja\\\/produto\\\/filtro-tela-da-evaporadora-ar-condicionado-compativel-com-fujitsu-hi-wall-inverter-asba09lacm\\\/#primaryimage\"},\"thumbnailUrl\":\"https:\\\/\\\/dualgree.com.br\\\/loja\\\/wp-content\\\/uploads\\\/2024\\\/10\\\/15307434034-2115-filtro-tela-da-evaporadora-ar-condicionado-compativel-com-fujitsu-hi-wall-inverter-7000-a.jpeg\",\"datePublished\":\"2024-10-25T16:08:30+00:00\",\"dateModified\":\"2024-12-12T13:55:59+00:00\",\"breadcrumb\":{\"@id\":\"https:\\\/\\\/dualgree.com.br\\\/loja\\\/produto\\\/filtro-tela-da-evaporadora-ar-condicionado-compativel-com-fujitsu-hi-wall-inverter-asba09lacm\\\/#breadcrumb\"},\"inLanguage\":\"pt-BR\",\"potentialAction\":[{\"@type\":\"ReadAction\",\"target\":[\"https:\\\/\\\/dualgree.com.br\\\/loja\\\/produto\\\/filtro-tela-da-evaporadora-ar-condicionado-compativel-com-fujitsu-hi-wall-inverter-asba09lacm\\\/\"]}]},{\"@type\":\"ImageObject\",\"inLanguage\":\"pt-BR\",\"@id\":\"https:\\\/\\\/dualgree.com.br\\\/loja\\\/produto\\\/filtro-tela-da-evaporadora-ar-condicionado-compativel-com-fujitsu-hi-wall-inverter-asba09lacm\\\/#primaryimage\",\"url\":\"https:\\\/\\\/dualgree.com.br\\\/loja\\\/wp-content\\\/uploads\\\/2024\\\/10\\\/15307434034-2115-filtro-tela-da-evaporadora-ar-condicionado-compativel-com-fujitsu-hi-wall-inverter-7000-a.jpeg\",\"contentUrl\":\"https:\\\/\\\/dualgree.com.br\\\/loja\\\/wp-content\\\/uploads\\\/2024\\\/10\\\/15307434034-2115-filtro-tela-da-evaporadora-ar-condicionado-compativel-com-fujitsu-hi-wall-inverter-7000-a.jpeg\",\"width\":1280,\"height\":1280},{\"@type\":\"BreadcrumbList\",\"@id\":\"https:\\\/\\\/dualgree.com.br\\\/loja\\\/produto\\\/filtro-tela-da-evaporadora-ar-condicionado-compativel-com-fujitsu-hi-wall-inverter-asba09lacm\\\/#breadcrumb\",\"itemListElement\":[{\"@type\":\"ListItem\",\"position\":1,\"name\":\"In\u00edcio\",\"item\":\"https:\\\/\\\/dualgree.com.br\\\/loja\\\/\"},{\"@type\":\"ListItem\",\"position\":2,\"name\":\"Loja &#8211; Cat\u00e1logo de Pe\u00e7as\",\"item\":\"https:\\\/\\\/dualgree.com.br\\\/loja\\\/\"},{\"@type\":\"ListItem\",\"position\":3,\"name\":\"Filtro Tela Da Evaporadora Ar Condicionado Compativel Com Fu...\"}]},{\"@type\":\"WebSite\",\"@id\":\"https:\\\/\\\/dualgree.com.br\\\/loja\\\/#website\",\"url\":\"https:\\\/\\\/dualgree.com.br\\\/loja\\\/\",\"name\":\"Loja - Dual Gree Servi\u00e7os | Partes e Pe\u00e7as\",\"description\":\"Catalogo de Pe\u00e7as para ar condicionado\",\"publisher\":{\"@id\":\"https:\\\/\\\/dualgree.com.br\\\/loja\\\/#organization\"},\"potentialAction\":[{\"@type\":\"SearchAction\",\"target\":{\"@type\":\"EntryPoint\",\"urlTemplate\":\"https:\\\/\\\/dualgree.com.br\\\/loja\\\/?s={search_term_string}\"},\"query-input\":{\"@type\":\"PropertyValueSpecification\",\"valueRequired\":true,\"valueName\":\"search_term_string\"}}],\"inLanguage\":\"pt-BR\"},{\"@type\":\"Organization\",\"@id\":\"https:\\\/\\\/dualgree.com.br\\\/loja\\\/#organization\",\"name\":\"Loja Dual Gree Servi\u00e7o\",\"url\":\"https:\\\/\\\/dualgree.com.br\\\/loja\\\/\",\"logo\":{\"@type\":\"ImageObject\",\"inLanguage\":\"pt-BR\",\"@id\":\"https:\\\/\\\/dualgree.com.br\\\/loja\\\/#\\\/schema\\\/logo\\\/image\\\/\",\"url\":\"https:\\\/\\\/dualgree.com.br\\\/loja\\\/wp-content\\\/uploads\\\/2024\\\/09\\\/teste-logo-ecommerce-dual-1-e1725909304971.png\",\"contentUrl\":\"https:\\\/\\\/dualgree.com.br\\\/loja\\\/wp-content\\\/uploads\\\/2024\\\/09\\\/teste-logo-ecommerce-dual-1-e1725909304971.png\",\"width\":470,\"height\":157,\"caption\":\"Loja Dual Gree Servi\u00e7o\"},\"image\":{\"@id\":\"https:\\\/\\\/dualgree.com.br\\\/loja\\\/#\\\/schema\\\/logo\\\/image\\\/\"}}]}<\/script>\n<!-- \/ Yoast SEO plugin. -->","yoast_head_json":{"title":"Filtro Tela Da Evaporadora Ar Condicionado Compativel Com Fujitsu Hi Wall Inverter ASBA09LACM - Loja - Dual Gree Servi\u00e7os | Pe\u00e7as","robots":{"index":"index","follow":"follow","max-snippet":"max-snippet:-1","max-image-preview":"max-image-preview:large","max-video-preview":"max-video-preview:-1"},"canonical":"https:\/\/dualgree.com.br\/loja\/produto\/filtro-tela-da-evaporadora-ar-condicionado-compativel-com-fujitsu-hi-wall-inverter-asba09lacm\/","og_locale":"pt_BR","og_type":"article","og_title":"Filtro Tela Da Evaporadora Ar Condicionado Compativel Com Fujitsu Hi Wall Inverter ASBA09LACM - Loja - Dual Gree Servi\u00e7os | Pe\u00e7as","og_description":"\u00a0 Ic2115-Filtro Tela Da Evaporadora Ar Condicionado Compativel Com Fujitsu Hi Wall Inverter 7.000 a 18.000 Btus Novo \u00a0 No filtro: 9309997XXX \u00a0 Comprimento: 32,1cm Largura: 30,6cm \u00a0 Modelos compativel: ASBA07LACM ASBA09LACM ASBA09LCC ASBA12LACM ASBA12LCC ASBA18LACM ASBA18LCC","og_url":"https:\/\/dualgree.com.br\/loja\/produto\/filtro-tela-da-evaporadora-ar-condicionado-compativel-com-fujitsu-hi-wall-inverter-asba09lacm\/","og_site_name":"Loja - Dual Gree Servi\u00e7os | Pe\u00e7as","article_modified_time":"2024-12-12T13:55:59+00:00","twitter_card":"summary_large_image","schema":{"@context":"https:\/\/schema.org","@graph":[{"@type":"WebPage","@id":"https:\/\/dualgree.com.br\/loja\/produto\/filtro-tela-da-evaporadora-ar-condicionado-compativel-com-fujitsu-hi-wall-inverter-asba09lacm\/","url":"https:\/\/dualgree.com.br\/loja\/produto\/filtro-tela-da-evaporadora-ar-condicionado-compativel-com-fujitsu-hi-wall-inverter-asba09lacm\/","name":"Filtro Tela Da Evaporadora Ar Condicionado Compativel Com Fujitsu Hi Wall Inverter ASBA09LACM - Loja - Dual Gree Servi\u00e7os | Pe\u00e7as","isPartOf":{"@id":"https:\/\/dualgree.com.br\/loja\/#website"},"primaryImageOfPage":{"@id":"https:\/\/dualgree.com.br\/loja\/produto\/filtro-tela-da-evaporadora-ar-condicionado-compativel-com-fujitsu-hi-wall-inverter-asba09lacm\/#primaryimage"},"image":{"@id":"https:\/\/dualgree.com.br\/loja\/produto\/filtro-tela-da-evaporadora-ar-condicionado-compativel-com-fujitsu-hi-wall-inverter-asba09lacm\/#primaryimage"},"thumbnailUrl":"https:\/\/dualgree.com.br\/loja\/wp-content\/uploads\/2024\/10\/15307434034-2115-filtro-tela-da-evaporadora-ar-condicionado-compativel-com-fujitsu-hi-wall-inverter-7000-a.jpeg","datePublished":"2024-10-25T16:08:30+00:00","dateModified":"2024-12-12T13:55:59+00:00","breadcrumb":{"@id":"https:\/\/dualgree.com.br\/loja\/produto\/filtro-tela-da-evaporadora-ar-condicionado-compativel-com-fujitsu-hi-wall-inverter-asba09lacm\/#breadcrumb"},"inLanguage":"pt-BR","potentialAction":[{"@type":"ReadAction","target":["https:\/\/dualgree.com.br\/loja\/produto\/filtro-tela-da-evaporadora-ar-condicionado-compativel-com-fujitsu-hi-wall-inverter-asba09lacm\/"]}]},{"@type":"ImageObject","inLanguage":"pt-BR","@id":"https:\/\/dualgree.com.br\/loja\/produto\/filtro-tela-da-evaporadora-ar-condicionado-compativel-com-fujitsu-hi-wall-inverter-asba09lacm\/#primaryimage","url":"https:\/\/dualgree.com.br\/loja\/wp-content\/uploads\/2024\/10\/15307434034-2115-filtro-tela-da-evaporadora-ar-condicionado-compativel-com-fujitsu-hi-wall-inverter-7000-a.jpeg","contentUrl":"https:\/\/dualgree.com.br\/loja\/wp-content\/uploads\/2024\/10\/15307434034-2115-filtro-tela-da-evaporadora-ar-condicionado-compativel-com-fujitsu-hi-wall-inverter-7000-a.jpeg","width":1280,"height":1280},{"@type":"BreadcrumbList","@id":"https:\/\/dualgree.com.br\/loja\/produto\/filtro-tela-da-evaporadora-ar-condicionado-compativel-com-fujitsu-hi-wall-inverter-asba09lacm\/#breadcrumb","itemListElement":[{"@type":"ListItem","position":1,"name":"In\u00edcio","item":"https:\/\/dualgree.com.br\/loja\/"},{"@type":"ListItem","position":2,"name":"Loja &#8211; Cat\u00e1logo de Pe\u00e7as","item":"https:\/\/dualgree.com.br\/loja\/"},{"@type":"ListItem","position":3,"name":"Filtro Tela Da Evaporadora Ar Condicionado Compativel Com Fu..."}]},{"@type":"WebSite","@id":"https:\/\/dualgree.com.br\/loja\/#website","url":"https:\/\/dualgree.com.br\/loja\/","name":"Loja - Dual Gree Servi\u00e7os | Partes e Pe\u00e7as","description":"Catalogo de Pe\u00e7as para ar condicionado","publisher":{"@id":"https:\/\/dualgree.com.br\/loja\/#organization"},"potentialAction":[{"@type":"SearchAction","target":{"@type":"EntryPoint","urlTemplate":"https:\/\/dualgree.com.br\/loja\/?s={search_term_string}"},"query-input":{"@type":"PropertyValueSpecification","valueRequired":true,"valueName":"search_term_string"}}],"inLanguage":"pt-BR"},{"@type":"Organization","@id":"https:\/\/dualgree.com.br\/loja\/#organization","name":"Loja Dual Gree Servi\u00e7o","url":"https:\/\/dualgree.com.br\/loja\/","logo":{"@type":"ImageObject","inLanguage":"pt-BR","@id":"https:\/\/dualgree.com.br\/loja\/#\/schema\/logo\/image\/","url":"https:\/\/dualgree.com.br\/loja\/wp-content\/uploads\/2024\/09\/teste-logo-ecommerce-dual-1-e1725909304971.png","contentUrl":"https:\/\/dualgree.com.br\/loja\/wp-content\/uploads\/2024\/09\/teste-logo-ecommerce-dual-1-e1725909304971.png","width":470,"height":157,"caption":"Loja Dual Gree Servi\u00e7o"},"image":{"@id":"https:\/\/dualgree.com.br\/loja\/#\/schema\/logo\/image\/"}}]}},"jetpack_publicize_connections":[],"jetpack_sharing_enabled":true,"jetpack_likes_enabled":true,"_links":{"self":[{"href":"https:\/\/dualgree.com.br\/loja\/wp-json\/wp\/v2\/product\/8103","targetHints":{"allow":["GET"]}}],"collection":[{"href":"https:\/\/dualgree.com.br\/loja\/wp-json\/wp\/v2\/product"}],"about":[{"href":"https:\/\/dualgree.com.br\/loja\/wp-json\/wp\/v2\/types\/product"}],"replies":[{"embeddable":true,"href":"https:\/\/dualgree.com.br\/loja\/wp-json\/wp\/v2\/comments?post=8103"}],"wp:featuredmedia":[{"embeddable":true,"href":"https:\/\/dualgree.com.br\/loja\/wp-json\/wp\/v2\/media\/8102"}],"wp:attachment":[{"href":"https:\/\/dualgree.com.br\/loja\/wp-json\/wp\/v2\/media?parent=8103"}],"wp:term":[{"taxonomy":"product_brand","embeddable":true,"href":"https:\/\/dualgree.com.br\/loja\/wp-json\/wp\/v2\/product_brand?post=8103"},{"taxonomy":"product_cat","embeddable":true,"href":"https:\/\/dualgree.com.br\/loja\/wp-json\/wp\/v2\/product_cat?post=8103"},{"taxonomy":"product_tag","embeddable":true,"href":"https:\/\/dualgree.com.br\/loja\/wp-json\/wp\/v2\/product_tag?post=8103"}],"curies":[{"name":"wp","href":"https:\/\/api.w.org\/{rel}","templated":true}]}}