{"id":8206,"date":"2024-10-30T21:39:37","date_gmt":"2024-10-30T21:39:37","guid":{"rendered":"https:\/\/dualgree.com.br\/loja\/produto\/serpentina-evaporadora-ar-condicionado-consul-cbu07obbna-cbc09abbna\/"},"modified":"2025-02-04T16:49:22","modified_gmt":"2025-02-04T16:49:22","slug":"serpentina-evaporadora-ar-condicionado-consul-cbu07obbna-cbc09abbna","status":"publish","type":"product","link":"https:\/\/dualgree.com.br\/loja\/produto\/serpentina-evaporadora-ar-condicionado-consul-cbu07obbna-cbc09abbna\/","title":{"rendered":"Serpentina Evaporadora ar condicionado Consul Cbu07OBBna CBC..."},"content":{"rendered":"<p><span style=\"font-family: arial, tahoma, verdana, helvetica;font-size: 14.72px\">IC3219 &#8211; Serpentina cobre para evaporadora Consul exclusiva para os modelos\u00a0 em descri\u00e7ao<\/span><br style=\"font-family: arial, tahoma, verdana, helvetica;font-size: 14.72px\" \/><span style=\"font-family: arial, tahoma, verdana, helvetica;font-size: 14.72px\"><\/span><\/p>\n<p>\u00a0<\/p>\n<p><span style=\"font-family: arial, tahoma, verdana, helvetica;font-size: 14.72px\">VEja as fotos, produto novo pode possuir detalhes de armazenamento\u00a0<\/span><\/p>\n<p>\u00a0<\/p>\n<p><span style=\"font-family: arial, tahoma, verdana, helvetica;font-size: 14.72px\">Ultima foto ilustrativa com\u00a0 equipamento compativo. Duvidas fale com vendedor<\/span><\/p>\n<p>\u00a0<\/p>\n<p><span style=\"font-family: arial, tahoma, verdana, helvetica;font-size: 14.72px\">Conex\u00e3o 3\/8 e 1\/4<\/span><br style=\"font-family: arial, tahoma, verdana, helvetica;font-size: 14.72px\" \/><span style=\"font-family: arial, tahoma, verdana, helvetica;font-size: 14.72px\"><\/span><\/p>\n<p>\u00a0<\/p>\n<p><span style=\"font-family: arial, tahoma, verdana, helvetica;font-size: 14.72px\">CBC09ABBNA<\/span><br style=\"font-family: arial, tahoma, verdana, helvetica;font-size: 14.72px\" \/><span style=\"font-family: arial, tahoma, verdana, helvetica;font-size: 14.72px\">Cbu07OBBna<\/span><br style=\"font-family: arial, tahoma, verdana, helvetica;font-size: 14.72px\" \/><span style=\"font-family: arial, tahoma, verdana, helvetica;font-size: 14.72px\"><\/span><\/p>\n<p>\u00a0<\/p>\n<p><span style=\"font-family: arial, tahoma, verdana, helvetica;font-size: 14.72px\">Dimens\u00f5es<\/span><br style=\"font-family: arial, tahoma, verdana, helvetica;font-size: 14.72px\" \/><span style=\"font-family: arial, tahoma, verdana, helvetica;font-size: 14.72px\">Comprimento 638mm<\/span><br style=\"font-family: arial, tahoma, verdana, helvetica;font-size: 14.72px\" \/><span style=\"font-family: arial, tahoma, verdana, helvetica;font-size: 14.72px\">Lagura 170mm<\/span><\/p>\n","protected":false},"excerpt":{"rendered":"<p>IC3219 &#8211; Serpentina cobre para evaporadora Consul exclusiva para os modelos\u00a0 em descri\u00e7ao \u00a0 VEja as fotos, produto novo pode possuir detalhes de armazenamento\u00a0 \u00a0 Ultima foto ilustrativa com\u00a0 equipamento compativo. Duvidas fale com vendedor \u00a0 Conex\u00e3o 3\/8 e 1\/4 \u00a0 CBC09ABBNACbu07OBBna \u00a0 Dimens\u00f5esComprimento 638mmLagura 170mm<\/p>\n","protected":false},"featured_media":8207,"comment_status":"open","ping_status":"closed","template":"","meta":{"_kadence_starter_templates_imported_post":false,"_kad_post_transparent":"","_kad_post_title":"","_kad_post_layout":"","_kad_post_sidebar_id":"","_kad_post_content_style":"","_kad_post_vertical_padding":"","_kad_post_feature":"","_kad_post_feature_position":"","_kad_post_header":false,"_kad_post_footer":false,"jetpack_publicize_message":"","jetpack_publicize_feature_enabled":true,"jetpack_social_post_already_shared":false,"jetpack_social_options":{"image_generator_settings":{"template":"highway","default_image_id":0,"font":"","enabled":false},"version":2}},"product_brand":[],"product_cat":[171,197],"product_tag":[],"class_list":{"0":"post-8206","1":"product","2":"type-product","3":"status-publish","4":"has-post-thumbnail","6":"product_cat-consul","7":"product_cat-serpentina-evaporadora-split","9":"first","10":"outofstock","11":"shipping-taxable","12":"purchasable","13":"product-type-simple","14":"entry","15":"content-bg","16":"loop-entry"},"yoast_head":"<!-- This site is optimized with the Yoast SEO plugin v27.5 - https:\/\/yoast.com\/product\/yoast-seo-wordpress\/ -->\n<title>Serpentina Evaporadora ar condicionado Consul Cbu07OBBna CBC09ABBNA - Loja - Dual Gree Servi\u00e7os | Pe\u00e7as<\/title>\n<meta name=\"robots\" content=\"index, follow, max-snippet:-1, max-image-preview:large, max-video-preview:-1\" \/>\n<link rel=\"canonical\" href=\"https:\/\/dualgree.com.br\/loja\/produto\/serpentina-evaporadora-ar-condicionado-consul-cbu07obbna-cbc09abbna\/\" \/>\n<meta property=\"og:locale\" content=\"pt_BR\" \/>\n<meta property=\"og:type\" content=\"article\" \/>\n<meta property=\"og:title\" content=\"Serpentina Evaporadora ar condicionado Consul Cbu07OBBna CBC09ABBNA - Loja - Dual Gree Servi\u00e7os | Pe\u00e7as\" \/>\n<meta property=\"og:description\" content=\"IC3219 &#8211; Serpentina cobre para evaporadora Consul exclusiva para os modelos\u00a0 em descri\u00e7ao \u00a0 VEja as fotos, produto novo pode possuir detalhes de armazenamento\u00a0 \u00a0 Ultima foto ilustrativa com\u00a0 equipamento compativo. Duvidas fale com vendedor \u00a0 Conex\u00e3o 3\/8 e 1\/4 \u00a0 CBC09ABBNACbu07OBBna \u00a0 Dimens\u00f5esComprimento 638mmLagura 170mm\" \/>\n<meta property=\"og:url\" content=\"https:\/\/dualgree.com.br\/loja\/produto\/serpentina-evaporadora-ar-condicionado-consul-cbu07obbna-cbc09abbna\/\" \/>\n<meta property=\"og:site_name\" content=\"Loja - Dual Gree Servi\u00e7os | Pe\u00e7as\" \/>\n<meta property=\"article:modified_time\" content=\"2025-02-04T16:49:22+00:00\" \/>\n<meta property=\"og:image\" content=\"https:\/\/dualgree.com.br\/loja\/wp-content\/uploads\/2024\/10\/15308139594-3219-serpentina-consul-cbu07obbna-cbc09abbna-2.jpeg\" \/>\n\t<meta property=\"og:image:width\" content=\"1280\" \/>\n\t<meta property=\"og:image:height\" content=\"1280\" \/>\n\t<meta property=\"og:image:type\" content=\"image\/jpeg\" \/>\n<meta name=\"twitter:card\" content=\"summary_large_image\" \/>\n<script type=\"application\/ld+json\" class=\"yoast-schema-graph\">{\"@context\":\"https:\\\/\\\/schema.org\",\"@graph\":[{\"@type\":\"WebPage\",\"@id\":\"https:\\\/\\\/dualgree.com.br\\\/loja\\\/produto\\\/serpentina-evaporadora-ar-condicionado-consul-cbu07obbna-cbc09abbna\\\/\",\"url\":\"https:\\\/\\\/dualgree.com.br\\\/loja\\\/produto\\\/serpentina-evaporadora-ar-condicionado-consul-cbu07obbna-cbc09abbna\\\/\",\"name\":\"Serpentina Evaporadora ar condicionado Consul Cbu07OBBna CBC09ABBNA - Loja - Dual Gree Servi\u00e7os | Pe\u00e7as\",\"isPartOf\":{\"@id\":\"https:\\\/\\\/dualgree.com.br\\\/loja\\\/#website\"},\"primaryImageOfPage\":{\"@id\":\"https:\\\/\\\/dualgree.com.br\\\/loja\\\/produto\\\/serpentina-evaporadora-ar-condicionado-consul-cbu07obbna-cbc09abbna\\\/#primaryimage\"},\"image\":{\"@id\":\"https:\\\/\\\/dualgree.com.br\\\/loja\\\/produto\\\/serpentina-evaporadora-ar-condicionado-consul-cbu07obbna-cbc09abbna\\\/#primaryimage\"},\"thumbnailUrl\":\"https:\\\/\\\/dualgree.com.br\\\/loja\\\/wp-content\\\/uploads\\\/2024\\\/10\\\/15308140344-3219-serpentina-consul-cbu07obbna-cbc09abbna-2-photoroom.jpg\",\"datePublished\":\"2024-10-30T21:39:37+00:00\",\"dateModified\":\"2025-02-04T16:49:22+00:00\",\"breadcrumb\":{\"@id\":\"https:\\\/\\\/dualgree.com.br\\\/loja\\\/produto\\\/serpentina-evaporadora-ar-condicionado-consul-cbu07obbna-cbc09abbna\\\/#breadcrumb\"},\"inLanguage\":\"pt-BR\",\"potentialAction\":[{\"@type\":\"ReadAction\",\"target\":[\"https:\\\/\\\/dualgree.com.br\\\/loja\\\/produto\\\/serpentina-evaporadora-ar-condicionado-consul-cbu07obbna-cbc09abbna\\\/\"]}]},{\"@type\":\"ImageObject\",\"inLanguage\":\"pt-BR\",\"@id\":\"https:\\\/\\\/dualgree.com.br\\\/loja\\\/produto\\\/serpentina-evaporadora-ar-condicionado-consul-cbu07obbna-cbc09abbna\\\/#primaryimage\",\"url\":\"https:\\\/\\\/dualgree.com.br\\\/loja\\\/wp-content\\\/uploads\\\/2024\\\/10\\\/15308140344-3219-serpentina-consul-cbu07obbna-cbc09abbna-2-photoroom.jpg\",\"contentUrl\":\"https:\\\/\\\/dualgree.com.br\\\/loja\\\/wp-content\\\/uploads\\\/2024\\\/10\\\/15308140344-3219-serpentina-consul-cbu07obbna-cbc09abbna-2-photoroom.jpg\",\"width\":1280,\"height\":1280},{\"@type\":\"BreadcrumbList\",\"@id\":\"https:\\\/\\\/dualgree.com.br\\\/loja\\\/produto\\\/serpentina-evaporadora-ar-condicionado-consul-cbu07obbna-cbc09abbna\\\/#breadcrumb\",\"itemListElement\":[{\"@type\":\"ListItem\",\"position\":1,\"name\":\"In\u00edcio\",\"item\":\"https:\\\/\\\/dualgree.com.br\\\/loja\\\/\"},{\"@type\":\"ListItem\",\"position\":2,\"name\":\"Loja &#8211; Cat\u00e1logo de Pe\u00e7as\",\"item\":\"https:\\\/\\\/dualgree.com.br\\\/loja\\\/\"},{\"@type\":\"ListItem\",\"position\":3,\"name\":\"Serpentina Evaporadora ar condicionado Consul Cbu07OBBna CBC...\"}]},{\"@type\":\"WebSite\",\"@id\":\"https:\\\/\\\/dualgree.com.br\\\/loja\\\/#website\",\"url\":\"https:\\\/\\\/dualgree.com.br\\\/loja\\\/\",\"name\":\"Loja - Dual Gree Servi\u00e7os | Partes e Pe\u00e7as\",\"description\":\"Catalogo de Pe\u00e7as para ar condicionado\",\"publisher\":{\"@id\":\"https:\\\/\\\/dualgree.com.br\\\/loja\\\/#organization\"},\"potentialAction\":[{\"@type\":\"SearchAction\",\"target\":{\"@type\":\"EntryPoint\",\"urlTemplate\":\"https:\\\/\\\/dualgree.com.br\\\/loja\\\/?s={search_term_string}\"},\"query-input\":{\"@type\":\"PropertyValueSpecification\",\"valueRequired\":true,\"valueName\":\"search_term_string\"}}],\"inLanguage\":\"pt-BR\"},{\"@type\":\"Organization\",\"@id\":\"https:\\\/\\\/dualgree.com.br\\\/loja\\\/#organization\",\"name\":\"Loja Dual Gree Servi\u00e7o\",\"url\":\"https:\\\/\\\/dualgree.com.br\\\/loja\\\/\",\"logo\":{\"@type\":\"ImageObject\",\"inLanguage\":\"pt-BR\",\"@id\":\"https:\\\/\\\/dualgree.com.br\\\/loja\\\/#\\\/schema\\\/logo\\\/image\\\/\",\"url\":\"https:\\\/\\\/dualgree.com.br\\\/loja\\\/wp-content\\\/uploads\\\/2024\\\/09\\\/teste-logo-ecommerce-dual-1-e1725909304971.png\",\"contentUrl\":\"https:\\\/\\\/dualgree.com.br\\\/loja\\\/wp-content\\\/uploads\\\/2024\\\/09\\\/teste-logo-ecommerce-dual-1-e1725909304971.png\",\"width\":470,\"height\":157,\"caption\":\"Loja Dual Gree Servi\u00e7o\"},\"image\":{\"@id\":\"https:\\\/\\\/dualgree.com.br\\\/loja\\\/#\\\/schema\\\/logo\\\/image\\\/\"}}]}<\/script>\n<!-- \/ Yoast SEO plugin. -->","yoast_head_json":{"title":"Serpentina Evaporadora ar condicionado Consul Cbu07OBBna CBC09ABBNA - Loja - Dual Gree Servi\u00e7os | Pe\u00e7as","robots":{"index":"index","follow":"follow","max-snippet":"max-snippet:-1","max-image-preview":"max-image-preview:large","max-video-preview":"max-video-preview:-1"},"canonical":"https:\/\/dualgree.com.br\/loja\/produto\/serpentina-evaporadora-ar-condicionado-consul-cbu07obbna-cbc09abbna\/","og_locale":"pt_BR","og_type":"article","og_title":"Serpentina Evaporadora ar condicionado Consul Cbu07OBBna CBC09ABBNA - Loja - Dual Gree Servi\u00e7os | Pe\u00e7as","og_description":"IC3219 &#8211; Serpentina cobre para evaporadora Consul exclusiva para os modelos\u00a0 em descri\u00e7ao \u00a0 VEja as fotos, produto novo pode possuir detalhes de armazenamento\u00a0 \u00a0 Ultima foto ilustrativa com\u00a0 equipamento compativo. Duvidas fale com vendedor \u00a0 Conex\u00e3o 3\/8 e 1\/4 \u00a0 CBC09ABBNACbu07OBBna \u00a0 Dimens\u00f5esComprimento 638mmLagura 170mm","og_url":"https:\/\/dualgree.com.br\/loja\/produto\/serpentina-evaporadora-ar-condicionado-consul-cbu07obbna-cbc09abbna\/","og_site_name":"Loja - Dual Gree Servi\u00e7os | Pe\u00e7as","article_modified_time":"2025-02-04T16:49:22+00:00","og_image":[{"width":1280,"height":1280,"url":"https:\/\/dualgree.com.br\/loja\/wp-content\/uploads\/2024\/10\/15308139594-3219-serpentina-consul-cbu07obbna-cbc09abbna-2.jpeg","type":"image\/jpeg"}],"twitter_card":"summary_large_image","schema":{"@context":"https:\/\/schema.org","@graph":[{"@type":"WebPage","@id":"https:\/\/dualgree.com.br\/loja\/produto\/serpentina-evaporadora-ar-condicionado-consul-cbu07obbna-cbc09abbna\/","url":"https:\/\/dualgree.com.br\/loja\/produto\/serpentina-evaporadora-ar-condicionado-consul-cbu07obbna-cbc09abbna\/","name":"Serpentina Evaporadora ar condicionado Consul Cbu07OBBna CBC09ABBNA - Loja - Dual Gree Servi\u00e7os | Pe\u00e7as","isPartOf":{"@id":"https:\/\/dualgree.com.br\/loja\/#website"},"primaryImageOfPage":{"@id":"https:\/\/dualgree.com.br\/loja\/produto\/serpentina-evaporadora-ar-condicionado-consul-cbu07obbna-cbc09abbna\/#primaryimage"},"image":{"@id":"https:\/\/dualgree.com.br\/loja\/produto\/serpentina-evaporadora-ar-condicionado-consul-cbu07obbna-cbc09abbna\/#primaryimage"},"thumbnailUrl":"https:\/\/dualgree.com.br\/loja\/wp-content\/uploads\/2024\/10\/15308140344-3219-serpentina-consul-cbu07obbna-cbc09abbna-2-photoroom.jpg","datePublished":"2024-10-30T21:39:37+00:00","dateModified":"2025-02-04T16:49:22+00:00","breadcrumb":{"@id":"https:\/\/dualgree.com.br\/loja\/produto\/serpentina-evaporadora-ar-condicionado-consul-cbu07obbna-cbc09abbna\/#breadcrumb"},"inLanguage":"pt-BR","potentialAction":[{"@type":"ReadAction","target":["https:\/\/dualgree.com.br\/loja\/produto\/serpentina-evaporadora-ar-condicionado-consul-cbu07obbna-cbc09abbna\/"]}]},{"@type":"ImageObject","inLanguage":"pt-BR","@id":"https:\/\/dualgree.com.br\/loja\/produto\/serpentina-evaporadora-ar-condicionado-consul-cbu07obbna-cbc09abbna\/#primaryimage","url":"https:\/\/dualgree.com.br\/loja\/wp-content\/uploads\/2024\/10\/15308140344-3219-serpentina-consul-cbu07obbna-cbc09abbna-2-photoroom.jpg","contentUrl":"https:\/\/dualgree.com.br\/loja\/wp-content\/uploads\/2024\/10\/15308140344-3219-serpentina-consul-cbu07obbna-cbc09abbna-2-photoroom.jpg","width":1280,"height":1280},{"@type":"BreadcrumbList","@id":"https:\/\/dualgree.com.br\/loja\/produto\/serpentina-evaporadora-ar-condicionado-consul-cbu07obbna-cbc09abbna\/#breadcrumb","itemListElement":[{"@type":"ListItem","position":1,"name":"In\u00edcio","item":"https:\/\/dualgree.com.br\/loja\/"},{"@type":"ListItem","position":2,"name":"Loja &#8211; Cat\u00e1logo de Pe\u00e7as","item":"https:\/\/dualgree.com.br\/loja\/"},{"@type":"ListItem","position":3,"name":"Serpentina Evaporadora ar condicionado Consul Cbu07OBBna CBC..."}]},{"@type":"WebSite","@id":"https:\/\/dualgree.com.br\/loja\/#website","url":"https:\/\/dualgree.com.br\/loja\/","name":"Loja - Dual Gree Servi\u00e7os | Partes e Pe\u00e7as","description":"Catalogo de Pe\u00e7as para ar condicionado","publisher":{"@id":"https:\/\/dualgree.com.br\/loja\/#organization"},"potentialAction":[{"@type":"SearchAction","target":{"@type":"EntryPoint","urlTemplate":"https:\/\/dualgree.com.br\/loja\/?s={search_term_string}"},"query-input":{"@type":"PropertyValueSpecification","valueRequired":true,"valueName":"search_term_string"}}],"inLanguage":"pt-BR"},{"@type":"Organization","@id":"https:\/\/dualgree.com.br\/loja\/#organization","name":"Loja Dual Gree Servi\u00e7o","url":"https:\/\/dualgree.com.br\/loja\/","logo":{"@type":"ImageObject","inLanguage":"pt-BR","@id":"https:\/\/dualgree.com.br\/loja\/#\/schema\/logo\/image\/","url":"https:\/\/dualgree.com.br\/loja\/wp-content\/uploads\/2024\/09\/teste-logo-ecommerce-dual-1-e1725909304971.png","contentUrl":"https:\/\/dualgree.com.br\/loja\/wp-content\/uploads\/2024\/09\/teste-logo-ecommerce-dual-1-e1725909304971.png","width":470,"height":157,"caption":"Loja Dual Gree Servi\u00e7o"},"image":{"@id":"https:\/\/dualgree.com.br\/loja\/#\/schema\/logo\/image\/"}}]}},"jetpack_publicize_connections":[],"jetpack_sharing_enabled":true,"jetpack_likes_enabled":true,"_links":{"self":[{"href":"https:\/\/dualgree.com.br\/loja\/wp-json\/wp\/v2\/product\/8206","targetHints":{"allow":["GET"]}}],"collection":[{"href":"https:\/\/dualgree.com.br\/loja\/wp-json\/wp\/v2\/product"}],"about":[{"href":"https:\/\/dualgree.com.br\/loja\/wp-json\/wp\/v2\/types\/product"}],"replies":[{"embeddable":true,"href":"https:\/\/dualgree.com.br\/loja\/wp-json\/wp\/v2\/comments?post=8206"}],"wp:featuredmedia":[{"embeddable":true,"href":"https:\/\/dualgree.com.br\/loja\/wp-json\/wp\/v2\/media\/8207"}],"wp:attachment":[{"href":"https:\/\/dualgree.com.br\/loja\/wp-json\/wp\/v2\/media?parent=8206"}],"wp:term":[{"taxonomy":"product_brand","embeddable":true,"href":"https:\/\/dualgree.com.br\/loja\/wp-json\/wp\/v2\/product_brand?post=8206"},{"taxonomy":"product_cat","embeddable":true,"href":"https:\/\/dualgree.com.br\/loja\/wp-json\/wp\/v2\/product_cat?post=8206"},{"taxonomy":"product_tag","embeddable":true,"href":"https:\/\/dualgree.com.br\/loja\/wp-json\/wp\/v2\/product_tag?post=8206"}],"curies":[{"name":"wp","href":"https:\/\/api.w.org\/{rel}","templated":true}]}}