{"id":8228,"date":"2024-10-31T17:27:33","date_gmt":"2024-10-31T17:27:33","guid":{"rendered":"https:\/\/dualgree.com.br\/loja\/produto\/turbina-da-evaporadora-ar-condicionado-consul-cbu09dbbna-cbv09cbbna\/"},"modified":"2025-12-21T18:08:42","modified_gmt":"2025-12-21T18:08:42","slug":"turbina-da-evaporadora-ar-condicionado-consul-cbu09dbbna-cbv09cbbna","status":"publish","type":"product","link":"https:\/\/dualgree.com.br\/loja\/produto\/turbina-da-evaporadora-ar-condicionado-consul-cbu09dbbna-cbv09cbbna\/","title":{"rendered":"Turbina da evaporadora ar condicionado Consul cbu09DBBna CBV..."},"content":{"rendered":"<p>IC4394- Turbina de ventilacao da evaporadora Consul inverter e Convencional<\/p>\n<p>\u00a0<\/p>\n<p>Codigo na pe\u00e7a:.13080502<\/p>\n<p>Compativel com os modelos:.<\/p>\n<p>\u00a0<\/p>\n<p>cbu09DBBna,<\/p>\n<p>cbV09DBBna,<\/p>\n<p>CBV09CBBNA<\/p>\n<p>CBF09CBBNA ,<\/p>\n<p>CBJ09CBBNA,<\/p>\n<p>CBV07CBBNA,<\/p>\n<p>CBU07CBBNA,<\/p>\n<p>\u00a0<\/p>\n<p>N\u00e3o compre errado modelo exclusivo veja as medidas e fotos<\/p>\n<p>\u00a0<\/p>\n<p>Comprimento 58,4cm<\/p>\n<p>Largura 9,1cm<\/p>\n<p>C584mmxL91Mm<\/p>\n","protected":false},"excerpt":{"rendered":"<p>IC4394- Turbina de ventilacao da evaporadora Consul inverter e Convencional \u00a0 Codigo na pe\u00e7a:.13080502 Compativel com os modelos:. \u00a0 cbu09DBBna, cbV09DBBna, CBV09CBBNA CBF09CBBNA , CBJ09CBBNA, CBV07CBBNA, CBU07CBBNA, \u00a0 N\u00e3o compre errado modelo exclusivo veja as medidas e fotos \u00a0 Comprimento 58,4cm Largura 9,1cm C584mmxL91Mm<\/p>\n","protected":false},"featured_media":8224,"comment_status":"open","ping_status":"closed","template":"","meta":{"_kadence_starter_templates_imported_post":false,"_kad_post_transparent":"","_kad_post_title":"","_kad_post_layout":"","_kad_post_sidebar_id":"","_kad_post_content_style":"","_kad_post_vertical_padding":"","_kad_post_feature":"","_kad_post_feature_position":"","_kad_post_header":false,"_kad_post_footer":false,"jetpack_publicize_message":"","jetpack_publicize_feature_enabled":true,"jetpack_social_post_already_shared":false,"jetpack_social_options":{"image_generator_settings":{"template":"highway","default_image_id":0,"font":"","enabled":false},"version":2}},"product_brand":[],"product_cat":[171,219],"product_tag":[],"class_list":{"0":"post-8228","1":"product","2":"type-product","3":"status-publish","4":"has-post-thumbnail","6":"product_cat-consul","7":"product_cat-turbina-de-ventilacao-split","9":"first","10":"outofstock","11":"shipping-taxable","12":"purchasable","13":"product-type-simple","14":"entry","15":"content-bg","16":"loop-entry"},"yoast_head":"<!-- This site is optimized with the Yoast SEO plugin v27.5 - https:\/\/yoast.com\/product\/yoast-seo-wordpress\/ -->\n<title>Turbina da evaporadora ar condicionado Consul cbu09DBBna CBV09CBBNA CBF09CBBNA - Loja - Dual Gree Servi\u00e7os | Pe\u00e7as<\/title>\n<meta name=\"robots\" content=\"index, follow, max-snippet:-1, max-image-preview:large, max-video-preview:-1\" \/>\n<link rel=\"canonical\" href=\"https:\/\/dualgree.com.br\/loja\/produto\/turbina-da-evaporadora-ar-condicionado-consul-cbu09dbbna-cbv09cbbna\/\" \/>\n<meta property=\"og:locale\" content=\"pt_BR\" \/>\n<meta property=\"og:type\" content=\"article\" \/>\n<meta property=\"og:title\" content=\"Turbina da evaporadora ar condicionado Consul cbu09DBBna CBV09CBBNA CBF09CBBNA - Loja - Dual Gree Servi\u00e7os | Pe\u00e7as\" \/>\n<meta property=\"og:description\" content=\"IC4394- Turbina de ventilacao da evaporadora Consul inverter e Convencional \u00a0 Codigo na pe\u00e7a:.13080502 Compativel com os modelos:. \u00a0 cbu09DBBna, cbV09DBBna, CBV09CBBNA CBF09CBBNA , CBJ09CBBNA, CBV07CBBNA, CBU07CBBNA, \u00a0 N\u00e3o compre errado modelo exclusivo veja as medidas e fotos \u00a0 Comprimento 58,4cm Largura 9,1cm C584mmxL91Mm\" \/>\n<meta property=\"og:url\" content=\"https:\/\/dualgree.com.br\/loja\/produto\/turbina-da-evaporadora-ar-condicionado-consul-cbu09dbbna-cbv09cbbna\/\" \/>\n<meta property=\"og:site_name\" content=\"Loja - Dual Gree Servi\u00e7os | Pe\u00e7as\" \/>\n<meta property=\"article:modified_time\" content=\"2025-12-21T18:08:42+00:00\" \/>\n<meta property=\"og:image\" content=\"https:\/\/dualgree.com.br\/loja\/wp-content\/uploads\/2024\/10\/15308266955-4394-turbina-da-evaporadora-consul-cbu09dbbna-cbv09cbbna.jpeg\" \/>\n\t<meta property=\"og:image:width\" content=\"1280\" \/>\n\t<meta property=\"og:image:height\" content=\"1280\" \/>\n\t<meta property=\"og:image:type\" content=\"image\/jpeg\" \/>\n<meta name=\"twitter:card\" content=\"summary_large_image\" \/>\n<script type=\"application\/ld+json\" class=\"yoast-schema-graph\">{\"@context\":\"https:\\\/\\\/schema.org\",\"@graph\":[{\"@type\":\"WebPage\",\"@id\":\"https:\\\/\\\/dualgree.com.br\\\/loja\\\/produto\\\/turbina-da-evaporadora-ar-condicionado-consul-cbu09dbbna-cbv09cbbna\\\/\",\"url\":\"https:\\\/\\\/dualgree.com.br\\\/loja\\\/produto\\\/turbina-da-evaporadora-ar-condicionado-consul-cbu09dbbna-cbv09cbbna\\\/\",\"name\":\"Turbina da evaporadora ar condicionado Consul cbu09DBBna CBV09CBBNA CBF09CBBNA - Loja - Dual Gree Servi\u00e7os | Pe\u00e7as\",\"isPartOf\":{\"@id\":\"https:\\\/\\\/dualgree.com.br\\\/loja\\\/#website\"},\"primaryImageOfPage\":{\"@id\":\"https:\\\/\\\/dualgree.com.br\\\/loja\\\/produto\\\/turbina-da-evaporadora-ar-condicionado-consul-cbu09dbbna-cbv09cbbna\\\/#primaryimage\"},\"image\":{\"@id\":\"https:\\\/\\\/dualgree.com.br\\\/loja\\\/produto\\\/turbina-da-evaporadora-ar-condicionado-consul-cbu09dbbna-cbv09cbbna\\\/#primaryimage\"},\"thumbnailUrl\":\"https:\\\/\\\/dualgree.com.br\\\/loja\\\/wp-content\\\/uploads\\\/2024\\\/10\\\/15308266955-4394-turbina-da-evaporadora-consul-cbu09dbbna-cbv09cbbna.jpeg\",\"datePublished\":\"2024-10-31T17:27:33+00:00\",\"dateModified\":\"2025-12-21T18:08:42+00:00\",\"breadcrumb\":{\"@id\":\"https:\\\/\\\/dualgree.com.br\\\/loja\\\/produto\\\/turbina-da-evaporadora-ar-condicionado-consul-cbu09dbbna-cbv09cbbna\\\/#breadcrumb\"},\"inLanguage\":\"pt-BR\",\"potentialAction\":[{\"@type\":\"ReadAction\",\"target\":[\"https:\\\/\\\/dualgree.com.br\\\/loja\\\/produto\\\/turbina-da-evaporadora-ar-condicionado-consul-cbu09dbbna-cbv09cbbna\\\/\"]}]},{\"@type\":\"ImageObject\",\"inLanguage\":\"pt-BR\",\"@id\":\"https:\\\/\\\/dualgree.com.br\\\/loja\\\/produto\\\/turbina-da-evaporadora-ar-condicionado-consul-cbu09dbbna-cbv09cbbna\\\/#primaryimage\",\"url\":\"https:\\\/\\\/dualgree.com.br\\\/loja\\\/wp-content\\\/uploads\\\/2024\\\/10\\\/15308266955-4394-turbina-da-evaporadora-consul-cbu09dbbna-cbv09cbbna.jpeg\",\"contentUrl\":\"https:\\\/\\\/dualgree.com.br\\\/loja\\\/wp-content\\\/uploads\\\/2024\\\/10\\\/15308266955-4394-turbina-da-evaporadora-consul-cbu09dbbna-cbv09cbbna.jpeg\",\"width\":1280,\"height\":1280},{\"@type\":\"BreadcrumbList\",\"@id\":\"https:\\\/\\\/dualgree.com.br\\\/loja\\\/produto\\\/turbina-da-evaporadora-ar-condicionado-consul-cbu09dbbna-cbv09cbbna\\\/#breadcrumb\",\"itemListElement\":[{\"@type\":\"ListItem\",\"position\":1,\"name\":\"In\u00edcio\",\"item\":\"https:\\\/\\\/dualgree.com.br\\\/loja\\\/\"},{\"@type\":\"ListItem\",\"position\":2,\"name\":\"Loja &#8211; Cat\u00e1logo de Pe\u00e7as\",\"item\":\"https:\\\/\\\/dualgree.com.br\\\/loja\\\/\"},{\"@type\":\"ListItem\",\"position\":3,\"name\":\"Turbina da evaporadora ar condicionado Consul cbu09DBBna CBV...\"}]},{\"@type\":\"WebSite\",\"@id\":\"https:\\\/\\\/dualgree.com.br\\\/loja\\\/#website\",\"url\":\"https:\\\/\\\/dualgree.com.br\\\/loja\\\/\",\"name\":\"Loja - Dual Gree Servi\u00e7os | Partes e Pe\u00e7as\",\"description\":\"Catalogo de Pe\u00e7as para ar condicionado\",\"publisher\":{\"@id\":\"https:\\\/\\\/dualgree.com.br\\\/loja\\\/#organization\"},\"potentialAction\":[{\"@type\":\"SearchAction\",\"target\":{\"@type\":\"EntryPoint\",\"urlTemplate\":\"https:\\\/\\\/dualgree.com.br\\\/loja\\\/?s={search_term_string}\"},\"query-input\":{\"@type\":\"PropertyValueSpecification\",\"valueRequired\":true,\"valueName\":\"search_term_string\"}}],\"inLanguage\":\"pt-BR\"},{\"@type\":\"Organization\",\"@id\":\"https:\\\/\\\/dualgree.com.br\\\/loja\\\/#organization\",\"name\":\"Loja Dual Gree Servi\u00e7o\",\"url\":\"https:\\\/\\\/dualgree.com.br\\\/loja\\\/\",\"logo\":{\"@type\":\"ImageObject\",\"inLanguage\":\"pt-BR\",\"@id\":\"https:\\\/\\\/dualgree.com.br\\\/loja\\\/#\\\/schema\\\/logo\\\/image\\\/\",\"url\":\"https:\\\/\\\/dualgree.com.br\\\/loja\\\/wp-content\\\/uploads\\\/2024\\\/09\\\/teste-logo-ecommerce-dual-1-e1725909304971.png\",\"contentUrl\":\"https:\\\/\\\/dualgree.com.br\\\/loja\\\/wp-content\\\/uploads\\\/2024\\\/09\\\/teste-logo-ecommerce-dual-1-e1725909304971.png\",\"width\":470,\"height\":157,\"caption\":\"Loja Dual Gree Servi\u00e7o\"},\"image\":{\"@id\":\"https:\\\/\\\/dualgree.com.br\\\/loja\\\/#\\\/schema\\\/logo\\\/image\\\/\"}}]}<\/script>\n<!-- \/ Yoast SEO plugin. -->","yoast_head_json":{"title":"Turbina da evaporadora ar condicionado Consul cbu09DBBna CBV09CBBNA CBF09CBBNA - Loja - Dual Gree Servi\u00e7os | Pe\u00e7as","robots":{"index":"index","follow":"follow","max-snippet":"max-snippet:-1","max-image-preview":"max-image-preview:large","max-video-preview":"max-video-preview:-1"},"canonical":"https:\/\/dualgree.com.br\/loja\/produto\/turbina-da-evaporadora-ar-condicionado-consul-cbu09dbbna-cbv09cbbna\/","og_locale":"pt_BR","og_type":"article","og_title":"Turbina da evaporadora ar condicionado Consul cbu09DBBna CBV09CBBNA CBF09CBBNA - Loja - Dual Gree Servi\u00e7os | Pe\u00e7as","og_description":"IC4394- Turbina de ventilacao da evaporadora Consul inverter e Convencional \u00a0 Codigo na pe\u00e7a:.13080502 Compativel com os modelos:. \u00a0 cbu09DBBna, cbV09DBBna, CBV09CBBNA CBF09CBBNA , CBJ09CBBNA, CBV07CBBNA, CBU07CBBNA, \u00a0 N\u00e3o compre errado modelo exclusivo veja as medidas e fotos \u00a0 Comprimento 58,4cm Largura 9,1cm C584mmxL91Mm","og_url":"https:\/\/dualgree.com.br\/loja\/produto\/turbina-da-evaporadora-ar-condicionado-consul-cbu09dbbna-cbv09cbbna\/","og_site_name":"Loja - Dual Gree Servi\u00e7os | Pe\u00e7as","article_modified_time":"2025-12-21T18:08:42+00:00","og_image":[{"width":1280,"height":1280,"url":"https:\/\/dualgree.com.br\/loja\/wp-content\/uploads\/2024\/10\/15308266955-4394-turbina-da-evaporadora-consul-cbu09dbbna-cbv09cbbna.jpeg","type":"image\/jpeg"}],"twitter_card":"summary_large_image","schema":{"@context":"https:\/\/schema.org","@graph":[{"@type":"WebPage","@id":"https:\/\/dualgree.com.br\/loja\/produto\/turbina-da-evaporadora-ar-condicionado-consul-cbu09dbbna-cbv09cbbna\/","url":"https:\/\/dualgree.com.br\/loja\/produto\/turbina-da-evaporadora-ar-condicionado-consul-cbu09dbbna-cbv09cbbna\/","name":"Turbina da evaporadora ar condicionado Consul cbu09DBBna CBV09CBBNA CBF09CBBNA - Loja - Dual Gree Servi\u00e7os | Pe\u00e7as","isPartOf":{"@id":"https:\/\/dualgree.com.br\/loja\/#website"},"primaryImageOfPage":{"@id":"https:\/\/dualgree.com.br\/loja\/produto\/turbina-da-evaporadora-ar-condicionado-consul-cbu09dbbna-cbv09cbbna\/#primaryimage"},"image":{"@id":"https:\/\/dualgree.com.br\/loja\/produto\/turbina-da-evaporadora-ar-condicionado-consul-cbu09dbbna-cbv09cbbna\/#primaryimage"},"thumbnailUrl":"https:\/\/dualgree.com.br\/loja\/wp-content\/uploads\/2024\/10\/15308266955-4394-turbina-da-evaporadora-consul-cbu09dbbna-cbv09cbbna.jpeg","datePublished":"2024-10-31T17:27:33+00:00","dateModified":"2025-12-21T18:08:42+00:00","breadcrumb":{"@id":"https:\/\/dualgree.com.br\/loja\/produto\/turbina-da-evaporadora-ar-condicionado-consul-cbu09dbbna-cbv09cbbna\/#breadcrumb"},"inLanguage":"pt-BR","potentialAction":[{"@type":"ReadAction","target":["https:\/\/dualgree.com.br\/loja\/produto\/turbina-da-evaporadora-ar-condicionado-consul-cbu09dbbna-cbv09cbbna\/"]}]},{"@type":"ImageObject","inLanguage":"pt-BR","@id":"https:\/\/dualgree.com.br\/loja\/produto\/turbina-da-evaporadora-ar-condicionado-consul-cbu09dbbna-cbv09cbbna\/#primaryimage","url":"https:\/\/dualgree.com.br\/loja\/wp-content\/uploads\/2024\/10\/15308266955-4394-turbina-da-evaporadora-consul-cbu09dbbna-cbv09cbbna.jpeg","contentUrl":"https:\/\/dualgree.com.br\/loja\/wp-content\/uploads\/2024\/10\/15308266955-4394-turbina-da-evaporadora-consul-cbu09dbbna-cbv09cbbna.jpeg","width":1280,"height":1280},{"@type":"BreadcrumbList","@id":"https:\/\/dualgree.com.br\/loja\/produto\/turbina-da-evaporadora-ar-condicionado-consul-cbu09dbbna-cbv09cbbna\/#breadcrumb","itemListElement":[{"@type":"ListItem","position":1,"name":"In\u00edcio","item":"https:\/\/dualgree.com.br\/loja\/"},{"@type":"ListItem","position":2,"name":"Loja &#8211; Cat\u00e1logo de Pe\u00e7as","item":"https:\/\/dualgree.com.br\/loja\/"},{"@type":"ListItem","position":3,"name":"Turbina da evaporadora ar condicionado Consul cbu09DBBna CBV..."}]},{"@type":"WebSite","@id":"https:\/\/dualgree.com.br\/loja\/#website","url":"https:\/\/dualgree.com.br\/loja\/","name":"Loja - Dual Gree Servi\u00e7os | Partes e Pe\u00e7as","description":"Catalogo de Pe\u00e7as para ar condicionado","publisher":{"@id":"https:\/\/dualgree.com.br\/loja\/#organization"},"potentialAction":[{"@type":"SearchAction","target":{"@type":"EntryPoint","urlTemplate":"https:\/\/dualgree.com.br\/loja\/?s={search_term_string}"},"query-input":{"@type":"PropertyValueSpecification","valueRequired":true,"valueName":"search_term_string"}}],"inLanguage":"pt-BR"},{"@type":"Organization","@id":"https:\/\/dualgree.com.br\/loja\/#organization","name":"Loja Dual Gree Servi\u00e7o","url":"https:\/\/dualgree.com.br\/loja\/","logo":{"@type":"ImageObject","inLanguage":"pt-BR","@id":"https:\/\/dualgree.com.br\/loja\/#\/schema\/logo\/image\/","url":"https:\/\/dualgree.com.br\/loja\/wp-content\/uploads\/2024\/09\/teste-logo-ecommerce-dual-1-e1725909304971.png","contentUrl":"https:\/\/dualgree.com.br\/loja\/wp-content\/uploads\/2024\/09\/teste-logo-ecommerce-dual-1-e1725909304971.png","width":470,"height":157,"caption":"Loja Dual Gree Servi\u00e7o"},"image":{"@id":"https:\/\/dualgree.com.br\/loja\/#\/schema\/logo\/image\/"}}]}},"jetpack_publicize_connections":[],"jetpack_sharing_enabled":true,"jetpack_likes_enabled":true,"_links":{"self":[{"href":"https:\/\/dualgree.com.br\/loja\/wp-json\/wp\/v2\/product\/8228","targetHints":{"allow":["GET"]}}],"collection":[{"href":"https:\/\/dualgree.com.br\/loja\/wp-json\/wp\/v2\/product"}],"about":[{"href":"https:\/\/dualgree.com.br\/loja\/wp-json\/wp\/v2\/types\/product"}],"replies":[{"embeddable":true,"href":"https:\/\/dualgree.com.br\/loja\/wp-json\/wp\/v2\/comments?post=8228"}],"wp:featuredmedia":[{"embeddable":true,"href":"https:\/\/dualgree.com.br\/loja\/wp-json\/wp\/v2\/media\/8224"}],"wp:attachment":[{"href":"https:\/\/dualgree.com.br\/loja\/wp-json\/wp\/v2\/media?parent=8228"}],"wp:term":[{"taxonomy":"product_brand","embeddable":true,"href":"https:\/\/dualgree.com.br\/loja\/wp-json\/wp\/v2\/product_brand?post=8228"},{"taxonomy":"product_cat","embeddable":true,"href":"https:\/\/dualgree.com.br\/loja\/wp-json\/wp\/v2\/product_cat?post=8228"},{"taxonomy":"product_tag","embeddable":true,"href":"https:\/\/dualgree.com.br\/loja\/wp-json\/wp\/v2\/product_tag?post=8228"}],"curies":[{"name":"wp","href":"https:\/\/api.w.org\/{rel}","templated":true}]}}