{"id":8252,"date":"2024-11-01T21:02:58","date_gmt":"2024-11-01T21:02:58","guid":{"rendered":"https:\/\/dualgree.com.br\/loja\/produto\/bobina-da-expansao-eletronica-ar-condicionado-vrf-hitachi-split\/"},"modified":"2025-09-03T12:57:48","modified_gmt":"2025-09-03T12:57:48","slug":"bobina-da-expansao-eletronica-ar-condicionado-vrf-hitachi-split","status":"publish","type":"product","link":"https:\/\/dualgree.com.br\/loja\/produto\/bobina-da-expansao-eletronica-ar-condicionado-vrf-hitachi-split\/","title":{"rendered":"Bobina Da Expans\u00e3o Eletr\u00f4nica ar condicionado Vrf Hitachi ..."},"content":{"rendered":"<p>DG1223 &#8211; Bobina Da Expans\u00e3o Eletr\u00f4nica ar condicionado Vrf Hitachi Split<\/p>\n<p>\u00a0<\/p>\n<p>Fabricante FUJIKOKI<\/p>\n<p>MODELO DA BOBINA= DC12V-HS-11R<\/p>\n<p>\u00a0<\/p>\n<p>PARA EVAPORADORA DE VRF HITACHI<\/p>\n<p>\u00a0<\/p>\n<p>35 CM DE CABO<\/p>\n","protected":false},"excerpt":{"rendered":"<p>DG1223 &#8211; Bobina Da Expans\u00e3o Eletr\u00f4nica ar condicionado Vrf Hitachi Split \u00a0 Fabricante FUJIKOKI MODELO DA BOBINA= DC12V-HS-11R \u00a0 PARA EVAPORADORA DE VRF HITACHI \u00a0 35 CM DE CABO<\/p>\n","protected":false},"featured_media":8251,"comment_status":"open","ping_status":"closed","template":"","meta":{"_kadence_starter_templates_imported_post":false,"_kad_post_transparent":"","_kad_post_title":"","_kad_post_layout":"","_kad_post_sidebar_id":"","_kad_post_content_style":"","_kad_post_vertical_padding":"","_kad_post_feature":"","_kad_post_feature_position":"","_kad_post_header":false,"_kad_post_footer":false,"jetpack_publicize_message":"","jetpack_publicize_feature_enabled":true,"jetpack_social_post_already_shared":false,"jetpack_social_options":{"image_generator_settings":{"template":"highway","default_image_id":0,"font":"","enabled":false},"version":2}},"product_brand":[],"product_cat":[174],"product_tag":[],"class_list":{"0":"post-8252","1":"product","2":"type-product","3":"status-publish","4":"has-post-thumbnail","6":"product_cat-hitachi","8":"first","9":"instock","10":"shipping-taxable","11":"purchasable","12":"product-type-simple","13":"entry","14":"content-bg","15":"loop-entry"},"yoast_head":"<!-- This site is optimized with the Yoast SEO plugin v27.3 - https:\/\/yoast.com\/product\/yoast-seo-wordpress\/ -->\n<title>Bobina Da Expans\u00e3o Eletr\u00f4nica ar condicionado Vrf Hitachi Split - Loja - Dual Gree Servi\u00e7os | Pe\u00e7as<\/title>\n<meta name=\"robots\" content=\"index, follow, max-snippet:-1, max-image-preview:large, max-video-preview:-1\" \/>\n<link rel=\"canonical\" href=\"https:\/\/dualgree.com.br\/loja\/produto\/bobina-da-expansao-eletronica-ar-condicionado-vrf-hitachi-split\/\" \/>\n<meta property=\"og:locale\" content=\"pt_BR\" \/>\n<meta property=\"og:type\" content=\"article\" \/>\n<meta property=\"og:title\" content=\"Bobina Da Expans\u00e3o Eletr\u00f4nica ar condicionado Vrf Hitachi Split - Loja - Dual Gree Servi\u00e7os | Pe\u00e7as\" \/>\n<meta property=\"og:description\" content=\"DG1223 &#8211; Bobina Da Expans\u00e3o Eletr\u00f4nica ar condicionado Vrf Hitachi Split \u00a0 Fabricante FUJIKOKI MODELO DA BOBINA= DC12V-HS-11R \u00a0 PARA EVAPORADORA DE VRF HITACHI \u00a0 35 CM DE CABO\" \/>\n<meta property=\"og:url\" content=\"https:\/\/dualgree.com.br\/loja\/produto\/bobina-da-expansao-eletronica-ar-condicionado-vrf-hitachi-split\/\" \/>\n<meta property=\"og:site_name\" content=\"Loja - Dual Gree Servi\u00e7os | Pe\u00e7as\" \/>\n<meta property=\"article:modified_time\" content=\"2025-09-03T12:57:48+00:00\" \/>\n<meta name=\"twitter:card\" content=\"summary_large_image\" \/>\n<script type=\"application\/ld+json\" class=\"yoast-schema-graph\">{\"@context\":\"https:\\\/\\\/schema.org\",\"@graph\":[{\"@type\":\"WebPage\",\"@id\":\"https:\\\/\\\/dualgree.com.br\\\/loja\\\/produto\\\/bobina-da-expansao-eletronica-ar-condicionado-vrf-hitachi-split\\\/\",\"url\":\"https:\\\/\\\/dualgree.com.br\\\/loja\\\/produto\\\/bobina-da-expansao-eletronica-ar-condicionado-vrf-hitachi-split\\\/\",\"name\":\"Bobina Da Expans\u00e3o Eletr\u00f4nica ar condicionado Vrf Hitachi Split - Loja - Dual Gree Servi\u00e7os | Pe\u00e7as\",\"isPartOf\":{\"@id\":\"https:\\\/\\\/dualgree.com.br\\\/loja\\\/#website\"},\"primaryImageOfPage\":{\"@id\":\"https:\\\/\\\/dualgree.com.br\\\/loja\\\/produto\\\/bobina-da-expansao-eletronica-ar-condicionado-vrf-hitachi-split\\\/#primaryimage\"},\"image\":{\"@id\":\"https:\\\/\\\/dualgree.com.br\\\/loja\\\/produto\\\/bobina-da-expansao-eletronica-ar-condicionado-vrf-hitachi-split\\\/#primaryimage\"},\"thumbnailUrl\":\"https:\\\/\\\/dualgree.com.br\\\/loja\\\/wp-content\\\/uploads\\\/2024\\\/11\\\/15308539496-1223-bobina-eletronica-hitachi-vrf.jpg\",\"datePublished\":\"2024-11-01T21:02:58+00:00\",\"dateModified\":\"2025-09-03T12:57:48+00:00\",\"breadcrumb\":{\"@id\":\"https:\\\/\\\/dualgree.com.br\\\/loja\\\/produto\\\/bobina-da-expansao-eletronica-ar-condicionado-vrf-hitachi-split\\\/#breadcrumb\"},\"inLanguage\":\"pt-BR\",\"potentialAction\":[{\"@type\":\"ReadAction\",\"target\":[\"https:\\\/\\\/dualgree.com.br\\\/loja\\\/produto\\\/bobina-da-expansao-eletronica-ar-condicionado-vrf-hitachi-split\\\/\"]}]},{\"@type\":\"ImageObject\",\"inLanguage\":\"pt-BR\",\"@id\":\"https:\\\/\\\/dualgree.com.br\\\/loja\\\/produto\\\/bobina-da-expansao-eletronica-ar-condicionado-vrf-hitachi-split\\\/#primaryimage\",\"url\":\"https:\\\/\\\/dualgree.com.br\\\/loja\\\/wp-content\\\/uploads\\\/2024\\\/11\\\/15308539496-1223-bobina-eletronica-hitachi-vrf.jpg\",\"contentUrl\":\"https:\\\/\\\/dualgree.com.br\\\/loja\\\/wp-content\\\/uploads\\\/2024\\\/11\\\/15308539496-1223-bobina-eletronica-hitachi-vrf.jpg\",\"width\":1280,\"height\":1280},{\"@type\":\"BreadcrumbList\",\"@id\":\"https:\\\/\\\/dualgree.com.br\\\/loja\\\/produto\\\/bobina-da-expansao-eletronica-ar-condicionado-vrf-hitachi-split\\\/#breadcrumb\",\"itemListElement\":[{\"@type\":\"ListItem\",\"position\":1,\"name\":\"In\u00edcio\",\"item\":\"https:\\\/\\\/dualgree.com.br\\\/loja\\\/\"},{\"@type\":\"ListItem\",\"position\":2,\"name\":\"Loja &#8211; Cat\u00e1logo de Pe\u00e7as\",\"item\":\"https:\\\/\\\/dualgree.com.br\\\/loja\\\/\"},{\"@type\":\"ListItem\",\"position\":3,\"name\":\"Bobina Da Expans\u00e3o Eletr\u00f4nica ar condicionado Vrf Hitachi ...\"}]},{\"@type\":\"WebSite\",\"@id\":\"https:\\\/\\\/dualgree.com.br\\\/loja\\\/#website\",\"url\":\"https:\\\/\\\/dualgree.com.br\\\/loja\\\/\",\"name\":\"Loja - Dual Gree Servi\u00e7os | Partes e Pe\u00e7as\",\"description\":\"Catalogo de Pe\u00e7as para ar condicionado\",\"publisher\":{\"@id\":\"https:\\\/\\\/dualgree.com.br\\\/loja\\\/#organization\"},\"potentialAction\":[{\"@type\":\"SearchAction\",\"target\":{\"@type\":\"EntryPoint\",\"urlTemplate\":\"https:\\\/\\\/dualgree.com.br\\\/loja\\\/?s={search_term_string}\"},\"query-input\":{\"@type\":\"PropertyValueSpecification\",\"valueRequired\":true,\"valueName\":\"search_term_string\"}}],\"inLanguage\":\"pt-BR\"},{\"@type\":\"Organization\",\"@id\":\"https:\\\/\\\/dualgree.com.br\\\/loja\\\/#organization\",\"name\":\"Loja Dual Gree Servi\u00e7o\",\"url\":\"https:\\\/\\\/dualgree.com.br\\\/loja\\\/\",\"logo\":{\"@type\":\"ImageObject\",\"inLanguage\":\"pt-BR\",\"@id\":\"https:\\\/\\\/dualgree.com.br\\\/loja\\\/#\\\/schema\\\/logo\\\/image\\\/\",\"url\":\"https:\\\/\\\/dualgree.com.br\\\/loja\\\/wp-content\\\/uploads\\\/2024\\\/09\\\/teste-logo-ecommerce-dual-1-e1725909304971.png\",\"contentUrl\":\"https:\\\/\\\/dualgree.com.br\\\/loja\\\/wp-content\\\/uploads\\\/2024\\\/09\\\/teste-logo-ecommerce-dual-1-e1725909304971.png\",\"width\":470,\"height\":157,\"caption\":\"Loja Dual Gree Servi\u00e7o\"},\"image\":{\"@id\":\"https:\\\/\\\/dualgree.com.br\\\/loja\\\/#\\\/schema\\\/logo\\\/image\\\/\"}}]}<\/script>\n<!-- \/ Yoast SEO plugin. -->","yoast_head_json":{"title":"Bobina Da Expans\u00e3o Eletr\u00f4nica ar condicionado Vrf Hitachi Split - Loja - Dual Gree Servi\u00e7os | Pe\u00e7as","robots":{"index":"index","follow":"follow","max-snippet":"max-snippet:-1","max-image-preview":"max-image-preview:large","max-video-preview":"max-video-preview:-1"},"canonical":"https:\/\/dualgree.com.br\/loja\/produto\/bobina-da-expansao-eletronica-ar-condicionado-vrf-hitachi-split\/","og_locale":"pt_BR","og_type":"article","og_title":"Bobina Da Expans\u00e3o Eletr\u00f4nica ar condicionado Vrf Hitachi Split - Loja - Dual Gree Servi\u00e7os | Pe\u00e7as","og_description":"DG1223 &#8211; Bobina Da Expans\u00e3o Eletr\u00f4nica ar condicionado Vrf Hitachi Split \u00a0 Fabricante FUJIKOKI MODELO DA BOBINA= DC12V-HS-11R \u00a0 PARA EVAPORADORA DE VRF HITACHI \u00a0 35 CM DE CABO","og_url":"https:\/\/dualgree.com.br\/loja\/produto\/bobina-da-expansao-eletronica-ar-condicionado-vrf-hitachi-split\/","og_site_name":"Loja - Dual Gree Servi\u00e7os | Pe\u00e7as","article_modified_time":"2025-09-03T12:57:48+00:00","twitter_card":"summary_large_image","schema":{"@context":"https:\/\/schema.org","@graph":[{"@type":"WebPage","@id":"https:\/\/dualgree.com.br\/loja\/produto\/bobina-da-expansao-eletronica-ar-condicionado-vrf-hitachi-split\/","url":"https:\/\/dualgree.com.br\/loja\/produto\/bobina-da-expansao-eletronica-ar-condicionado-vrf-hitachi-split\/","name":"Bobina Da Expans\u00e3o Eletr\u00f4nica ar condicionado Vrf Hitachi Split - Loja - Dual Gree Servi\u00e7os | Pe\u00e7as","isPartOf":{"@id":"https:\/\/dualgree.com.br\/loja\/#website"},"primaryImageOfPage":{"@id":"https:\/\/dualgree.com.br\/loja\/produto\/bobina-da-expansao-eletronica-ar-condicionado-vrf-hitachi-split\/#primaryimage"},"image":{"@id":"https:\/\/dualgree.com.br\/loja\/produto\/bobina-da-expansao-eletronica-ar-condicionado-vrf-hitachi-split\/#primaryimage"},"thumbnailUrl":"https:\/\/dualgree.com.br\/loja\/wp-content\/uploads\/2024\/11\/15308539496-1223-bobina-eletronica-hitachi-vrf.jpg","datePublished":"2024-11-01T21:02:58+00:00","dateModified":"2025-09-03T12:57:48+00:00","breadcrumb":{"@id":"https:\/\/dualgree.com.br\/loja\/produto\/bobina-da-expansao-eletronica-ar-condicionado-vrf-hitachi-split\/#breadcrumb"},"inLanguage":"pt-BR","potentialAction":[{"@type":"ReadAction","target":["https:\/\/dualgree.com.br\/loja\/produto\/bobina-da-expansao-eletronica-ar-condicionado-vrf-hitachi-split\/"]}]},{"@type":"ImageObject","inLanguage":"pt-BR","@id":"https:\/\/dualgree.com.br\/loja\/produto\/bobina-da-expansao-eletronica-ar-condicionado-vrf-hitachi-split\/#primaryimage","url":"https:\/\/dualgree.com.br\/loja\/wp-content\/uploads\/2024\/11\/15308539496-1223-bobina-eletronica-hitachi-vrf.jpg","contentUrl":"https:\/\/dualgree.com.br\/loja\/wp-content\/uploads\/2024\/11\/15308539496-1223-bobina-eletronica-hitachi-vrf.jpg","width":1280,"height":1280},{"@type":"BreadcrumbList","@id":"https:\/\/dualgree.com.br\/loja\/produto\/bobina-da-expansao-eletronica-ar-condicionado-vrf-hitachi-split\/#breadcrumb","itemListElement":[{"@type":"ListItem","position":1,"name":"In\u00edcio","item":"https:\/\/dualgree.com.br\/loja\/"},{"@type":"ListItem","position":2,"name":"Loja &#8211; Cat\u00e1logo de Pe\u00e7as","item":"https:\/\/dualgree.com.br\/loja\/"},{"@type":"ListItem","position":3,"name":"Bobina Da Expans\u00e3o Eletr\u00f4nica ar condicionado Vrf Hitachi ..."}]},{"@type":"WebSite","@id":"https:\/\/dualgree.com.br\/loja\/#website","url":"https:\/\/dualgree.com.br\/loja\/","name":"Loja - Dual Gree Servi\u00e7os | Partes e Pe\u00e7as","description":"Catalogo de Pe\u00e7as para ar condicionado","publisher":{"@id":"https:\/\/dualgree.com.br\/loja\/#organization"},"potentialAction":[{"@type":"SearchAction","target":{"@type":"EntryPoint","urlTemplate":"https:\/\/dualgree.com.br\/loja\/?s={search_term_string}"},"query-input":{"@type":"PropertyValueSpecification","valueRequired":true,"valueName":"search_term_string"}}],"inLanguage":"pt-BR"},{"@type":"Organization","@id":"https:\/\/dualgree.com.br\/loja\/#organization","name":"Loja Dual Gree Servi\u00e7o","url":"https:\/\/dualgree.com.br\/loja\/","logo":{"@type":"ImageObject","inLanguage":"pt-BR","@id":"https:\/\/dualgree.com.br\/loja\/#\/schema\/logo\/image\/","url":"https:\/\/dualgree.com.br\/loja\/wp-content\/uploads\/2024\/09\/teste-logo-ecommerce-dual-1-e1725909304971.png","contentUrl":"https:\/\/dualgree.com.br\/loja\/wp-content\/uploads\/2024\/09\/teste-logo-ecommerce-dual-1-e1725909304971.png","width":470,"height":157,"caption":"Loja Dual Gree Servi\u00e7o"},"image":{"@id":"https:\/\/dualgree.com.br\/loja\/#\/schema\/logo\/image\/"}}]}},"jetpack_publicize_connections":[],"jetpack_sharing_enabled":true,"jetpack_likes_enabled":true,"_links":{"self":[{"href":"https:\/\/dualgree.com.br\/loja\/wp-json\/wp\/v2\/product\/8252","targetHints":{"allow":["GET"]}}],"collection":[{"href":"https:\/\/dualgree.com.br\/loja\/wp-json\/wp\/v2\/product"}],"about":[{"href":"https:\/\/dualgree.com.br\/loja\/wp-json\/wp\/v2\/types\/product"}],"replies":[{"embeddable":true,"href":"https:\/\/dualgree.com.br\/loja\/wp-json\/wp\/v2\/comments?post=8252"}],"wp:featuredmedia":[{"embeddable":true,"href":"https:\/\/dualgree.com.br\/loja\/wp-json\/wp\/v2\/media\/8251"}],"wp:attachment":[{"href":"https:\/\/dualgree.com.br\/loja\/wp-json\/wp\/v2\/media?parent=8252"}],"wp:term":[{"taxonomy":"product_brand","embeddable":true,"href":"https:\/\/dualgree.com.br\/loja\/wp-json\/wp\/v2\/product_brand?post=8252"},{"taxonomy":"product_cat","embeddable":true,"href":"https:\/\/dualgree.com.br\/loja\/wp-json\/wp\/v2\/product_cat?post=8252"},{"taxonomy":"product_tag","embeddable":true,"href":"https:\/\/dualgree.com.br\/loja\/wp-json\/wp\/v2\/product_tag?post=8252"}],"curies":[{"name":"wp","href":"https:\/\/api.w.org\/{rel}","templated":true}]}}