{"id":8360,"date":"2024-11-06T22:20:48","date_gmt":"2024-11-06T22:20:48","guid":{"rendered":"https:\/\/dualgree.com.br\/loja\/produto\/duto-tubo-flexivel-para-ar-condicionado-portatil-gree-gp8l-12l-2-metros\/"},"modified":"2026-04-01T22:23:48","modified_gmt":"2026-04-01T22:23:48","slug":"duto-tubo-flexivel-para-ar-condicionado-portatil-gree-gp8l-12l-2-metros","status":"publish","type":"product","link":"https:\/\/dualgree.com.br\/loja\/produto\/duto-tubo-flexivel-para-ar-condicionado-portatil-gree-gp8l-12l-2-metros\/","title":{"rendered":"Duto tubo flexivel para ar condicionado portatil  Gree GP8L-..."},"content":{"rendered":"<p>DG413 &#8211; Tubo flexivel para ar condicionado portatil olimpia splendid<\/p>\n<p>\u00a0<\/p>\n<p>Para usar este tubo o cliente deve possui os conectores originais!<\/p>\n<p>\u00a0<\/p>\n<p>Medida da rosca diametro 125mm left<\/p>\n<p>Tamanho aberto 2 metros<\/p>\n<p>\u00a0<\/p>\n<p>\u00a0<\/p>\n<p>Compativel com os modelos e marcas<\/p>\n<p>\u00a0<\/p>\n<p>Olimpia splendid Piu 12.<\/p>\n<p>Olimpia splendid Piu 13.<\/p>\n<p>Olimpia splendid Issimo.<\/p>\n<p>Olimpia splendid New issimo.<\/p>\n<p>Olimpia splendid New issimo.<\/p>\n<p>Olimpia splendid Nano Silent.<\/p>\n<p>\u00a0<\/p>\n<p>Philco\u00a0PAC11000QF3<\/p>\n<p>Philco\u00a0PAC11000F3<\/p>\n<p>Philco\u00a0PH10000QF<\/p>\n<p>Philco\u00a0PH10000QF<\/p>\n<p>Philco\u00a0PH13000QF<\/p>\n<p>Philco\u00a0PH13000F<\/p>\n<p>\u00a0<\/p>\n<p>Electrolux Po10F<\/p>\n<p>Electrolux Po12F<\/p>\n<p>Electrolux Po10R<\/p>\n<p>Electrolux Po12R<\/p>\n<p>\u00a0<\/p>\n<p>Delonghi PAC c100<\/p>\n<p>Delonghi PAC c105<\/p>\n<p>Delonghi PAC WE125<\/p>\n<p>\u00a0<\/p>\n<p>Tec Home Tec10F<\/p>\n<p>Tec Home Tec10R<\/p>\n<p>\u00a0<\/p>\n<p>Phaser PH10AIR<\/p>\n<p>\u00a0<\/p>\n<p>Gree GP12L-12L<\/p>\n<p>Gree GP8L-12L<\/p>\n<p>\u00a0<\/p>\n<p>TCL TAC-12CHPA<\/p>\n<p>\u00a0<\/p>\n","protected":false},"excerpt":{"rendered":"<p>DG413 &#8211; Tubo flexivel para ar condicionado portatil olimpia splendid \u00a0 Para usar este tubo o cliente deve possui os conectores originais! \u00a0 Medida da rosca diametro 125mm left Tamanho aberto 2 metros \u00a0 \u00a0 Compativel com os modelos e marcas \u00a0 Olimpia splendid Piu 12. Olimpia splendid Piu 13. Olimpia splendid Issimo. Olimpia splendid&#8230;<\/p>\n","protected":false},"featured_media":8469,"comment_status":"open","ping_status":"closed","template":"","meta":{"_kadence_starter_templates_imported_post":false,"_kad_post_transparent":"","_kad_post_title":"","_kad_post_layout":"","_kad_post_sidebar_id":"","_kad_post_content_style":"","_kad_post_vertical_padding":"","_kad_post_feature":"","_kad_post_feature_position":"","_kad_post_header":false,"_kad_post_footer":false,"jetpack_publicize_message":"","jetpack_publicize_feature_enabled":true,"jetpack_social_post_already_shared":false,"jetpack_social_options":{"image_generator_settings":{"template":"highway","default_image_id":0,"font":"","enabled":false},"version":2}},"product_brand":[],"product_cat":[180],"product_tag":[],"class_list":{"0":"post-8360","1":"product","2":"type-product","3":"status-publish","4":"has-post-thumbnail","6":"product_cat-gree","8":"first","9":"instock","10":"shipping-taxable","11":"purchasable","12":"product-type-simple","13":"entry","14":"content-bg","15":"loop-entry"},"yoast_head":"<!-- This site is optimized with the Yoast SEO plugin v27.3 - https:\/\/yoast.com\/product\/yoast-seo-wordpress\/ -->\n<title>Duto tubo flexivel para ar condicionado portatil Gree GP8L-12L - 2 metros - Loja - Dual Gree Servi\u00e7os | Pe\u00e7as<\/title>\n<meta name=\"robots\" content=\"index, follow, max-snippet:-1, max-image-preview:large, max-video-preview:-1\" \/>\n<link rel=\"canonical\" href=\"https:\/\/dualgree.com.br\/loja\/produto\/duto-tubo-flexivel-para-ar-condicionado-portatil-gree-gp8l-12l-2-metros\/\" \/>\n<meta property=\"og:locale\" content=\"pt_BR\" \/>\n<meta property=\"og:type\" content=\"article\" \/>\n<meta property=\"og:title\" content=\"Duto tubo flexivel para ar condicionado portatil Gree GP8L-12L - 2 metros - Loja - Dual Gree Servi\u00e7os | Pe\u00e7as\" \/>\n<meta property=\"og:description\" content=\"DG413 &#8211; Tubo flexivel para ar condicionado portatil olimpia splendid \u00a0 Para usar este tubo o cliente deve possui os conectores originais! \u00a0 Medida da rosca diametro 125mm left Tamanho aberto 2 metros \u00a0 \u00a0 Compativel com os modelos e marcas \u00a0 Olimpia splendid Piu 12. Olimpia splendid Piu 13. Olimpia splendid Issimo. Olimpia splendid...\" \/>\n<meta property=\"og:url\" content=\"https:\/\/dualgree.com.br\/loja\/produto\/duto-tubo-flexivel-para-ar-condicionado-portatil-gree-gp8l-12l-2-metros\/\" \/>\n<meta property=\"og:site_name\" content=\"Loja - Dual Gree Servi\u00e7os | Pe\u00e7as\" \/>\n<meta property=\"article:modified_time\" content=\"2026-04-01T22:23:48+00:00\" \/>\n<meta name=\"twitter:card\" content=\"summary_large_image\" \/>\n<meta name=\"twitter:label1\" content=\"Est. tempo de leitura\" \/>\n\t<meta name=\"twitter:data1\" content=\"1 minuto\" \/>\n<script type=\"application\/ld+json\" class=\"yoast-schema-graph\">{\"@context\":\"https:\\\/\\\/schema.org\",\"@graph\":[{\"@type\":\"WebPage\",\"@id\":\"https:\\\/\\\/dualgree.com.br\\\/loja\\\/produto\\\/duto-tubo-flexivel-para-ar-condicionado-portatil-gree-gp8l-12l-2-metros\\\/\",\"url\":\"https:\\\/\\\/dualgree.com.br\\\/loja\\\/produto\\\/duto-tubo-flexivel-para-ar-condicionado-portatil-gree-gp8l-12l-2-metros\\\/\",\"name\":\"Duto tubo flexivel para ar condicionado portatil Gree GP8L-12L - 2 metros - Loja - Dual Gree Servi\u00e7os | Pe\u00e7as\",\"isPartOf\":{\"@id\":\"https:\\\/\\\/dualgree.com.br\\\/loja\\\/#website\"},\"primaryImageOfPage\":{\"@id\":\"https:\\\/\\\/dualgree.com.br\\\/loja\\\/produto\\\/duto-tubo-flexivel-para-ar-condicionado-portatil-gree-gp8l-12l-2-metros\\\/#primaryimage\"},\"image\":{\"@id\":\"https:\\\/\\\/dualgree.com.br\\\/loja\\\/produto\\\/duto-tubo-flexivel-para-ar-condicionado-portatil-gree-gp8l-12l-2-metros\\\/#primaryimage\"},\"thumbnailUrl\":\"https:\\\/\\\/dualgree.com.br\\\/loja\\\/wp-content\\\/uploads\\\/2024\\\/11\\\/15226228345-413-piu12-16.jpg\",\"datePublished\":\"2024-11-06T22:20:48+00:00\",\"dateModified\":\"2026-04-01T22:23:48+00:00\",\"breadcrumb\":{\"@id\":\"https:\\\/\\\/dualgree.com.br\\\/loja\\\/produto\\\/duto-tubo-flexivel-para-ar-condicionado-portatil-gree-gp8l-12l-2-metros\\\/#breadcrumb\"},\"inLanguage\":\"pt-BR\",\"potentialAction\":[{\"@type\":\"ReadAction\",\"target\":[\"https:\\\/\\\/dualgree.com.br\\\/loja\\\/produto\\\/duto-tubo-flexivel-para-ar-condicionado-portatil-gree-gp8l-12l-2-metros\\\/\"]}]},{\"@type\":\"ImageObject\",\"inLanguage\":\"pt-BR\",\"@id\":\"https:\\\/\\\/dualgree.com.br\\\/loja\\\/produto\\\/duto-tubo-flexivel-para-ar-condicionado-portatil-gree-gp8l-12l-2-metros\\\/#primaryimage\",\"url\":\"https:\\\/\\\/dualgree.com.br\\\/loja\\\/wp-content\\\/uploads\\\/2024\\\/11\\\/15226228345-413-piu12-16.jpg\",\"contentUrl\":\"https:\\\/\\\/dualgree.com.br\\\/loja\\\/wp-content\\\/uploads\\\/2024\\\/11\\\/15226228345-413-piu12-16.jpg\",\"width\":1200,\"height\":1200},{\"@type\":\"BreadcrumbList\",\"@id\":\"https:\\\/\\\/dualgree.com.br\\\/loja\\\/produto\\\/duto-tubo-flexivel-para-ar-condicionado-portatil-gree-gp8l-12l-2-metros\\\/#breadcrumb\",\"itemListElement\":[{\"@type\":\"ListItem\",\"position\":1,\"name\":\"In\u00edcio\",\"item\":\"https:\\\/\\\/dualgree.com.br\\\/loja\\\/\"},{\"@type\":\"ListItem\",\"position\":2,\"name\":\"Loja &#8211; Cat\u00e1logo de Pe\u00e7as\",\"item\":\"https:\\\/\\\/dualgree.com.br\\\/loja\\\/\"},{\"@type\":\"ListItem\",\"position\":3,\"name\":\"Duto tubo flexivel para ar condicionado portatil Gree GP8L-...\"}]},{\"@type\":\"WebSite\",\"@id\":\"https:\\\/\\\/dualgree.com.br\\\/loja\\\/#website\",\"url\":\"https:\\\/\\\/dualgree.com.br\\\/loja\\\/\",\"name\":\"Loja - Dual Gree Servi\u00e7os | Partes e Pe\u00e7as\",\"description\":\"Catalogo de Pe\u00e7as para ar condicionado\",\"publisher\":{\"@id\":\"https:\\\/\\\/dualgree.com.br\\\/loja\\\/#organization\"},\"potentialAction\":[{\"@type\":\"SearchAction\",\"target\":{\"@type\":\"EntryPoint\",\"urlTemplate\":\"https:\\\/\\\/dualgree.com.br\\\/loja\\\/?s={search_term_string}\"},\"query-input\":{\"@type\":\"PropertyValueSpecification\",\"valueRequired\":true,\"valueName\":\"search_term_string\"}}],\"inLanguage\":\"pt-BR\"},{\"@type\":\"Organization\",\"@id\":\"https:\\\/\\\/dualgree.com.br\\\/loja\\\/#organization\",\"name\":\"Loja Dual Gree Servi\u00e7o\",\"url\":\"https:\\\/\\\/dualgree.com.br\\\/loja\\\/\",\"logo\":{\"@type\":\"ImageObject\",\"inLanguage\":\"pt-BR\",\"@id\":\"https:\\\/\\\/dualgree.com.br\\\/loja\\\/#\\\/schema\\\/logo\\\/image\\\/\",\"url\":\"https:\\\/\\\/dualgree.com.br\\\/loja\\\/wp-content\\\/uploads\\\/2024\\\/09\\\/teste-logo-ecommerce-dual-1-e1725909304971.png\",\"contentUrl\":\"https:\\\/\\\/dualgree.com.br\\\/loja\\\/wp-content\\\/uploads\\\/2024\\\/09\\\/teste-logo-ecommerce-dual-1-e1725909304971.png\",\"width\":470,\"height\":157,\"caption\":\"Loja Dual Gree Servi\u00e7o\"},\"image\":{\"@id\":\"https:\\\/\\\/dualgree.com.br\\\/loja\\\/#\\\/schema\\\/logo\\\/image\\\/\"}}]}<\/script>\n<!-- \/ Yoast SEO plugin. -->","yoast_head_json":{"title":"Duto tubo flexivel para ar condicionado portatil Gree GP8L-12L - 2 metros - Loja - Dual Gree Servi\u00e7os | Pe\u00e7as","robots":{"index":"index","follow":"follow","max-snippet":"max-snippet:-1","max-image-preview":"max-image-preview:large","max-video-preview":"max-video-preview:-1"},"canonical":"https:\/\/dualgree.com.br\/loja\/produto\/duto-tubo-flexivel-para-ar-condicionado-portatil-gree-gp8l-12l-2-metros\/","og_locale":"pt_BR","og_type":"article","og_title":"Duto tubo flexivel para ar condicionado portatil Gree GP8L-12L - 2 metros - Loja - Dual Gree Servi\u00e7os | Pe\u00e7as","og_description":"DG413 &#8211; Tubo flexivel para ar condicionado portatil olimpia splendid \u00a0 Para usar este tubo o cliente deve possui os conectores originais! \u00a0 Medida da rosca diametro 125mm left Tamanho aberto 2 metros \u00a0 \u00a0 Compativel com os modelos e marcas \u00a0 Olimpia splendid Piu 12. Olimpia splendid Piu 13. Olimpia splendid Issimo. Olimpia splendid...","og_url":"https:\/\/dualgree.com.br\/loja\/produto\/duto-tubo-flexivel-para-ar-condicionado-portatil-gree-gp8l-12l-2-metros\/","og_site_name":"Loja - Dual Gree Servi\u00e7os | Pe\u00e7as","article_modified_time":"2026-04-01T22:23:48+00:00","twitter_card":"summary_large_image","twitter_misc":{"Est. tempo de leitura":"1 minuto"},"schema":{"@context":"https:\/\/schema.org","@graph":[{"@type":"WebPage","@id":"https:\/\/dualgree.com.br\/loja\/produto\/duto-tubo-flexivel-para-ar-condicionado-portatil-gree-gp8l-12l-2-metros\/","url":"https:\/\/dualgree.com.br\/loja\/produto\/duto-tubo-flexivel-para-ar-condicionado-portatil-gree-gp8l-12l-2-metros\/","name":"Duto tubo flexivel para ar condicionado portatil Gree GP8L-12L - 2 metros - Loja - Dual Gree Servi\u00e7os | Pe\u00e7as","isPartOf":{"@id":"https:\/\/dualgree.com.br\/loja\/#website"},"primaryImageOfPage":{"@id":"https:\/\/dualgree.com.br\/loja\/produto\/duto-tubo-flexivel-para-ar-condicionado-portatil-gree-gp8l-12l-2-metros\/#primaryimage"},"image":{"@id":"https:\/\/dualgree.com.br\/loja\/produto\/duto-tubo-flexivel-para-ar-condicionado-portatil-gree-gp8l-12l-2-metros\/#primaryimage"},"thumbnailUrl":"https:\/\/dualgree.com.br\/loja\/wp-content\/uploads\/2024\/11\/15226228345-413-piu12-16.jpg","datePublished":"2024-11-06T22:20:48+00:00","dateModified":"2026-04-01T22:23:48+00:00","breadcrumb":{"@id":"https:\/\/dualgree.com.br\/loja\/produto\/duto-tubo-flexivel-para-ar-condicionado-portatil-gree-gp8l-12l-2-metros\/#breadcrumb"},"inLanguage":"pt-BR","potentialAction":[{"@type":"ReadAction","target":["https:\/\/dualgree.com.br\/loja\/produto\/duto-tubo-flexivel-para-ar-condicionado-portatil-gree-gp8l-12l-2-metros\/"]}]},{"@type":"ImageObject","inLanguage":"pt-BR","@id":"https:\/\/dualgree.com.br\/loja\/produto\/duto-tubo-flexivel-para-ar-condicionado-portatil-gree-gp8l-12l-2-metros\/#primaryimage","url":"https:\/\/dualgree.com.br\/loja\/wp-content\/uploads\/2024\/11\/15226228345-413-piu12-16.jpg","contentUrl":"https:\/\/dualgree.com.br\/loja\/wp-content\/uploads\/2024\/11\/15226228345-413-piu12-16.jpg","width":1200,"height":1200},{"@type":"BreadcrumbList","@id":"https:\/\/dualgree.com.br\/loja\/produto\/duto-tubo-flexivel-para-ar-condicionado-portatil-gree-gp8l-12l-2-metros\/#breadcrumb","itemListElement":[{"@type":"ListItem","position":1,"name":"In\u00edcio","item":"https:\/\/dualgree.com.br\/loja\/"},{"@type":"ListItem","position":2,"name":"Loja &#8211; Cat\u00e1logo de Pe\u00e7as","item":"https:\/\/dualgree.com.br\/loja\/"},{"@type":"ListItem","position":3,"name":"Duto tubo flexivel para ar condicionado portatil Gree GP8L-..."}]},{"@type":"WebSite","@id":"https:\/\/dualgree.com.br\/loja\/#website","url":"https:\/\/dualgree.com.br\/loja\/","name":"Loja - Dual Gree Servi\u00e7os | Partes e Pe\u00e7as","description":"Catalogo de Pe\u00e7as para ar condicionado","publisher":{"@id":"https:\/\/dualgree.com.br\/loja\/#organization"},"potentialAction":[{"@type":"SearchAction","target":{"@type":"EntryPoint","urlTemplate":"https:\/\/dualgree.com.br\/loja\/?s={search_term_string}"},"query-input":{"@type":"PropertyValueSpecification","valueRequired":true,"valueName":"search_term_string"}}],"inLanguage":"pt-BR"},{"@type":"Organization","@id":"https:\/\/dualgree.com.br\/loja\/#organization","name":"Loja Dual Gree Servi\u00e7o","url":"https:\/\/dualgree.com.br\/loja\/","logo":{"@type":"ImageObject","inLanguage":"pt-BR","@id":"https:\/\/dualgree.com.br\/loja\/#\/schema\/logo\/image\/","url":"https:\/\/dualgree.com.br\/loja\/wp-content\/uploads\/2024\/09\/teste-logo-ecommerce-dual-1-e1725909304971.png","contentUrl":"https:\/\/dualgree.com.br\/loja\/wp-content\/uploads\/2024\/09\/teste-logo-ecommerce-dual-1-e1725909304971.png","width":470,"height":157,"caption":"Loja Dual Gree Servi\u00e7o"},"image":{"@id":"https:\/\/dualgree.com.br\/loja\/#\/schema\/logo\/image\/"}}]}},"jetpack_publicize_connections":[],"jetpack_sharing_enabled":true,"jetpack_likes_enabled":true,"_links":{"self":[{"href":"https:\/\/dualgree.com.br\/loja\/wp-json\/wp\/v2\/product\/8360","targetHints":{"allow":["GET"]}}],"collection":[{"href":"https:\/\/dualgree.com.br\/loja\/wp-json\/wp\/v2\/product"}],"about":[{"href":"https:\/\/dualgree.com.br\/loja\/wp-json\/wp\/v2\/types\/product"}],"replies":[{"embeddable":true,"href":"https:\/\/dualgree.com.br\/loja\/wp-json\/wp\/v2\/comments?post=8360"}],"wp:featuredmedia":[{"embeddable":true,"href":"https:\/\/dualgree.com.br\/loja\/wp-json\/wp\/v2\/media\/8469"}],"wp:attachment":[{"href":"https:\/\/dualgree.com.br\/loja\/wp-json\/wp\/v2\/media?parent=8360"}],"wp:term":[{"taxonomy":"product_brand","embeddable":true,"href":"https:\/\/dualgree.com.br\/loja\/wp-json\/wp\/v2\/product_brand?post=8360"},{"taxonomy":"product_cat","embeddable":true,"href":"https:\/\/dualgree.com.br\/loja\/wp-json\/wp\/v2\/product_cat?post=8360"},{"taxonomy":"product_tag","embeddable":true,"href":"https:\/\/dualgree.com.br\/loja\/wp-json\/wp\/v2\/product_tag?post=8360"}],"curies":[{"name":"wp","href":"https:\/\/api.w.org\/{rel}","templated":true}]}}