{"id":8535,"date":"2024-11-12T20:38:35","date_gmt":"2024-11-12T20:38:35","guid":{"rendered":"https:\/\/dualgree.com.br\/loja\/produto\/motor-da-evaporadora-ar-condicionado-consul-cbu09cbbna\/"},"modified":"2025-10-27T13:12:53","modified_gmt":"2025-10-27T13:12:53","slug":"motor-da-evaporadora-ar-condicionado-consul-cbu09cbbna","status":"publish","type":"product","link":"https:\/\/dualgree.com.br\/loja\/produto\/motor-da-evaporadora-ar-condicionado-consul-cbu09cbbna\/","title":{"rendered":"Motor Da Evaporadora Ar Condicionado Consul CBU09CBBNA"},"content":{"rendered":"<p>ICF1608-Motor Da Evaporadora Ar Condicionado Compativel Com Consul<\/p>\n<p>Novo<\/p>\n<p>\u00a0<\/p>\n<p>Etiqueta:<\/p>\n<p>Welling RPG18<\/p>\n<p>208-240V 50\/60Hz<\/p>\n<p>16W 0.20A<\/p>\n<p>E CL 4(P)<\/p>\n<p>700-1420 r\/min<\/p>\n<p>\u00a0<\/p>\n<p>Modelos compativel:<\/p>\n<p>CBV07CBBNA<\/p>\n<p>CBU07DBBNA<\/p>\n<p>CBV07DBBNA<\/p>\n<p>CBU07CBBNA<\/p>\n<p>CBU09CBBNA<\/p>\n<p>CBV09DBBNA<\/p>\n<p>CBV09CBBNA<\/p>\n<p>CBU09DBBNA<\/p>\n<p>CBJ09CBBNA<\/p>\n<p>CBF09CBBNA<\/p>\n","protected":false},"excerpt":{"rendered":"<p>ICF1608-Motor Da Evaporadora Ar Condicionado Compativel Com Consul Novo \u00a0 Etiqueta: Welling RPG18 208-240V 50\/60Hz 16W 0.20A E CL 4(P) 700-1420 r\/min \u00a0 Modelos compativel: CBV07CBBNA CBU07DBBNA CBV07DBBNA CBU07CBBNA CBU09CBBNA CBV09DBBNA CBV09CBBNA CBU09DBBNA CBJ09CBBNA CBF09CBBNA<\/p>\n","protected":false},"featured_media":8533,"comment_status":"open","ping_status":"closed","template":"","meta":{"_kadence_starter_templates_imported_post":false,"_kad_post_transparent":"","_kad_post_title":"","_kad_post_layout":"","_kad_post_sidebar_id":"","_kad_post_content_style":"","_kad_post_vertical_padding":"","_kad_post_feature":"","_kad_post_feature_position":"","_kad_post_header":false,"_kad_post_footer":false,"jetpack_publicize_message":"","jetpack_publicize_feature_enabled":true,"jetpack_social_post_already_shared":false,"jetpack_social_options":{"image_generator_settings":{"template":"highway","default_image_id":0,"font":"","enabled":false},"version":2}},"product_brand":[],"product_cat":[171,213],"product_tag":[],"class_list":{"0":"post-8535","1":"product","2":"type-product","3":"status-publish","4":"has-post-thumbnail","6":"product_cat-consul","7":"product_cat-motor-da-evaporadora-split","9":"first","10":"outofstock","11":"shipping-taxable","12":"purchasable","13":"product-type-simple","14":"entry","15":"content-bg","16":"loop-entry"},"yoast_head":"<!-- This site is optimized with the Yoast SEO plugin v27.5 - https:\/\/yoast.com\/product\/yoast-seo-wordpress\/ -->\n<title>Motor Da Evaporadora Ar Condicionado Consul CBU09CBBNA - Loja - Dual Gree Servi\u00e7os | Pe\u00e7as<\/title>\n<meta name=\"robots\" content=\"index, follow, max-snippet:-1, max-image-preview:large, max-video-preview:-1\" \/>\n<link rel=\"canonical\" href=\"https:\/\/dualgree.com.br\/loja\/produto\/motor-da-evaporadora-ar-condicionado-consul-cbu09cbbna\/\" \/>\n<meta property=\"og:locale\" content=\"pt_BR\" \/>\n<meta property=\"og:type\" content=\"article\" \/>\n<meta property=\"og:title\" content=\"Motor Da Evaporadora Ar Condicionado Consul CBU09CBBNA - Loja - Dual Gree Servi\u00e7os | Pe\u00e7as\" \/>\n<meta property=\"og:description\" content=\"ICF1608-Motor Da Evaporadora Ar Condicionado Compativel Com Consul Novo \u00a0 Etiqueta: Welling RPG18 208-240V 50\/60Hz 16W 0.20A E CL 4(P) 700-1420 r\/min \u00a0 Modelos compativel: CBV07CBBNA CBU07DBBNA CBV07DBBNA CBU07CBBNA CBU09CBBNA CBV09DBBNA CBV09CBBNA CBU09DBBNA CBJ09CBBNA CBF09CBBNA\" \/>\n<meta property=\"og:url\" content=\"https:\/\/dualgree.com.br\/loja\/produto\/motor-da-evaporadora-ar-condicionado-consul-cbu09cbbna\/\" \/>\n<meta property=\"og:site_name\" content=\"Loja - Dual Gree Servi\u00e7os | Pe\u00e7as\" \/>\n<meta property=\"article:modified_time\" content=\"2025-10-27T13:12:53+00:00\" \/>\n<meta name=\"twitter:card\" content=\"summary_large_image\" \/>\n<script type=\"application\/ld+json\" class=\"yoast-schema-graph\">{\"@context\":\"https:\\\/\\\/schema.org\",\"@graph\":[{\"@type\":\"WebPage\",\"@id\":\"https:\\\/\\\/dualgree.com.br\\\/loja\\\/produto\\\/motor-da-evaporadora-ar-condicionado-consul-cbu09cbbna\\\/\",\"url\":\"https:\\\/\\\/dualgree.com.br\\\/loja\\\/produto\\\/motor-da-evaporadora-ar-condicionado-consul-cbu09cbbna\\\/\",\"name\":\"Motor Da Evaporadora Ar Condicionado Consul CBU09CBBNA - Loja - Dual Gree Servi\u00e7os | Pe\u00e7as\",\"isPartOf\":{\"@id\":\"https:\\\/\\\/dualgree.com.br\\\/loja\\\/#website\"},\"primaryImageOfPage\":{\"@id\":\"https:\\\/\\\/dualgree.com.br\\\/loja\\\/produto\\\/motor-da-evaporadora-ar-condicionado-consul-cbu09cbbna\\\/#primaryimage\"},\"image\":{\"@id\":\"https:\\\/\\\/dualgree.com.br\\\/loja\\\/produto\\\/motor-da-evaporadora-ar-condicionado-consul-cbu09cbbna\\\/#primaryimage\"},\"thumbnailUrl\":\"https:\\\/\\\/dualgree.com.br\\\/loja\\\/wp-content\\\/uploads\\\/2024\\\/11\\\/15310103340-1608-motor-220v-para-ar-condicionado-split-consul-w10399647-2.jpeg\",\"datePublished\":\"2024-11-12T20:38:35+00:00\",\"dateModified\":\"2025-10-27T13:12:53+00:00\",\"breadcrumb\":{\"@id\":\"https:\\\/\\\/dualgree.com.br\\\/loja\\\/produto\\\/motor-da-evaporadora-ar-condicionado-consul-cbu09cbbna\\\/#breadcrumb\"},\"inLanguage\":\"pt-BR\",\"potentialAction\":[{\"@type\":\"ReadAction\",\"target\":[\"https:\\\/\\\/dualgree.com.br\\\/loja\\\/produto\\\/motor-da-evaporadora-ar-condicionado-consul-cbu09cbbna\\\/\"]}]},{\"@type\":\"ImageObject\",\"inLanguage\":\"pt-BR\",\"@id\":\"https:\\\/\\\/dualgree.com.br\\\/loja\\\/produto\\\/motor-da-evaporadora-ar-condicionado-consul-cbu09cbbna\\\/#primaryimage\",\"url\":\"https:\\\/\\\/dualgree.com.br\\\/loja\\\/wp-content\\\/uploads\\\/2024\\\/11\\\/15310103340-1608-motor-220v-para-ar-condicionado-split-consul-w10399647-2.jpeg\",\"contentUrl\":\"https:\\\/\\\/dualgree.com.br\\\/loja\\\/wp-content\\\/uploads\\\/2024\\\/11\\\/15310103340-1608-motor-220v-para-ar-condicionado-split-consul-w10399647-2.jpeg\",\"width\":1280,\"height\":1280},{\"@type\":\"BreadcrumbList\",\"@id\":\"https:\\\/\\\/dualgree.com.br\\\/loja\\\/produto\\\/motor-da-evaporadora-ar-condicionado-consul-cbu09cbbna\\\/#breadcrumb\",\"itemListElement\":[{\"@type\":\"ListItem\",\"position\":1,\"name\":\"In\u00edcio\",\"item\":\"https:\\\/\\\/dualgree.com.br\\\/loja\\\/\"},{\"@type\":\"ListItem\",\"position\":2,\"name\":\"Loja &#8211; Cat\u00e1logo de Pe\u00e7as\",\"item\":\"https:\\\/\\\/dualgree.com.br\\\/loja\\\/\"},{\"@type\":\"ListItem\",\"position\":3,\"name\":\"Motor Da Evaporadora Ar Condicionado Consul CBU09CBBNA\"}]},{\"@type\":\"WebSite\",\"@id\":\"https:\\\/\\\/dualgree.com.br\\\/loja\\\/#website\",\"url\":\"https:\\\/\\\/dualgree.com.br\\\/loja\\\/\",\"name\":\"Loja - Dual Gree Servi\u00e7os | Partes e Pe\u00e7as\",\"description\":\"Catalogo de Pe\u00e7as para ar condicionado\",\"publisher\":{\"@id\":\"https:\\\/\\\/dualgree.com.br\\\/loja\\\/#organization\"},\"potentialAction\":[{\"@type\":\"SearchAction\",\"target\":{\"@type\":\"EntryPoint\",\"urlTemplate\":\"https:\\\/\\\/dualgree.com.br\\\/loja\\\/?s={search_term_string}\"},\"query-input\":{\"@type\":\"PropertyValueSpecification\",\"valueRequired\":true,\"valueName\":\"search_term_string\"}}],\"inLanguage\":\"pt-BR\"},{\"@type\":\"Organization\",\"@id\":\"https:\\\/\\\/dualgree.com.br\\\/loja\\\/#organization\",\"name\":\"Loja Dual Gree Servi\u00e7o\",\"url\":\"https:\\\/\\\/dualgree.com.br\\\/loja\\\/\",\"logo\":{\"@type\":\"ImageObject\",\"inLanguage\":\"pt-BR\",\"@id\":\"https:\\\/\\\/dualgree.com.br\\\/loja\\\/#\\\/schema\\\/logo\\\/image\\\/\",\"url\":\"https:\\\/\\\/dualgree.com.br\\\/loja\\\/wp-content\\\/uploads\\\/2024\\\/09\\\/teste-logo-ecommerce-dual-1-e1725909304971.png\",\"contentUrl\":\"https:\\\/\\\/dualgree.com.br\\\/loja\\\/wp-content\\\/uploads\\\/2024\\\/09\\\/teste-logo-ecommerce-dual-1-e1725909304971.png\",\"width\":470,\"height\":157,\"caption\":\"Loja Dual Gree Servi\u00e7o\"},\"image\":{\"@id\":\"https:\\\/\\\/dualgree.com.br\\\/loja\\\/#\\\/schema\\\/logo\\\/image\\\/\"}}]}<\/script>\n<!-- \/ Yoast SEO plugin. -->","yoast_head_json":{"title":"Motor Da Evaporadora Ar Condicionado Consul CBU09CBBNA - Loja - Dual Gree Servi\u00e7os | Pe\u00e7as","robots":{"index":"index","follow":"follow","max-snippet":"max-snippet:-1","max-image-preview":"max-image-preview:large","max-video-preview":"max-video-preview:-1"},"canonical":"https:\/\/dualgree.com.br\/loja\/produto\/motor-da-evaporadora-ar-condicionado-consul-cbu09cbbna\/","og_locale":"pt_BR","og_type":"article","og_title":"Motor Da Evaporadora Ar Condicionado Consul CBU09CBBNA - Loja - Dual Gree Servi\u00e7os | Pe\u00e7as","og_description":"ICF1608-Motor Da Evaporadora Ar Condicionado Compativel Com Consul Novo \u00a0 Etiqueta: Welling RPG18 208-240V 50\/60Hz 16W 0.20A E CL 4(P) 700-1420 r\/min \u00a0 Modelos compativel: CBV07CBBNA CBU07DBBNA CBV07DBBNA CBU07CBBNA CBU09CBBNA CBV09DBBNA CBV09CBBNA CBU09DBBNA CBJ09CBBNA CBF09CBBNA","og_url":"https:\/\/dualgree.com.br\/loja\/produto\/motor-da-evaporadora-ar-condicionado-consul-cbu09cbbna\/","og_site_name":"Loja - Dual Gree Servi\u00e7os | Pe\u00e7as","article_modified_time":"2025-10-27T13:12:53+00:00","twitter_card":"summary_large_image","schema":{"@context":"https:\/\/schema.org","@graph":[{"@type":"WebPage","@id":"https:\/\/dualgree.com.br\/loja\/produto\/motor-da-evaporadora-ar-condicionado-consul-cbu09cbbna\/","url":"https:\/\/dualgree.com.br\/loja\/produto\/motor-da-evaporadora-ar-condicionado-consul-cbu09cbbna\/","name":"Motor Da Evaporadora Ar Condicionado Consul CBU09CBBNA - Loja - Dual Gree Servi\u00e7os | Pe\u00e7as","isPartOf":{"@id":"https:\/\/dualgree.com.br\/loja\/#website"},"primaryImageOfPage":{"@id":"https:\/\/dualgree.com.br\/loja\/produto\/motor-da-evaporadora-ar-condicionado-consul-cbu09cbbna\/#primaryimage"},"image":{"@id":"https:\/\/dualgree.com.br\/loja\/produto\/motor-da-evaporadora-ar-condicionado-consul-cbu09cbbna\/#primaryimage"},"thumbnailUrl":"https:\/\/dualgree.com.br\/loja\/wp-content\/uploads\/2024\/11\/15310103340-1608-motor-220v-para-ar-condicionado-split-consul-w10399647-2.jpeg","datePublished":"2024-11-12T20:38:35+00:00","dateModified":"2025-10-27T13:12:53+00:00","breadcrumb":{"@id":"https:\/\/dualgree.com.br\/loja\/produto\/motor-da-evaporadora-ar-condicionado-consul-cbu09cbbna\/#breadcrumb"},"inLanguage":"pt-BR","potentialAction":[{"@type":"ReadAction","target":["https:\/\/dualgree.com.br\/loja\/produto\/motor-da-evaporadora-ar-condicionado-consul-cbu09cbbna\/"]}]},{"@type":"ImageObject","inLanguage":"pt-BR","@id":"https:\/\/dualgree.com.br\/loja\/produto\/motor-da-evaporadora-ar-condicionado-consul-cbu09cbbna\/#primaryimage","url":"https:\/\/dualgree.com.br\/loja\/wp-content\/uploads\/2024\/11\/15310103340-1608-motor-220v-para-ar-condicionado-split-consul-w10399647-2.jpeg","contentUrl":"https:\/\/dualgree.com.br\/loja\/wp-content\/uploads\/2024\/11\/15310103340-1608-motor-220v-para-ar-condicionado-split-consul-w10399647-2.jpeg","width":1280,"height":1280},{"@type":"BreadcrumbList","@id":"https:\/\/dualgree.com.br\/loja\/produto\/motor-da-evaporadora-ar-condicionado-consul-cbu09cbbna\/#breadcrumb","itemListElement":[{"@type":"ListItem","position":1,"name":"In\u00edcio","item":"https:\/\/dualgree.com.br\/loja\/"},{"@type":"ListItem","position":2,"name":"Loja &#8211; Cat\u00e1logo de Pe\u00e7as","item":"https:\/\/dualgree.com.br\/loja\/"},{"@type":"ListItem","position":3,"name":"Motor Da Evaporadora Ar Condicionado Consul CBU09CBBNA"}]},{"@type":"WebSite","@id":"https:\/\/dualgree.com.br\/loja\/#website","url":"https:\/\/dualgree.com.br\/loja\/","name":"Loja - Dual Gree Servi\u00e7os | Partes e Pe\u00e7as","description":"Catalogo de Pe\u00e7as para ar condicionado","publisher":{"@id":"https:\/\/dualgree.com.br\/loja\/#organization"},"potentialAction":[{"@type":"SearchAction","target":{"@type":"EntryPoint","urlTemplate":"https:\/\/dualgree.com.br\/loja\/?s={search_term_string}"},"query-input":{"@type":"PropertyValueSpecification","valueRequired":true,"valueName":"search_term_string"}}],"inLanguage":"pt-BR"},{"@type":"Organization","@id":"https:\/\/dualgree.com.br\/loja\/#organization","name":"Loja Dual Gree Servi\u00e7o","url":"https:\/\/dualgree.com.br\/loja\/","logo":{"@type":"ImageObject","inLanguage":"pt-BR","@id":"https:\/\/dualgree.com.br\/loja\/#\/schema\/logo\/image\/","url":"https:\/\/dualgree.com.br\/loja\/wp-content\/uploads\/2024\/09\/teste-logo-ecommerce-dual-1-e1725909304971.png","contentUrl":"https:\/\/dualgree.com.br\/loja\/wp-content\/uploads\/2024\/09\/teste-logo-ecommerce-dual-1-e1725909304971.png","width":470,"height":157,"caption":"Loja Dual Gree Servi\u00e7o"},"image":{"@id":"https:\/\/dualgree.com.br\/loja\/#\/schema\/logo\/image\/"}}]}},"jetpack_publicize_connections":[],"jetpack_sharing_enabled":true,"jetpack_likes_enabled":true,"_links":{"self":[{"href":"https:\/\/dualgree.com.br\/loja\/wp-json\/wp\/v2\/product\/8535","targetHints":{"allow":["GET"]}}],"collection":[{"href":"https:\/\/dualgree.com.br\/loja\/wp-json\/wp\/v2\/product"}],"about":[{"href":"https:\/\/dualgree.com.br\/loja\/wp-json\/wp\/v2\/types\/product"}],"replies":[{"embeddable":true,"href":"https:\/\/dualgree.com.br\/loja\/wp-json\/wp\/v2\/comments?post=8535"}],"wp:featuredmedia":[{"embeddable":true,"href":"https:\/\/dualgree.com.br\/loja\/wp-json\/wp\/v2\/media\/8533"}],"wp:attachment":[{"href":"https:\/\/dualgree.com.br\/loja\/wp-json\/wp\/v2\/media?parent=8535"}],"wp:term":[{"taxonomy":"product_brand","embeddable":true,"href":"https:\/\/dualgree.com.br\/loja\/wp-json\/wp\/v2\/product_brand?post=8535"},{"taxonomy":"product_cat","embeddable":true,"href":"https:\/\/dualgree.com.br\/loja\/wp-json\/wp\/v2\/product_cat?post=8535"},{"taxonomy":"product_tag","embeddable":true,"href":"https:\/\/dualgree.com.br\/loja\/wp-json\/wp\/v2\/product_tag?post=8535"}],"curies":[{"name":"wp","href":"https:\/\/api.w.org\/{rel}","templated":true}]}}