{"id":8537,"date":"2024-11-12T20:42:38","date_gmt":"2024-11-12T20:42:38","guid":{"rendered":"https:\/\/dualgree.com.br\/loja\/produto\/sensor-da-evaporadora-ar-condicionado-consul-cbu09dbbna\/"},"modified":"2026-04-01T12:57:56","modified_gmt":"2026-04-01T12:57:56","slug":"sensor-da-evaporadora-ar-condicionado-consul-cbu09dbbna","status":"publish","type":"product","link":"https:\/\/dualgree.com.br\/loja\/produto\/sensor-da-evaporadora-ar-condicionado-consul-cbu09dbbna\/","title":{"rendered":"Sensor Da Evaporadora Ar Condicionado Consul CBU09DBBNA"},"content":{"rendered":"<p>ICF2416-Sensor Da Evaporadora Ar Condicionado Compativel Com Consul<\/p>\n<p>NOVO<\/p>\n<p>\u00a0<\/p>\n<p>Modelos compativel:<\/p>\n<p>CBU12DBBNA<\/p>\n<p>CBV12DBBNA<\/p>\n<p>CBU09DBBNA<\/p>\n<p>CBV09DBBNA<\/p>\n<p>CBU07DBBNA<\/p>\n<p>CBV07DBBNA<\/p>\n<p>CBU18DBBNA<\/p>\n<p>CBV18DBBNA<\/p>\n<p>CBU22DBBNA<\/p>\n<p>CBV22DBBNA<\/p>\n<p>\u00a0<\/p>\n<p>CBU12CBBNA<\/p>\n<p>CBV12CBBNA<\/p>\n<p>CBU09CBBNA<\/p>\n<p>CBV09CBBNA<\/p>\n<p>CBU07CBBNA<\/p>\n<p>CBV07CBBNA<\/p>\n<p>CBU18CBBNA<\/p>\n<p>CBV18CBBNA<\/p>\n<p>CBU22CBBNA<\/p>\n<p>CBV22CBBNA<\/p>\n<p>\u00a0<\/p>\n<p>CBU12BBBNA<\/p>\n<p>CBV12BBBNA<\/p>\n<p>CBU09BBBNA<\/p>\n<p>CBV09BBBNA<\/p>\n<p>CBU07BBBNA<\/p>\n<p>CBV07BBBNA<\/p>\n<p>CBU18BBBNA<\/p>\n<p>CBV18BBBNA<\/p>\n<p>CBU22BBBNA<\/p>\n<p>CBV22BBBNA<\/p>\n","protected":false},"excerpt":{"rendered":"<p>ICF2416-Sensor Da Evaporadora Ar Condicionado Compativel Com Consul NOVO \u00a0 Modelos compativel: CBU12DBBNA CBV12DBBNA CBU09DBBNA CBV09DBBNA CBU07DBBNA CBV07DBBNA CBU18DBBNA CBV18DBBNA CBU22DBBNA CBV22DBBNA \u00a0 CBU12CBBNA CBV12CBBNA CBU09CBBNA CBV09CBBNA CBU07CBBNA CBV07CBBNA CBU18CBBNA CBV18CBBNA CBU22CBBNA CBV22CBBNA \u00a0 CBU12BBBNA CBV12BBBNA CBU09BBBNA CBV09BBBNA CBU07BBBNA CBV07BBBNA CBU18BBBNA CBV18BBBNA CBU22BBBNA CBV22BBBNA<\/p>\n","protected":false},"featured_media":8536,"comment_status":"open","ping_status":"closed","template":"","meta":{"_kadence_starter_templates_imported_post":false,"_kad_post_transparent":"","_kad_post_title":"","_kad_post_layout":"","_kad_post_sidebar_id":"","_kad_post_content_style":"","_kad_post_vertical_padding":"","_kad_post_feature":"","_kad_post_feature_position":"","_kad_post_header":false,"_kad_post_footer":false,"jetpack_publicize_message":"","jetpack_publicize_feature_enabled":true,"jetpack_social_post_already_shared":false,"jetpack_social_options":{"image_generator_settings":{"template":"highway","default_image_id":0,"font":"","enabled":false},"version":2}},"product_brand":[],"product_cat":[171,214],"product_tag":[],"class_list":{"0":"post-8537","1":"product","2":"type-product","3":"status-publish","4":"has-post-thumbnail","6":"product_cat-consul","7":"product_cat-sensor-ambiente-evaporadora-split","9":"first","10":"outofstock","11":"shipping-taxable","12":"purchasable","13":"product-type-simple","14":"entry","15":"content-bg","16":"loop-entry"},"yoast_head":"<!-- This site is optimized with the Yoast SEO plugin v27.5 - https:\/\/yoast.com\/product\/yoast-seo-wordpress\/ -->\n<title>Sensor Da Evaporadora Ar Condicionado Consul CBU09DBBNA - Loja - Dual Gree Servi\u00e7os | Pe\u00e7as<\/title>\n<meta name=\"robots\" content=\"index, follow, max-snippet:-1, max-image-preview:large, max-video-preview:-1\" \/>\n<link rel=\"canonical\" href=\"https:\/\/dualgree.com.br\/loja\/produto\/sensor-da-evaporadora-ar-condicionado-consul-cbu09dbbna\/\" \/>\n<meta property=\"og:locale\" content=\"pt_BR\" \/>\n<meta property=\"og:type\" content=\"article\" \/>\n<meta property=\"og:title\" content=\"Sensor Da Evaporadora Ar Condicionado Consul CBU09DBBNA - Loja - Dual Gree Servi\u00e7os | Pe\u00e7as\" \/>\n<meta property=\"og:description\" content=\"ICF2416-Sensor Da Evaporadora Ar Condicionado Compativel Com Consul NOVO \u00a0 Modelos compativel: CBU12DBBNA CBV12DBBNA CBU09DBBNA CBV09DBBNA CBU07DBBNA CBV07DBBNA CBU18DBBNA CBV18DBBNA CBU22DBBNA CBV22DBBNA \u00a0 CBU12CBBNA CBV12CBBNA CBU09CBBNA CBV09CBBNA CBU07CBBNA CBV07CBBNA CBU18CBBNA CBV18CBBNA CBU22CBBNA CBV22CBBNA \u00a0 CBU12BBBNA CBV12BBBNA CBU09BBBNA CBV09BBBNA CBU07BBBNA CBV07BBBNA CBU18BBBNA CBV18BBBNA CBU22BBBNA CBV22BBBNA\" \/>\n<meta property=\"og:url\" content=\"https:\/\/dualgree.com.br\/loja\/produto\/sensor-da-evaporadora-ar-condicionado-consul-cbu09dbbna\/\" \/>\n<meta property=\"og:site_name\" content=\"Loja - Dual Gree Servi\u00e7os | Pe\u00e7as\" \/>\n<meta property=\"article:modified_time\" content=\"2026-04-01T12:57:56+00:00\" \/>\n<meta name=\"twitter:card\" content=\"summary_large_image\" \/>\n<script type=\"application\/ld+json\" class=\"yoast-schema-graph\">{\"@context\":\"https:\\\/\\\/schema.org\",\"@graph\":[{\"@type\":\"WebPage\",\"@id\":\"https:\\\/\\\/dualgree.com.br\\\/loja\\\/produto\\\/sensor-da-evaporadora-ar-condicionado-consul-cbu09dbbna\\\/\",\"url\":\"https:\\\/\\\/dualgree.com.br\\\/loja\\\/produto\\\/sensor-da-evaporadora-ar-condicionado-consul-cbu09dbbna\\\/\",\"name\":\"Sensor Da Evaporadora Ar Condicionado Consul CBU09DBBNA - Loja - Dual Gree Servi\u00e7os | Pe\u00e7as\",\"isPartOf\":{\"@id\":\"https:\\\/\\\/dualgree.com.br\\\/loja\\\/#website\"},\"primaryImageOfPage\":{\"@id\":\"https:\\\/\\\/dualgree.com.br\\\/loja\\\/produto\\\/sensor-da-evaporadora-ar-condicionado-consul-cbu09dbbna\\\/#primaryimage\"},\"image\":{\"@id\":\"https:\\\/\\\/dualgree.com.br\\\/loja\\\/produto\\\/sensor-da-evaporadora-ar-condicionado-consul-cbu09dbbna\\\/#primaryimage\"},\"thumbnailUrl\":\"https:\\\/\\\/dualgree.com.br\\\/loja\\\/wp-content\\\/uploads\\\/2024\\\/11\\\/15310066975-2416-sensores-15k-consul-cbu12dbbna.jpeg\",\"datePublished\":\"2024-11-12T20:42:38+00:00\",\"dateModified\":\"2026-04-01T12:57:56+00:00\",\"breadcrumb\":{\"@id\":\"https:\\\/\\\/dualgree.com.br\\\/loja\\\/produto\\\/sensor-da-evaporadora-ar-condicionado-consul-cbu09dbbna\\\/#breadcrumb\"},\"inLanguage\":\"pt-BR\",\"potentialAction\":[{\"@type\":\"ReadAction\",\"target\":[\"https:\\\/\\\/dualgree.com.br\\\/loja\\\/produto\\\/sensor-da-evaporadora-ar-condicionado-consul-cbu09dbbna\\\/\"]}]},{\"@type\":\"ImageObject\",\"inLanguage\":\"pt-BR\",\"@id\":\"https:\\\/\\\/dualgree.com.br\\\/loja\\\/produto\\\/sensor-da-evaporadora-ar-condicionado-consul-cbu09dbbna\\\/#primaryimage\",\"url\":\"https:\\\/\\\/dualgree.com.br\\\/loja\\\/wp-content\\\/uploads\\\/2024\\\/11\\\/15310066975-2416-sensores-15k-consul-cbu12dbbna.jpeg\",\"contentUrl\":\"https:\\\/\\\/dualgree.com.br\\\/loja\\\/wp-content\\\/uploads\\\/2024\\\/11\\\/15310066975-2416-sensores-15k-consul-cbu12dbbna.jpeg\",\"width\":1280,\"height\":1280},{\"@type\":\"BreadcrumbList\",\"@id\":\"https:\\\/\\\/dualgree.com.br\\\/loja\\\/produto\\\/sensor-da-evaporadora-ar-condicionado-consul-cbu09dbbna\\\/#breadcrumb\",\"itemListElement\":[{\"@type\":\"ListItem\",\"position\":1,\"name\":\"In\u00edcio\",\"item\":\"https:\\\/\\\/dualgree.com.br\\\/loja\\\/\"},{\"@type\":\"ListItem\",\"position\":2,\"name\":\"Loja &#8211; Cat\u00e1logo de Pe\u00e7as\",\"item\":\"https:\\\/\\\/dualgree.com.br\\\/loja\\\/\"},{\"@type\":\"ListItem\",\"position\":3,\"name\":\"Sensor Da Evaporadora Ar Condicionado Consul CBU09DBBNA\"}]},{\"@type\":\"WebSite\",\"@id\":\"https:\\\/\\\/dualgree.com.br\\\/loja\\\/#website\",\"url\":\"https:\\\/\\\/dualgree.com.br\\\/loja\\\/\",\"name\":\"Loja - Dual Gree Servi\u00e7os | Partes e Pe\u00e7as\",\"description\":\"Catalogo de Pe\u00e7as para ar condicionado\",\"publisher\":{\"@id\":\"https:\\\/\\\/dualgree.com.br\\\/loja\\\/#organization\"},\"potentialAction\":[{\"@type\":\"SearchAction\",\"target\":{\"@type\":\"EntryPoint\",\"urlTemplate\":\"https:\\\/\\\/dualgree.com.br\\\/loja\\\/?s={search_term_string}\"},\"query-input\":{\"@type\":\"PropertyValueSpecification\",\"valueRequired\":true,\"valueName\":\"search_term_string\"}}],\"inLanguage\":\"pt-BR\"},{\"@type\":\"Organization\",\"@id\":\"https:\\\/\\\/dualgree.com.br\\\/loja\\\/#organization\",\"name\":\"Loja Dual Gree Servi\u00e7o\",\"url\":\"https:\\\/\\\/dualgree.com.br\\\/loja\\\/\",\"logo\":{\"@type\":\"ImageObject\",\"inLanguage\":\"pt-BR\",\"@id\":\"https:\\\/\\\/dualgree.com.br\\\/loja\\\/#\\\/schema\\\/logo\\\/image\\\/\",\"url\":\"https:\\\/\\\/dualgree.com.br\\\/loja\\\/wp-content\\\/uploads\\\/2024\\\/09\\\/teste-logo-ecommerce-dual-1-e1725909304971.png\",\"contentUrl\":\"https:\\\/\\\/dualgree.com.br\\\/loja\\\/wp-content\\\/uploads\\\/2024\\\/09\\\/teste-logo-ecommerce-dual-1-e1725909304971.png\",\"width\":470,\"height\":157,\"caption\":\"Loja Dual Gree Servi\u00e7o\"},\"image\":{\"@id\":\"https:\\\/\\\/dualgree.com.br\\\/loja\\\/#\\\/schema\\\/logo\\\/image\\\/\"}}]}<\/script>\n<!-- \/ Yoast SEO plugin. -->","yoast_head_json":{"title":"Sensor Da Evaporadora Ar Condicionado Consul CBU09DBBNA - Loja - Dual Gree Servi\u00e7os | Pe\u00e7as","robots":{"index":"index","follow":"follow","max-snippet":"max-snippet:-1","max-image-preview":"max-image-preview:large","max-video-preview":"max-video-preview:-1"},"canonical":"https:\/\/dualgree.com.br\/loja\/produto\/sensor-da-evaporadora-ar-condicionado-consul-cbu09dbbna\/","og_locale":"pt_BR","og_type":"article","og_title":"Sensor Da Evaporadora Ar Condicionado Consul CBU09DBBNA - Loja - Dual Gree Servi\u00e7os | Pe\u00e7as","og_description":"ICF2416-Sensor Da Evaporadora Ar Condicionado Compativel Com Consul NOVO \u00a0 Modelos compativel: CBU12DBBNA CBV12DBBNA CBU09DBBNA CBV09DBBNA CBU07DBBNA CBV07DBBNA CBU18DBBNA CBV18DBBNA CBU22DBBNA CBV22DBBNA \u00a0 CBU12CBBNA CBV12CBBNA CBU09CBBNA CBV09CBBNA CBU07CBBNA CBV07CBBNA CBU18CBBNA CBV18CBBNA CBU22CBBNA CBV22CBBNA \u00a0 CBU12BBBNA CBV12BBBNA CBU09BBBNA CBV09BBBNA CBU07BBBNA CBV07BBBNA CBU18BBBNA CBV18BBBNA CBU22BBBNA CBV22BBBNA","og_url":"https:\/\/dualgree.com.br\/loja\/produto\/sensor-da-evaporadora-ar-condicionado-consul-cbu09dbbna\/","og_site_name":"Loja - Dual Gree Servi\u00e7os | Pe\u00e7as","article_modified_time":"2026-04-01T12:57:56+00:00","twitter_card":"summary_large_image","schema":{"@context":"https:\/\/schema.org","@graph":[{"@type":"WebPage","@id":"https:\/\/dualgree.com.br\/loja\/produto\/sensor-da-evaporadora-ar-condicionado-consul-cbu09dbbna\/","url":"https:\/\/dualgree.com.br\/loja\/produto\/sensor-da-evaporadora-ar-condicionado-consul-cbu09dbbna\/","name":"Sensor Da Evaporadora Ar Condicionado Consul CBU09DBBNA - Loja - Dual Gree Servi\u00e7os | Pe\u00e7as","isPartOf":{"@id":"https:\/\/dualgree.com.br\/loja\/#website"},"primaryImageOfPage":{"@id":"https:\/\/dualgree.com.br\/loja\/produto\/sensor-da-evaporadora-ar-condicionado-consul-cbu09dbbna\/#primaryimage"},"image":{"@id":"https:\/\/dualgree.com.br\/loja\/produto\/sensor-da-evaporadora-ar-condicionado-consul-cbu09dbbna\/#primaryimage"},"thumbnailUrl":"https:\/\/dualgree.com.br\/loja\/wp-content\/uploads\/2024\/11\/15310066975-2416-sensores-15k-consul-cbu12dbbna.jpeg","datePublished":"2024-11-12T20:42:38+00:00","dateModified":"2026-04-01T12:57:56+00:00","breadcrumb":{"@id":"https:\/\/dualgree.com.br\/loja\/produto\/sensor-da-evaporadora-ar-condicionado-consul-cbu09dbbna\/#breadcrumb"},"inLanguage":"pt-BR","potentialAction":[{"@type":"ReadAction","target":["https:\/\/dualgree.com.br\/loja\/produto\/sensor-da-evaporadora-ar-condicionado-consul-cbu09dbbna\/"]}]},{"@type":"ImageObject","inLanguage":"pt-BR","@id":"https:\/\/dualgree.com.br\/loja\/produto\/sensor-da-evaporadora-ar-condicionado-consul-cbu09dbbna\/#primaryimage","url":"https:\/\/dualgree.com.br\/loja\/wp-content\/uploads\/2024\/11\/15310066975-2416-sensores-15k-consul-cbu12dbbna.jpeg","contentUrl":"https:\/\/dualgree.com.br\/loja\/wp-content\/uploads\/2024\/11\/15310066975-2416-sensores-15k-consul-cbu12dbbna.jpeg","width":1280,"height":1280},{"@type":"BreadcrumbList","@id":"https:\/\/dualgree.com.br\/loja\/produto\/sensor-da-evaporadora-ar-condicionado-consul-cbu09dbbna\/#breadcrumb","itemListElement":[{"@type":"ListItem","position":1,"name":"In\u00edcio","item":"https:\/\/dualgree.com.br\/loja\/"},{"@type":"ListItem","position":2,"name":"Loja &#8211; Cat\u00e1logo de Pe\u00e7as","item":"https:\/\/dualgree.com.br\/loja\/"},{"@type":"ListItem","position":3,"name":"Sensor Da Evaporadora Ar Condicionado Consul CBU09DBBNA"}]},{"@type":"WebSite","@id":"https:\/\/dualgree.com.br\/loja\/#website","url":"https:\/\/dualgree.com.br\/loja\/","name":"Loja - Dual Gree Servi\u00e7os | Partes e Pe\u00e7as","description":"Catalogo de Pe\u00e7as para ar condicionado","publisher":{"@id":"https:\/\/dualgree.com.br\/loja\/#organization"},"potentialAction":[{"@type":"SearchAction","target":{"@type":"EntryPoint","urlTemplate":"https:\/\/dualgree.com.br\/loja\/?s={search_term_string}"},"query-input":{"@type":"PropertyValueSpecification","valueRequired":true,"valueName":"search_term_string"}}],"inLanguage":"pt-BR"},{"@type":"Organization","@id":"https:\/\/dualgree.com.br\/loja\/#organization","name":"Loja Dual Gree Servi\u00e7o","url":"https:\/\/dualgree.com.br\/loja\/","logo":{"@type":"ImageObject","inLanguage":"pt-BR","@id":"https:\/\/dualgree.com.br\/loja\/#\/schema\/logo\/image\/","url":"https:\/\/dualgree.com.br\/loja\/wp-content\/uploads\/2024\/09\/teste-logo-ecommerce-dual-1-e1725909304971.png","contentUrl":"https:\/\/dualgree.com.br\/loja\/wp-content\/uploads\/2024\/09\/teste-logo-ecommerce-dual-1-e1725909304971.png","width":470,"height":157,"caption":"Loja Dual Gree Servi\u00e7o"},"image":{"@id":"https:\/\/dualgree.com.br\/loja\/#\/schema\/logo\/image\/"}}]}},"jetpack_publicize_connections":[],"jetpack_sharing_enabled":true,"jetpack_likes_enabled":true,"_links":{"self":[{"href":"https:\/\/dualgree.com.br\/loja\/wp-json\/wp\/v2\/product\/8537","targetHints":{"allow":["GET"]}}],"collection":[{"href":"https:\/\/dualgree.com.br\/loja\/wp-json\/wp\/v2\/product"}],"about":[{"href":"https:\/\/dualgree.com.br\/loja\/wp-json\/wp\/v2\/types\/product"}],"replies":[{"embeddable":true,"href":"https:\/\/dualgree.com.br\/loja\/wp-json\/wp\/v2\/comments?post=8537"}],"wp:featuredmedia":[{"embeddable":true,"href":"https:\/\/dualgree.com.br\/loja\/wp-json\/wp\/v2\/media\/8536"}],"wp:attachment":[{"href":"https:\/\/dualgree.com.br\/loja\/wp-json\/wp\/v2\/media?parent=8537"}],"wp:term":[{"taxonomy":"product_brand","embeddable":true,"href":"https:\/\/dualgree.com.br\/loja\/wp-json\/wp\/v2\/product_brand?post=8537"},{"taxonomy":"product_cat","embeddable":true,"href":"https:\/\/dualgree.com.br\/loja\/wp-json\/wp\/v2\/product_cat?post=8537"},{"taxonomy":"product_tag","embeddable":true,"href":"https:\/\/dualgree.com.br\/loja\/wp-json\/wp\/v2\/product_tag?post=8537"}],"curies":[{"name":"wp","href":"https:\/\/api.w.org\/{rel}","templated":true}]}}