{"id":8599,"date":"2024-11-19T17:24:53","date_gmt":"2024-11-19T17:24:53","guid":{"rendered":"https:\/\/dualgree.com.br\/loja\/produto\/borracha-mancal-da-evaporadora-ar-condicionado-compativel-com-lg-consul-cbf12cbbna\/"},"modified":"2024-11-19T17:25:32","modified_gmt":"2024-11-19T17:25:32","slug":"borracha-mancal-da-evaporadora-ar-condicionado-compativel-com-lg-consul-cbf12cbbna","status":"publish","type":"product","link":"https:\/\/dualgree.com.br\/loja\/produto\/borracha-mancal-da-evaporadora-ar-condicionado-compativel-com-lg-consul-cbf12cbbna\/","title":{"rendered":"Borracha Mancal Da Evaporadora Ar Condicionado Compat\u00edvel C..."},"content":{"rendered":"<p>IC513-Borracha Mancal Da Evaporadora Ar Condicionado Compativel Com LG Consul<\/p>\n<p>Novo<\/p>\n<p>\u00a0<\/p>\n<p>Modelos compativel:<\/p>\n<p>LG dual inverter<\/p>\n<p>\u00a0<\/p>\n<p>Consul<\/p>\n<p>CBV12DBBNA<\/p>\n<p>CBF12CBBNA<\/p>\n<p>CBF07OBBNA<\/p>\n<p>\u00a0<\/p>\n<p>YORK<\/p>\n<p>YJKA12FS-ADK<\/p>\n","protected":false},"excerpt":{"rendered":"<p>IC513-Borracha Mancal Da Evaporadora Ar Condicionado Compativel Com LG Consul Novo \u00a0 Modelos compativel: LG dual inverter \u00a0 Consul CBV12DBBNA CBF12CBBNA CBF07OBBNA \u00a0 YORK YJKA12FS-ADK<\/p>\n","protected":false},"featured_media":8598,"comment_status":"open","ping_status":"closed","template":"","meta":{"_kadence_starter_templates_imported_post":false,"_kad_post_transparent":"","_kad_post_title":"","_kad_post_layout":"","_kad_post_sidebar_id":"","_kad_post_content_style":"","_kad_post_vertical_padding":"","_kad_post_feature":"","_kad_post_feature_position":"","_kad_post_header":false,"_kad_post_footer":false,"jetpack_publicize_message":"","jetpack_publicize_feature_enabled":true,"jetpack_social_post_already_shared":false,"jetpack_social_options":{"image_generator_settings":{"template":"highway","default_image_id":0,"font":"","enabled":false},"version":2}},"product_brand":[],"product_cat":[221,171,182,184],"product_tag":[],"class_list":{"0":"post-8599","1":"product","2":"type-product","3":"status-publish","4":"has-post-thumbnail","6":"product_cat-borracha-mancal-turbina","7":"product_cat-consul","8":"product_cat-lg","9":"product_cat-york","11":"first","12":"instock","13":"shipping-taxable","14":"purchasable","15":"product-type-simple","16":"entry","17":"content-bg","18":"loop-entry"},"yoast_head":"<!-- This site is optimized with the Yoast SEO plugin v27.5 - https:\/\/yoast.com\/product\/yoast-seo-wordpress\/ -->\n<title>Borracha Mancal Da Evaporadora Ar Condicionado Compat\u00edvel Com LG Consul CBF12CBBNA - Loja - Dual Gree Servi\u00e7os | Pe\u00e7as<\/title>\n<meta name=\"robots\" content=\"index, follow, max-snippet:-1, max-image-preview:large, max-video-preview:-1\" \/>\n<link rel=\"canonical\" href=\"https:\/\/dualgree.com.br\/loja\/produto\/borracha-mancal-da-evaporadora-ar-condicionado-compativel-com-lg-consul-cbf12cbbna\/\" \/>\n<meta property=\"og:locale\" content=\"pt_BR\" \/>\n<meta property=\"og:type\" content=\"article\" \/>\n<meta property=\"og:title\" content=\"Borracha Mancal Da Evaporadora Ar Condicionado Compat\u00edvel Com LG Consul CBF12CBBNA - Loja - Dual Gree Servi\u00e7os | Pe\u00e7as\" \/>\n<meta property=\"og:description\" content=\"IC513-Borracha Mancal Da Evaporadora Ar Condicionado Compativel Com LG Consul Novo \u00a0 Modelos compativel: LG dual inverter \u00a0 Consul CBV12DBBNA CBF12CBBNA CBF07OBBNA \u00a0 YORK YJKA12FS-ADK\" \/>\n<meta property=\"og:url\" content=\"https:\/\/dualgree.com.br\/loja\/produto\/borracha-mancal-da-evaporadora-ar-condicionado-compativel-com-lg-consul-cbf12cbbna\/\" \/>\n<meta property=\"og:site_name\" content=\"Loja - Dual Gree Servi\u00e7os | Pe\u00e7as\" \/>\n<meta property=\"article:modified_time\" content=\"2024-11-19T17:25:32+00:00\" \/>\n<meta name=\"twitter:card\" content=\"summary_large_image\" \/>\n<script type=\"application\/ld+json\" class=\"yoast-schema-graph\">{\"@context\":\"https:\\\/\\\/schema.org\",\"@graph\":[{\"@type\":\"WebPage\",\"@id\":\"https:\\\/\\\/dualgree.com.br\\\/loja\\\/produto\\\/borracha-mancal-da-evaporadora-ar-condicionado-compativel-com-lg-consul-cbf12cbbna\\\/\",\"url\":\"https:\\\/\\\/dualgree.com.br\\\/loja\\\/produto\\\/borracha-mancal-da-evaporadora-ar-condicionado-compativel-com-lg-consul-cbf12cbbna\\\/\",\"name\":\"Borracha Mancal Da Evaporadora Ar Condicionado Compat\u00edvel Com LG Consul CBF12CBBNA - Loja - Dual Gree Servi\u00e7os | Pe\u00e7as\",\"isPartOf\":{\"@id\":\"https:\\\/\\\/dualgree.com.br\\\/loja\\\/#website\"},\"primaryImageOfPage\":{\"@id\":\"https:\\\/\\\/dualgree.com.br\\\/loja\\\/produto\\\/borracha-mancal-da-evaporadora-ar-condicionado-compativel-com-lg-consul-cbf12cbbna\\\/#primaryimage\"},\"image\":{\"@id\":\"https:\\\/\\\/dualgree.com.br\\\/loja\\\/produto\\\/borracha-mancal-da-evaporadora-ar-condicionado-compativel-com-lg-consul-cbf12cbbna\\\/#primaryimage\"},\"thumbnailUrl\":\"https:\\\/\\\/dualgree.com.br\\\/loja\\\/wp-content\\\/uploads\\\/2024\\\/11\\\/15310941628-513-borracha-mancal-01-consul-cbf07obbna.jpg\",\"datePublished\":\"2024-11-19T17:24:53+00:00\",\"dateModified\":\"2024-11-19T17:25:32+00:00\",\"breadcrumb\":{\"@id\":\"https:\\\/\\\/dualgree.com.br\\\/loja\\\/produto\\\/borracha-mancal-da-evaporadora-ar-condicionado-compativel-com-lg-consul-cbf12cbbna\\\/#breadcrumb\"},\"inLanguage\":\"pt-BR\",\"potentialAction\":[{\"@type\":\"ReadAction\",\"target\":[\"https:\\\/\\\/dualgree.com.br\\\/loja\\\/produto\\\/borracha-mancal-da-evaporadora-ar-condicionado-compativel-com-lg-consul-cbf12cbbna\\\/\"]}]},{\"@type\":\"ImageObject\",\"inLanguage\":\"pt-BR\",\"@id\":\"https:\\\/\\\/dualgree.com.br\\\/loja\\\/produto\\\/borracha-mancal-da-evaporadora-ar-condicionado-compativel-com-lg-consul-cbf12cbbna\\\/#primaryimage\",\"url\":\"https:\\\/\\\/dualgree.com.br\\\/loja\\\/wp-content\\\/uploads\\\/2024\\\/11\\\/15310941628-513-borracha-mancal-01-consul-cbf07obbna.jpg\",\"contentUrl\":\"https:\\\/\\\/dualgree.com.br\\\/loja\\\/wp-content\\\/uploads\\\/2024\\\/11\\\/15310941628-513-borracha-mancal-01-consul-cbf07obbna.jpg\",\"width\":1200,\"height\":1200},{\"@type\":\"BreadcrumbList\",\"@id\":\"https:\\\/\\\/dualgree.com.br\\\/loja\\\/produto\\\/borracha-mancal-da-evaporadora-ar-condicionado-compativel-com-lg-consul-cbf12cbbna\\\/#breadcrumb\",\"itemListElement\":[{\"@type\":\"ListItem\",\"position\":1,\"name\":\"In\u00edcio\",\"item\":\"https:\\\/\\\/dualgree.com.br\\\/loja\\\/\"},{\"@type\":\"ListItem\",\"position\":2,\"name\":\"Loja &#8211; Cat\u00e1logo de Pe\u00e7as\",\"item\":\"https:\\\/\\\/dualgree.com.br\\\/loja\\\/\"},{\"@type\":\"ListItem\",\"position\":3,\"name\":\"Borracha Mancal Da Evaporadora Ar Condicionado Compat\u00edvel C...\"}]},{\"@type\":\"WebSite\",\"@id\":\"https:\\\/\\\/dualgree.com.br\\\/loja\\\/#website\",\"url\":\"https:\\\/\\\/dualgree.com.br\\\/loja\\\/\",\"name\":\"Loja - Dual Gree Servi\u00e7os | Partes e Pe\u00e7as\",\"description\":\"Catalogo de Pe\u00e7as para ar condicionado\",\"publisher\":{\"@id\":\"https:\\\/\\\/dualgree.com.br\\\/loja\\\/#organization\"},\"potentialAction\":[{\"@type\":\"SearchAction\",\"target\":{\"@type\":\"EntryPoint\",\"urlTemplate\":\"https:\\\/\\\/dualgree.com.br\\\/loja\\\/?s={search_term_string}\"},\"query-input\":{\"@type\":\"PropertyValueSpecification\",\"valueRequired\":true,\"valueName\":\"search_term_string\"}}],\"inLanguage\":\"pt-BR\"},{\"@type\":\"Organization\",\"@id\":\"https:\\\/\\\/dualgree.com.br\\\/loja\\\/#organization\",\"name\":\"Loja Dual Gree Servi\u00e7o\",\"url\":\"https:\\\/\\\/dualgree.com.br\\\/loja\\\/\",\"logo\":{\"@type\":\"ImageObject\",\"inLanguage\":\"pt-BR\",\"@id\":\"https:\\\/\\\/dualgree.com.br\\\/loja\\\/#\\\/schema\\\/logo\\\/image\\\/\",\"url\":\"https:\\\/\\\/dualgree.com.br\\\/loja\\\/wp-content\\\/uploads\\\/2024\\\/09\\\/teste-logo-ecommerce-dual-1-e1725909304971.png\",\"contentUrl\":\"https:\\\/\\\/dualgree.com.br\\\/loja\\\/wp-content\\\/uploads\\\/2024\\\/09\\\/teste-logo-ecommerce-dual-1-e1725909304971.png\",\"width\":470,\"height\":157,\"caption\":\"Loja Dual Gree Servi\u00e7o\"},\"image\":{\"@id\":\"https:\\\/\\\/dualgree.com.br\\\/loja\\\/#\\\/schema\\\/logo\\\/image\\\/\"}}]}<\/script>\n<!-- \/ Yoast SEO plugin. -->","yoast_head_json":{"title":"Borracha Mancal Da Evaporadora Ar Condicionado Compat\u00edvel Com LG Consul CBF12CBBNA - Loja - Dual Gree Servi\u00e7os | Pe\u00e7as","robots":{"index":"index","follow":"follow","max-snippet":"max-snippet:-1","max-image-preview":"max-image-preview:large","max-video-preview":"max-video-preview:-1"},"canonical":"https:\/\/dualgree.com.br\/loja\/produto\/borracha-mancal-da-evaporadora-ar-condicionado-compativel-com-lg-consul-cbf12cbbna\/","og_locale":"pt_BR","og_type":"article","og_title":"Borracha Mancal Da Evaporadora Ar Condicionado Compat\u00edvel Com LG Consul CBF12CBBNA - Loja - Dual Gree Servi\u00e7os | Pe\u00e7as","og_description":"IC513-Borracha Mancal Da Evaporadora Ar Condicionado Compativel Com LG Consul Novo \u00a0 Modelos compativel: LG dual inverter \u00a0 Consul CBV12DBBNA CBF12CBBNA CBF07OBBNA \u00a0 YORK YJKA12FS-ADK","og_url":"https:\/\/dualgree.com.br\/loja\/produto\/borracha-mancal-da-evaporadora-ar-condicionado-compativel-com-lg-consul-cbf12cbbna\/","og_site_name":"Loja - Dual Gree Servi\u00e7os | Pe\u00e7as","article_modified_time":"2024-11-19T17:25:32+00:00","twitter_card":"summary_large_image","schema":{"@context":"https:\/\/schema.org","@graph":[{"@type":"WebPage","@id":"https:\/\/dualgree.com.br\/loja\/produto\/borracha-mancal-da-evaporadora-ar-condicionado-compativel-com-lg-consul-cbf12cbbna\/","url":"https:\/\/dualgree.com.br\/loja\/produto\/borracha-mancal-da-evaporadora-ar-condicionado-compativel-com-lg-consul-cbf12cbbna\/","name":"Borracha Mancal Da Evaporadora Ar Condicionado Compat\u00edvel Com LG Consul CBF12CBBNA - Loja - Dual Gree Servi\u00e7os | Pe\u00e7as","isPartOf":{"@id":"https:\/\/dualgree.com.br\/loja\/#website"},"primaryImageOfPage":{"@id":"https:\/\/dualgree.com.br\/loja\/produto\/borracha-mancal-da-evaporadora-ar-condicionado-compativel-com-lg-consul-cbf12cbbna\/#primaryimage"},"image":{"@id":"https:\/\/dualgree.com.br\/loja\/produto\/borracha-mancal-da-evaporadora-ar-condicionado-compativel-com-lg-consul-cbf12cbbna\/#primaryimage"},"thumbnailUrl":"https:\/\/dualgree.com.br\/loja\/wp-content\/uploads\/2024\/11\/15310941628-513-borracha-mancal-01-consul-cbf07obbna.jpg","datePublished":"2024-11-19T17:24:53+00:00","dateModified":"2024-11-19T17:25:32+00:00","breadcrumb":{"@id":"https:\/\/dualgree.com.br\/loja\/produto\/borracha-mancal-da-evaporadora-ar-condicionado-compativel-com-lg-consul-cbf12cbbna\/#breadcrumb"},"inLanguage":"pt-BR","potentialAction":[{"@type":"ReadAction","target":["https:\/\/dualgree.com.br\/loja\/produto\/borracha-mancal-da-evaporadora-ar-condicionado-compativel-com-lg-consul-cbf12cbbna\/"]}]},{"@type":"ImageObject","inLanguage":"pt-BR","@id":"https:\/\/dualgree.com.br\/loja\/produto\/borracha-mancal-da-evaporadora-ar-condicionado-compativel-com-lg-consul-cbf12cbbna\/#primaryimage","url":"https:\/\/dualgree.com.br\/loja\/wp-content\/uploads\/2024\/11\/15310941628-513-borracha-mancal-01-consul-cbf07obbna.jpg","contentUrl":"https:\/\/dualgree.com.br\/loja\/wp-content\/uploads\/2024\/11\/15310941628-513-borracha-mancal-01-consul-cbf07obbna.jpg","width":1200,"height":1200},{"@type":"BreadcrumbList","@id":"https:\/\/dualgree.com.br\/loja\/produto\/borracha-mancal-da-evaporadora-ar-condicionado-compativel-com-lg-consul-cbf12cbbna\/#breadcrumb","itemListElement":[{"@type":"ListItem","position":1,"name":"In\u00edcio","item":"https:\/\/dualgree.com.br\/loja\/"},{"@type":"ListItem","position":2,"name":"Loja &#8211; Cat\u00e1logo de Pe\u00e7as","item":"https:\/\/dualgree.com.br\/loja\/"},{"@type":"ListItem","position":3,"name":"Borracha Mancal Da Evaporadora Ar Condicionado Compat\u00edvel C..."}]},{"@type":"WebSite","@id":"https:\/\/dualgree.com.br\/loja\/#website","url":"https:\/\/dualgree.com.br\/loja\/","name":"Loja - Dual Gree Servi\u00e7os | Partes e Pe\u00e7as","description":"Catalogo de Pe\u00e7as para ar condicionado","publisher":{"@id":"https:\/\/dualgree.com.br\/loja\/#organization"},"potentialAction":[{"@type":"SearchAction","target":{"@type":"EntryPoint","urlTemplate":"https:\/\/dualgree.com.br\/loja\/?s={search_term_string}"},"query-input":{"@type":"PropertyValueSpecification","valueRequired":true,"valueName":"search_term_string"}}],"inLanguage":"pt-BR"},{"@type":"Organization","@id":"https:\/\/dualgree.com.br\/loja\/#organization","name":"Loja Dual Gree Servi\u00e7o","url":"https:\/\/dualgree.com.br\/loja\/","logo":{"@type":"ImageObject","inLanguage":"pt-BR","@id":"https:\/\/dualgree.com.br\/loja\/#\/schema\/logo\/image\/","url":"https:\/\/dualgree.com.br\/loja\/wp-content\/uploads\/2024\/09\/teste-logo-ecommerce-dual-1-e1725909304971.png","contentUrl":"https:\/\/dualgree.com.br\/loja\/wp-content\/uploads\/2024\/09\/teste-logo-ecommerce-dual-1-e1725909304971.png","width":470,"height":157,"caption":"Loja Dual Gree Servi\u00e7o"},"image":{"@id":"https:\/\/dualgree.com.br\/loja\/#\/schema\/logo\/image\/"}}]}},"jetpack_publicize_connections":[],"jetpack_sharing_enabled":true,"jetpack_likes_enabled":true,"_links":{"self":[{"href":"https:\/\/dualgree.com.br\/loja\/wp-json\/wp\/v2\/product\/8599","targetHints":{"allow":["GET"]}}],"collection":[{"href":"https:\/\/dualgree.com.br\/loja\/wp-json\/wp\/v2\/product"}],"about":[{"href":"https:\/\/dualgree.com.br\/loja\/wp-json\/wp\/v2\/types\/product"}],"replies":[{"embeddable":true,"href":"https:\/\/dualgree.com.br\/loja\/wp-json\/wp\/v2\/comments?post=8599"}],"wp:featuredmedia":[{"embeddable":true,"href":"https:\/\/dualgree.com.br\/loja\/wp-json\/wp\/v2\/media\/8598"}],"wp:attachment":[{"href":"https:\/\/dualgree.com.br\/loja\/wp-json\/wp\/v2\/media?parent=8599"}],"wp:term":[{"taxonomy":"product_brand","embeddable":true,"href":"https:\/\/dualgree.com.br\/loja\/wp-json\/wp\/v2\/product_brand?post=8599"},{"taxonomy":"product_cat","embeddable":true,"href":"https:\/\/dualgree.com.br\/loja\/wp-json\/wp\/v2\/product_cat?post=8599"},{"taxonomy":"product_tag","embeddable":true,"href":"https:\/\/dualgree.com.br\/loja\/wp-json\/wp\/v2\/product_tag?post=8599"}],"curies":[{"name":"wp","href":"https:\/\/api.w.org\/{rel}","templated":true}]}}