{"id":8788,"date":"2024-12-13T18:02:22","date_gmt":"2024-12-13T18:02:22","guid":{"rendered":"https:\/\/dualgree.com.br\/loja\/produto\/motor-ventilador-da-evaporadora-ar-condicionado-compativel-com-fujitsu-asba09lacm\/"},"modified":"2024-12-13T18:02:22","modified_gmt":"2024-12-13T18:02:22","slug":"motor-ventilador-da-evaporadora-ar-condicionado-compativel-com-fujitsu-asba09lacm","status":"publish","type":"product","link":"https:\/\/dualgree.com.br\/loja\/produto\/motor-ventilador-da-evaporadora-ar-condicionado-compativel-com-fujitsu-asba09lacm\/","title":{"rendered":"Motor Ventilador Da Evaporadora Ar Condicionado Compativel C..."},"content":{"rendered":"<p>IC4453-Motor Ventilador Da Evaporadora Ar Condicionado Compativel Com Fujitsu<\/p>\n<p>Novo<\/p>\n<p>\u00a0<\/p>\n<p>Etiqueta:<\/p>\n<p>MDF-34R0AN<\/p>\n<p>SIC-37CVL-F450-2<\/p>\n<p>DC340V 8P 42W<\/p>\n<p>1740r\/min<\/p>\n<p>\u00a0<\/p>\n<p>Cabos:<\/p>\n<p>Vermelho, Preto, Branco, Amarelo, Azul<\/p>\n<p>\u00a0<\/p>\n<p>Modelos compativel:<\/p>\n<p>ASBA09LACM<\/p>\n","protected":false},"excerpt":{"rendered":"<p>IC4453-Motor Ventilador Da Evaporadora Ar Condicionado Compativel Com Fujitsu Novo \u00a0 Etiqueta: MDF-34R0AN SIC-37CVL-F450-2 DC340V 8P 42W 1740r\/min \u00a0 Cabos: Vermelho, Preto, Branco, Amarelo, Azul \u00a0 Modelos compativel: ASBA09LACM<\/p>\n","protected":false},"featured_media":8786,"comment_status":"open","ping_status":"closed","template":"","meta":{"_kadence_starter_templates_imported_post":false,"_kad_post_transparent":"","_kad_post_title":"","_kad_post_layout":"","_kad_post_sidebar_id":"","_kad_post_content_style":"","_kad_post_vertical_padding":"","_kad_post_feature":"","_kad_post_feature_position":"","_kad_post_header":false,"_kad_post_footer":false,"jetpack_publicize_message":"","jetpack_publicize_feature_enabled":true,"jetpack_social_post_already_shared":false,"jetpack_social_options":{"image_generator_settings":{"template":"highway","default_image_id":0,"font":"","enabled":false},"version":2}},"product_brand":[],"product_cat":[187],"product_tag":[],"class_list":{"0":"post-8788","1":"product","2":"type-product","3":"status-publish","4":"has-post-thumbnail","6":"product_cat-fujitsu","8":"first","9":"instock","10":"shipping-taxable","11":"purchasable","12":"product-type-simple","13":"entry","14":"content-bg","15":"loop-entry"},"yoast_head":"<!-- This site is optimized with the Yoast SEO plugin v27.3 - https:\/\/yoast.com\/product\/yoast-seo-wordpress\/ -->\n<title>Motor Ventilador Da Evaporadora Ar Condicionado Compativel Com Fujitsu ASBA09LACM - Loja - Dual Gree Servi\u00e7os | Pe\u00e7as<\/title>\n<meta name=\"robots\" content=\"index, follow, max-snippet:-1, max-image-preview:large, max-video-preview:-1\" \/>\n<link rel=\"canonical\" href=\"https:\/\/dualgree.com.br\/loja\/produto\/motor-ventilador-da-evaporadora-ar-condicionado-compativel-com-fujitsu-asba09lacm\/\" \/>\n<meta property=\"og:locale\" content=\"pt_BR\" \/>\n<meta property=\"og:type\" content=\"article\" \/>\n<meta property=\"og:title\" content=\"Motor Ventilador Da Evaporadora Ar Condicionado Compativel Com Fujitsu ASBA09LACM - Loja - Dual Gree Servi\u00e7os | Pe\u00e7as\" \/>\n<meta property=\"og:description\" content=\"IC4453-Motor Ventilador Da Evaporadora Ar Condicionado Compativel Com Fujitsu Novo \u00a0 Etiqueta: MDF-34R0AN SIC-37CVL-F450-2 DC340V 8P 42W 1740r\/min \u00a0 Cabos: Vermelho, Preto, Branco, Amarelo, Azul \u00a0 Modelos compativel: ASBA09LACM\" \/>\n<meta property=\"og:url\" content=\"https:\/\/dualgree.com.br\/loja\/produto\/motor-ventilador-da-evaporadora-ar-condicionado-compativel-com-fujitsu-asba09lacm\/\" \/>\n<meta property=\"og:site_name\" content=\"Loja - Dual Gree Servi\u00e7os | Pe\u00e7as\" \/>\n<meta name=\"twitter:card\" content=\"summary_large_image\" \/>\n<script type=\"application\/ld+json\" class=\"yoast-schema-graph\">{\"@context\":\"https:\\\/\\\/schema.org\",\"@graph\":[{\"@type\":\"WebPage\",\"@id\":\"https:\\\/\\\/dualgree.com.br\\\/loja\\\/produto\\\/motor-ventilador-da-evaporadora-ar-condicionado-compativel-com-fujitsu-asba09lacm\\\/\",\"url\":\"https:\\\/\\\/dualgree.com.br\\\/loja\\\/produto\\\/motor-ventilador-da-evaporadora-ar-condicionado-compativel-com-fujitsu-asba09lacm\\\/\",\"name\":\"Motor Ventilador Da Evaporadora Ar Condicionado Compativel Com Fujitsu ASBA09LACM - Loja - Dual Gree Servi\u00e7os | Pe\u00e7as\",\"isPartOf\":{\"@id\":\"https:\\\/\\\/dualgree.com.br\\\/loja\\\/#website\"},\"primaryImageOfPage\":{\"@id\":\"https:\\\/\\\/dualgree.com.br\\\/loja\\\/produto\\\/motor-ventilador-da-evaporadora-ar-condicionado-compativel-com-fujitsu-asba09lacm\\\/#primaryimage\"},\"image\":{\"@id\":\"https:\\\/\\\/dualgree.com.br\\\/loja\\\/produto\\\/motor-ventilador-da-evaporadora-ar-condicionado-compativel-com-fujitsu-asba09lacm\\\/#primaryimage\"},\"thumbnailUrl\":\"https:\\\/\\\/dualgree.com.br\\\/loja\\\/wp-content\\\/uploads\\\/2024\\\/12\\\/15314894399-4453-motor-da-evaporadora-fujitsu-asba09lacm-1.jpeg\",\"datePublished\":\"2024-12-13T18:02:22+00:00\",\"breadcrumb\":{\"@id\":\"https:\\\/\\\/dualgree.com.br\\\/loja\\\/produto\\\/motor-ventilador-da-evaporadora-ar-condicionado-compativel-com-fujitsu-asba09lacm\\\/#breadcrumb\"},\"inLanguage\":\"pt-BR\",\"potentialAction\":[{\"@type\":\"ReadAction\",\"target\":[\"https:\\\/\\\/dualgree.com.br\\\/loja\\\/produto\\\/motor-ventilador-da-evaporadora-ar-condicionado-compativel-com-fujitsu-asba09lacm\\\/\"]}]},{\"@type\":\"ImageObject\",\"inLanguage\":\"pt-BR\",\"@id\":\"https:\\\/\\\/dualgree.com.br\\\/loja\\\/produto\\\/motor-ventilador-da-evaporadora-ar-condicionado-compativel-com-fujitsu-asba09lacm\\\/#primaryimage\",\"url\":\"https:\\\/\\\/dualgree.com.br\\\/loja\\\/wp-content\\\/uploads\\\/2024\\\/12\\\/15314894399-4453-motor-da-evaporadora-fujitsu-asba09lacm-1.jpeg\",\"contentUrl\":\"https:\\\/\\\/dualgree.com.br\\\/loja\\\/wp-content\\\/uploads\\\/2024\\\/12\\\/15314894399-4453-motor-da-evaporadora-fujitsu-asba09lacm-1.jpeg\",\"width\":1280,\"height\":1280},{\"@type\":\"BreadcrumbList\",\"@id\":\"https:\\\/\\\/dualgree.com.br\\\/loja\\\/produto\\\/motor-ventilador-da-evaporadora-ar-condicionado-compativel-com-fujitsu-asba09lacm\\\/#breadcrumb\",\"itemListElement\":[{\"@type\":\"ListItem\",\"position\":1,\"name\":\"In\u00edcio\",\"item\":\"https:\\\/\\\/dualgree.com.br\\\/loja\\\/\"},{\"@type\":\"ListItem\",\"position\":2,\"name\":\"Loja &#8211; Cat\u00e1logo de Pe\u00e7as\",\"item\":\"https:\\\/\\\/dualgree.com.br\\\/loja\\\/\"},{\"@type\":\"ListItem\",\"position\":3,\"name\":\"Motor Ventilador Da Evaporadora Ar Condicionado Compativel C...\"}]},{\"@type\":\"WebSite\",\"@id\":\"https:\\\/\\\/dualgree.com.br\\\/loja\\\/#website\",\"url\":\"https:\\\/\\\/dualgree.com.br\\\/loja\\\/\",\"name\":\"Loja - Dual Gree Servi\u00e7os | Partes e Pe\u00e7as\",\"description\":\"Catalogo de Pe\u00e7as para ar condicionado\",\"publisher\":{\"@id\":\"https:\\\/\\\/dualgree.com.br\\\/loja\\\/#organization\"},\"potentialAction\":[{\"@type\":\"SearchAction\",\"target\":{\"@type\":\"EntryPoint\",\"urlTemplate\":\"https:\\\/\\\/dualgree.com.br\\\/loja\\\/?s={search_term_string}\"},\"query-input\":{\"@type\":\"PropertyValueSpecification\",\"valueRequired\":true,\"valueName\":\"search_term_string\"}}],\"inLanguage\":\"pt-BR\"},{\"@type\":\"Organization\",\"@id\":\"https:\\\/\\\/dualgree.com.br\\\/loja\\\/#organization\",\"name\":\"Loja Dual Gree Servi\u00e7o\",\"url\":\"https:\\\/\\\/dualgree.com.br\\\/loja\\\/\",\"logo\":{\"@type\":\"ImageObject\",\"inLanguage\":\"pt-BR\",\"@id\":\"https:\\\/\\\/dualgree.com.br\\\/loja\\\/#\\\/schema\\\/logo\\\/image\\\/\",\"url\":\"https:\\\/\\\/dualgree.com.br\\\/loja\\\/wp-content\\\/uploads\\\/2024\\\/09\\\/teste-logo-ecommerce-dual-1-e1725909304971.png\",\"contentUrl\":\"https:\\\/\\\/dualgree.com.br\\\/loja\\\/wp-content\\\/uploads\\\/2024\\\/09\\\/teste-logo-ecommerce-dual-1-e1725909304971.png\",\"width\":470,\"height\":157,\"caption\":\"Loja Dual Gree Servi\u00e7o\"},\"image\":{\"@id\":\"https:\\\/\\\/dualgree.com.br\\\/loja\\\/#\\\/schema\\\/logo\\\/image\\\/\"}}]}<\/script>\n<!-- \/ Yoast SEO plugin. -->","yoast_head_json":{"title":"Motor Ventilador Da Evaporadora Ar Condicionado Compativel Com Fujitsu ASBA09LACM - Loja - Dual Gree Servi\u00e7os | Pe\u00e7as","robots":{"index":"index","follow":"follow","max-snippet":"max-snippet:-1","max-image-preview":"max-image-preview:large","max-video-preview":"max-video-preview:-1"},"canonical":"https:\/\/dualgree.com.br\/loja\/produto\/motor-ventilador-da-evaporadora-ar-condicionado-compativel-com-fujitsu-asba09lacm\/","og_locale":"pt_BR","og_type":"article","og_title":"Motor Ventilador Da Evaporadora Ar Condicionado Compativel Com Fujitsu ASBA09LACM - Loja - Dual Gree Servi\u00e7os | Pe\u00e7as","og_description":"IC4453-Motor Ventilador Da Evaporadora Ar Condicionado Compativel Com Fujitsu Novo \u00a0 Etiqueta: MDF-34R0AN SIC-37CVL-F450-2 DC340V 8P 42W 1740r\/min \u00a0 Cabos: Vermelho, Preto, Branco, Amarelo, Azul \u00a0 Modelos compativel: ASBA09LACM","og_url":"https:\/\/dualgree.com.br\/loja\/produto\/motor-ventilador-da-evaporadora-ar-condicionado-compativel-com-fujitsu-asba09lacm\/","og_site_name":"Loja - Dual Gree Servi\u00e7os | Pe\u00e7as","twitter_card":"summary_large_image","schema":{"@context":"https:\/\/schema.org","@graph":[{"@type":"WebPage","@id":"https:\/\/dualgree.com.br\/loja\/produto\/motor-ventilador-da-evaporadora-ar-condicionado-compativel-com-fujitsu-asba09lacm\/","url":"https:\/\/dualgree.com.br\/loja\/produto\/motor-ventilador-da-evaporadora-ar-condicionado-compativel-com-fujitsu-asba09lacm\/","name":"Motor Ventilador Da Evaporadora Ar Condicionado Compativel Com Fujitsu ASBA09LACM - Loja - Dual Gree Servi\u00e7os | Pe\u00e7as","isPartOf":{"@id":"https:\/\/dualgree.com.br\/loja\/#website"},"primaryImageOfPage":{"@id":"https:\/\/dualgree.com.br\/loja\/produto\/motor-ventilador-da-evaporadora-ar-condicionado-compativel-com-fujitsu-asba09lacm\/#primaryimage"},"image":{"@id":"https:\/\/dualgree.com.br\/loja\/produto\/motor-ventilador-da-evaporadora-ar-condicionado-compativel-com-fujitsu-asba09lacm\/#primaryimage"},"thumbnailUrl":"https:\/\/dualgree.com.br\/loja\/wp-content\/uploads\/2024\/12\/15314894399-4453-motor-da-evaporadora-fujitsu-asba09lacm-1.jpeg","datePublished":"2024-12-13T18:02:22+00:00","breadcrumb":{"@id":"https:\/\/dualgree.com.br\/loja\/produto\/motor-ventilador-da-evaporadora-ar-condicionado-compativel-com-fujitsu-asba09lacm\/#breadcrumb"},"inLanguage":"pt-BR","potentialAction":[{"@type":"ReadAction","target":["https:\/\/dualgree.com.br\/loja\/produto\/motor-ventilador-da-evaporadora-ar-condicionado-compativel-com-fujitsu-asba09lacm\/"]}]},{"@type":"ImageObject","inLanguage":"pt-BR","@id":"https:\/\/dualgree.com.br\/loja\/produto\/motor-ventilador-da-evaporadora-ar-condicionado-compativel-com-fujitsu-asba09lacm\/#primaryimage","url":"https:\/\/dualgree.com.br\/loja\/wp-content\/uploads\/2024\/12\/15314894399-4453-motor-da-evaporadora-fujitsu-asba09lacm-1.jpeg","contentUrl":"https:\/\/dualgree.com.br\/loja\/wp-content\/uploads\/2024\/12\/15314894399-4453-motor-da-evaporadora-fujitsu-asba09lacm-1.jpeg","width":1280,"height":1280},{"@type":"BreadcrumbList","@id":"https:\/\/dualgree.com.br\/loja\/produto\/motor-ventilador-da-evaporadora-ar-condicionado-compativel-com-fujitsu-asba09lacm\/#breadcrumb","itemListElement":[{"@type":"ListItem","position":1,"name":"In\u00edcio","item":"https:\/\/dualgree.com.br\/loja\/"},{"@type":"ListItem","position":2,"name":"Loja &#8211; Cat\u00e1logo de Pe\u00e7as","item":"https:\/\/dualgree.com.br\/loja\/"},{"@type":"ListItem","position":3,"name":"Motor Ventilador Da Evaporadora Ar Condicionado Compativel C..."}]},{"@type":"WebSite","@id":"https:\/\/dualgree.com.br\/loja\/#website","url":"https:\/\/dualgree.com.br\/loja\/","name":"Loja - Dual Gree Servi\u00e7os | Partes e Pe\u00e7as","description":"Catalogo de Pe\u00e7as para ar condicionado","publisher":{"@id":"https:\/\/dualgree.com.br\/loja\/#organization"},"potentialAction":[{"@type":"SearchAction","target":{"@type":"EntryPoint","urlTemplate":"https:\/\/dualgree.com.br\/loja\/?s={search_term_string}"},"query-input":{"@type":"PropertyValueSpecification","valueRequired":true,"valueName":"search_term_string"}}],"inLanguage":"pt-BR"},{"@type":"Organization","@id":"https:\/\/dualgree.com.br\/loja\/#organization","name":"Loja Dual Gree Servi\u00e7o","url":"https:\/\/dualgree.com.br\/loja\/","logo":{"@type":"ImageObject","inLanguage":"pt-BR","@id":"https:\/\/dualgree.com.br\/loja\/#\/schema\/logo\/image\/","url":"https:\/\/dualgree.com.br\/loja\/wp-content\/uploads\/2024\/09\/teste-logo-ecommerce-dual-1-e1725909304971.png","contentUrl":"https:\/\/dualgree.com.br\/loja\/wp-content\/uploads\/2024\/09\/teste-logo-ecommerce-dual-1-e1725909304971.png","width":470,"height":157,"caption":"Loja Dual Gree Servi\u00e7o"},"image":{"@id":"https:\/\/dualgree.com.br\/loja\/#\/schema\/logo\/image\/"}}]}},"jetpack_publicize_connections":[],"jetpack_sharing_enabled":true,"jetpack_likes_enabled":true,"_links":{"self":[{"href":"https:\/\/dualgree.com.br\/loja\/wp-json\/wp\/v2\/product\/8788","targetHints":{"allow":["GET"]}}],"collection":[{"href":"https:\/\/dualgree.com.br\/loja\/wp-json\/wp\/v2\/product"}],"about":[{"href":"https:\/\/dualgree.com.br\/loja\/wp-json\/wp\/v2\/types\/product"}],"replies":[{"embeddable":true,"href":"https:\/\/dualgree.com.br\/loja\/wp-json\/wp\/v2\/comments?post=8788"}],"wp:featuredmedia":[{"embeddable":true,"href":"https:\/\/dualgree.com.br\/loja\/wp-json\/wp\/v2\/media\/8786"}],"wp:attachment":[{"href":"https:\/\/dualgree.com.br\/loja\/wp-json\/wp\/v2\/media?parent=8788"}],"wp:term":[{"taxonomy":"product_brand","embeddable":true,"href":"https:\/\/dualgree.com.br\/loja\/wp-json\/wp\/v2\/product_brand?post=8788"},{"taxonomy":"product_cat","embeddable":true,"href":"https:\/\/dualgree.com.br\/loja\/wp-json\/wp\/v2\/product_cat?post=8788"},{"taxonomy":"product_tag","embeddable":true,"href":"https:\/\/dualgree.com.br\/loja\/wp-json\/wp\/v2\/product_tag?post=8788"}],"curies":[{"name":"wp","href":"https:\/\/api.w.org\/{rel}","templated":true}]}}