{"id":8806,"date":"2024-12-19T20:03:05","date_gmt":"2024-12-19T20:03:05","guid":{"rendered":"https:\/\/dualgree.com.br\/loja\/produto\/motor-ventilador-da-evaporadora-ar-condicionado-split-compativel-com-electrolux-rpg13b\/"},"modified":"2025-02-17T20:04:10","modified_gmt":"2025-02-17T20:04:10","slug":"motor-ventilador-da-evaporadora-ar-condicionado-split-compativel-com-electrolux-rpg13b","status":"publish","type":"product","link":"https:\/\/dualgree.com.br\/loja\/produto\/motor-ventilador-da-evaporadora-ar-condicionado-split-compativel-com-electrolux-rpg13b\/","title":{"rendered":"Motor Ventilador Da Evaporadora Ar Condicionado Split Compat..."},"content":{"rendered":"<p>\u00a0<\/p>\n<p>IC4492-Motor Ventilador Da Evaporadora Ar Condicionado Split Compativel Com Electrolux<\/p>\n<p>Novo, N\u00e3o compre errado, caso seu modelo n\u00e3o estiver na lista pergunte ao vendedor&#8230;1!!!<\/p>\n<p>\u00a0<\/p>\n<p>Etiqueta:<\/p>\n<p>RPG13B = ( RPG15B-2 )<\/p>\n<p>220-240V~ 60Hz<\/p>\n<p>13W 4 P<\/p>\n<p>0.152A E CL<\/p>\n<p>LRA 0.182A<\/p>\n<p>GUANGDONG WELLING MOTOR<\/p>\n<p>\u00a0<\/p>\n<p>Modelos compativeis:<\/p>\n<p>Electrolux:<\/p>\n<p>DI09f<\/p>\n<p>DI09R<\/p>\n<p>Di07f<\/p>\n<p>Di07R<\/p>\n<p>Pi09f<\/p>\n<p>Pi09R<\/p>\n<p>\u00a0<\/p>\n<p>Comfee:<\/p>\n<p>42MMCC09f5<\/p>\n<p>\u00a0<\/p>\n<p>Midea:<\/p>\n<p>MSE-09CR<\/p>\n<p>MSE09HR<\/p>\n<p>MSE-09CR<\/p>\n<p>MSE1-09HR<\/p>\n<p>MSS-07CR<\/p>\n<p>MSS-07HR<\/p>\n<p>MSS-09CR<\/p>\n<p>MSS-09HR<\/p>\n<p>\u00a0<\/p>\n<p>Komeco:<\/p>\n<p>KOS09FC<\/p>\n<p>KOS09QC<\/p>\n","protected":false},"excerpt":{"rendered":"<p>\u00a0 IC4492-Motor Ventilador Da Evaporadora Ar Condicionado Split Compativel Com Electrolux Novo, N\u00e3o compre errado, caso seu modelo n\u00e3o estiver na lista pergunte ao vendedor&#8230;1!!! \u00a0 Etiqueta: RPG13B = ( RPG15B-2 ) 220-240V~ 60Hz 13W 4 P 0.152A E CL LRA 0.182A GUANGDONG WELLING MOTOR \u00a0 Modelos compativeis: Electrolux: DI09f DI09R Di07f Di07R Pi09f Pi09R&#8230;<\/p>\n","protected":false},"featured_media":8804,"comment_status":"open","ping_status":"closed","template":"","meta":{"_kadence_starter_templates_imported_post":false,"_kad_post_transparent":"","_kad_post_title":"","_kad_post_layout":"","_kad_post_sidebar_id":"","_kad_post_content_style":"","_kad_post_vertical_padding":"","_kad_post_feature":"","_kad_post_feature_position":"","_kad_post_header":false,"_kad_post_footer":false,"jetpack_publicize_message":"","jetpack_publicize_feature_enabled":true,"jetpack_social_post_already_shared":false,"jetpack_social_options":{"image_generator_settings":{"template":"highway","default_image_id":0,"font":"","enabled":false},"version":2}},"product_brand":[],"product_cat":[178,181,202,176],"product_tag":[],"class_list":{"0":"post-8806","1":"product","2":"type-product","3":"status-publish","4":"has-post-thumbnail","6":"product_cat-comfee","7":"product_cat-electrolux","8":"product_cat-komeco","9":"product_cat-midea","11":"first","12":"outofstock","13":"shipping-taxable","14":"purchasable","15":"product-type-simple","16":"entry","17":"content-bg","18":"loop-entry"},"yoast_head":"<!-- This site is optimized with the Yoast SEO plugin v27.3 - https:\/\/yoast.com\/product\/yoast-seo-wordpress\/ -->\n<title>Motor Ventilador Da Evaporadora Ar Condicionado Split Compativel Com Electrolux RPG13B - Loja - Dual Gree Servi\u00e7os | Pe\u00e7as<\/title>\n<meta name=\"robots\" content=\"index, follow, max-snippet:-1, max-image-preview:large, max-video-preview:-1\" \/>\n<link rel=\"canonical\" href=\"https:\/\/dualgree.com.br\/loja\/produto\/motor-ventilador-da-evaporadora-ar-condicionado-split-compativel-com-electrolux-rpg13b\/\" \/>\n<meta property=\"og:locale\" content=\"pt_BR\" \/>\n<meta property=\"og:type\" content=\"article\" \/>\n<meta property=\"og:title\" content=\"Motor Ventilador Da Evaporadora Ar Condicionado Split Compativel Com Electrolux RPG13B - Loja - Dual Gree Servi\u00e7os | Pe\u00e7as\" \/>\n<meta property=\"og:description\" content=\"\u00a0 IC4492-Motor Ventilador Da Evaporadora Ar Condicionado Split Compativel Com Electrolux Novo, N\u00e3o compre errado, caso seu modelo n\u00e3o estiver na lista pergunte ao vendedor&#8230;1!!! \u00a0 Etiqueta: RPG13B = ( RPG15B-2 ) 220-240V~ 60Hz 13W 4 P 0.152A E CL LRA 0.182A GUANGDONG WELLING MOTOR \u00a0 Modelos compativeis: Electrolux: DI09f DI09R Di07f Di07R Pi09f Pi09R...\" \/>\n<meta property=\"og:url\" content=\"https:\/\/dualgree.com.br\/loja\/produto\/motor-ventilador-da-evaporadora-ar-condicionado-split-compativel-com-electrolux-rpg13b\/\" \/>\n<meta property=\"og:site_name\" content=\"Loja - Dual Gree Servi\u00e7os | Pe\u00e7as\" \/>\n<meta property=\"article:modified_time\" content=\"2025-02-17T20:04:10+00:00\" \/>\n<meta name=\"twitter:card\" content=\"summary_large_image\" \/>\n<script type=\"application\/ld+json\" class=\"yoast-schema-graph\">{\"@context\":\"https:\\\/\\\/schema.org\",\"@graph\":[{\"@type\":\"WebPage\",\"@id\":\"https:\\\/\\\/dualgree.com.br\\\/loja\\\/produto\\\/motor-ventilador-da-evaporadora-ar-condicionado-split-compativel-com-electrolux-rpg13b\\\/\",\"url\":\"https:\\\/\\\/dualgree.com.br\\\/loja\\\/produto\\\/motor-ventilador-da-evaporadora-ar-condicionado-split-compativel-com-electrolux-rpg13b\\\/\",\"name\":\"Motor Ventilador Da Evaporadora Ar Condicionado Split Compativel Com Electrolux RPG13B - Loja - Dual Gree Servi\u00e7os | Pe\u00e7as\",\"isPartOf\":{\"@id\":\"https:\\\/\\\/dualgree.com.br\\\/loja\\\/#website\"},\"primaryImageOfPage\":{\"@id\":\"https:\\\/\\\/dualgree.com.br\\\/loja\\\/produto\\\/motor-ventilador-da-evaporadora-ar-condicionado-split-compativel-com-electrolux-rpg13b\\\/#primaryimage\"},\"image\":{\"@id\":\"https:\\\/\\\/dualgree.com.br\\\/loja\\\/produto\\\/motor-ventilador-da-evaporadora-ar-condicionado-split-compativel-com-electrolux-rpg13b\\\/#primaryimage\"},\"thumbnailUrl\":\"https:\\\/\\\/dualgree.com.br\\\/loja\\\/wp-content\\\/uploads\\\/2024\\\/12\\\/15315913154-4492-motor-ventilador-evaporador-rpg13b-2.jpeg\",\"datePublished\":\"2024-12-19T20:03:05+00:00\",\"dateModified\":\"2025-02-17T20:04:10+00:00\",\"breadcrumb\":{\"@id\":\"https:\\\/\\\/dualgree.com.br\\\/loja\\\/produto\\\/motor-ventilador-da-evaporadora-ar-condicionado-split-compativel-com-electrolux-rpg13b\\\/#breadcrumb\"},\"inLanguage\":\"pt-BR\",\"potentialAction\":[{\"@type\":\"ReadAction\",\"target\":[\"https:\\\/\\\/dualgree.com.br\\\/loja\\\/produto\\\/motor-ventilador-da-evaporadora-ar-condicionado-split-compativel-com-electrolux-rpg13b\\\/\"]}]},{\"@type\":\"ImageObject\",\"inLanguage\":\"pt-BR\",\"@id\":\"https:\\\/\\\/dualgree.com.br\\\/loja\\\/produto\\\/motor-ventilador-da-evaporadora-ar-condicionado-split-compativel-com-electrolux-rpg13b\\\/#primaryimage\",\"url\":\"https:\\\/\\\/dualgree.com.br\\\/loja\\\/wp-content\\\/uploads\\\/2024\\\/12\\\/15315913154-4492-motor-ventilador-evaporador-rpg13b-2.jpeg\",\"contentUrl\":\"https:\\\/\\\/dualgree.com.br\\\/loja\\\/wp-content\\\/uploads\\\/2024\\\/12\\\/15315913154-4492-motor-ventilador-evaporador-rpg13b-2.jpeg\",\"width\":1280,\"height\":1280},{\"@type\":\"BreadcrumbList\",\"@id\":\"https:\\\/\\\/dualgree.com.br\\\/loja\\\/produto\\\/motor-ventilador-da-evaporadora-ar-condicionado-split-compativel-com-electrolux-rpg13b\\\/#breadcrumb\",\"itemListElement\":[{\"@type\":\"ListItem\",\"position\":1,\"name\":\"In\u00edcio\",\"item\":\"https:\\\/\\\/dualgree.com.br\\\/loja\\\/\"},{\"@type\":\"ListItem\",\"position\":2,\"name\":\"Loja &#8211; Cat\u00e1logo de Pe\u00e7as\",\"item\":\"https:\\\/\\\/dualgree.com.br\\\/loja\\\/\"},{\"@type\":\"ListItem\",\"position\":3,\"name\":\"Motor Ventilador Da Evaporadora Ar Condicionado Split Compat...\"}]},{\"@type\":\"WebSite\",\"@id\":\"https:\\\/\\\/dualgree.com.br\\\/loja\\\/#website\",\"url\":\"https:\\\/\\\/dualgree.com.br\\\/loja\\\/\",\"name\":\"Loja - Dual Gree Servi\u00e7os | Partes e Pe\u00e7as\",\"description\":\"Catalogo de Pe\u00e7as para ar condicionado\",\"publisher\":{\"@id\":\"https:\\\/\\\/dualgree.com.br\\\/loja\\\/#organization\"},\"potentialAction\":[{\"@type\":\"SearchAction\",\"target\":{\"@type\":\"EntryPoint\",\"urlTemplate\":\"https:\\\/\\\/dualgree.com.br\\\/loja\\\/?s={search_term_string}\"},\"query-input\":{\"@type\":\"PropertyValueSpecification\",\"valueRequired\":true,\"valueName\":\"search_term_string\"}}],\"inLanguage\":\"pt-BR\"},{\"@type\":\"Organization\",\"@id\":\"https:\\\/\\\/dualgree.com.br\\\/loja\\\/#organization\",\"name\":\"Loja Dual Gree Servi\u00e7o\",\"url\":\"https:\\\/\\\/dualgree.com.br\\\/loja\\\/\",\"logo\":{\"@type\":\"ImageObject\",\"inLanguage\":\"pt-BR\",\"@id\":\"https:\\\/\\\/dualgree.com.br\\\/loja\\\/#\\\/schema\\\/logo\\\/image\\\/\",\"url\":\"https:\\\/\\\/dualgree.com.br\\\/loja\\\/wp-content\\\/uploads\\\/2024\\\/09\\\/teste-logo-ecommerce-dual-1-e1725909304971.png\",\"contentUrl\":\"https:\\\/\\\/dualgree.com.br\\\/loja\\\/wp-content\\\/uploads\\\/2024\\\/09\\\/teste-logo-ecommerce-dual-1-e1725909304971.png\",\"width\":470,\"height\":157,\"caption\":\"Loja Dual Gree Servi\u00e7o\"},\"image\":{\"@id\":\"https:\\\/\\\/dualgree.com.br\\\/loja\\\/#\\\/schema\\\/logo\\\/image\\\/\"}}]}<\/script>\n<!-- \/ Yoast SEO plugin. -->","yoast_head_json":{"title":"Motor Ventilador Da Evaporadora Ar Condicionado Split Compativel Com Electrolux RPG13B - Loja - Dual Gree Servi\u00e7os | Pe\u00e7as","robots":{"index":"index","follow":"follow","max-snippet":"max-snippet:-1","max-image-preview":"max-image-preview:large","max-video-preview":"max-video-preview:-1"},"canonical":"https:\/\/dualgree.com.br\/loja\/produto\/motor-ventilador-da-evaporadora-ar-condicionado-split-compativel-com-electrolux-rpg13b\/","og_locale":"pt_BR","og_type":"article","og_title":"Motor Ventilador Da Evaporadora Ar Condicionado Split Compativel Com Electrolux RPG13B - Loja - Dual Gree Servi\u00e7os | Pe\u00e7as","og_description":"\u00a0 IC4492-Motor Ventilador Da Evaporadora Ar Condicionado Split Compativel Com Electrolux Novo, N\u00e3o compre errado, caso seu modelo n\u00e3o estiver na lista pergunte ao vendedor&#8230;1!!! \u00a0 Etiqueta: RPG13B = ( RPG15B-2 ) 220-240V~ 60Hz 13W 4 P 0.152A E CL LRA 0.182A GUANGDONG WELLING MOTOR \u00a0 Modelos compativeis: Electrolux: DI09f DI09R Di07f Di07R Pi09f Pi09R...","og_url":"https:\/\/dualgree.com.br\/loja\/produto\/motor-ventilador-da-evaporadora-ar-condicionado-split-compativel-com-electrolux-rpg13b\/","og_site_name":"Loja - Dual Gree Servi\u00e7os | Pe\u00e7as","article_modified_time":"2025-02-17T20:04:10+00:00","twitter_card":"summary_large_image","schema":{"@context":"https:\/\/schema.org","@graph":[{"@type":"WebPage","@id":"https:\/\/dualgree.com.br\/loja\/produto\/motor-ventilador-da-evaporadora-ar-condicionado-split-compativel-com-electrolux-rpg13b\/","url":"https:\/\/dualgree.com.br\/loja\/produto\/motor-ventilador-da-evaporadora-ar-condicionado-split-compativel-com-electrolux-rpg13b\/","name":"Motor Ventilador Da Evaporadora Ar Condicionado Split Compativel Com Electrolux RPG13B - Loja - Dual Gree Servi\u00e7os | Pe\u00e7as","isPartOf":{"@id":"https:\/\/dualgree.com.br\/loja\/#website"},"primaryImageOfPage":{"@id":"https:\/\/dualgree.com.br\/loja\/produto\/motor-ventilador-da-evaporadora-ar-condicionado-split-compativel-com-electrolux-rpg13b\/#primaryimage"},"image":{"@id":"https:\/\/dualgree.com.br\/loja\/produto\/motor-ventilador-da-evaporadora-ar-condicionado-split-compativel-com-electrolux-rpg13b\/#primaryimage"},"thumbnailUrl":"https:\/\/dualgree.com.br\/loja\/wp-content\/uploads\/2024\/12\/15315913154-4492-motor-ventilador-evaporador-rpg13b-2.jpeg","datePublished":"2024-12-19T20:03:05+00:00","dateModified":"2025-02-17T20:04:10+00:00","breadcrumb":{"@id":"https:\/\/dualgree.com.br\/loja\/produto\/motor-ventilador-da-evaporadora-ar-condicionado-split-compativel-com-electrolux-rpg13b\/#breadcrumb"},"inLanguage":"pt-BR","potentialAction":[{"@type":"ReadAction","target":["https:\/\/dualgree.com.br\/loja\/produto\/motor-ventilador-da-evaporadora-ar-condicionado-split-compativel-com-electrolux-rpg13b\/"]}]},{"@type":"ImageObject","inLanguage":"pt-BR","@id":"https:\/\/dualgree.com.br\/loja\/produto\/motor-ventilador-da-evaporadora-ar-condicionado-split-compativel-com-electrolux-rpg13b\/#primaryimage","url":"https:\/\/dualgree.com.br\/loja\/wp-content\/uploads\/2024\/12\/15315913154-4492-motor-ventilador-evaporador-rpg13b-2.jpeg","contentUrl":"https:\/\/dualgree.com.br\/loja\/wp-content\/uploads\/2024\/12\/15315913154-4492-motor-ventilador-evaporador-rpg13b-2.jpeg","width":1280,"height":1280},{"@type":"BreadcrumbList","@id":"https:\/\/dualgree.com.br\/loja\/produto\/motor-ventilador-da-evaporadora-ar-condicionado-split-compativel-com-electrolux-rpg13b\/#breadcrumb","itemListElement":[{"@type":"ListItem","position":1,"name":"In\u00edcio","item":"https:\/\/dualgree.com.br\/loja\/"},{"@type":"ListItem","position":2,"name":"Loja &#8211; Cat\u00e1logo de Pe\u00e7as","item":"https:\/\/dualgree.com.br\/loja\/"},{"@type":"ListItem","position":3,"name":"Motor Ventilador Da Evaporadora Ar Condicionado Split Compat..."}]},{"@type":"WebSite","@id":"https:\/\/dualgree.com.br\/loja\/#website","url":"https:\/\/dualgree.com.br\/loja\/","name":"Loja - Dual Gree Servi\u00e7os | Partes e Pe\u00e7as","description":"Catalogo de Pe\u00e7as para ar condicionado","publisher":{"@id":"https:\/\/dualgree.com.br\/loja\/#organization"},"potentialAction":[{"@type":"SearchAction","target":{"@type":"EntryPoint","urlTemplate":"https:\/\/dualgree.com.br\/loja\/?s={search_term_string}"},"query-input":{"@type":"PropertyValueSpecification","valueRequired":true,"valueName":"search_term_string"}}],"inLanguage":"pt-BR"},{"@type":"Organization","@id":"https:\/\/dualgree.com.br\/loja\/#organization","name":"Loja Dual Gree Servi\u00e7o","url":"https:\/\/dualgree.com.br\/loja\/","logo":{"@type":"ImageObject","inLanguage":"pt-BR","@id":"https:\/\/dualgree.com.br\/loja\/#\/schema\/logo\/image\/","url":"https:\/\/dualgree.com.br\/loja\/wp-content\/uploads\/2024\/09\/teste-logo-ecommerce-dual-1-e1725909304971.png","contentUrl":"https:\/\/dualgree.com.br\/loja\/wp-content\/uploads\/2024\/09\/teste-logo-ecommerce-dual-1-e1725909304971.png","width":470,"height":157,"caption":"Loja Dual Gree Servi\u00e7o"},"image":{"@id":"https:\/\/dualgree.com.br\/loja\/#\/schema\/logo\/image\/"}}]}},"jetpack_publicize_connections":[],"jetpack_sharing_enabled":true,"jetpack_likes_enabled":true,"_links":{"self":[{"href":"https:\/\/dualgree.com.br\/loja\/wp-json\/wp\/v2\/product\/8806","targetHints":{"allow":["GET"]}}],"collection":[{"href":"https:\/\/dualgree.com.br\/loja\/wp-json\/wp\/v2\/product"}],"about":[{"href":"https:\/\/dualgree.com.br\/loja\/wp-json\/wp\/v2\/types\/product"}],"replies":[{"embeddable":true,"href":"https:\/\/dualgree.com.br\/loja\/wp-json\/wp\/v2\/comments?post=8806"}],"wp:featuredmedia":[{"embeddable":true,"href":"https:\/\/dualgree.com.br\/loja\/wp-json\/wp\/v2\/media\/8804"}],"wp:attachment":[{"href":"https:\/\/dualgree.com.br\/loja\/wp-json\/wp\/v2\/media?parent=8806"}],"wp:term":[{"taxonomy":"product_brand","embeddable":true,"href":"https:\/\/dualgree.com.br\/loja\/wp-json\/wp\/v2\/product_brand?post=8806"},{"taxonomy":"product_cat","embeddable":true,"href":"https:\/\/dualgree.com.br\/loja\/wp-json\/wp\/v2\/product_cat?post=8806"},{"taxonomy":"product_tag","embeddable":true,"href":"https:\/\/dualgree.com.br\/loja\/wp-json\/wp\/v2\/product_tag?post=8806"}],"curies":[{"name":"wp","href":"https:\/\/api.w.org\/{rel}","templated":true}]}}