{"id":8913,"date":"2025-02-01T18:41:45","date_gmt":"2025-02-01T18:41:45","guid":{"rendered":"https:\/\/dualgree.com.br\/loja\/produto\/rotor-helice-turbina-evaporadora-lg-inverter-9-000-usnq092wsg3\/"},"modified":"2025-07-24T18:38:18","modified_gmt":"2025-07-24T18:38:18","slug":"rotor-helice-turbina-evaporadora-lg-inverter-9-000-usnq092wsg3","status":"publish","type":"product","link":"https:\/\/dualgree.com.br\/loja\/produto\/rotor-helice-turbina-evaporadora-lg-inverter-9-000-usnq092wsg3\/","title":{"rendered":"Rotor Helice Turbina Evaporadora LG Inverter 9.000 USNQ092WS..."},"content":{"rendered":"<p>IC486 &#8211; Turbina h\u00e9lice evaporadora ar condicionado LG inverter 9.000 btus.<\/p>\n<p>\u00a0<\/p>\n<p>Recondicionada : Turbina possui pequena quebras que n\u00e3o faz barulho ou dificulta o funcionamento da ventila\u00e7\u00e3o.\u00a0<\/p>\n<p>\u00a0<\/p>\n<p>Veja todas as fotos.<\/p>\n<p>\u00a0<br \/>Dimens\u00f5es:L=95 x C=564mm.<\/p>\n<p>serve na dual inverter 9kbuts.<br \/>S4NQ09WA5WB.<br \/>USNQ09.<br \/>USNW09.<br \/>LG S4NQ09.<br \/>AMNW07GEWA0 Multi.<br \/>ASNQ092WSA0 Inverter.<br \/>ASNQ092WSA0 Inverter.<br \/>ASNW092WSA0 Inverter.<br \/>ASNW092WSA0 Inverter.<br \/>MS07SQ.NW0.<br \/>TSNH072W4A0 split.<br \/>USNC072W4W0 Split.<br \/>USNQ092WSG3 Inverter.<br \/>USNQ092WSZ2 Inverter.<br \/>USNW092WSG3 Inverter.<br \/>USNW092WSZ2 Inverter.<br \/>USNW092WSZ2 Inverter.<br \/>Tsnc09w4w0.<br \/>Respondemos sua duvida ..!.<\/p>\n","protected":false},"excerpt":{"rendered":"<p>IC486 &#8211; Turbina h\u00e9lice evaporadora ar condicionado LG inverter 9.000 btus. \u00a0 Recondicionada : Turbina possui pequena quebras que n\u00e3o faz barulho ou dificulta o funcionamento da ventila\u00e7\u00e3o.\u00a0 \u00a0 Veja todas as fotos. \u00a0Dimens\u00f5es:L=95 x C=564mm. serve na dual inverter 9kbuts.S4NQ09WA5WB.USNQ09.USNW09.LG S4NQ09.AMNW07GEWA0 Multi.ASNQ092WSA0 Inverter.ASNQ092WSA0 Inverter.ASNW092WSA0 Inverter.ASNW092WSA0 Inverter.MS07SQ.NW0.TSNH072W4A0 split.USNC072W4W0 Split.USNQ092WSG3 Inverter.USNQ092WSZ2 Inverter.USNW092WSG3 Inverter.USNW092WSZ2 Inverter.USNW092WSZ2 Inverter.Tsnc09w4w0.Respondemos sua&#8230;<\/p>\n","protected":false},"featured_media":8909,"comment_status":"open","ping_status":"closed","template":"","meta":{"_kadence_starter_templates_imported_post":false,"_kad_post_transparent":"","_kad_post_title":"","_kad_post_layout":"","_kad_post_sidebar_id":"","_kad_post_content_style":"","_kad_post_vertical_padding":"","_kad_post_feature":"","_kad_post_feature_position":"","_kad_post_header":false,"_kad_post_footer":false,"jetpack_publicize_message":"","jetpack_publicize_feature_enabled":true,"jetpack_social_post_already_shared":false,"jetpack_social_options":{"image_generator_settings":{"template":"highway","default_image_id":0,"font":"","enabled":false},"version":2}},"product_brand":[],"product_cat":[182,219],"product_tag":[],"class_list":{"0":"post-8913","1":"product","2":"type-product","3":"status-publish","4":"has-post-thumbnail","6":"product_cat-lg","7":"product_cat-turbina-de-ventilacao-split","9":"first","10":"outofstock","11":"shipping-taxable","12":"purchasable","13":"product-type-simple","14":"entry","15":"content-bg","16":"loop-entry"},"yoast_head":"<!-- This site is optimized with the Yoast SEO plugin v27.5 - https:\/\/yoast.com\/product\/yoast-seo-wordpress\/ -->\n<title>Rotor Helice Turbina Evaporadora LG Inverter 9.000 USNQ092WSG3 - Loja - Dual Gree Servi\u00e7os | Pe\u00e7as<\/title>\n<meta name=\"robots\" content=\"index, follow, max-snippet:-1, max-image-preview:large, max-video-preview:-1\" \/>\n<link rel=\"canonical\" href=\"https:\/\/dualgree.com.br\/loja\/produto\/rotor-helice-turbina-evaporadora-lg-inverter-9-000-usnq092wsg3\/\" \/>\n<meta property=\"og:locale\" content=\"pt_BR\" \/>\n<meta property=\"og:type\" content=\"article\" \/>\n<meta property=\"og:title\" content=\"Rotor Helice Turbina Evaporadora LG Inverter 9.000 USNQ092WSG3 - Loja - Dual Gree Servi\u00e7os | Pe\u00e7as\" \/>\n<meta property=\"og:description\" content=\"IC486 &#8211; Turbina h\u00e9lice evaporadora ar condicionado LG inverter 9.000 btus. \u00a0 Recondicionada : Turbina possui pequena quebras que n\u00e3o faz barulho ou dificulta o funcionamento da ventila\u00e7\u00e3o.\u00a0 \u00a0 Veja todas as fotos. \u00a0Dimens\u00f5es:L=95 x C=564mm. serve na dual inverter 9kbuts.S4NQ09WA5WB.USNQ09.USNW09.LG S4NQ09.AMNW07GEWA0 Multi.ASNQ092WSA0 Inverter.ASNQ092WSA0 Inverter.ASNW092WSA0 Inverter.ASNW092WSA0 Inverter.MS07SQ.NW0.TSNH072W4A0 split.USNC072W4W0 Split.USNQ092WSG3 Inverter.USNQ092WSZ2 Inverter.USNW092WSG3 Inverter.USNW092WSZ2 Inverter.USNW092WSZ2 Inverter.Tsnc09w4w0.Respondemos sua...\" \/>\n<meta property=\"og:url\" content=\"https:\/\/dualgree.com.br\/loja\/produto\/rotor-helice-turbina-evaporadora-lg-inverter-9-000-usnq092wsg3\/\" \/>\n<meta property=\"og:site_name\" content=\"Loja - Dual Gree Servi\u00e7os | Pe\u00e7as\" \/>\n<meta property=\"article:modified_time\" content=\"2025-07-24T18:38:18+00:00\" \/>\n<meta name=\"twitter:card\" content=\"summary_large_image\" \/>\n<script type=\"application\/ld+json\" class=\"yoast-schema-graph\">{\"@context\":\"https:\\\/\\\/schema.org\",\"@graph\":[{\"@type\":\"WebPage\",\"@id\":\"https:\\\/\\\/dualgree.com.br\\\/loja\\\/produto\\\/rotor-helice-turbina-evaporadora-lg-inverter-9-000-usnq092wsg3\\\/\",\"url\":\"https:\\\/\\\/dualgree.com.br\\\/loja\\\/produto\\\/rotor-helice-turbina-evaporadora-lg-inverter-9-000-usnq092wsg3\\\/\",\"name\":\"Rotor Helice Turbina Evaporadora LG Inverter 9.000 USNQ092WSG3 - Loja - Dual Gree Servi\u00e7os | Pe\u00e7as\",\"isPartOf\":{\"@id\":\"https:\\\/\\\/dualgree.com.br\\\/loja\\\/#website\"},\"primaryImageOfPage\":{\"@id\":\"https:\\\/\\\/dualgree.com.br\\\/loja\\\/produto\\\/rotor-helice-turbina-evaporadora-lg-inverter-9-000-usnq092wsg3\\\/#primaryimage\"},\"image\":{\"@id\":\"https:\\\/\\\/dualgree.com.br\\\/loja\\\/produto\\\/rotor-helice-turbina-evaporadora-lg-inverter-9-000-usnq092wsg3\\\/#primaryimage\"},\"thumbnailUrl\":\"https:\\\/\\\/dualgree.com.br\\\/loja\\\/wp-content\\\/uploads\\\/2025\\\/02\\\/15323334439-ic486-turbina-helice-evaporadora-ar-condicionado-lg-inverter-9-000-btus-2.jpg\",\"datePublished\":\"2025-02-01T18:41:45+00:00\",\"dateModified\":\"2025-07-24T18:38:18+00:00\",\"breadcrumb\":{\"@id\":\"https:\\\/\\\/dualgree.com.br\\\/loja\\\/produto\\\/rotor-helice-turbina-evaporadora-lg-inverter-9-000-usnq092wsg3\\\/#breadcrumb\"},\"inLanguage\":\"pt-BR\",\"potentialAction\":[{\"@type\":\"ReadAction\",\"target\":[\"https:\\\/\\\/dualgree.com.br\\\/loja\\\/produto\\\/rotor-helice-turbina-evaporadora-lg-inverter-9-000-usnq092wsg3\\\/\"]}]},{\"@type\":\"ImageObject\",\"inLanguage\":\"pt-BR\",\"@id\":\"https:\\\/\\\/dualgree.com.br\\\/loja\\\/produto\\\/rotor-helice-turbina-evaporadora-lg-inverter-9-000-usnq092wsg3\\\/#primaryimage\",\"url\":\"https:\\\/\\\/dualgree.com.br\\\/loja\\\/wp-content\\\/uploads\\\/2025\\\/02\\\/15323334439-ic486-turbina-helice-evaporadora-ar-condicionado-lg-inverter-9-000-btus-2.jpg\",\"contentUrl\":\"https:\\\/\\\/dualgree.com.br\\\/loja\\\/wp-content\\\/uploads\\\/2025\\\/02\\\/15323334439-ic486-turbina-helice-evaporadora-ar-condicionado-lg-inverter-9-000-btus-2.jpg\",\"width\":1280,\"height\":1280},{\"@type\":\"BreadcrumbList\",\"@id\":\"https:\\\/\\\/dualgree.com.br\\\/loja\\\/produto\\\/rotor-helice-turbina-evaporadora-lg-inverter-9-000-usnq092wsg3\\\/#breadcrumb\",\"itemListElement\":[{\"@type\":\"ListItem\",\"position\":1,\"name\":\"In\u00edcio\",\"item\":\"https:\\\/\\\/dualgree.com.br\\\/loja\\\/\"},{\"@type\":\"ListItem\",\"position\":2,\"name\":\"Loja &#8211; Cat\u00e1logo de Pe\u00e7as\",\"item\":\"https:\\\/\\\/dualgree.com.br\\\/loja\\\/\"},{\"@type\":\"ListItem\",\"position\":3,\"name\":\"Rotor Helice Turbina Evaporadora LG Inverter 9.000 USNQ092WS...\"}]},{\"@type\":\"WebSite\",\"@id\":\"https:\\\/\\\/dualgree.com.br\\\/loja\\\/#website\",\"url\":\"https:\\\/\\\/dualgree.com.br\\\/loja\\\/\",\"name\":\"Loja - Dual Gree Servi\u00e7os | Partes e Pe\u00e7as\",\"description\":\"Catalogo de Pe\u00e7as para ar condicionado\",\"publisher\":{\"@id\":\"https:\\\/\\\/dualgree.com.br\\\/loja\\\/#organization\"},\"potentialAction\":[{\"@type\":\"SearchAction\",\"target\":{\"@type\":\"EntryPoint\",\"urlTemplate\":\"https:\\\/\\\/dualgree.com.br\\\/loja\\\/?s={search_term_string}\"},\"query-input\":{\"@type\":\"PropertyValueSpecification\",\"valueRequired\":true,\"valueName\":\"search_term_string\"}}],\"inLanguage\":\"pt-BR\"},{\"@type\":\"Organization\",\"@id\":\"https:\\\/\\\/dualgree.com.br\\\/loja\\\/#organization\",\"name\":\"Loja Dual Gree Servi\u00e7o\",\"url\":\"https:\\\/\\\/dualgree.com.br\\\/loja\\\/\",\"logo\":{\"@type\":\"ImageObject\",\"inLanguage\":\"pt-BR\",\"@id\":\"https:\\\/\\\/dualgree.com.br\\\/loja\\\/#\\\/schema\\\/logo\\\/image\\\/\",\"url\":\"https:\\\/\\\/dualgree.com.br\\\/loja\\\/wp-content\\\/uploads\\\/2024\\\/09\\\/teste-logo-ecommerce-dual-1-e1725909304971.png\",\"contentUrl\":\"https:\\\/\\\/dualgree.com.br\\\/loja\\\/wp-content\\\/uploads\\\/2024\\\/09\\\/teste-logo-ecommerce-dual-1-e1725909304971.png\",\"width\":470,\"height\":157,\"caption\":\"Loja Dual Gree Servi\u00e7o\"},\"image\":{\"@id\":\"https:\\\/\\\/dualgree.com.br\\\/loja\\\/#\\\/schema\\\/logo\\\/image\\\/\"}}]}<\/script>\n<!-- \/ Yoast SEO plugin. -->","yoast_head_json":{"title":"Rotor Helice Turbina Evaporadora LG Inverter 9.000 USNQ092WSG3 - Loja - Dual Gree Servi\u00e7os | Pe\u00e7as","robots":{"index":"index","follow":"follow","max-snippet":"max-snippet:-1","max-image-preview":"max-image-preview:large","max-video-preview":"max-video-preview:-1"},"canonical":"https:\/\/dualgree.com.br\/loja\/produto\/rotor-helice-turbina-evaporadora-lg-inverter-9-000-usnq092wsg3\/","og_locale":"pt_BR","og_type":"article","og_title":"Rotor Helice Turbina Evaporadora LG Inverter 9.000 USNQ092WSG3 - Loja - Dual Gree Servi\u00e7os | Pe\u00e7as","og_description":"IC486 &#8211; Turbina h\u00e9lice evaporadora ar condicionado LG inverter 9.000 btus. \u00a0 Recondicionada : Turbina possui pequena quebras que n\u00e3o faz barulho ou dificulta o funcionamento da ventila\u00e7\u00e3o.\u00a0 \u00a0 Veja todas as fotos. \u00a0Dimens\u00f5es:L=95 x C=564mm. serve na dual inverter 9kbuts.S4NQ09WA5WB.USNQ09.USNW09.LG S4NQ09.AMNW07GEWA0 Multi.ASNQ092WSA0 Inverter.ASNQ092WSA0 Inverter.ASNW092WSA0 Inverter.ASNW092WSA0 Inverter.MS07SQ.NW0.TSNH072W4A0 split.USNC072W4W0 Split.USNQ092WSG3 Inverter.USNQ092WSZ2 Inverter.USNW092WSG3 Inverter.USNW092WSZ2 Inverter.USNW092WSZ2 Inverter.Tsnc09w4w0.Respondemos sua...","og_url":"https:\/\/dualgree.com.br\/loja\/produto\/rotor-helice-turbina-evaporadora-lg-inverter-9-000-usnq092wsg3\/","og_site_name":"Loja - Dual Gree Servi\u00e7os | Pe\u00e7as","article_modified_time":"2025-07-24T18:38:18+00:00","twitter_card":"summary_large_image","schema":{"@context":"https:\/\/schema.org","@graph":[{"@type":"WebPage","@id":"https:\/\/dualgree.com.br\/loja\/produto\/rotor-helice-turbina-evaporadora-lg-inverter-9-000-usnq092wsg3\/","url":"https:\/\/dualgree.com.br\/loja\/produto\/rotor-helice-turbina-evaporadora-lg-inverter-9-000-usnq092wsg3\/","name":"Rotor Helice Turbina Evaporadora LG Inverter 9.000 USNQ092WSG3 - Loja - Dual Gree Servi\u00e7os | Pe\u00e7as","isPartOf":{"@id":"https:\/\/dualgree.com.br\/loja\/#website"},"primaryImageOfPage":{"@id":"https:\/\/dualgree.com.br\/loja\/produto\/rotor-helice-turbina-evaporadora-lg-inverter-9-000-usnq092wsg3\/#primaryimage"},"image":{"@id":"https:\/\/dualgree.com.br\/loja\/produto\/rotor-helice-turbina-evaporadora-lg-inverter-9-000-usnq092wsg3\/#primaryimage"},"thumbnailUrl":"https:\/\/dualgree.com.br\/loja\/wp-content\/uploads\/2025\/02\/15323334439-ic486-turbina-helice-evaporadora-ar-condicionado-lg-inverter-9-000-btus-2.jpg","datePublished":"2025-02-01T18:41:45+00:00","dateModified":"2025-07-24T18:38:18+00:00","breadcrumb":{"@id":"https:\/\/dualgree.com.br\/loja\/produto\/rotor-helice-turbina-evaporadora-lg-inverter-9-000-usnq092wsg3\/#breadcrumb"},"inLanguage":"pt-BR","potentialAction":[{"@type":"ReadAction","target":["https:\/\/dualgree.com.br\/loja\/produto\/rotor-helice-turbina-evaporadora-lg-inverter-9-000-usnq092wsg3\/"]}]},{"@type":"ImageObject","inLanguage":"pt-BR","@id":"https:\/\/dualgree.com.br\/loja\/produto\/rotor-helice-turbina-evaporadora-lg-inverter-9-000-usnq092wsg3\/#primaryimage","url":"https:\/\/dualgree.com.br\/loja\/wp-content\/uploads\/2025\/02\/15323334439-ic486-turbina-helice-evaporadora-ar-condicionado-lg-inverter-9-000-btus-2.jpg","contentUrl":"https:\/\/dualgree.com.br\/loja\/wp-content\/uploads\/2025\/02\/15323334439-ic486-turbina-helice-evaporadora-ar-condicionado-lg-inverter-9-000-btus-2.jpg","width":1280,"height":1280},{"@type":"BreadcrumbList","@id":"https:\/\/dualgree.com.br\/loja\/produto\/rotor-helice-turbina-evaporadora-lg-inverter-9-000-usnq092wsg3\/#breadcrumb","itemListElement":[{"@type":"ListItem","position":1,"name":"In\u00edcio","item":"https:\/\/dualgree.com.br\/loja\/"},{"@type":"ListItem","position":2,"name":"Loja &#8211; Cat\u00e1logo de Pe\u00e7as","item":"https:\/\/dualgree.com.br\/loja\/"},{"@type":"ListItem","position":3,"name":"Rotor Helice Turbina Evaporadora LG Inverter 9.000 USNQ092WS..."}]},{"@type":"WebSite","@id":"https:\/\/dualgree.com.br\/loja\/#website","url":"https:\/\/dualgree.com.br\/loja\/","name":"Loja - Dual Gree Servi\u00e7os | Partes e Pe\u00e7as","description":"Catalogo de Pe\u00e7as para ar condicionado","publisher":{"@id":"https:\/\/dualgree.com.br\/loja\/#organization"},"potentialAction":[{"@type":"SearchAction","target":{"@type":"EntryPoint","urlTemplate":"https:\/\/dualgree.com.br\/loja\/?s={search_term_string}"},"query-input":{"@type":"PropertyValueSpecification","valueRequired":true,"valueName":"search_term_string"}}],"inLanguage":"pt-BR"},{"@type":"Organization","@id":"https:\/\/dualgree.com.br\/loja\/#organization","name":"Loja Dual Gree Servi\u00e7o","url":"https:\/\/dualgree.com.br\/loja\/","logo":{"@type":"ImageObject","inLanguage":"pt-BR","@id":"https:\/\/dualgree.com.br\/loja\/#\/schema\/logo\/image\/","url":"https:\/\/dualgree.com.br\/loja\/wp-content\/uploads\/2024\/09\/teste-logo-ecommerce-dual-1-e1725909304971.png","contentUrl":"https:\/\/dualgree.com.br\/loja\/wp-content\/uploads\/2024\/09\/teste-logo-ecommerce-dual-1-e1725909304971.png","width":470,"height":157,"caption":"Loja Dual Gree Servi\u00e7o"},"image":{"@id":"https:\/\/dualgree.com.br\/loja\/#\/schema\/logo\/image\/"}}]}},"jetpack_publicize_connections":[],"jetpack_sharing_enabled":true,"jetpack_likes_enabled":true,"_links":{"self":[{"href":"https:\/\/dualgree.com.br\/loja\/wp-json\/wp\/v2\/product\/8913","targetHints":{"allow":["GET"]}}],"collection":[{"href":"https:\/\/dualgree.com.br\/loja\/wp-json\/wp\/v2\/product"}],"about":[{"href":"https:\/\/dualgree.com.br\/loja\/wp-json\/wp\/v2\/types\/product"}],"replies":[{"embeddable":true,"href":"https:\/\/dualgree.com.br\/loja\/wp-json\/wp\/v2\/comments?post=8913"}],"wp:featuredmedia":[{"embeddable":true,"href":"https:\/\/dualgree.com.br\/loja\/wp-json\/wp\/v2\/media\/8909"}],"wp:attachment":[{"href":"https:\/\/dualgree.com.br\/loja\/wp-json\/wp\/v2\/media?parent=8913"}],"wp:term":[{"taxonomy":"product_brand","embeddable":true,"href":"https:\/\/dualgree.com.br\/loja\/wp-json\/wp\/v2\/product_brand?post=8913"},{"taxonomy":"product_cat","embeddable":true,"href":"https:\/\/dualgree.com.br\/loja\/wp-json\/wp\/v2\/product_cat?post=8913"},{"taxonomy":"product_tag","embeddable":true,"href":"https:\/\/dualgree.com.br\/loja\/wp-json\/wp\/v2\/product_tag?post=8913"}],"curies":[{"name":"wp","href":"https:\/\/api.w.org\/{rel}","templated":true}]}}