{"id":8916,"date":"2025-02-01T20:31:08","date_gmt":"2025-02-01T20:31:08","guid":{"rendered":"https:\/\/dualgree.com.br\/loja\/produto\/db9204372d-placa-da-evaporadora-samsung-ar12msspbgmnaz\/"},"modified":"2025-04-02T13:54:04","modified_gmt":"2025-04-02T13:54:04","slug":"db9204372d-placa-da-evaporadora-samsung-ar12msspbgmnaz","status":"publish","type":"product","link":"https:\/\/dualgree.com.br\/loja\/produto\/db9204372d-placa-da-evaporadora-samsung-ar12msspbgmnaz\/","title":{"rendered":"Db9204372d &#8211; Placa Da Evaporadora Samsung Ar12msspbgmn..."},"content":{"rendered":"<p>ICF1016 -Placa da evaporadora ar condicionado Samsung AR12MSSPBGMNAZ<\/p>\n<p>\u00a0<\/p>\n<p>Est\u00e1 placa ja esta configurada para o modelo em descri\u00e7\u00e3o Placa da evaporadora Samsung AR12MSSPBGMNAZ. Acompanha borneira para n\u00e3o ter erro de liga\u00e7\u00e3o\u00a0<\/p>\n<p>\u00a0<\/p>\n<p>Codigo da placa etiqueta de papel DB9204372D<\/p>\n<p>\u00a0<\/p>\n<p>Est\u00e1 placa usa 3 sensores que n\u00e3o est\u00e1 incluso !<\/p>\n<p>\u00a0<\/p>\n<p>EVA2 &#8211; CN42 sensor ponta fina Degelo<\/p>\n<p>ROM\/ EVA &#8211; CN43 &#8211; Sensor ambiente e Sensor grosso entrada de liquido<\/p>\n","protected":false},"excerpt":{"rendered":"<p>ICF1016 -Placa da evaporadora ar condicionado Samsung AR12MSSPBGMNAZ \u00a0 Est\u00e1 placa ja esta configurada para o modelo em descri\u00e7\u00e3o Placa da evaporadora Samsung AR12MSSPBGMNAZ. Acompanha borneira para n\u00e3o ter erro de liga\u00e7\u00e3o\u00a0 \u00a0 Codigo da placa etiqueta de papel DB9204372D \u00a0 Est\u00e1 placa usa 3 sensores que n\u00e3o est\u00e1 incluso ! \u00a0 EVA2 &#8211; CN42&#8230;<\/p>\n","protected":false},"featured_media":0,"comment_status":"open","ping_status":"closed","template":"","meta":{"_kadence_starter_templates_imported_post":false,"_kad_post_transparent":"","_kad_post_title":"","_kad_post_layout":"","_kad_post_sidebar_id":"","_kad_post_content_style":"","_kad_post_vertical_padding":"","_kad_post_feature":"","_kad_post_feature_position":"","_kad_post_header":false,"_kad_post_footer":false,"jetpack_publicize_message":"","jetpack_publicize_feature_enabled":true,"jetpack_social_post_already_shared":false,"jetpack_social_options":{"image_generator_settings":{"template":"highway","default_image_id":0,"font":"","enabled":false},"version":2}},"product_brand":[],"product_cat":[196,186],"product_tag":[],"class_list":{"0":"post-8916","1":"product","2":"type-product","3":"status-publish","5":"product_cat-placa-da-evaporadora-split","6":"product_cat-samsung","8":"first","9":"outofstock","10":"shipping-taxable","11":"purchasable","12":"product-type-simple","13":"entry","14":"content-bg","15":"loop-entry"},"yoast_head":"<!-- This site is optimized with the Yoast SEO plugin v27.5 - https:\/\/yoast.com\/product\/yoast-seo-wordpress\/ -->\n<title>Db9204372d - Placa Da Evaporadora Samsung Ar12msspbgmnaz - Loja - Dual Gree Servi\u00e7os | Pe\u00e7as<\/title>\n<meta name=\"robots\" content=\"index, follow, max-snippet:-1, max-image-preview:large, max-video-preview:-1\" \/>\n<link rel=\"canonical\" href=\"https:\/\/dualgree.com.br\/loja\/produto\/db9204372d-placa-da-evaporadora-samsung-ar12msspbgmnaz\/\" \/>\n<meta property=\"og:locale\" content=\"pt_BR\" \/>\n<meta property=\"og:type\" content=\"article\" \/>\n<meta property=\"og:title\" content=\"Db9204372d - Placa Da Evaporadora Samsung Ar12msspbgmnaz - Loja - Dual Gree Servi\u00e7os | Pe\u00e7as\" \/>\n<meta property=\"og:description\" content=\"ICF1016 -Placa da evaporadora ar condicionado Samsung AR12MSSPBGMNAZ \u00a0 Est\u00e1 placa ja esta configurada para o modelo em descri\u00e7\u00e3o Placa da evaporadora Samsung AR12MSSPBGMNAZ. Acompanha borneira para n\u00e3o ter erro de liga\u00e7\u00e3o\u00a0 \u00a0 Codigo da placa etiqueta de papel DB9204372D \u00a0 Est\u00e1 placa usa 3 sensores que n\u00e3o est\u00e1 incluso ! \u00a0 EVA2 &#8211; CN42...\" \/>\n<meta property=\"og:url\" content=\"https:\/\/dualgree.com.br\/loja\/produto\/db9204372d-placa-da-evaporadora-samsung-ar12msspbgmnaz\/\" \/>\n<meta property=\"og:site_name\" content=\"Loja - Dual Gree Servi\u00e7os | Pe\u00e7as\" \/>\n<meta property=\"article:modified_time\" content=\"2025-04-02T13:54:04+00:00\" \/>\n<meta name=\"twitter:card\" content=\"summary_large_image\" \/>\n<script type=\"application\/ld+json\" class=\"yoast-schema-graph\">{\"@context\":\"https:\\\/\\\/schema.org\",\"@graph\":[{\"@type\":\"WebPage\",\"@id\":\"https:\\\/\\\/dualgree.com.br\\\/loja\\\/produto\\\/db9204372d-placa-da-evaporadora-samsung-ar12msspbgmnaz\\\/\",\"url\":\"https:\\\/\\\/dualgree.com.br\\\/loja\\\/produto\\\/db9204372d-placa-da-evaporadora-samsung-ar12msspbgmnaz\\\/\",\"name\":\"Db9204372d - Placa Da Evaporadora Samsung Ar12msspbgmnaz - Loja - Dual Gree Servi\u00e7os | Pe\u00e7as\",\"isPartOf\":{\"@id\":\"https:\\\/\\\/dualgree.com.br\\\/loja\\\/#website\"},\"datePublished\":\"2025-02-01T20:31:08+00:00\",\"dateModified\":\"2025-04-02T13:54:04+00:00\",\"breadcrumb\":{\"@id\":\"https:\\\/\\\/dualgree.com.br\\\/loja\\\/produto\\\/db9204372d-placa-da-evaporadora-samsung-ar12msspbgmnaz\\\/#breadcrumb\"},\"inLanguage\":\"pt-BR\",\"potentialAction\":[{\"@type\":\"ReadAction\",\"target\":[\"https:\\\/\\\/dualgree.com.br\\\/loja\\\/produto\\\/db9204372d-placa-da-evaporadora-samsung-ar12msspbgmnaz\\\/\"]}]},{\"@type\":\"BreadcrumbList\",\"@id\":\"https:\\\/\\\/dualgree.com.br\\\/loja\\\/produto\\\/db9204372d-placa-da-evaporadora-samsung-ar12msspbgmnaz\\\/#breadcrumb\",\"itemListElement\":[{\"@type\":\"ListItem\",\"position\":1,\"name\":\"In\u00edcio\",\"item\":\"https:\\\/\\\/dualgree.com.br\\\/loja\\\/\"},{\"@type\":\"ListItem\",\"position\":2,\"name\":\"Loja &#8211; Cat\u00e1logo de Pe\u00e7as\",\"item\":\"https:\\\/\\\/dualgree.com.br\\\/loja\\\/\"},{\"@type\":\"ListItem\",\"position\":3,\"name\":\"Db9204372d &#8211; Placa Da Evaporadora Samsung Ar12msspbgmn...\"}]},{\"@type\":\"WebSite\",\"@id\":\"https:\\\/\\\/dualgree.com.br\\\/loja\\\/#website\",\"url\":\"https:\\\/\\\/dualgree.com.br\\\/loja\\\/\",\"name\":\"Loja - Dual Gree Servi\u00e7os | Partes e Pe\u00e7as\",\"description\":\"Catalogo de Pe\u00e7as para ar condicionado\",\"publisher\":{\"@id\":\"https:\\\/\\\/dualgree.com.br\\\/loja\\\/#organization\"},\"potentialAction\":[{\"@type\":\"SearchAction\",\"target\":{\"@type\":\"EntryPoint\",\"urlTemplate\":\"https:\\\/\\\/dualgree.com.br\\\/loja\\\/?s={search_term_string}\"},\"query-input\":{\"@type\":\"PropertyValueSpecification\",\"valueRequired\":true,\"valueName\":\"search_term_string\"}}],\"inLanguage\":\"pt-BR\"},{\"@type\":\"Organization\",\"@id\":\"https:\\\/\\\/dualgree.com.br\\\/loja\\\/#organization\",\"name\":\"Loja Dual Gree Servi\u00e7o\",\"url\":\"https:\\\/\\\/dualgree.com.br\\\/loja\\\/\",\"logo\":{\"@type\":\"ImageObject\",\"inLanguage\":\"pt-BR\",\"@id\":\"https:\\\/\\\/dualgree.com.br\\\/loja\\\/#\\\/schema\\\/logo\\\/image\\\/\",\"url\":\"https:\\\/\\\/dualgree.com.br\\\/loja\\\/wp-content\\\/uploads\\\/2024\\\/09\\\/teste-logo-ecommerce-dual-1-e1725909304971.png\",\"contentUrl\":\"https:\\\/\\\/dualgree.com.br\\\/loja\\\/wp-content\\\/uploads\\\/2024\\\/09\\\/teste-logo-ecommerce-dual-1-e1725909304971.png\",\"width\":470,\"height\":157,\"caption\":\"Loja Dual Gree Servi\u00e7o\"},\"image\":{\"@id\":\"https:\\\/\\\/dualgree.com.br\\\/loja\\\/#\\\/schema\\\/logo\\\/image\\\/\"}}]}<\/script>\n<!-- \/ Yoast SEO plugin. -->","yoast_head_json":{"title":"Db9204372d - Placa Da Evaporadora Samsung Ar12msspbgmnaz - Loja - Dual Gree Servi\u00e7os | Pe\u00e7as","robots":{"index":"index","follow":"follow","max-snippet":"max-snippet:-1","max-image-preview":"max-image-preview:large","max-video-preview":"max-video-preview:-1"},"canonical":"https:\/\/dualgree.com.br\/loja\/produto\/db9204372d-placa-da-evaporadora-samsung-ar12msspbgmnaz\/","og_locale":"pt_BR","og_type":"article","og_title":"Db9204372d - Placa Da Evaporadora Samsung Ar12msspbgmnaz - Loja - Dual Gree Servi\u00e7os | Pe\u00e7as","og_description":"ICF1016 -Placa da evaporadora ar condicionado Samsung AR12MSSPBGMNAZ \u00a0 Est\u00e1 placa ja esta configurada para o modelo em descri\u00e7\u00e3o Placa da evaporadora Samsung AR12MSSPBGMNAZ. Acompanha borneira para n\u00e3o ter erro de liga\u00e7\u00e3o\u00a0 \u00a0 Codigo da placa etiqueta de papel DB9204372D \u00a0 Est\u00e1 placa usa 3 sensores que n\u00e3o est\u00e1 incluso ! \u00a0 EVA2 &#8211; CN42...","og_url":"https:\/\/dualgree.com.br\/loja\/produto\/db9204372d-placa-da-evaporadora-samsung-ar12msspbgmnaz\/","og_site_name":"Loja - Dual Gree Servi\u00e7os | Pe\u00e7as","article_modified_time":"2025-04-02T13:54:04+00:00","twitter_card":"summary_large_image","schema":{"@context":"https:\/\/schema.org","@graph":[{"@type":"WebPage","@id":"https:\/\/dualgree.com.br\/loja\/produto\/db9204372d-placa-da-evaporadora-samsung-ar12msspbgmnaz\/","url":"https:\/\/dualgree.com.br\/loja\/produto\/db9204372d-placa-da-evaporadora-samsung-ar12msspbgmnaz\/","name":"Db9204372d - Placa Da Evaporadora Samsung Ar12msspbgmnaz - Loja - Dual Gree Servi\u00e7os | Pe\u00e7as","isPartOf":{"@id":"https:\/\/dualgree.com.br\/loja\/#website"},"datePublished":"2025-02-01T20:31:08+00:00","dateModified":"2025-04-02T13:54:04+00:00","breadcrumb":{"@id":"https:\/\/dualgree.com.br\/loja\/produto\/db9204372d-placa-da-evaporadora-samsung-ar12msspbgmnaz\/#breadcrumb"},"inLanguage":"pt-BR","potentialAction":[{"@type":"ReadAction","target":["https:\/\/dualgree.com.br\/loja\/produto\/db9204372d-placa-da-evaporadora-samsung-ar12msspbgmnaz\/"]}]},{"@type":"BreadcrumbList","@id":"https:\/\/dualgree.com.br\/loja\/produto\/db9204372d-placa-da-evaporadora-samsung-ar12msspbgmnaz\/#breadcrumb","itemListElement":[{"@type":"ListItem","position":1,"name":"In\u00edcio","item":"https:\/\/dualgree.com.br\/loja\/"},{"@type":"ListItem","position":2,"name":"Loja &#8211; Cat\u00e1logo de Pe\u00e7as","item":"https:\/\/dualgree.com.br\/loja\/"},{"@type":"ListItem","position":3,"name":"Db9204372d &#8211; Placa Da Evaporadora Samsung Ar12msspbgmn..."}]},{"@type":"WebSite","@id":"https:\/\/dualgree.com.br\/loja\/#website","url":"https:\/\/dualgree.com.br\/loja\/","name":"Loja - Dual Gree Servi\u00e7os | Partes e Pe\u00e7as","description":"Catalogo de Pe\u00e7as para ar condicionado","publisher":{"@id":"https:\/\/dualgree.com.br\/loja\/#organization"},"potentialAction":[{"@type":"SearchAction","target":{"@type":"EntryPoint","urlTemplate":"https:\/\/dualgree.com.br\/loja\/?s={search_term_string}"},"query-input":{"@type":"PropertyValueSpecification","valueRequired":true,"valueName":"search_term_string"}}],"inLanguage":"pt-BR"},{"@type":"Organization","@id":"https:\/\/dualgree.com.br\/loja\/#organization","name":"Loja Dual Gree Servi\u00e7o","url":"https:\/\/dualgree.com.br\/loja\/","logo":{"@type":"ImageObject","inLanguage":"pt-BR","@id":"https:\/\/dualgree.com.br\/loja\/#\/schema\/logo\/image\/","url":"https:\/\/dualgree.com.br\/loja\/wp-content\/uploads\/2024\/09\/teste-logo-ecommerce-dual-1-e1725909304971.png","contentUrl":"https:\/\/dualgree.com.br\/loja\/wp-content\/uploads\/2024\/09\/teste-logo-ecommerce-dual-1-e1725909304971.png","width":470,"height":157,"caption":"Loja Dual Gree Servi\u00e7o"},"image":{"@id":"https:\/\/dualgree.com.br\/loja\/#\/schema\/logo\/image\/"}}]}},"jetpack_publicize_connections":[],"jetpack_sharing_enabled":true,"jetpack_likes_enabled":true,"_links":{"self":[{"href":"https:\/\/dualgree.com.br\/loja\/wp-json\/wp\/v2\/product\/8916","targetHints":{"allow":["GET"]}}],"collection":[{"href":"https:\/\/dualgree.com.br\/loja\/wp-json\/wp\/v2\/product"}],"about":[{"href":"https:\/\/dualgree.com.br\/loja\/wp-json\/wp\/v2\/types\/product"}],"replies":[{"embeddable":true,"href":"https:\/\/dualgree.com.br\/loja\/wp-json\/wp\/v2\/comments?post=8916"}],"wp:attachment":[{"href":"https:\/\/dualgree.com.br\/loja\/wp-json\/wp\/v2\/media?parent=8916"}],"wp:term":[{"taxonomy":"product_brand","embeddable":true,"href":"https:\/\/dualgree.com.br\/loja\/wp-json\/wp\/v2\/product_brand?post=8916"},{"taxonomy":"product_cat","embeddable":true,"href":"https:\/\/dualgree.com.br\/loja\/wp-json\/wp\/v2\/product_cat?post=8916"},{"taxonomy":"product_tag","embeddable":true,"href":"https:\/\/dualgree.com.br\/loja\/wp-json\/wp\/v2\/product_tag?post=8916"}],"curies":[{"name":"wp","href":"https:\/\/api.w.org\/{rel}","templated":true}]}}