{"id":8927,"date":"2025-02-04T16:59:04","date_gmt":"2025-02-04T16:59:04","guid":{"rendered":"https:\/\/dualgree.com.br\/loja\/produto\/placa-receptora-ar-condicionado-daikin-3p185701-4p\/"},"modified":"2026-04-28T17:40:16","modified_gmt":"2026-04-28T17:40:16","slug":"placa-receptora-ar-condicionado-daikin-3p185701-4p","status":"publish","type":"product","link":"https:\/\/dualgree.com.br\/loja\/produto\/placa-receptora-ar-condicionado-daikin-3p185701-4p\/","title":{"rendered":"Placa Receptora Ar Condicionado Daikin 3p185701-4p"},"content":{"rendered":"<p>IC3420-1 &#8211;\u00a0PLACA RECEPTORA DAIKIN 3P185701-4P<\/p>\n<p>\u00a0! Esta Placa possui 10 pinos de conex\u00e3o<\/p>\n<p>\u00a0MODELOS COMPAT\u00cdVEIS<\/p>\n<p>\u00a0ATKA25UAVMV<\/p>\n<p>ATKA35UAVMV<\/p>\n<p>ATKC09TV2S<\/p>\n<p>ATKC12TV2S<\/p>\n<p>ATKC15TV2S<\/p>\n<p>ATKC18TV2S<\/p>\n<p>ATKC24TV2S<\/p>\n<p>ATKQ25TAVMV<\/p>\n<p>ATKQ35TAVMV<\/p>\n<p>ATX20K5V1B<\/p>\n<p>ATX20KV1B<\/p>\n<p>ATX25K5V1B<\/p>\n<p>ATX25KV1B<\/p>\n<p>ATX35K5V1B<\/p>\n<p>ATX35KV1B<\/p>\n<p>ATXD25A5V1B<\/p>\n<p>ATXD35A5V1B<\/p>\n<p>ATXF20C5V1B<\/p>\n<p>ATXF20D5V1B<\/p>\n<p>ATXF25C5V1B<\/p>\n<p>ATXF25D5V1B<\/p>\n<p>ATXF35C5V1B<\/p>\n<p>ATXF35D5V1B<\/p>\n<p>ATXF42C5V1B<\/p>\n<p>ATXF42D5V1B<\/p>\n<p>ATXP20L5V1B<\/p>\n<p>ATXP20M5V1B<\/p>\n<p>ATXP20N5V1B<\/p>\n<p>ATXP226RC-W<\/p>\n<p>ATXP236RC-W<\/p>\n<p>ATXP25L5V1B<\/p>\n<p>ATXP25M5V1B<\/p>\n<p>ATXP25N5V1B<\/p>\n<p>ATXP35L5V1B<\/p>\n<p>ATXP35M5V1B<\/p>\n<p>ATXP35N5V1B<\/p>\n<p>ATXQ25AMV1B<\/p>\n<p>ATXQ35AMV1B<\/p>\n<p>ATXR226RC-N<\/p>\n<p>ATXR226RC-W<\/p>\n<p>ATXR226SC-N<\/p>\n<p>ATXR226SC-W<\/p>\n<p>ATXR226UC-N<\/p>\n<p>ATXR226UC-N1<\/p>\n<p>ATXR226UC-W<\/p>\n<p>ATXR226UC-W1<\/p>\n<p>ATXR226VC-N<\/p>\n<p>ATXR226VC-N1<\/p>\n<p>ATXR226VC-W<\/p>\n<p>ATXR226VC-W1<\/p>\n<p>ATXR226WC-N<\/p>\n<p>ATXR226WC-N1<\/p>\n<p>ATXR226WC-W<\/p>\n<p>ATXR226WC-W1<\/p>\n<p>ATXR236RC-N<\/p>\n<p>ATXR236RC-W<\/p>\n<p>ATXR236SC-N<\/p>\n<p>ATXR236SC-W<\/p>\n<p>ATXR236UC-N<\/p>\n<p>ATXR236UC-N1<\/p>\n<p>ATXR236UC-W<\/p>\n<p>ATXR236UC-W1<\/p>\n<p>ATXR236VC-N<\/p>\n<p>ATXR236VC-N1<\/p>\n<p>ATXR236VC-W<\/p>\n<p>ATXR236VC-W1<\/p>\n<p>ATXR236WC-N<\/p>\n<p>ATXR236WC-N1<\/p>\n<p>ATXR236WC-W<\/p>\n<p>ATXR236WC-W1<\/p>\n<p>ATXR326RC-N<\/p>\n<p>ATXR326RC-W<\/p>\n<p>ATXR326SC-N<\/p>\n<p>ATXR326SC-W<\/p>\n<p>ATXR326UC-N<\/p>\n<p>ATXR326UC-N1<\/p>\n<p>ATXR326UC-W<\/p>\n<p>ATXR326UC-W1<\/p>\n<p>ATXR326VC-N<\/p>\n<p>ATXR326VC-N1<\/p>\n<p>ATXR326VC-W<\/p>\n<p>ATXR326VC-W1<\/p>\n<p>ATXR326WC-N<\/p>\n<p>ATXR326WC-N1<\/p>\n<p>ATXR326WC-W<\/p>\n<p>ATXR326WC-W1<\/p>\n<p>ATXR336RC-N<\/p>\n<p>ATXR336RC-W<\/p>\n<p>ATXR336SC-N<\/p>\n<p>ATXR336SC-W<\/p>\n<p>ATXR336UC-N<\/p>\n<p>ATXR336UC-N1<\/p>\n<p>ATXR336UC-W<\/p>\n<p>ATXR336UC-W1<\/p>\n<p>ATXR336VC-N<\/p>\n<p>ATXR336VC-N1<\/p>\n<p>ATXR336VC-W<\/p>\n<p>ATXR336VC-W1<\/p>\n<p>ATXR336WC-N<\/p>\n<p>ATXR336WC-N1<\/p>\n<p>ATXR336WC-W<\/p>\n<p>ATXR336WC-W1<\/p>\n<p>ATXS226RC-N<\/p>\n<p>ATXS226RC-W<\/p>\n<p>ATXS226SC-N<\/p>\n<p>ATXS226SC-W<\/p>\n<p>ATXS226VC-N<\/p>\n<p>ATXS226VC-N1<\/p>\n<p>ATXS226VC-W<\/p>\n<p>ATXS226VC-W1<\/p>\n<p>ATXS226WC-N<\/p>\n<p>ATXS226WC-W<\/p>\n<p>ATXS236RC-N<\/p>\n<p>ATXS236RC-W<\/p>\n<p>ATXS236SC-N<\/p>\n<p>ATXS236SC-W<\/p>\n<p>ATXS236VC-N<\/p>\n<p>ATXS236VC-N1<\/p>\n<p>ATXS236VC-W<\/p>\n<p>ATXS236VC-W1<\/p>\n<p>ATXS236WC-N<\/p>\n<p>ATXS236WC-W<\/p>\n<p>ATXS326RC-N<\/p>\n<p>ATXS326RC-W<\/p>\n<p>ATXS326SC-N<\/p>\n<p>ATXS326SC-W<\/p>\n<p>ATXS326VC-N<\/p>\n<p>ATXS326VC-N1<\/p>\n<p>ATXS326VC-W<\/p>\n<p>ATXS326VC-W1<\/p>\n<p>ATXS326WC-N<\/p>\n<p>ATXS326WC-W<\/p>\n<p>ATXS336RC-N<\/p>\n<p>ATXS336RC-W<\/p>\n<p>ATXS336SC-N<\/p>\n<p>ATXS336SC-W<\/p>\n<p>ATXS336VC-N<\/p>\n<p>ATXS336VC-N1<\/p>\n<p>ATXS336VC-W<\/p>\n<p>ATXS336VC-W1<\/p>\n<p>ATXS336WC-N<\/p>\n<p>ATXS336WC-W<\/p>\n<p>ATXTP25M5V1B<\/p>\n<p>ATXTP35M5V1B<\/p>\n<p>CTKC09RV2S<\/p>\n<p>CTKC12RV2S<\/p>\n<p>CTKC15QVM4<\/p>\n<p>CTKC15RVM4<\/p>\n<p>CTKC18SV2S<\/p>\n<p>CTKC20QVM4<\/p>\n<p>CTKC20RVM4<\/p>\n<p>CTKC25RVM<\/p>\n<p>CTKC25RVM4<\/p>\n<p>CTKC25RVMN<\/p>\n<p>CTKC25RVMV<\/p>\n<p>CTKC25SVMG<\/p>\n<p>CTKC25WVMG<\/p>\n<p>CTKC35RVM<\/p>\n<p>CTKC35RVM4<\/p>\n<p>CTKC35RVMN<\/p>\n<p>CTKC35RVMV<\/p>\n<p>CTKC35SVMG<\/p>\n<p>CTKC35WVMG<\/p>\n<p>CTKC50SVM<\/p>\n<p>CTKC50SVM4<\/p>\n<p>CTKC50SVMN<\/p>\n<p>CTKC50SVMV<\/p>\n<p>CTKC50WVMG<\/p>\n<p>CTV25PV1G<\/p>\n<p>CTV35PV1G<\/p>\n<p>CTV50PV1G<\/p>\n<p>CTXC09RMVM<\/p>\n<p>CTXC12RMVM<\/p>\n<p>CTXF20C5V1B<\/p>\n<p>CTXF20TVMA<\/p>\n<p>CTXF25C5V1B<\/p>\n<p>CTXF25TVMA<\/p>\n<p>CTXF35C5V1B<\/p>\n<p>CTXF35TVMA<\/p>\n<p>CTXF50TVMA<\/p>\n<p>CTXP25TVLT<\/p>\n<p>CTXP30TVLT<\/p>\n<p>CTXP41WVLT<\/p>\n<p>CTXP50WVLT<\/p>\n<p>CTXP60WVLT<\/p>\n<p>CTXP71WVLT<\/p>\n<p>CTXS09PMVM<\/p>\n<p>CTXS09PMVM5<\/p>\n<p>CTXS09PMVM7<\/p>\n<p>CTXS12PMVM<\/p>\n<p>CTXS12PMVM5<\/p>\n<p>CTXS12PMVM7<\/p>\n<p>FSAPP50AA<\/p>\n<p>FSAPP71AA<\/p>\n<p>FTAUP71AA<\/p>\n<p>FTH09P5VL<\/p>\n<p>FTH09P5VL7<\/p>\n<p>FTH09P5VL9<\/p>\n<p>FTH12P5VL<\/p>\n<p>FTH12P5VL7<\/p>\n<p>FTH12P5VL9<\/p>\n<p>FTH18P5VL<\/p>\n<p>FTH18P5VL7<\/p>\n<p>FTH18P5VL9<\/p>\n<p>FTH24P5VL<\/p>\n<p>FTH24P5VL7<\/p>\n<p>FTHP09Q5VL<\/p>\n<p>FTHP09Q5VL7<\/p>\n<p>FTHP09Q5VL9<\/p>\n<p>FTHP12Q5VL<\/p>\n<p>FTHP12Q5VL7<\/p>\n<p>FTHP12Q5VL9<\/p>\n<p>FTHP18Q5VL<\/p>\n<p>FTHP18Q5VL7<\/p>\n<p>FTHP18Q5VL9<\/p>\n<p>FTHP24Q5VL<\/p>\n<p>FTHP24Q5VL7<\/p>\n<p>FTHS09T5VL<\/p>\n<p>FTHS09T5VL7<\/p>\n<p>FTHS09T5VL9<\/p>\n<p>FTHS12T5VL<\/p>\n<p>FTHS12T5VL7<\/p>\n<p>FTHS12T5VL9<\/p>\n<p>FTHS18T5VL<\/p>\n<p>FTHS18T5VL7<\/p>\n<p>FTHS18T5VL9<\/p>\n<p>FTHS24T5VL<\/p>\n<p>FTHS24T5VL7<\/p>\n<p>FTK09NMVJU<\/p>\n<p>FTK09P5VL<\/p>\n<p>FTK09P5VL7<\/p>\n<p>FTK09P5VL9<\/p>\n<p>FTK12NMVJU<\/p>\n<p>FTK12P5VL<\/p>\n<p>FTK12P5VL7<\/p>\n<p>FTK12P5VL9<\/p>\n<p>FTK18P5VL<\/p>\n<p>FTK18P5VL7<\/p>\n<p>FTK18P5VL9<\/p>\n<p>FTK24P5VL<\/p>\n<p>FTK24P5VL7<\/p>\n<p>FTKA25UAVMV<\/p>\n<p>FTKA25VAVMV<\/p>\n<p>FTKA25VMVMV<\/p>\n<p>FTKA35UAVMV<\/p>\n<p>FTKA35VAVMV<\/p>\n<p>FTKA35VMVMV<\/p>\n<p>FTKA50UAVMV<\/p>\n<p>FTKA50VAVMV<\/p>\n<p>FTKA60UAVMV<\/p>\n<p>FTKA60VAVMV<\/p>\n<p>FTKB25WAVMV<\/p>\n<p>FTKB25WMVMV<\/p>\n<p>FTKB35WAVMV<\/p>\n<p>FTKB35WMVMV<\/p>\n<p>FTKB50WAVMV<\/p>\n<p>FTKB60WAVMV<\/p>\n<p>FTKF09UV2S<\/p>\n<p>FTKF12UV2S<\/p>\n<p>FTKF15UV2S<\/p>\n<p>FTKF18UV2S<\/p>\n<p>FTKF20TVMA<\/p>\n<p>FTKF24UV2S<\/p>\n<p>FTKF25TVMA<\/p>\n<p>FTKF35TVMA<\/p>\n<p>FTKF46TVMA<\/p>\n<p>FTKF50TVMA<\/p>\n<p>FTKF60TVMA<\/p>\n<p>FTKF71TVMA<\/p>\n<p>FTKN09NMVJU<\/p>\n<p>FTKN12NMVJU<\/p>\n<p>FTKP09Q5VL<\/p>\n<p>FTKP09Q5VL7<\/p>\n<p>FTKP09Q5VL9<\/p>\n<p>FTKP12Q5VL<\/p>\n<p>FTKP12Q5VL7<\/p>\n<p>FTKP12Q5VL9<\/p>\n<p>FTKP18Q5VL<\/p>\n<p>FTKP18Q5VL7<\/p>\n<p>FTKP18Q5VL9<\/p>\n<p>FTKP24Q5VL<\/p>\n<p>FTKP24Q5VL7<\/p>\n<p>FTKQ09SV2S<\/p>\n<p>FTKQ09TV2S<\/p>\n<p>FTKQ09UV2S<\/p>\n<p>FTKQ09WV2S<\/p>\n<p>FTKQ12SV2S<\/p>\n<p>FTKQ12TV2S<\/p>\n<p>FTKQ12UV2S<\/p>\n<p>FTKQ12WV2S<\/p>\n<p>FTKQ15SVM4<\/p>\n<p>FTKQ15TV2S<\/p>\n<p>FTKQ15UV2S<\/p>\n<p>FTKQ15UVM4<\/p>\n<p>FTKQ15WV2S<\/p>\n<p>FTKQ18SV2S<\/p>\n<p>FTKQ18TV2S<\/p>\n<p>FTKQ18UV2S<\/p>\n<p>FTKQ18WV2S<\/p>\n<p>FTKQ20SVM4<\/p>\n<p>FTKQ20TVM<\/p>\n<p>FTKQ20UVM4<\/p>\n<p>FTKQ24TV2S<\/p>\n<p>FTKQ24UV2S<\/p>\n<p>FTKQ24WV2S<\/p>\n<p>FTKQ25SAVMV<\/p>\n<p>FTKQ25SVM4<\/p>\n<p>FTKQ25SVMV<\/p>\n<p>FTKQ25TVM<\/p>\n<p>FTKQ25TVMM<\/p>\n<p>FTKQ25UVM4<\/p>\n<p>FTKQ35SAVMV<\/p>\n<p>FTKQ35SVM4<\/p>\n<p>FTKQ35SVMV<\/p>\n<p>FTKQ35TVM<\/p>\n<p>FTKQ35TVMM<\/p>\n<p>FTKQ35UVM4<\/p>\n<p>FTKQ50SAVMV<\/p>\n<p>FTKQ50SVM4<\/p>\n<p>FTKQ50SVMV<\/p>\n<p>FTKQ50TVM<\/p>\n<p>FTKQ50TVMM<\/p>\n<p>FTKQ50UVM4<\/p>\n<p>FTKQ60SAVMV<\/p>\n<p>FTKQ60SVM4<\/p>\n<p>FTKQ60SVMV<\/p>\n<p>FTKQ60TVM<\/p>\n<p>FTKQ60TVMM<\/p>\n<p>FTKQ60UVM4<\/p>\n<p>FTX09N5VL<\/p>\n<p>FTX09NMVJU<\/p>\n<p>FTX09NMVJUA<\/p>\n<p>FTX09WMVJU9<\/p>\n<p>FTX12N5VL<\/p>\n<p>FTX12NMVJU<\/p>\n<p>FTX12NMVJUA<\/p>\n<p>FTX12WMVJU9<\/p>\n<p>FTX15NMVJU<\/p>\n<p>FTX15NMVJUA<\/p>\n<p>FTX15WMVJU9<\/p>\n<p>FTX18N5VL<\/p>\n<p>FTX20K5V1B<\/p>\n<p>FTX20KV1B<\/p>\n<p>FTX24N5VL<\/p>\n<p>FTX24N5VL7<\/p>\n<p>FTX25K5V1B<\/p>\n<p>FTX25KMV1B<\/p>\n<p>FTX25KNV1B<\/p>\n<p>FTX25KV1B<\/p>\n<p>FTX35K5V1B<\/p>\n<p>FTX35KMV1B<\/p>\n<p>FTX35KNV1B<\/p>\n<p>FTX35KV1B<\/p>\n<p>FTXB226TCLW<\/p>\n<p>FTXB226VCLW<\/p>\n<p>FTXB226WCLW<\/p>\n<p>FTXB236TCLW<\/p>\n<p>FTXB236VCLW<\/p>\n<p>FTXB236WCLW<\/p>\n<p>FTXB326TCLW<\/p>\n<p>FTXB326VCLW<\/p>\n<p>FTXB326WCLW<\/p>\n<p>FTXB336TCLW<\/p>\n<p>FTXB336VCLW<\/p>\n<p>FTXB336WCLW<\/p>\n<p>FTXF20A5V1B<\/p>\n<p>FTXF20C5V1B<\/p>\n<p>FTXF20D5V1B<\/p>\n<p>FTXF20TVMA<\/p>\n<p>FTXF20W1VMA<\/p>\n<p>FTXF20WVMA<\/p>\n<p>FTXF25A5V1B<\/p>\n<p>FTXF25C5V1B<\/p>\n<p>FTXF25D5V1B<\/p>\n<p>FTXF25TVMA<\/p>\n<p>FTXF25W1VMA<\/p>\n<p>FTXF25WVMA<\/p>\n<p>FTXF35A5V1B<\/p>\n<p>FTXF35C5V1B<\/p>\n<p>FTXF35D5V1B<\/p>\n<p>FTXF35TVMA<\/p>\n<p>FTXF35W1VMA<\/p>\n<p>FTXF35WVMA<\/p>\n<p>FTXF42C5V1B<\/p>\n<p>FTXF42D5V1B<\/p>\n<p>FTXF46TVMA<\/p>\n<p>FTXF46W1VMA<\/p>\n<p>FTXF46WVMA<\/p>\n<p>FTXF50TVMA<\/p>\n<p>FTXF50W1VMA<\/p>\n<p>FTXF50WVMA<\/p>\n<p>FTXF60TVMA<\/p>\n<p>FTXF60W1VMA<\/p>\n<p>FTXF60WVMA<\/p>\n<p>FTXF71TVMA<\/p>\n<p>FTXF71W1VMA<\/p>\n<p>FTXF71WVMA<\/p>\n<p>FTXJ326VC-W<\/p>\n<p>FTXJ326WC-W<\/p>\n<p>FTXJ336VC-W<\/p>\n<p>FTXJ336WC-W<\/p>\n<p>FTXM226VC<\/p>\n<p>FTXM226WC<\/p>\n<p>FTXM236VC<\/p>\n<p>FTXM236WC<\/p>\n<p>FTXM326VC<\/p>\n<p>FTXM326WC<\/p>\n<p>FTXM336VC<\/p>\n<p>FTXM336WC<\/p>\n<p>FTXN09NMVJU<\/p>\n<p>FTXN12NMVJU<\/p>\n<p>FTXP20L5V1B<\/p>\n<p>FTXP20M5V1B<\/p>\n<p>FTXP20M5V1B9<\/p>\n<p>FTXP20N5V1B<\/p>\n<p>FTXP225RCNW<\/p>\n<p>FTXP226RCDW<\/p>\n<p>FTXP235RCNW<\/p>\n<p>FTXP236RCDW<\/p>\n<p>FTXP25L5V1B<\/p>\n<p>FTXP25M5V1B,FTXP25M5V1B9,FTXP25N5V1B,FTXP325RC<\/p>\n","protected":false},"excerpt":{"rendered":"<p>IC3420-1 &#8211;\u00a0PLACA RECEPTORA DAIKIN 3P185701-4P \u00a0! Esta Placa possui 10 pinos de conex\u00e3o \u00a0MODELOS COMPAT\u00cdVEIS \u00a0ATKA25UAVMV ATKA35UAVMV ATKC09TV2S ATKC12TV2S ATKC15TV2S ATKC18TV2S ATKC24TV2S ATKQ25TAVMV ATKQ35TAVMV ATX20K5V1B ATX20KV1B ATX25K5V1B ATX25KV1B ATX35K5V1B ATX35KV1B ATXD25A5V1B ATXD35A5V1B ATXF20C5V1B ATXF20D5V1B ATXF25C5V1B ATXF25D5V1B ATXF35C5V1B ATXF35D5V1B ATXF42C5V1B ATXF42D5V1B ATXP20L5V1B ATXP20M5V1B ATXP20N5V1B ATXP226RC-W ATXP236RC-W ATXP25L5V1B ATXP25M5V1B ATXP25N5V1B ATXP35L5V1B ATXP35M5V1B ATXP35N5V1B ATXQ25AMV1B ATXQ35AMV1B ATXR226RC-N ATXR226RC-W&#8230;<\/p>\n","protected":false},"featured_media":8926,"comment_status":"open","ping_status":"closed","template":"","meta":{"_kadence_starter_templates_imported_post":false,"_kad_post_transparent":"","_kad_post_title":"","_kad_post_layout":"","_kad_post_sidebar_id":"","_kad_post_content_style":"","_kad_post_vertical_padding":"","_kad_post_feature":"","_kad_post_feature_position":"","_kad_post_header":false,"_kad_post_footer":false,"jetpack_publicize_message":"","jetpack_publicize_feature_enabled":true,"jetpack_social_post_already_shared":false,"jetpack_social_options":{"image_generator_settings":{"template":"highway","default_image_id":0,"font":"","enabled":false},"version":2}},"product_brand":[],"product_cat":[261,192],"product_tag":[],"class_list":{"0":"post-8927","1":"product","2":"type-product","3":"status-publish","4":"has-post-thumbnail","6":"product_cat-daikin","7":"product_cat-placa-display-split","9":"first","10":"instock","11":"shipping-taxable","12":"purchasable","13":"product-type-simple","14":"entry","15":"content-bg","16":"loop-entry"},"yoast_head":"<!-- This site is optimized with the Yoast SEO plugin v27.5 - https:\/\/yoast.com\/product\/yoast-seo-wordpress\/ -->\n<title>Placa Receptora Ar Condicionado Daikin 3p185701-4p - Loja - Dual Gree Servi\u00e7os | Pe\u00e7as<\/title>\n<meta name=\"robots\" content=\"index, follow, max-snippet:-1, max-image-preview:large, max-video-preview:-1\" \/>\n<link rel=\"canonical\" href=\"https:\/\/dualgree.com.br\/loja\/produto\/placa-receptora-ar-condicionado-daikin-3p185701-4p\/\" \/>\n<meta property=\"og:locale\" content=\"pt_BR\" \/>\n<meta property=\"og:type\" content=\"article\" \/>\n<meta property=\"og:title\" content=\"Placa Receptora Ar Condicionado Daikin 3p185701-4p - Loja - Dual Gree Servi\u00e7os | Pe\u00e7as\" \/>\n<meta property=\"og:description\" content=\"IC3420-1 &#8211;\u00a0PLACA RECEPTORA DAIKIN 3P185701-4P \u00a0! Esta Placa possui 10 pinos de conex\u00e3o \u00a0MODELOS COMPAT\u00cdVEIS \u00a0ATKA25UAVMV ATKA35UAVMV ATKC09TV2S ATKC12TV2S ATKC15TV2S ATKC18TV2S ATKC24TV2S ATKQ25TAVMV ATKQ35TAVMV ATX20K5V1B ATX20KV1B ATX25K5V1B ATX25KV1B ATX35K5V1B ATX35KV1B ATXD25A5V1B ATXD35A5V1B ATXF20C5V1B ATXF20D5V1B ATXF25C5V1B ATXF25D5V1B ATXF35C5V1B ATXF35D5V1B ATXF42C5V1B ATXF42D5V1B ATXP20L5V1B ATXP20M5V1B ATXP20N5V1B ATXP226RC-W ATXP236RC-W ATXP25L5V1B ATXP25M5V1B ATXP25N5V1B ATXP35L5V1B ATXP35M5V1B ATXP35N5V1B ATXQ25AMV1B ATXQ35AMV1B ATXR226RC-N ATXR226RC-W...\" \/>\n<meta property=\"og:url\" content=\"https:\/\/dualgree.com.br\/loja\/produto\/placa-receptora-ar-condicionado-daikin-3p185701-4p\/\" \/>\n<meta property=\"og:site_name\" content=\"Loja - Dual Gree Servi\u00e7os | Pe\u00e7as\" \/>\n<meta property=\"article:modified_time\" content=\"2026-04-28T17:40:16+00:00\" \/>\n<meta name=\"twitter:card\" content=\"summary_large_image\" \/>\n<meta name=\"twitter:label1\" content=\"Est. tempo de leitura\" \/>\n\t<meta name=\"twitter:data1\" content=\"5 minutos\" \/>\n<script type=\"application\/ld+json\" class=\"yoast-schema-graph\">{\"@context\":\"https:\\\/\\\/schema.org\",\"@graph\":[{\"@type\":\"WebPage\",\"@id\":\"https:\\\/\\\/dualgree.com.br\\\/loja\\\/produto\\\/placa-receptora-ar-condicionado-daikin-3p185701-4p\\\/\",\"url\":\"https:\\\/\\\/dualgree.com.br\\\/loja\\\/produto\\\/placa-receptora-ar-condicionado-daikin-3p185701-4p\\\/\",\"name\":\"Placa Receptora Ar Condicionado Daikin 3p185701-4p - Loja - Dual Gree Servi\u00e7os | Pe\u00e7as\",\"isPartOf\":{\"@id\":\"https:\\\/\\\/dualgree.com.br\\\/loja\\\/#website\"},\"primaryImageOfPage\":{\"@id\":\"https:\\\/\\\/dualgree.com.br\\\/loja\\\/produto\\\/placa-receptora-ar-condicionado-daikin-3p185701-4p\\\/#primaryimage\"},\"image\":{\"@id\":\"https:\\\/\\\/dualgree.com.br\\\/loja\\\/produto\\\/placa-receptora-ar-condicionado-daikin-3p185701-4p\\\/#primaryimage\"},\"thumbnailUrl\":\"https:\\\/\\\/dualgree.com.br\\\/loja\\\/wp-content\\\/uploads\\\/2025\\\/02\\\/15283531804-3420-placa-receptora-daikin-3p185701-4p.jpg\",\"datePublished\":\"2025-02-04T16:59:04+00:00\",\"dateModified\":\"2026-04-28T17:40:16+00:00\",\"breadcrumb\":{\"@id\":\"https:\\\/\\\/dualgree.com.br\\\/loja\\\/produto\\\/placa-receptora-ar-condicionado-daikin-3p185701-4p\\\/#breadcrumb\"},\"inLanguage\":\"pt-BR\",\"potentialAction\":[{\"@type\":\"ReadAction\",\"target\":[\"https:\\\/\\\/dualgree.com.br\\\/loja\\\/produto\\\/placa-receptora-ar-condicionado-daikin-3p185701-4p\\\/\"]}]},{\"@type\":\"ImageObject\",\"inLanguage\":\"pt-BR\",\"@id\":\"https:\\\/\\\/dualgree.com.br\\\/loja\\\/produto\\\/placa-receptora-ar-condicionado-daikin-3p185701-4p\\\/#primaryimage\",\"url\":\"https:\\\/\\\/dualgree.com.br\\\/loja\\\/wp-content\\\/uploads\\\/2025\\\/02\\\/15283531804-3420-placa-receptora-daikin-3p185701-4p.jpg\",\"contentUrl\":\"https:\\\/\\\/dualgree.com.br\\\/loja\\\/wp-content\\\/uploads\\\/2025\\\/02\\\/15283531804-3420-placa-receptora-daikin-3p185701-4p.jpg\",\"width\":1280,\"height\":1280},{\"@type\":\"BreadcrumbList\",\"@id\":\"https:\\\/\\\/dualgree.com.br\\\/loja\\\/produto\\\/placa-receptora-ar-condicionado-daikin-3p185701-4p\\\/#breadcrumb\",\"itemListElement\":[{\"@type\":\"ListItem\",\"position\":1,\"name\":\"In\u00edcio\",\"item\":\"https:\\\/\\\/dualgree.com.br\\\/loja\\\/\"},{\"@type\":\"ListItem\",\"position\":2,\"name\":\"Loja &#8211; Cat\u00e1logo de Pe\u00e7as\",\"item\":\"https:\\\/\\\/dualgree.com.br\\\/loja\\\/\"},{\"@type\":\"ListItem\",\"position\":3,\"name\":\"Placa Receptora Ar Condicionado Daikin 3p185701-4p\"}]},{\"@type\":\"WebSite\",\"@id\":\"https:\\\/\\\/dualgree.com.br\\\/loja\\\/#website\",\"url\":\"https:\\\/\\\/dualgree.com.br\\\/loja\\\/\",\"name\":\"Loja - Dual Gree Servi\u00e7os | Partes e Pe\u00e7as\",\"description\":\"Catalogo de Pe\u00e7as para ar condicionado\",\"publisher\":{\"@id\":\"https:\\\/\\\/dualgree.com.br\\\/loja\\\/#organization\"},\"potentialAction\":[{\"@type\":\"SearchAction\",\"target\":{\"@type\":\"EntryPoint\",\"urlTemplate\":\"https:\\\/\\\/dualgree.com.br\\\/loja\\\/?s={search_term_string}\"},\"query-input\":{\"@type\":\"PropertyValueSpecification\",\"valueRequired\":true,\"valueName\":\"search_term_string\"}}],\"inLanguage\":\"pt-BR\"},{\"@type\":\"Organization\",\"@id\":\"https:\\\/\\\/dualgree.com.br\\\/loja\\\/#organization\",\"name\":\"Loja Dual Gree Servi\u00e7o\",\"url\":\"https:\\\/\\\/dualgree.com.br\\\/loja\\\/\",\"logo\":{\"@type\":\"ImageObject\",\"inLanguage\":\"pt-BR\",\"@id\":\"https:\\\/\\\/dualgree.com.br\\\/loja\\\/#\\\/schema\\\/logo\\\/image\\\/\",\"url\":\"https:\\\/\\\/dualgree.com.br\\\/loja\\\/wp-content\\\/uploads\\\/2024\\\/09\\\/teste-logo-ecommerce-dual-1-e1725909304971.png\",\"contentUrl\":\"https:\\\/\\\/dualgree.com.br\\\/loja\\\/wp-content\\\/uploads\\\/2024\\\/09\\\/teste-logo-ecommerce-dual-1-e1725909304971.png\",\"width\":470,\"height\":157,\"caption\":\"Loja Dual Gree Servi\u00e7o\"},\"image\":{\"@id\":\"https:\\\/\\\/dualgree.com.br\\\/loja\\\/#\\\/schema\\\/logo\\\/image\\\/\"}}]}<\/script>\n<!-- \/ Yoast SEO plugin. -->","yoast_head_json":{"title":"Placa Receptora Ar Condicionado Daikin 3p185701-4p - Loja - Dual Gree Servi\u00e7os | Pe\u00e7as","robots":{"index":"index","follow":"follow","max-snippet":"max-snippet:-1","max-image-preview":"max-image-preview:large","max-video-preview":"max-video-preview:-1"},"canonical":"https:\/\/dualgree.com.br\/loja\/produto\/placa-receptora-ar-condicionado-daikin-3p185701-4p\/","og_locale":"pt_BR","og_type":"article","og_title":"Placa Receptora Ar Condicionado Daikin 3p185701-4p - Loja - Dual Gree Servi\u00e7os | Pe\u00e7as","og_description":"IC3420-1 &#8211;\u00a0PLACA RECEPTORA DAIKIN 3P185701-4P \u00a0! Esta Placa possui 10 pinos de conex\u00e3o \u00a0MODELOS COMPAT\u00cdVEIS \u00a0ATKA25UAVMV ATKA35UAVMV ATKC09TV2S ATKC12TV2S ATKC15TV2S ATKC18TV2S ATKC24TV2S ATKQ25TAVMV ATKQ35TAVMV ATX20K5V1B ATX20KV1B ATX25K5V1B ATX25KV1B ATX35K5V1B ATX35KV1B ATXD25A5V1B ATXD35A5V1B ATXF20C5V1B ATXF20D5V1B ATXF25C5V1B ATXF25D5V1B ATXF35C5V1B ATXF35D5V1B ATXF42C5V1B ATXF42D5V1B ATXP20L5V1B ATXP20M5V1B ATXP20N5V1B ATXP226RC-W ATXP236RC-W ATXP25L5V1B ATXP25M5V1B ATXP25N5V1B ATXP35L5V1B ATXP35M5V1B ATXP35N5V1B ATXQ25AMV1B ATXQ35AMV1B ATXR226RC-N ATXR226RC-W...","og_url":"https:\/\/dualgree.com.br\/loja\/produto\/placa-receptora-ar-condicionado-daikin-3p185701-4p\/","og_site_name":"Loja - Dual Gree Servi\u00e7os | Pe\u00e7as","article_modified_time":"2026-04-28T17:40:16+00:00","twitter_card":"summary_large_image","twitter_misc":{"Est. tempo de leitura":"5 minutos"},"schema":{"@context":"https:\/\/schema.org","@graph":[{"@type":"WebPage","@id":"https:\/\/dualgree.com.br\/loja\/produto\/placa-receptora-ar-condicionado-daikin-3p185701-4p\/","url":"https:\/\/dualgree.com.br\/loja\/produto\/placa-receptora-ar-condicionado-daikin-3p185701-4p\/","name":"Placa Receptora Ar Condicionado Daikin 3p185701-4p - Loja - Dual Gree Servi\u00e7os | Pe\u00e7as","isPartOf":{"@id":"https:\/\/dualgree.com.br\/loja\/#website"},"primaryImageOfPage":{"@id":"https:\/\/dualgree.com.br\/loja\/produto\/placa-receptora-ar-condicionado-daikin-3p185701-4p\/#primaryimage"},"image":{"@id":"https:\/\/dualgree.com.br\/loja\/produto\/placa-receptora-ar-condicionado-daikin-3p185701-4p\/#primaryimage"},"thumbnailUrl":"https:\/\/dualgree.com.br\/loja\/wp-content\/uploads\/2025\/02\/15283531804-3420-placa-receptora-daikin-3p185701-4p.jpg","datePublished":"2025-02-04T16:59:04+00:00","dateModified":"2026-04-28T17:40:16+00:00","breadcrumb":{"@id":"https:\/\/dualgree.com.br\/loja\/produto\/placa-receptora-ar-condicionado-daikin-3p185701-4p\/#breadcrumb"},"inLanguage":"pt-BR","potentialAction":[{"@type":"ReadAction","target":["https:\/\/dualgree.com.br\/loja\/produto\/placa-receptora-ar-condicionado-daikin-3p185701-4p\/"]}]},{"@type":"ImageObject","inLanguage":"pt-BR","@id":"https:\/\/dualgree.com.br\/loja\/produto\/placa-receptora-ar-condicionado-daikin-3p185701-4p\/#primaryimage","url":"https:\/\/dualgree.com.br\/loja\/wp-content\/uploads\/2025\/02\/15283531804-3420-placa-receptora-daikin-3p185701-4p.jpg","contentUrl":"https:\/\/dualgree.com.br\/loja\/wp-content\/uploads\/2025\/02\/15283531804-3420-placa-receptora-daikin-3p185701-4p.jpg","width":1280,"height":1280},{"@type":"BreadcrumbList","@id":"https:\/\/dualgree.com.br\/loja\/produto\/placa-receptora-ar-condicionado-daikin-3p185701-4p\/#breadcrumb","itemListElement":[{"@type":"ListItem","position":1,"name":"In\u00edcio","item":"https:\/\/dualgree.com.br\/loja\/"},{"@type":"ListItem","position":2,"name":"Loja &#8211; Cat\u00e1logo de Pe\u00e7as","item":"https:\/\/dualgree.com.br\/loja\/"},{"@type":"ListItem","position":3,"name":"Placa Receptora Ar Condicionado Daikin 3p185701-4p"}]},{"@type":"WebSite","@id":"https:\/\/dualgree.com.br\/loja\/#website","url":"https:\/\/dualgree.com.br\/loja\/","name":"Loja - Dual Gree Servi\u00e7os | Partes e Pe\u00e7as","description":"Catalogo de Pe\u00e7as para ar condicionado","publisher":{"@id":"https:\/\/dualgree.com.br\/loja\/#organization"},"potentialAction":[{"@type":"SearchAction","target":{"@type":"EntryPoint","urlTemplate":"https:\/\/dualgree.com.br\/loja\/?s={search_term_string}"},"query-input":{"@type":"PropertyValueSpecification","valueRequired":true,"valueName":"search_term_string"}}],"inLanguage":"pt-BR"},{"@type":"Organization","@id":"https:\/\/dualgree.com.br\/loja\/#organization","name":"Loja Dual Gree Servi\u00e7o","url":"https:\/\/dualgree.com.br\/loja\/","logo":{"@type":"ImageObject","inLanguage":"pt-BR","@id":"https:\/\/dualgree.com.br\/loja\/#\/schema\/logo\/image\/","url":"https:\/\/dualgree.com.br\/loja\/wp-content\/uploads\/2024\/09\/teste-logo-ecommerce-dual-1-e1725909304971.png","contentUrl":"https:\/\/dualgree.com.br\/loja\/wp-content\/uploads\/2024\/09\/teste-logo-ecommerce-dual-1-e1725909304971.png","width":470,"height":157,"caption":"Loja Dual Gree Servi\u00e7o"},"image":{"@id":"https:\/\/dualgree.com.br\/loja\/#\/schema\/logo\/image\/"}}]}},"jetpack_publicize_connections":[],"jetpack_sharing_enabled":true,"jetpack_likes_enabled":true,"_links":{"self":[{"href":"https:\/\/dualgree.com.br\/loja\/wp-json\/wp\/v2\/product\/8927","targetHints":{"allow":["GET"]}}],"collection":[{"href":"https:\/\/dualgree.com.br\/loja\/wp-json\/wp\/v2\/product"}],"about":[{"href":"https:\/\/dualgree.com.br\/loja\/wp-json\/wp\/v2\/types\/product"}],"replies":[{"embeddable":true,"href":"https:\/\/dualgree.com.br\/loja\/wp-json\/wp\/v2\/comments?post=8927"}],"wp:featuredmedia":[{"embeddable":true,"href":"https:\/\/dualgree.com.br\/loja\/wp-json\/wp\/v2\/media\/8926"}],"wp:attachment":[{"href":"https:\/\/dualgree.com.br\/loja\/wp-json\/wp\/v2\/media?parent=8927"}],"wp:term":[{"taxonomy":"product_brand","embeddable":true,"href":"https:\/\/dualgree.com.br\/loja\/wp-json\/wp\/v2\/product_brand?post=8927"},{"taxonomy":"product_cat","embeddable":true,"href":"https:\/\/dualgree.com.br\/loja\/wp-json\/wp\/v2\/product_cat?post=8927"},{"taxonomy":"product_tag","embeddable":true,"href":"https:\/\/dualgree.com.br\/loja\/wp-json\/wp\/v2\/product_tag?post=8927"}],"curies":[{"name":"wp","href":"https:\/\/api.w.org\/{rel}","templated":true}]}}