{"id":8977,"date":"2025-02-21T14:31:05","date_gmt":"2025-02-21T14:31:05","guid":{"rendered":"https:\/\/dualgree.com.br\/loja\/produto\/motor-ventilador-do-condensadora-fujitsu-mfe-60tvt-100w-aoba18lat3\/"},"modified":"2026-04-14T13:54:28","modified_gmt":"2026-04-14T13:54:28","slug":"motor-ventilador-do-condensadora-fujitsu-mfe-60tvt-100w-aoba18lat3","status":"publish","type":"product","link":"https:\/\/dualgree.com.br\/loja\/produto\/motor-ventilador-do-condensadora-fujitsu-mfe-60tvt-100w-aoba18lat3\/","title":{"rendered":"MOTOR VENTILADOR DO CONDENSADORA  FUJITSU MFE-60TVT  100w AO..."},"content":{"rendered":"<p>DG3751 &#8211;\u00a0MOTOR VENTILADOR CONDENSADOR FUJITSU MFE-60TVT 100w (conector pequeno)<\/p>\n<p>\u00a0<\/p>\n<p>ATEN\u00c7\u00c3O BORNE QUE VAI NA PLACA \u00c9 O PEQUENO ! vEJA AS FOTOS.<\/p>\n<p>\u00a0<\/p>\n<p>MODELOS COMPAT\u00cdVEIS\u00a0<\/p>\n<p>\u00a0<\/p>\n<p>\u00a0<\/p>\n<p>AOBA18LAT3<\/p>\n<p>\u00a0<\/p>\n<p>AOBA24LAT3<\/p>\n<p>\u00a0<\/p>\n<p>AOBA30LAT4<\/p>\n<p>\u00a0<\/p>\n<p>AOBA30LFTL<\/p>\n<p>\u00a0<\/p>\n<p>AOBA36LFTL<\/p>\n<p>\u00a0<\/p>\n<p>AOBG18LAT3<\/p>\n<p>\u00a0<\/p>\n<p>AOBG24LAT3<\/p>\n<p>\u00a0<\/p>\n<p>AOBG30JFTB<\/p>\n<p>\u00a0<\/p>\n<p>AOBG30LAT4<\/p>\n<p>\u00a0<\/p>\n<p>AOBG30LFTB<\/p>\n<p>\u00a0<\/p>\n<p>AOBG36JMTA<\/p>\n<p>\u00a0<\/p>\n<p>AOBG36LMTA<\/p>\n<p>\u00a0<\/p>\n<p>AOBR30JCT<\/p>\n<p>\u00a0<\/p>\n<p>AOBR30JFT<\/p>\n<p>\u00a0<\/p>\n<p>AOBR30LCT<\/p>\n<p>\u00a0<\/p>\n<p>AOBR30LFT<\/p>\n","protected":false},"excerpt":{"rendered":"<p>DG3751 &#8211;\u00a0MOTOR VENTILADOR CONDENSADOR FUJITSU MFE-60TVT 100w (conector pequeno) \u00a0 ATEN\u00c7\u00c3O BORNE QUE VAI NA PLACA \u00c9 O PEQUENO ! vEJA AS FOTOS. \u00a0 MODELOS COMPAT\u00cdVEIS\u00a0 \u00a0 \u00a0 AOBA18LAT3 \u00a0 AOBA24LAT3 \u00a0 AOBA30LAT4 \u00a0 AOBA30LFTL \u00a0 AOBA36LFTL \u00a0 AOBG18LAT3 \u00a0 AOBG24LAT3 \u00a0 AOBG30JFTB \u00a0 AOBG30LAT4 \u00a0 AOBG30LFTB \u00a0 AOBG36JMTA \u00a0 AOBG36LMTA \u00a0 AOBR30JCT \u00a0 AOBR30JFT&#8230;<\/p>\n","protected":false},"featured_media":8973,"comment_status":"open","ping_status":"closed","template":"","meta":{"_kadence_starter_templates_imported_post":false,"_kad_post_transparent":"","_kad_post_title":"","_kad_post_layout":"","_kad_post_sidebar_id":"","_kad_post_content_style":"","_kad_post_vertical_padding":"","_kad_post_feature":"","_kad_post_feature_position":"","_kad_post_header":false,"_kad_post_footer":false,"jetpack_publicize_message":"","jetpack_publicize_feature_enabled":true,"jetpack_social_post_already_shared":false,"jetpack_social_options":{"image_generator_settings":{"template":"highway","default_image_id":0,"font":"","enabled":false},"version":2}},"product_brand":[],"product_cat":[187,233],"product_tag":[],"class_list":{"0":"post-8977","1":"product","2":"type-product","3":"status-publish","4":"has-post-thumbnail","6":"product_cat-fujitsu","7":"product_cat-motor-da-condensadora-split","9":"first","10":"instock","11":"shipping-taxable","12":"purchasable","13":"product-type-simple","14":"entry","15":"content-bg","16":"loop-entry"},"yoast_head":"<!-- This site is optimized with the Yoast SEO plugin v27.5 - https:\/\/yoast.com\/product\/yoast-seo-wordpress\/ -->\n<title>MOTOR VENTILADOR DO CONDENSADORA FUJITSU MFE-60TVT 100w AOBA18LAT3 - Loja - Dual Gree Servi\u00e7os | Pe\u00e7as<\/title>\n<meta name=\"robots\" content=\"index, follow, max-snippet:-1, max-image-preview:large, max-video-preview:-1\" \/>\n<link rel=\"canonical\" href=\"https:\/\/dualgree.com.br\/loja\/produto\/motor-ventilador-do-condensadora-fujitsu-mfe-60tvt-100w-aoba18lat3\/\" \/>\n<meta property=\"og:locale\" content=\"pt_BR\" \/>\n<meta property=\"og:type\" content=\"article\" \/>\n<meta property=\"og:title\" content=\"MOTOR VENTILADOR DO CONDENSADORA FUJITSU MFE-60TVT 100w AOBA18LAT3 - Loja - Dual Gree Servi\u00e7os | Pe\u00e7as\" \/>\n<meta property=\"og:description\" content=\"DG3751 &#8211;\u00a0MOTOR VENTILADOR CONDENSADOR FUJITSU MFE-60TVT 100w (conector pequeno) \u00a0 ATEN\u00c7\u00c3O BORNE QUE VAI NA PLACA \u00c9 O PEQUENO ! vEJA AS FOTOS. \u00a0 MODELOS COMPAT\u00cdVEIS\u00a0 \u00a0 \u00a0 AOBA18LAT3 \u00a0 AOBA24LAT3 \u00a0 AOBA30LAT4 \u00a0 AOBA30LFTL \u00a0 AOBA36LFTL \u00a0 AOBG18LAT3 \u00a0 AOBG24LAT3 \u00a0 AOBG30JFTB \u00a0 AOBG30LAT4 \u00a0 AOBG30LFTB \u00a0 AOBG36JMTA \u00a0 AOBG36LMTA \u00a0 AOBR30JCT \u00a0 AOBR30JFT...\" \/>\n<meta property=\"og:url\" content=\"https:\/\/dualgree.com.br\/loja\/produto\/motor-ventilador-do-condensadora-fujitsu-mfe-60tvt-100w-aoba18lat3\/\" \/>\n<meta property=\"og:site_name\" content=\"Loja - Dual Gree Servi\u00e7os | Pe\u00e7as\" \/>\n<meta property=\"article:modified_time\" content=\"2026-04-14T13:54:28+00:00\" \/>\n<meta name=\"twitter:card\" content=\"summary_large_image\" \/>\n<script type=\"application\/ld+json\" class=\"yoast-schema-graph\">{\"@context\":\"https:\\\/\\\/schema.org\",\"@graph\":[{\"@type\":\"WebPage\",\"@id\":\"https:\\\/\\\/dualgree.com.br\\\/loja\\\/produto\\\/motor-ventilador-do-condensadora-fujitsu-mfe-60tvt-100w-aoba18lat3\\\/\",\"url\":\"https:\\\/\\\/dualgree.com.br\\\/loja\\\/produto\\\/motor-ventilador-do-condensadora-fujitsu-mfe-60tvt-100w-aoba18lat3\\\/\",\"name\":\"MOTOR VENTILADOR DO CONDENSADORA FUJITSU MFE-60TVT 100w AOBA18LAT3 - Loja - Dual Gree Servi\u00e7os | Pe\u00e7as\",\"isPartOf\":{\"@id\":\"https:\\\/\\\/dualgree.com.br\\\/loja\\\/#website\"},\"primaryImageOfPage\":{\"@id\":\"https:\\\/\\\/dualgree.com.br\\\/loja\\\/produto\\\/motor-ventilador-do-condensadora-fujitsu-mfe-60tvt-100w-aoba18lat3\\\/#primaryimage\"},\"image\":{\"@id\":\"https:\\\/\\\/dualgree.com.br\\\/loja\\\/produto\\\/motor-ventilador-do-condensadora-fujitsu-mfe-60tvt-100w-aoba18lat3\\\/#primaryimage\"},\"thumbnailUrl\":\"https:\\\/\\\/dualgree.com.br\\\/loja\\\/wp-content\\\/uploads\\\/2025\\\/02\\\/15328142731-dg3751-motor-ventilador-condensadora-fujitsu-mfe-60tvt-100w-aoba18lat3-9379385015-4.jpg\",\"datePublished\":\"2025-02-21T14:31:05+00:00\",\"dateModified\":\"2026-04-14T13:54:28+00:00\",\"breadcrumb\":{\"@id\":\"https:\\\/\\\/dualgree.com.br\\\/loja\\\/produto\\\/motor-ventilador-do-condensadora-fujitsu-mfe-60tvt-100w-aoba18lat3\\\/#breadcrumb\"},\"inLanguage\":\"pt-BR\",\"potentialAction\":[{\"@type\":\"ReadAction\",\"target\":[\"https:\\\/\\\/dualgree.com.br\\\/loja\\\/produto\\\/motor-ventilador-do-condensadora-fujitsu-mfe-60tvt-100w-aoba18lat3\\\/\"]}]},{\"@type\":\"ImageObject\",\"inLanguage\":\"pt-BR\",\"@id\":\"https:\\\/\\\/dualgree.com.br\\\/loja\\\/produto\\\/motor-ventilador-do-condensadora-fujitsu-mfe-60tvt-100w-aoba18lat3\\\/#primaryimage\",\"url\":\"https:\\\/\\\/dualgree.com.br\\\/loja\\\/wp-content\\\/uploads\\\/2025\\\/02\\\/15328142731-dg3751-motor-ventilador-condensadora-fujitsu-mfe-60tvt-100w-aoba18lat3-9379385015-4.jpg\",\"contentUrl\":\"https:\\\/\\\/dualgree.com.br\\\/loja\\\/wp-content\\\/uploads\\\/2025\\\/02\\\/15328142731-dg3751-motor-ventilador-condensadora-fujitsu-mfe-60tvt-100w-aoba18lat3-9379385015-4.jpg\",\"width\":1280,\"height\":1280},{\"@type\":\"BreadcrumbList\",\"@id\":\"https:\\\/\\\/dualgree.com.br\\\/loja\\\/produto\\\/motor-ventilador-do-condensadora-fujitsu-mfe-60tvt-100w-aoba18lat3\\\/#breadcrumb\",\"itemListElement\":[{\"@type\":\"ListItem\",\"position\":1,\"name\":\"In\u00edcio\",\"item\":\"https:\\\/\\\/dualgree.com.br\\\/loja\\\/\"},{\"@type\":\"ListItem\",\"position\":2,\"name\":\"Loja &#8211; Cat\u00e1logo de Pe\u00e7as\",\"item\":\"https:\\\/\\\/dualgree.com.br\\\/loja\\\/\"},{\"@type\":\"ListItem\",\"position\":3,\"name\":\"MOTOR VENTILADOR DO CONDENSADORA FUJITSU MFE-60TVT 100w AO...\"}]},{\"@type\":\"WebSite\",\"@id\":\"https:\\\/\\\/dualgree.com.br\\\/loja\\\/#website\",\"url\":\"https:\\\/\\\/dualgree.com.br\\\/loja\\\/\",\"name\":\"Loja - Dual Gree Servi\u00e7os | Partes e Pe\u00e7as\",\"description\":\"Catalogo de Pe\u00e7as para ar condicionado\",\"publisher\":{\"@id\":\"https:\\\/\\\/dualgree.com.br\\\/loja\\\/#organization\"},\"potentialAction\":[{\"@type\":\"SearchAction\",\"target\":{\"@type\":\"EntryPoint\",\"urlTemplate\":\"https:\\\/\\\/dualgree.com.br\\\/loja\\\/?s={search_term_string}\"},\"query-input\":{\"@type\":\"PropertyValueSpecification\",\"valueRequired\":true,\"valueName\":\"search_term_string\"}}],\"inLanguage\":\"pt-BR\"},{\"@type\":\"Organization\",\"@id\":\"https:\\\/\\\/dualgree.com.br\\\/loja\\\/#organization\",\"name\":\"Loja Dual Gree Servi\u00e7o\",\"url\":\"https:\\\/\\\/dualgree.com.br\\\/loja\\\/\",\"logo\":{\"@type\":\"ImageObject\",\"inLanguage\":\"pt-BR\",\"@id\":\"https:\\\/\\\/dualgree.com.br\\\/loja\\\/#\\\/schema\\\/logo\\\/image\\\/\",\"url\":\"https:\\\/\\\/dualgree.com.br\\\/loja\\\/wp-content\\\/uploads\\\/2024\\\/09\\\/teste-logo-ecommerce-dual-1-e1725909304971.png\",\"contentUrl\":\"https:\\\/\\\/dualgree.com.br\\\/loja\\\/wp-content\\\/uploads\\\/2024\\\/09\\\/teste-logo-ecommerce-dual-1-e1725909304971.png\",\"width\":470,\"height\":157,\"caption\":\"Loja Dual Gree Servi\u00e7o\"},\"image\":{\"@id\":\"https:\\\/\\\/dualgree.com.br\\\/loja\\\/#\\\/schema\\\/logo\\\/image\\\/\"}}]}<\/script>\n<!-- \/ Yoast SEO plugin. -->","yoast_head_json":{"title":"MOTOR VENTILADOR DO CONDENSADORA FUJITSU MFE-60TVT 100w AOBA18LAT3 - Loja - Dual Gree Servi\u00e7os | Pe\u00e7as","robots":{"index":"index","follow":"follow","max-snippet":"max-snippet:-1","max-image-preview":"max-image-preview:large","max-video-preview":"max-video-preview:-1"},"canonical":"https:\/\/dualgree.com.br\/loja\/produto\/motor-ventilador-do-condensadora-fujitsu-mfe-60tvt-100w-aoba18lat3\/","og_locale":"pt_BR","og_type":"article","og_title":"MOTOR VENTILADOR DO CONDENSADORA FUJITSU MFE-60TVT 100w AOBA18LAT3 - Loja - Dual Gree Servi\u00e7os | Pe\u00e7as","og_description":"DG3751 &#8211;\u00a0MOTOR VENTILADOR CONDENSADOR FUJITSU MFE-60TVT 100w (conector pequeno) \u00a0 ATEN\u00c7\u00c3O BORNE QUE VAI NA PLACA \u00c9 O PEQUENO ! vEJA AS FOTOS. \u00a0 MODELOS COMPAT\u00cdVEIS\u00a0 \u00a0 \u00a0 AOBA18LAT3 \u00a0 AOBA24LAT3 \u00a0 AOBA30LAT4 \u00a0 AOBA30LFTL \u00a0 AOBA36LFTL \u00a0 AOBG18LAT3 \u00a0 AOBG24LAT3 \u00a0 AOBG30JFTB \u00a0 AOBG30LAT4 \u00a0 AOBG30LFTB \u00a0 AOBG36JMTA \u00a0 AOBG36LMTA \u00a0 AOBR30JCT \u00a0 AOBR30JFT...","og_url":"https:\/\/dualgree.com.br\/loja\/produto\/motor-ventilador-do-condensadora-fujitsu-mfe-60tvt-100w-aoba18lat3\/","og_site_name":"Loja - Dual Gree Servi\u00e7os | Pe\u00e7as","article_modified_time":"2026-04-14T13:54:28+00:00","twitter_card":"summary_large_image","schema":{"@context":"https:\/\/schema.org","@graph":[{"@type":"WebPage","@id":"https:\/\/dualgree.com.br\/loja\/produto\/motor-ventilador-do-condensadora-fujitsu-mfe-60tvt-100w-aoba18lat3\/","url":"https:\/\/dualgree.com.br\/loja\/produto\/motor-ventilador-do-condensadora-fujitsu-mfe-60tvt-100w-aoba18lat3\/","name":"MOTOR VENTILADOR DO CONDENSADORA FUJITSU MFE-60TVT 100w AOBA18LAT3 - Loja - Dual Gree Servi\u00e7os | Pe\u00e7as","isPartOf":{"@id":"https:\/\/dualgree.com.br\/loja\/#website"},"primaryImageOfPage":{"@id":"https:\/\/dualgree.com.br\/loja\/produto\/motor-ventilador-do-condensadora-fujitsu-mfe-60tvt-100w-aoba18lat3\/#primaryimage"},"image":{"@id":"https:\/\/dualgree.com.br\/loja\/produto\/motor-ventilador-do-condensadora-fujitsu-mfe-60tvt-100w-aoba18lat3\/#primaryimage"},"thumbnailUrl":"https:\/\/dualgree.com.br\/loja\/wp-content\/uploads\/2025\/02\/15328142731-dg3751-motor-ventilador-condensadora-fujitsu-mfe-60tvt-100w-aoba18lat3-9379385015-4.jpg","datePublished":"2025-02-21T14:31:05+00:00","dateModified":"2026-04-14T13:54:28+00:00","breadcrumb":{"@id":"https:\/\/dualgree.com.br\/loja\/produto\/motor-ventilador-do-condensadora-fujitsu-mfe-60tvt-100w-aoba18lat3\/#breadcrumb"},"inLanguage":"pt-BR","potentialAction":[{"@type":"ReadAction","target":["https:\/\/dualgree.com.br\/loja\/produto\/motor-ventilador-do-condensadora-fujitsu-mfe-60tvt-100w-aoba18lat3\/"]}]},{"@type":"ImageObject","inLanguage":"pt-BR","@id":"https:\/\/dualgree.com.br\/loja\/produto\/motor-ventilador-do-condensadora-fujitsu-mfe-60tvt-100w-aoba18lat3\/#primaryimage","url":"https:\/\/dualgree.com.br\/loja\/wp-content\/uploads\/2025\/02\/15328142731-dg3751-motor-ventilador-condensadora-fujitsu-mfe-60tvt-100w-aoba18lat3-9379385015-4.jpg","contentUrl":"https:\/\/dualgree.com.br\/loja\/wp-content\/uploads\/2025\/02\/15328142731-dg3751-motor-ventilador-condensadora-fujitsu-mfe-60tvt-100w-aoba18lat3-9379385015-4.jpg","width":1280,"height":1280},{"@type":"BreadcrumbList","@id":"https:\/\/dualgree.com.br\/loja\/produto\/motor-ventilador-do-condensadora-fujitsu-mfe-60tvt-100w-aoba18lat3\/#breadcrumb","itemListElement":[{"@type":"ListItem","position":1,"name":"In\u00edcio","item":"https:\/\/dualgree.com.br\/loja\/"},{"@type":"ListItem","position":2,"name":"Loja &#8211; Cat\u00e1logo de Pe\u00e7as","item":"https:\/\/dualgree.com.br\/loja\/"},{"@type":"ListItem","position":3,"name":"MOTOR VENTILADOR DO CONDENSADORA FUJITSU MFE-60TVT 100w AO..."}]},{"@type":"WebSite","@id":"https:\/\/dualgree.com.br\/loja\/#website","url":"https:\/\/dualgree.com.br\/loja\/","name":"Loja - Dual Gree Servi\u00e7os | Partes e Pe\u00e7as","description":"Catalogo de Pe\u00e7as para ar condicionado","publisher":{"@id":"https:\/\/dualgree.com.br\/loja\/#organization"},"potentialAction":[{"@type":"SearchAction","target":{"@type":"EntryPoint","urlTemplate":"https:\/\/dualgree.com.br\/loja\/?s={search_term_string}"},"query-input":{"@type":"PropertyValueSpecification","valueRequired":true,"valueName":"search_term_string"}}],"inLanguage":"pt-BR"},{"@type":"Organization","@id":"https:\/\/dualgree.com.br\/loja\/#organization","name":"Loja Dual Gree Servi\u00e7o","url":"https:\/\/dualgree.com.br\/loja\/","logo":{"@type":"ImageObject","inLanguage":"pt-BR","@id":"https:\/\/dualgree.com.br\/loja\/#\/schema\/logo\/image\/","url":"https:\/\/dualgree.com.br\/loja\/wp-content\/uploads\/2024\/09\/teste-logo-ecommerce-dual-1-e1725909304971.png","contentUrl":"https:\/\/dualgree.com.br\/loja\/wp-content\/uploads\/2024\/09\/teste-logo-ecommerce-dual-1-e1725909304971.png","width":470,"height":157,"caption":"Loja Dual Gree Servi\u00e7o"},"image":{"@id":"https:\/\/dualgree.com.br\/loja\/#\/schema\/logo\/image\/"}}]}},"jetpack_publicize_connections":[],"jetpack_sharing_enabled":true,"jetpack_likes_enabled":true,"_links":{"self":[{"href":"https:\/\/dualgree.com.br\/loja\/wp-json\/wp\/v2\/product\/8977","targetHints":{"allow":["GET"]}}],"collection":[{"href":"https:\/\/dualgree.com.br\/loja\/wp-json\/wp\/v2\/product"}],"about":[{"href":"https:\/\/dualgree.com.br\/loja\/wp-json\/wp\/v2\/types\/product"}],"replies":[{"embeddable":true,"href":"https:\/\/dualgree.com.br\/loja\/wp-json\/wp\/v2\/comments?post=8977"}],"wp:featuredmedia":[{"embeddable":true,"href":"https:\/\/dualgree.com.br\/loja\/wp-json\/wp\/v2\/media\/8973"}],"wp:attachment":[{"href":"https:\/\/dualgree.com.br\/loja\/wp-json\/wp\/v2\/media?parent=8977"}],"wp:term":[{"taxonomy":"product_brand","embeddable":true,"href":"https:\/\/dualgree.com.br\/loja\/wp-json\/wp\/v2\/product_brand?post=8977"},{"taxonomy":"product_cat","embeddable":true,"href":"https:\/\/dualgree.com.br\/loja\/wp-json\/wp\/v2\/product_cat?post=8977"},{"taxonomy":"product_tag","embeddable":true,"href":"https:\/\/dualgree.com.br\/loja\/wp-json\/wp\/v2\/product_tag?post=8977"}],"curies":[{"name":"wp","href":"https:\/\/api.w.org\/{rel}","templated":true}]}}