{"id":8985,"date":"2025-02-24T18:07:39","date_gmt":"2025-02-24T18:07:39","guid":{"rendered":"https:\/\/dualgree.com.br\/loja\/produto\/placa-display-ar-condicionado-consul-cbv12cbbna\/"},"modified":"2025-07-31T16:28:33","modified_gmt":"2025-07-31T16:28:33","slug":"placa-display-ar-condicionado-consul-cbv12cbbna","status":"publish","type":"product","link":"https:\/\/dualgree.com.br\/loja\/produto\/placa-display-ar-condicionado-consul-cbv12cbbna\/","title":{"rendered":"Placa Display Ar Condicionado Consul CBV12CBBNA"},"content":{"rendered":"<p><span style=\"font-family: arial, tahoma, verdana, helvetica;font-size: 14.72px\">IC2432 &#8211; Placa display receptora do evaporador ar condicionado Consul .<\/span><\/p>\n<p>\u00a0<\/p>\n<p><span style=\"font-family: arial, tahoma, verdana, helvetica;font-size: 14.72px\">Codigo na etiqueta.<\/span><br style=\"font-family: arial, tahoma, verdana, helvetica;font-size: 14.72px\" \/><span style=\"font-family: arial, tahoma, verdana, helvetica;font-size: 14.72px\">+kgk-7401.02-00 o-v1.0.<\/span><br style=\"font-family: arial, tahoma, verdana, helvetica;font-size: 14.72px\" \/><span style=\"font-family: arial, tahoma, verdana, helvetica;font-size: 14.72px\">1415080 kkfiq.<\/span><\/p>\n<p>\u00a0<\/p>\n<p><span style=\"font-family: arial, tahoma, verdana, helvetica;font-size: 14.72px\">Placa Display Consul MODELO.<\/span><\/p>\n<p>\u00a0<\/p>\n<p><span style=\"font-family: arial, tahoma, verdana, helvetica;font-size: 14.72px\">CBU22BBBNA.<\/span><\/p>\n<p><span style=\"font-family: arial, tahoma, verdana, helvetica;font-size: 14.72px\">CBV12CBBNA.<\/span><\/p>\n<p><span style=\"font-family: arial, tahoma, verdana, helvetica;font-size: 14.72px\">CBU12DBBNA.<\/span><\/p>\n<p><span style=\"font-family: arial, tahoma, verdana, helvetica\"><span style=\"font-size: 14.72px\">Placa da evaporadora consul CBV12DBBNA.<\/span><\/span><\/p>\n<p><span style=\"font-family: arial, tahoma, verdana, helvetica;font-size: 14.72px\">CBV18DBBNA.<\/span><\/p>\n<p><span style=\"font-family: arial, tahoma, verdana, helvetica;font-size: 14.72px\">CBU18DBBNA.<\/span><\/p>\n<p><br style=\"font-family: arial, tahoma, verdana, helvetica;font-size: 14.72px\" \/>iNFORMA\u00c7\u00c3O T\u00c9CNICA.<br style=\"font-family: arial, tahoma, verdana, helvetica;font-size: 14.72px\" \/><span style=\"font-family: arial, tahoma, verdana, helvetica;font-size: 14.72px\">Conector do cabo \u00e9 femea, CUIDADO&#8230;!<\/span><\/p>\n<p><br style=\"font-family: arial, tahoma, verdana, helvetica;font-size: 14.72px\" \/><span style=\"font-family: arial, tahoma, verdana, helvetica;font-size: 14.72px\">Roxo,azul,verde, amarelo, marrom<\/span><\/p>\n","protected":false},"excerpt":{"rendered":"<p>IC2432 &#8211; Placa display receptora do evaporador ar condicionado Consul . \u00a0 Codigo na etiqueta.+kgk-7401.02-00 o-v1.0.1415080 kkfiq. \u00a0 Placa Display Consul MODELO. \u00a0 CBU22BBBNA. CBV12CBBNA. CBU12DBBNA. Placa da evaporadora consul CBV12DBBNA. CBV18DBBNA. CBU18DBBNA. iNFORMA\u00c7\u00c3O T\u00c9CNICA.Conector do cabo \u00e9 femea, CUIDADO&#8230;! Roxo,azul,verde, amarelo, marrom<\/p>\n","protected":false},"featured_media":9629,"comment_status":"open","ping_status":"closed","template":"","meta":{"_kadence_starter_templates_imported_post":false,"_kad_post_transparent":"","_kad_post_title":"","_kad_post_layout":"","_kad_post_sidebar_id":"","_kad_post_content_style":"","_kad_post_vertical_padding":"","_kad_post_feature":"","_kad_post_feature_position":"","_kad_post_header":false,"_kad_post_footer":false,"jetpack_publicize_message":"","jetpack_publicize_feature_enabled":true,"jetpack_social_post_already_shared":false,"jetpack_social_options":{"image_generator_settings":{"template":"highway","default_image_id":0,"font":"","enabled":false},"version":2}},"product_brand":[],"product_cat":[171,192],"product_tag":[],"class_list":{"0":"post-8985","1":"product","2":"type-product","3":"status-publish","4":"has-post-thumbnail","6":"product_cat-consul","7":"product_cat-placa-display-split","9":"first","10":"outofstock","11":"shipping-taxable","12":"purchasable","13":"product-type-simple","14":"entry","15":"content-bg","16":"loop-entry"},"yoast_head":"<!-- This site is optimized with the Yoast SEO plugin v27.5 - https:\/\/yoast.com\/product\/yoast-seo-wordpress\/ -->\n<title>Placa Display Ar Condicionado Consul CBV12CBBNA - Loja - Dual Gree Servi\u00e7os | Pe\u00e7as<\/title>\n<meta name=\"robots\" content=\"index, follow, max-snippet:-1, max-image-preview:large, max-video-preview:-1\" \/>\n<link rel=\"canonical\" href=\"https:\/\/dualgree.com.br\/loja\/produto\/placa-display-ar-condicionado-consul-cbv12cbbna\/\" \/>\n<meta property=\"og:locale\" content=\"pt_BR\" \/>\n<meta property=\"og:type\" content=\"article\" \/>\n<meta property=\"og:title\" content=\"Placa Display Ar Condicionado Consul CBV12CBBNA - Loja - Dual Gree Servi\u00e7os | Pe\u00e7as\" \/>\n<meta property=\"og:description\" content=\"IC2432 &#8211; Placa display receptora do evaporador ar condicionado Consul . \u00a0 Codigo na etiqueta.+kgk-7401.02-00 o-v1.0.1415080 kkfiq. \u00a0 Placa Display Consul MODELO. \u00a0 CBU22BBBNA. CBV12CBBNA. CBU12DBBNA. Placa da evaporadora consul CBV12DBBNA. CBV18DBBNA. CBU18DBBNA. iNFORMA\u00c7\u00c3O T\u00c9CNICA.Conector do cabo \u00e9 femea, CUIDADO&#8230;! Roxo,azul,verde, amarelo, marrom\" \/>\n<meta property=\"og:url\" content=\"https:\/\/dualgree.com.br\/loja\/produto\/placa-display-ar-condicionado-consul-cbv12cbbna\/\" \/>\n<meta property=\"og:site_name\" content=\"Loja - Dual Gree Servi\u00e7os | Pe\u00e7as\" \/>\n<meta property=\"article:modified_time\" content=\"2025-07-31T16:28:33+00:00\" \/>\n<meta property=\"og:image\" content=\"https:\/\/dualgree.com.br\/loja\/wp-content\/uploads\/2025\/05\/15229835534-ic2432-placa-consul-photoroom-png-photoroom.webp\" \/>\n\t<meta property=\"og:image:width\" content=\"602\" \/>\n\t<meta property=\"og:image:height\" content=\"497\" \/>\n\t<meta property=\"og:image:type\" content=\"image\/png\" \/>\n<meta name=\"twitter:card\" content=\"summary_large_image\" \/>\n<script type=\"application\/ld+json\" class=\"yoast-schema-graph\">{\"@context\":\"https:\\\/\\\/schema.org\",\"@graph\":[{\"@type\":\"WebPage\",\"@id\":\"https:\\\/\\\/dualgree.com.br\\\/loja\\\/produto\\\/placa-display-ar-condicionado-consul-cbv12cbbna\\\/\",\"url\":\"https:\\\/\\\/dualgree.com.br\\\/loja\\\/produto\\\/placa-display-ar-condicionado-consul-cbv12cbbna\\\/\",\"name\":\"Placa Display Ar Condicionado Consul CBV12CBBNA - Loja - Dual Gree Servi\u00e7os | Pe\u00e7as\",\"isPartOf\":{\"@id\":\"https:\\\/\\\/dualgree.com.br\\\/loja\\\/#website\"},\"primaryImageOfPage\":{\"@id\":\"https:\\\/\\\/dualgree.com.br\\\/loja\\\/produto\\\/placa-display-ar-condicionado-consul-cbv12cbbna\\\/#primaryimage\"},\"image\":{\"@id\":\"https:\\\/\\\/dualgree.com.br\\\/loja\\\/produto\\\/placa-display-ar-condicionado-consul-cbv12cbbna\\\/#primaryimage\"},\"thumbnailUrl\":\"https:\\\/\\\/dualgree.com.br\\\/loja\\\/wp-content\\\/uploads\\\/2025\\\/05\\\/15229835534-ic2432-placa-consul-photoroom-png-photoroom-1.webp\",\"datePublished\":\"2025-02-24T18:07:39+00:00\",\"dateModified\":\"2025-07-31T16:28:33+00:00\",\"breadcrumb\":{\"@id\":\"https:\\\/\\\/dualgree.com.br\\\/loja\\\/produto\\\/placa-display-ar-condicionado-consul-cbv12cbbna\\\/#breadcrumb\"},\"inLanguage\":\"pt-BR\",\"potentialAction\":[{\"@type\":\"ReadAction\",\"target\":[\"https:\\\/\\\/dualgree.com.br\\\/loja\\\/produto\\\/placa-display-ar-condicionado-consul-cbv12cbbna\\\/\"]}]},{\"@type\":\"ImageObject\",\"inLanguage\":\"pt-BR\",\"@id\":\"https:\\\/\\\/dualgree.com.br\\\/loja\\\/produto\\\/placa-display-ar-condicionado-consul-cbv12cbbna\\\/#primaryimage\",\"url\":\"https:\\\/\\\/dualgree.com.br\\\/loja\\\/wp-content\\\/uploads\\\/2025\\\/05\\\/15229835534-ic2432-placa-consul-photoroom-png-photoroom-1.webp\",\"contentUrl\":\"https:\\\/\\\/dualgree.com.br\\\/loja\\\/wp-content\\\/uploads\\\/2025\\\/05\\\/15229835534-ic2432-placa-consul-photoroom-png-photoroom-1.webp\",\"width\":602,\"height\":497},{\"@type\":\"BreadcrumbList\",\"@id\":\"https:\\\/\\\/dualgree.com.br\\\/loja\\\/produto\\\/placa-display-ar-condicionado-consul-cbv12cbbna\\\/#breadcrumb\",\"itemListElement\":[{\"@type\":\"ListItem\",\"position\":1,\"name\":\"In\u00edcio\",\"item\":\"https:\\\/\\\/dualgree.com.br\\\/loja\\\/\"},{\"@type\":\"ListItem\",\"position\":2,\"name\":\"Loja &#8211; Cat\u00e1logo de Pe\u00e7as\",\"item\":\"https:\\\/\\\/dualgree.com.br\\\/loja\\\/\"},{\"@type\":\"ListItem\",\"position\":3,\"name\":\"Placa Display Ar Condicionado Consul CBV12CBBNA\"}]},{\"@type\":\"WebSite\",\"@id\":\"https:\\\/\\\/dualgree.com.br\\\/loja\\\/#website\",\"url\":\"https:\\\/\\\/dualgree.com.br\\\/loja\\\/\",\"name\":\"Loja - Dual Gree Servi\u00e7os | Partes e Pe\u00e7as\",\"description\":\"Catalogo de Pe\u00e7as para ar condicionado\",\"publisher\":{\"@id\":\"https:\\\/\\\/dualgree.com.br\\\/loja\\\/#organization\"},\"potentialAction\":[{\"@type\":\"SearchAction\",\"target\":{\"@type\":\"EntryPoint\",\"urlTemplate\":\"https:\\\/\\\/dualgree.com.br\\\/loja\\\/?s={search_term_string}\"},\"query-input\":{\"@type\":\"PropertyValueSpecification\",\"valueRequired\":true,\"valueName\":\"search_term_string\"}}],\"inLanguage\":\"pt-BR\"},{\"@type\":\"Organization\",\"@id\":\"https:\\\/\\\/dualgree.com.br\\\/loja\\\/#organization\",\"name\":\"Loja Dual Gree Servi\u00e7o\",\"url\":\"https:\\\/\\\/dualgree.com.br\\\/loja\\\/\",\"logo\":{\"@type\":\"ImageObject\",\"inLanguage\":\"pt-BR\",\"@id\":\"https:\\\/\\\/dualgree.com.br\\\/loja\\\/#\\\/schema\\\/logo\\\/image\\\/\",\"url\":\"https:\\\/\\\/dualgree.com.br\\\/loja\\\/wp-content\\\/uploads\\\/2024\\\/09\\\/teste-logo-ecommerce-dual-1-e1725909304971.png\",\"contentUrl\":\"https:\\\/\\\/dualgree.com.br\\\/loja\\\/wp-content\\\/uploads\\\/2024\\\/09\\\/teste-logo-ecommerce-dual-1-e1725909304971.png\",\"width\":470,\"height\":157,\"caption\":\"Loja Dual Gree Servi\u00e7o\"},\"image\":{\"@id\":\"https:\\\/\\\/dualgree.com.br\\\/loja\\\/#\\\/schema\\\/logo\\\/image\\\/\"}}]}<\/script>\n<!-- \/ Yoast SEO plugin. -->","yoast_head_json":{"title":"Placa Display Ar Condicionado Consul CBV12CBBNA - Loja - Dual Gree Servi\u00e7os | Pe\u00e7as","robots":{"index":"index","follow":"follow","max-snippet":"max-snippet:-1","max-image-preview":"max-image-preview:large","max-video-preview":"max-video-preview:-1"},"canonical":"https:\/\/dualgree.com.br\/loja\/produto\/placa-display-ar-condicionado-consul-cbv12cbbna\/","og_locale":"pt_BR","og_type":"article","og_title":"Placa Display Ar Condicionado Consul CBV12CBBNA - Loja - Dual Gree Servi\u00e7os | Pe\u00e7as","og_description":"IC2432 &#8211; Placa display receptora do evaporador ar condicionado Consul . \u00a0 Codigo na etiqueta.+kgk-7401.02-00 o-v1.0.1415080 kkfiq. \u00a0 Placa Display Consul MODELO. \u00a0 CBU22BBBNA. CBV12CBBNA. CBU12DBBNA. Placa da evaporadora consul CBV12DBBNA. CBV18DBBNA. CBU18DBBNA. iNFORMA\u00c7\u00c3O T\u00c9CNICA.Conector do cabo \u00e9 femea, CUIDADO&#8230;! Roxo,azul,verde, amarelo, marrom","og_url":"https:\/\/dualgree.com.br\/loja\/produto\/placa-display-ar-condicionado-consul-cbv12cbbna\/","og_site_name":"Loja - Dual Gree Servi\u00e7os | Pe\u00e7as","article_modified_time":"2025-07-31T16:28:33+00:00","og_image":[{"width":602,"height":497,"url":"https:\/\/dualgree.com.br\/loja\/wp-content\/uploads\/2025\/05\/15229835534-ic2432-placa-consul-photoroom-png-photoroom.webp","type":"image\/png"}],"twitter_card":"summary_large_image","schema":{"@context":"https:\/\/schema.org","@graph":[{"@type":"WebPage","@id":"https:\/\/dualgree.com.br\/loja\/produto\/placa-display-ar-condicionado-consul-cbv12cbbna\/","url":"https:\/\/dualgree.com.br\/loja\/produto\/placa-display-ar-condicionado-consul-cbv12cbbna\/","name":"Placa Display Ar Condicionado Consul CBV12CBBNA - Loja - Dual Gree Servi\u00e7os | Pe\u00e7as","isPartOf":{"@id":"https:\/\/dualgree.com.br\/loja\/#website"},"primaryImageOfPage":{"@id":"https:\/\/dualgree.com.br\/loja\/produto\/placa-display-ar-condicionado-consul-cbv12cbbna\/#primaryimage"},"image":{"@id":"https:\/\/dualgree.com.br\/loja\/produto\/placa-display-ar-condicionado-consul-cbv12cbbna\/#primaryimage"},"thumbnailUrl":"https:\/\/dualgree.com.br\/loja\/wp-content\/uploads\/2025\/05\/15229835534-ic2432-placa-consul-photoroom-png-photoroom-1.webp","datePublished":"2025-02-24T18:07:39+00:00","dateModified":"2025-07-31T16:28:33+00:00","breadcrumb":{"@id":"https:\/\/dualgree.com.br\/loja\/produto\/placa-display-ar-condicionado-consul-cbv12cbbna\/#breadcrumb"},"inLanguage":"pt-BR","potentialAction":[{"@type":"ReadAction","target":["https:\/\/dualgree.com.br\/loja\/produto\/placa-display-ar-condicionado-consul-cbv12cbbna\/"]}]},{"@type":"ImageObject","inLanguage":"pt-BR","@id":"https:\/\/dualgree.com.br\/loja\/produto\/placa-display-ar-condicionado-consul-cbv12cbbna\/#primaryimage","url":"https:\/\/dualgree.com.br\/loja\/wp-content\/uploads\/2025\/05\/15229835534-ic2432-placa-consul-photoroom-png-photoroom-1.webp","contentUrl":"https:\/\/dualgree.com.br\/loja\/wp-content\/uploads\/2025\/05\/15229835534-ic2432-placa-consul-photoroom-png-photoroom-1.webp","width":602,"height":497},{"@type":"BreadcrumbList","@id":"https:\/\/dualgree.com.br\/loja\/produto\/placa-display-ar-condicionado-consul-cbv12cbbna\/#breadcrumb","itemListElement":[{"@type":"ListItem","position":1,"name":"In\u00edcio","item":"https:\/\/dualgree.com.br\/loja\/"},{"@type":"ListItem","position":2,"name":"Loja &#8211; Cat\u00e1logo de Pe\u00e7as","item":"https:\/\/dualgree.com.br\/loja\/"},{"@type":"ListItem","position":3,"name":"Placa Display Ar Condicionado Consul CBV12CBBNA"}]},{"@type":"WebSite","@id":"https:\/\/dualgree.com.br\/loja\/#website","url":"https:\/\/dualgree.com.br\/loja\/","name":"Loja - Dual Gree Servi\u00e7os | Partes e Pe\u00e7as","description":"Catalogo de Pe\u00e7as para ar condicionado","publisher":{"@id":"https:\/\/dualgree.com.br\/loja\/#organization"},"potentialAction":[{"@type":"SearchAction","target":{"@type":"EntryPoint","urlTemplate":"https:\/\/dualgree.com.br\/loja\/?s={search_term_string}"},"query-input":{"@type":"PropertyValueSpecification","valueRequired":true,"valueName":"search_term_string"}}],"inLanguage":"pt-BR"},{"@type":"Organization","@id":"https:\/\/dualgree.com.br\/loja\/#organization","name":"Loja Dual Gree Servi\u00e7o","url":"https:\/\/dualgree.com.br\/loja\/","logo":{"@type":"ImageObject","inLanguage":"pt-BR","@id":"https:\/\/dualgree.com.br\/loja\/#\/schema\/logo\/image\/","url":"https:\/\/dualgree.com.br\/loja\/wp-content\/uploads\/2024\/09\/teste-logo-ecommerce-dual-1-e1725909304971.png","contentUrl":"https:\/\/dualgree.com.br\/loja\/wp-content\/uploads\/2024\/09\/teste-logo-ecommerce-dual-1-e1725909304971.png","width":470,"height":157,"caption":"Loja Dual Gree Servi\u00e7o"},"image":{"@id":"https:\/\/dualgree.com.br\/loja\/#\/schema\/logo\/image\/"}}]}},"jetpack_publicize_connections":[],"jetpack_sharing_enabled":true,"jetpack_likes_enabled":true,"_links":{"self":[{"href":"https:\/\/dualgree.com.br\/loja\/wp-json\/wp\/v2\/product\/8985","targetHints":{"allow":["GET"]}}],"collection":[{"href":"https:\/\/dualgree.com.br\/loja\/wp-json\/wp\/v2\/product"}],"about":[{"href":"https:\/\/dualgree.com.br\/loja\/wp-json\/wp\/v2\/types\/product"}],"replies":[{"embeddable":true,"href":"https:\/\/dualgree.com.br\/loja\/wp-json\/wp\/v2\/comments?post=8985"}],"wp:featuredmedia":[{"embeddable":true,"href":"https:\/\/dualgree.com.br\/loja\/wp-json\/wp\/v2\/media\/9629"}],"wp:attachment":[{"href":"https:\/\/dualgree.com.br\/loja\/wp-json\/wp\/v2\/media?parent=8985"}],"wp:term":[{"taxonomy":"product_brand","embeddable":true,"href":"https:\/\/dualgree.com.br\/loja\/wp-json\/wp\/v2\/product_brand?post=8985"},{"taxonomy":"product_cat","embeddable":true,"href":"https:\/\/dualgree.com.br\/loja\/wp-json\/wp\/v2\/product_cat?post=8985"},{"taxonomy":"product_tag","embeddable":true,"href":"https:\/\/dualgree.com.br\/loja\/wp-json\/wp\/v2\/product_tag?post=8985"}],"curies":[{"name":"wp","href":"https:\/\/api.w.org\/{rel}","templated":true}]}}