{"id":9022,"date":"2025-03-08T11:45:42","date_gmt":"2025-03-08T11:45:42","guid":{"rendered":"https:\/\/dualgree.com.br\/loja\/produto\/tampa-da-evaporadora-samsung-virus-doctor-as09uwbunaz-db64-02127a\/"},"modified":"2026-02-23T18:46:12","modified_gmt":"2026-02-23T18:46:12","slug":"tampa-da-evaporadora-samsung-virus-doctor-as09uwbunaz-db64-02127a","status":"publish","type":"product","link":"https:\/\/dualgree.com.br\/loja\/produto\/tampa-da-evaporadora-samsung-virus-doctor-as09uwbunaz-db64-02127a\/","title":{"rendered":"Tampa da evaporadora Samsung Virus Doctor AS09UWBUNAZ DB64-0..."},"content":{"rendered":"<p><span style=\"font-family: arial, tahoma, verdana, helvetica;font-size: 14.72px\">IC4558 &#8211; Tampa da evaporadora Samsung Virus Doctor AS09UWBUNAZ<\/span><br style=\"font-family: arial, tahoma, verdana, helvetica;font-size: 14.72px\" \/><br style=\"font-family: arial, tahoma, verdana, helvetica;font-size: 14.72px\" \/><span style=\"font-family: arial, tahoma, verdana, helvetica;font-size: 14.72px\">DB64-02127A<\/span><br style=\"font-family: arial, tahoma, verdana, helvetica;font-size: 14.72px\" \/><br style=\"font-family: arial, tahoma, verdana, helvetica;font-size: 14.72px\" \/><span style=\"font-family: arial, tahoma, verdana, helvetica;font-size: 14.72px\">Tampa da evaporadora Samsung<\/span><br style=\"font-family: arial, tahoma, verdana, helvetica;font-size: 14.72px\" \/><br style=\"font-family: arial, tahoma, verdana, helvetica;font-size: 14.72px\" \/><span style=\"font-family: arial, tahoma, verdana, helvetica;font-size: 14.72px\">Compat\u00edvel com os modelos<\/span><br style=\"font-family: arial, tahoma, verdana, helvetica;font-size: 14.72px\" \/><span style=\"font-family: arial, tahoma, verdana, helvetica;font-size: 14.72px\">Tampa da evaporadora Samsung Virus Doctor AS09UWBUNAZ<\/span><br style=\"font-family: arial, tahoma, verdana, helvetica;font-size: 14.72px\" \/><span style=\"font-family: arial, tahoma, verdana, helvetica;font-size: 14.72px\">Tampa da evaporadora Samsung Virus Doctor AQ12UWBUNAZ<\/span><br style=\"font-family: arial, tahoma, verdana, helvetica;font-size: 14.72px\" \/><span style=\"font-family: arial, tahoma, verdana, helvetica;font-size: 14.72px\">Tampa da evaporadora Samsung Virus Doctor AQ09UWBUNAZ<\/span><br style=\"font-family: arial, tahoma, verdana, helvetica;font-size: 14.72px\" \/><span style=\"font-family: arial, tahoma, verdana, helvetica;font-size: 14.72px\">Tampa da evaporadora Samsung Virus Doctor AS12UWBUNAZ<\/span><\/p>\n","protected":false},"excerpt":{"rendered":"<p>IC4558 &#8211; Tampa da evaporadora Samsung Virus Doctor AS09UWBUNAZDB64-02127ATampa da evaporadora SamsungCompat\u00edvel com os modelosTampa da evaporadora Samsung Virus Doctor AS09UWBUNAZTampa da evaporadora Samsung Virus Doctor AQ12UWBUNAZTampa da evaporadora Samsung Virus Doctor AQ09UWBUNAZTampa da evaporadora Samsung Virus Doctor AS12UWBUNAZ<\/p>\n","protected":false},"featured_media":9016,"comment_status":"open","ping_status":"closed","template":"","meta":{"_kadence_starter_templates_imported_post":false,"_kad_post_transparent":"","_kad_post_title":"","_kad_post_layout":"","_kad_post_sidebar_id":"","_kad_post_content_style":"","_kad_post_vertical_padding":"","_kad_post_feature":"","_kad_post_feature_position":"","_kad_post_header":false,"_kad_post_footer":false,"jetpack_publicize_message":"","jetpack_publicize_feature_enabled":true,"jetpack_social_post_already_shared":false,"jetpack_social_options":{"image_generator_settings":{"template":"highway","default_image_id":0,"font":"","enabled":false},"version":2}},"product_brand":[],"product_cat":[172,186],"product_tag":[],"class_list":{"0":"post-9022","1":"product","2":"type-product","3":"status-publish","4":"has-post-thumbnail","6":"product_cat-painel-carenagem-split","7":"product_cat-samsung","9":"first","10":"outofstock","11":"shipping-taxable","12":"purchasable","13":"product-type-simple","14":"entry","15":"content-bg","16":"loop-entry"},"yoast_head":"<!-- This site is optimized with the Yoast SEO plugin v27.5 - https:\/\/yoast.com\/product\/yoast-seo-wordpress\/ -->\n<title>Tampa da evaporadora Samsung Virus Doctor AS09UWBUNAZ DB64-02127A - Loja - Dual Gree Servi\u00e7os | Pe\u00e7as<\/title>\n<meta name=\"robots\" content=\"index, follow, max-snippet:-1, max-image-preview:large, max-video-preview:-1\" \/>\n<link rel=\"canonical\" href=\"https:\/\/dualgree.com.br\/loja\/produto\/tampa-da-evaporadora-samsung-virus-doctor-as09uwbunaz-db64-02127a\/\" \/>\n<meta property=\"og:locale\" content=\"pt_BR\" \/>\n<meta property=\"og:type\" content=\"article\" \/>\n<meta property=\"og:title\" content=\"Tampa da evaporadora Samsung Virus Doctor AS09UWBUNAZ DB64-02127A - Loja - Dual Gree Servi\u00e7os | Pe\u00e7as\" \/>\n<meta property=\"og:description\" content=\"IC4558 &#8211; Tampa da evaporadora Samsung Virus Doctor AS09UWBUNAZDB64-02127ATampa da evaporadora SamsungCompat\u00edvel com os modelosTampa da evaporadora Samsung Virus Doctor AS09UWBUNAZTampa da evaporadora Samsung Virus Doctor AQ12UWBUNAZTampa da evaporadora Samsung Virus Doctor AQ09UWBUNAZTampa da evaporadora Samsung Virus Doctor AS12UWBUNAZ\" \/>\n<meta property=\"og:url\" content=\"https:\/\/dualgree.com.br\/loja\/produto\/tampa-da-evaporadora-samsung-virus-doctor-as09uwbunaz-db64-02127a\/\" \/>\n<meta property=\"og:site_name\" content=\"Loja - Dual Gree Servi\u00e7os | Pe\u00e7as\" \/>\n<meta property=\"article:modified_time\" content=\"2026-02-23T18:46:12+00:00\" \/>\n<meta name=\"twitter:card\" content=\"summary_large_image\" \/>\n<script type=\"application\/ld+json\" class=\"yoast-schema-graph\">{\"@context\":\"https:\\\/\\\/schema.org\",\"@graph\":[{\"@type\":\"WebPage\",\"@id\":\"https:\\\/\\\/dualgree.com.br\\\/loja\\\/produto\\\/tampa-da-evaporadora-samsung-virus-doctor-as09uwbunaz-db64-02127a\\\/\",\"url\":\"https:\\\/\\\/dualgree.com.br\\\/loja\\\/produto\\\/tampa-da-evaporadora-samsung-virus-doctor-as09uwbunaz-db64-02127a\\\/\",\"name\":\"Tampa da evaporadora Samsung Virus Doctor AS09UWBUNAZ DB64-02127A - Loja - Dual Gree Servi\u00e7os | Pe\u00e7as\",\"isPartOf\":{\"@id\":\"https:\\\/\\\/dualgree.com.br\\\/loja\\\/#website\"},\"primaryImageOfPage\":{\"@id\":\"https:\\\/\\\/dualgree.com.br\\\/loja\\\/produto\\\/tampa-da-evaporadora-samsung-virus-doctor-as09uwbunaz-db64-02127a\\\/#primaryimage\"},\"image\":{\"@id\":\"https:\\\/\\\/dualgree.com.br\\\/loja\\\/produto\\\/tampa-da-evaporadora-samsung-virus-doctor-as09uwbunaz-db64-02127a\\\/#primaryimage\"},\"thumbnailUrl\":\"https:\\\/\\\/dualgree.com.br\\\/loja\\\/wp-content\\\/uploads\\\/2025\\\/03\\\/15331004520-ic4558-tampa-da-evaporadora-samsung-virus-doctor-as09uwbunaz-as12uwbunaz-2.jpg\",\"datePublished\":\"2025-03-08T11:45:42+00:00\",\"dateModified\":\"2026-02-23T18:46:12+00:00\",\"breadcrumb\":{\"@id\":\"https:\\\/\\\/dualgree.com.br\\\/loja\\\/produto\\\/tampa-da-evaporadora-samsung-virus-doctor-as09uwbunaz-db64-02127a\\\/#breadcrumb\"},\"inLanguage\":\"pt-BR\",\"potentialAction\":[{\"@type\":\"ReadAction\",\"target\":[\"https:\\\/\\\/dualgree.com.br\\\/loja\\\/produto\\\/tampa-da-evaporadora-samsung-virus-doctor-as09uwbunaz-db64-02127a\\\/\"]}]},{\"@type\":\"ImageObject\",\"inLanguage\":\"pt-BR\",\"@id\":\"https:\\\/\\\/dualgree.com.br\\\/loja\\\/produto\\\/tampa-da-evaporadora-samsung-virus-doctor-as09uwbunaz-db64-02127a\\\/#primaryimage\",\"url\":\"https:\\\/\\\/dualgree.com.br\\\/loja\\\/wp-content\\\/uploads\\\/2025\\\/03\\\/15331004520-ic4558-tampa-da-evaporadora-samsung-virus-doctor-as09uwbunaz-as12uwbunaz-2.jpg\",\"contentUrl\":\"https:\\\/\\\/dualgree.com.br\\\/loja\\\/wp-content\\\/uploads\\\/2025\\\/03\\\/15331004520-ic4558-tampa-da-evaporadora-samsung-virus-doctor-as09uwbunaz-as12uwbunaz-2.jpg\",\"width\":1280,\"height\":1280},{\"@type\":\"BreadcrumbList\",\"@id\":\"https:\\\/\\\/dualgree.com.br\\\/loja\\\/produto\\\/tampa-da-evaporadora-samsung-virus-doctor-as09uwbunaz-db64-02127a\\\/#breadcrumb\",\"itemListElement\":[{\"@type\":\"ListItem\",\"position\":1,\"name\":\"In\u00edcio\",\"item\":\"https:\\\/\\\/dualgree.com.br\\\/loja\\\/\"},{\"@type\":\"ListItem\",\"position\":2,\"name\":\"Loja &#8211; Cat\u00e1logo de Pe\u00e7as\",\"item\":\"https:\\\/\\\/dualgree.com.br\\\/loja\\\/\"},{\"@type\":\"ListItem\",\"position\":3,\"name\":\"Tampa da evaporadora Samsung Virus Doctor AS09UWBUNAZ DB64-0...\"}]},{\"@type\":\"WebSite\",\"@id\":\"https:\\\/\\\/dualgree.com.br\\\/loja\\\/#website\",\"url\":\"https:\\\/\\\/dualgree.com.br\\\/loja\\\/\",\"name\":\"Loja - Dual Gree Servi\u00e7os | Partes e Pe\u00e7as\",\"description\":\"Catalogo de Pe\u00e7as para ar condicionado\",\"publisher\":{\"@id\":\"https:\\\/\\\/dualgree.com.br\\\/loja\\\/#organization\"},\"potentialAction\":[{\"@type\":\"SearchAction\",\"target\":{\"@type\":\"EntryPoint\",\"urlTemplate\":\"https:\\\/\\\/dualgree.com.br\\\/loja\\\/?s={search_term_string}\"},\"query-input\":{\"@type\":\"PropertyValueSpecification\",\"valueRequired\":true,\"valueName\":\"search_term_string\"}}],\"inLanguage\":\"pt-BR\"},{\"@type\":\"Organization\",\"@id\":\"https:\\\/\\\/dualgree.com.br\\\/loja\\\/#organization\",\"name\":\"Loja Dual Gree Servi\u00e7o\",\"url\":\"https:\\\/\\\/dualgree.com.br\\\/loja\\\/\",\"logo\":{\"@type\":\"ImageObject\",\"inLanguage\":\"pt-BR\",\"@id\":\"https:\\\/\\\/dualgree.com.br\\\/loja\\\/#\\\/schema\\\/logo\\\/image\\\/\",\"url\":\"https:\\\/\\\/dualgree.com.br\\\/loja\\\/wp-content\\\/uploads\\\/2024\\\/09\\\/teste-logo-ecommerce-dual-1-e1725909304971.png\",\"contentUrl\":\"https:\\\/\\\/dualgree.com.br\\\/loja\\\/wp-content\\\/uploads\\\/2024\\\/09\\\/teste-logo-ecommerce-dual-1-e1725909304971.png\",\"width\":470,\"height\":157,\"caption\":\"Loja Dual Gree Servi\u00e7o\"},\"image\":{\"@id\":\"https:\\\/\\\/dualgree.com.br\\\/loja\\\/#\\\/schema\\\/logo\\\/image\\\/\"}}]}<\/script>\n<!-- \/ Yoast SEO plugin. -->","yoast_head_json":{"title":"Tampa da evaporadora Samsung Virus Doctor AS09UWBUNAZ DB64-02127A - Loja - Dual Gree Servi\u00e7os | Pe\u00e7as","robots":{"index":"index","follow":"follow","max-snippet":"max-snippet:-1","max-image-preview":"max-image-preview:large","max-video-preview":"max-video-preview:-1"},"canonical":"https:\/\/dualgree.com.br\/loja\/produto\/tampa-da-evaporadora-samsung-virus-doctor-as09uwbunaz-db64-02127a\/","og_locale":"pt_BR","og_type":"article","og_title":"Tampa da evaporadora Samsung Virus Doctor AS09UWBUNAZ DB64-02127A - Loja - Dual Gree Servi\u00e7os | Pe\u00e7as","og_description":"IC4558 &#8211; Tampa da evaporadora Samsung Virus Doctor AS09UWBUNAZDB64-02127ATampa da evaporadora SamsungCompat\u00edvel com os modelosTampa da evaporadora Samsung Virus Doctor AS09UWBUNAZTampa da evaporadora Samsung Virus Doctor AQ12UWBUNAZTampa da evaporadora Samsung Virus Doctor AQ09UWBUNAZTampa da evaporadora Samsung Virus Doctor AS12UWBUNAZ","og_url":"https:\/\/dualgree.com.br\/loja\/produto\/tampa-da-evaporadora-samsung-virus-doctor-as09uwbunaz-db64-02127a\/","og_site_name":"Loja - Dual Gree Servi\u00e7os | Pe\u00e7as","article_modified_time":"2026-02-23T18:46:12+00:00","twitter_card":"summary_large_image","schema":{"@context":"https:\/\/schema.org","@graph":[{"@type":"WebPage","@id":"https:\/\/dualgree.com.br\/loja\/produto\/tampa-da-evaporadora-samsung-virus-doctor-as09uwbunaz-db64-02127a\/","url":"https:\/\/dualgree.com.br\/loja\/produto\/tampa-da-evaporadora-samsung-virus-doctor-as09uwbunaz-db64-02127a\/","name":"Tampa da evaporadora Samsung Virus Doctor AS09UWBUNAZ DB64-02127A - Loja - Dual Gree Servi\u00e7os | Pe\u00e7as","isPartOf":{"@id":"https:\/\/dualgree.com.br\/loja\/#website"},"primaryImageOfPage":{"@id":"https:\/\/dualgree.com.br\/loja\/produto\/tampa-da-evaporadora-samsung-virus-doctor-as09uwbunaz-db64-02127a\/#primaryimage"},"image":{"@id":"https:\/\/dualgree.com.br\/loja\/produto\/tampa-da-evaporadora-samsung-virus-doctor-as09uwbunaz-db64-02127a\/#primaryimage"},"thumbnailUrl":"https:\/\/dualgree.com.br\/loja\/wp-content\/uploads\/2025\/03\/15331004520-ic4558-tampa-da-evaporadora-samsung-virus-doctor-as09uwbunaz-as12uwbunaz-2.jpg","datePublished":"2025-03-08T11:45:42+00:00","dateModified":"2026-02-23T18:46:12+00:00","breadcrumb":{"@id":"https:\/\/dualgree.com.br\/loja\/produto\/tampa-da-evaporadora-samsung-virus-doctor-as09uwbunaz-db64-02127a\/#breadcrumb"},"inLanguage":"pt-BR","potentialAction":[{"@type":"ReadAction","target":["https:\/\/dualgree.com.br\/loja\/produto\/tampa-da-evaporadora-samsung-virus-doctor-as09uwbunaz-db64-02127a\/"]}]},{"@type":"ImageObject","inLanguage":"pt-BR","@id":"https:\/\/dualgree.com.br\/loja\/produto\/tampa-da-evaporadora-samsung-virus-doctor-as09uwbunaz-db64-02127a\/#primaryimage","url":"https:\/\/dualgree.com.br\/loja\/wp-content\/uploads\/2025\/03\/15331004520-ic4558-tampa-da-evaporadora-samsung-virus-doctor-as09uwbunaz-as12uwbunaz-2.jpg","contentUrl":"https:\/\/dualgree.com.br\/loja\/wp-content\/uploads\/2025\/03\/15331004520-ic4558-tampa-da-evaporadora-samsung-virus-doctor-as09uwbunaz-as12uwbunaz-2.jpg","width":1280,"height":1280},{"@type":"BreadcrumbList","@id":"https:\/\/dualgree.com.br\/loja\/produto\/tampa-da-evaporadora-samsung-virus-doctor-as09uwbunaz-db64-02127a\/#breadcrumb","itemListElement":[{"@type":"ListItem","position":1,"name":"In\u00edcio","item":"https:\/\/dualgree.com.br\/loja\/"},{"@type":"ListItem","position":2,"name":"Loja &#8211; Cat\u00e1logo de Pe\u00e7as","item":"https:\/\/dualgree.com.br\/loja\/"},{"@type":"ListItem","position":3,"name":"Tampa da evaporadora Samsung Virus Doctor AS09UWBUNAZ DB64-0..."}]},{"@type":"WebSite","@id":"https:\/\/dualgree.com.br\/loja\/#website","url":"https:\/\/dualgree.com.br\/loja\/","name":"Loja - Dual Gree Servi\u00e7os | Partes e Pe\u00e7as","description":"Catalogo de Pe\u00e7as para ar condicionado","publisher":{"@id":"https:\/\/dualgree.com.br\/loja\/#organization"},"potentialAction":[{"@type":"SearchAction","target":{"@type":"EntryPoint","urlTemplate":"https:\/\/dualgree.com.br\/loja\/?s={search_term_string}"},"query-input":{"@type":"PropertyValueSpecification","valueRequired":true,"valueName":"search_term_string"}}],"inLanguage":"pt-BR"},{"@type":"Organization","@id":"https:\/\/dualgree.com.br\/loja\/#organization","name":"Loja Dual Gree Servi\u00e7o","url":"https:\/\/dualgree.com.br\/loja\/","logo":{"@type":"ImageObject","inLanguage":"pt-BR","@id":"https:\/\/dualgree.com.br\/loja\/#\/schema\/logo\/image\/","url":"https:\/\/dualgree.com.br\/loja\/wp-content\/uploads\/2024\/09\/teste-logo-ecommerce-dual-1-e1725909304971.png","contentUrl":"https:\/\/dualgree.com.br\/loja\/wp-content\/uploads\/2024\/09\/teste-logo-ecommerce-dual-1-e1725909304971.png","width":470,"height":157,"caption":"Loja Dual Gree Servi\u00e7o"},"image":{"@id":"https:\/\/dualgree.com.br\/loja\/#\/schema\/logo\/image\/"}}]}},"jetpack_publicize_connections":[],"jetpack_sharing_enabled":true,"jetpack_likes_enabled":true,"_links":{"self":[{"href":"https:\/\/dualgree.com.br\/loja\/wp-json\/wp\/v2\/product\/9022","targetHints":{"allow":["GET"]}}],"collection":[{"href":"https:\/\/dualgree.com.br\/loja\/wp-json\/wp\/v2\/product"}],"about":[{"href":"https:\/\/dualgree.com.br\/loja\/wp-json\/wp\/v2\/types\/product"}],"replies":[{"embeddable":true,"href":"https:\/\/dualgree.com.br\/loja\/wp-json\/wp\/v2\/comments?post=9022"}],"wp:featuredmedia":[{"embeddable":true,"href":"https:\/\/dualgree.com.br\/loja\/wp-json\/wp\/v2\/media\/9016"}],"wp:attachment":[{"href":"https:\/\/dualgree.com.br\/loja\/wp-json\/wp\/v2\/media?parent=9022"}],"wp:term":[{"taxonomy":"product_brand","embeddable":true,"href":"https:\/\/dualgree.com.br\/loja\/wp-json\/wp\/v2\/product_brand?post=9022"},{"taxonomy":"product_cat","embeddable":true,"href":"https:\/\/dualgree.com.br\/loja\/wp-json\/wp\/v2\/product_cat?post=9022"},{"taxonomy":"product_tag","embeddable":true,"href":"https:\/\/dualgree.com.br\/loja\/wp-json\/wp\/v2\/product_tag?post=9022"}],"curies":[{"name":"wp","href":"https:\/\/api.w.org\/{rel}","templated":true}]}}