{"id":9039,"date":"2025-03-13T16:45:51","date_gmt":"2025-03-13T16:45:51","guid":{"rendered":"https:\/\/dualgree.com.br\/loja\/produto\/placa-samsung-inverter-evap-db9204601a-ar09msspbgmnaz\/"},"modified":"2025-03-13T17:42:06","modified_gmt":"2025-03-13T17:42:06","slug":"placa-samsung-inverter-evap-db9204601a-ar09msspbgmnaz","status":"publish","type":"product","link":"https:\/\/dualgree.com.br\/loja\/produto\/placa-samsung-inverter-evap-db9204601a-ar09msspbgmnaz\/","title":{"rendered":"PLACA SAMSUNG INVERTER EVAP DB9204601a &#8211; AR09MSSPBGMNA..."},"content":{"rendered":"<p>Placa interna Samsung inverter\u00a0<span style=\"font-family: arial, tahoma, verdana, helvetica;font-size: 14.72px\">DB9204601A<\/span><\/p>\n<p>\u00a0<\/p>\n<p><span style=\"font-family: arial, tahoma, verdana, helvetica;font-size: 14.72px\">Configurada para o modelo AR09MSSPBGMNAZ<\/span><\/p>\n<p><br style=\"font-family: arial, tahoma, verdana, helvetica;font-size: 14.72px\" \/>Para funcionar em seu modelo deve ser feito a configura\u00e7\u00e3o via controle remoto<\/p>\n<p>TESTADA E EST\u00c1 FUNCIONANDO PERFEITAMENTE<\/p>\n<p>AR09MSSPBGMNAZ<br \/>AR09MVSPBGMNAZ<\/p>\n<p>N\u00c3O ABRA RECLAMA\u00c7\u00c3O ANTES DE FALAR COM O VENDENDOR.!!!<\/p>\n","protected":false},"excerpt":{"rendered":"<p>Placa interna Samsung inverter\u00a0DB9204601A \u00a0 Configurada para o modelo AR09MSSPBGMNAZ Para funcionar em seu modelo deve ser feito a configura\u00e7\u00e3o via controle remoto TESTADA E EST\u00c1 FUNCIONANDO PERFEITAMENTE AR09MSSPBGMNAZAR09MVSPBGMNAZ N\u00c3O ABRA RECLAMA\u00c7\u00c3O ANTES DE FALAR COM O VENDENDOR.!!!<\/p>\n","protected":false},"featured_media":9036,"comment_status":"open","ping_status":"closed","template":"","meta":{"_kadence_starter_templates_imported_post":false,"_kad_post_transparent":"","_kad_post_title":"","_kad_post_layout":"","_kad_post_sidebar_id":"","_kad_post_content_style":"","_kad_post_vertical_padding":"","_kad_post_feature":"","_kad_post_feature_position":"","_kad_post_header":false,"_kad_post_footer":false,"jetpack_publicize_message":"","jetpack_publicize_feature_enabled":true,"jetpack_social_post_already_shared":false,"jetpack_social_options":{"image_generator_settings":{"template":"highway","default_image_id":0,"font":"","enabled":false},"version":2}},"product_brand":[],"product_cat":[196,186],"product_tag":[],"class_list":{"0":"post-9039","1":"product","2":"type-product","3":"status-publish","4":"has-post-thumbnail","6":"product_cat-placa-da-evaporadora-split","7":"product_cat-samsung","9":"first","10":"outofstock","11":"shipping-taxable","12":"purchasable","13":"product-type-simple","14":"entry","15":"content-bg","16":"loop-entry"},"yoast_head":"<!-- This site is optimized with the Yoast SEO plugin v27.5 - https:\/\/yoast.com\/product\/yoast-seo-wordpress\/ -->\n<title>PLACA SAMSUNG INVERTER EVAP DB9204601a - AR09MSSPBGMNAZ - Loja - Dual Gree Servi\u00e7os | Pe\u00e7as<\/title>\n<meta name=\"robots\" content=\"index, follow, max-snippet:-1, max-image-preview:large, max-video-preview:-1\" \/>\n<link rel=\"canonical\" href=\"https:\/\/dualgree.com.br\/loja\/produto\/placa-samsung-inverter-evap-db9204601a-ar09msspbgmnaz\/\" \/>\n<meta property=\"og:locale\" content=\"pt_BR\" \/>\n<meta property=\"og:type\" content=\"article\" \/>\n<meta property=\"og:title\" content=\"PLACA SAMSUNG INVERTER EVAP DB9204601a - AR09MSSPBGMNAZ - Loja - Dual Gree Servi\u00e7os | Pe\u00e7as\" \/>\n<meta property=\"og:description\" content=\"Placa interna Samsung inverter\u00a0DB9204601A \u00a0 Configurada para o modelo AR09MSSPBGMNAZ Para funcionar em seu modelo deve ser feito a configura\u00e7\u00e3o via controle remoto TESTADA E EST\u00c1 FUNCIONANDO PERFEITAMENTE AR09MSSPBGMNAZAR09MVSPBGMNAZ N\u00c3O ABRA RECLAMA\u00c7\u00c3O ANTES DE FALAR COM O VENDENDOR.!!!\" \/>\n<meta property=\"og:url\" content=\"https:\/\/dualgree.com.br\/loja\/produto\/placa-samsung-inverter-evap-db9204601a-ar09msspbgmnaz\/\" \/>\n<meta property=\"og:site_name\" content=\"Loja - Dual Gree Servi\u00e7os | Pe\u00e7as\" \/>\n<meta property=\"article:modified_time\" content=\"2025-03-13T17:42:06+00:00\" \/>\n<meta name=\"twitter:card\" content=\"summary_large_image\" \/>\n<script type=\"application\/ld+json\" class=\"yoast-schema-graph\">{\"@context\":\"https:\\\/\\\/schema.org\",\"@graph\":[{\"@type\":\"WebPage\",\"@id\":\"https:\\\/\\\/dualgree.com.br\\\/loja\\\/produto\\\/placa-samsung-inverter-evap-db9204601a-ar09msspbgmnaz\\\/\",\"url\":\"https:\\\/\\\/dualgree.com.br\\\/loja\\\/produto\\\/placa-samsung-inverter-evap-db9204601a-ar09msspbgmnaz\\\/\",\"name\":\"PLACA SAMSUNG INVERTER EVAP DB9204601a - AR09MSSPBGMNAZ - Loja - Dual Gree Servi\u00e7os | Pe\u00e7as\",\"isPartOf\":{\"@id\":\"https:\\\/\\\/dualgree.com.br\\\/loja\\\/#website\"},\"primaryImageOfPage\":{\"@id\":\"https:\\\/\\\/dualgree.com.br\\\/loja\\\/produto\\\/placa-samsung-inverter-evap-db9204601a-ar09msspbgmnaz\\\/#primaryimage\"},\"image\":{\"@id\":\"https:\\\/\\\/dualgree.com.br\\\/loja\\\/produto\\\/placa-samsung-inverter-evap-db9204601a-ar09msspbgmnaz\\\/#primaryimage\"},\"thumbnailUrl\":\"https:\\\/\\\/dualgree.com.br\\\/loja\\\/wp-content\\\/uploads\\\/2025\\\/03\\\/15332373472-4579-placa-samsung-inverter-evap-db9204601a-ar09msspbgmnaz.jpeg\",\"datePublished\":\"2025-03-13T16:45:51+00:00\",\"dateModified\":\"2025-03-13T17:42:06+00:00\",\"breadcrumb\":{\"@id\":\"https:\\\/\\\/dualgree.com.br\\\/loja\\\/produto\\\/placa-samsung-inverter-evap-db9204601a-ar09msspbgmnaz\\\/#breadcrumb\"},\"inLanguage\":\"pt-BR\",\"potentialAction\":[{\"@type\":\"ReadAction\",\"target\":[\"https:\\\/\\\/dualgree.com.br\\\/loja\\\/produto\\\/placa-samsung-inverter-evap-db9204601a-ar09msspbgmnaz\\\/\"]}]},{\"@type\":\"ImageObject\",\"inLanguage\":\"pt-BR\",\"@id\":\"https:\\\/\\\/dualgree.com.br\\\/loja\\\/produto\\\/placa-samsung-inverter-evap-db9204601a-ar09msspbgmnaz\\\/#primaryimage\",\"url\":\"https:\\\/\\\/dualgree.com.br\\\/loja\\\/wp-content\\\/uploads\\\/2025\\\/03\\\/15332373472-4579-placa-samsung-inverter-evap-db9204601a-ar09msspbgmnaz.jpeg\",\"contentUrl\":\"https:\\\/\\\/dualgree.com.br\\\/loja\\\/wp-content\\\/uploads\\\/2025\\\/03\\\/15332373472-4579-placa-samsung-inverter-evap-db9204601a-ar09msspbgmnaz.jpeg\",\"width\":1280,\"height\":1280},{\"@type\":\"BreadcrumbList\",\"@id\":\"https:\\\/\\\/dualgree.com.br\\\/loja\\\/produto\\\/placa-samsung-inverter-evap-db9204601a-ar09msspbgmnaz\\\/#breadcrumb\",\"itemListElement\":[{\"@type\":\"ListItem\",\"position\":1,\"name\":\"In\u00edcio\",\"item\":\"https:\\\/\\\/dualgree.com.br\\\/loja\\\/\"},{\"@type\":\"ListItem\",\"position\":2,\"name\":\"Loja &#8211; Cat\u00e1logo de Pe\u00e7as\",\"item\":\"https:\\\/\\\/dualgree.com.br\\\/loja\\\/\"},{\"@type\":\"ListItem\",\"position\":3,\"name\":\"PLACA SAMSUNG INVERTER EVAP DB9204601a &#8211; AR09MSSPBGMNA...\"}]},{\"@type\":\"WebSite\",\"@id\":\"https:\\\/\\\/dualgree.com.br\\\/loja\\\/#website\",\"url\":\"https:\\\/\\\/dualgree.com.br\\\/loja\\\/\",\"name\":\"Loja - Dual Gree Servi\u00e7os | Partes e Pe\u00e7as\",\"description\":\"Catalogo de Pe\u00e7as para ar condicionado\",\"publisher\":{\"@id\":\"https:\\\/\\\/dualgree.com.br\\\/loja\\\/#organization\"},\"potentialAction\":[{\"@type\":\"SearchAction\",\"target\":{\"@type\":\"EntryPoint\",\"urlTemplate\":\"https:\\\/\\\/dualgree.com.br\\\/loja\\\/?s={search_term_string}\"},\"query-input\":{\"@type\":\"PropertyValueSpecification\",\"valueRequired\":true,\"valueName\":\"search_term_string\"}}],\"inLanguage\":\"pt-BR\"},{\"@type\":\"Organization\",\"@id\":\"https:\\\/\\\/dualgree.com.br\\\/loja\\\/#organization\",\"name\":\"Loja Dual Gree Servi\u00e7o\",\"url\":\"https:\\\/\\\/dualgree.com.br\\\/loja\\\/\",\"logo\":{\"@type\":\"ImageObject\",\"inLanguage\":\"pt-BR\",\"@id\":\"https:\\\/\\\/dualgree.com.br\\\/loja\\\/#\\\/schema\\\/logo\\\/image\\\/\",\"url\":\"https:\\\/\\\/dualgree.com.br\\\/loja\\\/wp-content\\\/uploads\\\/2024\\\/09\\\/teste-logo-ecommerce-dual-1-e1725909304971.png\",\"contentUrl\":\"https:\\\/\\\/dualgree.com.br\\\/loja\\\/wp-content\\\/uploads\\\/2024\\\/09\\\/teste-logo-ecommerce-dual-1-e1725909304971.png\",\"width\":470,\"height\":157,\"caption\":\"Loja Dual Gree Servi\u00e7o\"},\"image\":{\"@id\":\"https:\\\/\\\/dualgree.com.br\\\/loja\\\/#\\\/schema\\\/logo\\\/image\\\/\"}}]}<\/script>\n<!-- \/ Yoast SEO plugin. -->","yoast_head_json":{"title":"PLACA SAMSUNG INVERTER EVAP DB9204601a - AR09MSSPBGMNAZ - Loja - Dual Gree Servi\u00e7os | Pe\u00e7as","robots":{"index":"index","follow":"follow","max-snippet":"max-snippet:-1","max-image-preview":"max-image-preview:large","max-video-preview":"max-video-preview:-1"},"canonical":"https:\/\/dualgree.com.br\/loja\/produto\/placa-samsung-inverter-evap-db9204601a-ar09msspbgmnaz\/","og_locale":"pt_BR","og_type":"article","og_title":"PLACA SAMSUNG INVERTER EVAP DB9204601a - AR09MSSPBGMNAZ - Loja - Dual Gree Servi\u00e7os | Pe\u00e7as","og_description":"Placa interna Samsung inverter\u00a0DB9204601A \u00a0 Configurada para o modelo AR09MSSPBGMNAZ Para funcionar em seu modelo deve ser feito a configura\u00e7\u00e3o via controle remoto TESTADA E EST\u00c1 FUNCIONANDO PERFEITAMENTE AR09MSSPBGMNAZAR09MVSPBGMNAZ N\u00c3O ABRA RECLAMA\u00c7\u00c3O ANTES DE FALAR COM O VENDENDOR.!!!","og_url":"https:\/\/dualgree.com.br\/loja\/produto\/placa-samsung-inverter-evap-db9204601a-ar09msspbgmnaz\/","og_site_name":"Loja - Dual Gree Servi\u00e7os | Pe\u00e7as","article_modified_time":"2025-03-13T17:42:06+00:00","twitter_card":"summary_large_image","schema":{"@context":"https:\/\/schema.org","@graph":[{"@type":"WebPage","@id":"https:\/\/dualgree.com.br\/loja\/produto\/placa-samsung-inverter-evap-db9204601a-ar09msspbgmnaz\/","url":"https:\/\/dualgree.com.br\/loja\/produto\/placa-samsung-inverter-evap-db9204601a-ar09msspbgmnaz\/","name":"PLACA SAMSUNG INVERTER EVAP DB9204601a - AR09MSSPBGMNAZ - Loja - Dual Gree Servi\u00e7os | Pe\u00e7as","isPartOf":{"@id":"https:\/\/dualgree.com.br\/loja\/#website"},"primaryImageOfPage":{"@id":"https:\/\/dualgree.com.br\/loja\/produto\/placa-samsung-inverter-evap-db9204601a-ar09msspbgmnaz\/#primaryimage"},"image":{"@id":"https:\/\/dualgree.com.br\/loja\/produto\/placa-samsung-inverter-evap-db9204601a-ar09msspbgmnaz\/#primaryimage"},"thumbnailUrl":"https:\/\/dualgree.com.br\/loja\/wp-content\/uploads\/2025\/03\/15332373472-4579-placa-samsung-inverter-evap-db9204601a-ar09msspbgmnaz.jpeg","datePublished":"2025-03-13T16:45:51+00:00","dateModified":"2025-03-13T17:42:06+00:00","breadcrumb":{"@id":"https:\/\/dualgree.com.br\/loja\/produto\/placa-samsung-inverter-evap-db9204601a-ar09msspbgmnaz\/#breadcrumb"},"inLanguage":"pt-BR","potentialAction":[{"@type":"ReadAction","target":["https:\/\/dualgree.com.br\/loja\/produto\/placa-samsung-inverter-evap-db9204601a-ar09msspbgmnaz\/"]}]},{"@type":"ImageObject","inLanguage":"pt-BR","@id":"https:\/\/dualgree.com.br\/loja\/produto\/placa-samsung-inverter-evap-db9204601a-ar09msspbgmnaz\/#primaryimage","url":"https:\/\/dualgree.com.br\/loja\/wp-content\/uploads\/2025\/03\/15332373472-4579-placa-samsung-inverter-evap-db9204601a-ar09msspbgmnaz.jpeg","contentUrl":"https:\/\/dualgree.com.br\/loja\/wp-content\/uploads\/2025\/03\/15332373472-4579-placa-samsung-inverter-evap-db9204601a-ar09msspbgmnaz.jpeg","width":1280,"height":1280},{"@type":"BreadcrumbList","@id":"https:\/\/dualgree.com.br\/loja\/produto\/placa-samsung-inverter-evap-db9204601a-ar09msspbgmnaz\/#breadcrumb","itemListElement":[{"@type":"ListItem","position":1,"name":"In\u00edcio","item":"https:\/\/dualgree.com.br\/loja\/"},{"@type":"ListItem","position":2,"name":"Loja &#8211; Cat\u00e1logo de Pe\u00e7as","item":"https:\/\/dualgree.com.br\/loja\/"},{"@type":"ListItem","position":3,"name":"PLACA SAMSUNG INVERTER EVAP DB9204601a &#8211; AR09MSSPBGMNA..."}]},{"@type":"WebSite","@id":"https:\/\/dualgree.com.br\/loja\/#website","url":"https:\/\/dualgree.com.br\/loja\/","name":"Loja - Dual Gree Servi\u00e7os | Partes e Pe\u00e7as","description":"Catalogo de Pe\u00e7as para ar condicionado","publisher":{"@id":"https:\/\/dualgree.com.br\/loja\/#organization"},"potentialAction":[{"@type":"SearchAction","target":{"@type":"EntryPoint","urlTemplate":"https:\/\/dualgree.com.br\/loja\/?s={search_term_string}"},"query-input":{"@type":"PropertyValueSpecification","valueRequired":true,"valueName":"search_term_string"}}],"inLanguage":"pt-BR"},{"@type":"Organization","@id":"https:\/\/dualgree.com.br\/loja\/#organization","name":"Loja Dual Gree Servi\u00e7o","url":"https:\/\/dualgree.com.br\/loja\/","logo":{"@type":"ImageObject","inLanguage":"pt-BR","@id":"https:\/\/dualgree.com.br\/loja\/#\/schema\/logo\/image\/","url":"https:\/\/dualgree.com.br\/loja\/wp-content\/uploads\/2024\/09\/teste-logo-ecommerce-dual-1-e1725909304971.png","contentUrl":"https:\/\/dualgree.com.br\/loja\/wp-content\/uploads\/2024\/09\/teste-logo-ecommerce-dual-1-e1725909304971.png","width":470,"height":157,"caption":"Loja Dual Gree Servi\u00e7o"},"image":{"@id":"https:\/\/dualgree.com.br\/loja\/#\/schema\/logo\/image\/"}}]}},"jetpack_publicize_connections":[],"jetpack_sharing_enabled":true,"jetpack_likes_enabled":true,"_links":{"self":[{"href":"https:\/\/dualgree.com.br\/loja\/wp-json\/wp\/v2\/product\/9039","targetHints":{"allow":["GET"]}}],"collection":[{"href":"https:\/\/dualgree.com.br\/loja\/wp-json\/wp\/v2\/product"}],"about":[{"href":"https:\/\/dualgree.com.br\/loja\/wp-json\/wp\/v2\/types\/product"}],"replies":[{"embeddable":true,"href":"https:\/\/dualgree.com.br\/loja\/wp-json\/wp\/v2\/comments?post=9039"}],"wp:featuredmedia":[{"embeddable":true,"href":"https:\/\/dualgree.com.br\/loja\/wp-json\/wp\/v2\/media\/9036"}],"wp:attachment":[{"href":"https:\/\/dualgree.com.br\/loja\/wp-json\/wp\/v2\/media?parent=9039"}],"wp:term":[{"taxonomy":"product_brand","embeddable":true,"href":"https:\/\/dualgree.com.br\/loja\/wp-json\/wp\/v2\/product_brand?post=9039"},{"taxonomy":"product_cat","embeddable":true,"href":"https:\/\/dualgree.com.br\/loja\/wp-json\/wp\/v2\/product_cat?post=9039"},{"taxonomy":"product_tag","embeddable":true,"href":"https:\/\/dualgree.com.br\/loja\/wp-json\/wp\/v2\/product_tag?post=9039"}],"curies":[{"name":"wp","href":"https:\/\/api.w.org\/{rel}","templated":true}]}}