{"id":9301,"date":"2025-04-30T14:25:40","date_gmt":"2025-04-30T14:25:40","guid":{"rendered":"https:\/\/dualgree.com.br\/loja\/produto\/motor-bldc-310-vdc-ventilador-evaporadora-compativel-ar-condicionado-samsung-db31-00636c\/"},"modified":"2026-04-30T12:44:32","modified_gmt":"2026-04-30T12:44:32","slug":"motor-bldc-310-vdc-ventilador-evaporadora-compativel-ar-condicionado-samsung-db31-00636c","status":"publish","type":"product","link":"https:\/\/dualgree.com.br\/loja\/produto\/motor-bldc-310-vdc-ventilador-evaporadora-compativel-ar-condicionado-samsung-db31-00636c\/","title":{"rendered":"Motor BLDC 310 VDC ventilador evaporadora compativel ar cond..."},"content":{"rendered":"<p><span style=\"font-family: arial, tahoma, verdana, helvetica;font-size: 14.72px\">IC4744 &#8211; Motor BLDC 310 VDC ventilador evaporadora Samsung DB31-00636C<\/span><\/p>\n<p>\u00a0<\/p>\n<p>Possui marcas de teste com turbina e armazenamento<\/p>\n<p><br style=\"font-family: arial, tahoma, verdana, helvetica;font-size: 14.72px\" \/><span style=\"font-family: arial, tahoma, verdana, helvetica;font-size: 14.72px\">rd-310-25-8B-3(AL)<\/span><br style=\"font-family: arial, tahoma, verdana, helvetica;font-size: 14.72px\" \/><br style=\"font-family: arial, tahoma, verdana, helvetica;font-size: 14.72px\" \/><span style=\"font-family: arial, tahoma, verdana, helvetica;font-size: 14.72px\">Eixo 7cm<\/span><br style=\"font-family: arial, tahoma, verdana, helvetica;font-size: 14.72px\" \/><span style=\"font-family: arial, tahoma, verdana, helvetica;font-size: 14.72px\">limitador a 5cm<\/span><br style=\"font-family: arial, tahoma, verdana, helvetica;font-size: 14.72px\" \/><br style=\"font-family: arial, tahoma, verdana, helvetica;font-size: 14.72px\" \/><span style=\"font-family: arial, tahoma, verdana, helvetica;font-size: 14.72px\">Compativel com modelo<\/span><br style=\"font-family: arial, tahoma, verdana, helvetica;font-size: 14.72px\" \/><span style=\"font-family: arial, tahoma, verdana, helvetica;font-size: 14.72px\">AR12NVFPCWKNAZ,<\/span><\/p>\n<p><span style=\"font-family: arial, tahoma, verdana, helvetica;font-size: 14.72px\">AR12MSSPBGMNAZ,<\/span><\/p>\n","protected":false},"excerpt":{"rendered":"<p>IC4744 &#8211; Motor BLDC 310 VDC ventilador evaporadora Samsung DB31-00636C \u00a0 Possui marcas de teste com turbina e armazenamento rd-310-25-8B-3(AL)Eixo 7cmlimitador a 5cmCompativel com modeloAR12NVFPCWKNAZ, AR12MSSPBGMNAZ,<\/p>\n","protected":false},"featured_media":10960,"comment_status":"open","ping_status":"closed","template":"","meta":{"_kadence_starter_templates_imported_post":false,"_kad_post_transparent":"","_kad_post_title":"","_kad_post_layout":"","_kad_post_sidebar_id":"","_kad_post_content_style":"","_kad_post_vertical_padding":"","_kad_post_feature":"","_kad_post_feature_position":"","_kad_post_header":false,"_kad_post_footer":false,"jetpack_publicize_message":"","jetpack_publicize_feature_enabled":true,"jetpack_social_post_already_shared":false,"jetpack_social_options":{"image_generator_settings":{"template":"highway","default_image_id":0,"font":"","enabled":false},"version":2}},"product_brand":[],"product_cat":[213,186],"product_tag":[],"class_list":{"0":"post-9301","1":"product","2":"type-product","3":"status-publish","4":"has-post-thumbnail","6":"product_cat-motor-da-evaporadora-split","7":"product_cat-samsung","9":"first","10":"instock","11":"shipping-taxable","12":"purchasable","13":"product-type-simple","14":"entry","15":"content-bg","16":"loop-entry"},"yoast_head":"<!-- This site is optimized with the Yoast SEO plugin v27.5 - https:\/\/yoast.com\/product\/yoast-seo-wordpress\/ -->\n<title>Motor BLDC 310 VDC ventilador evaporadora compativel ar condicionado Samsung DB31-00636C - Loja - Dual Gree Servi\u00e7os | Pe\u00e7as<\/title>\n<meta name=\"robots\" content=\"index, follow, max-snippet:-1, max-image-preview:large, max-video-preview:-1\" \/>\n<link rel=\"canonical\" href=\"https:\/\/dualgree.com.br\/loja\/produto\/motor-bldc-310-vdc-ventilador-evaporadora-compativel-ar-condicionado-samsung-db31-00636c\/\" \/>\n<meta property=\"og:locale\" content=\"pt_BR\" \/>\n<meta property=\"og:type\" content=\"article\" \/>\n<meta property=\"og:title\" content=\"Motor BLDC 310 VDC ventilador evaporadora compativel ar condicionado Samsung DB31-00636C - Loja - Dual Gree Servi\u00e7os | Pe\u00e7as\" \/>\n<meta property=\"og:description\" content=\"IC4744 &#8211; Motor BLDC 310 VDC ventilador evaporadora Samsung DB31-00636C \u00a0 Possui marcas de teste com turbina e armazenamento rd-310-25-8B-3(AL)Eixo 7cmlimitador a 5cmCompativel com modeloAR12NVFPCWKNAZ, AR12MSSPBGMNAZ,\" \/>\n<meta property=\"og:url\" content=\"https:\/\/dualgree.com.br\/loja\/produto\/motor-bldc-310-vdc-ventilador-evaporadora-compativel-ar-condicionado-samsung-db31-00636c\/\" \/>\n<meta property=\"og:site_name\" content=\"Loja - Dual Gree Servi\u00e7os | Pe\u00e7as\" \/>\n<meta property=\"article:modified_time\" content=\"2026-04-30T12:44:32+00:00\" \/>\n<meta property=\"og:image\" content=\"https:\/\/dualgree.com.br\/loja\/wp-content\/uploads\/2025\/04\/15344530149-ic4744-motor-bldc-310-vdc-ventilador-evaporadora-samsung-db31-00636c-1.webp\" \/>\n\t<meta property=\"og:image:width\" content=\"741\" \/>\n\t<meta property=\"og:image:height\" content=\"800\" \/>\n\t<meta property=\"og:image:type\" content=\"image\/webp\" \/>\n<meta name=\"twitter:card\" content=\"summary_large_image\" \/>\n<script type=\"application\/ld+json\" class=\"yoast-schema-graph\">{\"@context\":\"https:\\\/\\\/schema.org\",\"@graph\":[{\"@type\":\"WebPage\",\"@id\":\"https:\\\/\\\/dualgree.com.br\\\/loja\\\/produto\\\/motor-bldc-310-vdc-ventilador-evaporadora-compativel-ar-condicionado-samsung-db31-00636c\\\/\",\"url\":\"https:\\\/\\\/dualgree.com.br\\\/loja\\\/produto\\\/motor-bldc-310-vdc-ventilador-evaporadora-compativel-ar-condicionado-samsung-db31-00636c\\\/\",\"name\":\"Motor BLDC 310 VDC ventilador evaporadora compativel ar condicionado Samsung DB31-00636C - Loja - Dual Gree Servi\u00e7os | Pe\u00e7as\",\"isPartOf\":{\"@id\":\"https:\\\/\\\/dualgree.com.br\\\/loja\\\/#website\"},\"primaryImageOfPage\":{\"@id\":\"https:\\\/\\\/dualgree.com.br\\\/loja\\\/produto\\\/motor-bldc-310-vdc-ventilador-evaporadora-compativel-ar-condicionado-samsung-db31-00636c\\\/#primaryimage\"},\"image\":{\"@id\":\"https:\\\/\\\/dualgree.com.br\\\/loja\\\/produto\\\/motor-bldc-310-vdc-ventilador-evaporadora-compativel-ar-condicionado-samsung-db31-00636c\\\/#primaryimage\"},\"thumbnailUrl\":\"https:\\\/\\\/dualgree.com.br\\\/loja\\\/wp-content\\\/uploads\\\/2025\\\/08\\\/15344530149-ic4744-motor-bldc-310-vdc-ventilador-evaporadora-samsung-db31-00636c.webp\",\"datePublished\":\"2025-04-30T14:25:40+00:00\",\"dateModified\":\"2026-04-30T12:44:32+00:00\",\"breadcrumb\":{\"@id\":\"https:\\\/\\\/dualgree.com.br\\\/loja\\\/produto\\\/motor-bldc-310-vdc-ventilador-evaporadora-compativel-ar-condicionado-samsung-db31-00636c\\\/#breadcrumb\"},\"inLanguage\":\"pt-BR\",\"potentialAction\":[{\"@type\":\"ReadAction\",\"target\":[\"https:\\\/\\\/dualgree.com.br\\\/loja\\\/produto\\\/motor-bldc-310-vdc-ventilador-evaporadora-compativel-ar-condicionado-samsung-db31-00636c\\\/\"]}]},{\"@type\":\"ImageObject\",\"inLanguage\":\"pt-BR\",\"@id\":\"https:\\\/\\\/dualgree.com.br\\\/loja\\\/produto\\\/motor-bldc-310-vdc-ventilador-evaporadora-compativel-ar-condicionado-samsung-db31-00636c\\\/#primaryimage\",\"url\":\"https:\\\/\\\/dualgree.com.br\\\/loja\\\/wp-content\\\/uploads\\\/2025\\\/08\\\/15344530149-ic4744-motor-bldc-310-vdc-ventilador-evaporadora-samsung-db31-00636c.webp\",\"contentUrl\":\"https:\\\/\\\/dualgree.com.br\\\/loja\\\/wp-content\\\/uploads\\\/2025\\\/08\\\/15344530149-ic4744-motor-bldc-310-vdc-ventilador-evaporadora-samsung-db31-00636c.webp\",\"width\":741,\"height\":800},{\"@type\":\"BreadcrumbList\",\"@id\":\"https:\\\/\\\/dualgree.com.br\\\/loja\\\/produto\\\/motor-bldc-310-vdc-ventilador-evaporadora-compativel-ar-condicionado-samsung-db31-00636c\\\/#breadcrumb\",\"itemListElement\":[{\"@type\":\"ListItem\",\"position\":1,\"name\":\"In\u00edcio\",\"item\":\"https:\\\/\\\/dualgree.com.br\\\/loja\\\/\"},{\"@type\":\"ListItem\",\"position\":2,\"name\":\"Loja &#8211; Cat\u00e1logo de Pe\u00e7as\",\"item\":\"https:\\\/\\\/dualgree.com.br\\\/loja\\\/\"},{\"@type\":\"ListItem\",\"position\":3,\"name\":\"Motor BLDC 310 VDC ventilador evaporadora compativel ar cond...\"}]},{\"@type\":\"WebSite\",\"@id\":\"https:\\\/\\\/dualgree.com.br\\\/loja\\\/#website\",\"url\":\"https:\\\/\\\/dualgree.com.br\\\/loja\\\/\",\"name\":\"Loja - Dual Gree Servi\u00e7os | Partes e Pe\u00e7as\",\"description\":\"Catalogo de Pe\u00e7as para ar condicionado\",\"publisher\":{\"@id\":\"https:\\\/\\\/dualgree.com.br\\\/loja\\\/#organization\"},\"potentialAction\":[{\"@type\":\"SearchAction\",\"target\":{\"@type\":\"EntryPoint\",\"urlTemplate\":\"https:\\\/\\\/dualgree.com.br\\\/loja\\\/?s={search_term_string}\"},\"query-input\":{\"@type\":\"PropertyValueSpecification\",\"valueRequired\":true,\"valueName\":\"search_term_string\"}}],\"inLanguage\":\"pt-BR\"},{\"@type\":\"Organization\",\"@id\":\"https:\\\/\\\/dualgree.com.br\\\/loja\\\/#organization\",\"name\":\"Loja Dual Gree Servi\u00e7o\",\"url\":\"https:\\\/\\\/dualgree.com.br\\\/loja\\\/\",\"logo\":{\"@type\":\"ImageObject\",\"inLanguage\":\"pt-BR\",\"@id\":\"https:\\\/\\\/dualgree.com.br\\\/loja\\\/#\\\/schema\\\/logo\\\/image\\\/\",\"url\":\"https:\\\/\\\/dualgree.com.br\\\/loja\\\/wp-content\\\/uploads\\\/2024\\\/09\\\/teste-logo-ecommerce-dual-1-e1725909304971.png\",\"contentUrl\":\"https:\\\/\\\/dualgree.com.br\\\/loja\\\/wp-content\\\/uploads\\\/2024\\\/09\\\/teste-logo-ecommerce-dual-1-e1725909304971.png\",\"width\":470,\"height\":157,\"caption\":\"Loja Dual Gree Servi\u00e7o\"},\"image\":{\"@id\":\"https:\\\/\\\/dualgree.com.br\\\/loja\\\/#\\\/schema\\\/logo\\\/image\\\/\"}}]}<\/script>\n<!-- \/ Yoast SEO plugin. -->","yoast_head_json":{"title":"Motor BLDC 310 VDC ventilador evaporadora compativel ar condicionado Samsung DB31-00636C - Loja - Dual Gree Servi\u00e7os | Pe\u00e7as","robots":{"index":"index","follow":"follow","max-snippet":"max-snippet:-1","max-image-preview":"max-image-preview:large","max-video-preview":"max-video-preview:-1"},"canonical":"https:\/\/dualgree.com.br\/loja\/produto\/motor-bldc-310-vdc-ventilador-evaporadora-compativel-ar-condicionado-samsung-db31-00636c\/","og_locale":"pt_BR","og_type":"article","og_title":"Motor BLDC 310 VDC ventilador evaporadora compativel ar condicionado Samsung DB31-00636C - Loja - Dual Gree Servi\u00e7os | Pe\u00e7as","og_description":"IC4744 &#8211; Motor BLDC 310 VDC ventilador evaporadora Samsung DB31-00636C \u00a0 Possui marcas de teste com turbina e armazenamento rd-310-25-8B-3(AL)Eixo 7cmlimitador a 5cmCompativel com modeloAR12NVFPCWKNAZ, AR12MSSPBGMNAZ,","og_url":"https:\/\/dualgree.com.br\/loja\/produto\/motor-bldc-310-vdc-ventilador-evaporadora-compativel-ar-condicionado-samsung-db31-00636c\/","og_site_name":"Loja - Dual Gree Servi\u00e7os | Pe\u00e7as","article_modified_time":"2026-04-30T12:44:32+00:00","og_image":[{"width":741,"height":800,"url":"https:\/\/dualgree.com.br\/loja\/wp-content\/uploads\/2025\/04\/15344530149-ic4744-motor-bldc-310-vdc-ventilador-evaporadora-samsung-db31-00636c-1.webp","type":"image\/webp"}],"twitter_card":"summary_large_image","schema":{"@context":"https:\/\/schema.org","@graph":[{"@type":"WebPage","@id":"https:\/\/dualgree.com.br\/loja\/produto\/motor-bldc-310-vdc-ventilador-evaporadora-compativel-ar-condicionado-samsung-db31-00636c\/","url":"https:\/\/dualgree.com.br\/loja\/produto\/motor-bldc-310-vdc-ventilador-evaporadora-compativel-ar-condicionado-samsung-db31-00636c\/","name":"Motor BLDC 310 VDC ventilador evaporadora compativel ar condicionado Samsung DB31-00636C - Loja - Dual Gree Servi\u00e7os | Pe\u00e7as","isPartOf":{"@id":"https:\/\/dualgree.com.br\/loja\/#website"},"primaryImageOfPage":{"@id":"https:\/\/dualgree.com.br\/loja\/produto\/motor-bldc-310-vdc-ventilador-evaporadora-compativel-ar-condicionado-samsung-db31-00636c\/#primaryimage"},"image":{"@id":"https:\/\/dualgree.com.br\/loja\/produto\/motor-bldc-310-vdc-ventilador-evaporadora-compativel-ar-condicionado-samsung-db31-00636c\/#primaryimage"},"thumbnailUrl":"https:\/\/dualgree.com.br\/loja\/wp-content\/uploads\/2025\/08\/15344530149-ic4744-motor-bldc-310-vdc-ventilador-evaporadora-samsung-db31-00636c.webp","datePublished":"2025-04-30T14:25:40+00:00","dateModified":"2026-04-30T12:44:32+00:00","breadcrumb":{"@id":"https:\/\/dualgree.com.br\/loja\/produto\/motor-bldc-310-vdc-ventilador-evaporadora-compativel-ar-condicionado-samsung-db31-00636c\/#breadcrumb"},"inLanguage":"pt-BR","potentialAction":[{"@type":"ReadAction","target":["https:\/\/dualgree.com.br\/loja\/produto\/motor-bldc-310-vdc-ventilador-evaporadora-compativel-ar-condicionado-samsung-db31-00636c\/"]}]},{"@type":"ImageObject","inLanguage":"pt-BR","@id":"https:\/\/dualgree.com.br\/loja\/produto\/motor-bldc-310-vdc-ventilador-evaporadora-compativel-ar-condicionado-samsung-db31-00636c\/#primaryimage","url":"https:\/\/dualgree.com.br\/loja\/wp-content\/uploads\/2025\/08\/15344530149-ic4744-motor-bldc-310-vdc-ventilador-evaporadora-samsung-db31-00636c.webp","contentUrl":"https:\/\/dualgree.com.br\/loja\/wp-content\/uploads\/2025\/08\/15344530149-ic4744-motor-bldc-310-vdc-ventilador-evaporadora-samsung-db31-00636c.webp","width":741,"height":800},{"@type":"BreadcrumbList","@id":"https:\/\/dualgree.com.br\/loja\/produto\/motor-bldc-310-vdc-ventilador-evaporadora-compativel-ar-condicionado-samsung-db31-00636c\/#breadcrumb","itemListElement":[{"@type":"ListItem","position":1,"name":"In\u00edcio","item":"https:\/\/dualgree.com.br\/loja\/"},{"@type":"ListItem","position":2,"name":"Loja &#8211; Cat\u00e1logo de Pe\u00e7as","item":"https:\/\/dualgree.com.br\/loja\/"},{"@type":"ListItem","position":3,"name":"Motor BLDC 310 VDC ventilador evaporadora compativel ar cond..."}]},{"@type":"WebSite","@id":"https:\/\/dualgree.com.br\/loja\/#website","url":"https:\/\/dualgree.com.br\/loja\/","name":"Loja - Dual Gree Servi\u00e7os | Partes e Pe\u00e7as","description":"Catalogo de Pe\u00e7as para ar condicionado","publisher":{"@id":"https:\/\/dualgree.com.br\/loja\/#organization"},"potentialAction":[{"@type":"SearchAction","target":{"@type":"EntryPoint","urlTemplate":"https:\/\/dualgree.com.br\/loja\/?s={search_term_string}"},"query-input":{"@type":"PropertyValueSpecification","valueRequired":true,"valueName":"search_term_string"}}],"inLanguage":"pt-BR"},{"@type":"Organization","@id":"https:\/\/dualgree.com.br\/loja\/#organization","name":"Loja Dual Gree Servi\u00e7o","url":"https:\/\/dualgree.com.br\/loja\/","logo":{"@type":"ImageObject","inLanguage":"pt-BR","@id":"https:\/\/dualgree.com.br\/loja\/#\/schema\/logo\/image\/","url":"https:\/\/dualgree.com.br\/loja\/wp-content\/uploads\/2024\/09\/teste-logo-ecommerce-dual-1-e1725909304971.png","contentUrl":"https:\/\/dualgree.com.br\/loja\/wp-content\/uploads\/2024\/09\/teste-logo-ecommerce-dual-1-e1725909304971.png","width":470,"height":157,"caption":"Loja Dual Gree Servi\u00e7o"},"image":{"@id":"https:\/\/dualgree.com.br\/loja\/#\/schema\/logo\/image\/"}}]}},"jetpack_publicize_connections":[],"jetpack_sharing_enabled":true,"jetpack_likes_enabled":true,"_links":{"self":[{"href":"https:\/\/dualgree.com.br\/loja\/wp-json\/wp\/v2\/product\/9301","targetHints":{"allow":["GET"]}}],"collection":[{"href":"https:\/\/dualgree.com.br\/loja\/wp-json\/wp\/v2\/product"}],"about":[{"href":"https:\/\/dualgree.com.br\/loja\/wp-json\/wp\/v2\/types\/product"}],"replies":[{"embeddable":true,"href":"https:\/\/dualgree.com.br\/loja\/wp-json\/wp\/v2\/comments?post=9301"}],"wp:featuredmedia":[{"embeddable":true,"href":"https:\/\/dualgree.com.br\/loja\/wp-json\/wp\/v2\/media\/10960"}],"wp:attachment":[{"href":"https:\/\/dualgree.com.br\/loja\/wp-json\/wp\/v2\/media?parent=9301"}],"wp:term":[{"taxonomy":"product_brand","embeddable":true,"href":"https:\/\/dualgree.com.br\/loja\/wp-json\/wp\/v2\/product_brand?post=9301"},{"taxonomy":"product_cat","embeddable":true,"href":"https:\/\/dualgree.com.br\/loja\/wp-json\/wp\/v2\/product_cat?post=9301"},{"taxonomy":"product_tag","embeddable":true,"href":"https:\/\/dualgree.com.br\/loja\/wp-json\/wp\/v2\/product_tag?post=9301"}],"curies":[{"name":"wp","href":"https:\/\/api.w.org\/{rel}","templated":true}]}}