{"id":9321,"date":"2025-05-07T12:06:16","date_gmt":"2025-05-07T12:06:16","guid":{"rendered":"https:\/\/dualgree.com.br\/loja\/produto\/curva-de-dreno-preta-para-furo-19mm-3-4-para-condensadoras-ar-condicionado\/"},"modified":"2025-11-26T16:54:40","modified_gmt":"2025-11-26T16:54:40","slug":"curva-de-dreno-preta-para-furo-19mm-3-4-para-condensadoras-ar-condicionado","status":"publish","type":"product","link":"https:\/\/dualgree.com.br\/loja\/produto\/curva-de-dreno-preta-para-furo-19mm-3-4-para-condensadoras-ar-condicionado\/","title":{"rendered":"Curva de dreno preta para furo 19mm = 3\/4 para condensadoras..."},"content":{"rendered":"<p><span style=\"font-family: arial, tahoma, verdana, helvetica;font-size: 14.72px\">ic4751 &#8211; 1X unidade de curva de dreno preta para furo 19mm = 3\/4 para condensadoras.<\/span><\/p>\n<p>\u00a0<\/p>\n<p>Est\u00e1 pe\u00e7a \u00e9 emborrachada fornecendo melhor encaixe e qualidade. pode se usado manqueiras cristais de 1\/2 e 5\/8<br style=\"font-family: arial, tahoma, verdana, helvetica;font-size: 14.72px\" \/><br style=\"font-family: arial, tahoma, verdana, helvetica;font-size: 14.72px\" \/><span style=\"font-family: arial, tahoma, verdana, helvetica;font-size: 14.72px\">Compat\u00edvel com.<\/span><br style=\"font-family: arial, tahoma, verdana, helvetica;font-size: 14.72px\" \/><span style=\"font-family: arial, tahoma, verdana, helvetica;font-size: 14.72px\">condensadoras carrier barril<\/span><br style=\"font-family: arial, tahoma, verdana, helvetica;font-size: 14.72px\" \/><span style=\"font-family: arial, tahoma, verdana, helvetica;font-size: 14.72px\">condensadoras Philco barril<\/span><br style=\"font-family: arial, tahoma, verdana, helvetica;font-size: 14.72px\" \/><br style=\"font-family: arial, tahoma, verdana, helvetica;font-size: 14.72px\" \/><span style=\"font-family: arial, tahoma, verdana, helvetica;font-size: 14.72px\">Como evitar gotejamento em condensadoras externas, evitando molhar cal\u00e7adas e outros locais onde passa pessoas. Compre est\u00e1 curva de dreno para condensadoras que possui furos de 3\/4 e igual a 19mm.<\/span><br style=\"font-family: arial, tahoma, verdana, helvetica;font-size: 14.72px\" \/><br style=\"font-family: arial, tahoma, verdana, helvetica;font-size: 14.72px\" \/><span style=\"font-family: arial, tahoma, verdana, helvetica;font-size: 14.72px\">Compre kit com 3 unidades<\/span><br style=\"font-family: arial, tahoma, verdana, helvetica;font-size: 14.72px\" \/><br style=\"font-family: arial, tahoma, verdana, helvetica;font-size: 14.72px\" \/><span style=\"font-family: arial, tahoma, verdana, helvetica;font-size: 14.72px\">Compre kit com 2 unidades<\/span><\/p>\n<p>\u00a0<\/p>\n<p style=\"margin-bottom: 1rem;font-family: 'Source Sans Pro', sans-serif;font-size: 16px\">Alguns modelos compat\u00edveis:<\/p>\n<p style=\"margin-bottom: 1rem;font-family: 'Source Sans Pro', sans-serif;font-size: 16px\">Philco<\/p>\n<p style=\"margin-bottom: 1rem;font-family: 'Source Sans Pro', sans-serif;font-size: 16px\">LG<\/p>\n<p style=\"margin-bottom: 1rem;font-family: 'Source Sans Pro', sans-serif;font-size: 16px\">38KQG09S5.<\/p>\n<p style=\"margin-bottom: 1rem;font-family: 'Source Sans Pro', sans-serif;font-size: 16px\">38KCC009515MS.<\/p>\n<p style=\"margin-bottom: 1rem;font-family: 'Source Sans Pro', sans-serif;font-size: 16px\">38KCE07S5.<\/p>\n<p style=\"margin-bottom: 1rem;font-family: 'Source Sans Pro', sans-serif;font-size: 16px\">38KCE09S5.<\/p>\n<p style=\"margin-bottom: 1rem;font-family: 'Source Sans Pro', sans-serif;font-size: 16px\">38KCG07F5.<\/p>\n<p style=\"margin-bottom: 1rem;font-family: 'Source Sans Pro', sans-serif;font-size: 16px\">38KCG09F5.<\/p>\n<p style=\"margin-bottom: 1rem;font-family: 'Source Sans Pro', sans-serif;font-size: 16px\">38KCK09M5.<\/p>\n<p style=\"margin-bottom: 1rem;font-family: 'Source Sans Pro', sans-serif;font-size: 16px\">38KCK09S5.<\/p>\n<p style=\"margin-bottom: 1rem;font-family: 'Source Sans Pro', sans-serif;font-size: 16px\">38KCS09M5.<\/p>\n<p style=\"margin-bottom: 1rem;font-family: 'Source Sans Pro', sans-serif;font-size: 16px\">38KCV09M5.<\/p>\n<p style=\"margin-bottom: 1rem;font-family: 'Source Sans Pro', sans-serif;font-size: 16px\">38KCW07F5.<\/p>\n<p style=\"margin-bottom: 1rem;font-family: 'Source Sans Pro', sans-serif;font-size: 16px\">38KCW09F.<\/p>\n<p style=\"margin-bottom: 1rem;font-family: 'Source Sans Pro', sans-serif;font-size: 16px\">38KCX09S5.<\/p>\n<p style=\"margin-bottom: 1rem;font-family: 'Source Sans Pro', sans-serif;font-size: 16px\">38KQE07S5.<\/p>\n<p style=\"margin-bottom: 1rem;font-family: 'Source Sans Pro', sans-serif;font-size: 16px\">38KQE09S5.<\/p>\n<p style=\"margin-bottom: 1rem;font-family: 'Source Sans Pro', sans-serif;font-size: 16px\">38KQG07F5.<\/p>\n<p style=\"margin-bottom: 1rem;font-family: 'Source Sans Pro', sans-serif;font-size: 16px\">38KQG07S5.<\/p>\n<p style=\"margin-bottom: 1rem;font-family: 'Source Sans Pro', sans-serif;font-size: 16px\">38KQG09F5.<\/p>\n<p style=\"margin-bottom: 1rem;font-family: 'Source Sans Pro', sans-serif;font-size: 16px\">38KQV09M5.<\/p>\n<p style=\"margin-bottom: 1rem;font-family: 'Source Sans Pro', sans-serif;font-size: 16px\">38KVCA09S5.<\/p>\n<p style=\"margin-bottom: 1rem;font-family: 'Source Sans Pro', sans-serif;font-size: 16px\">38KCA007515MC.<\/p>\n<p style=\"margin-bottom: 1rem;font-family: 'Source Sans Pro', sans-serif;font-size: 16px\">38KCA009515MC.<\/p>\n<p style=\"margin-bottom: 1rem;font-family: 'Source Sans Pro', sans-serif;font-size: 16px\">38KCA009515MC.<\/p>\n<p style=\"margin-bottom: 1rem;font-family: 'Source Sans Pro', sans-serif;font-size: 16px\">38KCE0<\/p>\n","protected":false},"excerpt":{"rendered":"<p>ic4751 &#8211; 1X unidade de curva de dreno preta para furo 19mm = 3\/4 para condensadoras. \u00a0 Est\u00e1 pe\u00e7a \u00e9 emborrachada fornecendo melhor encaixe e qualidade. pode se usado manqueiras cristais de 1\/2 e 5\/8Compat\u00edvel com.condensadoras carrier barrilcondensadoras Philco barrilComo evitar gotejamento em condensadoras externas, evitando molhar cal\u00e7adas e outros locais onde passa pessoas. Compre&#8230;<\/p>\n","protected":false},"featured_media":9316,"comment_status":"open","ping_status":"closed","template":"","meta":{"_kadence_starter_templates_imported_post":false,"_kad_post_transparent":"","_kad_post_title":"","_kad_post_layout":"","_kad_post_sidebar_id":"","_kad_post_content_style":"","_kad_post_vertical_padding":"","_kad_post_feature":"","_kad_post_feature_position":"","_kad_post_header":false,"_kad_post_footer":false,"jetpack_publicize_message":"","jetpack_publicize_feature_enabled":true,"jetpack_social_post_already_shared":false,"jetpack_social_options":{"image_generator_settings":{"template":"highway","default_image_id":0,"font":"","enabled":false},"version":2}},"product_brand":[],"product_cat":[239],"product_tag":[],"class_list":{"0":"post-9321","1":"product","2":"type-product","3":"status-publish","4":"has-post-thumbnail","6":"product_cat-curva-dreno-condensadora-split","8":"first","9":"instock","10":"shipping-taxable","11":"purchasable","12":"product-type-simple","13":"entry","14":"content-bg","15":"loop-entry"},"yoast_head":"<!-- This site is optimized with the Yoast SEO plugin v27.5 - https:\/\/yoast.com\/product\/yoast-seo-wordpress\/ -->\n<title>Curva de dreno preta para furo 19mm = 3\/4 para condensadoras ar condicionado - Loja - Dual Gree Servi\u00e7os | Pe\u00e7as<\/title>\n<meta name=\"robots\" content=\"index, follow, max-snippet:-1, max-image-preview:large, max-video-preview:-1\" \/>\n<link rel=\"canonical\" href=\"https:\/\/dualgree.com.br\/loja\/produto\/curva-de-dreno-preta-para-furo-19mm-3-4-para-condensadoras-ar-condicionado\/\" \/>\n<meta property=\"og:locale\" content=\"pt_BR\" \/>\n<meta property=\"og:type\" content=\"article\" \/>\n<meta property=\"og:title\" content=\"Curva de dreno preta para furo 19mm = 3\/4 para condensadoras ar condicionado - Loja - Dual Gree Servi\u00e7os | Pe\u00e7as\" \/>\n<meta property=\"og:description\" content=\"ic4751 &#8211; 1X unidade de curva de dreno preta para furo 19mm = 3\/4 para condensadoras. \u00a0 Est\u00e1 pe\u00e7a \u00e9 emborrachada fornecendo melhor encaixe e qualidade. pode se usado manqueiras cristais de 1\/2 e 5\/8Compat\u00edvel com.condensadoras carrier barrilcondensadoras Philco barrilComo evitar gotejamento em condensadoras externas, evitando molhar cal\u00e7adas e outros locais onde passa pessoas. Compre...\" \/>\n<meta property=\"og:url\" content=\"https:\/\/dualgree.com.br\/loja\/produto\/curva-de-dreno-preta-para-furo-19mm-3-4-para-condensadoras-ar-condicionado\/\" \/>\n<meta property=\"og:site_name\" content=\"Loja - Dual Gree Servi\u00e7os | Pe\u00e7as\" \/>\n<meta property=\"article:modified_time\" content=\"2025-11-26T16:54:40+00:00\" \/>\n<meta name=\"twitter:card\" content=\"summary_large_image\" \/>\n<meta name=\"twitter:label1\" content=\"Est. tempo de leitura\" \/>\n\t<meta name=\"twitter:data1\" content=\"1 minuto\" \/>\n<script type=\"application\/ld+json\" class=\"yoast-schema-graph\">{\"@context\":\"https:\\\/\\\/schema.org\",\"@graph\":[{\"@type\":\"WebPage\",\"@id\":\"https:\\\/\\\/dualgree.com.br\\\/loja\\\/produto\\\/curva-de-dreno-preta-para-furo-19mm-3-4-para-condensadoras-ar-condicionado\\\/\",\"url\":\"https:\\\/\\\/dualgree.com.br\\\/loja\\\/produto\\\/curva-de-dreno-preta-para-furo-19mm-3-4-para-condensadoras-ar-condicionado\\\/\",\"name\":\"Curva de dreno preta para furo 19mm = 3\\\/4 para condensadoras ar condicionado - Loja - Dual Gree Servi\u00e7os | Pe\u00e7as\",\"isPartOf\":{\"@id\":\"https:\\\/\\\/dualgree.com.br\\\/loja\\\/#website\"},\"primaryImageOfPage\":{\"@id\":\"https:\\\/\\\/dualgree.com.br\\\/loja\\\/produto\\\/curva-de-dreno-preta-para-furo-19mm-3-4-para-condensadoras-ar-condicionado\\\/#primaryimage\"},\"image\":{\"@id\":\"https:\\\/\\\/dualgree.com.br\\\/loja\\\/produto\\\/curva-de-dreno-preta-para-furo-19mm-3-4-para-condensadoras-ar-condicionado\\\/#primaryimage\"},\"thumbnailUrl\":\"https:\\\/\\\/dualgree.com.br\\\/loja\\\/wp-content\\\/uploads\\\/2025\\\/05\\\/15345966402-ic4751-curva-de-dreno-preta-para-furo-19mm-condensadora-2.jpg\",\"datePublished\":\"2025-05-07T12:06:16+00:00\",\"dateModified\":\"2025-11-26T16:54:40+00:00\",\"breadcrumb\":{\"@id\":\"https:\\\/\\\/dualgree.com.br\\\/loja\\\/produto\\\/curva-de-dreno-preta-para-furo-19mm-3-4-para-condensadoras-ar-condicionado\\\/#breadcrumb\"},\"inLanguage\":\"pt-BR\",\"potentialAction\":[{\"@type\":\"ReadAction\",\"target\":[\"https:\\\/\\\/dualgree.com.br\\\/loja\\\/produto\\\/curva-de-dreno-preta-para-furo-19mm-3-4-para-condensadoras-ar-condicionado\\\/\"]}]},{\"@type\":\"ImageObject\",\"inLanguage\":\"pt-BR\",\"@id\":\"https:\\\/\\\/dualgree.com.br\\\/loja\\\/produto\\\/curva-de-dreno-preta-para-furo-19mm-3-4-para-condensadoras-ar-condicionado\\\/#primaryimage\",\"url\":\"https:\\\/\\\/dualgree.com.br\\\/loja\\\/wp-content\\\/uploads\\\/2025\\\/05\\\/15345966402-ic4751-curva-de-dreno-preta-para-furo-19mm-condensadora-2.jpg\",\"contentUrl\":\"https:\\\/\\\/dualgree.com.br\\\/loja\\\/wp-content\\\/uploads\\\/2025\\\/05\\\/15345966402-ic4751-curva-de-dreno-preta-para-furo-19mm-condensadora-2.jpg\",\"width\":1280,\"height\":1280},{\"@type\":\"BreadcrumbList\",\"@id\":\"https:\\\/\\\/dualgree.com.br\\\/loja\\\/produto\\\/curva-de-dreno-preta-para-furo-19mm-3-4-para-condensadoras-ar-condicionado\\\/#breadcrumb\",\"itemListElement\":[{\"@type\":\"ListItem\",\"position\":1,\"name\":\"In\u00edcio\",\"item\":\"https:\\\/\\\/dualgree.com.br\\\/loja\\\/\"},{\"@type\":\"ListItem\",\"position\":2,\"name\":\"Loja &#8211; Cat\u00e1logo de Pe\u00e7as\",\"item\":\"https:\\\/\\\/dualgree.com.br\\\/loja\\\/\"},{\"@type\":\"ListItem\",\"position\":3,\"name\":\"Curva de dreno preta para furo 19mm = 3\\\/4 para condensadoras...\"}]},{\"@type\":\"WebSite\",\"@id\":\"https:\\\/\\\/dualgree.com.br\\\/loja\\\/#website\",\"url\":\"https:\\\/\\\/dualgree.com.br\\\/loja\\\/\",\"name\":\"Loja - Dual Gree Servi\u00e7os | Partes e Pe\u00e7as\",\"description\":\"Catalogo de Pe\u00e7as para ar condicionado\",\"publisher\":{\"@id\":\"https:\\\/\\\/dualgree.com.br\\\/loja\\\/#organization\"},\"potentialAction\":[{\"@type\":\"SearchAction\",\"target\":{\"@type\":\"EntryPoint\",\"urlTemplate\":\"https:\\\/\\\/dualgree.com.br\\\/loja\\\/?s={search_term_string}\"},\"query-input\":{\"@type\":\"PropertyValueSpecification\",\"valueRequired\":true,\"valueName\":\"search_term_string\"}}],\"inLanguage\":\"pt-BR\"},{\"@type\":\"Organization\",\"@id\":\"https:\\\/\\\/dualgree.com.br\\\/loja\\\/#organization\",\"name\":\"Loja Dual Gree Servi\u00e7o\",\"url\":\"https:\\\/\\\/dualgree.com.br\\\/loja\\\/\",\"logo\":{\"@type\":\"ImageObject\",\"inLanguage\":\"pt-BR\",\"@id\":\"https:\\\/\\\/dualgree.com.br\\\/loja\\\/#\\\/schema\\\/logo\\\/image\\\/\",\"url\":\"https:\\\/\\\/dualgree.com.br\\\/loja\\\/wp-content\\\/uploads\\\/2024\\\/09\\\/teste-logo-ecommerce-dual-1-e1725909304971.png\",\"contentUrl\":\"https:\\\/\\\/dualgree.com.br\\\/loja\\\/wp-content\\\/uploads\\\/2024\\\/09\\\/teste-logo-ecommerce-dual-1-e1725909304971.png\",\"width\":470,\"height\":157,\"caption\":\"Loja Dual Gree Servi\u00e7o\"},\"image\":{\"@id\":\"https:\\\/\\\/dualgree.com.br\\\/loja\\\/#\\\/schema\\\/logo\\\/image\\\/\"}}]}<\/script>\n<!-- \/ Yoast SEO plugin. -->","yoast_head_json":{"title":"Curva de dreno preta para furo 19mm = 3\/4 para condensadoras ar condicionado - Loja - Dual Gree Servi\u00e7os | Pe\u00e7as","robots":{"index":"index","follow":"follow","max-snippet":"max-snippet:-1","max-image-preview":"max-image-preview:large","max-video-preview":"max-video-preview:-1"},"canonical":"https:\/\/dualgree.com.br\/loja\/produto\/curva-de-dreno-preta-para-furo-19mm-3-4-para-condensadoras-ar-condicionado\/","og_locale":"pt_BR","og_type":"article","og_title":"Curva de dreno preta para furo 19mm = 3\/4 para condensadoras ar condicionado - Loja - Dual Gree Servi\u00e7os | Pe\u00e7as","og_description":"ic4751 &#8211; 1X unidade de curva de dreno preta para furo 19mm = 3\/4 para condensadoras. \u00a0 Est\u00e1 pe\u00e7a \u00e9 emborrachada fornecendo melhor encaixe e qualidade. pode se usado manqueiras cristais de 1\/2 e 5\/8Compat\u00edvel com.condensadoras carrier barrilcondensadoras Philco barrilComo evitar gotejamento em condensadoras externas, evitando molhar cal\u00e7adas e outros locais onde passa pessoas. Compre...","og_url":"https:\/\/dualgree.com.br\/loja\/produto\/curva-de-dreno-preta-para-furo-19mm-3-4-para-condensadoras-ar-condicionado\/","og_site_name":"Loja - Dual Gree Servi\u00e7os | Pe\u00e7as","article_modified_time":"2025-11-26T16:54:40+00:00","twitter_card":"summary_large_image","twitter_misc":{"Est. tempo de leitura":"1 minuto"},"schema":{"@context":"https:\/\/schema.org","@graph":[{"@type":"WebPage","@id":"https:\/\/dualgree.com.br\/loja\/produto\/curva-de-dreno-preta-para-furo-19mm-3-4-para-condensadoras-ar-condicionado\/","url":"https:\/\/dualgree.com.br\/loja\/produto\/curva-de-dreno-preta-para-furo-19mm-3-4-para-condensadoras-ar-condicionado\/","name":"Curva de dreno preta para furo 19mm = 3\/4 para condensadoras ar condicionado - Loja - Dual Gree Servi\u00e7os | Pe\u00e7as","isPartOf":{"@id":"https:\/\/dualgree.com.br\/loja\/#website"},"primaryImageOfPage":{"@id":"https:\/\/dualgree.com.br\/loja\/produto\/curva-de-dreno-preta-para-furo-19mm-3-4-para-condensadoras-ar-condicionado\/#primaryimage"},"image":{"@id":"https:\/\/dualgree.com.br\/loja\/produto\/curva-de-dreno-preta-para-furo-19mm-3-4-para-condensadoras-ar-condicionado\/#primaryimage"},"thumbnailUrl":"https:\/\/dualgree.com.br\/loja\/wp-content\/uploads\/2025\/05\/15345966402-ic4751-curva-de-dreno-preta-para-furo-19mm-condensadora-2.jpg","datePublished":"2025-05-07T12:06:16+00:00","dateModified":"2025-11-26T16:54:40+00:00","breadcrumb":{"@id":"https:\/\/dualgree.com.br\/loja\/produto\/curva-de-dreno-preta-para-furo-19mm-3-4-para-condensadoras-ar-condicionado\/#breadcrumb"},"inLanguage":"pt-BR","potentialAction":[{"@type":"ReadAction","target":["https:\/\/dualgree.com.br\/loja\/produto\/curva-de-dreno-preta-para-furo-19mm-3-4-para-condensadoras-ar-condicionado\/"]}]},{"@type":"ImageObject","inLanguage":"pt-BR","@id":"https:\/\/dualgree.com.br\/loja\/produto\/curva-de-dreno-preta-para-furo-19mm-3-4-para-condensadoras-ar-condicionado\/#primaryimage","url":"https:\/\/dualgree.com.br\/loja\/wp-content\/uploads\/2025\/05\/15345966402-ic4751-curva-de-dreno-preta-para-furo-19mm-condensadora-2.jpg","contentUrl":"https:\/\/dualgree.com.br\/loja\/wp-content\/uploads\/2025\/05\/15345966402-ic4751-curva-de-dreno-preta-para-furo-19mm-condensadora-2.jpg","width":1280,"height":1280},{"@type":"BreadcrumbList","@id":"https:\/\/dualgree.com.br\/loja\/produto\/curva-de-dreno-preta-para-furo-19mm-3-4-para-condensadoras-ar-condicionado\/#breadcrumb","itemListElement":[{"@type":"ListItem","position":1,"name":"In\u00edcio","item":"https:\/\/dualgree.com.br\/loja\/"},{"@type":"ListItem","position":2,"name":"Loja &#8211; Cat\u00e1logo de Pe\u00e7as","item":"https:\/\/dualgree.com.br\/loja\/"},{"@type":"ListItem","position":3,"name":"Curva de dreno preta para furo 19mm = 3\/4 para condensadoras..."}]},{"@type":"WebSite","@id":"https:\/\/dualgree.com.br\/loja\/#website","url":"https:\/\/dualgree.com.br\/loja\/","name":"Loja - Dual Gree Servi\u00e7os | Partes e Pe\u00e7as","description":"Catalogo de Pe\u00e7as para ar condicionado","publisher":{"@id":"https:\/\/dualgree.com.br\/loja\/#organization"},"potentialAction":[{"@type":"SearchAction","target":{"@type":"EntryPoint","urlTemplate":"https:\/\/dualgree.com.br\/loja\/?s={search_term_string}"},"query-input":{"@type":"PropertyValueSpecification","valueRequired":true,"valueName":"search_term_string"}}],"inLanguage":"pt-BR"},{"@type":"Organization","@id":"https:\/\/dualgree.com.br\/loja\/#organization","name":"Loja Dual Gree Servi\u00e7o","url":"https:\/\/dualgree.com.br\/loja\/","logo":{"@type":"ImageObject","inLanguage":"pt-BR","@id":"https:\/\/dualgree.com.br\/loja\/#\/schema\/logo\/image\/","url":"https:\/\/dualgree.com.br\/loja\/wp-content\/uploads\/2024\/09\/teste-logo-ecommerce-dual-1-e1725909304971.png","contentUrl":"https:\/\/dualgree.com.br\/loja\/wp-content\/uploads\/2024\/09\/teste-logo-ecommerce-dual-1-e1725909304971.png","width":470,"height":157,"caption":"Loja Dual Gree Servi\u00e7o"},"image":{"@id":"https:\/\/dualgree.com.br\/loja\/#\/schema\/logo\/image\/"}}]}},"jetpack_publicize_connections":[],"jetpack_sharing_enabled":true,"jetpack_likes_enabled":true,"_links":{"self":[{"href":"https:\/\/dualgree.com.br\/loja\/wp-json\/wp\/v2\/product\/9321","targetHints":{"allow":["GET"]}}],"collection":[{"href":"https:\/\/dualgree.com.br\/loja\/wp-json\/wp\/v2\/product"}],"about":[{"href":"https:\/\/dualgree.com.br\/loja\/wp-json\/wp\/v2\/types\/product"}],"replies":[{"embeddable":true,"href":"https:\/\/dualgree.com.br\/loja\/wp-json\/wp\/v2\/comments?post=9321"}],"wp:featuredmedia":[{"embeddable":true,"href":"https:\/\/dualgree.com.br\/loja\/wp-json\/wp\/v2\/media\/9316"}],"wp:attachment":[{"href":"https:\/\/dualgree.com.br\/loja\/wp-json\/wp\/v2\/media?parent=9321"}],"wp:term":[{"taxonomy":"product_brand","embeddable":true,"href":"https:\/\/dualgree.com.br\/loja\/wp-json\/wp\/v2\/product_brand?post=9321"},{"taxonomy":"product_cat","embeddable":true,"href":"https:\/\/dualgree.com.br\/loja\/wp-json\/wp\/v2\/product_cat?post=9321"},{"taxonomy":"product_tag","embeddable":true,"href":"https:\/\/dualgree.com.br\/loja\/wp-json\/wp\/v2\/product_tag?post=9321"}],"curies":[{"name":"wp","href":"https:\/\/api.w.org\/{rel}","templated":true}]}}