{"id":9431,"date":"2025-05-13T13:08:03","date_gmt":"2025-05-13T13:08:03","guid":{"rendered":"https:\/\/dualgree.com.br\/loja\/produto\/motor-condensadora-elgin-hife09c2ca-bldc-3-fios\/"},"modified":"2025-10-15T18:53:53","modified_gmt":"2025-10-15T18:53:53","slug":"motor-condensadora-elgin-hife09c2ca-bldc-3-fios","status":"publish","type":"product","link":"https:\/\/dualgree.com.br\/loja\/produto\/motor-condensadora-elgin-hife09c2ca-bldc-3-fios\/","title":{"rendered":"MOTOR CONDENSADORA ELGIN HIFE09C2CA BLDC 3 FIOS"},"content":{"rendered":"<p><span style=\"font-family: arial, tahoma, verdana, helvetica;font-size: 14.72px\">IC4677 &#8211; MOTOR CONDENSADORA ELGIN HIFE09C2CA BLDC 3 FIOS<\/span><br style=\"font-family: arial, tahoma, verdana, helvetica;font-size: 14.72px\" \/><br style=\"font-family: arial, tahoma, verdana, helvetica;font-size: 14.72px\" \/><span style=\"font-family: arial, tahoma, verdana, helvetica;font-size: 14.72px\">sem troca de pe\u00e7as , Seminovo.<\/span><\/p>\n<p>\u00a0<\/p>\n<p>Dimensoes:<\/p>\n<p>\u00a0<\/p>\n<p>Tamanho do eixo at\u00e9 o limitador at\u00e9 o inicio da rosca 4 cm.<\/p>\n<p>\u00a0<\/p>\n<p>Grossura do eixo 8cm.<\/p>\n<p>\u00a0<\/p>\n<p>De furo a furo a fix\u00e3o dos parafusos 12,8cm<br style=\"font-family: arial, tahoma, verdana, helvetica;font-size: 14.72px\" \/><br style=\"font-family: arial, tahoma, verdana, helvetica;font-size: 14.72px\" \/><span style=\"font-family: arial, tahoma, verdana, helvetica;font-size: 14.72px\">T10WZ37-A01.<\/span><br style=\"font-family: arial, tahoma, verdana, helvetica;font-size: 14.72px\" \/><span style=\"font-family: arial, tahoma, verdana, helvetica;font-size: 14.72px\">202401300082149.<\/span><br style=\"font-family: arial, tahoma, verdana, helvetica;font-size: 14.72px\" \/><span style=\"font-family: arial, tahoma, verdana, helvetica;font-size: 14.72px\">Brushless DC MOTOR.<\/span><br style=\"font-family: arial, tahoma, verdana, helvetica;font-size: 14.72px\" \/><span style=\"font-family: arial, tahoma, verdana, helvetica;font-size: 14.72px\">950073715.<\/span><br style=\"font-family: arial, tahoma, verdana, helvetica;font-size: 14.72px\" \/><br style=\"font-family: arial, tahoma, verdana, helvetica;font-size: 14.72px\" \/><span style=\"font-family: arial, tahoma, verdana, helvetica;font-size: 14.72px\">CONDENSADORA.<\/span><br style=\"font-family: arial, tahoma, verdana, helvetica;font-size: 14.72px\" \/><span style=\"font-family: arial, tahoma, verdana, helvetica;font-size: 14.72px\">HIFE09C2CA.<\/span><br style=\"font-family: arial, tahoma, verdana, helvetica;font-size: 14.72px\" \/><span style=\"font-family: arial, tahoma, verdana, helvetica;font-size: 14.72px\">HIFE12C2CA.<\/span><\/p>\n","protected":false},"excerpt":{"rendered":"<p>IC4677 &#8211; MOTOR CONDENSADORA ELGIN HIFE09C2CA BLDC 3 FIOSsem troca de pe\u00e7as , Seminovo. \u00a0 Dimensoes: \u00a0 Tamanho do eixo at\u00e9 o limitador at\u00e9 o inicio da rosca 4 cm. \u00a0 Grossura do eixo 8cm. \u00a0 De furo a furo a fix\u00e3o dos parafusos 12,8cmT10WZ37-A01.202401300082149.Brushless DC MOTOR.950073715.CONDENSADORA.HIFE09C2CA.HIFE12C2CA.<\/p>\n","protected":false},"featured_media":11928,"comment_status":"open","ping_status":"closed","template":"","meta":{"_kadence_starter_templates_imported_post":false,"_kad_post_transparent":"","_kad_post_title":"","_kad_post_layout":"","_kad_post_sidebar_id":"","_kad_post_content_style":"","_kad_post_vertical_padding":"","_kad_post_feature":"","_kad_post_feature_position":"","_kad_post_header":false,"_kad_post_footer":false,"jetpack_publicize_message":"","jetpack_publicize_feature_enabled":true,"jetpack_social_post_already_shared":false,"jetpack_social_options":{"image_generator_settings":{"template":"highway","default_image_id":0,"font":"","enabled":false},"version":2}},"product_brand":[],"product_cat":[185,233],"product_tag":[],"class_list":{"0":"post-9431","1":"product","2":"type-product","3":"status-publish","4":"has-post-thumbnail","6":"product_cat-elgin","7":"product_cat-motor-da-condensadora-split","9":"first","10":"outofstock","11":"shipping-taxable","12":"purchasable","13":"product-type-simple","14":"entry","15":"content-bg","16":"loop-entry"},"yoast_head":"<!-- This site is optimized with the Yoast SEO plugin v27.5 - https:\/\/yoast.com\/product\/yoast-seo-wordpress\/ -->\n<title>MOTOR CONDENSADORA ELGIN HIFE09C2CA BLDC 3 FIOS - Loja - Dual Gree Servi\u00e7os | Pe\u00e7as<\/title>\n<meta name=\"robots\" content=\"index, follow, max-snippet:-1, max-image-preview:large, max-video-preview:-1\" \/>\n<link rel=\"canonical\" href=\"https:\/\/dualgree.com.br\/loja\/produto\/motor-condensadora-elgin-hife09c2ca-bldc-3-fios\/\" \/>\n<meta property=\"og:locale\" content=\"pt_BR\" \/>\n<meta property=\"og:type\" content=\"article\" \/>\n<meta property=\"og:title\" content=\"MOTOR CONDENSADORA ELGIN HIFE09C2CA BLDC 3 FIOS - Loja - Dual Gree Servi\u00e7os | Pe\u00e7as\" \/>\n<meta property=\"og:description\" content=\"IC4677 &#8211; MOTOR CONDENSADORA ELGIN HIFE09C2CA BLDC 3 FIOSsem troca de pe\u00e7as , Seminovo. \u00a0 Dimensoes: \u00a0 Tamanho do eixo at\u00e9 o limitador at\u00e9 o inicio da rosca 4 cm. \u00a0 Grossura do eixo 8cm. \u00a0 De furo a furo a fix\u00e3o dos parafusos 12,8cmT10WZ37-A01.202401300082149.Brushless DC MOTOR.950073715.CONDENSADORA.HIFE09C2CA.HIFE12C2CA.\" \/>\n<meta property=\"og:url\" content=\"https:\/\/dualgree.com.br\/loja\/produto\/motor-condensadora-elgin-hife09c2ca-bldc-3-fios\/\" \/>\n<meta property=\"og:site_name\" content=\"Loja - Dual Gree Servi\u00e7os | Pe\u00e7as\" \/>\n<meta property=\"article:modified_time\" content=\"2025-10-15T18:53:53+00:00\" \/>\n<meta property=\"og:image\" content=\"https:\/\/dualgree.com.br\/loja\/wp-content\/uploads\/2025\/05\/15347222403-ic4677-motor-condensadora-elgin-hife09c2ca-bldc-3-fios.webp\" \/>\n\t<meta property=\"og:image:width\" content=\"798\" \/>\n\t<meta property=\"og:image:height\" content=\"800\" \/>\n\t<meta property=\"og:image:type\" content=\"image\/webp\" \/>\n<meta name=\"twitter:card\" content=\"summary_large_image\" \/>\n<script type=\"application\/ld+json\" class=\"yoast-schema-graph\">{\"@context\":\"https:\\\/\\\/schema.org\",\"@graph\":[{\"@type\":\"WebPage\",\"@id\":\"https:\\\/\\\/dualgree.com.br\\\/loja\\\/produto\\\/motor-condensadora-elgin-hife09c2ca-bldc-3-fios\\\/\",\"url\":\"https:\\\/\\\/dualgree.com.br\\\/loja\\\/produto\\\/motor-condensadora-elgin-hife09c2ca-bldc-3-fios\\\/\",\"name\":\"MOTOR CONDENSADORA ELGIN HIFE09C2CA BLDC 3 FIOS - Loja - Dual Gree Servi\u00e7os | Pe\u00e7as\",\"isPartOf\":{\"@id\":\"https:\\\/\\\/dualgree.com.br\\\/loja\\\/#website\"},\"primaryImageOfPage\":{\"@id\":\"https:\\\/\\\/dualgree.com.br\\\/loja\\\/produto\\\/motor-condensadora-elgin-hife09c2ca-bldc-3-fios\\\/#primaryimage\"},\"image\":{\"@id\":\"https:\\\/\\\/dualgree.com.br\\\/loja\\\/produto\\\/motor-condensadora-elgin-hife09c2ca-bldc-3-fios\\\/#primaryimage\"},\"thumbnailUrl\":\"https:\\\/\\\/dualgree.com.br\\\/loja\\\/wp-content\\\/uploads\\\/2025\\\/10\\\/15347222390-ic4677-motor-condensadora-elgin-hife09c2ca-bldc-3-fios-2.webp\",\"datePublished\":\"2025-05-13T13:08:03+00:00\",\"dateModified\":\"2025-10-15T18:53:53+00:00\",\"breadcrumb\":{\"@id\":\"https:\\\/\\\/dualgree.com.br\\\/loja\\\/produto\\\/motor-condensadora-elgin-hife09c2ca-bldc-3-fios\\\/#breadcrumb\"},\"inLanguage\":\"pt-BR\",\"potentialAction\":[{\"@type\":\"ReadAction\",\"target\":[\"https:\\\/\\\/dualgree.com.br\\\/loja\\\/produto\\\/motor-condensadora-elgin-hife09c2ca-bldc-3-fios\\\/\"]}]},{\"@type\":\"ImageObject\",\"inLanguage\":\"pt-BR\",\"@id\":\"https:\\\/\\\/dualgree.com.br\\\/loja\\\/produto\\\/motor-condensadora-elgin-hife09c2ca-bldc-3-fios\\\/#primaryimage\",\"url\":\"https:\\\/\\\/dualgree.com.br\\\/loja\\\/wp-content\\\/uploads\\\/2025\\\/10\\\/15347222390-ic4677-motor-condensadora-elgin-hife09c2ca-bldc-3-fios-2.webp\",\"contentUrl\":\"https:\\\/\\\/dualgree.com.br\\\/loja\\\/wp-content\\\/uploads\\\/2025\\\/10\\\/15347222390-ic4677-motor-condensadora-elgin-hife09c2ca-bldc-3-fios-2.webp\",\"width\":800,\"height\":770},{\"@type\":\"BreadcrumbList\",\"@id\":\"https:\\\/\\\/dualgree.com.br\\\/loja\\\/produto\\\/motor-condensadora-elgin-hife09c2ca-bldc-3-fios\\\/#breadcrumb\",\"itemListElement\":[{\"@type\":\"ListItem\",\"position\":1,\"name\":\"In\u00edcio\",\"item\":\"https:\\\/\\\/dualgree.com.br\\\/loja\\\/\"},{\"@type\":\"ListItem\",\"position\":2,\"name\":\"Loja &#8211; Cat\u00e1logo de Pe\u00e7as\",\"item\":\"https:\\\/\\\/dualgree.com.br\\\/loja\\\/\"},{\"@type\":\"ListItem\",\"position\":3,\"name\":\"MOTOR CONDENSADORA ELGIN HIFE09C2CA BLDC 3 FIOS\"}]},{\"@type\":\"WebSite\",\"@id\":\"https:\\\/\\\/dualgree.com.br\\\/loja\\\/#website\",\"url\":\"https:\\\/\\\/dualgree.com.br\\\/loja\\\/\",\"name\":\"Loja - Dual Gree Servi\u00e7os | Partes e Pe\u00e7as\",\"description\":\"Catalogo de Pe\u00e7as para ar condicionado\",\"publisher\":{\"@id\":\"https:\\\/\\\/dualgree.com.br\\\/loja\\\/#organization\"},\"potentialAction\":[{\"@type\":\"SearchAction\",\"target\":{\"@type\":\"EntryPoint\",\"urlTemplate\":\"https:\\\/\\\/dualgree.com.br\\\/loja\\\/?s={search_term_string}\"},\"query-input\":{\"@type\":\"PropertyValueSpecification\",\"valueRequired\":true,\"valueName\":\"search_term_string\"}}],\"inLanguage\":\"pt-BR\"},{\"@type\":\"Organization\",\"@id\":\"https:\\\/\\\/dualgree.com.br\\\/loja\\\/#organization\",\"name\":\"Loja Dual Gree Servi\u00e7o\",\"url\":\"https:\\\/\\\/dualgree.com.br\\\/loja\\\/\",\"logo\":{\"@type\":\"ImageObject\",\"inLanguage\":\"pt-BR\",\"@id\":\"https:\\\/\\\/dualgree.com.br\\\/loja\\\/#\\\/schema\\\/logo\\\/image\\\/\",\"url\":\"https:\\\/\\\/dualgree.com.br\\\/loja\\\/wp-content\\\/uploads\\\/2024\\\/09\\\/teste-logo-ecommerce-dual-1-e1725909304971.png\",\"contentUrl\":\"https:\\\/\\\/dualgree.com.br\\\/loja\\\/wp-content\\\/uploads\\\/2024\\\/09\\\/teste-logo-ecommerce-dual-1-e1725909304971.png\",\"width\":470,\"height\":157,\"caption\":\"Loja Dual Gree Servi\u00e7o\"},\"image\":{\"@id\":\"https:\\\/\\\/dualgree.com.br\\\/loja\\\/#\\\/schema\\\/logo\\\/image\\\/\"}}]}<\/script>\n<!-- \/ Yoast SEO plugin. -->","yoast_head_json":{"title":"MOTOR CONDENSADORA ELGIN HIFE09C2CA BLDC 3 FIOS - Loja - Dual Gree Servi\u00e7os | Pe\u00e7as","robots":{"index":"index","follow":"follow","max-snippet":"max-snippet:-1","max-image-preview":"max-image-preview:large","max-video-preview":"max-video-preview:-1"},"canonical":"https:\/\/dualgree.com.br\/loja\/produto\/motor-condensadora-elgin-hife09c2ca-bldc-3-fios\/","og_locale":"pt_BR","og_type":"article","og_title":"MOTOR CONDENSADORA ELGIN HIFE09C2CA BLDC 3 FIOS - Loja - Dual Gree Servi\u00e7os | Pe\u00e7as","og_description":"IC4677 &#8211; MOTOR CONDENSADORA ELGIN HIFE09C2CA BLDC 3 FIOSsem troca de pe\u00e7as , Seminovo. \u00a0 Dimensoes: \u00a0 Tamanho do eixo at\u00e9 o limitador at\u00e9 o inicio da rosca 4 cm. \u00a0 Grossura do eixo 8cm. \u00a0 De furo a furo a fix\u00e3o dos parafusos 12,8cmT10WZ37-A01.202401300082149.Brushless DC MOTOR.950073715.CONDENSADORA.HIFE09C2CA.HIFE12C2CA.","og_url":"https:\/\/dualgree.com.br\/loja\/produto\/motor-condensadora-elgin-hife09c2ca-bldc-3-fios\/","og_site_name":"Loja - Dual Gree Servi\u00e7os | Pe\u00e7as","article_modified_time":"2025-10-15T18:53:53+00:00","og_image":[{"width":798,"height":800,"url":"https:\/\/dualgree.com.br\/loja\/wp-content\/uploads\/2025\/05\/15347222403-ic4677-motor-condensadora-elgin-hife09c2ca-bldc-3-fios.webp","type":"image\/webp"}],"twitter_card":"summary_large_image","schema":{"@context":"https:\/\/schema.org","@graph":[{"@type":"WebPage","@id":"https:\/\/dualgree.com.br\/loja\/produto\/motor-condensadora-elgin-hife09c2ca-bldc-3-fios\/","url":"https:\/\/dualgree.com.br\/loja\/produto\/motor-condensadora-elgin-hife09c2ca-bldc-3-fios\/","name":"MOTOR CONDENSADORA ELGIN HIFE09C2CA BLDC 3 FIOS - Loja - Dual Gree Servi\u00e7os | Pe\u00e7as","isPartOf":{"@id":"https:\/\/dualgree.com.br\/loja\/#website"},"primaryImageOfPage":{"@id":"https:\/\/dualgree.com.br\/loja\/produto\/motor-condensadora-elgin-hife09c2ca-bldc-3-fios\/#primaryimage"},"image":{"@id":"https:\/\/dualgree.com.br\/loja\/produto\/motor-condensadora-elgin-hife09c2ca-bldc-3-fios\/#primaryimage"},"thumbnailUrl":"https:\/\/dualgree.com.br\/loja\/wp-content\/uploads\/2025\/10\/15347222390-ic4677-motor-condensadora-elgin-hife09c2ca-bldc-3-fios-2.webp","datePublished":"2025-05-13T13:08:03+00:00","dateModified":"2025-10-15T18:53:53+00:00","breadcrumb":{"@id":"https:\/\/dualgree.com.br\/loja\/produto\/motor-condensadora-elgin-hife09c2ca-bldc-3-fios\/#breadcrumb"},"inLanguage":"pt-BR","potentialAction":[{"@type":"ReadAction","target":["https:\/\/dualgree.com.br\/loja\/produto\/motor-condensadora-elgin-hife09c2ca-bldc-3-fios\/"]}]},{"@type":"ImageObject","inLanguage":"pt-BR","@id":"https:\/\/dualgree.com.br\/loja\/produto\/motor-condensadora-elgin-hife09c2ca-bldc-3-fios\/#primaryimage","url":"https:\/\/dualgree.com.br\/loja\/wp-content\/uploads\/2025\/10\/15347222390-ic4677-motor-condensadora-elgin-hife09c2ca-bldc-3-fios-2.webp","contentUrl":"https:\/\/dualgree.com.br\/loja\/wp-content\/uploads\/2025\/10\/15347222390-ic4677-motor-condensadora-elgin-hife09c2ca-bldc-3-fios-2.webp","width":800,"height":770},{"@type":"BreadcrumbList","@id":"https:\/\/dualgree.com.br\/loja\/produto\/motor-condensadora-elgin-hife09c2ca-bldc-3-fios\/#breadcrumb","itemListElement":[{"@type":"ListItem","position":1,"name":"In\u00edcio","item":"https:\/\/dualgree.com.br\/loja\/"},{"@type":"ListItem","position":2,"name":"Loja &#8211; Cat\u00e1logo de Pe\u00e7as","item":"https:\/\/dualgree.com.br\/loja\/"},{"@type":"ListItem","position":3,"name":"MOTOR CONDENSADORA ELGIN HIFE09C2CA BLDC 3 FIOS"}]},{"@type":"WebSite","@id":"https:\/\/dualgree.com.br\/loja\/#website","url":"https:\/\/dualgree.com.br\/loja\/","name":"Loja - Dual Gree Servi\u00e7os | Partes e Pe\u00e7as","description":"Catalogo de Pe\u00e7as para ar condicionado","publisher":{"@id":"https:\/\/dualgree.com.br\/loja\/#organization"},"potentialAction":[{"@type":"SearchAction","target":{"@type":"EntryPoint","urlTemplate":"https:\/\/dualgree.com.br\/loja\/?s={search_term_string}"},"query-input":{"@type":"PropertyValueSpecification","valueRequired":true,"valueName":"search_term_string"}}],"inLanguage":"pt-BR"},{"@type":"Organization","@id":"https:\/\/dualgree.com.br\/loja\/#organization","name":"Loja Dual Gree Servi\u00e7o","url":"https:\/\/dualgree.com.br\/loja\/","logo":{"@type":"ImageObject","inLanguage":"pt-BR","@id":"https:\/\/dualgree.com.br\/loja\/#\/schema\/logo\/image\/","url":"https:\/\/dualgree.com.br\/loja\/wp-content\/uploads\/2024\/09\/teste-logo-ecommerce-dual-1-e1725909304971.png","contentUrl":"https:\/\/dualgree.com.br\/loja\/wp-content\/uploads\/2024\/09\/teste-logo-ecommerce-dual-1-e1725909304971.png","width":470,"height":157,"caption":"Loja Dual Gree Servi\u00e7o"},"image":{"@id":"https:\/\/dualgree.com.br\/loja\/#\/schema\/logo\/image\/"}}]}},"jetpack_publicize_connections":[],"jetpack_sharing_enabled":true,"jetpack_likes_enabled":true,"_links":{"self":[{"href":"https:\/\/dualgree.com.br\/loja\/wp-json\/wp\/v2\/product\/9431","targetHints":{"allow":["GET"]}}],"collection":[{"href":"https:\/\/dualgree.com.br\/loja\/wp-json\/wp\/v2\/product"}],"about":[{"href":"https:\/\/dualgree.com.br\/loja\/wp-json\/wp\/v2\/types\/product"}],"replies":[{"embeddable":true,"href":"https:\/\/dualgree.com.br\/loja\/wp-json\/wp\/v2\/comments?post=9431"}],"wp:featuredmedia":[{"embeddable":true,"href":"https:\/\/dualgree.com.br\/loja\/wp-json\/wp\/v2\/media\/11928"}],"wp:attachment":[{"href":"https:\/\/dualgree.com.br\/loja\/wp-json\/wp\/v2\/media?parent=9431"}],"wp:term":[{"taxonomy":"product_brand","embeddable":true,"href":"https:\/\/dualgree.com.br\/loja\/wp-json\/wp\/v2\/product_brand?post=9431"},{"taxonomy":"product_cat","embeddable":true,"href":"https:\/\/dualgree.com.br\/loja\/wp-json\/wp\/v2\/product_cat?post=9431"},{"taxonomy":"product_tag","embeddable":true,"href":"https:\/\/dualgree.com.br\/loja\/wp-json\/wp\/v2\/product_tag?post=9431"}],"curies":[{"name":"wp","href":"https:\/\/api.w.org\/{rel}","templated":true}]}}