{"id":9526,"date":"2025-05-16T16:44:24","date_gmt":"2025-05-16T16:44:24","guid":{"rendered":"https:\/\/dualgree.com.br\/loja\/produto\/4765-turbina-evaporadora-lg-dual-inverter-s3nw09aa31-535x94\/"},"modified":"2025-05-19T12:04:42","modified_gmt":"2025-05-19T12:04:42","slug":"4765-turbina-evaporadora-lg-dual-inverter-s3nw09aa31-535x94","status":"publish","type":"product","link":"https:\/\/dualgree.com.br\/loja\/produto\/4765-turbina-evaporadora-lg-dual-inverter-s3nw09aa31-535x94\/","title":{"rendered":"4765 &#8211; Turbina Evaporadora lg dual inverter S3Nw09aa31..."},"content":{"rendered":"<p>4765 &#8211; Turbina Evaporadora lg dual inverter S3Nw09aa31c<\/p>\n<p>\u00a0<\/p>\n<p>Usada: sem quebras seminova<\/p>\n<p>\u00a0<\/p>\n<p>Turbina Evaporadora lg dual inverter S3Nw09aa31A<\/p>\n<p>\u00a0<\/p>\n<p>Comprimento 53,5<\/p>\n<p>largura 9,4<\/p>\n<p>\u00a0<\/p>\n<p>CODIGOS<\/p>\n<p>\u00a0<\/p>\n<p>ADP741334 02<\/p>\n<p>\u00a0<\/p>\n<p>ADP739535 09<\/p>\n<p>\u00a0<\/p>\n<p>MODELOS<\/p>\n<p>\u00a0<\/p>\n<p>S3NQ09AA31A<\/p>\n<p>\u00a0<\/p>\n<p>S3NQ09AAQAL<\/p>\n<p>\u00a0<\/p>\n<p>S3NW09AA31C<\/p>\n<p>\u00a0<\/p>\n<p>S4NQ09AA31A<\/p>\n<p>\u00a0<\/p>\n<p>S4NQ09AA31B<\/p>\n<p>\u00a0<\/p>\n<p>S4NQ09AA31C<\/p>\n<p>\u00a0<\/p>\n<p>S4NW09AA31A<\/p>\n<p>\u00a0<\/p>\n<p>S4NW09AA31B<\/p>\n<p>\u00a0<\/p>\n<p>S4NW09AA3XA<\/p>\n<p>\u00a0<\/p>\n<p>S4NW09AA3XB<\/p>\n","protected":false},"excerpt":{"rendered":"<p>4765 &#8211; Turbina Evaporadora lg dual inverter S3Nw09aa31c \u00a0 Usada: sem quebras seminova \u00a0 Turbina Evaporadora lg dual inverter S3Nw09aa31A \u00a0 Comprimento 53,5 largura 9,4 \u00a0 CODIGOS \u00a0 ADP741334 02 \u00a0 ADP739535 09 \u00a0 MODELOS \u00a0 S3NQ09AA31A \u00a0 S3NQ09AAQAL \u00a0 S3NW09AA31C \u00a0 S4NQ09AA31A \u00a0 S4NQ09AA31B \u00a0 S4NQ09AA31C \u00a0 S4NW09AA31A \u00a0 S4NW09AA31B \u00a0 S4NW09AA3XA \u00a0 S4NW09AA3XB<\/p>\n","protected":false},"featured_media":9523,"comment_status":"open","ping_status":"closed","template":"","meta":{"_kadence_starter_templates_imported_post":false,"_kad_post_transparent":"","_kad_post_title":"","_kad_post_layout":"","_kad_post_sidebar_id":"","_kad_post_content_style":"","_kad_post_vertical_padding":"","_kad_post_feature":"","_kad_post_feature_position":"","_kad_post_header":false,"_kad_post_footer":false,"jetpack_publicize_message":"","jetpack_publicize_feature_enabled":true,"jetpack_social_post_already_shared":false,"jetpack_social_options":{"image_generator_settings":{"template":"highway","default_image_id":0,"font":"","enabled":false},"version":2}},"product_brand":[],"product_cat":[182,219],"product_tag":[],"class_list":{"0":"post-9526","1":"product","2":"type-product","3":"status-publish","4":"has-post-thumbnail","6":"product_cat-lg","7":"product_cat-turbina-de-ventilacao-split","9":"first","10":"outofstock","11":"shipping-taxable","12":"purchasable","13":"product-type-simple","14":"entry","15":"content-bg","16":"loop-entry"},"yoast_head":"<!-- This site is optimized with the Yoast SEO plugin v27.5 - https:\/\/yoast.com\/product\/yoast-seo-wordpress\/ -->\n<title>4765 - Turbina Evaporadora lg dual inverter S3Nw09aa31 - 535x94 - Loja - Dual Gree Servi\u00e7os | Pe\u00e7as<\/title>\n<meta name=\"robots\" content=\"index, follow, max-snippet:-1, max-image-preview:large, max-video-preview:-1\" \/>\n<link rel=\"canonical\" href=\"https:\/\/dualgree.com.br\/loja\/produto\/4765-turbina-evaporadora-lg-dual-inverter-s3nw09aa31-535x94\/\" \/>\n<meta property=\"og:locale\" content=\"pt_BR\" \/>\n<meta property=\"og:type\" content=\"article\" \/>\n<meta property=\"og:title\" content=\"4765 - Turbina Evaporadora lg dual inverter S3Nw09aa31 - 535x94 - Loja - Dual Gree Servi\u00e7os | Pe\u00e7as\" \/>\n<meta property=\"og:description\" content=\"4765 &#8211; Turbina Evaporadora lg dual inverter S3Nw09aa31c \u00a0 Usada: sem quebras seminova \u00a0 Turbina Evaporadora lg dual inverter S3Nw09aa31A \u00a0 Comprimento 53,5 largura 9,4 \u00a0 CODIGOS \u00a0 ADP741334 02 \u00a0 ADP739535 09 \u00a0 MODELOS \u00a0 S3NQ09AA31A \u00a0 S3NQ09AAQAL \u00a0 S3NW09AA31C \u00a0 S4NQ09AA31A \u00a0 S4NQ09AA31B \u00a0 S4NQ09AA31C \u00a0 S4NW09AA31A \u00a0 S4NW09AA31B \u00a0 S4NW09AA3XA \u00a0 S4NW09AA3XB\" \/>\n<meta property=\"og:url\" content=\"https:\/\/dualgree.com.br\/loja\/produto\/4765-turbina-evaporadora-lg-dual-inverter-s3nw09aa31-535x94\/\" \/>\n<meta property=\"og:site_name\" content=\"Loja - Dual Gree Servi\u00e7os | Pe\u00e7as\" \/>\n<meta property=\"article:modified_time\" content=\"2025-05-19T12:04:42+00:00\" \/>\n<meta name=\"twitter:card\" content=\"summary_large_image\" \/>\n<script type=\"application\/ld+json\" class=\"yoast-schema-graph\">{\"@context\":\"https:\\\/\\\/schema.org\",\"@graph\":[{\"@type\":\"WebPage\",\"@id\":\"https:\\\/\\\/dualgree.com.br\\\/loja\\\/produto\\\/4765-turbina-evaporadora-lg-dual-inverter-s3nw09aa31-535x94\\\/\",\"url\":\"https:\\\/\\\/dualgree.com.br\\\/loja\\\/produto\\\/4765-turbina-evaporadora-lg-dual-inverter-s3nw09aa31-535x94\\\/\",\"name\":\"4765 - Turbina Evaporadora lg dual inverter S3Nw09aa31 - 535x94 - Loja - Dual Gree Servi\u00e7os | Pe\u00e7as\",\"isPartOf\":{\"@id\":\"https:\\\/\\\/dualgree.com.br\\\/loja\\\/#website\"},\"primaryImageOfPage\":{\"@id\":\"https:\\\/\\\/dualgree.com.br\\\/loja\\\/produto\\\/4765-turbina-evaporadora-lg-dual-inverter-s3nw09aa31-535x94\\\/#primaryimage\"},\"image\":{\"@id\":\"https:\\\/\\\/dualgree.com.br\\\/loja\\\/produto\\\/4765-turbina-evaporadora-lg-dual-inverter-s3nw09aa31-535x94\\\/#primaryimage\"},\"thumbnailUrl\":\"https:\\\/\\\/dualgree.com.br\\\/loja\\\/wp-content\\\/uploads\\\/2025\\\/05\\\/15348292773-4765-turbina-evaporadora-lg-dual-inverter-s3nw09aa31c-adp741334.webp\",\"datePublished\":\"2025-05-16T16:44:24+00:00\",\"dateModified\":\"2025-05-19T12:04:42+00:00\",\"breadcrumb\":{\"@id\":\"https:\\\/\\\/dualgree.com.br\\\/loja\\\/produto\\\/4765-turbina-evaporadora-lg-dual-inverter-s3nw09aa31-535x94\\\/#breadcrumb\"},\"inLanguage\":\"pt-BR\",\"potentialAction\":[{\"@type\":\"ReadAction\",\"target\":[\"https:\\\/\\\/dualgree.com.br\\\/loja\\\/produto\\\/4765-turbina-evaporadora-lg-dual-inverter-s3nw09aa31-535x94\\\/\"]}]},{\"@type\":\"ImageObject\",\"inLanguage\":\"pt-BR\",\"@id\":\"https:\\\/\\\/dualgree.com.br\\\/loja\\\/produto\\\/4765-turbina-evaporadora-lg-dual-inverter-s3nw09aa31-535x94\\\/#primaryimage\",\"url\":\"https:\\\/\\\/dualgree.com.br\\\/loja\\\/wp-content\\\/uploads\\\/2025\\\/05\\\/15348292773-4765-turbina-evaporadora-lg-dual-inverter-s3nw09aa31c-adp741334.webp\",\"contentUrl\":\"https:\\\/\\\/dualgree.com.br\\\/loja\\\/wp-content\\\/uploads\\\/2025\\\/05\\\/15348292773-4765-turbina-evaporadora-lg-dual-inverter-s3nw09aa31c-adp741334.webp\",\"width\":182,\"height\":800},{\"@type\":\"BreadcrumbList\",\"@id\":\"https:\\\/\\\/dualgree.com.br\\\/loja\\\/produto\\\/4765-turbina-evaporadora-lg-dual-inverter-s3nw09aa31-535x94\\\/#breadcrumb\",\"itemListElement\":[{\"@type\":\"ListItem\",\"position\":1,\"name\":\"In\u00edcio\",\"item\":\"https:\\\/\\\/dualgree.com.br\\\/loja\\\/\"},{\"@type\":\"ListItem\",\"position\":2,\"name\":\"Loja &#8211; Cat\u00e1logo de Pe\u00e7as\",\"item\":\"https:\\\/\\\/dualgree.com.br\\\/loja\\\/\"},{\"@type\":\"ListItem\",\"position\":3,\"name\":\"4765 &#8211; Turbina Evaporadora lg dual inverter S3Nw09aa31...\"}]},{\"@type\":\"WebSite\",\"@id\":\"https:\\\/\\\/dualgree.com.br\\\/loja\\\/#website\",\"url\":\"https:\\\/\\\/dualgree.com.br\\\/loja\\\/\",\"name\":\"Loja - Dual Gree Servi\u00e7os | Partes e Pe\u00e7as\",\"description\":\"Catalogo de Pe\u00e7as para ar condicionado\",\"publisher\":{\"@id\":\"https:\\\/\\\/dualgree.com.br\\\/loja\\\/#organization\"},\"potentialAction\":[{\"@type\":\"SearchAction\",\"target\":{\"@type\":\"EntryPoint\",\"urlTemplate\":\"https:\\\/\\\/dualgree.com.br\\\/loja\\\/?s={search_term_string}\"},\"query-input\":{\"@type\":\"PropertyValueSpecification\",\"valueRequired\":true,\"valueName\":\"search_term_string\"}}],\"inLanguage\":\"pt-BR\"},{\"@type\":\"Organization\",\"@id\":\"https:\\\/\\\/dualgree.com.br\\\/loja\\\/#organization\",\"name\":\"Loja Dual Gree Servi\u00e7o\",\"url\":\"https:\\\/\\\/dualgree.com.br\\\/loja\\\/\",\"logo\":{\"@type\":\"ImageObject\",\"inLanguage\":\"pt-BR\",\"@id\":\"https:\\\/\\\/dualgree.com.br\\\/loja\\\/#\\\/schema\\\/logo\\\/image\\\/\",\"url\":\"https:\\\/\\\/dualgree.com.br\\\/loja\\\/wp-content\\\/uploads\\\/2024\\\/09\\\/teste-logo-ecommerce-dual-1-e1725909304971.png\",\"contentUrl\":\"https:\\\/\\\/dualgree.com.br\\\/loja\\\/wp-content\\\/uploads\\\/2024\\\/09\\\/teste-logo-ecommerce-dual-1-e1725909304971.png\",\"width\":470,\"height\":157,\"caption\":\"Loja Dual Gree Servi\u00e7o\"},\"image\":{\"@id\":\"https:\\\/\\\/dualgree.com.br\\\/loja\\\/#\\\/schema\\\/logo\\\/image\\\/\"}}]}<\/script>\n<!-- \/ Yoast SEO plugin. -->","yoast_head_json":{"title":"4765 - Turbina Evaporadora lg dual inverter S3Nw09aa31 - 535x94 - Loja - Dual Gree Servi\u00e7os | Pe\u00e7as","robots":{"index":"index","follow":"follow","max-snippet":"max-snippet:-1","max-image-preview":"max-image-preview:large","max-video-preview":"max-video-preview:-1"},"canonical":"https:\/\/dualgree.com.br\/loja\/produto\/4765-turbina-evaporadora-lg-dual-inverter-s3nw09aa31-535x94\/","og_locale":"pt_BR","og_type":"article","og_title":"4765 - Turbina Evaporadora lg dual inverter S3Nw09aa31 - 535x94 - Loja - Dual Gree Servi\u00e7os | Pe\u00e7as","og_description":"4765 &#8211; Turbina Evaporadora lg dual inverter S3Nw09aa31c \u00a0 Usada: sem quebras seminova \u00a0 Turbina Evaporadora lg dual inverter S3Nw09aa31A \u00a0 Comprimento 53,5 largura 9,4 \u00a0 CODIGOS \u00a0 ADP741334 02 \u00a0 ADP739535 09 \u00a0 MODELOS \u00a0 S3NQ09AA31A \u00a0 S3NQ09AAQAL \u00a0 S3NW09AA31C \u00a0 S4NQ09AA31A \u00a0 S4NQ09AA31B \u00a0 S4NQ09AA31C \u00a0 S4NW09AA31A \u00a0 S4NW09AA31B \u00a0 S4NW09AA3XA \u00a0 S4NW09AA3XB","og_url":"https:\/\/dualgree.com.br\/loja\/produto\/4765-turbina-evaporadora-lg-dual-inverter-s3nw09aa31-535x94\/","og_site_name":"Loja - Dual Gree Servi\u00e7os | Pe\u00e7as","article_modified_time":"2025-05-19T12:04:42+00:00","twitter_card":"summary_large_image","schema":{"@context":"https:\/\/schema.org","@graph":[{"@type":"WebPage","@id":"https:\/\/dualgree.com.br\/loja\/produto\/4765-turbina-evaporadora-lg-dual-inverter-s3nw09aa31-535x94\/","url":"https:\/\/dualgree.com.br\/loja\/produto\/4765-turbina-evaporadora-lg-dual-inverter-s3nw09aa31-535x94\/","name":"4765 - Turbina Evaporadora lg dual inverter S3Nw09aa31 - 535x94 - Loja - Dual Gree Servi\u00e7os | Pe\u00e7as","isPartOf":{"@id":"https:\/\/dualgree.com.br\/loja\/#website"},"primaryImageOfPage":{"@id":"https:\/\/dualgree.com.br\/loja\/produto\/4765-turbina-evaporadora-lg-dual-inverter-s3nw09aa31-535x94\/#primaryimage"},"image":{"@id":"https:\/\/dualgree.com.br\/loja\/produto\/4765-turbina-evaporadora-lg-dual-inverter-s3nw09aa31-535x94\/#primaryimage"},"thumbnailUrl":"https:\/\/dualgree.com.br\/loja\/wp-content\/uploads\/2025\/05\/15348292773-4765-turbina-evaporadora-lg-dual-inverter-s3nw09aa31c-adp741334.webp","datePublished":"2025-05-16T16:44:24+00:00","dateModified":"2025-05-19T12:04:42+00:00","breadcrumb":{"@id":"https:\/\/dualgree.com.br\/loja\/produto\/4765-turbina-evaporadora-lg-dual-inverter-s3nw09aa31-535x94\/#breadcrumb"},"inLanguage":"pt-BR","potentialAction":[{"@type":"ReadAction","target":["https:\/\/dualgree.com.br\/loja\/produto\/4765-turbina-evaporadora-lg-dual-inverter-s3nw09aa31-535x94\/"]}]},{"@type":"ImageObject","inLanguage":"pt-BR","@id":"https:\/\/dualgree.com.br\/loja\/produto\/4765-turbina-evaporadora-lg-dual-inverter-s3nw09aa31-535x94\/#primaryimage","url":"https:\/\/dualgree.com.br\/loja\/wp-content\/uploads\/2025\/05\/15348292773-4765-turbina-evaporadora-lg-dual-inverter-s3nw09aa31c-adp741334.webp","contentUrl":"https:\/\/dualgree.com.br\/loja\/wp-content\/uploads\/2025\/05\/15348292773-4765-turbina-evaporadora-lg-dual-inverter-s3nw09aa31c-adp741334.webp","width":182,"height":800},{"@type":"BreadcrumbList","@id":"https:\/\/dualgree.com.br\/loja\/produto\/4765-turbina-evaporadora-lg-dual-inverter-s3nw09aa31-535x94\/#breadcrumb","itemListElement":[{"@type":"ListItem","position":1,"name":"In\u00edcio","item":"https:\/\/dualgree.com.br\/loja\/"},{"@type":"ListItem","position":2,"name":"Loja &#8211; Cat\u00e1logo de Pe\u00e7as","item":"https:\/\/dualgree.com.br\/loja\/"},{"@type":"ListItem","position":3,"name":"4765 &#8211; Turbina Evaporadora lg dual inverter S3Nw09aa31..."}]},{"@type":"WebSite","@id":"https:\/\/dualgree.com.br\/loja\/#website","url":"https:\/\/dualgree.com.br\/loja\/","name":"Loja - Dual Gree Servi\u00e7os | Partes e Pe\u00e7as","description":"Catalogo de Pe\u00e7as para ar condicionado","publisher":{"@id":"https:\/\/dualgree.com.br\/loja\/#organization"},"potentialAction":[{"@type":"SearchAction","target":{"@type":"EntryPoint","urlTemplate":"https:\/\/dualgree.com.br\/loja\/?s={search_term_string}"},"query-input":{"@type":"PropertyValueSpecification","valueRequired":true,"valueName":"search_term_string"}}],"inLanguage":"pt-BR"},{"@type":"Organization","@id":"https:\/\/dualgree.com.br\/loja\/#organization","name":"Loja Dual Gree Servi\u00e7o","url":"https:\/\/dualgree.com.br\/loja\/","logo":{"@type":"ImageObject","inLanguage":"pt-BR","@id":"https:\/\/dualgree.com.br\/loja\/#\/schema\/logo\/image\/","url":"https:\/\/dualgree.com.br\/loja\/wp-content\/uploads\/2024\/09\/teste-logo-ecommerce-dual-1-e1725909304971.png","contentUrl":"https:\/\/dualgree.com.br\/loja\/wp-content\/uploads\/2024\/09\/teste-logo-ecommerce-dual-1-e1725909304971.png","width":470,"height":157,"caption":"Loja Dual Gree Servi\u00e7o"},"image":{"@id":"https:\/\/dualgree.com.br\/loja\/#\/schema\/logo\/image\/"}}]}},"jetpack_publicize_connections":[],"jetpack_sharing_enabled":true,"jetpack_likes_enabled":true,"_links":{"self":[{"href":"https:\/\/dualgree.com.br\/loja\/wp-json\/wp\/v2\/product\/9526","targetHints":{"allow":["GET"]}}],"collection":[{"href":"https:\/\/dualgree.com.br\/loja\/wp-json\/wp\/v2\/product"}],"about":[{"href":"https:\/\/dualgree.com.br\/loja\/wp-json\/wp\/v2\/types\/product"}],"replies":[{"embeddable":true,"href":"https:\/\/dualgree.com.br\/loja\/wp-json\/wp\/v2\/comments?post=9526"}],"wp:featuredmedia":[{"embeddable":true,"href":"https:\/\/dualgree.com.br\/loja\/wp-json\/wp\/v2\/media\/9523"}],"wp:attachment":[{"href":"https:\/\/dualgree.com.br\/loja\/wp-json\/wp\/v2\/media?parent=9526"}],"wp:term":[{"taxonomy":"product_brand","embeddable":true,"href":"https:\/\/dualgree.com.br\/loja\/wp-json\/wp\/v2\/product_brand?post=9526"},{"taxonomy":"product_cat","embeddable":true,"href":"https:\/\/dualgree.com.br\/loja\/wp-json\/wp\/v2\/product_cat?post=9526"},{"taxonomy":"product_tag","embeddable":true,"href":"https:\/\/dualgree.com.br\/loja\/wp-json\/wp\/v2\/product_tag?post=9526"}],"curies":[{"name":"wp","href":"https:\/\/api.w.org\/{rel}","templated":true}]}}