{"id":9666,"date":"2025-05-27T13:00:01","date_gmt":"2025-05-27T13:00:01","guid":{"rendered":"https:\/\/dualgree.com.br\/loja\/produto\/controle-remoto-quente-frio-ar-condicionado-consul-cbu12dbbna\/"},"modified":"2025-12-04T12:24:58","modified_gmt":"2025-12-04T12:24:58","slug":"controle-remoto-quente-frio-ar-condicionado-consul-cbu12dbbna","status":"publish","type":"product","link":"https:\/\/dualgree.com.br\/loja\/produto\/controle-remoto-quente-frio-ar-condicionado-consul-cbu12dbbna\/","title":{"rendered":"Controle remoto quente frio- Ar condicionado Consul CBU12DBB..."},"content":{"rendered":"<p>IC2407 &#8211; Controle Remoto para ar condicionado split Consul quente e frio com suporte<\/p>\n<p>\u00a0<\/p>\n<p>codigos dos controles.<\/p>\n<p>DG11G3-01 (WLP).<\/p>\n<p>W10728917.<\/p>\n<p>\u00a0<\/p>\n<p>\u00a0<\/p>\n<p>CBU07DBBNA.<\/p>\n<p>CBU09DBBNA.<\/p>\n<p>CBU12DBBNA.<\/p>\n<p>CBU18DBBNA.<\/p>\n<p>CBU22DBBNA.<\/p>\n<p>\u00a0<\/p>\n<p>CBU07BBBNA.<\/p>\n<p>CBU09BBBNA.<\/p>\n<p>CBU12BBBNA.<\/p>\n<p>CBU18BBBNA.<\/p>\n<p>CBU22BBBNA.<\/p>\n<p>\u00a0<\/p>\n<p>CBU07CBBNA<\/p>\n<p>CBU09CBBNA<\/p>\n<p>CBU12CBBNA.<\/p>\n<p>CBU18CBBNA.<\/p>\n<p>CBU22CBBNA.<\/p>\n","protected":false},"excerpt":{"rendered":"<p>IC2407 &#8211; Controle Remoto para ar condicionado split Consul quente e frio com suporte \u00a0 codigos dos controles. DG11G3-01 (WLP). W10728917. \u00a0 \u00a0 CBU07DBBNA. CBU09DBBNA. CBU12DBBNA. CBU18DBBNA. CBU22DBBNA. \u00a0 CBU07BBBNA. CBU09BBBNA. CBU12BBBNA. CBU18BBBNA. CBU22BBBNA. \u00a0 CBU07CBBNA CBU09CBBNA CBU12CBBNA. CBU18CBBNA. CBU22CBBNA.<\/p>\n","protected":false},"featured_media":9665,"comment_status":"open","ping_status":"closed","template":"","meta":{"_kadence_starter_templates_imported_post":false,"_kad_post_transparent":"","_kad_post_title":"","_kad_post_layout":"","_kad_post_sidebar_id":"","_kad_post_content_style":"","_kad_post_vertical_padding":"","_kad_post_feature":"","_kad_post_feature_position":"","_kad_post_header":false,"_kad_post_footer":false,"jetpack_publicize_message":"","jetpack_publicize_feature_enabled":true,"jetpack_social_post_already_shared":false,"jetpack_social_options":{"image_generator_settings":{"template":"highway","default_image_id":0,"font":"","enabled":false},"version":2}},"product_brand":[],"product_cat":[171,240],"product_tag":[],"class_list":{"0":"post-9666","1":"product","2":"type-product","3":"status-publish","4":"has-post-thumbnail","6":"product_cat-consul","7":"product_cat-controle-remoto-split","9":"first","10":"outofstock","11":"shipping-taxable","12":"purchasable","13":"product-type-simple","14":"entry","15":"content-bg","16":"loop-entry"},"yoast_head":"<!-- This site is optimized with the Yoast SEO plugin v27.5 - https:\/\/yoast.com\/product\/yoast-seo-wordpress\/ -->\n<title>Controle remoto quente frio- Ar condicionado Consul CBU12DBBNA - Loja - Dual Gree Servi\u00e7os | Pe\u00e7as<\/title>\n<meta name=\"robots\" content=\"index, follow, max-snippet:-1, max-image-preview:large, max-video-preview:-1\" \/>\n<link rel=\"canonical\" href=\"https:\/\/dualgree.com.br\/loja\/produto\/controle-remoto-quente-frio-ar-condicionado-consul-cbu12dbbna\/\" \/>\n<meta property=\"og:locale\" content=\"pt_BR\" \/>\n<meta property=\"og:type\" content=\"article\" \/>\n<meta property=\"og:title\" content=\"Controle remoto quente frio- Ar condicionado Consul CBU12DBBNA - Loja - Dual Gree Servi\u00e7os | Pe\u00e7as\" \/>\n<meta property=\"og:description\" content=\"IC2407 &#8211; Controle Remoto para ar condicionado split Consul quente e frio com suporte \u00a0 codigos dos controles. DG11G3-01 (WLP). W10728917. \u00a0 \u00a0 CBU07DBBNA. CBU09DBBNA. CBU12DBBNA. CBU18DBBNA. CBU22DBBNA. \u00a0 CBU07BBBNA. CBU09BBBNA. CBU12BBBNA. CBU18BBBNA. CBU22BBBNA. \u00a0 CBU07CBBNA CBU09CBBNA CBU12CBBNA. CBU18CBBNA. CBU22CBBNA.\" \/>\n<meta property=\"og:url\" content=\"https:\/\/dualgree.com.br\/loja\/produto\/controle-remoto-quente-frio-ar-condicionado-consul-cbu12dbbna\/\" \/>\n<meta property=\"og:site_name\" content=\"Loja - Dual Gree Servi\u00e7os | Pe\u00e7as\" \/>\n<meta property=\"article:modified_time\" content=\"2025-12-04T12:24:58+00:00\" \/>\n<meta name=\"twitter:card\" content=\"summary_large_image\" \/>\n<script type=\"application\/ld+json\" class=\"yoast-schema-graph\">{\"@context\":\"https:\\\/\\\/schema.org\",\"@graph\":[{\"@type\":\"WebPage\",\"@id\":\"https:\\\/\\\/dualgree.com.br\\\/loja\\\/produto\\\/controle-remoto-quente-frio-ar-condicionado-consul-cbu12dbbna\\\/\",\"url\":\"https:\\\/\\\/dualgree.com.br\\\/loja\\\/produto\\\/controle-remoto-quente-frio-ar-condicionado-consul-cbu12dbbna\\\/\",\"name\":\"Controle remoto quente frio- Ar condicionado Consul CBU12DBBNA - Loja - Dual Gree Servi\u00e7os | Pe\u00e7as\",\"isPartOf\":{\"@id\":\"https:\\\/\\\/dualgree.com.br\\\/loja\\\/#website\"},\"primaryImageOfPage\":{\"@id\":\"https:\\\/\\\/dualgree.com.br\\\/loja\\\/produto\\\/controle-remoto-quente-frio-ar-condicionado-consul-cbu12dbbna\\\/#primaryimage\"},\"image\":{\"@id\":\"https:\\\/\\\/dualgree.com.br\\\/loja\\\/produto\\\/controle-remoto-quente-frio-ar-condicionado-consul-cbu12dbbna\\\/#primaryimage\"},\"thumbnailUrl\":\"https:\\\/\\\/dualgree.com.br\\\/loja\\\/wp-content\\\/uploads\\\/2025\\\/05\\\/15350751644-2407-controle-remoto-01-consul-cbu12dbbna.webp\",\"datePublished\":\"2025-05-27T13:00:01+00:00\",\"dateModified\":\"2025-12-04T12:24:58+00:00\",\"breadcrumb\":{\"@id\":\"https:\\\/\\\/dualgree.com.br\\\/loja\\\/produto\\\/controle-remoto-quente-frio-ar-condicionado-consul-cbu12dbbna\\\/#breadcrumb\"},\"inLanguage\":\"pt-BR\",\"potentialAction\":[{\"@type\":\"ReadAction\",\"target\":[\"https:\\\/\\\/dualgree.com.br\\\/loja\\\/produto\\\/controle-remoto-quente-frio-ar-condicionado-consul-cbu12dbbna\\\/\"]}]},{\"@type\":\"ImageObject\",\"inLanguage\":\"pt-BR\",\"@id\":\"https:\\\/\\\/dualgree.com.br\\\/loja\\\/produto\\\/controle-remoto-quente-frio-ar-condicionado-consul-cbu12dbbna\\\/#primaryimage\",\"url\":\"https:\\\/\\\/dualgree.com.br\\\/loja\\\/wp-content\\\/uploads\\\/2025\\\/05\\\/15350751644-2407-controle-remoto-01-consul-cbu12dbbna.webp\",\"contentUrl\":\"https:\\\/\\\/dualgree.com.br\\\/loja\\\/wp-content\\\/uploads\\\/2025\\\/05\\\/15350751644-2407-controle-remoto-01-consul-cbu12dbbna.webp\",\"width\":1200,\"height\":1200},{\"@type\":\"BreadcrumbList\",\"@id\":\"https:\\\/\\\/dualgree.com.br\\\/loja\\\/produto\\\/controle-remoto-quente-frio-ar-condicionado-consul-cbu12dbbna\\\/#breadcrumb\",\"itemListElement\":[{\"@type\":\"ListItem\",\"position\":1,\"name\":\"In\u00edcio\",\"item\":\"https:\\\/\\\/dualgree.com.br\\\/loja\\\/\"},{\"@type\":\"ListItem\",\"position\":2,\"name\":\"Loja &#8211; Cat\u00e1logo de Pe\u00e7as\",\"item\":\"https:\\\/\\\/dualgree.com.br\\\/loja\\\/\"},{\"@type\":\"ListItem\",\"position\":3,\"name\":\"Controle remoto quente frio- Ar condicionado Consul CBU12DBB...\"}]},{\"@type\":\"WebSite\",\"@id\":\"https:\\\/\\\/dualgree.com.br\\\/loja\\\/#website\",\"url\":\"https:\\\/\\\/dualgree.com.br\\\/loja\\\/\",\"name\":\"Loja - Dual Gree Servi\u00e7os | Partes e Pe\u00e7as\",\"description\":\"Catalogo de Pe\u00e7as para ar condicionado\",\"publisher\":{\"@id\":\"https:\\\/\\\/dualgree.com.br\\\/loja\\\/#organization\"},\"potentialAction\":[{\"@type\":\"SearchAction\",\"target\":{\"@type\":\"EntryPoint\",\"urlTemplate\":\"https:\\\/\\\/dualgree.com.br\\\/loja\\\/?s={search_term_string}\"},\"query-input\":{\"@type\":\"PropertyValueSpecification\",\"valueRequired\":true,\"valueName\":\"search_term_string\"}}],\"inLanguage\":\"pt-BR\"},{\"@type\":\"Organization\",\"@id\":\"https:\\\/\\\/dualgree.com.br\\\/loja\\\/#organization\",\"name\":\"Loja Dual Gree Servi\u00e7o\",\"url\":\"https:\\\/\\\/dualgree.com.br\\\/loja\\\/\",\"logo\":{\"@type\":\"ImageObject\",\"inLanguage\":\"pt-BR\",\"@id\":\"https:\\\/\\\/dualgree.com.br\\\/loja\\\/#\\\/schema\\\/logo\\\/image\\\/\",\"url\":\"https:\\\/\\\/dualgree.com.br\\\/loja\\\/wp-content\\\/uploads\\\/2024\\\/09\\\/teste-logo-ecommerce-dual-1-e1725909304971.png\",\"contentUrl\":\"https:\\\/\\\/dualgree.com.br\\\/loja\\\/wp-content\\\/uploads\\\/2024\\\/09\\\/teste-logo-ecommerce-dual-1-e1725909304971.png\",\"width\":470,\"height\":157,\"caption\":\"Loja Dual Gree Servi\u00e7o\"},\"image\":{\"@id\":\"https:\\\/\\\/dualgree.com.br\\\/loja\\\/#\\\/schema\\\/logo\\\/image\\\/\"}}]}<\/script>\n<!-- \/ Yoast SEO plugin. -->","yoast_head_json":{"title":"Controle remoto quente frio- Ar condicionado Consul CBU12DBBNA - Loja - Dual Gree Servi\u00e7os | Pe\u00e7as","robots":{"index":"index","follow":"follow","max-snippet":"max-snippet:-1","max-image-preview":"max-image-preview:large","max-video-preview":"max-video-preview:-1"},"canonical":"https:\/\/dualgree.com.br\/loja\/produto\/controle-remoto-quente-frio-ar-condicionado-consul-cbu12dbbna\/","og_locale":"pt_BR","og_type":"article","og_title":"Controle remoto quente frio- Ar condicionado Consul CBU12DBBNA - Loja - Dual Gree Servi\u00e7os | Pe\u00e7as","og_description":"IC2407 &#8211; Controle Remoto para ar condicionado split Consul quente e frio com suporte \u00a0 codigos dos controles. DG11G3-01 (WLP). W10728917. \u00a0 \u00a0 CBU07DBBNA. CBU09DBBNA. CBU12DBBNA. CBU18DBBNA. CBU22DBBNA. \u00a0 CBU07BBBNA. CBU09BBBNA. CBU12BBBNA. CBU18BBBNA. CBU22BBBNA. \u00a0 CBU07CBBNA CBU09CBBNA CBU12CBBNA. CBU18CBBNA. CBU22CBBNA.","og_url":"https:\/\/dualgree.com.br\/loja\/produto\/controle-remoto-quente-frio-ar-condicionado-consul-cbu12dbbna\/","og_site_name":"Loja - Dual Gree Servi\u00e7os | Pe\u00e7as","article_modified_time":"2025-12-04T12:24:58+00:00","twitter_card":"summary_large_image","schema":{"@context":"https:\/\/schema.org","@graph":[{"@type":"WebPage","@id":"https:\/\/dualgree.com.br\/loja\/produto\/controle-remoto-quente-frio-ar-condicionado-consul-cbu12dbbna\/","url":"https:\/\/dualgree.com.br\/loja\/produto\/controle-remoto-quente-frio-ar-condicionado-consul-cbu12dbbna\/","name":"Controle remoto quente frio- Ar condicionado Consul CBU12DBBNA - Loja - Dual Gree Servi\u00e7os | Pe\u00e7as","isPartOf":{"@id":"https:\/\/dualgree.com.br\/loja\/#website"},"primaryImageOfPage":{"@id":"https:\/\/dualgree.com.br\/loja\/produto\/controle-remoto-quente-frio-ar-condicionado-consul-cbu12dbbna\/#primaryimage"},"image":{"@id":"https:\/\/dualgree.com.br\/loja\/produto\/controle-remoto-quente-frio-ar-condicionado-consul-cbu12dbbna\/#primaryimage"},"thumbnailUrl":"https:\/\/dualgree.com.br\/loja\/wp-content\/uploads\/2025\/05\/15350751644-2407-controle-remoto-01-consul-cbu12dbbna.webp","datePublished":"2025-05-27T13:00:01+00:00","dateModified":"2025-12-04T12:24:58+00:00","breadcrumb":{"@id":"https:\/\/dualgree.com.br\/loja\/produto\/controle-remoto-quente-frio-ar-condicionado-consul-cbu12dbbna\/#breadcrumb"},"inLanguage":"pt-BR","potentialAction":[{"@type":"ReadAction","target":["https:\/\/dualgree.com.br\/loja\/produto\/controle-remoto-quente-frio-ar-condicionado-consul-cbu12dbbna\/"]}]},{"@type":"ImageObject","inLanguage":"pt-BR","@id":"https:\/\/dualgree.com.br\/loja\/produto\/controle-remoto-quente-frio-ar-condicionado-consul-cbu12dbbna\/#primaryimage","url":"https:\/\/dualgree.com.br\/loja\/wp-content\/uploads\/2025\/05\/15350751644-2407-controle-remoto-01-consul-cbu12dbbna.webp","contentUrl":"https:\/\/dualgree.com.br\/loja\/wp-content\/uploads\/2025\/05\/15350751644-2407-controle-remoto-01-consul-cbu12dbbna.webp","width":1200,"height":1200},{"@type":"BreadcrumbList","@id":"https:\/\/dualgree.com.br\/loja\/produto\/controle-remoto-quente-frio-ar-condicionado-consul-cbu12dbbna\/#breadcrumb","itemListElement":[{"@type":"ListItem","position":1,"name":"In\u00edcio","item":"https:\/\/dualgree.com.br\/loja\/"},{"@type":"ListItem","position":2,"name":"Loja &#8211; Cat\u00e1logo de Pe\u00e7as","item":"https:\/\/dualgree.com.br\/loja\/"},{"@type":"ListItem","position":3,"name":"Controle remoto quente frio- Ar condicionado Consul CBU12DBB..."}]},{"@type":"WebSite","@id":"https:\/\/dualgree.com.br\/loja\/#website","url":"https:\/\/dualgree.com.br\/loja\/","name":"Loja - Dual Gree Servi\u00e7os | Partes e Pe\u00e7as","description":"Catalogo de Pe\u00e7as para ar condicionado","publisher":{"@id":"https:\/\/dualgree.com.br\/loja\/#organization"},"potentialAction":[{"@type":"SearchAction","target":{"@type":"EntryPoint","urlTemplate":"https:\/\/dualgree.com.br\/loja\/?s={search_term_string}"},"query-input":{"@type":"PropertyValueSpecification","valueRequired":true,"valueName":"search_term_string"}}],"inLanguage":"pt-BR"},{"@type":"Organization","@id":"https:\/\/dualgree.com.br\/loja\/#organization","name":"Loja Dual Gree Servi\u00e7o","url":"https:\/\/dualgree.com.br\/loja\/","logo":{"@type":"ImageObject","inLanguage":"pt-BR","@id":"https:\/\/dualgree.com.br\/loja\/#\/schema\/logo\/image\/","url":"https:\/\/dualgree.com.br\/loja\/wp-content\/uploads\/2024\/09\/teste-logo-ecommerce-dual-1-e1725909304971.png","contentUrl":"https:\/\/dualgree.com.br\/loja\/wp-content\/uploads\/2024\/09\/teste-logo-ecommerce-dual-1-e1725909304971.png","width":470,"height":157,"caption":"Loja Dual Gree Servi\u00e7o"},"image":{"@id":"https:\/\/dualgree.com.br\/loja\/#\/schema\/logo\/image\/"}}]}},"jetpack_publicize_connections":[],"jetpack_sharing_enabled":true,"jetpack_likes_enabled":true,"_links":{"self":[{"href":"https:\/\/dualgree.com.br\/loja\/wp-json\/wp\/v2\/product\/9666","targetHints":{"allow":["GET"]}}],"collection":[{"href":"https:\/\/dualgree.com.br\/loja\/wp-json\/wp\/v2\/product"}],"about":[{"href":"https:\/\/dualgree.com.br\/loja\/wp-json\/wp\/v2\/types\/product"}],"replies":[{"embeddable":true,"href":"https:\/\/dualgree.com.br\/loja\/wp-json\/wp\/v2\/comments?post=9666"}],"wp:featuredmedia":[{"embeddable":true,"href":"https:\/\/dualgree.com.br\/loja\/wp-json\/wp\/v2\/media\/9665"}],"wp:attachment":[{"href":"https:\/\/dualgree.com.br\/loja\/wp-json\/wp\/v2\/media?parent=9666"}],"wp:term":[{"taxonomy":"product_brand","embeddable":true,"href":"https:\/\/dualgree.com.br\/loja\/wp-json\/wp\/v2\/product_brand?post=9666"},{"taxonomy":"product_cat","embeddable":true,"href":"https:\/\/dualgree.com.br\/loja\/wp-json\/wp\/v2\/product_cat?post=9666"},{"taxonomy":"product_tag","embeddable":true,"href":"https:\/\/dualgree.com.br\/loja\/wp-json\/wp\/v2\/product_tag?post=9666"}],"curies":[{"name":"wp","href":"https:\/\/api.w.org\/{rel}","templated":true}]}}